{"id":32065,"date":"2024-11-30T14:33:22","date_gmt":"2024-11-30T14:33:22","guid":{"rendered":"https:\/\/lescollectionsprivees.com\/?post_type=product&#038;p=32065"},"modified":"2025-12-03T10:32:22","modified_gmt":"2025-12-03T10:32:22","slug":"dark-aoud-maison-alhambra","status":"publish","type":"product","link":"https:\/\/lescollectionsprivees.com\/es\/parfum\/dark-aoud-maison-alhambra\/","title":{"rendered":"Agua de perfume Dark Aoud 80ml - Maison Alhambra"},"content":{"rendered":"<p>D\u00e9jese hechizar por <strong>Dark Aoud Casa Alhambra<\/strong>a <strong>fragancia oriental<\/strong> disponible exclusivamente en Les Collections Priv\u00e9es. Es para ti si, y solo si, te gustan las fragancias poco habituales.<\/p>\n<h2><strong>Dark Aoud Maison Alhambra: una adici\u00f3n de maderas preciosas<\/strong><\/h2>\n<p>Desde el primer momento, notar\u00e1 de inmediato la<strong>oud<\/strong>que no es otra que la nota emblem\u00e1tica del <strong>fragancias orientales<\/strong>. Su intensidad y profundidad lo hacen muy diferente. Algunos pueden encontrarlo potente al principio. Pero espere a descubrir el resto de esta partitura olfativa...<\/p>\n<p>Despu\u00e9s de unos minutos, la fragancia se suaviza gracias al <a href=\"https:\/\/lescollectionsprivees.com\/es\/fragancia\/eau-de-parfum-de-sandalo-de-sillage-dorient\/\"><strong>madera<\/strong><strong> s\u00e1ndalo<\/strong><\/a>. Aqu\u00ed es donde la cosa se pone realmente interesante. Conservas la fuerza del principio, pero envuelta en un velo m\u00e1s suave y confortable. M\u00e1s adelante, descubrir\u00e1s otras facetas. Visite <strong>madera de agar de Camboya<\/strong> a\u00f1ade un ligero toque ahumado, mientras que el<strong>madera de \u00e1mbar<\/strong> a\u00f1ade un calor agradable y duradero. As\u00ed no tendr\u00e1s que volver a fumar cada dos horas.<\/p>\n<h3><strong>Dark Aoud Maison Alhambra: una fragancia nada discreta<\/strong><\/h3>\n<p>Claramente no es una fragancia para todo uso. \u00bfPrefiere la discreci\u00f3n? Entonces no se moleste. En cambio, si le gusta destacar sin dejar de ser elegante, podr\u00eda convertirse en su fragancia de cabecera. Acu\u00e9rdate de aplicarlo donde tu piel est\u00e9 m\u00e1s caliente, es decir, en los puntos de pulso. La fragancia se desarrollar\u00e1 mejor y te acompa\u00f1ar\u00e1 todo el d\u00eda.<\/p>\n<p>Maison Alhambra ha creado una obra maestra olfativa \u00fanica. Una fragancia original, pero no inusual. Para los amantes de <strong>fragancias amaderadas<\/strong> con car\u00e1cter, \u00a1ya sabes lo que tienes que hacer! \u00bfQui\u00e9n mejor que un <strong>casa de perfumes orientales<\/strong> para crear una fragancia con car\u00e1cter.<\/p>\n<h3><strong>Un s\u00edmbolo de la perfumer\u00eda oriental<\/strong><\/h3>\n<p>La composici\u00f3n de Dark Aoud Maison Alhambra incluye emblemas de la perfumer\u00eda de Dubai. De hecho, el Oud y las maderas de esta partitura se pueden encontrar en la mayor\u00eda de los perfumes de Dubai. <strong>fragancias de Dubai<\/strong>. Por ello, son las favoritas de los fans de <strong>Fragancias \u00e1rabes<\/strong>.<\/p>","protected":false},"excerpt":{"rendered":"<p><strong>Notas olfativas :<\/strong><\/p>\n<p><strong>Notas altas<\/strong> Oud<br \/>\n<strong>Notas de coraz\u00f3n<\/strong> S\u00e1ndalo<br \/>\n<strong>Notas de fondo<\/strong> Oud, madera de agar de Camboya y madera de \u00e1mbar.<\/p>\n<p><strong>Tipo<\/strong> Mixto.<\/p>","protected":false},"featured_media":32066,"template":"","meta":[],"product_brand":[],"product_cat":[262,201,202,238,15],"product_tag":[],"class_list":{"0":"post-32065","1":"product","2":"type-product","3":"status-publish","4":"has-post-thumbnail","6":"product_cat-maison-alhambra","7":"product_cat-parfum-femme","8":"product_cat-parfum-homme","9":"product_cat-parfum-oud","10":"product_cat-parfums-de-dubai","12":"first","13":"instock","14":"taxable","15":"shipping-taxable","16":"purchasable","17":"product-type-simple"},"yoast_head":"<!-- This site is optimized with the Yoast SEO plugin v27.5 - https:\/\/yoast.com\/product\/yoast-seo-wordpress\/ -->\n<title>Dark Aoud | Fragrance pour homme et femme | Maison Alhambra<\/title>\n<meta name=\"description\" content=\"Laissez-vous envo\u00fbter par Dark Aoud Maison Alhambra, un parfum oriental disponible en exclusivit\u00e9 chez Les Collections Priv\u00e9es.\" \/>\n<meta name=\"robots\" content=\"index, follow, max-snippet:-1, max-image-preview:large, max-video-preview:-1\" \/>\n<link rel=\"canonical\" href=\"https:\/\/lescollectionsprivees.com\/es\/fragancia\/dark-aoud-maison-alhambra\/\" \/>\n<meta property=\"og:locale\" content=\"es_ES\" \/>\n<meta property=\"og:type\" content=\"article\" \/>\n<meta property=\"og:title\" content=\"Dark Aoud | Fragrance pour homme et femme | Maison Alhambra\" \/>\n<meta property=\"og:description\" content=\"Laissez-vous envo\u00fbter par Dark Aoud Maison Alhambra, un parfum oriental disponible en exclusivit\u00e9 chez Les Collections Priv\u00e9es.\" \/>\n<meta property=\"og:url\" content=\"https:\/\/lescollectionsprivees.com\/es\/fragancia\/dark-aoud-maison-alhambra\/\" \/>\n<meta property=\"og:site_name\" content=\"Les Collections Priv\u00e9es\" \/>\n<meta property=\"article:modified_time\" content=\"2025-12-03T10:32:22+00:00\" \/>\n<meta property=\"og:image\" content=\"https:\/\/lescollectionsprivees.com\/wp-content\/uploads\/2024\/11\/dark-aoud-maison-alhambra.jpg\" \/>\n\t<meta property=\"og:image:width\" content=\"600\" \/>\n\t<meta property=\"og:image:height\" content=\"600\" \/>\n\t<meta property=\"og:image:type\" content=\"image\/jpeg\" \/>\n<meta name=\"twitter:card\" content=\"summary_large_image\" \/>\n<meta name=\"twitter:label1\" content=\"Tiempo de lectura\" \/>\n\t<meta name=\"twitter:data1\" content=\"2 minutos\" \/>\n<script type=\"application\/ld+json\" class=\"yoast-schema-graph\">{\"@context\":\"https:\\\/\\\/schema.org\",\"@graph\":[{\"@type\":\"WebPage\",\"@id\":\"https:\\\/\\\/lescollectionsprivees.com\\\/parfum\\\/dark-aoud-maison-alhambra\\\/\",\"url\":\"https:\\\/\\\/lescollectionsprivees.com\\\/parfum\\\/dark-aoud-maison-alhambra\\\/\",\"name\":\"Dark Aoud | Fragrance pour homme et femme | Maison Alhambra\",\"isPartOf\":{\"@id\":\"https:\\\/\\\/lescollectionsprivees.com\\\/#website\"},\"primaryImageOfPage\":{\"@id\":\"https:\\\/\\\/lescollectionsprivees.com\\\/parfum\\\/dark-aoud-maison-alhambra\\\/#primaryimage\"},\"image\":{\"@id\":\"https:\\\/\\\/lescollectionsprivees.com\\\/parfum\\\/dark-aoud-maison-alhambra\\\/#primaryimage\"},\"thumbnailUrl\":\"https:\\\/\\\/lescollectionsprivees.com\\\/wp-content\\\/uploads\\\/2024\\\/11\\\/dark-aoud-maison-alhambra.jpg\",\"datePublished\":\"2024-11-30T14:33:22+00:00\",\"dateModified\":\"2025-12-03T10:32:22+00:00\",\"description\":\"Laissez-vous envo\u00fbter par Dark Aoud Maison Alhambra, un parfum oriental disponible en exclusivit\u00e9 chez Les Collections Priv\u00e9es.\",\"breadcrumb\":{\"@id\":\"https:\\\/\\\/lescollectionsprivees.com\\\/parfum\\\/dark-aoud-maison-alhambra\\\/#breadcrumb\"},\"inLanguage\":\"es\",\"potentialAction\":[{\"@type\":\"ReadAction\",\"target\":[\"https:\\\/\\\/lescollectionsprivees.com\\\/parfum\\\/dark-aoud-maison-alhambra\\\/\"]}]},{\"@type\":\"ImageObject\",\"inLanguage\":\"es\",\"@id\":\"https:\\\/\\\/lescollectionsprivees.com\\\/parfum\\\/dark-aoud-maison-alhambra\\\/#primaryimage\",\"url\":\"https:\\\/\\\/lescollectionsprivees.com\\\/wp-content\\\/uploads\\\/2024\\\/11\\\/dark-aoud-maison-alhambra.jpg\",\"contentUrl\":\"https:\\\/\\\/lescollectionsprivees.com\\\/wp-content\\\/uploads\\\/2024\\\/11\\\/dark-aoud-maison-alhambra.jpg\",\"width\":600,\"height\":600,\"caption\":\"Eau de parfum Dark Aoud 80ml - Maison Alhambra\"},{\"@type\":\"BreadcrumbList\",\"@id\":\"https:\\\/\\\/lescollectionsprivees.com\\\/parfum\\\/dark-aoud-maison-alhambra\\\/#breadcrumb\",\"itemListElement\":[{\"@type\":\"ListItem\",\"position\":1,\"name\":\"Accueil\",\"item\":\"https:\\\/\\\/lescollectionsprivees.com\\\/\"},{\"@type\":\"ListItem\",\"position\":2,\"name\":\"Boutique\",\"item\":\"https:\\\/\\\/lescollectionsprivees.com\\\/boutique\\\/\"},{\"@type\":\"ListItem\",\"position\":3,\"name\":\"Eau de parfum Dark Aoud 80ml &#8211; Maison Alhambra\"}]},{\"@type\":\"WebSite\",\"@id\":\"https:\\\/\\\/lescollectionsprivees.com\\\/#website\",\"url\":\"https:\\\/\\\/lescollectionsprivees.com\\\/\",\"name\":\"Les Collections Priv\u00e9es\",\"description\":\"\",\"publisher\":{\"@id\":\"https:\\\/\\\/lescollectionsprivees.com\\\/#organization\"},\"potentialAction\":[{\"@type\":\"SearchAction\",\"target\":{\"@type\":\"EntryPoint\",\"urlTemplate\":\"https:\\\/\\\/lescollectionsprivees.com\\\/?s={search_term_string}\"},\"query-input\":{\"@type\":\"PropertyValueSpecification\",\"valueRequired\":true,\"valueName\":\"search_term_string\"}}],\"inLanguage\":\"es\"},{\"@type\":\"Organization\",\"@id\":\"https:\\\/\\\/lescollectionsprivees.com\\\/#organization\",\"name\":\"Les Collections Priv\u00e9es\",\"url\":\"https:\\\/\\\/lescollectionsprivees.com\\\/\",\"logo\":{\"@type\":\"ImageObject\",\"inLanguage\":\"es\",\"@id\":\"https:\\\/\\\/lescollectionsprivees.com\\\/#\\\/schema\\\/logo\\\/image\\\/\",\"url\":\"https:\\\/\\\/lescollectionsprivees.com\\\/wp-content\\\/uploads\\\/2020\\\/02\\\/Logo-Les-Collections-Priv\u00e9es-450x450-1.png\",\"contentUrl\":\"https:\\\/\\\/lescollectionsprivees.com\\\/wp-content\\\/uploads\\\/2020\\\/02\\\/Logo-Les-Collections-Priv\u00e9es-450x450-1.png\",\"width\":450,\"height\":450,\"caption\":\"Les Collections Priv\u00e9es\"},\"image\":{\"@id\":\"https:\\\/\\\/lescollectionsprivees.com\\\/#\\\/schema\\\/logo\\\/image\\\/\"}}]}<\/script>\n<!-- \/ Yoast SEO plugin. -->","yoast_head_json":{"title":"Dark Aoud | Fragancia para hombres y mujeres | Maison Alhambra","description":"D\u00e9jese hechizar por Dark Aoud Maison Alhambra, una fragancia oriental disponible exclusivamente en Les Collections Priv\u00e9es.","robots":{"index":"index","follow":"follow","max-snippet":"max-snippet:-1","max-image-preview":"max-image-preview:large","max-video-preview":"max-video-preview:-1"},"canonical":"https:\/\/lescollectionsprivees.com\/es\/fragancia\/dark-aoud-maison-alhambra\/","og_locale":"es_ES","og_type":"article","og_title":"Dark Aoud | Fragrance pour homme et femme | Maison Alhambra","og_description":"Laissez-vous envo\u00fbter par Dark Aoud Maison Alhambra, un parfum oriental disponible en exclusivit\u00e9 chez Les Collections Priv\u00e9es.","og_url":"https:\/\/lescollectionsprivees.com\/es\/fragancia\/dark-aoud-maison-alhambra\/","og_site_name":"Les Collections Priv\u00e9es","article_modified_time":"2025-12-03T10:32:22+00:00","og_image":[{"width":600,"height":600,"url":"https:\/\/lescollectionsprivees.com\/wp-content\/uploads\/2024\/11\/dark-aoud-maison-alhambra.jpg","type":"image\/jpeg"}],"twitter_card":"summary_large_image","twitter_misc":{"Tiempo de lectura":"2 minutos"},"schema":{"@context":"https:\/\/schema.org","@graph":[{"@type":"WebPage","@id":"https:\/\/lescollectionsprivees.com\/parfum\/dark-aoud-maison-alhambra\/","url":"https:\/\/lescollectionsprivees.com\/parfum\/dark-aoud-maison-alhambra\/","name":"Dark Aoud | Fragancia para hombres y mujeres | Maison Alhambra","isPartOf":{"@id":"https:\/\/lescollectionsprivees.com\/#website"},"primaryImageOfPage":{"@id":"https:\/\/lescollectionsprivees.com\/parfum\/dark-aoud-maison-alhambra\/#primaryimage"},"image":{"@id":"https:\/\/lescollectionsprivees.com\/parfum\/dark-aoud-maison-alhambra\/#primaryimage"},"thumbnailUrl":"https:\/\/lescollectionsprivees.com\/wp-content\/uploads\/2024\/11\/dark-aoud-maison-alhambra.jpg","datePublished":"2024-11-30T14:33:22+00:00","dateModified":"2025-12-03T10:32:22+00:00","description":"D\u00e9jese hechizar por Dark Aoud Maison Alhambra, una fragancia oriental disponible exclusivamente en Les Collections Priv\u00e9es.","breadcrumb":{"@id":"https:\/\/lescollectionsprivees.com\/parfum\/dark-aoud-maison-alhambra\/#breadcrumb"},"inLanguage":"es","potentialAction":[{"@type":"ReadAction","target":["https:\/\/lescollectionsprivees.com\/parfum\/dark-aoud-maison-alhambra\/"]}]},{"@type":"ImageObject","inLanguage":"es","@id":"https:\/\/lescollectionsprivees.com\/parfum\/dark-aoud-maison-alhambra\/#primaryimage","url":"https:\/\/lescollectionsprivees.com\/wp-content\/uploads\/2024\/11\/dark-aoud-maison-alhambra.jpg","contentUrl":"https:\/\/lescollectionsprivees.com\/wp-content\/uploads\/2024\/11\/dark-aoud-maison-alhambra.jpg","width":600,"height":600,"caption":"Eau de parfum Dark Aoud 80ml - Maison Alhambra"},{"@type":"BreadcrumbList","@id":"https:\/\/lescollectionsprivees.com\/parfum\/dark-aoud-maison-alhambra\/#breadcrumb","itemListElement":[{"@type":"ListItem","position":1,"name":"Accueil","item":"https:\/\/lescollectionsprivees.com\/"},{"@type":"ListItem","position":2,"name":"Boutique","item":"https:\/\/lescollectionsprivees.com\/boutique\/"},{"@type":"ListItem","position":3,"name":"Eau de parfum Dark Aoud 80ml &#8211; Maison Alhambra"}]},{"@type":"WebSite","@id":"https:\/\/lescollectionsprivees.com\/#website","url":"https:\/\/lescollectionsprivees.com\/","name":"Colecciones privadas","description":"","publisher":{"@id":"https:\/\/lescollectionsprivees.com\/#organization"},"potentialAction":[{"@type":"SearchAction","target":{"@type":"EntryPoint","urlTemplate":"https:\/\/lescollectionsprivees.com\/?s={search_term_string}"},"query-input":{"@type":"PropertyValueSpecification","valueRequired":true,"valueName":"search_term_string"}}],"inLanguage":"es"},{"@type":"Organization","@id":"https:\/\/lescollectionsprivees.com\/#organization","name":"Colecciones privadas","url":"https:\/\/lescollectionsprivees.com\/","logo":{"@type":"ImageObject","inLanguage":"es","@id":"https:\/\/lescollectionsprivees.com\/#\/schema\/logo\/image\/","url":"https:\/\/lescollectionsprivees.com\/wp-content\/uploads\/2020\/02\/Logo-Les-Collections-Priv\u00e9es-450x450-1.png","contentUrl":"https:\/\/lescollectionsprivees.com\/wp-content\/uploads\/2020\/02\/Logo-Les-Collections-Priv\u00e9es-450x450-1.png","width":450,"height":450,"caption":"Les Collections Priv\u00e9es"},"image":{"@id":"https:\/\/lescollectionsprivees.com\/#\/schema\/logo\/image\/"}}]}},"_links":{"self":[{"href":"https:\/\/lescollectionsprivees.com\/es\/wp-json\/wp\/v2\/product\/32065","targetHints":{"allow":["GET"]}}],"collection":[{"href":"https:\/\/lescollectionsprivees.com\/es\/wp-json\/wp\/v2\/product"}],"about":[{"href":"https:\/\/lescollectionsprivees.com\/es\/wp-json\/wp\/v2\/types\/product"}],"wp:featuredmedia":[{"embeddable":true,"href":"https:\/\/lescollectionsprivees.com\/es\/wp-json\/wp\/v2\/media\/32066"}],"wp:attachment":[{"href":"https:\/\/lescollectionsprivees.com\/es\/wp-json\/wp\/v2\/media?parent=32065"}],"wp:term":[{"taxonomy":"product_brand","embeddable":true,"href":"https:\/\/lescollectionsprivees.com\/es\/wp-json\/wp\/v2\/product_brand?post=32065"},{"taxonomy":"product_cat","embeddable":true,"href":"https:\/\/lescollectionsprivees.com\/es\/wp-json\/wp\/v2\/product_cat?post=32065"},{"taxonomy":"product_tag","embeddable":true,"href":"https:\/\/lescollectionsprivees.com\/es\/wp-json\/wp\/v2\/product_tag?post=32065"}],"curies":[{"name":"wp","href":"https:\/\/api.w.org\/{rel}","templated":true}]}}