{"id":32154,"date":"2024-12-05T14:42:01","date_gmt":"2024-12-05T14:42:01","guid":{"rendered":"https:\/\/lescollectionsprivees.com\/?post_type=product&#038;p=32154"},"modified":"2026-03-23T22:36:09","modified_gmt":"2026-03-23T22:36:09","slug":"mayar-cereza-intenso","status":"publish","type":"product","link":"https:\/\/lescollectionsprivees.com\/es\/parfum\/mayar-cherry-intense\/","title":{"rendered":"Eau de parfum Mayar (Cereza intensa) 100ml - Lattafa"},"content":{"rendered":"<p>Con su fragancia hechizante y sus aromas gourmet, <strong>Agua de perfume Mayar Cherry Intense de Lattafa<\/strong>\u00a0destaca como una irresistible fragancia unisex. Pensada para quienes buscan un toque de atrevida elegancia, esta fragancia encarna a la perfecci\u00f3n la armon\u00eda entre el hombre y la mujer. <strong>notas afrutadas<\/strong> y matices m\u00e1s profundos y c\u00e1lidos.<\/p>\n<h2><strong>Eau de Parfum Unisex: una fragancia para hombres y mujeres<\/strong><\/h2>\n<p>Uno de los principales activos de <strong>Agua de perfume Mayar Cherry Intense de Lattafa<\/strong> es su car\u00e1cter <strong>unisex<\/strong>. A diferencia de muchas fragancias que se limitan a un solo g\u00e9nero, esta creaci\u00f3n se dirige tanto a hombres como a mujeres. Esta audaz elecci\u00f3n abre la puerta a una experiencia olfativa rica y variada para todos.<\/p>\n<p>Las fragancias unisex tienen la ventaja de adaptarse a los distintos tipos de piel, adem\u00e1s de su cualidad primordial, que permite a cada uno sentirse \u00fanico compartiendo un aroma com\u00fan. Mayar Cherry Intense no es una excepci\u00f3n y promete una alquimia \u00fanica con cada usuario.<\/p>\n<h2><strong>Fragancia gourmet: la armon\u00eda perfecta de notas afrutadas y c\u00e1lidas<\/strong><\/h2>\n<p>Lo que hace que Lattafa Mayar Cherry Intense sea tan especial es su compleja y elegante composici\u00f3n. Tan pronto como usted toma su primer spritz, usted es saludado por <a href=\"https:\/\/lescollectionsprivees.com\/es\/fragancia\/diwani-beirut-eau-de-parfum\/\"><strong>notas afrutadas<\/strong><\/a> maravillosamente fresco. Estos <strong>notas altas<\/strong> establecen inmediatamente una impresi\u00f3n vibrante y vigorizante, perfecta para captar la atenci\u00f3n y despertar los sentidos.<\/p>\n<p>En <strong>notas de coraz\u00f3n<\/strong> revelan una dimensi\u00f3n adicional de calidez y profundidad. Los matices gourmand toman lentamente el relevo, ofreciendo una transici\u00f3n armoniosa entre la frescura inicial y un ambiente m\u00e1s suave y envolvente.<\/p>\n<h3><strong>Composici\u00f3n de las notas del eau de parfum Mayar Cherry Intense de Lattafa: una estructura compleja y cautivadora<\/strong><\/h3>\n<p>En cada etapa, Mayar Cherry Intense revela diferentes facetas de su personalidad olfativa. He aqu\u00ed c\u00f3mo se descompone esta sinfon\u00eda de aromas:<\/p>\n<ul>\n<li><strong>Notas altas :<\/strong> aportan un frescor inmediato y sorprendente con aromas afrutados y chispeantes.<\/li>\n<li><strong>Notas de coraz\u00f3n :<\/strong> Estos surgen gradualmente, mezclando suavidad y calidez con sutiles toques gourmand.<\/li>\n<li><strong>Notas de fondo :<\/strong> Un acabado complejo y duradero, anclado por acordes profundos que permanecen en la piel, marcando la memoria olfativa.<\/li>\n<\/ul>\n<p>Esta estructura permite que la fragancia evolucione de forma natural y fascinante a lo largo del d\u00eda.<\/p>\n<h2><strong>\u00bfPor qu\u00e9 elegir Lattafa Mayar Cherry Intense?<\/strong><\/h2>\n<p>Elegir Lattafa Mayar Cherry Intense significa elegir una firma olfativa distintiva. Tanto si busca una fragancia que le acompa\u00f1e de la ma\u00f1ana a la noche, como si simplemente desea ampliar su colecci\u00f3n con una pieza \u00fanica, esta eau de parfum cumplir\u00e1 sus expectativas sin dudarlo.<\/p>\n<p>Adem\u00e1s, la originalidad de su composici\u00f3n hace que destaque f\u00e1cilmente en multitud de contextos. Tanto si se trata de un evento formal como de una salida informal, esta fragancia causar\u00e1 una impresi\u00f3n memorable.<\/p>\n<h2><strong>Consejos pr\u00e1cticos para sacar el m\u00e1ximo partido a su eau de parfum Mayar Cherry Intense<\/strong><\/h2>\n<p>Para sacar el m\u00e1ximo partido a su eau de parfum, aqu\u00ed tiene algunos consejos sencillos pero eficaces:<\/p>\n<ol>\n<li>Aplique la fragancia en zonas c\u00e1lidas del cuerpo como las mu\u00f1ecas, el cuello o detr\u00e1s de las orejas. El calor corporal ayudar\u00e1 a difundir la fragancia con mayor intensidad.<\/li>\n<li>Hidratar bien. Una piel bien hidratada retiene mejor la fragancia, por lo que dura m\u00e1s.<\/li>\n<li>Evite frotarse las mu\u00f1ecas despu\u00e9s de aplicar la fragancia, ya que esto puede alterar el desarrollo de las notas.<\/li>\n<\/ol>\n<p>En resumen, elegir <strong>Agua de perfume Mayar Cherry Intense de Lattafa<\/strong>Una fragancia es una obra de perfumer\u00eda en la que cada elemento ha sido meticulosamente pensado y desarrollado, desde la selecci\u00f3n de los ingredientes hasta el dise\u00f1o del frasco.<\/p>\n<p>\u00bfEst\u00e1 preparado para descubrir el asombroso universo olfativo que ofrece esta excepcional eau de parfum? Deje que su presencia se convierta en una aut\u00e9ntica firma gracias al perfecto maridaje de las notas afrutadas y gourmand de <strong>Agua de perfume Mayar Cherry Intense de Lattafa<\/strong>. Convi\u00e9rtalo en su nuevo compa\u00f1ero diario.<\/p>","protected":false},"excerpt":{"rendered":"<p><strong>Notas olfativas :<\/strong><\/p>\n<p><strong>Notas altas<\/strong> fresa, bergamota<br \/>\n<strong>Notas de coraz\u00f3n<\/strong> mermelada de cereza, cacao<br \/>\n<strong>Notas de fondo<\/strong> Vainilla, pachul\u00ed, \u00e1mbar.<\/p>\n<p><strong>Tipo<\/strong> Mixto.<\/p>","protected":false},"featured_media":32155,"template":"","meta":[],"product_brand":[],"product_cat":[227,203,201,202,265,208],"product_tag":[],"class_list":{"0":"post-32154","1":"product","2":"type-product","3":"status-publish","4":"has-post-thumbnail","6":"product_cat-parfum-lattafa","7":"product_cat-parfum-ambre","8":"product_cat-parfum-femme","9":"product_cat-parfum-homme","10":"product_cat-parfum-patchouli","11":"product_cat-parfum-vanille","13":"first","14":"instock","15":"taxable","16":"shipping-taxable","17":"purchasable","18":"product-type-simple"},"yoast_head":"<!-- This site is optimized with the Yoast SEO plugin v27.5 - https:\/\/yoast.com\/product\/yoast-seo-wordpress\/ -->\n<title>Mayar Cherry intense | Fragrance mixte de la collection Lattafa<\/title>\n<meta name=\"description\" content=\"Avec son parfum envo\u00fbtant et ses ar\u00f4mes gourmands, l&#039;eau de parfum Mayar Cherry Intense de Lattafa\u00a0se distingue comme une fragrance unisexe irr\u00e9sistible.\" \/>\n<meta name=\"robots\" content=\"index, follow, max-snippet:-1, max-image-preview:large, max-video-preview:-1\" \/>\n<link rel=\"canonical\" href=\"https:\/\/lescollectionsprivees.com\/es\/fragancia\/mayar-cereza-intenso\/\" \/>\n<meta property=\"og:locale\" content=\"es_ES\" \/>\n<meta property=\"og:type\" content=\"article\" \/>\n<meta property=\"og:title\" content=\"Mayar Cherry intense | Fragrance mixte de la collection Lattafa\" \/>\n<meta property=\"og:description\" content=\"Avec son parfum envo\u00fbtant et ses ar\u00f4mes gourmands, l&#039;eau de parfum Mayar Cherry Intense de Lattafa\u00a0se distingue comme une fragrance unisexe irr\u00e9sistible.\" \/>\n<meta property=\"og:url\" content=\"https:\/\/lescollectionsprivees.com\/es\/fragancia\/mayar-cereza-intenso\/\" \/>\n<meta property=\"og:site_name\" content=\"Les Collections Priv\u00e9es\" \/>\n<meta property=\"article:modified_time\" content=\"2026-03-23T22:36:09+00:00\" \/>\n<meta property=\"og:image\" content=\"https:\/\/lescollectionsprivees.com\/wp-content\/uploads\/2024\/12\/mayar-cherry-intense.jpg\" \/>\n\t<meta property=\"og:image:width\" content=\"600\" \/>\n\t<meta property=\"og:image:height\" content=\"600\" \/>\n\t<meta property=\"og:image:type\" content=\"image\/jpeg\" \/>\n<meta name=\"twitter:card\" content=\"summary_large_image\" \/>\n<meta name=\"twitter:label1\" content=\"Tiempo de lectura\" \/>\n\t<meta name=\"twitter:data1\" content=\"4 minutos\" \/>\n<script type=\"application\/ld+json\" class=\"yoast-schema-graph\">{\"@context\":\"https:\\\/\\\/schema.org\",\"@graph\":[{\"@type\":\"WebPage\",\"@id\":\"https:\\\/\\\/lescollectionsprivees.com\\\/parfum\\\/mayar-cherry-intense\\\/\",\"url\":\"https:\\\/\\\/lescollectionsprivees.com\\\/parfum\\\/mayar-cherry-intense\\\/\",\"name\":\"Mayar Cherry intense | Fragrance mixte de la collection Lattafa\",\"isPartOf\":{\"@id\":\"https:\\\/\\\/lescollectionsprivees.com\\\/#website\"},\"primaryImageOfPage\":{\"@id\":\"https:\\\/\\\/lescollectionsprivees.com\\\/parfum\\\/mayar-cherry-intense\\\/#primaryimage\"},\"image\":{\"@id\":\"https:\\\/\\\/lescollectionsprivees.com\\\/parfum\\\/mayar-cherry-intense\\\/#primaryimage\"},\"thumbnailUrl\":\"https:\\\/\\\/lescollectionsprivees.com\\\/wp-content\\\/uploads\\\/2024\\\/12\\\/mayar-cherry-intense.jpg\",\"datePublished\":\"2024-12-05T14:42:01+00:00\",\"dateModified\":\"2026-03-23T22:36:09+00:00\",\"description\":\"Avec son parfum envo\u00fbtant et ses ar\u00f4mes gourmands, l'eau de parfum Mayar Cherry Intense de Lattafa\u00a0se distingue comme une fragrance unisexe irr\u00e9sistible.\",\"breadcrumb\":{\"@id\":\"https:\\\/\\\/lescollectionsprivees.com\\\/parfum\\\/mayar-cherry-intense\\\/#breadcrumb\"},\"inLanguage\":\"es\",\"potentialAction\":[{\"@type\":\"ReadAction\",\"target\":[\"https:\\\/\\\/lescollectionsprivees.com\\\/parfum\\\/mayar-cherry-intense\\\/\"]}]},{\"@type\":\"ImageObject\",\"inLanguage\":\"es\",\"@id\":\"https:\\\/\\\/lescollectionsprivees.com\\\/parfum\\\/mayar-cherry-intense\\\/#primaryimage\",\"url\":\"https:\\\/\\\/lescollectionsprivees.com\\\/wp-content\\\/uploads\\\/2024\\\/12\\\/mayar-cherry-intense.jpg\",\"contentUrl\":\"https:\\\/\\\/lescollectionsprivees.com\\\/wp-content\\\/uploads\\\/2024\\\/12\\\/mayar-cherry-intense.jpg\",\"width\":600,\"height\":600,\"caption\":\"Eau de parfum Mayar (Cherry intense) 100ml \u2013 Lattafa\"},{\"@type\":\"BreadcrumbList\",\"@id\":\"https:\\\/\\\/lescollectionsprivees.com\\\/parfum\\\/mayar-cherry-intense\\\/#breadcrumb\",\"itemListElement\":[{\"@type\":\"ListItem\",\"position\":1,\"name\":\"Accueil\",\"item\":\"https:\\\/\\\/lescollectionsprivees.com\\\/\"},{\"@type\":\"ListItem\",\"position\":2,\"name\":\"Boutique\",\"item\":\"https:\\\/\\\/lescollectionsprivees.com\\\/boutique\\\/\"},{\"@type\":\"ListItem\",\"position\":3,\"name\":\"Eau de parfum Mayar (Cherry intense) 100ml \u2013 Lattafa\"}]},{\"@type\":\"WebSite\",\"@id\":\"https:\\\/\\\/lescollectionsprivees.com\\\/#website\",\"url\":\"https:\\\/\\\/lescollectionsprivees.com\\\/\",\"name\":\"Les Collections Priv\u00e9es\",\"description\":\"\",\"publisher\":{\"@id\":\"https:\\\/\\\/lescollectionsprivees.com\\\/#organization\"},\"potentialAction\":[{\"@type\":\"SearchAction\",\"target\":{\"@type\":\"EntryPoint\",\"urlTemplate\":\"https:\\\/\\\/lescollectionsprivees.com\\\/?s={search_term_string}\"},\"query-input\":{\"@type\":\"PropertyValueSpecification\",\"valueRequired\":true,\"valueName\":\"search_term_string\"}}],\"inLanguage\":\"es\"},{\"@type\":\"Organization\",\"@id\":\"https:\\\/\\\/lescollectionsprivees.com\\\/#organization\",\"name\":\"Les Collections Priv\u00e9es\",\"url\":\"https:\\\/\\\/lescollectionsprivees.com\\\/\",\"logo\":{\"@type\":\"ImageObject\",\"inLanguage\":\"es\",\"@id\":\"https:\\\/\\\/lescollectionsprivees.com\\\/#\\\/schema\\\/logo\\\/image\\\/\",\"url\":\"https:\\\/\\\/lescollectionsprivees.com\\\/wp-content\\\/uploads\\\/2020\\\/02\\\/Logo-Les-Collections-Priv\u00e9es-450x450-1.png\",\"contentUrl\":\"https:\\\/\\\/lescollectionsprivees.com\\\/wp-content\\\/uploads\\\/2020\\\/02\\\/Logo-Les-Collections-Priv\u00e9es-450x450-1.png\",\"width\":450,\"height\":450,\"caption\":\"Les Collections Priv\u00e9es\"},\"image\":{\"@id\":\"https:\\\/\\\/lescollectionsprivees.com\\\/#\\\/schema\\\/logo\\\/image\\\/\"}}]}<\/script>\n<!-- \/ Yoast SEO plugin. -->","yoast_head_json":{"title":"Mayar Cereza intensa | Fragancia mixta de la colecci\u00f3n Lattafa","description":"Con su fragancia hechizante y sus aromas gourmand, el eau de parfum Mayar Cherry Intense de Lattafa es una fragancia unisex irresistible.","robots":{"index":"index","follow":"follow","max-snippet":"max-snippet:-1","max-image-preview":"max-image-preview:large","max-video-preview":"max-video-preview:-1"},"canonical":"https:\/\/lescollectionsprivees.com\/es\/fragancia\/mayar-cereza-intenso\/","og_locale":"es_ES","og_type":"article","og_title":"Mayar Cherry intense | Fragrance mixte de la collection Lattafa","og_description":"Avec son parfum envo\u00fbtant et ses ar\u00f4mes gourmands, l'eau de parfum Mayar Cherry Intense de Lattafa\u00a0se distingue comme une fragrance unisexe irr\u00e9sistible.","og_url":"https:\/\/lescollectionsprivees.com\/es\/fragancia\/mayar-cereza-intenso\/","og_site_name":"Les Collections Priv\u00e9es","article_modified_time":"2026-03-23T22:36:09+00:00","og_image":[{"width":600,"height":600,"url":"https:\/\/lescollectionsprivees.com\/wp-content\/uploads\/2024\/12\/mayar-cherry-intense.jpg","type":"image\/jpeg"}],"twitter_card":"summary_large_image","twitter_misc":{"Tiempo de lectura":"4 minutos"},"schema":{"@context":"https:\/\/schema.org","@graph":[{"@type":"WebPage","@id":"https:\/\/lescollectionsprivees.com\/parfum\/mayar-cherry-intense\/","url":"https:\/\/lescollectionsprivees.com\/parfum\/mayar-cherry-intense\/","name":"Mayar Cereza intensa | Fragancia mixta de la colecci\u00f3n Lattafa","isPartOf":{"@id":"https:\/\/lescollectionsprivees.com\/#website"},"primaryImageOfPage":{"@id":"https:\/\/lescollectionsprivees.com\/parfum\/mayar-cherry-intense\/#primaryimage"},"image":{"@id":"https:\/\/lescollectionsprivees.com\/parfum\/mayar-cherry-intense\/#primaryimage"},"thumbnailUrl":"https:\/\/lescollectionsprivees.com\/wp-content\/uploads\/2024\/12\/mayar-cherry-intense.jpg","datePublished":"2024-12-05T14:42:01+00:00","dateModified":"2026-03-23T22:36:09+00:00","description":"Con su fragancia hechizante y sus aromas gourmand, el eau de parfum Mayar Cherry Intense de Lattafa es una fragancia unisex irresistible.","breadcrumb":{"@id":"https:\/\/lescollectionsprivees.com\/parfum\/mayar-cherry-intense\/#breadcrumb"},"inLanguage":"es","potentialAction":[{"@type":"ReadAction","target":["https:\/\/lescollectionsprivees.com\/parfum\/mayar-cherry-intense\/"]}]},{"@type":"ImageObject","inLanguage":"es","@id":"https:\/\/lescollectionsprivees.com\/parfum\/mayar-cherry-intense\/#primaryimage","url":"https:\/\/lescollectionsprivees.com\/wp-content\/uploads\/2024\/12\/mayar-cherry-intense.jpg","contentUrl":"https:\/\/lescollectionsprivees.com\/wp-content\/uploads\/2024\/12\/mayar-cherry-intense.jpg","width":600,"height":600,"caption":"Eau de parfum Mayar (Cherry intense) 100ml \u2013 Lattafa"},{"@type":"BreadcrumbList","@id":"https:\/\/lescollectionsprivees.com\/parfum\/mayar-cherry-intense\/#breadcrumb","itemListElement":[{"@type":"ListItem","position":1,"name":"Accueil","item":"https:\/\/lescollectionsprivees.com\/"},{"@type":"ListItem","position":2,"name":"Boutique","item":"https:\/\/lescollectionsprivees.com\/boutique\/"},{"@type":"ListItem","position":3,"name":"Eau de parfum Mayar (Cherry intense) 100ml \u2013 Lattafa"}]},{"@type":"WebSite","@id":"https:\/\/lescollectionsprivees.com\/#website","url":"https:\/\/lescollectionsprivees.com\/","name":"Colecciones privadas","description":"","publisher":{"@id":"https:\/\/lescollectionsprivees.com\/#organization"},"potentialAction":[{"@type":"SearchAction","target":{"@type":"EntryPoint","urlTemplate":"https:\/\/lescollectionsprivees.com\/?s={search_term_string}"},"query-input":{"@type":"PropertyValueSpecification","valueRequired":true,"valueName":"search_term_string"}}],"inLanguage":"es"},{"@type":"Organization","@id":"https:\/\/lescollectionsprivees.com\/#organization","name":"Colecciones privadas","url":"https:\/\/lescollectionsprivees.com\/","logo":{"@type":"ImageObject","inLanguage":"es","@id":"https:\/\/lescollectionsprivees.com\/#\/schema\/logo\/image\/","url":"https:\/\/lescollectionsprivees.com\/wp-content\/uploads\/2020\/02\/Logo-Les-Collections-Priv\u00e9es-450x450-1.png","contentUrl":"https:\/\/lescollectionsprivees.com\/wp-content\/uploads\/2020\/02\/Logo-Les-Collections-Priv\u00e9es-450x450-1.png","width":450,"height":450,"caption":"Les Collections Priv\u00e9es"},"image":{"@id":"https:\/\/lescollectionsprivees.com\/#\/schema\/logo\/image\/"}}]}},"_links":{"self":[{"href":"https:\/\/lescollectionsprivees.com\/es\/wp-json\/wp\/v2\/product\/32154","targetHints":{"allow":["GET"]}}],"collection":[{"href":"https:\/\/lescollectionsprivees.com\/es\/wp-json\/wp\/v2\/product"}],"about":[{"href":"https:\/\/lescollectionsprivees.com\/es\/wp-json\/wp\/v2\/types\/product"}],"wp:featuredmedia":[{"embeddable":true,"href":"https:\/\/lescollectionsprivees.com\/es\/wp-json\/wp\/v2\/media\/32155"}],"wp:attachment":[{"href":"https:\/\/lescollectionsprivees.com\/es\/wp-json\/wp\/v2\/media?parent=32154"}],"wp:term":[{"taxonomy":"product_brand","embeddable":true,"href":"https:\/\/lescollectionsprivees.com\/es\/wp-json\/wp\/v2\/product_brand?post=32154"},{"taxonomy":"product_cat","embeddable":true,"href":"https:\/\/lescollectionsprivees.com\/es\/wp-json\/wp\/v2\/product_cat?post=32154"},{"taxonomy":"product_tag","embeddable":true,"href":"https:\/\/lescollectionsprivees.com\/es\/wp-json\/wp\/v2\/product_tag?post=32154"}],"curies":[{"name":"wp","href":"https:\/\/api.w.org\/{rel}","templated":true}]}}