{"id":32807,"date":"2025-01-12T11:43:08","date_gmt":"2025-01-12T11:43:08","guid":{"rendered":"https:\/\/lescollectionsprivees.com\/?post_type=product&#038;p=32807"},"modified":"2026-02-26T20:53:48","modified_gmt":"2026-02-26T20:53:48","slug":"eau-de-parfum-camaro-homme-intense","status":"publish","type":"product","link":"https:\/\/lescollectionsprivees.com\/es\/parfum\/eau-de-parfum-camaro-homme-intense\/","title":{"rendered":"Camaro Homme Intense Eau de Parfum 100ml - Aromas de Pendora by Paris Corner"},"content":{"rendered":"<p>Camaro Homme Intense es una fragancia masculina profunda y elegante <strong>carism\u00e1tico<\/strong>. En efecto, su conjunto pondr\u00e1 de relieve esta baza. Pero tambi\u00e9n la determinaci\u00f3n y la confianza en s\u00ed mismas de estas personalidades tan especiales. As\u00ed que esta fragancia ser\u00e1 su compa\u00f1era diaria. <strong>ally<\/strong> ineludible.<\/p>\n<h2><strong>Descubra los intensos aromas de Camaro Homme Intense<\/strong><\/h2>\n<p>El viaje olfativo de este elixir ser\u00e1 <strong>inolvidable<\/strong>. Y con raz\u00f3n, su fragancia le pondr\u00e1 en el punto de mira. Y lo har\u00e1 in crescendo. Desde los primeros segundos, la frescura te dominar\u00e1. Ser\u00e1 picante y <strong>espumoso<\/strong>. Pero tambi\u00e9n es herb\u00e1ceo y ligeramente amaderado. Al fin y al cabo, el objetivo del perfumista era inciensar el <strong>masculinidad<\/strong> macho. \u00a1Y es todo un \u00e9xito!<\/p>\n<p>Tanto m\u00e1s cuanto que el resto de la fragancia intensifica esta atm\u00f3sfera. Las notas ambarinas y almizcladas del Hibisco dan cuerpo al conjunto. Y eso sin contar con el Iris que las acompa\u00f1a. El final es tanto m\u00e1s <strong>potente<\/strong>. Porque es un c\u00f3ctel caliente y misterioso <strong>hechizante<\/strong>. En resumen, es una composici\u00f3n que te transformar\u00e1. Y, como con <a href=\"https:\/\/lescollectionsprivees.com\/es\/fragancia\/aariz-prestigio-arabiyat-intenso\/\"><strong>Aariz Intenso<\/strong><\/a>Brillar\u00e1s y brillar\u00e1s.<\/p>\n<h2><strong>Camaro Homme Intense, un n\u00e9ctar particularmente distinguido<\/strong><\/h2>\n<p>Los aromas de esta creaci\u00f3n est\u00e1n dise\u00f1ados para sublimarte. Pero con un <strong>elegancia<\/strong> aparte. De hecho, la combinaci\u00f3n de estos ingredientes de calidad da este impresionante resultado. Pero tambi\u00e9n es la Piel la que aporta este <strong>chic<\/strong> al conjunto. Por eso es el n\u00e9ctar preferido de los grandes vinos. <strong>oportunidades<\/strong>. Aunque es perfecto para el uso diario.<\/p>\n<p>As\u00ed que, para intensificar estas potentes notas, piense en orientar su <strong>pulsaci\u00f3n<\/strong>. El calor de estas zonas ayudar\u00e1 a que las fragancias se extiendan.<\/p>\n<h3><strong>La fragancia que proporciona un brillo duradero<\/strong><\/h3>\n<p>Camaro Homme Intense es, ante todo, una invitaci\u00f3n a un viaje sensacional. Pero tambi\u00e9n es uno de esos elixires como <strong>Prodigy negro\u00a0<\/strong>que sabe hacer <strong>placer<\/strong> olor. Todo lo que tienes que hacer es rociarlo varias veces durante tu rutina de belleza.<\/p>","protected":false},"excerpt":{"rendered":"<p><strong>Notas olfativas :<\/strong><\/p>\n<p><strong>Notas altas<\/strong>\u00a0Salvia, lavanda, bergamota<br \/>\n<strong>Notas de coraz\u00f3n<\/strong>\u00a0Hibisco, iris<br \/>\n<strong>Notas de fondo<\/strong>\u00a0Madera de cedro, vetiver, cuero, pachul\u00ed<\/p>\n<p><strong>Tipo<\/strong>\u00a0Hombre.<\/p>","protected":false},"featured_media":32808,"template":"","meta":[],"product_brand":[],"product_cat":[202,265,300],"product_tag":[],"class_list":{"0":"post-32807","1":"product","2":"type-product","3":"status-publish","4":"has-post-thumbnail","6":"product_cat-parfum-homme","7":"product_cat-parfum-patchouli","8":"product_cat-paris-corner","10":"first","11":"instock","12":"taxable","13":"shipping-taxable","14":"purchasable","15":"product-type-simple"},"yoast_head":"<!-- This site is optimized with the Yoast SEO plugin v27.5 - https:\/\/yoast.com\/product\/yoast-seo-wordpress\/ -->\n<title>Camaro Homme Intense | Parfum masculin | Pendora Scents<\/title>\n<meta name=\"description\" content=\"Camaro Homme Intense est un parfum profond et \u00e9l\u00e9gant pour les hommes charismatiques. En effet, son ensemble va mettre en lumi\u00e8re cet atout.\" \/>\n<meta name=\"robots\" content=\"index, follow, max-snippet:-1, max-image-preview:large, max-video-preview:-1\" \/>\n<link rel=\"canonical\" href=\"https:\/\/lescollectionsprivees.com\/es\/fragancia\/eau-de-parfum-camaro-homme-intense\/\" \/>\n<meta property=\"og:locale\" content=\"es_ES\" \/>\n<meta property=\"og:type\" content=\"article\" \/>\n<meta property=\"og:title\" content=\"Camaro Homme Intense | Parfum masculin | Pendora Scents\" \/>\n<meta property=\"og:description\" content=\"Camaro Homme Intense est un parfum profond et \u00e9l\u00e9gant pour les hommes charismatiques. En effet, son ensemble va mettre en lumi\u00e8re cet atout.\" \/>\n<meta property=\"og:url\" content=\"https:\/\/lescollectionsprivees.com\/es\/fragancia\/eau-de-parfum-camaro-homme-intense\/\" \/>\n<meta property=\"og:site_name\" content=\"Les Collections Priv\u00e9es\" \/>\n<meta property=\"article:modified_time\" content=\"2026-02-26T20:53:48+00:00\" \/>\n<meta property=\"og:image\" content=\"https:\/\/lescollectionsprivees.com\/wp-content\/uploads\/2025\/01\/parfum-camaro-homme-intense.jpg\" \/>\n\t<meta property=\"og:image:width\" content=\"600\" \/>\n\t<meta property=\"og:image:height\" content=\"600\" \/>\n\t<meta property=\"og:image:type\" content=\"image\/jpeg\" \/>\n<meta name=\"twitter:card\" content=\"summary_large_image\" \/>\n<meta name=\"twitter:label1\" content=\"Tiempo de lectura\" \/>\n\t<meta name=\"twitter:data1\" content=\"2 minutos\" \/>\n<script type=\"application\/ld+json\" class=\"yoast-schema-graph\">{\"@context\":\"https:\\\/\\\/schema.org\",\"@graph\":[{\"@type\":\"WebPage\",\"@id\":\"https:\\\/\\\/lescollectionsprivees.com\\\/parfum\\\/eau-de-parfum-camaro-homme-intense\\\/\",\"url\":\"https:\\\/\\\/lescollectionsprivees.com\\\/parfum\\\/eau-de-parfum-camaro-homme-intense\\\/\",\"name\":\"Camaro Homme Intense | Parfum masculin | Pendora Scents\",\"isPartOf\":{\"@id\":\"https:\\\/\\\/lescollectionsprivees.com\\\/#website\"},\"primaryImageOfPage\":{\"@id\":\"https:\\\/\\\/lescollectionsprivees.com\\\/parfum\\\/eau-de-parfum-camaro-homme-intense\\\/#primaryimage\"},\"image\":{\"@id\":\"https:\\\/\\\/lescollectionsprivees.com\\\/parfum\\\/eau-de-parfum-camaro-homme-intense\\\/#primaryimage\"},\"thumbnailUrl\":\"https:\\\/\\\/lescollectionsprivees.com\\\/wp-content\\\/uploads\\\/2025\\\/01\\\/parfum-camaro-homme-intense.jpg\",\"datePublished\":\"2025-01-12T11:43:08+00:00\",\"dateModified\":\"2026-02-26T20:53:48+00:00\",\"description\":\"Camaro Homme Intense est un parfum profond et \u00e9l\u00e9gant pour les hommes charismatiques. En effet, son ensemble va mettre en lumi\u00e8re cet atout.\",\"breadcrumb\":{\"@id\":\"https:\\\/\\\/lescollectionsprivees.com\\\/parfum\\\/eau-de-parfum-camaro-homme-intense\\\/#breadcrumb\"},\"inLanguage\":\"es\",\"potentialAction\":[{\"@type\":\"ReadAction\",\"target\":[\"https:\\\/\\\/lescollectionsprivees.com\\\/parfum\\\/eau-de-parfum-camaro-homme-intense\\\/\"]}]},{\"@type\":\"ImageObject\",\"inLanguage\":\"es\",\"@id\":\"https:\\\/\\\/lescollectionsprivees.com\\\/parfum\\\/eau-de-parfum-camaro-homme-intense\\\/#primaryimage\",\"url\":\"https:\\\/\\\/lescollectionsprivees.com\\\/wp-content\\\/uploads\\\/2025\\\/01\\\/parfum-camaro-homme-intense.jpg\",\"contentUrl\":\"https:\\\/\\\/lescollectionsprivees.com\\\/wp-content\\\/uploads\\\/2025\\\/01\\\/parfum-camaro-homme-intense.jpg\",\"width\":600,\"height\":600,\"caption\":\"Eau de parfum Camaro Homme Intense 100ml \u2013 Pendora Scents by Paris Corner\"},{\"@type\":\"BreadcrumbList\",\"@id\":\"https:\\\/\\\/lescollectionsprivees.com\\\/parfum\\\/eau-de-parfum-camaro-homme-intense\\\/#breadcrumb\",\"itemListElement\":[{\"@type\":\"ListItem\",\"position\":1,\"name\":\"Accueil\",\"item\":\"https:\\\/\\\/lescollectionsprivees.com\\\/\"},{\"@type\":\"ListItem\",\"position\":2,\"name\":\"Boutique\",\"item\":\"https:\\\/\\\/lescollectionsprivees.com\\\/boutique\\\/\"},{\"@type\":\"ListItem\",\"position\":3,\"name\":\"Eau de parfum Camaro Homme Intense 100ml \u2013 Pendora Scents by Paris Corner\"}]},{\"@type\":\"WebSite\",\"@id\":\"https:\\\/\\\/lescollectionsprivees.com\\\/#website\",\"url\":\"https:\\\/\\\/lescollectionsprivees.com\\\/\",\"name\":\"Les Collections Priv\u00e9es\",\"description\":\"\",\"publisher\":{\"@id\":\"https:\\\/\\\/lescollectionsprivees.com\\\/#organization\"},\"potentialAction\":[{\"@type\":\"SearchAction\",\"target\":{\"@type\":\"EntryPoint\",\"urlTemplate\":\"https:\\\/\\\/lescollectionsprivees.com\\\/?s={search_term_string}\"},\"query-input\":{\"@type\":\"PropertyValueSpecification\",\"valueRequired\":true,\"valueName\":\"search_term_string\"}}],\"inLanguage\":\"es\"},{\"@type\":\"Organization\",\"@id\":\"https:\\\/\\\/lescollectionsprivees.com\\\/#organization\",\"name\":\"Les Collections Priv\u00e9es\",\"url\":\"https:\\\/\\\/lescollectionsprivees.com\\\/\",\"logo\":{\"@type\":\"ImageObject\",\"inLanguage\":\"es\",\"@id\":\"https:\\\/\\\/lescollectionsprivees.com\\\/#\\\/schema\\\/logo\\\/image\\\/\",\"url\":\"https:\\\/\\\/lescollectionsprivees.com\\\/wp-content\\\/uploads\\\/2020\\\/02\\\/Logo-Les-Collections-Priv\u00e9es-450x450-1.png\",\"contentUrl\":\"https:\\\/\\\/lescollectionsprivees.com\\\/wp-content\\\/uploads\\\/2020\\\/02\\\/Logo-Les-Collections-Priv\u00e9es-450x450-1.png\",\"width\":450,\"height\":450,\"caption\":\"Les Collections Priv\u00e9es\"},\"image\":{\"@id\":\"https:\\\/\\\/lescollectionsprivees.com\\\/#\\\/schema\\\/logo\\\/image\\\/\"}}]}<\/script>\n<!-- \/ Yoast SEO plugin. -->","yoast_head_json":{"title":"Camaro Homme Intense | Fragancia Masculina | Aromas de Pendora","description":"Camaro Homme Intense es una fragancia profunda y elegante para hombres carism\u00e1ticos. De hecho, su combinaci\u00f3n resaltar\u00e1 este activo.","robots":{"index":"index","follow":"follow","max-snippet":"max-snippet:-1","max-image-preview":"max-image-preview:large","max-video-preview":"max-video-preview:-1"},"canonical":"https:\/\/lescollectionsprivees.com\/es\/fragancia\/eau-de-parfum-camaro-homme-intense\/","og_locale":"es_ES","og_type":"article","og_title":"Camaro Homme Intense | Parfum masculin | Pendora Scents","og_description":"Camaro Homme Intense est un parfum profond et \u00e9l\u00e9gant pour les hommes charismatiques. En effet, son ensemble va mettre en lumi\u00e8re cet atout.","og_url":"https:\/\/lescollectionsprivees.com\/es\/fragancia\/eau-de-parfum-camaro-homme-intense\/","og_site_name":"Les Collections Priv\u00e9es","article_modified_time":"2026-02-26T20:53:48+00:00","og_image":[{"width":600,"height":600,"url":"https:\/\/lescollectionsprivees.com\/wp-content\/uploads\/2025\/01\/parfum-camaro-homme-intense.jpg","type":"image\/jpeg"}],"twitter_card":"summary_large_image","twitter_misc":{"Tiempo de lectura":"2 minutos"},"schema":{"@context":"https:\/\/schema.org","@graph":[{"@type":"WebPage","@id":"https:\/\/lescollectionsprivees.com\/parfum\/eau-de-parfum-camaro-homme-intense\/","url":"https:\/\/lescollectionsprivees.com\/parfum\/eau-de-parfum-camaro-homme-intense\/","name":"Camaro Homme Intense | Fragancia Masculina | Aromas de Pendora","isPartOf":{"@id":"https:\/\/lescollectionsprivees.com\/#website"},"primaryImageOfPage":{"@id":"https:\/\/lescollectionsprivees.com\/parfum\/eau-de-parfum-camaro-homme-intense\/#primaryimage"},"image":{"@id":"https:\/\/lescollectionsprivees.com\/parfum\/eau-de-parfum-camaro-homme-intense\/#primaryimage"},"thumbnailUrl":"https:\/\/lescollectionsprivees.com\/wp-content\/uploads\/2025\/01\/parfum-camaro-homme-intense.jpg","datePublished":"2025-01-12T11:43:08+00:00","dateModified":"2026-02-26T20:53:48+00:00","description":"Camaro Homme Intense es una fragancia profunda y elegante para hombres carism\u00e1ticos. De hecho, su combinaci\u00f3n resaltar\u00e1 este activo.","breadcrumb":{"@id":"https:\/\/lescollectionsprivees.com\/parfum\/eau-de-parfum-camaro-homme-intense\/#breadcrumb"},"inLanguage":"es","potentialAction":[{"@type":"ReadAction","target":["https:\/\/lescollectionsprivees.com\/parfum\/eau-de-parfum-camaro-homme-intense\/"]}]},{"@type":"ImageObject","inLanguage":"es","@id":"https:\/\/lescollectionsprivees.com\/parfum\/eau-de-parfum-camaro-homme-intense\/#primaryimage","url":"https:\/\/lescollectionsprivees.com\/wp-content\/uploads\/2025\/01\/parfum-camaro-homme-intense.jpg","contentUrl":"https:\/\/lescollectionsprivees.com\/wp-content\/uploads\/2025\/01\/parfum-camaro-homme-intense.jpg","width":600,"height":600,"caption":"Eau de parfum Camaro Homme Intense 100ml \u2013 Pendora Scents by Paris Corner"},{"@type":"BreadcrumbList","@id":"https:\/\/lescollectionsprivees.com\/parfum\/eau-de-parfum-camaro-homme-intense\/#breadcrumb","itemListElement":[{"@type":"ListItem","position":1,"name":"Accueil","item":"https:\/\/lescollectionsprivees.com\/"},{"@type":"ListItem","position":2,"name":"Boutique","item":"https:\/\/lescollectionsprivees.com\/boutique\/"},{"@type":"ListItem","position":3,"name":"Eau de parfum Camaro Homme Intense 100ml \u2013 Pendora Scents by Paris Corner"}]},{"@type":"WebSite","@id":"https:\/\/lescollectionsprivees.com\/#website","url":"https:\/\/lescollectionsprivees.com\/","name":"Colecciones privadas","description":"","publisher":{"@id":"https:\/\/lescollectionsprivees.com\/#organization"},"potentialAction":[{"@type":"SearchAction","target":{"@type":"EntryPoint","urlTemplate":"https:\/\/lescollectionsprivees.com\/?s={search_term_string}"},"query-input":{"@type":"PropertyValueSpecification","valueRequired":true,"valueName":"search_term_string"}}],"inLanguage":"es"},{"@type":"Organization","@id":"https:\/\/lescollectionsprivees.com\/#organization","name":"Colecciones privadas","url":"https:\/\/lescollectionsprivees.com\/","logo":{"@type":"ImageObject","inLanguage":"es","@id":"https:\/\/lescollectionsprivees.com\/#\/schema\/logo\/image\/","url":"https:\/\/lescollectionsprivees.com\/wp-content\/uploads\/2020\/02\/Logo-Les-Collections-Priv\u00e9es-450x450-1.png","contentUrl":"https:\/\/lescollectionsprivees.com\/wp-content\/uploads\/2020\/02\/Logo-Les-Collections-Priv\u00e9es-450x450-1.png","width":450,"height":450,"caption":"Les Collections Priv\u00e9es"},"image":{"@id":"https:\/\/lescollectionsprivees.com\/#\/schema\/logo\/image\/"}}]}},"_links":{"self":[{"href":"https:\/\/lescollectionsprivees.com\/es\/wp-json\/wp\/v2\/product\/32807","targetHints":{"allow":["GET"]}}],"collection":[{"href":"https:\/\/lescollectionsprivees.com\/es\/wp-json\/wp\/v2\/product"}],"about":[{"href":"https:\/\/lescollectionsprivees.com\/es\/wp-json\/wp\/v2\/types\/product"}],"wp:featuredmedia":[{"embeddable":true,"href":"https:\/\/lescollectionsprivees.com\/es\/wp-json\/wp\/v2\/media\/32808"}],"wp:attachment":[{"href":"https:\/\/lescollectionsprivees.com\/es\/wp-json\/wp\/v2\/media?parent=32807"}],"wp:term":[{"taxonomy":"product_brand","embeddable":true,"href":"https:\/\/lescollectionsprivees.com\/es\/wp-json\/wp\/v2\/product_brand?post=32807"},{"taxonomy":"product_cat","embeddable":true,"href":"https:\/\/lescollectionsprivees.com\/es\/wp-json\/wp\/v2\/product_cat?post=32807"},{"taxonomy":"product_tag","embeddable":true,"href":"https:\/\/lescollectionsprivees.com\/es\/wp-json\/wp\/v2\/product_tag?post=32807"}],"curies":[{"name":"wp","href":"https:\/\/api.w.org\/{rel}","templated":true}]}}