{"id":33719,"date":"2025-03-09T15:27:30","date_gmt":"2025-03-09T15:27:30","guid":{"rendered":"https:\/\/lescollectionsprivees.com\/?post_type=product&#038;p=33719"},"modified":"2025-10-29T21:12:57","modified_gmt":"2025-10-29T21:12:57","slug":"eau-de-parfum-prodigy-negro","status":"publish","type":"product","link":"https:\/\/lescollectionsprivees.com\/es\/parfum\/eau-de-parfum-prodigy-noir\/","title":{"rendered":"Eau de parfum Prodigy negro 100ml - Paris Corner"},"content":{"rendered":"","protected":false},"excerpt":{"rendered":"<p><strong><u>Datos t\u00e9cnicos :<\/u><\/strong><\/p>\n<p><strong>Nombre del perfume<\/strong> : Prodigy Negro<br \/>\n<strong>Marca<\/strong> : Rinc\u00f3n de Par\u00eds<br \/>\n<strong>Tipo<\/strong> Mixto<br \/>\n<strong>Capacidad<\/strong> 100 ml<\/p>\n<p><strong><u>Notas olfativas :<u><\/u><\/u><\/strong><\/p>\n<p><strong>Notas altas<\/strong> Bergamota, especias c\u00e1lidas, albaricoque<br \/>\n<strong>Notas de coraz\u00f3n<\/strong> Rosa, caramelo, chocolate, haba tonka<br \/>\n<strong>Notas de fondo<\/strong> Vainilla, Cashmeran, Cedro, \u00c1mbar, Almizcle<\/p>\n<div class=\"fusion-woo-short-description-tb fusion-woo-short-description-tb-1\">\n<div class=\"post-content woocommerce-product-details__short-description\">\n<p>&nbsp;<\/p>\n<\/div>\n<\/div>","protected":false},"featured_media":33720,"template":"","meta":[],"product_brand":[],"product_cat":[189,203,209,201,202,206,272,208,300],"product_tag":[],"class_list":{"0":"post-33719","1":"product","2":"type-product","3":"status-publish","4":"has-post-thumbnail","6":"product_cat-femmes","7":"product_cat-parfum-ambre","8":"product_cat-parfum-chocolat","9":"product_cat-parfum-femme","10":"product_cat-parfum-homme","11":"product_cat-parfum-rose","12":"product_cat-parfum-sucre","13":"product_cat-parfum-vanille","14":"product_cat-paris-corner","16":"first","17":"instock","18":"taxable","19":"shipping-taxable","20":"purchasable","21":"product-type-simple"},"yoast_head":"<!-- This site is optimized with the Yoast SEO plugin v27.5 - https:\/\/yoast.com\/product\/yoast-seo-wordpress\/ -->\n<title>Eau de parfum Prodigy noir 100ml \u2013 Paris Corner - Les Collections Priv\u00e9es<\/title>\n<meta name=\"robots\" content=\"index, follow, max-snippet:-1, max-image-preview:large, max-video-preview:-1\" \/>\n<link rel=\"canonical\" href=\"https:\/\/lescollectionsprivees.com\/es\/fragancia\/eau-de-parfum-prodigy-negro\/\" \/>\n<meta property=\"og:locale\" content=\"es_ES\" \/>\n<meta property=\"og:type\" content=\"article\" \/>\n<meta property=\"og:title\" content=\"Eau de parfum Prodigy noir 100ml \u2013 Paris Corner - Les Collections Priv\u00e9es\" \/>\n<meta property=\"og:description\" content=\"Donn\u00e9es Techniques :  Nom du parfum : Prodigy Noir Marque : Paris Corner Genre : Mixte Contenance : 100 mL  Notes olfactives :  Notes de t\u00eate : Bergamote, \u00c9pices chaudes, Abricot Notes de c\u0153ur : Rose, Caramel, Chocolat, F\u00e8ve tonka Notes de fond : Vanille, Cashmeran, Bois de c\u00e8dre, Ambre, Musc    &nbsp;\" \/>\n<meta property=\"og:url\" content=\"https:\/\/lescollectionsprivees.com\/es\/fragancia\/eau-de-parfum-prodigy-negro\/\" \/>\n<meta property=\"og:site_name\" content=\"Les Collections Priv\u00e9es\" \/>\n<meta property=\"article:modified_time\" content=\"2025-10-29T21:12:57+00:00\" \/>\n<meta property=\"og:image\" content=\"https:\/\/lescollectionsprivees.com\/wp-content\/uploads\/2025\/03\/EAU-DE-PARFUM-PRODIGY-NOIR-100ML-PARIS-CORNER.jpg\" \/>\n\t<meta property=\"og:image:width\" content=\"600\" \/>\n\t<meta property=\"og:image:height\" content=\"600\" \/>\n\t<meta property=\"og:image:type\" content=\"image\/jpeg\" \/>\n<meta name=\"twitter:card\" content=\"summary_large_image\" \/>\n<meta name=\"twitter:label1\" content=\"Tiempo de lectura\" \/>\n\t<meta name=\"twitter:data1\" content=\"1 minuto\" \/>\n<script type=\"application\/ld+json\" class=\"yoast-schema-graph\">{\"@context\":\"https:\\\/\\\/schema.org\",\"@graph\":[{\"@type\":\"WebPage\",\"@id\":\"https:\\\/\\\/lescollectionsprivees.com\\\/parfum\\\/eau-de-parfum-prodigy-noir\\\/\",\"url\":\"https:\\\/\\\/lescollectionsprivees.com\\\/parfum\\\/eau-de-parfum-prodigy-noir\\\/\",\"name\":\"Eau de parfum Prodigy noir 100ml \u2013 Paris Corner - Les Collections Priv\u00e9es\",\"isPartOf\":{\"@id\":\"https:\\\/\\\/lescollectionsprivees.com\\\/#website\"},\"primaryImageOfPage\":{\"@id\":\"https:\\\/\\\/lescollectionsprivees.com\\\/parfum\\\/eau-de-parfum-prodigy-noir\\\/#primaryimage\"},\"image\":{\"@id\":\"https:\\\/\\\/lescollectionsprivees.com\\\/parfum\\\/eau-de-parfum-prodigy-noir\\\/#primaryimage\"},\"thumbnailUrl\":\"https:\\\/\\\/lescollectionsprivees.com\\\/wp-content\\\/uploads\\\/2025\\\/03\\\/EAU-DE-PARFUM-PRODIGY-NOIR-100ML-PARIS-CORNER.jpg\",\"datePublished\":\"2025-03-09T15:27:30+00:00\",\"dateModified\":\"2025-10-29T21:12:57+00:00\",\"breadcrumb\":{\"@id\":\"https:\\\/\\\/lescollectionsprivees.com\\\/parfum\\\/eau-de-parfum-prodigy-noir\\\/#breadcrumb\"},\"inLanguage\":\"es\",\"potentialAction\":[{\"@type\":\"ReadAction\",\"target\":[\"https:\\\/\\\/lescollectionsprivees.com\\\/parfum\\\/eau-de-parfum-prodigy-noir\\\/\"]}]},{\"@type\":\"ImageObject\",\"inLanguage\":\"es\",\"@id\":\"https:\\\/\\\/lescollectionsprivees.com\\\/parfum\\\/eau-de-parfum-prodigy-noir\\\/#primaryimage\",\"url\":\"https:\\\/\\\/lescollectionsprivees.com\\\/wp-content\\\/uploads\\\/2025\\\/03\\\/EAU-DE-PARFUM-PRODIGY-NOIR-100ML-PARIS-CORNER.jpg\",\"contentUrl\":\"https:\\\/\\\/lescollectionsprivees.com\\\/wp-content\\\/uploads\\\/2025\\\/03\\\/EAU-DE-PARFUM-PRODIGY-NOIR-100ML-PARIS-CORNER.jpg\",\"width\":600,\"height\":600,\"caption\":\"Eau de parfum Prodigy noir 100ml \u2013 Paris Corner\"},{\"@type\":\"BreadcrumbList\",\"@id\":\"https:\\\/\\\/lescollectionsprivees.com\\\/parfum\\\/eau-de-parfum-prodigy-noir\\\/#breadcrumb\",\"itemListElement\":[{\"@type\":\"ListItem\",\"position\":1,\"name\":\"Accueil\",\"item\":\"https:\\\/\\\/lescollectionsprivees.com\\\/\"},{\"@type\":\"ListItem\",\"position\":2,\"name\":\"Boutique\",\"item\":\"https:\\\/\\\/lescollectionsprivees.com\\\/boutique\\\/\"},{\"@type\":\"ListItem\",\"position\":3,\"name\":\"Eau de parfum Prodigy noir 100ml \u2013 Paris Corner\"}]},{\"@type\":\"WebSite\",\"@id\":\"https:\\\/\\\/lescollectionsprivees.com\\\/#website\",\"url\":\"https:\\\/\\\/lescollectionsprivees.com\\\/\",\"name\":\"Les Collections Priv\u00e9es\",\"description\":\"\",\"publisher\":{\"@id\":\"https:\\\/\\\/lescollectionsprivees.com\\\/#organization\"},\"potentialAction\":[{\"@type\":\"SearchAction\",\"target\":{\"@type\":\"EntryPoint\",\"urlTemplate\":\"https:\\\/\\\/lescollectionsprivees.com\\\/?s={search_term_string}\"},\"query-input\":{\"@type\":\"PropertyValueSpecification\",\"valueRequired\":true,\"valueName\":\"search_term_string\"}}],\"inLanguage\":\"es\"},{\"@type\":\"Organization\",\"@id\":\"https:\\\/\\\/lescollectionsprivees.com\\\/#organization\",\"name\":\"Les Collections Priv\u00e9es\",\"url\":\"https:\\\/\\\/lescollectionsprivees.com\\\/\",\"logo\":{\"@type\":\"ImageObject\",\"inLanguage\":\"es\",\"@id\":\"https:\\\/\\\/lescollectionsprivees.com\\\/#\\\/schema\\\/logo\\\/image\\\/\",\"url\":\"https:\\\/\\\/lescollectionsprivees.com\\\/wp-content\\\/uploads\\\/2020\\\/02\\\/Logo-Les-Collections-Priv\u00e9es-450x450-1.png\",\"contentUrl\":\"https:\\\/\\\/lescollectionsprivees.com\\\/wp-content\\\/uploads\\\/2020\\\/02\\\/Logo-Les-Collections-Priv\u00e9es-450x450-1.png\",\"width\":450,\"height\":450,\"caption\":\"Les Collections Priv\u00e9es\"},\"image\":{\"@id\":\"https:\\\/\\\/lescollectionsprivees.com\\\/#\\\/schema\\\/logo\\\/image\\\/\"}}]}<\/script>\n<!-- \/ Yoast SEO plugin. -->","yoast_head_json":{"title":"Eau de parfum Prodigy negro 100ml - Paris Corner - Les Collections Priv\u00e9es","robots":{"index":"index","follow":"follow","max-snippet":"max-snippet:-1","max-image-preview":"max-image-preview:large","max-video-preview":"max-video-preview:-1"},"canonical":"https:\/\/lescollectionsprivees.com\/es\/fragancia\/eau-de-parfum-prodigy-negro\/","og_locale":"es_ES","og_type":"article","og_title":"Eau de parfum Prodigy noir 100ml \u2013 Paris Corner - Les Collections Priv\u00e9es","og_description":"Donn\u00e9es Techniques :  Nom du parfum : Prodigy Noir Marque : Paris Corner Genre : Mixte Contenance : 100 mL  Notes olfactives :  Notes de t\u00eate : Bergamote, \u00c9pices chaudes, Abricot Notes de c\u0153ur : Rose, Caramel, Chocolat, F\u00e8ve tonka Notes de fond : Vanille, Cashmeran, Bois de c\u00e8dre, Ambre, Musc    &nbsp;","og_url":"https:\/\/lescollectionsprivees.com\/es\/fragancia\/eau-de-parfum-prodigy-negro\/","og_site_name":"Les Collections Priv\u00e9es","article_modified_time":"2025-10-29T21:12:57+00:00","og_image":[{"width":600,"height":600,"url":"https:\/\/lescollectionsprivees.com\/wp-content\/uploads\/2025\/03\/EAU-DE-PARFUM-PRODIGY-NOIR-100ML-PARIS-CORNER.jpg","type":"image\/jpeg"}],"twitter_card":"summary_large_image","twitter_misc":{"Tiempo de lectura":"1 minuto"},"schema":{"@context":"https:\/\/schema.org","@graph":[{"@type":"WebPage","@id":"https:\/\/lescollectionsprivees.com\/parfum\/eau-de-parfum-prodigy-noir\/","url":"https:\/\/lescollectionsprivees.com\/parfum\/eau-de-parfum-prodigy-noir\/","name":"Eau de parfum Prodigy negro 100ml - Paris Corner - Les Collections Priv\u00e9es","isPartOf":{"@id":"https:\/\/lescollectionsprivees.com\/#website"},"primaryImageOfPage":{"@id":"https:\/\/lescollectionsprivees.com\/parfum\/eau-de-parfum-prodigy-noir\/#primaryimage"},"image":{"@id":"https:\/\/lescollectionsprivees.com\/parfum\/eau-de-parfum-prodigy-noir\/#primaryimage"},"thumbnailUrl":"https:\/\/lescollectionsprivees.com\/wp-content\/uploads\/2025\/03\/EAU-DE-PARFUM-PRODIGY-NOIR-100ML-PARIS-CORNER.jpg","datePublished":"2025-03-09T15:27:30+00:00","dateModified":"2025-10-29T21:12:57+00:00","breadcrumb":{"@id":"https:\/\/lescollectionsprivees.com\/parfum\/eau-de-parfum-prodigy-noir\/#breadcrumb"},"inLanguage":"es","potentialAction":[{"@type":"ReadAction","target":["https:\/\/lescollectionsprivees.com\/parfum\/eau-de-parfum-prodigy-noir\/"]}]},{"@type":"ImageObject","inLanguage":"es","@id":"https:\/\/lescollectionsprivees.com\/parfum\/eau-de-parfum-prodigy-noir\/#primaryimage","url":"https:\/\/lescollectionsprivees.com\/wp-content\/uploads\/2025\/03\/EAU-DE-PARFUM-PRODIGY-NOIR-100ML-PARIS-CORNER.jpg","contentUrl":"https:\/\/lescollectionsprivees.com\/wp-content\/uploads\/2025\/03\/EAU-DE-PARFUM-PRODIGY-NOIR-100ML-PARIS-CORNER.jpg","width":600,"height":600,"caption":"Eau de parfum Prodigy noir 100ml \u2013 Paris Corner"},{"@type":"BreadcrumbList","@id":"https:\/\/lescollectionsprivees.com\/parfum\/eau-de-parfum-prodigy-noir\/#breadcrumb","itemListElement":[{"@type":"ListItem","position":1,"name":"Accueil","item":"https:\/\/lescollectionsprivees.com\/"},{"@type":"ListItem","position":2,"name":"Boutique","item":"https:\/\/lescollectionsprivees.com\/boutique\/"},{"@type":"ListItem","position":3,"name":"Eau de parfum Prodigy noir 100ml \u2013 Paris Corner"}]},{"@type":"WebSite","@id":"https:\/\/lescollectionsprivees.com\/#website","url":"https:\/\/lescollectionsprivees.com\/","name":"Colecciones privadas","description":"","publisher":{"@id":"https:\/\/lescollectionsprivees.com\/#organization"},"potentialAction":[{"@type":"SearchAction","target":{"@type":"EntryPoint","urlTemplate":"https:\/\/lescollectionsprivees.com\/?s={search_term_string}"},"query-input":{"@type":"PropertyValueSpecification","valueRequired":true,"valueName":"search_term_string"}}],"inLanguage":"es"},{"@type":"Organization","@id":"https:\/\/lescollectionsprivees.com\/#organization","name":"Colecciones privadas","url":"https:\/\/lescollectionsprivees.com\/","logo":{"@type":"ImageObject","inLanguage":"es","@id":"https:\/\/lescollectionsprivees.com\/#\/schema\/logo\/image\/","url":"https:\/\/lescollectionsprivees.com\/wp-content\/uploads\/2020\/02\/Logo-Les-Collections-Priv\u00e9es-450x450-1.png","contentUrl":"https:\/\/lescollectionsprivees.com\/wp-content\/uploads\/2020\/02\/Logo-Les-Collections-Priv\u00e9es-450x450-1.png","width":450,"height":450,"caption":"Les Collections Priv\u00e9es"},"image":{"@id":"https:\/\/lescollectionsprivees.com\/#\/schema\/logo\/image\/"}}]}},"_links":{"self":[{"href":"https:\/\/lescollectionsprivees.com\/es\/wp-json\/wp\/v2\/product\/33719","targetHints":{"allow":["GET"]}}],"collection":[{"href":"https:\/\/lescollectionsprivees.com\/es\/wp-json\/wp\/v2\/product"}],"about":[{"href":"https:\/\/lescollectionsprivees.com\/es\/wp-json\/wp\/v2\/types\/product"}],"wp:featuredmedia":[{"embeddable":true,"href":"https:\/\/lescollectionsprivees.com\/es\/wp-json\/wp\/v2\/media\/33720"}],"wp:attachment":[{"href":"https:\/\/lescollectionsprivees.com\/es\/wp-json\/wp\/v2\/media?parent=33719"}],"wp:term":[{"taxonomy":"product_brand","embeddable":true,"href":"https:\/\/lescollectionsprivees.com\/es\/wp-json\/wp\/v2\/product_brand?post=33719"},{"taxonomy":"product_cat","embeddable":true,"href":"https:\/\/lescollectionsprivees.com\/es\/wp-json\/wp\/v2\/product_cat?post=33719"},{"taxonomy":"product_tag","embeddable":true,"href":"https:\/\/lescollectionsprivees.com\/es\/wp-json\/wp\/v2\/product_tag?post=33719"}],"curies":[{"name":"wp","href":"https:\/\/api.w.org\/{rel}","templated":true}]}}