{"id":34119,"date":"2025-03-26T11:29:54","date_gmt":"2025-03-26T11:29:54","guid":{"rendered":"https:\/\/lescollectionsprivees.com\/?post_type=product&#038;p=34119"},"modified":"2025-03-26T11:31:43","modified_gmt":"2025-03-26T11:31:43","slug":"aceite-con-fragancia-de-almizcle-y-vainilla","status":"publish","type":"product","link":"https:\/\/lescollectionsprivees.com\/es\/parfum\/huile-parfumee-musk-vanilla\/","title":{"rendered":"Aceite perfumado Almizcle Vainilla 12ml - Ayat Perfumes"},"content":{"rendered":"","protected":false},"excerpt":{"rendered":"<p><strong><u>Datos t\u00e9cnicos :<\/u><\/strong><\/p>\n<p><strong>Nombre del perfume<\/strong> Almizcle Vainilla<br \/>\n<strong>Marca<\/strong> : Perfumes Ayat<br \/>\n<strong>Tipo<\/strong> Mixto<br \/>\n<strong>Capacidad<\/strong> 12 ml<\/p>\n<p><strong><u>Notas olfativas :<\/u><\/strong><\/p>\n<p><strong>Notas altas : <\/strong>B\u00e1lsamo de Egipto, Pomelo, Rosa de Damasco<br \/>\n<strong>Notas de coraz\u00f3n : <\/strong>Madreselva, Vainilla, Frutas, Vainilla de Madagascar<br \/>\n<strong>Notas de fondo : <\/strong>Notas florales, almizcle, resina, \u00e1mbar, s\u00e1ndalo<\/p>","protected":false},"featured_media":34120,"template":"","meta":[],"product_brand":[],"product_cat":[337,338],"product_tag":[],"class_list":{"0":"post-34119","1":"product","2":"type-product","3":"status-publish","4":"has-post-thumbnail","6":"product_cat-ayat-perfumes","7":"product_cat-huile-parfumee","9":"first","10":"outofstock","11":"taxable","12":"shipping-taxable","13":"purchasable","14":"product-type-simple"},"yoast_head":"<!-- This site is optimized with the Yoast SEO plugin v27.5 - https:\/\/yoast.com\/product\/yoast-seo-wordpress\/ -->\n<title>Huile parfum\u00e9e Musk Vanilla 12ml \u2013 Ayat Perfumes - Les Collections Priv\u00e9es<\/title>\n<meta name=\"robots\" content=\"index, follow, max-snippet:-1, max-image-preview:large, max-video-preview:-1\" \/>\n<link rel=\"canonical\" href=\"https:\/\/lescollectionsprivees.com\/es\/fragancia\/aceite-con-fragancia-de-almizcle-y-vainilla\/\" \/>\n<meta property=\"og:locale\" content=\"es_ES\" \/>\n<meta property=\"og:type\" content=\"article\" \/>\n<meta property=\"og:title\" content=\"Huile parfum\u00e9e Musk Vanilla 12ml \u2013 Ayat Perfumes - Les Collections Priv\u00e9es\" \/>\n<meta property=\"og:description\" content=\"Donn\u00e9es Techniques :  Nom du parfum : Musk Vanilla Marque : Ayat Perfumes Genre : Mixte Contenance : 12 mL  Notes olfactives :  Notes de t\u00eate : Baume \u00c9gyptien, Pamplemousse, Rose de Damas Notes de c\u0153ur : Ch\u00e8vrefeuille, Vanille, Fruits, Vanille de Madagascar Notes de fond : Notes Florales, Musc, R\u00e9sine, Ambre, Bois de Santal\" \/>\n<meta property=\"og:url\" content=\"https:\/\/lescollectionsprivees.com\/es\/fragancia\/aceite-con-fragancia-de-almizcle-y-vainilla\/\" \/>\n<meta property=\"og:site_name\" content=\"Les Collections Priv\u00e9es\" \/>\n<meta property=\"article:modified_time\" content=\"2025-03-26T11:31:43+00:00\" \/>\n<meta property=\"og:image\" content=\"https:\/\/lescollectionsprivees.com\/wp-content\/uploads\/2025\/03\/HUILE-PARFUMEE-MUSK-VANILLA-12ML-AYAT-PERFUMES.jpg\" \/>\n\t<meta property=\"og:image:width\" content=\"600\" \/>\n\t<meta property=\"og:image:height\" content=\"600\" \/>\n\t<meta property=\"og:image:type\" content=\"image\/jpeg\" \/>\n<meta name=\"twitter:card\" content=\"summary_large_image\" \/>\n<meta name=\"twitter:label1\" content=\"Tiempo de lectura\" \/>\n\t<meta name=\"twitter:data1\" content=\"1 minuto\" \/>\n<script type=\"application\/ld+json\" class=\"yoast-schema-graph\">{\"@context\":\"https:\\\/\\\/schema.org\",\"@graph\":[{\"@type\":\"WebPage\",\"@id\":\"https:\\\/\\\/lescollectionsprivees.com\\\/parfum\\\/huile-parfumee-musk-vanilla\\\/\",\"url\":\"https:\\\/\\\/lescollectionsprivees.com\\\/parfum\\\/huile-parfumee-musk-vanilla\\\/\",\"name\":\"Huile parfum\u00e9e Musk Vanilla 12ml \u2013 Ayat Perfumes - Les Collections Priv\u00e9es\",\"isPartOf\":{\"@id\":\"https:\\\/\\\/lescollectionsprivees.com\\\/#website\"},\"primaryImageOfPage\":{\"@id\":\"https:\\\/\\\/lescollectionsprivees.com\\\/parfum\\\/huile-parfumee-musk-vanilla\\\/#primaryimage\"},\"image\":{\"@id\":\"https:\\\/\\\/lescollectionsprivees.com\\\/parfum\\\/huile-parfumee-musk-vanilla\\\/#primaryimage\"},\"thumbnailUrl\":\"https:\\\/\\\/lescollectionsprivees.com\\\/wp-content\\\/uploads\\\/2025\\\/03\\\/HUILE-PARFUMEE-MUSK-VANILLA-12ML-AYAT-PERFUMES.jpg\",\"datePublished\":\"2025-03-26T11:29:54+00:00\",\"dateModified\":\"2025-03-26T11:31:43+00:00\",\"breadcrumb\":{\"@id\":\"https:\\\/\\\/lescollectionsprivees.com\\\/parfum\\\/huile-parfumee-musk-vanilla\\\/#breadcrumb\"},\"inLanguage\":\"es\",\"potentialAction\":[{\"@type\":\"ReadAction\",\"target\":[\"https:\\\/\\\/lescollectionsprivees.com\\\/parfum\\\/huile-parfumee-musk-vanilla\\\/\"]}]},{\"@type\":\"ImageObject\",\"inLanguage\":\"es\",\"@id\":\"https:\\\/\\\/lescollectionsprivees.com\\\/parfum\\\/huile-parfumee-musk-vanilla\\\/#primaryimage\",\"url\":\"https:\\\/\\\/lescollectionsprivees.com\\\/wp-content\\\/uploads\\\/2025\\\/03\\\/HUILE-PARFUMEE-MUSK-VANILLA-12ML-AYAT-PERFUMES.jpg\",\"contentUrl\":\"https:\\\/\\\/lescollectionsprivees.com\\\/wp-content\\\/uploads\\\/2025\\\/03\\\/HUILE-PARFUMEE-MUSK-VANILLA-12ML-AYAT-PERFUMES.jpg\",\"width\":600,\"height\":600,\"caption\":\"Huile parfum\u00e9e Musk Vanilla 12ml \u2013 Ayat Perfumes\"},{\"@type\":\"BreadcrumbList\",\"@id\":\"https:\\\/\\\/lescollectionsprivees.com\\\/parfum\\\/huile-parfumee-musk-vanilla\\\/#breadcrumb\",\"itemListElement\":[{\"@type\":\"ListItem\",\"position\":1,\"name\":\"Accueil\",\"item\":\"https:\\\/\\\/lescollectionsprivees.com\\\/\"},{\"@type\":\"ListItem\",\"position\":2,\"name\":\"Boutique\",\"item\":\"https:\\\/\\\/lescollectionsprivees.com\\\/boutique\\\/\"},{\"@type\":\"ListItem\",\"position\":3,\"name\":\"Huile parfum\u00e9e Musk Vanilla 12ml \u2013 Ayat Perfumes\"}]},{\"@type\":\"WebSite\",\"@id\":\"https:\\\/\\\/lescollectionsprivees.com\\\/#website\",\"url\":\"https:\\\/\\\/lescollectionsprivees.com\\\/\",\"name\":\"Les Collections Priv\u00e9es\",\"description\":\"\",\"publisher\":{\"@id\":\"https:\\\/\\\/lescollectionsprivees.com\\\/#organization\"},\"potentialAction\":[{\"@type\":\"SearchAction\",\"target\":{\"@type\":\"EntryPoint\",\"urlTemplate\":\"https:\\\/\\\/lescollectionsprivees.com\\\/?s={search_term_string}\"},\"query-input\":{\"@type\":\"PropertyValueSpecification\",\"valueRequired\":true,\"valueName\":\"search_term_string\"}}],\"inLanguage\":\"es\"},{\"@type\":\"Organization\",\"@id\":\"https:\\\/\\\/lescollectionsprivees.com\\\/#organization\",\"name\":\"Les Collections Priv\u00e9es\",\"url\":\"https:\\\/\\\/lescollectionsprivees.com\\\/\",\"logo\":{\"@type\":\"ImageObject\",\"inLanguage\":\"es\",\"@id\":\"https:\\\/\\\/lescollectionsprivees.com\\\/#\\\/schema\\\/logo\\\/image\\\/\",\"url\":\"https:\\\/\\\/lescollectionsprivees.com\\\/wp-content\\\/uploads\\\/2020\\\/02\\\/Logo-Les-Collections-Priv\u00e9es-450x450-1.png\",\"contentUrl\":\"https:\\\/\\\/lescollectionsprivees.com\\\/wp-content\\\/uploads\\\/2020\\\/02\\\/Logo-Les-Collections-Priv\u00e9es-450x450-1.png\",\"width\":450,\"height\":450,\"caption\":\"Les Collections Priv\u00e9es\"},\"image\":{\"@id\":\"https:\\\/\\\/lescollectionsprivees.com\\\/#\\\/schema\\\/logo\\\/image\\\/\"}}]}<\/script>\n<!-- \/ Yoast SEO plugin. -->","yoast_head_json":{"title":"Aceite perfumado Almizcle Vainilla 12ml - Perfumes Ayat - Les Collections Priv\u00e9es","robots":{"index":"index","follow":"follow","max-snippet":"max-snippet:-1","max-image-preview":"max-image-preview:large","max-video-preview":"max-video-preview:-1"},"canonical":"https:\/\/lescollectionsprivees.com\/es\/fragancia\/aceite-con-fragancia-de-almizcle-y-vainilla\/","og_locale":"es_ES","og_type":"article","og_title":"Huile parfum\u00e9e Musk Vanilla 12ml \u2013 Ayat Perfumes - Les Collections Priv\u00e9es","og_description":"Donn\u00e9es Techniques :  Nom du parfum : Musk Vanilla Marque : Ayat Perfumes Genre : Mixte Contenance : 12 mL  Notes olfactives :  Notes de t\u00eate : Baume \u00c9gyptien, Pamplemousse, Rose de Damas Notes de c\u0153ur : Ch\u00e8vrefeuille, Vanille, Fruits, Vanille de Madagascar Notes de fond : Notes Florales, Musc, R\u00e9sine, Ambre, Bois de Santal","og_url":"https:\/\/lescollectionsprivees.com\/es\/fragancia\/aceite-con-fragancia-de-almizcle-y-vainilla\/","og_site_name":"Les Collections Priv\u00e9es","article_modified_time":"2025-03-26T11:31:43+00:00","og_image":[{"width":600,"height":600,"url":"https:\/\/lescollectionsprivees.com\/wp-content\/uploads\/2025\/03\/HUILE-PARFUMEE-MUSK-VANILLA-12ML-AYAT-PERFUMES.jpg","type":"image\/jpeg"}],"twitter_card":"summary_large_image","twitter_misc":{"Tiempo de lectura":"1 minuto"},"schema":{"@context":"https:\/\/schema.org","@graph":[{"@type":"WebPage","@id":"https:\/\/lescollectionsprivees.com\/parfum\/huile-parfumee-musk-vanilla\/","url":"https:\/\/lescollectionsprivees.com\/parfum\/huile-parfumee-musk-vanilla\/","name":"Aceite perfumado Almizcle Vainilla 12ml - Perfumes Ayat - Les Collections Priv\u00e9es","isPartOf":{"@id":"https:\/\/lescollectionsprivees.com\/#website"},"primaryImageOfPage":{"@id":"https:\/\/lescollectionsprivees.com\/parfum\/huile-parfumee-musk-vanilla\/#primaryimage"},"image":{"@id":"https:\/\/lescollectionsprivees.com\/parfum\/huile-parfumee-musk-vanilla\/#primaryimage"},"thumbnailUrl":"https:\/\/lescollectionsprivees.com\/wp-content\/uploads\/2025\/03\/HUILE-PARFUMEE-MUSK-VANILLA-12ML-AYAT-PERFUMES.jpg","datePublished":"2025-03-26T11:29:54+00:00","dateModified":"2025-03-26T11:31:43+00:00","breadcrumb":{"@id":"https:\/\/lescollectionsprivees.com\/parfum\/huile-parfumee-musk-vanilla\/#breadcrumb"},"inLanguage":"es","potentialAction":[{"@type":"ReadAction","target":["https:\/\/lescollectionsprivees.com\/parfum\/huile-parfumee-musk-vanilla\/"]}]},{"@type":"ImageObject","inLanguage":"es","@id":"https:\/\/lescollectionsprivees.com\/parfum\/huile-parfumee-musk-vanilla\/#primaryimage","url":"https:\/\/lescollectionsprivees.com\/wp-content\/uploads\/2025\/03\/HUILE-PARFUMEE-MUSK-VANILLA-12ML-AYAT-PERFUMES.jpg","contentUrl":"https:\/\/lescollectionsprivees.com\/wp-content\/uploads\/2025\/03\/HUILE-PARFUMEE-MUSK-VANILLA-12ML-AYAT-PERFUMES.jpg","width":600,"height":600,"caption":"Huile parfum\u00e9e Musk Vanilla 12ml \u2013 Ayat Perfumes"},{"@type":"BreadcrumbList","@id":"https:\/\/lescollectionsprivees.com\/parfum\/huile-parfumee-musk-vanilla\/#breadcrumb","itemListElement":[{"@type":"ListItem","position":1,"name":"Accueil","item":"https:\/\/lescollectionsprivees.com\/"},{"@type":"ListItem","position":2,"name":"Boutique","item":"https:\/\/lescollectionsprivees.com\/boutique\/"},{"@type":"ListItem","position":3,"name":"Huile parfum\u00e9e Musk Vanilla 12ml \u2013 Ayat Perfumes"}]},{"@type":"WebSite","@id":"https:\/\/lescollectionsprivees.com\/#website","url":"https:\/\/lescollectionsprivees.com\/","name":"Colecciones privadas","description":"","publisher":{"@id":"https:\/\/lescollectionsprivees.com\/#organization"},"potentialAction":[{"@type":"SearchAction","target":{"@type":"EntryPoint","urlTemplate":"https:\/\/lescollectionsprivees.com\/?s={search_term_string}"},"query-input":{"@type":"PropertyValueSpecification","valueRequired":true,"valueName":"search_term_string"}}],"inLanguage":"es"},{"@type":"Organization","@id":"https:\/\/lescollectionsprivees.com\/#organization","name":"Colecciones privadas","url":"https:\/\/lescollectionsprivees.com\/","logo":{"@type":"ImageObject","inLanguage":"es","@id":"https:\/\/lescollectionsprivees.com\/#\/schema\/logo\/image\/","url":"https:\/\/lescollectionsprivees.com\/wp-content\/uploads\/2020\/02\/Logo-Les-Collections-Priv\u00e9es-450x450-1.png","contentUrl":"https:\/\/lescollectionsprivees.com\/wp-content\/uploads\/2020\/02\/Logo-Les-Collections-Priv\u00e9es-450x450-1.png","width":450,"height":450,"caption":"Les Collections Priv\u00e9es"},"image":{"@id":"https:\/\/lescollectionsprivees.com\/#\/schema\/logo\/image\/"}}]}},"_links":{"self":[{"href":"https:\/\/lescollectionsprivees.com\/es\/wp-json\/wp\/v2\/product\/34119","targetHints":{"allow":["GET"]}}],"collection":[{"href":"https:\/\/lescollectionsprivees.com\/es\/wp-json\/wp\/v2\/product"}],"about":[{"href":"https:\/\/lescollectionsprivees.com\/es\/wp-json\/wp\/v2\/types\/product"}],"wp:featuredmedia":[{"embeddable":true,"href":"https:\/\/lescollectionsprivees.com\/es\/wp-json\/wp\/v2\/media\/34120"}],"wp:attachment":[{"href":"https:\/\/lescollectionsprivees.com\/es\/wp-json\/wp\/v2\/media?parent=34119"}],"wp:term":[{"taxonomy":"product_brand","embeddable":true,"href":"https:\/\/lescollectionsprivees.com\/es\/wp-json\/wp\/v2\/product_brand?post=34119"},{"taxonomy":"product_cat","embeddable":true,"href":"https:\/\/lescollectionsprivees.com\/es\/wp-json\/wp\/v2\/product_cat?post=34119"},{"taxonomy":"product_tag","embeddable":true,"href":"https:\/\/lescollectionsprivees.com\/es\/wp-json\/wp\/v2\/product_tag?post=34119"}],"curies":[{"name":"wp","href":"https:\/\/api.w.org\/{rel}","templated":true}]}}