{"id":34937,"date":"2025-08-01T09:32:52","date_gmt":"2025-08-01T09:32:52","guid":{"rendered":"https:\/\/lescollectionsprivees.com\/?post_type=product&#038;p=34937"},"modified":"2025-08-01T10:50:35","modified_gmt":"2025-08-01T10:50:35","slug":"eau-de-parfum-enamor-rouge","status":"publish","type":"product","link":"https:\/\/lescollectionsprivees.com\/es\/parfum\/eau-de-parfum-enamor-rouge\/","title":{"rendered":"Eau de parfum Enamor Red 100ml - Volar\u00e9"},"content":{"rendered":"<p>Descubra <strong>Rojo Enamoramiento<\/strong> de <strong>Volar\u00e9<\/strong>Esta eau de parfum le seducir\u00e1 desde el primer momento. Le transportar\u00e1 a un mundo de suavidad y encanto. Para seducir, las mujeres necesitan un arsenal sofisticado. Y esta fragancia debe formar parte del suyo, por su poder olfativo.<\/p>\n<h2>La encantadora botella de Enamor Rouge<\/h2>\n<p>Este <strong>fragancias para mujer<\/strong> tiene una serie de ventajas innegables, empezando por su botella, que destaca claramente entre las dem\u00e1s. Su <strong>ribete rojo brillante<\/strong> con detalles dorados le da un aspecto elegante y moderno. Hermosa a la vista, esta botella encontrar\u00e1 f\u00e1cilmente su lugar entre sus <strong>fragancias femeninas<\/strong> los que te gusta mostrar.<\/p>\n<p>La botella es un reflejo perfecto de lo que encontrar\u00e1 en su interior. <strong>fragancia de calidad<\/strong> que combina belleza y car\u00e1cter. <a href=\"https:\/\/lescollectionsprivees.com\/es\/fragancia\/be-in-romance-eau-de-parfum\/\">Estar en Romance<\/a> est\u00e1 en la misma l\u00ednea con su <strong>botella roja<\/strong> lleno de encanto. Por otra parte, es un <strong>fragancia mixta<\/strong>.<\/p>\n<h2>Enamor Rouge de Volar\u00e9 saca lo mejor de ti<\/h2>\n<p>A trav\u00e9s de este <strong>fragancia femenina<\/strong>Volar\u00e9 es para las mujeres a las que les gusta sentirse guapas y seguras de s\u00ed mismas. Su fragancia suave, pero siempre presente, te acompa\u00f1ar\u00e1 durante todo el d\u00eda, sin ser nunca demasiado fuerte. Consigue el equilibrio perfecto entre frescor y calidez. No tiene por qu\u00e9 preocuparse de para qu\u00e9 ocasi\u00f3n debe reservarlo. De hecho, puedes llevarlo en cualquier momento, sabe adaptarse y utilizar su poder olfativo para hacerte destacar.<\/p>\n<p>Pero lo que hace que Enamor Rouge sea tan excepcional son sus <strong>notas orientales<\/strong>. De hecho, su calidez y fijaci\u00f3n duradera han hecho que la reputaci\u00f3n de <strong>fragancias orientales<\/strong>. Tambi\u00e9n apreciar\u00e1 c\u00f3mo evoluciona esta fragancia con el tiempo. Le dar\u00e1 la impresi\u00f3n de llevar varias fragancias en una.<\/p>\n<h3>\u00bfPor qu\u00e9 intentarlo ahora?<\/h3>\n<p>\u00bfBusca desesperadamente una fragancia que se salga de lo com\u00fan sin resultar exc\u00e9ntrica? Entonces no espere m\u00e1s y pida Enamor Rouge. Su aroma le har\u00e1 destacar y atraer\u00e1 los cumplidos.<\/p>\n<div itemscope=\"\" itemtype=\"https:\/\/schema.org\/FAQPage\">\n<h2><span itemprop=\"name\">Preguntas frecuentes sobre Enamor Rouge de Volar\u00e9<\/span><\/h2>\n<div itemprop=\"mainEntity\" itemscope=\"\" itemtype=\"https:\/\/schema.org\/Question\">\n<h3 itemprop=\"name\">\u00bfCu\u00e1nto tiempo dura Enamor Rouge en la piel?<\/h3>\n<div itemprop=\"acceptedAnswer\" itemscope=\"\" itemtype=\"https:\/\/schema.org\/Answer\">\n<p itemprop=\"text\">Enamor Rouge de Volar\u00e9 ofrece un <strong>fijaci\u00f3n duradera<\/strong> gracias a su <strong>c\u00e1lidas notas orientales<\/strong>. Permanece en la piel durante todo el d\u00eda sin desvanecerse r\u00e1pidamente, dejando una estela elegante y sutil que dura horas.<\/p>\n<\/div>\n<\/div>\n<div itemprop=\"mainEntity\" itemscope=\"\" itemtype=\"https:\/\/schema.org\/Question\">\n<h3 itemprop=\"name\">\u00bfEs Enamor Rouge adecuado para todas las estaciones?<\/h3>\n<div itemprop=\"acceptedAnswer\" itemscope=\"\" itemtype=\"https:\/\/schema.org\/Answer\">\n<p itemprop=\"text\">S\u00ed, Enamor Rouge se puede llevar <strong>todo el a\u00f1o<\/strong>. Su fragancia equilibrada de suavidad, frescura y sensualidad lo convierte en una elecci\u00f3n perfecta tanto para los d\u00edas de verano como para las noches de invierno.<\/p>\n<\/div>\n<\/div>\n<div itemprop=\"mainEntity\" itemscope=\"\" itemtype=\"https:\/\/schema.org\/Question\">\n<h3 itemprop=\"name\">\u00bfA qui\u00e9n se dirige principalmente Enamor Rouge?<\/h3>\n<div itemprop=\"acceptedAnswer\" itemscope=\"\" itemtype=\"https:\/\/schema.org\/Answer\">\n<p itemprop=\"text\">Esta fragancia es para <strong>mujeres elegantes y seguras de s\u00ed mismas<\/strong> que desean afirmar su personalidad sin extravagancias. Es perfecto para quienes desean una fragancia que <strong>original, femenina y refinada<\/strong>.<\/p>\n<\/div>\n<\/div>\n<div itemprop=\"mainEntity\" itemscope=\"\" itemtype=\"https:\/\/schema.org\/Question\">\n<h3 itemprop=\"name\">\u00bfEn qu\u00e9 se inspir\u00f3 la botella de Enamor Rouge?<\/h3>\n<div itemprop=\"acceptedAnswer\" itemscope=\"\" itemtype=\"https:\/\/schema.org\/Answer\">\n<p itemprop=\"text\">La botella Enamor Rouge se distingue por su <strong>dise\u00f1o rojo brillante con detalles dorados<\/strong>Evoca lujo, pasi\u00f3n y refinamiento. Es tan bonito de exponer como de usar, lo que lo convierte en un aut\u00e9ntico objeto decorativo.<\/p>\n<\/div>\n<\/div>\n<\/div>","protected":false},"excerpt":{"rendered":"<p><strong><u>Datos t\u00e9cnicos :<\/u><\/strong><\/p>\n<p><strong>Nombre del perfume<\/strong> : Enamor Rouge<br \/>\n<strong>Marca<\/strong> : Volar\u00e9<br \/>\n<strong>Tipo<\/strong> : Mujer<br \/>\n<strong>Capacidad<\/strong> 100 ml<\/p>\n<p><strong><u>Notas de fragancia :<\/u><\/strong><\/p>\n<p><strong>Notas altas<\/strong> Rosa, azafr\u00e1n<br \/>\n<strong>Notas de coraz\u00f3n<\/strong> : Cedro<br \/>\n<strong>Notas de fondo<\/strong> Musk.<\/p>","protected":false},"featured_media":34938,"template":"","meta":[],"product_brand":[],"product_cat":[201,236,206,326],"product_tag":[],"class_list":{"0":"post-34937","1":"product","2":"type-product","3":"status-publish","4":"has-post-thumbnail","6":"product_cat-parfum-femme","7":"product_cat-parfum-musque","8":"product_cat-parfum-rose","9":"product_cat-volare","11":"first","12":"instock","13":"taxable","14":"shipping-taxable","15":"purchasable","16":"product-type-simple"},"yoast_head":"<!-- This site is optimized with the Yoast SEO plugin v27.5 - https:\/\/yoast.com\/product\/yoast-seo-wordpress\/ -->\n<title>Enamor Rouge Volar\u00e9 | Parfum oriental floral | Rose &amp; Safran<\/title>\n<meta name=\"description\" content=\"D\u00e9couvrez Enamor Rouge de Volar\u00e9 : une fragrance \u00e9l\u00e9gante et envo\u00fbtante. Ses notes de rose, safran et musc cr\u00e9ent un sillage profond et inoubliable.\" \/>\n<meta name=\"robots\" content=\"index, follow, max-snippet:-1, max-image-preview:large, max-video-preview:-1\" \/>\n<link rel=\"canonical\" href=\"https:\/\/lescollectionsprivees.com\/es\/fragancia\/eau-de-parfum-enamor-rouge\/\" \/>\n<meta property=\"og:locale\" content=\"es_ES\" \/>\n<meta property=\"og:type\" content=\"article\" \/>\n<meta property=\"og:title\" content=\"Enamor Rouge Volar\u00e9 | Parfum oriental floral | Rose &amp; Safran\" \/>\n<meta property=\"og:description\" content=\"D\u00e9couvrez Enamor Rouge de Volar\u00e9 : une fragrance \u00e9l\u00e9gante et envo\u00fbtante. Ses notes de rose, safran et musc cr\u00e9ent un sillage profond et inoubliable.\" \/>\n<meta property=\"og:url\" content=\"https:\/\/lescollectionsprivees.com\/es\/fragancia\/eau-de-parfum-enamor-rouge\/\" \/>\n<meta property=\"og:site_name\" content=\"Les Collections Priv\u00e9es\" \/>\n<meta property=\"article:modified_time\" content=\"2025-08-01T10:50:35+00:00\" \/>\n<meta property=\"og:image\" content=\"https:\/\/lescollectionsprivees.com\/wp-content\/uploads\/2025\/05\/EAU-DE-PARFUM-ENAMOR-ROUGE-100ML-VOLARE.jpg\" \/>\n\t<meta property=\"og:image:width\" content=\"600\" \/>\n\t<meta property=\"og:image:height\" content=\"600\" \/>\n\t<meta property=\"og:image:type\" content=\"image\/jpeg\" \/>\n<meta name=\"twitter:card\" content=\"summary_large_image\" \/>\n<meta name=\"twitter:label1\" content=\"Tiempo de lectura\" \/>\n\t<meta name=\"twitter:data1\" content=\"1 minuto\" \/>\n<script type=\"application\/ld+json\" class=\"yoast-schema-graph\">{\"@context\":\"https:\\\/\\\/schema.org\",\"@graph\":[{\"@type\":\"WebPage\",\"@id\":\"https:\\\/\\\/lescollectionsprivees.com\\\/parfum\\\/eau-de-parfum-enamor-rouge\\\/\",\"url\":\"https:\\\/\\\/lescollectionsprivees.com\\\/parfum\\\/eau-de-parfum-enamor-rouge\\\/\",\"name\":\"Enamor Rouge Volar\u00e9 | Parfum oriental floral | Rose & Safran\",\"isPartOf\":{\"@id\":\"https:\\\/\\\/lescollectionsprivees.com\\\/#website\"},\"primaryImageOfPage\":{\"@id\":\"https:\\\/\\\/lescollectionsprivees.com\\\/parfum\\\/eau-de-parfum-enamor-rouge\\\/#primaryimage\"},\"image\":{\"@id\":\"https:\\\/\\\/lescollectionsprivees.com\\\/parfum\\\/eau-de-parfum-enamor-rouge\\\/#primaryimage\"},\"thumbnailUrl\":\"https:\\\/\\\/lescollectionsprivees.com\\\/wp-content\\\/uploads\\\/2025\\\/05\\\/EAU-DE-PARFUM-ENAMOR-ROUGE-100ML-VOLARE.jpg\",\"datePublished\":\"2025-08-01T09:32:52+00:00\",\"dateModified\":\"2025-08-01T10:50:35+00:00\",\"description\":\"D\u00e9couvrez Enamor Rouge de Volar\u00e9 : une fragrance \u00e9l\u00e9gante et envo\u00fbtante. Ses notes de rose, safran et musc cr\u00e9ent un sillage profond et inoubliable.\",\"breadcrumb\":{\"@id\":\"https:\\\/\\\/lescollectionsprivees.com\\\/parfum\\\/eau-de-parfum-enamor-rouge\\\/#breadcrumb\"},\"inLanguage\":\"es\",\"potentialAction\":[{\"@type\":\"ReadAction\",\"target\":[\"https:\\\/\\\/lescollectionsprivees.com\\\/parfum\\\/eau-de-parfum-enamor-rouge\\\/\"]}]},{\"@type\":\"ImageObject\",\"inLanguage\":\"es\",\"@id\":\"https:\\\/\\\/lescollectionsprivees.com\\\/parfum\\\/eau-de-parfum-enamor-rouge\\\/#primaryimage\",\"url\":\"https:\\\/\\\/lescollectionsprivees.com\\\/wp-content\\\/uploads\\\/2025\\\/05\\\/EAU-DE-PARFUM-ENAMOR-ROUGE-100ML-VOLARE.jpg\",\"contentUrl\":\"https:\\\/\\\/lescollectionsprivees.com\\\/wp-content\\\/uploads\\\/2025\\\/05\\\/EAU-DE-PARFUM-ENAMOR-ROUGE-100ML-VOLARE.jpg\",\"width\":600,\"height\":600,\"caption\":\"Eau de parfum Enamor Rouge 100ml \u2013 Volar\u00e9\"},{\"@type\":\"BreadcrumbList\",\"@id\":\"https:\\\/\\\/lescollectionsprivees.com\\\/parfum\\\/eau-de-parfum-enamor-rouge\\\/#breadcrumb\",\"itemListElement\":[{\"@type\":\"ListItem\",\"position\":1,\"name\":\"Accueil\",\"item\":\"https:\\\/\\\/lescollectionsprivees.com\\\/\"},{\"@type\":\"ListItem\",\"position\":2,\"name\":\"Boutique\",\"item\":\"https:\\\/\\\/lescollectionsprivees.com\\\/boutique\\\/\"},{\"@type\":\"ListItem\",\"position\":3,\"name\":\"Eau de parfum Enamor Rouge 100ml \u2013 Volar\u00e9\"}]},{\"@type\":\"WebSite\",\"@id\":\"https:\\\/\\\/lescollectionsprivees.com\\\/#website\",\"url\":\"https:\\\/\\\/lescollectionsprivees.com\\\/\",\"name\":\"Les Collections Priv\u00e9es\",\"description\":\"\",\"publisher\":{\"@id\":\"https:\\\/\\\/lescollectionsprivees.com\\\/#organization\"},\"potentialAction\":[{\"@type\":\"SearchAction\",\"target\":{\"@type\":\"EntryPoint\",\"urlTemplate\":\"https:\\\/\\\/lescollectionsprivees.com\\\/?s={search_term_string}\"},\"query-input\":{\"@type\":\"PropertyValueSpecification\",\"valueRequired\":true,\"valueName\":\"search_term_string\"}}],\"inLanguage\":\"es\"},{\"@type\":\"Organization\",\"@id\":\"https:\\\/\\\/lescollectionsprivees.com\\\/#organization\",\"name\":\"Les Collections Priv\u00e9es\",\"url\":\"https:\\\/\\\/lescollectionsprivees.com\\\/\",\"logo\":{\"@type\":\"ImageObject\",\"inLanguage\":\"es\",\"@id\":\"https:\\\/\\\/lescollectionsprivees.com\\\/#\\\/schema\\\/logo\\\/image\\\/\",\"url\":\"https:\\\/\\\/lescollectionsprivees.com\\\/wp-content\\\/uploads\\\/2020\\\/02\\\/Logo-Les-Collections-Priv\u00e9es-450x450-1.png\",\"contentUrl\":\"https:\\\/\\\/lescollectionsprivees.com\\\/wp-content\\\/uploads\\\/2020\\\/02\\\/Logo-Les-Collections-Priv\u00e9es-450x450-1.png\",\"width\":450,\"height\":450,\"caption\":\"Les Collections Priv\u00e9es\"},\"image\":{\"@id\":\"https:\\\/\\\/lescollectionsprivees.com\\\/#\\\/schema\\\/logo\\\/image\\\/\"}}]}<\/script>\n<!-- \/ Yoast SEO plugin. -->","yoast_head_json":{"title":"Enamor Rouge Volar\u00e9 | Fragancia oriental floral | Rosa y azafr\u00e1n","description":"Descubra Enamor Rouge de Volar\u00e9: una fragancia elegante y hechizante. Sus notas de rosa, azafr\u00e1n y almizcle crean una estela profunda e inolvidable.","robots":{"index":"index","follow":"follow","max-snippet":"max-snippet:-1","max-image-preview":"max-image-preview:large","max-video-preview":"max-video-preview:-1"},"canonical":"https:\/\/lescollectionsprivees.com\/es\/fragancia\/eau-de-parfum-enamor-rouge\/","og_locale":"es_ES","og_type":"article","og_title":"Enamor Rouge Volar\u00e9 | Parfum oriental floral | Rose & Safran","og_description":"D\u00e9couvrez Enamor Rouge de Volar\u00e9 : une fragrance \u00e9l\u00e9gante et envo\u00fbtante. Ses notes de rose, safran et musc cr\u00e9ent un sillage profond et inoubliable.","og_url":"https:\/\/lescollectionsprivees.com\/es\/fragancia\/eau-de-parfum-enamor-rouge\/","og_site_name":"Les Collections Priv\u00e9es","article_modified_time":"2025-08-01T10:50:35+00:00","og_image":[{"width":600,"height":600,"url":"https:\/\/lescollectionsprivees.com\/wp-content\/uploads\/2025\/05\/EAU-DE-PARFUM-ENAMOR-ROUGE-100ML-VOLARE.jpg","type":"image\/jpeg"}],"twitter_card":"summary_large_image","twitter_misc":{"Tiempo de lectura":"1 minuto"},"schema":{"@context":"https:\/\/schema.org","@graph":[{"@type":"WebPage","@id":"https:\/\/lescollectionsprivees.com\/parfum\/eau-de-parfum-enamor-rouge\/","url":"https:\/\/lescollectionsprivees.com\/parfum\/eau-de-parfum-enamor-rouge\/","name":"Enamor Rouge Volar\u00e9 | Fragancia oriental floral | Rosa y azafr\u00e1n","isPartOf":{"@id":"https:\/\/lescollectionsprivees.com\/#website"},"primaryImageOfPage":{"@id":"https:\/\/lescollectionsprivees.com\/parfum\/eau-de-parfum-enamor-rouge\/#primaryimage"},"image":{"@id":"https:\/\/lescollectionsprivees.com\/parfum\/eau-de-parfum-enamor-rouge\/#primaryimage"},"thumbnailUrl":"https:\/\/lescollectionsprivees.com\/wp-content\/uploads\/2025\/05\/EAU-DE-PARFUM-ENAMOR-ROUGE-100ML-VOLARE.jpg","datePublished":"2025-08-01T09:32:52+00:00","dateModified":"2025-08-01T10:50:35+00:00","description":"Descubra Enamor Rouge de Volar\u00e9: una fragancia elegante y hechizante. Sus notas de rosa, azafr\u00e1n y almizcle crean una estela profunda e inolvidable.","breadcrumb":{"@id":"https:\/\/lescollectionsprivees.com\/parfum\/eau-de-parfum-enamor-rouge\/#breadcrumb"},"inLanguage":"es","potentialAction":[{"@type":"ReadAction","target":["https:\/\/lescollectionsprivees.com\/parfum\/eau-de-parfum-enamor-rouge\/"]}]},{"@type":"ImageObject","inLanguage":"es","@id":"https:\/\/lescollectionsprivees.com\/parfum\/eau-de-parfum-enamor-rouge\/#primaryimage","url":"https:\/\/lescollectionsprivees.com\/wp-content\/uploads\/2025\/05\/EAU-DE-PARFUM-ENAMOR-ROUGE-100ML-VOLARE.jpg","contentUrl":"https:\/\/lescollectionsprivees.com\/wp-content\/uploads\/2025\/05\/EAU-DE-PARFUM-ENAMOR-ROUGE-100ML-VOLARE.jpg","width":600,"height":600,"caption":"Eau de parfum Enamor Rouge 100ml \u2013 Volar\u00e9"},{"@type":"BreadcrumbList","@id":"https:\/\/lescollectionsprivees.com\/parfum\/eau-de-parfum-enamor-rouge\/#breadcrumb","itemListElement":[{"@type":"ListItem","position":1,"name":"Accueil","item":"https:\/\/lescollectionsprivees.com\/"},{"@type":"ListItem","position":2,"name":"Boutique","item":"https:\/\/lescollectionsprivees.com\/boutique\/"},{"@type":"ListItem","position":3,"name":"Eau de parfum Enamor Rouge 100ml \u2013 Volar\u00e9"}]},{"@type":"WebSite","@id":"https:\/\/lescollectionsprivees.com\/#website","url":"https:\/\/lescollectionsprivees.com\/","name":"Colecciones privadas","description":"","publisher":{"@id":"https:\/\/lescollectionsprivees.com\/#organization"},"potentialAction":[{"@type":"SearchAction","target":{"@type":"EntryPoint","urlTemplate":"https:\/\/lescollectionsprivees.com\/?s={search_term_string}"},"query-input":{"@type":"PropertyValueSpecification","valueRequired":true,"valueName":"search_term_string"}}],"inLanguage":"es"},{"@type":"Organization","@id":"https:\/\/lescollectionsprivees.com\/#organization","name":"Colecciones privadas","url":"https:\/\/lescollectionsprivees.com\/","logo":{"@type":"ImageObject","inLanguage":"es","@id":"https:\/\/lescollectionsprivees.com\/#\/schema\/logo\/image\/","url":"https:\/\/lescollectionsprivees.com\/wp-content\/uploads\/2020\/02\/Logo-Les-Collections-Priv\u00e9es-450x450-1.png","contentUrl":"https:\/\/lescollectionsprivees.com\/wp-content\/uploads\/2020\/02\/Logo-Les-Collections-Priv\u00e9es-450x450-1.png","width":450,"height":450,"caption":"Les Collections Priv\u00e9es"},"image":{"@id":"https:\/\/lescollectionsprivees.com\/#\/schema\/logo\/image\/"}}]}},"_links":{"self":[{"href":"https:\/\/lescollectionsprivees.com\/es\/wp-json\/wp\/v2\/product\/34937","targetHints":{"allow":["GET"]}}],"collection":[{"href":"https:\/\/lescollectionsprivees.com\/es\/wp-json\/wp\/v2\/product"}],"about":[{"href":"https:\/\/lescollectionsprivees.com\/es\/wp-json\/wp\/v2\/types\/product"}],"wp:featuredmedia":[{"embeddable":true,"href":"https:\/\/lescollectionsprivees.com\/es\/wp-json\/wp\/v2\/media\/34938"}],"wp:attachment":[{"href":"https:\/\/lescollectionsprivees.com\/es\/wp-json\/wp\/v2\/media?parent=34937"}],"wp:term":[{"taxonomy":"product_brand","embeddable":true,"href":"https:\/\/lescollectionsprivees.com\/es\/wp-json\/wp\/v2\/product_brand?post=34937"},{"taxonomy":"product_cat","embeddable":true,"href":"https:\/\/lescollectionsprivees.com\/es\/wp-json\/wp\/v2\/product_cat?post=34937"},{"taxonomy":"product_tag","embeddable":true,"href":"https:\/\/lescollectionsprivees.com\/es\/wp-json\/wp\/v2\/product_tag?post=34937"}],"curies":[{"name":"wp","href":"https:\/\/api.w.org\/{rel}","templated":true}]}}