{"id":6329,"date":"2020-02-06T12:41:15","date_gmt":"2020-02-06T12:41:15","guid":{"rendered":"https:\/\/lescollectionsprivees.com\/produit\/import-placeholder-for-1759\/"},"modified":"2024-08-23T09:00:30","modified_gmt":"2024-08-23T09:00:30","slug":"perfumes-shahrazad-lattafa","status":"publish","type":"product","link":"https:\/\/lescollectionsprivees.com\/es\/parfum\/shahrazad-lattafa-perfumes\/","title":{"rendered":"Shahrazad - Perfumes Lattafa"},"content":{"rendered":"<h2><strong>Shahrazad por Lattafa Perfumes<\/strong><\/h2>\n<p>Shahrazad tiene todos los ingredientes de una seductora obra maestra. Y queda claro desde los primeros momentos. Aqu\u00ed, Lattafa Perfumes consigue h\u00e1bilmente ir en contra de las expectativas y las tradiciones. En lugar de ofrecer una fragancia compleja y sobrecargada con un sinf\u00edn de aromas golosos, Shahrazad resulta ser un aut\u00e9ntico viaje olfativo, que te lleva desde las primeras impresiones dulces hasta una belleza sobria y sutil.<\/p>\n<h2><strong>Armonizar para seducir mejor <\/strong><\/h2>\n<p>Compuesto de vainilla, cardamomo y azafr\u00e1n, este eau de parfum no tendr\u00eda problemas para situarse entre los aromas m\u00e1s dulces de la marca. Dicho esto, la expresi\u00f3n inicial de la vainilla no es ni demasiado pronunciada ni demasiado prolongada. Es un suspiro, casi inesperado, que r\u00e1pidamente da paso a los aromas amaderados del oud. A partir de ah\u00ed, comienza una sinfon\u00eda de acordes. Del guayaco al cipriol, todas las notas armonizan consecutivamente con el oud para crear un conjunto sorprendentemente cohesionado.<\/p>\n<p>As\u00ed, a pesar de la notable presencia de aromas fuertes y notas f\u00e1cilmente identificables, Shahrazad de Lattafa Perfumes consigue crear una fragancia sencilla y agradable. Esta fragancia se eleva por encima de la sofisticaci\u00f3n habitual de las fragancias seductoras para presentar una belleza que no se esconde tras el artificio, sino que se sostiene por s\u00ed misma.<\/p>\n<h2><strong>La sutileza de las fragancias orientales<\/strong><\/h2>\n<p>Verdadero arquetipo de fragancia oriental preciosa, Shahrazad de Lattafa Perfumes tiene una vida relativamente larga y una proyecci\u00f3n satisfactoria. Es una fragancia con notas amaderadas y golosas que siempre dejar\u00e1 esp\u00edritus conquistados a su paso.<\/p>","protected":false},"excerpt":{"rendered":"<p><strong><u>Datos t\u00e9cnicos :<\/u><\/strong><\/p>\n<p><strong>Nombre del perfume<\/strong> Shahrazad<br \/>\n<strong>Marca<\/strong> : Lattafa Perfumes<br \/>\n<strong>Tipo<\/strong> Unisex<br \/>\n<strong>Capacidad<\/strong> 100 ml<\/p>\n<p><span style=\"text-decoration: underline;\"><strong>Perfil olfativo<\/strong> :<\/span><\/p>\n<p>Oud, Cardamomo, Guayaco, Vainilla, Azafr\u00e1n, Aceite esencial de Cypriol<\/p>","protected":false},"featured_media":8359,"template":"","meta":[],"product_brand":[],"product_cat":[227,15],"product_tag":[],"class_list":{"0":"post-6329","1":"product","2":"type-product","3":"status-publish","4":"has-post-thumbnail","6":"product_cat-parfum-lattafa","7":"product_cat-parfums-de-dubai","8":"pa_marque-lattafa-perfumes","10":"first","11":"instock","12":"taxable","13":"shipping-taxable","14":"purchasable","15":"product-type-simple"},"yoast_head":"<!-- This site is optimized with the Yoast SEO plugin v27.5 - https:\/\/yoast.com\/product\/yoast-seo-wordpress\/ -->\n<title>Shahrazad de Lattafa Perfumes en 100 ml - Les Collections Priv\u00e9es<\/title>\n<meta name=\"description\" content=\"Shahrazad\u00a0de Lattafa Perfumes a tout d\u2019un chef-d\u2019\u0153uvre de s\u00e9duction. Et on s\u2019en rend bien compte d\u00e8s les premiers instants. Pour le d\u00e9couvrir, cliquez ici !\" \/>\n<meta name=\"robots\" content=\"index, follow, max-snippet:-1, max-image-preview:large, max-video-preview:-1\" \/>\n<link rel=\"canonical\" href=\"https:\/\/lescollectionsprivees.com\/es\/fragancia\/perfumes-shahrazad-lattafa\/\" \/>\n<meta property=\"og:locale\" content=\"es_ES\" \/>\n<meta property=\"og:type\" content=\"article\" \/>\n<meta property=\"og:title\" content=\"Shahrazad de Lattafa Perfumes en 100 ml - Les Collections Priv\u00e9es\" \/>\n<meta property=\"og:description\" content=\"Shahrazad\u00a0de Lattafa Perfumes a tout d\u2019un chef-d\u2019\u0153uvre de s\u00e9duction. Et on s\u2019en rend bien compte d\u00e8s les premiers instants. Pour le d\u00e9couvrir, cliquez ici !\" \/>\n<meta property=\"og:url\" content=\"https:\/\/lescollectionsprivees.com\/es\/fragancia\/perfumes-shahrazad-lattafa\/\" \/>\n<meta property=\"og:site_name\" content=\"Les Collections Priv\u00e9es\" \/>\n<meta property=\"article:modified_time\" content=\"2024-08-23T09:00:30+00:00\" \/>\n<meta property=\"og:image\" content=\"https:\/\/lescollectionsprivees.com\/wp-content\/uploads\/2020\/02\/Shahrazad-Ard-Al-Zaafaran-Les-Collections-Priv\u00e9es.jpg\" \/>\n\t<meta property=\"og:image:width\" content=\"521\" \/>\n\t<meta property=\"og:image:height\" content=\"695\" \/>\n\t<meta property=\"og:image:type\" content=\"image\/jpeg\" \/>\n<meta name=\"twitter:card\" content=\"summary_large_image\" \/>\n<meta name=\"twitter:label1\" content=\"Tiempo de lectura\" \/>\n\t<meta name=\"twitter:data1\" content=\"2 minutos\" \/>\n<script type=\"application\/ld+json\" class=\"yoast-schema-graph\">{\"@context\":\"https:\\\/\\\/schema.org\",\"@graph\":[{\"@type\":\"WebPage\",\"@id\":\"https:\\\/\\\/lescollectionsprivees.com\\\/parfum\\\/shahrazad-lattafa-perfumes\\\/\",\"url\":\"https:\\\/\\\/lescollectionsprivees.com\\\/parfum\\\/shahrazad-lattafa-perfumes\\\/\",\"name\":\"Shahrazad de Lattafa Perfumes en 100 ml - Les Collections Priv\u00e9es\",\"isPartOf\":{\"@id\":\"https:\\\/\\\/lescollectionsprivees.com\\\/#website\"},\"primaryImageOfPage\":{\"@id\":\"https:\\\/\\\/lescollectionsprivees.com\\\/parfum\\\/shahrazad-lattafa-perfumes\\\/#primaryimage\"},\"image\":{\"@id\":\"https:\\\/\\\/lescollectionsprivees.com\\\/parfum\\\/shahrazad-lattafa-perfumes\\\/#primaryimage\"},\"thumbnailUrl\":\"https:\\\/\\\/lescollectionsprivees.com\\\/wp-content\\\/uploads\\\/2020\\\/02\\\/Shahrazad-Ard-Al-Zaafaran-Les-Collections-Priv\u00e9es.jpg\",\"datePublished\":\"2020-02-06T12:41:15+00:00\",\"dateModified\":\"2024-08-23T09:00:30+00:00\",\"description\":\"Shahrazad\u00a0de Lattafa Perfumes a tout d\u2019un chef-d\u2019\u0153uvre de s\u00e9duction. Et on s\u2019en rend bien compte d\u00e8s les premiers instants. Pour le d\u00e9couvrir, cliquez ici !\",\"breadcrumb\":{\"@id\":\"https:\\\/\\\/lescollectionsprivees.com\\\/parfum\\\/shahrazad-lattafa-perfumes\\\/#breadcrumb\"},\"inLanguage\":\"es\",\"potentialAction\":[{\"@type\":\"ReadAction\",\"target\":[\"https:\\\/\\\/lescollectionsprivees.com\\\/parfum\\\/shahrazad-lattafa-perfumes\\\/\"]}]},{\"@type\":\"ImageObject\",\"inLanguage\":\"es\",\"@id\":\"https:\\\/\\\/lescollectionsprivees.com\\\/parfum\\\/shahrazad-lattafa-perfumes\\\/#primaryimage\",\"url\":\"https:\\\/\\\/lescollectionsprivees.com\\\/wp-content\\\/uploads\\\/2020\\\/02\\\/Shahrazad-Ard-Al-Zaafaran-Les-Collections-Priv\u00e9es.jpg\",\"contentUrl\":\"https:\\\/\\\/lescollectionsprivees.com\\\/wp-content\\\/uploads\\\/2020\\\/02\\\/Shahrazad-Ard-Al-Zaafaran-Les-Collections-Priv\u00e9es.jpg\",\"width\":521,\"height\":695,\"caption\":\"Shahrazad - Ard Al Zaafaran - Les Collections Priv\u00e9es\"},{\"@type\":\"BreadcrumbList\",\"@id\":\"https:\\\/\\\/lescollectionsprivees.com\\\/parfum\\\/shahrazad-lattafa-perfumes\\\/#breadcrumb\",\"itemListElement\":[{\"@type\":\"ListItem\",\"position\":1,\"name\":\"Accueil\",\"item\":\"https:\\\/\\\/lescollectionsprivees.com\\\/\"},{\"@type\":\"ListItem\",\"position\":2,\"name\":\"Boutique\",\"item\":\"https:\\\/\\\/lescollectionsprivees.com\\\/boutique\\\/\"},{\"@type\":\"ListItem\",\"position\":3,\"name\":\"Shahrazad &#8211; Lattafa Perfumes\"}]},{\"@type\":\"WebSite\",\"@id\":\"https:\\\/\\\/lescollectionsprivees.com\\\/#website\",\"url\":\"https:\\\/\\\/lescollectionsprivees.com\\\/\",\"name\":\"Les Collections Priv\u00e9es\",\"description\":\"\",\"publisher\":{\"@id\":\"https:\\\/\\\/lescollectionsprivees.com\\\/#organization\"},\"potentialAction\":[{\"@type\":\"SearchAction\",\"target\":{\"@type\":\"EntryPoint\",\"urlTemplate\":\"https:\\\/\\\/lescollectionsprivees.com\\\/?s={search_term_string}\"},\"query-input\":{\"@type\":\"PropertyValueSpecification\",\"valueRequired\":true,\"valueName\":\"search_term_string\"}}],\"inLanguage\":\"es\"},{\"@type\":\"Organization\",\"@id\":\"https:\\\/\\\/lescollectionsprivees.com\\\/#organization\",\"name\":\"Les Collections Priv\u00e9es\",\"url\":\"https:\\\/\\\/lescollectionsprivees.com\\\/\",\"logo\":{\"@type\":\"ImageObject\",\"inLanguage\":\"es\",\"@id\":\"https:\\\/\\\/lescollectionsprivees.com\\\/#\\\/schema\\\/logo\\\/image\\\/\",\"url\":\"https:\\\/\\\/lescollectionsprivees.com\\\/wp-content\\\/uploads\\\/2020\\\/02\\\/Logo-Les-Collections-Priv\u00e9es-450x450-1.png\",\"contentUrl\":\"https:\\\/\\\/lescollectionsprivees.com\\\/wp-content\\\/uploads\\\/2020\\\/02\\\/Logo-Les-Collections-Priv\u00e9es-450x450-1.png\",\"width\":450,\"height\":450,\"caption\":\"Les Collections Priv\u00e9es\"},\"image\":{\"@id\":\"https:\\\/\\\/lescollectionsprivees.com\\\/#\\\/schema\\\/logo\\\/image\\\/\"}}]}<\/script>\n<!-- \/ Yoast SEO plugin. -->","yoast_head_json":{"title":"Shahrazad por Lattafa Perfumes en 100 ml - Les Collections Priv\u00e9es","description":"Shahrazad de Lattafa Perfumes tiene todos los ingredientes de una seductora obra maestra. Y queda claro desde el primer momento. Para descubrirla, \u00a1haga clic aqu\u00ed!","robots":{"index":"index","follow":"follow","max-snippet":"max-snippet:-1","max-image-preview":"max-image-preview:large","max-video-preview":"max-video-preview:-1"},"canonical":"https:\/\/lescollectionsprivees.com\/es\/fragancia\/perfumes-shahrazad-lattafa\/","og_locale":"es_ES","og_type":"article","og_title":"Shahrazad de Lattafa Perfumes en 100 ml - Les Collections Priv\u00e9es","og_description":"Shahrazad\u00a0de Lattafa Perfumes a tout d\u2019un chef-d\u2019\u0153uvre de s\u00e9duction. Et on s\u2019en rend bien compte d\u00e8s les premiers instants. Pour le d\u00e9couvrir, cliquez ici !","og_url":"https:\/\/lescollectionsprivees.com\/es\/fragancia\/perfumes-shahrazad-lattafa\/","og_site_name":"Les Collections Priv\u00e9es","article_modified_time":"2024-08-23T09:00:30+00:00","og_image":[{"width":521,"height":695,"url":"https:\/\/lescollectionsprivees.com\/wp-content\/uploads\/2020\/02\/Shahrazad-Ard-Al-Zaafaran-Les-Collections-Priv\u00e9es.jpg","type":"image\/jpeg"}],"twitter_card":"summary_large_image","twitter_misc":{"Tiempo de lectura":"2 minutos"},"schema":{"@context":"https:\/\/schema.org","@graph":[{"@type":"WebPage","@id":"https:\/\/lescollectionsprivees.com\/parfum\/shahrazad-lattafa-perfumes\/","url":"https:\/\/lescollectionsprivees.com\/parfum\/shahrazad-lattafa-perfumes\/","name":"Shahrazad por Lattafa Perfumes en 100 ml - Les Collections Priv\u00e9es","isPartOf":{"@id":"https:\/\/lescollectionsprivees.com\/#website"},"primaryImageOfPage":{"@id":"https:\/\/lescollectionsprivees.com\/parfum\/shahrazad-lattafa-perfumes\/#primaryimage"},"image":{"@id":"https:\/\/lescollectionsprivees.com\/parfum\/shahrazad-lattafa-perfumes\/#primaryimage"},"thumbnailUrl":"https:\/\/lescollectionsprivees.com\/wp-content\/uploads\/2020\/02\/Shahrazad-Ard-Al-Zaafaran-Les-Collections-Priv\u00e9es.jpg","datePublished":"2020-02-06T12:41:15+00:00","dateModified":"2024-08-23T09:00:30+00:00","description":"Shahrazad de Lattafa Perfumes tiene todos los ingredientes de una seductora obra maestra. Y queda claro desde el primer momento. Para descubrirla, \u00a1haga clic aqu\u00ed!","breadcrumb":{"@id":"https:\/\/lescollectionsprivees.com\/parfum\/shahrazad-lattafa-perfumes\/#breadcrumb"},"inLanguage":"es","potentialAction":[{"@type":"ReadAction","target":["https:\/\/lescollectionsprivees.com\/parfum\/shahrazad-lattafa-perfumes\/"]}]},{"@type":"ImageObject","inLanguage":"es","@id":"https:\/\/lescollectionsprivees.com\/parfum\/shahrazad-lattafa-perfumes\/#primaryimage","url":"https:\/\/lescollectionsprivees.com\/wp-content\/uploads\/2020\/02\/Shahrazad-Ard-Al-Zaafaran-Les-Collections-Priv\u00e9es.jpg","contentUrl":"https:\/\/lescollectionsprivees.com\/wp-content\/uploads\/2020\/02\/Shahrazad-Ard-Al-Zaafaran-Les-Collections-Priv\u00e9es.jpg","width":521,"height":695,"caption":"Shahrazad - Ard Al Zaafaran - Les Collections Priv\u00e9es"},{"@type":"BreadcrumbList","@id":"https:\/\/lescollectionsprivees.com\/parfum\/shahrazad-lattafa-perfumes\/#breadcrumb","itemListElement":[{"@type":"ListItem","position":1,"name":"Accueil","item":"https:\/\/lescollectionsprivees.com\/"},{"@type":"ListItem","position":2,"name":"Boutique","item":"https:\/\/lescollectionsprivees.com\/boutique\/"},{"@type":"ListItem","position":3,"name":"Shahrazad &#8211; Lattafa Perfumes"}]},{"@type":"WebSite","@id":"https:\/\/lescollectionsprivees.com\/#website","url":"https:\/\/lescollectionsprivees.com\/","name":"Colecciones privadas","description":"","publisher":{"@id":"https:\/\/lescollectionsprivees.com\/#organization"},"potentialAction":[{"@type":"SearchAction","target":{"@type":"EntryPoint","urlTemplate":"https:\/\/lescollectionsprivees.com\/?s={search_term_string}"},"query-input":{"@type":"PropertyValueSpecification","valueRequired":true,"valueName":"search_term_string"}}],"inLanguage":"es"},{"@type":"Organization","@id":"https:\/\/lescollectionsprivees.com\/#organization","name":"Colecciones privadas","url":"https:\/\/lescollectionsprivees.com\/","logo":{"@type":"ImageObject","inLanguage":"es","@id":"https:\/\/lescollectionsprivees.com\/#\/schema\/logo\/image\/","url":"https:\/\/lescollectionsprivees.com\/wp-content\/uploads\/2020\/02\/Logo-Les-Collections-Priv\u00e9es-450x450-1.png","contentUrl":"https:\/\/lescollectionsprivees.com\/wp-content\/uploads\/2020\/02\/Logo-Les-Collections-Priv\u00e9es-450x450-1.png","width":450,"height":450,"caption":"Les Collections Priv\u00e9es"},"image":{"@id":"https:\/\/lescollectionsprivees.com\/#\/schema\/logo\/image\/"}}]}},"_links":{"self":[{"href":"https:\/\/lescollectionsprivees.com\/es\/wp-json\/wp\/v2\/product\/6329","targetHints":{"allow":["GET"]}}],"collection":[{"href":"https:\/\/lescollectionsprivees.com\/es\/wp-json\/wp\/v2\/product"}],"about":[{"href":"https:\/\/lescollectionsprivees.com\/es\/wp-json\/wp\/v2\/types\/product"}],"wp:featuredmedia":[{"embeddable":true,"href":"https:\/\/lescollectionsprivees.com\/es\/wp-json\/wp\/v2\/media\/8359"}],"wp:attachment":[{"href":"https:\/\/lescollectionsprivees.com\/es\/wp-json\/wp\/v2\/media?parent=6329"}],"wp:term":[{"taxonomy":"product_brand","embeddable":true,"href":"https:\/\/lescollectionsprivees.com\/es\/wp-json\/wp\/v2\/product_brand?post=6329"},{"taxonomy":"product_cat","embeddable":true,"href":"https:\/\/lescollectionsprivees.com\/es\/wp-json\/wp\/v2\/product_cat?post=6329"},{"taxonomy":"product_tag","embeddable":true,"href":"https:\/\/lescollectionsprivees.com\/es\/wp-json\/wp\/v2\/product_tag?post=6329"}],"curies":[{"name":"wp","href":"https:\/\/api.w.org\/{rel}","templated":true}]}}