{"id":6370,"date":"2020-02-06T12:41:24","date_gmt":"2020-02-06T12:41:24","guid":{"rendered":"https:\/\/lescollectionsprivees.com\/produit\/import-placeholder-for-1887\/"},"modified":"2025-11-07T16:02:54","modified_gmt":"2025-11-07T16:02:54","slug":"intesar-al-hub-ard-al-zaafaran","status":"publish","type":"product","link":"https:\/\/lescollectionsprivees.com\/es\/parfum\/intesar-al-hub-ard-al-zaafaran\/","title":{"rendered":"Intesar Al Hub - Ard Al Zaafaran"},"content":{"rendered":"<h2>Intesar Al Hub de Ard Al Zaafaran<\/h2>\n<p>Cautivador y sensual, Intesar Al Hub de Ard Al Zaafaran cautiva a los amantes de las grandes fragancias orientales, gracias sobre todo a sus aromas delicados y suntuosos. Sue\u00f1as con llevar una fragancia de lujo para sentirte elegante y bien contigo mismo. Tambi\u00e9n le encanta aspirar buenos olores y compartirlos con los dem\u00e1s. As\u00ed que disfruta de esta magn\u00edfica fragancia de Dubai, que te llenar\u00e1 de felicidad a ti y a los que te rodean. Descubre sus maravillosos aromas dulces, ambarinos, amaderados y florales, listos para despertar tus sentidos y ablandar tu coraz\u00f3n.<\/p>\n<h2>Fragancias de lujo asequibles y razonables<\/h2>\n<p>A pesar de su precio muy asequible, Intesar Al Hub de Ard Al Zaafaran es uno de los perfumes de lujo m\u00e1s prestigiosos de Oriente Medio. Esta famosa casa de perfumes emirat\u00ed ha logrado dise\u00f1ar una fragancia con cualidades excepcionales, pero accesible al gran p\u00fablico. Su composici\u00f3n presenta ingredientes de calidad meticulosamente seleccionados para ofrecer una fragancia sensacional.<\/p>\n<p>Y ofrece un formidable bouquet olfativo con notas de vainilla, \u00e1mbar, s\u00e1ndalo y gardenia. Aromas exquisitos y dulces que embriagan y encantan a todas las narices del horizonte. Para que pueda disfrutar de una fragancia oriental preciosa y moderna sin gastarse una fortuna.<\/p>\n<h2>Sensualidad y refinamiento absolutos<\/h2>\n<p>Tanto si eres hombre como mujer, seguro que sabr\u00e1s apreciar las elegantes y atractivas caracter\u00edsticas de esta sublime fragancia. La verdad es que podr\u00e1s sacar tu lado m\u00e1s sexy y galante sin perder tu identidad.<\/p>\n<p>Dicho esto, esta lujosa fragancia tiene una estela intensa y una amplia proyecci\u00f3n. Como resultado, podr\u00e1s exhalar fant\u00e1sticos aromas con facilidad y durante horas y horas. Adem\u00e1s, te encantar\u00e1 est\u00e9s donde est\u00e9s, ya sea en el trabajo o en casa.<\/p>","protected":false},"excerpt":{"rendered":"<p><strong><u>Datos t\u00e9cnicos :<\/u><\/strong><\/p>\n<p><strong>Nombre del perfume<\/strong>\u00a0: Intesar Al Hub<br \/>\n<strong>Marca<\/strong>\u00a0Ard Al Zaafaran<br \/>\n<strong>Tipo<\/strong>\u00a0Unisex<br \/>\n<strong>Capacidad<\/strong>\u00a0100 ml<\/p>\n<p><span style=\"text-decoration: underline;\"><strong>Perfil olfativo<\/strong>\u00a0:<\/span><\/p>\n<p>Notas de vainilla, \u00e1mbar, s\u00e1ndalo y gardenia.<\/p>","protected":false},"featured_media":7266,"template":"","meta":[],"product_brand":[],"product_cat":[274,15],"product_tag":[],"class_list":{"0":"post-6370","1":"product","2":"type-product","3":"status-publish","4":"has-post-thumbnail","6":"product_cat-ard-al-zaafaran","7":"product_cat-parfums-de-dubai","8":"pa_marque-ard-al-zaafaran","10":"first","11":"outofstock","12":"taxable","13":"shipping-taxable","14":"purchasable","15":"product-type-simple"},"yoast_head":"<!-- This site is optimized with the Yoast SEO plugin v27.5 - https:\/\/yoast.com\/product\/yoast-seo-wordpress\/ -->\n<title>Intesar Al Hub de Ard Al Zaafaran en 100ml - Les Collections Priv\u00e9es<\/title>\n<meta name=\"description\" content=\"Captivant et sensuel, Intesar Al Hub de Ard Al Zaafaran passionne les amateurs de parfums orientaux avec ses senteurs somptueuses. D\u00e9couvrez-le vite\u00a0!\" \/>\n<meta name=\"robots\" content=\"index, follow, max-snippet:-1, max-image-preview:large, max-video-preview:-1\" \/>\n<link rel=\"canonical\" href=\"https:\/\/lescollectionsprivees.com\/es\/fragancia\/intesar-al-hub-ard-al-zaafaran\/\" \/>\n<meta property=\"og:locale\" content=\"es_ES\" \/>\n<meta property=\"og:type\" content=\"article\" \/>\n<meta property=\"og:title\" content=\"Intesar Al Hub de Ard Al Zaafaran en 100ml - Les Collections Priv\u00e9es\" \/>\n<meta property=\"og:description\" content=\"Captivant et sensuel, Intesar Al Hub de Ard Al Zaafaran passionne les amateurs de parfums orientaux avec ses senteurs somptueuses. D\u00e9couvrez-le vite\u00a0!\" \/>\n<meta property=\"og:url\" content=\"https:\/\/lescollectionsprivees.com\/es\/fragancia\/intesar-al-hub-ard-al-zaafaran\/\" \/>\n<meta property=\"og:site_name\" content=\"Les Collections Priv\u00e9es\" \/>\n<meta property=\"article:modified_time\" content=\"2025-11-07T16:02:54+00:00\" \/>\n<meta property=\"og:image\" content=\"https:\/\/lescollectionsprivees.com\/wp-content\/uploads\/2020\/02\/Intesar-Al-Hub-Ard-Al-Zaafaran-Les-Collections-Priv\u00e9es.png\" \/>\n\t<meta property=\"og:image:width\" content=\"521\" \/>\n\t<meta property=\"og:image:height\" content=\"695\" \/>\n\t<meta property=\"og:image:type\" content=\"image\/png\" \/>\n<meta name=\"twitter:card\" content=\"summary_large_image\" \/>\n<meta name=\"twitter:label1\" content=\"Tiempo de lectura\" \/>\n\t<meta name=\"twitter:data1\" content=\"2 minutos\" \/>\n<script type=\"application\/ld+json\" class=\"yoast-schema-graph\">{\"@context\":\"https:\\\/\\\/schema.org\",\"@graph\":[{\"@type\":\"WebPage\",\"@id\":\"https:\\\/\\\/lescollectionsprivees.com\\\/parfum\\\/intesar-al-hub-ard-al-zaafaran\\\/\",\"url\":\"https:\\\/\\\/lescollectionsprivees.com\\\/parfum\\\/intesar-al-hub-ard-al-zaafaran\\\/\",\"name\":\"Intesar Al Hub de Ard Al Zaafaran en 100ml - Les Collections Priv\u00e9es\",\"isPartOf\":{\"@id\":\"https:\\\/\\\/lescollectionsprivees.com\\\/#website\"},\"primaryImageOfPage\":{\"@id\":\"https:\\\/\\\/lescollectionsprivees.com\\\/parfum\\\/intesar-al-hub-ard-al-zaafaran\\\/#primaryimage\"},\"image\":{\"@id\":\"https:\\\/\\\/lescollectionsprivees.com\\\/parfum\\\/intesar-al-hub-ard-al-zaafaran\\\/#primaryimage\"},\"thumbnailUrl\":\"https:\\\/\\\/lescollectionsprivees.com\\\/wp-content\\\/uploads\\\/2020\\\/02\\\/Intesar-Al-Hub-Ard-Al-Zaafaran-Les-Collections-Priv\u00e9es.png\",\"datePublished\":\"2020-02-06T12:41:24+00:00\",\"dateModified\":\"2025-11-07T16:02:54+00:00\",\"description\":\"Captivant et sensuel, Intesar Al Hub de Ard Al Zaafaran passionne les amateurs de parfums orientaux avec ses senteurs somptueuses. D\u00e9couvrez-le vite\u00a0!\",\"breadcrumb\":{\"@id\":\"https:\\\/\\\/lescollectionsprivees.com\\\/parfum\\\/intesar-al-hub-ard-al-zaafaran\\\/#breadcrumb\"},\"inLanguage\":\"es\",\"potentialAction\":[{\"@type\":\"ReadAction\",\"target\":[\"https:\\\/\\\/lescollectionsprivees.com\\\/parfum\\\/intesar-al-hub-ard-al-zaafaran\\\/\"]}]},{\"@type\":\"ImageObject\",\"inLanguage\":\"es\",\"@id\":\"https:\\\/\\\/lescollectionsprivees.com\\\/parfum\\\/intesar-al-hub-ard-al-zaafaran\\\/#primaryimage\",\"url\":\"https:\\\/\\\/lescollectionsprivees.com\\\/wp-content\\\/uploads\\\/2020\\\/02\\\/Intesar-Al-Hub-Ard-Al-Zaafaran-Les-Collections-Priv\u00e9es.png\",\"contentUrl\":\"https:\\\/\\\/lescollectionsprivees.com\\\/wp-content\\\/uploads\\\/2020\\\/02\\\/Intesar-Al-Hub-Ard-Al-Zaafaran-Les-Collections-Priv\u00e9es.png\",\"width\":521,\"height\":695,\"caption\":\"Intesar Al Hub - Ard Al Zaafaran - Les Collections Priv\u00e9es\"},{\"@type\":\"BreadcrumbList\",\"@id\":\"https:\\\/\\\/lescollectionsprivees.com\\\/parfum\\\/intesar-al-hub-ard-al-zaafaran\\\/#breadcrumb\",\"itemListElement\":[{\"@type\":\"ListItem\",\"position\":1,\"name\":\"Accueil\",\"item\":\"https:\\\/\\\/lescollectionsprivees.com\\\/\"},{\"@type\":\"ListItem\",\"position\":2,\"name\":\"Boutique\",\"item\":\"https:\\\/\\\/lescollectionsprivees.com\\\/boutique\\\/\"},{\"@type\":\"ListItem\",\"position\":3,\"name\":\"Intesar Al Hub &#8211; Ard Al Zaafaran\"}]},{\"@type\":\"WebSite\",\"@id\":\"https:\\\/\\\/lescollectionsprivees.com\\\/#website\",\"url\":\"https:\\\/\\\/lescollectionsprivees.com\\\/\",\"name\":\"Les Collections Priv\u00e9es\",\"description\":\"\",\"publisher\":{\"@id\":\"https:\\\/\\\/lescollectionsprivees.com\\\/#organization\"},\"potentialAction\":[{\"@type\":\"SearchAction\",\"target\":{\"@type\":\"EntryPoint\",\"urlTemplate\":\"https:\\\/\\\/lescollectionsprivees.com\\\/?s={search_term_string}\"},\"query-input\":{\"@type\":\"PropertyValueSpecification\",\"valueRequired\":true,\"valueName\":\"search_term_string\"}}],\"inLanguage\":\"es\"},{\"@type\":\"Organization\",\"@id\":\"https:\\\/\\\/lescollectionsprivees.com\\\/#organization\",\"name\":\"Les Collections Priv\u00e9es\",\"url\":\"https:\\\/\\\/lescollectionsprivees.com\\\/\",\"logo\":{\"@type\":\"ImageObject\",\"inLanguage\":\"es\",\"@id\":\"https:\\\/\\\/lescollectionsprivees.com\\\/#\\\/schema\\\/logo\\\/image\\\/\",\"url\":\"https:\\\/\\\/lescollectionsprivees.com\\\/wp-content\\\/uploads\\\/2020\\\/02\\\/Logo-Les-Collections-Priv\u00e9es-450x450-1.png\",\"contentUrl\":\"https:\\\/\\\/lescollectionsprivees.com\\\/wp-content\\\/uploads\\\/2020\\\/02\\\/Logo-Les-Collections-Priv\u00e9es-450x450-1.png\",\"width\":450,\"height\":450,\"caption\":\"Les Collections Priv\u00e9es\"},\"image\":{\"@id\":\"https:\\\/\\\/lescollectionsprivees.com\\\/#\\\/schema\\\/logo\\\/image\\\/\"}}]}<\/script>\n<!-- \/ Yoast SEO plugin. -->","yoast_head_json":{"title":"Intesar Al Hub de Ard Al Zaafaran 100ml - Les Collections Priv\u00e9es","description":"Cautivador y sensual, Intesar Al Hub de Ard Al Zaafaran cautivar\u00e1 a los amantes de las fragancias orientales con sus suntuosos aromas. \u00a1Desc\u00fabralo ahora!","robots":{"index":"index","follow":"follow","max-snippet":"max-snippet:-1","max-image-preview":"max-image-preview:large","max-video-preview":"max-video-preview:-1"},"canonical":"https:\/\/lescollectionsprivees.com\/es\/fragancia\/intesar-al-hub-ard-al-zaafaran\/","og_locale":"es_ES","og_type":"article","og_title":"Intesar Al Hub de Ard Al Zaafaran en 100ml - Les Collections Priv\u00e9es","og_description":"Captivant et sensuel, Intesar Al Hub de Ard Al Zaafaran passionne les amateurs de parfums orientaux avec ses senteurs somptueuses. D\u00e9couvrez-le vite\u00a0!","og_url":"https:\/\/lescollectionsprivees.com\/es\/fragancia\/intesar-al-hub-ard-al-zaafaran\/","og_site_name":"Les Collections Priv\u00e9es","article_modified_time":"2025-11-07T16:02:54+00:00","og_image":[{"width":521,"height":695,"url":"https:\/\/lescollectionsprivees.com\/wp-content\/uploads\/2020\/02\/Intesar-Al-Hub-Ard-Al-Zaafaran-Les-Collections-Priv\u00e9es.png","type":"image\/png"}],"twitter_card":"summary_large_image","twitter_misc":{"Tiempo de lectura":"2 minutos"},"schema":{"@context":"https:\/\/schema.org","@graph":[{"@type":"WebPage","@id":"https:\/\/lescollectionsprivees.com\/parfum\/intesar-al-hub-ard-al-zaafaran\/","url":"https:\/\/lescollectionsprivees.com\/parfum\/intesar-al-hub-ard-al-zaafaran\/","name":"Intesar Al Hub de Ard Al Zaafaran 100ml - Les Collections Priv\u00e9es","isPartOf":{"@id":"https:\/\/lescollectionsprivees.com\/#website"},"primaryImageOfPage":{"@id":"https:\/\/lescollectionsprivees.com\/parfum\/intesar-al-hub-ard-al-zaafaran\/#primaryimage"},"image":{"@id":"https:\/\/lescollectionsprivees.com\/parfum\/intesar-al-hub-ard-al-zaafaran\/#primaryimage"},"thumbnailUrl":"https:\/\/lescollectionsprivees.com\/wp-content\/uploads\/2020\/02\/Intesar-Al-Hub-Ard-Al-Zaafaran-Les-Collections-Priv\u00e9es.png","datePublished":"2020-02-06T12:41:24+00:00","dateModified":"2025-11-07T16:02:54+00:00","description":"Cautivador y sensual, Intesar Al Hub de Ard Al Zaafaran cautivar\u00e1 a los amantes de las fragancias orientales con sus suntuosos aromas. \u00a1Desc\u00fabralo ahora!","breadcrumb":{"@id":"https:\/\/lescollectionsprivees.com\/parfum\/intesar-al-hub-ard-al-zaafaran\/#breadcrumb"},"inLanguage":"es","potentialAction":[{"@type":"ReadAction","target":["https:\/\/lescollectionsprivees.com\/parfum\/intesar-al-hub-ard-al-zaafaran\/"]}]},{"@type":"ImageObject","inLanguage":"es","@id":"https:\/\/lescollectionsprivees.com\/parfum\/intesar-al-hub-ard-al-zaafaran\/#primaryimage","url":"https:\/\/lescollectionsprivees.com\/wp-content\/uploads\/2020\/02\/Intesar-Al-Hub-Ard-Al-Zaafaran-Les-Collections-Priv\u00e9es.png","contentUrl":"https:\/\/lescollectionsprivees.com\/wp-content\/uploads\/2020\/02\/Intesar-Al-Hub-Ard-Al-Zaafaran-Les-Collections-Priv\u00e9es.png","width":521,"height":695,"caption":"Intesar Al Hub - Ard Al Zaafaran - Les Collections Priv\u00e9es"},{"@type":"BreadcrumbList","@id":"https:\/\/lescollectionsprivees.com\/parfum\/intesar-al-hub-ard-al-zaafaran\/#breadcrumb","itemListElement":[{"@type":"ListItem","position":1,"name":"Accueil","item":"https:\/\/lescollectionsprivees.com\/"},{"@type":"ListItem","position":2,"name":"Boutique","item":"https:\/\/lescollectionsprivees.com\/boutique\/"},{"@type":"ListItem","position":3,"name":"Intesar Al Hub &#8211; Ard Al Zaafaran"}]},{"@type":"WebSite","@id":"https:\/\/lescollectionsprivees.com\/#website","url":"https:\/\/lescollectionsprivees.com\/","name":"Colecciones privadas","description":"","publisher":{"@id":"https:\/\/lescollectionsprivees.com\/#organization"},"potentialAction":[{"@type":"SearchAction","target":{"@type":"EntryPoint","urlTemplate":"https:\/\/lescollectionsprivees.com\/?s={search_term_string}"},"query-input":{"@type":"PropertyValueSpecification","valueRequired":true,"valueName":"search_term_string"}}],"inLanguage":"es"},{"@type":"Organization","@id":"https:\/\/lescollectionsprivees.com\/#organization","name":"Colecciones privadas","url":"https:\/\/lescollectionsprivees.com\/","logo":{"@type":"ImageObject","inLanguage":"es","@id":"https:\/\/lescollectionsprivees.com\/#\/schema\/logo\/image\/","url":"https:\/\/lescollectionsprivees.com\/wp-content\/uploads\/2020\/02\/Logo-Les-Collections-Priv\u00e9es-450x450-1.png","contentUrl":"https:\/\/lescollectionsprivees.com\/wp-content\/uploads\/2020\/02\/Logo-Les-Collections-Priv\u00e9es-450x450-1.png","width":450,"height":450,"caption":"Les Collections Priv\u00e9es"},"image":{"@id":"https:\/\/lescollectionsprivees.com\/#\/schema\/logo\/image\/"}}]}},"_links":{"self":[{"href":"https:\/\/lescollectionsprivees.com\/es\/wp-json\/wp\/v2\/product\/6370","targetHints":{"allow":["GET"]}}],"collection":[{"href":"https:\/\/lescollectionsprivees.com\/es\/wp-json\/wp\/v2\/product"}],"about":[{"href":"https:\/\/lescollectionsprivees.com\/es\/wp-json\/wp\/v2\/types\/product"}],"wp:featuredmedia":[{"embeddable":true,"href":"https:\/\/lescollectionsprivees.com\/es\/wp-json\/wp\/v2\/media\/7266"}],"wp:attachment":[{"href":"https:\/\/lescollectionsprivees.com\/es\/wp-json\/wp\/v2\/media?parent=6370"}],"wp:term":[{"taxonomy":"product_brand","embeddable":true,"href":"https:\/\/lescollectionsprivees.com\/es\/wp-json\/wp\/v2\/product_brand?post=6370"},{"taxonomy":"product_cat","embeddable":true,"href":"https:\/\/lescollectionsprivees.com\/es\/wp-json\/wp\/v2\/product_cat?post=6370"},{"taxonomy":"product_tag","embeddable":true,"href":"https:\/\/lescollectionsprivees.com\/es\/wp-json\/wp\/v2\/product_tag?post=6370"}],"curies":[{"name":"wp","href":"https:\/\/api.w.org\/{rel}","templated":true}]}}