{"id":6386,"date":"2020-02-06T12:41:31","date_gmt":"2020-02-06T12:41:31","guid":{"rendered":"https:\/\/lescollectionsprivees.com\/produit\/import-placeholder-for-2036\/"},"modified":"2023-04-24T20:26:37","modified_gmt":"2023-04-24T20:26:37","slug":"perfumes-oud-mood-reminiscence-lattafa","status":"publish","type":"product","link":"https:\/\/lescollectionsprivees.com\/es\/parfum\/oud-mood-reminiscence-lattafa-perfumes\/","title":{"rendered":"Oud Mood Reminiscence - Perfumes Lattafa"},"content":{"rendered":"<h2><strong>Oud Mood Reminiscence por Lattafa Perfumes<\/strong><\/h2>\n<p>Con Oud Mood Reminiscence, Lattafa Perfumes ha reinventado una de sus fragancias ic\u00f3nicas, por no decir otra cosa. El perfumista ha revisitado su popular interpretaci\u00f3n de la fragancia Oud y ha a\u00f1adido nuevas notas para crear armon\u00edas diferentes, pero igualmente embriagadoras. Un aut\u00e9ntico c\u00f3ctel de fragancias afrutadas, florales y amaderadas que envuelven al Oud en todo su esplendor.<\/p>\n<h2><strong>Una nueva voz para el oud<\/strong><\/h2>\n<p>Oud Mood Reminiscence utiliza h\u00e1bilmente las notas que lo componen para crear una sinfon\u00eda extraordinaria. Las notas de salida de frambuesa, naranja y azafr\u00e1n introducen frescor y notas afrutadas. Una apertura limpia y vigorizante que da paso a las notas de coraz\u00f3n. Aqu\u00ed, una variedad de especias -laurel, nuez moscada y cardamomo- armonizan con el \u00e1mbar, el geranio y la lavanda para llevarle a una encantadora aventura olfativa. Por \u00faltimo, las notas de fondo con un fuerte predominio amaderado crean la s\u00f3lida base sobre la que se construye esta fragancia.<\/p>\n<p>Esta armon\u00eda de aromas sirve principalmente para mostrar el Oud en un contexto totalmente nuevo. Para quienes est\u00e1n acostumbrados a las fragancias de Lattafa, se trata de una fragancia familiar, pero completamente nueva, que se entrega a los sentidos.<\/p>\n<h2><strong>Complejo y vers\u00e1til <\/strong><\/h2>\n<p>Con su correcta proyecci\u00f3n y notable longevidad, Oud Mood Reminiscence de Lattafa Perfumes es uno de los mejores perfumes disponibles. Es una fragancia compleja que evoca una herencia floral, especiada, afrutada y siempre fresca. Una fragancia que atrae por igual a mujeres y hombres, y que se adapta a todas las ocasiones de la vida, desde las m\u00e1s formales hasta las m\u00e1s informales...<\/p>","protected":false},"excerpt":{"rendered":"<p><strong><u>Datos t\u00e9cnicos : <\/u><\/strong><\/p>\n<p><strong>Nombre del perfume<\/strong> Reminiscencia del Oud<br \/>\n<strong>Marca<\/strong> : Lattafa Perfumes<br \/>\n<strong>Tipo<\/strong> Unisex<br \/>\n<strong>Capacidad<\/strong> 100 ml<\/p>\n<p><span style=\"text-decoration: underline;\"><strong>Perfil olfativo<\/strong> :<\/span><\/p>\n<p><strong>Cabeza<\/strong> Azafr\u00e1n, Frambuesa<br \/>\n<strong>Coraz\u00f3n<\/strong> Cardamomo, Geranio<br \/>\n<strong>Fondo<\/strong> S\u00e1ndalo, cedro, vetiver, almizcle y oud<\/p>","protected":false},"featured_media":8335,"template":"","meta":[],"product_brand":[],"product_cat":[227,15],"product_tag":[],"class_list":{"0":"post-6386","1":"product","2":"type-product","3":"status-publish","4":"has-post-thumbnail","6":"product_cat-parfum-lattafa","7":"product_cat-parfums-de-dubai","8":"pa_marque-lattafa-perfumes","10":"first","11":"instock","12":"taxable","13":"shipping-taxable","14":"purchasable","15":"product-type-simple"},"yoast_head":"<!-- This site is optimized with the Yoast SEO plugin v27.5 - https:\/\/yoast.com\/product\/yoast-seo-wordpress\/ -->\n<title>Oud Mood Reminiscence de Lattafa en 100ml - Les Collections Priv\u00e9es<\/title>\n<meta name=\"description\" content=\"Oud Mood Reminiscence de Lattafa Perfumes est un v\u00e9ritable cocktail de senteurs fruit\u00e9es, fleuries et bois\u00e9es. Venez vite le d\u00e9couvrir !\" \/>\n<meta name=\"robots\" content=\"index, follow, max-snippet:-1, max-image-preview:large, max-video-preview:-1\" \/>\n<link rel=\"canonical\" href=\"https:\/\/lescollectionsprivees.com\/es\/fragancia\/perfumes-oud-mood-reminiscence-lattafa\/\" \/>\n<meta property=\"og:locale\" content=\"es_ES\" \/>\n<meta property=\"og:type\" content=\"article\" \/>\n<meta property=\"og:title\" content=\"Oud Mood Reminiscence de Lattafa en 100ml - Les Collections Priv\u00e9es\" \/>\n<meta property=\"og:description\" content=\"Oud Mood Reminiscence de Lattafa Perfumes est un v\u00e9ritable cocktail de senteurs fruit\u00e9es, fleuries et bois\u00e9es. Venez vite le d\u00e9couvrir !\" \/>\n<meta property=\"og:url\" content=\"https:\/\/lescollectionsprivees.com\/es\/fragancia\/perfumes-oud-mood-reminiscence-lattafa\/\" \/>\n<meta property=\"og:site_name\" content=\"Les Collections Priv\u00e9es\" \/>\n<meta property=\"article:modified_time\" content=\"2023-04-24T20:26:37+00:00\" \/>\n<meta property=\"og:image\" content=\"https:\/\/lescollectionsprivees.com\/wp-content\/uploads\/2020\/02\/Oud-Mood-Reminiscence-Lattafa-Perfumes-Les-Collections-Priv\u00e9es.jpg\" \/>\n\t<meta property=\"og:image:width\" content=\"521\" \/>\n\t<meta property=\"og:image:height\" content=\"695\" \/>\n\t<meta property=\"og:image:type\" content=\"image\/jpeg\" \/>\n<meta name=\"twitter:card\" content=\"summary_large_image\" \/>\n<meta name=\"twitter:label1\" content=\"Tiempo de lectura\" \/>\n\t<meta name=\"twitter:data1\" content=\"2 minutos\" \/>\n<script type=\"application\/ld+json\" class=\"yoast-schema-graph\">{\"@context\":\"https:\\\/\\\/schema.org\",\"@graph\":[{\"@type\":\"WebPage\",\"@id\":\"https:\\\/\\\/lescollectionsprivees.com\\\/parfum\\\/oud-mood-reminiscence-lattafa-perfumes\\\/\",\"url\":\"https:\\\/\\\/lescollectionsprivees.com\\\/parfum\\\/oud-mood-reminiscence-lattafa-perfumes\\\/\",\"name\":\"Oud Mood Reminiscence de Lattafa en 100ml - Les Collections Priv\u00e9es\",\"isPartOf\":{\"@id\":\"https:\\\/\\\/lescollectionsprivees.com\\\/#website\"},\"primaryImageOfPage\":{\"@id\":\"https:\\\/\\\/lescollectionsprivees.com\\\/parfum\\\/oud-mood-reminiscence-lattafa-perfumes\\\/#primaryimage\"},\"image\":{\"@id\":\"https:\\\/\\\/lescollectionsprivees.com\\\/parfum\\\/oud-mood-reminiscence-lattafa-perfumes\\\/#primaryimage\"},\"thumbnailUrl\":\"https:\\\/\\\/lescollectionsprivees.com\\\/wp-content\\\/uploads\\\/2020\\\/02\\\/Oud-Mood-Reminiscence-Lattafa-Perfumes-Les-Collections-Priv\u00e9es.jpg\",\"datePublished\":\"2020-02-06T12:41:31+00:00\",\"dateModified\":\"2023-04-24T20:26:37+00:00\",\"description\":\"Oud Mood Reminiscence de Lattafa Perfumes est un v\u00e9ritable cocktail de senteurs fruit\u00e9es, fleuries et bois\u00e9es. Venez vite le d\u00e9couvrir !\",\"breadcrumb\":{\"@id\":\"https:\\\/\\\/lescollectionsprivees.com\\\/parfum\\\/oud-mood-reminiscence-lattafa-perfumes\\\/#breadcrumb\"},\"inLanguage\":\"es\",\"potentialAction\":[{\"@type\":\"ReadAction\",\"target\":[\"https:\\\/\\\/lescollectionsprivees.com\\\/parfum\\\/oud-mood-reminiscence-lattafa-perfumes\\\/\"]}]},{\"@type\":\"ImageObject\",\"inLanguage\":\"es\",\"@id\":\"https:\\\/\\\/lescollectionsprivees.com\\\/parfum\\\/oud-mood-reminiscence-lattafa-perfumes\\\/#primaryimage\",\"url\":\"https:\\\/\\\/lescollectionsprivees.com\\\/wp-content\\\/uploads\\\/2020\\\/02\\\/Oud-Mood-Reminiscence-Lattafa-Perfumes-Les-Collections-Priv\u00e9es.jpg\",\"contentUrl\":\"https:\\\/\\\/lescollectionsprivees.com\\\/wp-content\\\/uploads\\\/2020\\\/02\\\/Oud-Mood-Reminiscence-Lattafa-Perfumes-Les-Collections-Priv\u00e9es.jpg\",\"width\":521,\"height\":695,\"caption\":\"Oud Mood Reminiscence - Lattafa Perfumes - Les Collections Priv\u00e9es\"},{\"@type\":\"BreadcrumbList\",\"@id\":\"https:\\\/\\\/lescollectionsprivees.com\\\/parfum\\\/oud-mood-reminiscence-lattafa-perfumes\\\/#breadcrumb\",\"itemListElement\":[{\"@type\":\"ListItem\",\"position\":1,\"name\":\"Accueil\",\"item\":\"https:\\\/\\\/lescollectionsprivees.com\\\/\"},{\"@type\":\"ListItem\",\"position\":2,\"name\":\"Boutique\",\"item\":\"https:\\\/\\\/lescollectionsprivees.com\\\/boutique\\\/\"},{\"@type\":\"ListItem\",\"position\":3,\"name\":\"Oud Mood Reminiscence &#8211; Lattafa Perfumes\"}]},{\"@type\":\"WebSite\",\"@id\":\"https:\\\/\\\/lescollectionsprivees.com\\\/#website\",\"url\":\"https:\\\/\\\/lescollectionsprivees.com\\\/\",\"name\":\"Les Collections Priv\u00e9es\",\"description\":\"\",\"publisher\":{\"@id\":\"https:\\\/\\\/lescollectionsprivees.com\\\/#organization\"},\"potentialAction\":[{\"@type\":\"SearchAction\",\"target\":{\"@type\":\"EntryPoint\",\"urlTemplate\":\"https:\\\/\\\/lescollectionsprivees.com\\\/?s={search_term_string}\"},\"query-input\":{\"@type\":\"PropertyValueSpecification\",\"valueRequired\":true,\"valueName\":\"search_term_string\"}}],\"inLanguage\":\"es\"},{\"@type\":\"Organization\",\"@id\":\"https:\\\/\\\/lescollectionsprivees.com\\\/#organization\",\"name\":\"Les Collections Priv\u00e9es\",\"url\":\"https:\\\/\\\/lescollectionsprivees.com\\\/\",\"logo\":{\"@type\":\"ImageObject\",\"inLanguage\":\"es\",\"@id\":\"https:\\\/\\\/lescollectionsprivees.com\\\/#\\\/schema\\\/logo\\\/image\\\/\",\"url\":\"https:\\\/\\\/lescollectionsprivees.com\\\/wp-content\\\/uploads\\\/2020\\\/02\\\/Logo-Les-Collections-Priv\u00e9es-450x450-1.png\",\"contentUrl\":\"https:\\\/\\\/lescollectionsprivees.com\\\/wp-content\\\/uploads\\\/2020\\\/02\\\/Logo-Les-Collections-Priv\u00e9es-450x450-1.png\",\"width\":450,\"height\":450,\"caption\":\"Les Collections Priv\u00e9es\"},\"image\":{\"@id\":\"https:\\\/\\\/lescollectionsprivees.com\\\/#\\\/schema\\\/logo\\\/image\\\/\"}}]}<\/script>\n<!-- \/ Yoast SEO plugin. -->","yoast_head_json":{"title":"Oud Mood Reminiscence de Lattafa 100ml - Les Collections Priv\u00e9es","description":"Oud Mood Reminiscence de Lattafa Perfumes es un verdadero c\u00f3ctel de aromas afrutados, florales y amaderados. Venga y desc\u00fabralo usted mismo.","robots":{"index":"index","follow":"follow","max-snippet":"max-snippet:-1","max-image-preview":"max-image-preview:large","max-video-preview":"max-video-preview:-1"},"canonical":"https:\/\/lescollectionsprivees.com\/es\/fragancia\/perfumes-oud-mood-reminiscence-lattafa\/","og_locale":"es_ES","og_type":"article","og_title":"Oud Mood Reminiscence de Lattafa en 100ml - Les Collections Priv\u00e9es","og_description":"Oud Mood Reminiscence de Lattafa Perfumes est un v\u00e9ritable cocktail de senteurs fruit\u00e9es, fleuries et bois\u00e9es. Venez vite le d\u00e9couvrir !","og_url":"https:\/\/lescollectionsprivees.com\/es\/fragancia\/perfumes-oud-mood-reminiscence-lattafa\/","og_site_name":"Les Collections Priv\u00e9es","article_modified_time":"2023-04-24T20:26:37+00:00","og_image":[{"width":521,"height":695,"url":"https:\/\/lescollectionsprivees.com\/wp-content\/uploads\/2020\/02\/Oud-Mood-Reminiscence-Lattafa-Perfumes-Les-Collections-Priv\u00e9es.jpg","type":"image\/jpeg"}],"twitter_card":"summary_large_image","twitter_misc":{"Tiempo de lectura":"2 minutos"},"schema":{"@context":"https:\/\/schema.org","@graph":[{"@type":"WebPage","@id":"https:\/\/lescollectionsprivees.com\/parfum\/oud-mood-reminiscence-lattafa-perfumes\/","url":"https:\/\/lescollectionsprivees.com\/parfum\/oud-mood-reminiscence-lattafa-perfumes\/","name":"Oud Mood Reminiscence de Lattafa 100ml - Les Collections Priv\u00e9es","isPartOf":{"@id":"https:\/\/lescollectionsprivees.com\/#website"},"primaryImageOfPage":{"@id":"https:\/\/lescollectionsprivees.com\/parfum\/oud-mood-reminiscence-lattafa-perfumes\/#primaryimage"},"image":{"@id":"https:\/\/lescollectionsprivees.com\/parfum\/oud-mood-reminiscence-lattafa-perfumes\/#primaryimage"},"thumbnailUrl":"https:\/\/lescollectionsprivees.com\/wp-content\/uploads\/2020\/02\/Oud-Mood-Reminiscence-Lattafa-Perfumes-Les-Collections-Priv\u00e9es.jpg","datePublished":"2020-02-06T12:41:31+00:00","dateModified":"2023-04-24T20:26:37+00:00","description":"Oud Mood Reminiscence de Lattafa Perfumes es un verdadero c\u00f3ctel de aromas afrutados, florales y amaderados. Venga y desc\u00fabralo usted mismo.","breadcrumb":{"@id":"https:\/\/lescollectionsprivees.com\/parfum\/oud-mood-reminiscence-lattafa-perfumes\/#breadcrumb"},"inLanguage":"es","potentialAction":[{"@type":"ReadAction","target":["https:\/\/lescollectionsprivees.com\/parfum\/oud-mood-reminiscence-lattafa-perfumes\/"]}]},{"@type":"ImageObject","inLanguage":"es","@id":"https:\/\/lescollectionsprivees.com\/parfum\/oud-mood-reminiscence-lattafa-perfumes\/#primaryimage","url":"https:\/\/lescollectionsprivees.com\/wp-content\/uploads\/2020\/02\/Oud-Mood-Reminiscence-Lattafa-Perfumes-Les-Collections-Priv\u00e9es.jpg","contentUrl":"https:\/\/lescollectionsprivees.com\/wp-content\/uploads\/2020\/02\/Oud-Mood-Reminiscence-Lattafa-Perfumes-Les-Collections-Priv\u00e9es.jpg","width":521,"height":695,"caption":"Oud Mood Reminiscence - Lattafa Perfumes - Les Collections Priv\u00e9es"},{"@type":"BreadcrumbList","@id":"https:\/\/lescollectionsprivees.com\/parfum\/oud-mood-reminiscence-lattafa-perfumes\/#breadcrumb","itemListElement":[{"@type":"ListItem","position":1,"name":"Accueil","item":"https:\/\/lescollectionsprivees.com\/"},{"@type":"ListItem","position":2,"name":"Boutique","item":"https:\/\/lescollectionsprivees.com\/boutique\/"},{"@type":"ListItem","position":3,"name":"Oud Mood Reminiscence &#8211; Lattafa Perfumes"}]},{"@type":"WebSite","@id":"https:\/\/lescollectionsprivees.com\/#website","url":"https:\/\/lescollectionsprivees.com\/","name":"Colecciones privadas","description":"","publisher":{"@id":"https:\/\/lescollectionsprivees.com\/#organization"},"potentialAction":[{"@type":"SearchAction","target":{"@type":"EntryPoint","urlTemplate":"https:\/\/lescollectionsprivees.com\/?s={search_term_string}"},"query-input":{"@type":"PropertyValueSpecification","valueRequired":true,"valueName":"search_term_string"}}],"inLanguage":"es"},{"@type":"Organization","@id":"https:\/\/lescollectionsprivees.com\/#organization","name":"Colecciones privadas","url":"https:\/\/lescollectionsprivees.com\/","logo":{"@type":"ImageObject","inLanguage":"es","@id":"https:\/\/lescollectionsprivees.com\/#\/schema\/logo\/image\/","url":"https:\/\/lescollectionsprivees.com\/wp-content\/uploads\/2020\/02\/Logo-Les-Collections-Priv\u00e9es-450x450-1.png","contentUrl":"https:\/\/lescollectionsprivees.com\/wp-content\/uploads\/2020\/02\/Logo-Les-Collections-Priv\u00e9es-450x450-1.png","width":450,"height":450,"caption":"Les Collections Priv\u00e9es"},"image":{"@id":"https:\/\/lescollectionsprivees.com\/#\/schema\/logo\/image\/"}}]}},"_links":{"self":[{"href":"https:\/\/lescollectionsprivees.com\/es\/wp-json\/wp\/v2\/product\/6386","targetHints":{"allow":["GET"]}}],"collection":[{"href":"https:\/\/lescollectionsprivees.com\/es\/wp-json\/wp\/v2\/product"}],"about":[{"href":"https:\/\/lescollectionsprivees.com\/es\/wp-json\/wp\/v2\/types\/product"}],"wp:featuredmedia":[{"embeddable":true,"href":"https:\/\/lescollectionsprivees.com\/es\/wp-json\/wp\/v2\/media\/8335"}],"wp:attachment":[{"href":"https:\/\/lescollectionsprivees.com\/es\/wp-json\/wp\/v2\/media?parent=6386"}],"wp:term":[{"taxonomy":"product_brand","embeddable":true,"href":"https:\/\/lescollectionsprivees.com\/es\/wp-json\/wp\/v2\/product_brand?post=6386"},{"taxonomy":"product_cat","embeddable":true,"href":"https:\/\/lescollectionsprivees.com\/es\/wp-json\/wp\/v2\/product_cat?post=6386"},{"taxonomy":"product_tag","embeddable":true,"href":"https:\/\/lescollectionsprivees.com\/es\/wp-json\/wp\/v2\/product_tag?post=6386"}],"curies":[{"name":"wp","href":"https:\/\/api.w.org\/{rel}","templated":true}]}}