{"id":6543,"date":"2020-02-06T12:41:55","date_gmt":"2020-02-06T12:41:55","guid":{"rendered":"https:\/\/lescollectionsprivees.com\/produit\/import-placeholder-for-2685\/"},"modified":"2026-03-11T13:16:43","modified_gmt":"2026-03-11T13:16:43","slug":"cristal-24-les-parfums-digor","status":"publish","type":"product","link":"https:\/\/lescollectionsprivees.com\/es\/parfum\/crystal-24-les-parfums-digor\/","title":{"rendered":"Cristal 24 - Les Parfums d'Igor"},"content":{"rendered":"<h2><strong>Cristal 24 - Les Parfums d'Igor<\/strong><\/h2>\n<p>Una vez m\u00e1s, <strong>el<\/strong> <strong>Perfumes de Igor<\/strong> han dado un aut\u00e9ntico golpe maestro. Una armon\u00eda de aromas cuidadosamente elegidos que crean un conjunto extraordinario. <strong>Cristal 24<\/strong> se inspira en la maestr\u00eda ic\u00f3nica de las grandes casas, y es una aut\u00e9ntica obra maestra del mundo del perfume. Sobre su perfil olfativo, <strong>Cristal 24 des Parfums d'Igor<\/strong> se compone de jazm\u00edn, azafr\u00e1n, cedro, \u00e1mbar gris, cuero, musgo de roble y algod\u00f3n de az\u00facar.<\/p>\n<h2><strong>Una alquimia delicada<\/strong><\/h2>\n<p>La pir\u00e1mide olfativa de esta fragancia es un aut\u00e9ntico laberinto de aromas ex\u00f3ticos y notas familiares. Es una amalgama cuidadosamente pensada que da lugar a nuevos acordes, a armon\u00edas continuamente renovadas y a notas h\u00e1bilmente resaltadas. A trav\u00e9s de las notas de salida que abren el baile, las notas medias que forjan la personalidad de la fragancia y las notas de fondo que marcan su car\u00e1cter con el paso del tiempo, \u00a1se abre ante usted todo un nuevo horizonte!<\/p>\n<p>Con su notable adherencia a la piel y a la ropa, <strong>Cristal 24<\/strong> firmado \"Les Parfums d'Igor\" es digno de los perfumes de alto calibre. No tendr\u00e1 que preocuparse por perder impacto y proyecci\u00f3n a lo largo del d\u00eda. Adem\u00e1s, gracias a la h\u00e1bil selecci\u00f3n de los ingredientes y a su perfecta utilizaci\u00f3n, las notas de fondo constituyen un armonioso equilibrio de aromas calmantes y familiares.<\/p>\n<h2><strong>Conquistar a trav\u00e9s de la calidad<\/strong><\/h2>\n<p>M\u00e1s all\u00e1 del artificio y las reputaciones hist\u00f3ricas, <a href=\"https:\/\/lescollectionsprivees.com\/es\/categoria-de-fragancias\/fragancias-occidentales\/perfumes-digor\/\">Los perfumes de Igor<\/a> son el centro de atenci\u00f3n por su calidad. Aproveche al m\u00e1ximo la riqueza de <strong>Cristal 24<\/strong> y no dude en convertirlo en la pieza central de su colecci\u00f3n. Una fragancia con un encanto sencillo que nunca dejar\u00e1 de sorprenderle y conquistarle. As\u00ed que no dude en regalarse una fragancia excepcional que colmar\u00e1 todas sus expectativas y le abrir\u00e1 los horizontes a nuevas experiencias y aromas.<\/p>","protected":false},"excerpt":{"rendered":"<p><strong><u>Datos t\u00e9cnicos :<\/u><\/strong><\/p>\n<p><strong>Nombre del perfume<\/strong>\u00a0: Cristal 24<br \/>\n<strong>Marca<\/strong>\u00a0Los perfumes de Igor<br \/>\n<strong>Tipo<\/strong>\u00a0Unisex<br \/>\n<strong>Capacidad<\/strong>\u00a050 ml<\/p>\n<p><span style=\"text-decoration: underline;\"><strong>Perfil olfativo :<\/strong><\/span><\/p>\n<p><strong>Cabeza :\u00a0<\/strong>Jazm\u00edn, Azafr\u00e1n<br \/>\n<strong>Coraz\u00f3n :\u00a0<\/strong>Cedro<br \/>\n<strong>Antecedentes :\u00a0<\/strong>\u00c1mbar gris, Cuero, Musgo de roble y Algod\u00f3n de az\u00facar<\/p>","protected":false},"featured_media":6886,"template":"","meta":[],"product_brand":[],"product_cat":[108,101],"product_tag":[],"class_list":{"0":"post-6543","1":"product","2":"type-product","3":"status-publish","4":"has-post-thumbnail","6":"product_cat-les-parfums-digor","7":"product_cat-parfums-occidentaux","8":"pa_marque-les-parfums-digor","10":"first","11":"outofstock","12":"taxable","13":"shipping-taxable","14":"purchasable","15":"product-type-simple"},"yoast_head":"<!-- This site is optimized with the Yoast SEO plugin v27.5 - https:\/\/yoast.com\/product\/yoast-seo-wordpress\/ -->\n<title>Les parfums d&#039;igor Crystal 24 - Les Collections Priv\u00e9es<\/title>\n<meta name=\"description\" content=\"Venez d\u00e9couvrir notre parfum d&#039;igor Crystal 24 qui est un parfum de qualit\u00e9 sup\u00e9rieure offert par votre boutique de vente en ligne les collections priv\u00e9es.\" \/>\n<meta name=\"robots\" content=\"index, follow, max-snippet:-1, max-image-preview:large, max-video-preview:-1\" \/>\n<link rel=\"canonical\" href=\"https:\/\/lescollectionsprivees.com\/es\/fragancia\/cristal-24-les-parfums-digor\/\" \/>\n<meta property=\"og:locale\" content=\"es_ES\" \/>\n<meta property=\"og:type\" content=\"article\" \/>\n<meta property=\"og:title\" content=\"Les parfums d&#039;igor Crystal 24 - Les Collections Priv\u00e9es\" \/>\n<meta property=\"og:description\" content=\"Venez d\u00e9couvrir notre parfum d&#039;igor Crystal 24 qui est un parfum de qualit\u00e9 sup\u00e9rieure offert par votre boutique de vente en ligne les collections priv\u00e9es.\" \/>\n<meta property=\"og:url\" content=\"https:\/\/lescollectionsprivees.com\/es\/fragancia\/cristal-24-les-parfums-digor\/\" \/>\n<meta property=\"og:site_name\" content=\"Les Collections Priv\u00e9es\" \/>\n<meta property=\"article:modified_time\" content=\"2026-03-11T13:16:43+00:00\" \/>\n<meta property=\"og:image\" content=\"https:\/\/lescollectionsprivees.com\/wp-content\/uploads\/2020\/02\/Crystal-24-Les-Parfums-dIgor-Luxurious-Fragrances.jpg\" \/>\n\t<meta property=\"og:image:width\" content=\"521\" \/>\n\t<meta property=\"og:image:height\" content=\"695\" \/>\n\t<meta property=\"og:image:type\" content=\"image\/jpeg\" \/>\n<meta name=\"twitter:card\" content=\"summary_large_image\" \/>\n<meta name=\"twitter:label1\" content=\"Tiempo de lectura\" \/>\n\t<meta name=\"twitter:data1\" content=\"2 minutos\" \/>\n<script type=\"application\/ld+json\" class=\"yoast-schema-graph\">{\"@context\":\"https:\\\/\\\/schema.org\",\"@graph\":[{\"@type\":\"WebPage\",\"@id\":\"https:\\\/\\\/lescollectionsprivees.com\\\/parfum\\\/crystal-24-les-parfums-digor\\\/\",\"url\":\"https:\\\/\\\/lescollectionsprivees.com\\\/parfum\\\/crystal-24-les-parfums-digor\\\/\",\"name\":\"Les parfums d'igor Crystal 24 - Les Collections Priv\u00e9es\",\"isPartOf\":{\"@id\":\"https:\\\/\\\/lescollectionsprivees.com\\\/#website\"},\"primaryImageOfPage\":{\"@id\":\"https:\\\/\\\/lescollectionsprivees.com\\\/parfum\\\/crystal-24-les-parfums-digor\\\/#primaryimage\"},\"image\":{\"@id\":\"https:\\\/\\\/lescollectionsprivees.com\\\/parfum\\\/crystal-24-les-parfums-digor\\\/#primaryimage\"},\"thumbnailUrl\":\"https:\\\/\\\/lescollectionsprivees.com\\\/wp-content\\\/uploads\\\/2020\\\/02\\\/Crystal-24-Les-Parfums-dIgor-Luxurious-Fragrances.jpg\",\"datePublished\":\"2020-02-06T12:41:55+00:00\",\"dateModified\":\"2026-03-11T13:16:43+00:00\",\"description\":\"Venez d\u00e9couvrir notre parfum d'igor Crystal 24 qui est un parfum de qualit\u00e9 sup\u00e9rieure offert par votre boutique de vente en ligne les collections priv\u00e9es.\",\"breadcrumb\":{\"@id\":\"https:\\\/\\\/lescollectionsprivees.com\\\/parfum\\\/crystal-24-les-parfums-digor\\\/#breadcrumb\"},\"inLanguage\":\"es\",\"potentialAction\":[{\"@type\":\"ReadAction\",\"target\":[\"https:\\\/\\\/lescollectionsprivees.com\\\/parfum\\\/crystal-24-les-parfums-digor\\\/\"]}]},{\"@type\":\"ImageObject\",\"inLanguage\":\"es\",\"@id\":\"https:\\\/\\\/lescollectionsprivees.com\\\/parfum\\\/crystal-24-les-parfums-digor\\\/#primaryimage\",\"url\":\"https:\\\/\\\/lescollectionsprivees.com\\\/wp-content\\\/uploads\\\/2020\\\/02\\\/Crystal-24-Les-Parfums-dIgor-Luxurious-Fragrances.jpg\",\"contentUrl\":\"https:\\\/\\\/lescollectionsprivees.com\\\/wp-content\\\/uploads\\\/2020\\\/02\\\/Crystal-24-Les-Parfums-dIgor-Luxurious-Fragrances.jpg\",\"width\":521,\"height\":695,\"caption\":\"Crystal 24 - Les Parfums d'Igor - Luxurious Fragrances\"},{\"@type\":\"BreadcrumbList\",\"@id\":\"https:\\\/\\\/lescollectionsprivees.com\\\/parfum\\\/crystal-24-les-parfums-digor\\\/#breadcrumb\",\"itemListElement\":[{\"@type\":\"ListItem\",\"position\":1,\"name\":\"Accueil\",\"item\":\"https:\\\/\\\/lescollectionsprivees.com\\\/\"},{\"@type\":\"ListItem\",\"position\":2,\"name\":\"Boutique\",\"item\":\"https:\\\/\\\/lescollectionsprivees.com\\\/boutique\\\/\"},{\"@type\":\"ListItem\",\"position\":3,\"name\":\"Crystal 24 &#8211; Les Parfums d&#8217;Igor\"}]},{\"@type\":\"WebSite\",\"@id\":\"https:\\\/\\\/lescollectionsprivees.com\\\/#website\",\"url\":\"https:\\\/\\\/lescollectionsprivees.com\\\/\",\"name\":\"Les Collections Priv\u00e9es\",\"description\":\"\",\"publisher\":{\"@id\":\"https:\\\/\\\/lescollectionsprivees.com\\\/#organization\"},\"potentialAction\":[{\"@type\":\"SearchAction\",\"target\":{\"@type\":\"EntryPoint\",\"urlTemplate\":\"https:\\\/\\\/lescollectionsprivees.com\\\/?s={search_term_string}\"},\"query-input\":{\"@type\":\"PropertyValueSpecification\",\"valueRequired\":true,\"valueName\":\"search_term_string\"}}],\"inLanguage\":\"es\"},{\"@type\":\"Organization\",\"@id\":\"https:\\\/\\\/lescollectionsprivees.com\\\/#organization\",\"name\":\"Les Collections Priv\u00e9es\",\"url\":\"https:\\\/\\\/lescollectionsprivees.com\\\/\",\"logo\":{\"@type\":\"ImageObject\",\"inLanguage\":\"es\",\"@id\":\"https:\\\/\\\/lescollectionsprivees.com\\\/#\\\/schema\\\/logo\\\/image\\\/\",\"url\":\"https:\\\/\\\/lescollectionsprivees.com\\\/wp-content\\\/uploads\\\/2020\\\/02\\\/Logo-Les-Collections-Priv\u00e9es-450x450-1.png\",\"contentUrl\":\"https:\\\/\\\/lescollectionsprivees.com\\\/wp-content\\\/uploads\\\/2020\\\/02\\\/Logo-Les-Collections-Priv\u00e9es-450x450-1.png\",\"width\":450,\"height\":450,\"caption\":\"Les Collections Priv\u00e9es\"},\"image\":{\"@id\":\"https:\\\/\\\/lescollectionsprivees.com\\\/#\\\/schema\\\/logo\\\/image\\\/\"}}]}<\/script>\n<!-- \/ Yoast SEO plugin. -->","yoast_head_json":{"title":"Les parfums d'igor Cristal 24 - Colecciones privadas","description":"Venga a descubrir nuestro perfume igor Crystal 24 que es un perfume de calidad superior ofrecido por su tienda en l\u00ednea les collections priv\u00e9es.","robots":{"index":"index","follow":"follow","max-snippet":"max-snippet:-1","max-image-preview":"max-image-preview:large","max-video-preview":"max-video-preview:-1"},"canonical":"https:\/\/lescollectionsprivees.com\/es\/fragancia\/cristal-24-les-parfums-digor\/","og_locale":"es_ES","og_type":"article","og_title":"Les parfums d'igor Crystal 24 - Les Collections Priv\u00e9es","og_description":"Venez d\u00e9couvrir notre parfum d'igor Crystal 24 qui est un parfum de qualit\u00e9 sup\u00e9rieure offert par votre boutique de vente en ligne les collections priv\u00e9es.","og_url":"https:\/\/lescollectionsprivees.com\/es\/fragancia\/cristal-24-les-parfums-digor\/","og_site_name":"Les Collections Priv\u00e9es","article_modified_time":"2026-03-11T13:16:43+00:00","og_image":[{"width":521,"height":695,"url":"https:\/\/lescollectionsprivees.com\/wp-content\/uploads\/2020\/02\/Crystal-24-Les-Parfums-dIgor-Luxurious-Fragrances.jpg","type":"image\/jpeg"}],"twitter_card":"summary_large_image","twitter_misc":{"Tiempo de lectura":"2 minutos"},"schema":{"@context":"https:\/\/schema.org","@graph":[{"@type":"WebPage","@id":"https:\/\/lescollectionsprivees.com\/parfum\/crystal-24-les-parfums-digor\/","url":"https:\/\/lescollectionsprivees.com\/parfum\/crystal-24-les-parfums-digor\/","name":"Les parfums d'igor Cristal 24 - Colecciones privadas","isPartOf":{"@id":"https:\/\/lescollectionsprivees.com\/#website"},"primaryImageOfPage":{"@id":"https:\/\/lescollectionsprivees.com\/parfum\/crystal-24-les-parfums-digor\/#primaryimage"},"image":{"@id":"https:\/\/lescollectionsprivees.com\/parfum\/crystal-24-les-parfums-digor\/#primaryimage"},"thumbnailUrl":"https:\/\/lescollectionsprivees.com\/wp-content\/uploads\/2020\/02\/Crystal-24-Les-Parfums-dIgor-Luxurious-Fragrances.jpg","datePublished":"2020-02-06T12:41:55+00:00","dateModified":"2026-03-11T13:16:43+00:00","description":"Venga a descubrir nuestro perfume igor Crystal 24 que es un perfume de calidad superior ofrecido por su tienda en l\u00ednea les collections priv\u00e9es.","breadcrumb":{"@id":"https:\/\/lescollectionsprivees.com\/parfum\/crystal-24-les-parfums-digor\/#breadcrumb"},"inLanguage":"es","potentialAction":[{"@type":"ReadAction","target":["https:\/\/lescollectionsprivees.com\/parfum\/crystal-24-les-parfums-digor\/"]}]},{"@type":"ImageObject","inLanguage":"es","@id":"https:\/\/lescollectionsprivees.com\/parfum\/crystal-24-les-parfums-digor\/#primaryimage","url":"https:\/\/lescollectionsprivees.com\/wp-content\/uploads\/2020\/02\/Crystal-24-Les-Parfums-dIgor-Luxurious-Fragrances.jpg","contentUrl":"https:\/\/lescollectionsprivees.com\/wp-content\/uploads\/2020\/02\/Crystal-24-Les-Parfums-dIgor-Luxurious-Fragrances.jpg","width":521,"height":695,"caption":"Crystal 24 - Les Parfums d'Igor - Luxurious Fragrances"},{"@type":"BreadcrumbList","@id":"https:\/\/lescollectionsprivees.com\/parfum\/crystal-24-les-parfums-digor\/#breadcrumb","itemListElement":[{"@type":"ListItem","position":1,"name":"Accueil","item":"https:\/\/lescollectionsprivees.com\/"},{"@type":"ListItem","position":2,"name":"Boutique","item":"https:\/\/lescollectionsprivees.com\/boutique\/"},{"@type":"ListItem","position":3,"name":"Crystal 24 &#8211; Les Parfums d&#8217;Igor"}]},{"@type":"WebSite","@id":"https:\/\/lescollectionsprivees.com\/#website","url":"https:\/\/lescollectionsprivees.com\/","name":"Colecciones privadas","description":"","publisher":{"@id":"https:\/\/lescollectionsprivees.com\/#organization"},"potentialAction":[{"@type":"SearchAction","target":{"@type":"EntryPoint","urlTemplate":"https:\/\/lescollectionsprivees.com\/?s={search_term_string}"},"query-input":{"@type":"PropertyValueSpecification","valueRequired":true,"valueName":"search_term_string"}}],"inLanguage":"es"},{"@type":"Organization","@id":"https:\/\/lescollectionsprivees.com\/#organization","name":"Colecciones privadas","url":"https:\/\/lescollectionsprivees.com\/","logo":{"@type":"ImageObject","inLanguage":"es","@id":"https:\/\/lescollectionsprivees.com\/#\/schema\/logo\/image\/","url":"https:\/\/lescollectionsprivees.com\/wp-content\/uploads\/2020\/02\/Logo-Les-Collections-Priv\u00e9es-450x450-1.png","contentUrl":"https:\/\/lescollectionsprivees.com\/wp-content\/uploads\/2020\/02\/Logo-Les-Collections-Priv\u00e9es-450x450-1.png","width":450,"height":450,"caption":"Les Collections Priv\u00e9es"},"image":{"@id":"https:\/\/lescollectionsprivees.com\/#\/schema\/logo\/image\/"}}]}},"_links":{"self":[{"href":"https:\/\/lescollectionsprivees.com\/es\/wp-json\/wp\/v2\/product\/6543","targetHints":{"allow":["GET"]}}],"collection":[{"href":"https:\/\/lescollectionsprivees.com\/es\/wp-json\/wp\/v2\/product"}],"about":[{"href":"https:\/\/lescollectionsprivees.com\/es\/wp-json\/wp\/v2\/types\/product"}],"wp:featuredmedia":[{"embeddable":true,"href":"https:\/\/lescollectionsprivees.com\/es\/wp-json\/wp\/v2\/media\/6886"}],"wp:attachment":[{"href":"https:\/\/lescollectionsprivees.com\/es\/wp-json\/wp\/v2\/media?parent=6543"}],"wp:term":[{"taxonomy":"product_brand","embeddable":true,"href":"https:\/\/lescollectionsprivees.com\/es\/wp-json\/wp\/v2\/product_brand?post=6543"},{"taxonomy":"product_cat","embeddable":true,"href":"https:\/\/lescollectionsprivees.com\/es\/wp-json\/wp\/v2\/product_cat?post=6543"},{"taxonomy":"product_tag","embeddable":true,"href":"https:\/\/lescollectionsprivees.com\/es\/wp-json\/wp\/v2\/product_tag?post=6543"}],"curies":[{"name":"wp","href":"https:\/\/api.w.org\/{rel}","templated":true}]}}