{"id":8387,"date":"2020-04-29T00:14:32","date_gmt":"2020-04-29T00:14:32","guid":{"rendered":"https:\/\/lescollectionsprivees.com\/?post_type=product&#038;p=8387"},"modified":"2021-07-15T14:52:43","modified_gmt":"2021-07-15T14:52:43","slug":"oud-al-nujoom-abedini","status":"publish","type":"product","link":"https:\/\/lescollectionsprivees.com\/es\/parfum\/oud-al-nujoom-abedini\/","title":{"rendered":"Oud Al Nujoom - Abedini"},"content":{"rendered":"<h2><strong>Oud Al Nujoom de Abedini<\/strong><\/h2>\n<p>Dise\u00f1ado con una estructura hecha principalmente de oud, Oud Al Nujoom de Abedini interpreta maravillosamente las honorables tradiciones de Oriente y las maravillosas caracter\u00edsticas de los \u00e1rabes. En contra de lo que cabr\u00eda imaginar, esta sublime fragancia de Dubai atrae a muchas personas que, por lo general, prefieren los aromas occidentales.<\/p>\n<p>Desarrollada pensando en la modernidad, esta fant\u00e1stica fragancia revela los apreciados atributos de Oriente Medio de una forma original. Como resultado, este dise\u00f1o exclusivo encanta a su p\u00fablico sin estar limitado por fronteras. No obstante, es cierto que los occidentales han sabido apreciar sus inconfundibles aromas. La marca emirat\u00ed lo ha entendido y est\u00e1 aprovechando esta tendencia.<\/p>\n<h2><strong>Oud fuerte en una botella refinada<\/strong><\/h2>\n<p>Lleno de oud en su composici\u00f3n, Oud Al Nujoom de Abedini marca la pauta desde el principio. Por supuesto, esta antigua sustancia ha demostrado ser un ingrediente eficaz, incluso indispensable, para algunos de los grandes perfumistas orientales. Durante muchos a\u00f1os, esta sustancia se ha utilizado para crear excepcionales perfumes de lujo en los Estados del Golfo.<\/p>\n<p>Sin embargo, esta famosa casa de perfumes de los Emiratos utiliza la madera de agar con sutileza y habilidad. De hecho, consigue resaltar su aroma potente y pronunciado al tiempo que se adapta a las tendencias actuales y a las narices m\u00e1s sensibles.<\/p>\n<p>Adem\u00e1s, la est\u00e9tica de su botella evoca una incre\u00edble elegancia digna de los bellos paisajes emirat\u00edes. Pero tambi\u00e9n evoca cierta delicadeza que parece calmar los sentidos y hace que apetezca descubrir su extraordinario envase. Como resultado, esta fragancia \u00e1rabe es capaz de seducir a pr\u00e1cticamente cualquier p\u00fablico, ya sea de Oriente u Occidente.<\/p>\n<h2><strong>Un formidable efluente que recuerda los beneficios de la naturaleza<\/strong><\/h2>\n<p>Es evidente que esta majestuosa fragancia extrae sus beneficios de la naturaleza. Sus ingredientes puros y naturales demuestran su calidad superior y garantizan su autenticidad. Al inhalar sus preciosas emanaciones, tendr\u00e1 la impresi\u00f3n de ver pasar ante sus ojos las sensacionales tierras de Oriente Pr\u00f3ximo.<\/p>\n<p>Sus encantadores aromas y su armoniosa armon\u00eda fascinar\u00e1n a hombres y mujeres por igual. Adem\u00e1s, esta irresistible fragancia tiene una estela impresionante y una proyecci\u00f3n sorprendente. As\u00ed que no dude en embalsamarse con sus vaporizaciones frescas y seductoras.<\/p>","protected":false},"excerpt":{"rendered":"<p><strong><u>Datos t\u00e9cnicos :<\/u><\/strong><\/p>\n<p><strong>Nombre del perfume<\/strong> : Oud Al Nujoom<br \/>\n<strong>Marca<\/strong> : Abedini<br \/>\n<strong>Tipo<\/strong> Unisex<br \/>\n<strong>Capacidad<\/strong> 100 ml<\/p>","protected":false},"featured_media":8374,"template":"","meta":[],"product_brand":[],"product_cat":[15],"product_tag":[],"class_list":{"0":"post-8387","1":"product","2":"type-product","3":"status-publish","4":"has-post-thumbnail","6":"product_cat-parfums-de-dubai","7":"pa_marque-abedini","9":"first","10":"outofstock","11":"taxable","12":"shipping-taxable","13":"purchasable","14":"product-type-simple"},"yoast_head":"<!-- This site is optimized with the Yoast SEO plugin v27.5 - https:\/\/yoast.com\/product\/yoast-seo-wordpress\/ -->\n<title>Oud Al Nujoom De Abedini en 100 ml - Les Collections Priv\u00e9es<\/title>\n<meta name=\"description\" content=\"Con\u00e7u \u00e0 base d&#039;oud, Oud Al Nujoom\u00a0de Abedini interpr\u00e8te magnifiquement les honorables traditions orientales. D\u00e9couvrez ce parfum d&#039;exception\u00a0!\" \/>\n<meta name=\"robots\" content=\"index, follow, max-snippet:-1, max-image-preview:large, max-video-preview:-1\" \/>\n<link rel=\"canonical\" href=\"https:\/\/lescollectionsprivees.com\/es\/fragancia\/oud-al-nujoom-abedini\/\" \/>\n<meta property=\"og:locale\" content=\"es_ES\" \/>\n<meta property=\"og:type\" content=\"article\" \/>\n<meta property=\"og:title\" content=\"Oud Al Nujoom De Abedini en 100 ml - Les Collections Priv\u00e9es\" \/>\n<meta property=\"og:description\" content=\"Con\u00e7u \u00e0 base d&#039;oud, Oud Al Nujoom\u00a0de Abedini interpr\u00e8te magnifiquement les honorables traditions orientales. D\u00e9couvrez ce parfum d&#039;exception\u00a0!\" \/>\n<meta property=\"og:url\" content=\"https:\/\/lescollectionsprivees.com\/es\/fragancia\/oud-al-nujoom-abedini\/\" \/>\n<meta property=\"og:site_name\" content=\"Les Collections Priv\u00e9es\" \/>\n<meta property=\"article:modified_time\" content=\"2021-07-15T14:52:43+00:00\" \/>\n<meta property=\"og:image\" content=\"https:\/\/lescollectionsprivees.com\/wp-content\/uploads\/2020\/04\/Oud-Al-Nujoom-Abedini-Les-Collections-Priv\u00e9es.jpg\" \/>\n\t<meta property=\"og:image:width\" content=\"521\" \/>\n\t<meta property=\"og:image:height\" content=\"695\" \/>\n\t<meta property=\"og:image:type\" content=\"image\/jpeg\" \/>\n<meta name=\"twitter:card\" content=\"summary_large_image\" \/>\n<meta name=\"twitter:label1\" content=\"Tiempo de lectura\" \/>\n\t<meta name=\"twitter:data1\" content=\"2 minutos\" \/>\n<script type=\"application\/ld+json\" class=\"yoast-schema-graph\">{\"@context\":\"https:\\\/\\\/schema.org\",\"@graph\":[{\"@type\":\"WebPage\",\"@id\":\"https:\\\/\\\/lescollectionsprivees.com\\\/parfum\\\/oud-al-nujoom-abedini\\\/\",\"url\":\"https:\\\/\\\/lescollectionsprivees.com\\\/parfum\\\/oud-al-nujoom-abedini\\\/\",\"name\":\"Oud Al Nujoom De Abedini en 100 ml - Les Collections Priv\u00e9es\",\"isPartOf\":{\"@id\":\"https:\\\/\\\/lescollectionsprivees.com\\\/#website\"},\"primaryImageOfPage\":{\"@id\":\"https:\\\/\\\/lescollectionsprivees.com\\\/parfum\\\/oud-al-nujoom-abedini\\\/#primaryimage\"},\"image\":{\"@id\":\"https:\\\/\\\/lescollectionsprivees.com\\\/parfum\\\/oud-al-nujoom-abedini\\\/#primaryimage\"},\"thumbnailUrl\":\"https:\\\/\\\/lescollectionsprivees.com\\\/wp-content\\\/uploads\\\/2020\\\/04\\\/Oud-Al-Nujoom-Abedini-Les-Collections-Priv\u00e9es.jpg\",\"datePublished\":\"2020-04-29T00:14:32+00:00\",\"dateModified\":\"2021-07-15T14:52:43+00:00\",\"description\":\"Con\u00e7u \u00e0 base d'oud, Oud Al Nujoom\u00a0de Abedini interpr\u00e8te magnifiquement les honorables traditions orientales. D\u00e9couvrez ce parfum d'exception\u00a0!\",\"breadcrumb\":{\"@id\":\"https:\\\/\\\/lescollectionsprivees.com\\\/parfum\\\/oud-al-nujoom-abedini\\\/#breadcrumb\"},\"inLanguage\":\"es\",\"potentialAction\":[{\"@type\":\"ReadAction\",\"target\":[\"https:\\\/\\\/lescollectionsprivees.com\\\/parfum\\\/oud-al-nujoom-abedini\\\/\"]}]},{\"@type\":\"ImageObject\",\"inLanguage\":\"es\",\"@id\":\"https:\\\/\\\/lescollectionsprivees.com\\\/parfum\\\/oud-al-nujoom-abedini\\\/#primaryimage\",\"url\":\"https:\\\/\\\/lescollectionsprivees.com\\\/wp-content\\\/uploads\\\/2020\\\/04\\\/Oud-Al-Nujoom-Abedini-Les-Collections-Priv\u00e9es.jpg\",\"contentUrl\":\"https:\\\/\\\/lescollectionsprivees.com\\\/wp-content\\\/uploads\\\/2020\\\/04\\\/Oud-Al-Nujoom-Abedini-Les-Collections-Priv\u00e9es.jpg\",\"width\":521,\"height\":695,\"caption\":\"Oud Al Nujoom - Abedini - Les Collections Priv\u00e9es\"},{\"@type\":\"BreadcrumbList\",\"@id\":\"https:\\\/\\\/lescollectionsprivees.com\\\/parfum\\\/oud-al-nujoom-abedini\\\/#breadcrumb\",\"itemListElement\":[{\"@type\":\"ListItem\",\"position\":1,\"name\":\"Accueil\",\"item\":\"https:\\\/\\\/lescollectionsprivees.com\\\/\"},{\"@type\":\"ListItem\",\"position\":2,\"name\":\"Boutique\",\"item\":\"https:\\\/\\\/lescollectionsprivees.com\\\/boutique\\\/\"},{\"@type\":\"ListItem\",\"position\":3,\"name\":\"Oud Al Nujoom &#8211; Abedini\"}]},{\"@type\":\"WebSite\",\"@id\":\"https:\\\/\\\/lescollectionsprivees.com\\\/#website\",\"url\":\"https:\\\/\\\/lescollectionsprivees.com\\\/\",\"name\":\"Les Collections Priv\u00e9es\",\"description\":\"\",\"publisher\":{\"@id\":\"https:\\\/\\\/lescollectionsprivees.com\\\/#organization\"},\"potentialAction\":[{\"@type\":\"SearchAction\",\"target\":{\"@type\":\"EntryPoint\",\"urlTemplate\":\"https:\\\/\\\/lescollectionsprivees.com\\\/?s={search_term_string}\"},\"query-input\":{\"@type\":\"PropertyValueSpecification\",\"valueRequired\":true,\"valueName\":\"search_term_string\"}}],\"inLanguage\":\"es\"},{\"@type\":\"Organization\",\"@id\":\"https:\\\/\\\/lescollectionsprivees.com\\\/#organization\",\"name\":\"Les Collections Priv\u00e9es\",\"url\":\"https:\\\/\\\/lescollectionsprivees.com\\\/\",\"logo\":{\"@type\":\"ImageObject\",\"inLanguage\":\"es\",\"@id\":\"https:\\\/\\\/lescollectionsprivees.com\\\/#\\\/schema\\\/logo\\\/image\\\/\",\"url\":\"https:\\\/\\\/lescollectionsprivees.com\\\/wp-content\\\/uploads\\\/2020\\\/02\\\/Logo-Les-Collections-Priv\u00e9es-450x450-1.png\",\"contentUrl\":\"https:\\\/\\\/lescollectionsprivees.com\\\/wp-content\\\/uploads\\\/2020\\\/02\\\/Logo-Les-Collections-Priv\u00e9es-450x450-1.png\",\"width\":450,\"height\":450,\"caption\":\"Les Collections Priv\u00e9es\"},\"image\":{\"@id\":\"https:\\\/\\\/lescollectionsprivees.com\\\/#\\\/schema\\\/logo\\\/image\\\/\"}}]}<\/script>\n<!-- \/ Yoast SEO plugin. -->","yoast_head_json":{"title":"Abedini Oud Al Nujoom 100 ml - Les Collections Priv\u00e9es","description":"Elaborado con oud, Oud Al Nujoom de Abedini es una magn\u00edfica interpretaci\u00f3n de las antiguas tradiciones orientales. Descubra esta fragancia excepcional.","robots":{"index":"index","follow":"follow","max-snippet":"max-snippet:-1","max-image-preview":"max-image-preview:large","max-video-preview":"max-video-preview:-1"},"canonical":"https:\/\/lescollectionsprivees.com\/es\/fragancia\/oud-al-nujoom-abedini\/","og_locale":"es_ES","og_type":"article","og_title":"Oud Al Nujoom De Abedini en 100 ml - Les Collections Priv\u00e9es","og_description":"Con\u00e7u \u00e0 base d'oud, Oud Al Nujoom\u00a0de Abedini interpr\u00e8te magnifiquement les honorables traditions orientales. D\u00e9couvrez ce parfum d'exception\u00a0!","og_url":"https:\/\/lescollectionsprivees.com\/es\/fragancia\/oud-al-nujoom-abedini\/","og_site_name":"Les Collections Priv\u00e9es","article_modified_time":"2021-07-15T14:52:43+00:00","og_image":[{"width":521,"height":695,"url":"https:\/\/lescollectionsprivees.com\/wp-content\/uploads\/2020\/04\/Oud-Al-Nujoom-Abedini-Les-Collections-Priv\u00e9es.jpg","type":"image\/jpeg"}],"twitter_card":"summary_large_image","twitter_misc":{"Tiempo de lectura":"2 minutos"},"schema":{"@context":"https:\/\/schema.org","@graph":[{"@type":"WebPage","@id":"https:\/\/lescollectionsprivees.com\/parfum\/oud-al-nujoom-abedini\/","url":"https:\/\/lescollectionsprivees.com\/parfum\/oud-al-nujoom-abedini\/","name":"Abedini Oud Al Nujoom 100 ml - Les Collections Priv\u00e9es","isPartOf":{"@id":"https:\/\/lescollectionsprivees.com\/#website"},"primaryImageOfPage":{"@id":"https:\/\/lescollectionsprivees.com\/parfum\/oud-al-nujoom-abedini\/#primaryimage"},"image":{"@id":"https:\/\/lescollectionsprivees.com\/parfum\/oud-al-nujoom-abedini\/#primaryimage"},"thumbnailUrl":"https:\/\/lescollectionsprivees.com\/wp-content\/uploads\/2020\/04\/Oud-Al-Nujoom-Abedini-Les-Collections-Priv\u00e9es.jpg","datePublished":"2020-04-29T00:14:32+00:00","dateModified":"2021-07-15T14:52:43+00:00","description":"Elaborado con oud, Oud Al Nujoom de Abedini es una magn\u00edfica interpretaci\u00f3n de las antiguas tradiciones orientales. Descubra esta fragancia excepcional.","breadcrumb":{"@id":"https:\/\/lescollectionsprivees.com\/parfum\/oud-al-nujoom-abedini\/#breadcrumb"},"inLanguage":"es","potentialAction":[{"@type":"ReadAction","target":["https:\/\/lescollectionsprivees.com\/parfum\/oud-al-nujoom-abedini\/"]}]},{"@type":"ImageObject","inLanguage":"es","@id":"https:\/\/lescollectionsprivees.com\/parfum\/oud-al-nujoom-abedini\/#primaryimage","url":"https:\/\/lescollectionsprivees.com\/wp-content\/uploads\/2020\/04\/Oud-Al-Nujoom-Abedini-Les-Collections-Priv\u00e9es.jpg","contentUrl":"https:\/\/lescollectionsprivees.com\/wp-content\/uploads\/2020\/04\/Oud-Al-Nujoom-Abedini-Les-Collections-Priv\u00e9es.jpg","width":521,"height":695,"caption":"Oud Al Nujoom - Abedini - Les Collections Priv\u00e9es"},{"@type":"BreadcrumbList","@id":"https:\/\/lescollectionsprivees.com\/parfum\/oud-al-nujoom-abedini\/#breadcrumb","itemListElement":[{"@type":"ListItem","position":1,"name":"Accueil","item":"https:\/\/lescollectionsprivees.com\/"},{"@type":"ListItem","position":2,"name":"Boutique","item":"https:\/\/lescollectionsprivees.com\/boutique\/"},{"@type":"ListItem","position":3,"name":"Oud Al Nujoom &#8211; Abedini"}]},{"@type":"WebSite","@id":"https:\/\/lescollectionsprivees.com\/#website","url":"https:\/\/lescollectionsprivees.com\/","name":"Colecciones privadas","description":"","publisher":{"@id":"https:\/\/lescollectionsprivees.com\/#organization"},"potentialAction":[{"@type":"SearchAction","target":{"@type":"EntryPoint","urlTemplate":"https:\/\/lescollectionsprivees.com\/?s={search_term_string}"},"query-input":{"@type":"PropertyValueSpecification","valueRequired":true,"valueName":"search_term_string"}}],"inLanguage":"es"},{"@type":"Organization","@id":"https:\/\/lescollectionsprivees.com\/#organization","name":"Colecciones privadas","url":"https:\/\/lescollectionsprivees.com\/","logo":{"@type":"ImageObject","inLanguage":"es","@id":"https:\/\/lescollectionsprivees.com\/#\/schema\/logo\/image\/","url":"https:\/\/lescollectionsprivees.com\/wp-content\/uploads\/2020\/02\/Logo-Les-Collections-Priv\u00e9es-450x450-1.png","contentUrl":"https:\/\/lescollectionsprivees.com\/wp-content\/uploads\/2020\/02\/Logo-Les-Collections-Priv\u00e9es-450x450-1.png","width":450,"height":450,"caption":"Les Collections Priv\u00e9es"},"image":{"@id":"https:\/\/lescollectionsprivees.com\/#\/schema\/logo\/image\/"}}]}},"_links":{"self":[{"href":"https:\/\/lescollectionsprivees.com\/es\/wp-json\/wp\/v2\/product\/8387","targetHints":{"allow":["GET"]}}],"collection":[{"href":"https:\/\/lescollectionsprivees.com\/es\/wp-json\/wp\/v2\/product"}],"about":[{"href":"https:\/\/lescollectionsprivees.com\/es\/wp-json\/wp\/v2\/types\/product"}],"wp:featuredmedia":[{"embeddable":true,"href":"https:\/\/lescollectionsprivees.com\/es\/wp-json\/wp\/v2\/media\/8374"}],"wp:attachment":[{"href":"https:\/\/lescollectionsprivees.com\/es\/wp-json\/wp\/v2\/media?parent=8387"}],"wp:term":[{"taxonomy":"product_brand","embeddable":true,"href":"https:\/\/lescollectionsprivees.com\/es\/wp-json\/wp\/v2\/product_brand?post=8387"},{"taxonomy":"product_cat","embeddable":true,"href":"https:\/\/lescollectionsprivees.com\/es\/wp-json\/wp\/v2\/product_cat?post=8387"},{"taxonomy":"product_tag","embeddable":true,"href":"https:\/\/lescollectionsprivees.com\/es\/wp-json\/wp\/v2\/product_tag?post=8387"}],"curies":[{"name":"wp","href":"https:\/\/api.w.org\/{rel}","templated":true}]}}