{"id":8968,"date":"2021-03-19T17:38:50","date_gmt":"2021-03-19T17:38:50","guid":{"rendered":"https:\/\/lescollectionsprivees.com\/?post_type=product&#038;p=8968"},"modified":"2023-04-14T09:02:32","modified_gmt":"2023-04-14T09:02:32","slug":"spray-textil-lavanda-mosco-paris","status":"publish","type":"product","link":"https:\/\/lescollectionsprivees.com\/es\/parfum\/spray-textile-lavande-mosco-paris\/","title":{"rendered":"Spray Textil Lavanda - Mosco Paris"},"content":{"rendered":"<p>El spray textil de lavanda Mosco Paris es la expresi\u00f3n del respeto por la tradici\u00f3n en fragancia textil. Siguiendo la l\u00f3gica del bonito saquito de lavanda colocado dentro del armario, Mosco Paris se inspira en una conocida tradici\u00f3n francesa.<\/p>\n<h2><b>Mosco Paris Spray Textil Lavanda : frescor floral en el coraz\u00f3n del lino<\/b><\/h2>\n<p>El Spray Textil Lavanda Mosco Paris es un cl\u00e1sico. Es una forma provenzal de perfumar la ropa blanca, revitalizada en el coraz\u00f3n de un frasco. Gracias a la adici\u00f3n de almizcle blanco, la acci\u00f3n de la lavanda se ve reforzada. Su frescor perdura en el coraz\u00f3n de la ropa blanca, dej\u00e1ndola notablemente limpia.<\/p>\n<p>La flor de la violeta siempre ha sido una apuesta segura en el mundo textil. Gracias a su aroma persistente y agradable, perdura en el tiempo, mientras que otras flores se marchitan en cuesti\u00f3n de horas.<span class=\"Apple-converted-space\">\u00a0<\/span><\/p>\n<p>El spray textil de lavanda Mosco Paris es, por tanto, la elecci\u00f3n decisiva para los aficionados a las fragancias ricas y florales.<span class=\"Apple-converted-space\">\u00a0<\/span><\/p>\n<h3><b>\u00bfC\u00f3mo puede disfrutar de este aroma especial en su colada?<\/b><\/h3>\n<p>El spray textil de lavanda Mosco Par\u00eds crea una aut\u00e9ntica sensaci\u00f3n de bienestar en el coraz\u00f3n de los tejidos. Basta con aplicar ligeras pulverizaciones a 20 cm del tejido, sin insistir. Las gotitas acabar\u00e1n impregnando el tejido y le proporcionar\u00e1n una fragancia irresistible. La particularidad de este spray es su fragancia muy difusa. Perdura en el tiempo.<\/p>\n<p>Su relativa frescura recuerda el aroma de un campo de lavanda descubierto en pleno verano. A continuaci\u00f3n, la pureza del almizcle blanco le confiere una identidad m\u00e1s oriental.<\/p>\n<ul>\n<li>Utilizar s\u00f3lo en tejidos sint\u00e9ticos, de algod\u00f3n o lana.<span class=\"Apple-converted-space\">\u00a0<\/span><\/li>\n<li>Evitar el contacto con seda, cuero y pl\u00e1stico<\/li>\n<li>S\u00f3lo para uso textil<\/li>\n<li>Mantener fuera del alcance de los ni\u00f1os.<span class=\"Apple-converted-space\">\u00a0<\/span><\/li>\n<\/ul>","protected":false},"excerpt":{"rendered":"<p><strong><u>Datos t\u00e9cnicos :<\/u><\/strong><\/p>\n<p><strong>Nombre del perfume<\/strong> Lavanda<br \/>\n<strong>Marca<\/strong> : Mosco Paris<br \/>\n<strong>Especificidad: <\/strong>Ambientador<br \/>\n<strong>Capacidad<\/strong>\u00a0250 ml<\/p>","protected":false},"featured_media":8893,"template":"","meta":[],"product_brand":[],"product_cat":[151,148],"product_tag":[],"class_list":{"0":"post-8968","1":"product","2":"type-product","3":"status-publish","4":"has-post-thumbnail","6":"product_cat-mosco-paris","7":"product_cat-parfums-dinterieur","9":"first","10":"instock","11":"taxable","12":"shipping-taxable","13":"purchasable","14":"product-type-simple"},"yoast_head":"<!-- This site is optimized with the Yoast SEO plugin v27.5 - https:\/\/yoast.com\/product\/yoast-seo-wordpress\/ -->\n<title>Spray textile Lavande Mosco Paris | Parfum textiles Made in France<\/title>\n<meta name=\"description\" content=\"Le spray textile lavande Mosco Paris est l\u2019expression du respect de la tradition en mati\u00e8re de parfum textile. Adoptez-le !\" \/>\n<meta name=\"robots\" content=\"index, follow, max-snippet:-1, max-image-preview:large, max-video-preview:-1\" \/>\n<link rel=\"canonical\" href=\"https:\/\/lescollectionsprivees.com\/es\/fragancia\/spray-textil-lavanda-mosco-paris\/\" \/>\n<meta property=\"og:locale\" content=\"es_ES\" \/>\n<meta property=\"og:type\" content=\"article\" \/>\n<meta property=\"og:title\" content=\"Spray textile Lavande Mosco Paris | Parfum textiles Made in France\" \/>\n<meta property=\"og:description\" content=\"Le spray textile lavande Mosco Paris est l\u2019expression du respect de la tradition en mati\u00e8re de parfum textile. Adoptez-le !\" \/>\n<meta property=\"og:url\" content=\"https:\/\/lescollectionsprivees.com\/es\/fragancia\/spray-textil-lavanda-mosco-paris\/\" \/>\n<meta property=\"og:site_name\" content=\"Les Collections Priv\u00e9es\" \/>\n<meta property=\"article:modified_time\" content=\"2023-04-14T09:02:32+00:00\" \/>\n<meta property=\"og:image\" content=\"https:\/\/lescollectionsprivees.com\/wp-content\/uploads\/2021\/03\/lavande-mosco-paris.jpg\" \/>\n\t<meta property=\"og:image:width\" content=\"521\" \/>\n\t<meta property=\"og:image:height\" content=\"695\" \/>\n\t<meta property=\"og:image:type\" content=\"image\/jpeg\" \/>\n<meta name=\"twitter:card\" content=\"summary_large_image\" \/>\n<meta name=\"twitter:label1\" content=\"Tiempo de lectura\" \/>\n\t<meta name=\"twitter:data1\" content=\"2 minutos\" \/>\n<script type=\"application\/ld+json\" class=\"yoast-schema-graph\">{\"@context\":\"https:\\\/\\\/schema.org\",\"@graph\":[{\"@type\":\"WebPage\",\"@id\":\"https:\\\/\\\/lescollectionsprivees.com\\\/parfum\\\/spray-textile-lavande-mosco-paris\\\/\",\"url\":\"https:\\\/\\\/lescollectionsprivees.com\\\/parfum\\\/spray-textile-lavande-mosco-paris\\\/\",\"name\":\"Spray textile Lavande Mosco Paris | Parfum textiles Made in France\",\"isPartOf\":{\"@id\":\"https:\\\/\\\/lescollectionsprivees.com\\\/#website\"},\"primaryImageOfPage\":{\"@id\":\"https:\\\/\\\/lescollectionsprivees.com\\\/parfum\\\/spray-textile-lavande-mosco-paris\\\/#primaryimage\"},\"image\":{\"@id\":\"https:\\\/\\\/lescollectionsprivees.com\\\/parfum\\\/spray-textile-lavande-mosco-paris\\\/#primaryimage\"},\"thumbnailUrl\":\"https:\\\/\\\/lescollectionsprivees.com\\\/wp-content\\\/uploads\\\/2021\\\/03\\\/lavande-mosco-paris.jpg\",\"datePublished\":\"2021-03-19T17:38:50+00:00\",\"dateModified\":\"2023-04-14T09:02:32+00:00\",\"description\":\"Le spray textile lavande Mosco Paris est l\u2019expression du respect de la tradition en mati\u00e8re de parfum textile. Adoptez-le !\",\"breadcrumb\":{\"@id\":\"https:\\\/\\\/lescollectionsprivees.com\\\/parfum\\\/spray-textile-lavande-mosco-paris\\\/#breadcrumb\"},\"inLanguage\":\"es\",\"potentialAction\":[{\"@type\":\"ReadAction\",\"target\":[\"https:\\\/\\\/lescollectionsprivees.com\\\/parfum\\\/spray-textile-lavande-mosco-paris\\\/\"]}]},{\"@type\":\"ImageObject\",\"inLanguage\":\"es\",\"@id\":\"https:\\\/\\\/lescollectionsprivees.com\\\/parfum\\\/spray-textile-lavande-mosco-paris\\\/#primaryimage\",\"url\":\"https:\\\/\\\/lescollectionsprivees.com\\\/wp-content\\\/uploads\\\/2021\\\/03\\\/lavande-mosco-paris.jpg\",\"contentUrl\":\"https:\\\/\\\/lescollectionsprivees.com\\\/wp-content\\\/uploads\\\/2021\\\/03\\\/lavande-mosco-paris.jpg\",\"width\":521,\"height\":695,\"caption\":\"Spray textile Lavande - Mosco Paris\"},{\"@type\":\"BreadcrumbList\",\"@id\":\"https:\\\/\\\/lescollectionsprivees.com\\\/parfum\\\/spray-textile-lavande-mosco-paris\\\/#breadcrumb\",\"itemListElement\":[{\"@type\":\"ListItem\",\"position\":1,\"name\":\"Accueil\",\"item\":\"https:\\\/\\\/lescollectionsprivees.com\\\/\"},{\"@type\":\"ListItem\",\"position\":2,\"name\":\"Boutique\",\"item\":\"https:\\\/\\\/lescollectionsprivees.com\\\/boutique\\\/\"},{\"@type\":\"ListItem\",\"position\":3,\"name\":\"Spray textile Lavande &#8211; Mosco Paris\"}]},{\"@type\":\"WebSite\",\"@id\":\"https:\\\/\\\/lescollectionsprivees.com\\\/#website\",\"url\":\"https:\\\/\\\/lescollectionsprivees.com\\\/\",\"name\":\"Les Collections Priv\u00e9es\",\"description\":\"\",\"publisher\":{\"@id\":\"https:\\\/\\\/lescollectionsprivees.com\\\/#organization\"},\"potentialAction\":[{\"@type\":\"SearchAction\",\"target\":{\"@type\":\"EntryPoint\",\"urlTemplate\":\"https:\\\/\\\/lescollectionsprivees.com\\\/?s={search_term_string}\"},\"query-input\":{\"@type\":\"PropertyValueSpecification\",\"valueRequired\":true,\"valueName\":\"search_term_string\"}}],\"inLanguage\":\"es\"},{\"@type\":\"Organization\",\"@id\":\"https:\\\/\\\/lescollectionsprivees.com\\\/#organization\",\"name\":\"Les Collections Priv\u00e9es\",\"url\":\"https:\\\/\\\/lescollectionsprivees.com\\\/\",\"logo\":{\"@type\":\"ImageObject\",\"inLanguage\":\"es\",\"@id\":\"https:\\\/\\\/lescollectionsprivees.com\\\/#\\\/schema\\\/logo\\\/image\\\/\",\"url\":\"https:\\\/\\\/lescollectionsprivees.com\\\/wp-content\\\/uploads\\\/2020\\\/02\\\/Logo-Les-Collections-Priv\u00e9es-450x450-1.png\",\"contentUrl\":\"https:\\\/\\\/lescollectionsprivees.com\\\/wp-content\\\/uploads\\\/2020\\\/02\\\/Logo-Les-Collections-Priv\u00e9es-450x450-1.png\",\"width\":450,\"height\":450,\"caption\":\"Les Collections Priv\u00e9es\"},\"image\":{\"@id\":\"https:\\\/\\\/lescollectionsprivees.com\\\/#\\\/schema\\\/logo\\\/image\\\/\"}}]}<\/script>\n<!-- \/ Yoast SEO plugin. -->","yoast_head_json":{"title":"Aerosol textil Lavanda Mosco Paris | Fragancias textiles Made in France","description":"El Spray Textil Lavanda Mosco Paris es la expresi\u00f3n del respeto a la tradici\u00f3n en fragancias textiles. \u00a1H\u00e1gase con \u00e9l!","robots":{"index":"index","follow":"follow","max-snippet":"max-snippet:-1","max-image-preview":"max-image-preview:large","max-video-preview":"max-video-preview:-1"},"canonical":"https:\/\/lescollectionsprivees.com\/es\/fragancia\/spray-textil-lavanda-mosco-paris\/","og_locale":"es_ES","og_type":"article","og_title":"Spray textile Lavande Mosco Paris | Parfum textiles Made in France","og_description":"Le spray textile lavande Mosco Paris est l\u2019expression du respect de la tradition en mati\u00e8re de parfum textile. Adoptez-le !","og_url":"https:\/\/lescollectionsprivees.com\/es\/fragancia\/spray-textil-lavanda-mosco-paris\/","og_site_name":"Les Collections Priv\u00e9es","article_modified_time":"2023-04-14T09:02:32+00:00","og_image":[{"width":521,"height":695,"url":"https:\/\/lescollectionsprivees.com\/wp-content\/uploads\/2021\/03\/lavande-mosco-paris.jpg","type":"image\/jpeg"}],"twitter_card":"summary_large_image","twitter_misc":{"Tiempo de lectura":"2 minutos"},"schema":{"@context":"https:\/\/schema.org","@graph":[{"@type":"WebPage","@id":"https:\/\/lescollectionsprivees.com\/parfum\/spray-textile-lavande-mosco-paris\/","url":"https:\/\/lescollectionsprivees.com\/parfum\/spray-textile-lavande-mosco-paris\/","name":"Aerosol textil Lavanda Mosco Paris | Fragancias textiles Made in France","isPartOf":{"@id":"https:\/\/lescollectionsprivees.com\/#website"},"primaryImageOfPage":{"@id":"https:\/\/lescollectionsprivees.com\/parfum\/spray-textile-lavande-mosco-paris\/#primaryimage"},"image":{"@id":"https:\/\/lescollectionsprivees.com\/parfum\/spray-textile-lavande-mosco-paris\/#primaryimage"},"thumbnailUrl":"https:\/\/lescollectionsprivees.com\/wp-content\/uploads\/2021\/03\/lavande-mosco-paris.jpg","datePublished":"2021-03-19T17:38:50+00:00","dateModified":"2023-04-14T09:02:32+00:00","description":"El Spray Textil Lavanda Mosco Paris es la expresi\u00f3n del respeto a la tradici\u00f3n en fragancias textiles. \u00a1H\u00e1gase con \u00e9l!","breadcrumb":{"@id":"https:\/\/lescollectionsprivees.com\/parfum\/spray-textile-lavande-mosco-paris\/#breadcrumb"},"inLanguage":"es","potentialAction":[{"@type":"ReadAction","target":["https:\/\/lescollectionsprivees.com\/parfum\/spray-textile-lavande-mosco-paris\/"]}]},{"@type":"ImageObject","inLanguage":"es","@id":"https:\/\/lescollectionsprivees.com\/parfum\/spray-textile-lavande-mosco-paris\/#primaryimage","url":"https:\/\/lescollectionsprivees.com\/wp-content\/uploads\/2021\/03\/lavande-mosco-paris.jpg","contentUrl":"https:\/\/lescollectionsprivees.com\/wp-content\/uploads\/2021\/03\/lavande-mosco-paris.jpg","width":521,"height":695,"caption":"Spray textile Lavande - Mosco Paris"},{"@type":"BreadcrumbList","@id":"https:\/\/lescollectionsprivees.com\/parfum\/spray-textile-lavande-mosco-paris\/#breadcrumb","itemListElement":[{"@type":"ListItem","position":1,"name":"Accueil","item":"https:\/\/lescollectionsprivees.com\/"},{"@type":"ListItem","position":2,"name":"Boutique","item":"https:\/\/lescollectionsprivees.com\/boutique\/"},{"@type":"ListItem","position":3,"name":"Spray textile Lavande &#8211; Mosco Paris"}]},{"@type":"WebSite","@id":"https:\/\/lescollectionsprivees.com\/#website","url":"https:\/\/lescollectionsprivees.com\/","name":"Colecciones privadas","description":"","publisher":{"@id":"https:\/\/lescollectionsprivees.com\/#organization"},"potentialAction":[{"@type":"SearchAction","target":{"@type":"EntryPoint","urlTemplate":"https:\/\/lescollectionsprivees.com\/?s={search_term_string}"},"query-input":{"@type":"PropertyValueSpecification","valueRequired":true,"valueName":"search_term_string"}}],"inLanguage":"es"},{"@type":"Organization","@id":"https:\/\/lescollectionsprivees.com\/#organization","name":"Colecciones privadas","url":"https:\/\/lescollectionsprivees.com\/","logo":{"@type":"ImageObject","inLanguage":"es","@id":"https:\/\/lescollectionsprivees.com\/#\/schema\/logo\/image\/","url":"https:\/\/lescollectionsprivees.com\/wp-content\/uploads\/2020\/02\/Logo-Les-Collections-Priv\u00e9es-450x450-1.png","contentUrl":"https:\/\/lescollectionsprivees.com\/wp-content\/uploads\/2020\/02\/Logo-Les-Collections-Priv\u00e9es-450x450-1.png","width":450,"height":450,"caption":"Les Collections Priv\u00e9es"},"image":{"@id":"https:\/\/lescollectionsprivees.com\/#\/schema\/logo\/image\/"}}]}},"_links":{"self":[{"href":"https:\/\/lescollectionsprivees.com\/es\/wp-json\/wp\/v2\/product\/8968","targetHints":{"allow":["GET"]}}],"collection":[{"href":"https:\/\/lescollectionsprivees.com\/es\/wp-json\/wp\/v2\/product"}],"about":[{"href":"https:\/\/lescollectionsprivees.com\/es\/wp-json\/wp\/v2\/types\/product"}],"wp:featuredmedia":[{"embeddable":true,"href":"https:\/\/lescollectionsprivees.com\/es\/wp-json\/wp\/v2\/media\/8893"}],"wp:attachment":[{"href":"https:\/\/lescollectionsprivees.com\/es\/wp-json\/wp\/v2\/media?parent=8968"}],"wp:term":[{"taxonomy":"product_brand","embeddable":true,"href":"https:\/\/lescollectionsprivees.com\/es\/wp-json\/wp\/v2\/product_brand?post=8968"},{"taxonomy":"product_cat","embeddable":true,"href":"https:\/\/lescollectionsprivees.com\/es\/wp-json\/wp\/v2\/product_cat?post=8968"},{"taxonomy":"product_tag","embeddable":true,"href":"https:\/\/lescollectionsprivees.com\/es\/wp-json\/wp\/v2\/product_tag?post=8968"}],"curies":[{"name":"wp","href":"https:\/\/api.w.org\/{rel}","templated":true}]}}