{"id":9616,"date":"2021-07-18T09:39:20","date_gmt":"2021-07-18T09:39:20","guid":{"rendered":"https:\/\/lescollectionsprivees.com\/?post_type=product&#038;p=9616"},"modified":"2026-02-22T13:03:17","modified_gmt":"2026-02-22T13:03:17","slug":"oro-real-el-nabil","status":"publish","type":"product","link":"https:\/\/lescollectionsprivees.com\/es\/parfum\/royal-gold-el-nabil\/","title":{"rendered":"Royal Gold - El Nabil"},"content":{"rendered":"<p>Cuando la maestr\u00eda francesa se une a la cultura \u00e1rabe, el resultado es Royal Gold de El Nabil. Una fragancia \u00fanica, sensual y sofisticada. Su estructura olfativa contiene acentos ex\u00f3ticos que recuerdan a los dulces aromas orientales.<\/p>\n<h2><b>Una oda a la belleza oriental<\/b><\/h2>\n<p>Royal Gold es intenso y poderoso, haci\u00e9ndose eco de estas notas hechizantes. El Nabil ha optado por crear un envase de formas elegantes. El oro se funde con el negro profundo, y el tap\u00f3n recuerda a un minarete, el conjunto a un suntuoso palacio \u00e1rabe. Esta fragancia contiene 50 ml de puro placer olfativo y se deslizar\u00e1 f\u00e1cilmente en el bolsillo o en el bolso de la compra para que pueda perfumarse siempre que lo desee.<\/p>\n<h2><b>Un eau de parfum con notas inquietantes<\/b><\/h2>\n<p>El Eau de Parfum Royal Gold seduce por su frescura y personalidad olfativa, combinando la suavidad de la vainilla con los tonos m\u00e1s profundos del almizcle y el \u00e1mbar gris. Sus ingredientes han sido elegidos por sus delicadas fragancias orientales. Las notas de salida son de jazm\u00edn, combinadas con las notas ligeramente golosas de la rosa y la vainilla. Las notas de fondo contienen notas m\u00e1s musculosas y ambarinas que completan el lado sensual del eau de parfum.<\/p>\n<ul>\n<li>Nota superior : <a href=\"https:\/\/lescollectionsprivees.com\/es\/fragancia\/jazmin-misterioso-maissa-paris\/\"><strong>Jazm\u00edn<\/strong><\/a><\/li>\n<li>Notas de coraz\u00f3n: Rosa, Vainilla<\/li>\n<li>Notas de fondo: almizcle, vainilla, \u00e1mbar gris<\/li>\n<\/ul>\n<h3><b>\u00bfC\u00f3mo utilizar el agua de perfume Royal Gold El Nabil?<\/b><\/h3>\n<p>El eau de parfum Royal Gold deja a su paso un suave aroma ambarino. Para que revele todo su potencial, recuerde difundirla donde la piel est\u00e9 m\u00e1s caliente. En particular, acu\u00e9rdate de vaporizarla en ciertas zonas estrat\u00e9gicas como el hueco del pecho. En la base del cuello, en la base de la oreja, en las mu\u00f1ecas o en el ombligo.<\/p>","protected":false},"excerpt":{"rendered":"<p><strong><u>Datos t\u00e9cnicos :<\/u><\/strong><\/p>\n<p><strong>Nombre del perfume<\/strong>\u00a0: Oro Real<br \/>\n<strong>Marca<\/strong>\u00a0: El Nabil<br \/>\n<strong>Tipo<\/strong>\u00a0Unisex<br \/>\n<strong>Capacidad<\/strong>\u00a050 ml<\/p>\n<p><strong>Notas de fragancia :<\/strong><\/p>\n<p><strong>Cabeza :\u00a0<\/strong>Jazm\u00edn<br \/>\n<strong>Coraz\u00f3n :<\/strong>Rosa, Vainilla, Gourmand<br \/>\n<strong>Antecedentes :\u00a0<\/strong>Almizcle, Vainilla, \u00c1mbar gris<\/p>","protected":false},"featured_media":9297,"template":"","meta":[],"product_brand":[],"product_cat":[155],"product_tag":[],"class_list":{"0":"post-9616","1":"product","2":"type-product","3":"status-publish","4":"has-post-thumbnail","6":"product_cat-el-nabil-parfum","8":"first","9":"instock","10":"taxable","11":"shipping-taxable","12":"purchasable","13":"product-type-simple"},"yoast_head":"<!-- This site is optimized with the Yoast SEO plugin v27.5 - https:\/\/yoast.com\/product\/yoast-seo-wordpress\/ -->\n<title>Royal Gold El Nabil | Parfum orientale mixte | Contenance 50ml<\/title>\n<meta name=\"description\" content=\"Quand le savoir-faire fran\u00e7ais et la culture arabe se rencontrent, cela donne le Royal Gold El Nabil. Un parfum unique en son genre.\" \/>\n<meta name=\"robots\" content=\"index, follow, max-snippet:-1, max-image-preview:large, max-video-preview:-1\" \/>\n<link rel=\"canonical\" href=\"https:\/\/lescollectionsprivees.com\/es\/fragancia\/oro-real-el-nabil\/\" \/>\n<meta property=\"og:locale\" content=\"es_ES\" \/>\n<meta property=\"og:type\" content=\"article\" \/>\n<meta property=\"og:title\" content=\"Royal Gold El Nabil | Parfum orientale mixte | Contenance 50ml\" \/>\n<meta property=\"og:description\" content=\"Quand le savoir-faire fran\u00e7ais et la culture arabe se rencontrent, cela donne le Royal Gold El Nabil. Un parfum unique en son genre.\" \/>\n<meta property=\"og:url\" content=\"https:\/\/lescollectionsprivees.com\/es\/fragancia\/oro-real-el-nabil\/\" \/>\n<meta property=\"og:site_name\" content=\"Les Collections Priv\u00e9es\" \/>\n<meta property=\"article:modified_time\" content=\"2026-02-22T13:03:17+00:00\" \/>\n<meta property=\"og:image\" content=\"https:\/\/lescollectionsprivees.com\/wp-content\/uploads\/2021\/05\/el-nabil-parfum-royal-gold-eau-de-parfum-parfum-perfume-elnabil-eau-de-parfum-el-nabil-royal-gold-luxury-for-everyone-14947405004913_900x.jpg\" \/>\n\t<meta property=\"og:image:width\" content=\"900\" \/>\n\t<meta property=\"og:image:height\" content=\"900\" \/>\n\t<meta property=\"og:image:type\" content=\"image\/jpeg\" \/>\n<meta name=\"twitter:card\" content=\"summary_large_image\" \/>\n<meta name=\"twitter:label1\" content=\"Tiempo de lectura\" \/>\n\t<meta name=\"twitter:data1\" content=\"2 minutos\" \/>\n<script type=\"application\/ld+json\" class=\"yoast-schema-graph\">{\"@context\":\"https:\\\/\\\/schema.org\",\"@graph\":[{\"@type\":\"WebPage\",\"@id\":\"https:\\\/\\\/lescollectionsprivees.com\\\/parfum\\\/royal-gold-el-nabil\\\/\",\"url\":\"https:\\\/\\\/lescollectionsprivees.com\\\/parfum\\\/royal-gold-el-nabil\\\/\",\"name\":\"Royal Gold El Nabil | Parfum orientale mixte | Contenance 50ml\",\"isPartOf\":{\"@id\":\"https:\\\/\\\/lescollectionsprivees.com\\\/#website\"},\"primaryImageOfPage\":{\"@id\":\"https:\\\/\\\/lescollectionsprivees.com\\\/parfum\\\/royal-gold-el-nabil\\\/#primaryimage\"},\"image\":{\"@id\":\"https:\\\/\\\/lescollectionsprivees.com\\\/parfum\\\/royal-gold-el-nabil\\\/#primaryimage\"},\"thumbnailUrl\":\"https:\\\/\\\/lescollectionsprivees.com\\\/wp-content\\\/uploads\\\/2021\\\/05\\\/el-nabil-parfum-royal-gold-eau-de-parfum-parfum-perfume-elnabil-eau-de-parfum-el-nabil-royal-gold-luxury-for-everyone-14947405004913_900x.jpg\",\"datePublished\":\"2021-07-18T09:39:20+00:00\",\"dateModified\":\"2026-02-22T13:03:17+00:00\",\"description\":\"Quand le savoir-faire fran\u00e7ais et la culture arabe se rencontrent, cela donne le Royal Gold El Nabil. Un parfum unique en son genre.\",\"breadcrumb\":{\"@id\":\"https:\\\/\\\/lescollectionsprivees.com\\\/parfum\\\/royal-gold-el-nabil\\\/#breadcrumb\"},\"inLanguage\":\"es\",\"potentialAction\":[{\"@type\":\"ReadAction\",\"target\":[\"https:\\\/\\\/lescollectionsprivees.com\\\/parfum\\\/royal-gold-el-nabil\\\/\"]}]},{\"@type\":\"ImageObject\",\"inLanguage\":\"es\",\"@id\":\"https:\\\/\\\/lescollectionsprivees.com\\\/parfum\\\/royal-gold-el-nabil\\\/#primaryimage\",\"url\":\"https:\\\/\\\/lescollectionsprivees.com\\\/wp-content\\\/uploads\\\/2021\\\/05\\\/el-nabil-parfum-royal-gold-eau-de-parfum-parfum-perfume-elnabil-eau-de-parfum-el-nabil-royal-gold-luxury-for-everyone-14947405004913_900x.jpg\",\"contentUrl\":\"https:\\\/\\\/lescollectionsprivees.com\\\/wp-content\\\/uploads\\\/2021\\\/05\\\/el-nabil-parfum-royal-gold-eau-de-parfum-parfum-perfume-elnabil-eau-de-parfum-el-nabil-royal-gold-luxury-for-everyone-14947405004913_900x.jpg\",\"width\":900,\"height\":900,\"caption\":\"Royal Gold - El Nabil\"},{\"@type\":\"BreadcrumbList\",\"@id\":\"https:\\\/\\\/lescollectionsprivees.com\\\/parfum\\\/royal-gold-el-nabil\\\/#breadcrumb\",\"itemListElement\":[{\"@type\":\"ListItem\",\"position\":1,\"name\":\"Accueil\",\"item\":\"https:\\\/\\\/lescollectionsprivees.com\\\/\"},{\"@type\":\"ListItem\",\"position\":2,\"name\":\"Boutique\",\"item\":\"https:\\\/\\\/lescollectionsprivees.com\\\/boutique\\\/\"},{\"@type\":\"ListItem\",\"position\":3,\"name\":\"Royal Gold &#8211; El Nabil\"}]},{\"@type\":\"WebSite\",\"@id\":\"https:\\\/\\\/lescollectionsprivees.com\\\/#website\",\"url\":\"https:\\\/\\\/lescollectionsprivees.com\\\/\",\"name\":\"Les Collections Priv\u00e9es\",\"description\":\"\",\"publisher\":{\"@id\":\"https:\\\/\\\/lescollectionsprivees.com\\\/#organization\"},\"potentialAction\":[{\"@type\":\"SearchAction\",\"target\":{\"@type\":\"EntryPoint\",\"urlTemplate\":\"https:\\\/\\\/lescollectionsprivees.com\\\/?s={search_term_string}\"},\"query-input\":{\"@type\":\"PropertyValueSpecification\",\"valueRequired\":true,\"valueName\":\"search_term_string\"}}],\"inLanguage\":\"es\"},{\"@type\":\"Organization\",\"@id\":\"https:\\\/\\\/lescollectionsprivees.com\\\/#organization\",\"name\":\"Les Collections Priv\u00e9es\",\"url\":\"https:\\\/\\\/lescollectionsprivees.com\\\/\",\"logo\":{\"@type\":\"ImageObject\",\"inLanguage\":\"es\",\"@id\":\"https:\\\/\\\/lescollectionsprivees.com\\\/#\\\/schema\\\/logo\\\/image\\\/\",\"url\":\"https:\\\/\\\/lescollectionsprivees.com\\\/wp-content\\\/uploads\\\/2020\\\/02\\\/Logo-Les-Collections-Priv\u00e9es-450x450-1.png\",\"contentUrl\":\"https:\\\/\\\/lescollectionsprivees.com\\\/wp-content\\\/uploads\\\/2020\\\/02\\\/Logo-Les-Collections-Priv\u00e9es-450x450-1.png\",\"width\":450,\"height\":450,\"caption\":\"Les Collections Priv\u00e9es\"},\"image\":{\"@id\":\"https:\\\/\\\/lescollectionsprivees.com\\\/#\\\/schema\\\/logo\\\/image\\\/\"}}]}<\/script>\n<!-- \/ Yoast SEO plugin. -->","yoast_head_json":{"title":"Royal Gold El Nabil | Fragancia Oriental Mixta | Capacidad 50ml","description":"Cuando la maestr\u00eda francesa se une a la cultura \u00e1rabe, el resultado es Royal Gold El Nabil. Una fragancia \u00fanica.","robots":{"index":"index","follow":"follow","max-snippet":"max-snippet:-1","max-image-preview":"max-image-preview:large","max-video-preview":"max-video-preview:-1"},"canonical":"https:\/\/lescollectionsprivees.com\/es\/fragancia\/oro-real-el-nabil\/","og_locale":"es_ES","og_type":"article","og_title":"Royal Gold El Nabil | Parfum orientale mixte | Contenance 50ml","og_description":"Quand le savoir-faire fran\u00e7ais et la culture arabe se rencontrent, cela donne le Royal Gold El Nabil. Un parfum unique en son genre.","og_url":"https:\/\/lescollectionsprivees.com\/es\/fragancia\/oro-real-el-nabil\/","og_site_name":"Les Collections Priv\u00e9es","article_modified_time":"2026-02-22T13:03:17+00:00","og_image":[{"width":900,"height":900,"url":"https:\/\/lescollectionsprivees.com\/wp-content\/uploads\/2021\/05\/el-nabil-parfum-royal-gold-eau-de-parfum-parfum-perfume-elnabil-eau-de-parfum-el-nabil-royal-gold-luxury-for-everyone-14947405004913_900x.jpg","type":"image\/jpeg"}],"twitter_card":"summary_large_image","twitter_misc":{"Tiempo de lectura":"2 minutos"},"schema":{"@context":"https:\/\/schema.org","@graph":[{"@type":"WebPage","@id":"https:\/\/lescollectionsprivees.com\/parfum\/royal-gold-el-nabil\/","url":"https:\/\/lescollectionsprivees.com\/parfum\/royal-gold-el-nabil\/","name":"Royal Gold El Nabil | Fragancia Oriental Mixta | Capacidad 50ml","isPartOf":{"@id":"https:\/\/lescollectionsprivees.com\/#website"},"primaryImageOfPage":{"@id":"https:\/\/lescollectionsprivees.com\/parfum\/royal-gold-el-nabil\/#primaryimage"},"image":{"@id":"https:\/\/lescollectionsprivees.com\/parfum\/royal-gold-el-nabil\/#primaryimage"},"thumbnailUrl":"https:\/\/lescollectionsprivees.com\/wp-content\/uploads\/2021\/05\/el-nabil-parfum-royal-gold-eau-de-parfum-parfum-perfume-elnabil-eau-de-parfum-el-nabil-royal-gold-luxury-for-everyone-14947405004913_900x.jpg","datePublished":"2021-07-18T09:39:20+00:00","dateModified":"2026-02-22T13:03:17+00:00","description":"Cuando la maestr\u00eda francesa se une a la cultura \u00e1rabe, el resultado es Royal Gold El Nabil. Una fragancia \u00fanica.","breadcrumb":{"@id":"https:\/\/lescollectionsprivees.com\/parfum\/royal-gold-el-nabil\/#breadcrumb"},"inLanguage":"es","potentialAction":[{"@type":"ReadAction","target":["https:\/\/lescollectionsprivees.com\/parfum\/royal-gold-el-nabil\/"]}]},{"@type":"ImageObject","inLanguage":"es","@id":"https:\/\/lescollectionsprivees.com\/parfum\/royal-gold-el-nabil\/#primaryimage","url":"https:\/\/lescollectionsprivees.com\/wp-content\/uploads\/2021\/05\/el-nabil-parfum-royal-gold-eau-de-parfum-parfum-perfume-elnabil-eau-de-parfum-el-nabil-royal-gold-luxury-for-everyone-14947405004913_900x.jpg","contentUrl":"https:\/\/lescollectionsprivees.com\/wp-content\/uploads\/2021\/05\/el-nabil-parfum-royal-gold-eau-de-parfum-parfum-perfume-elnabil-eau-de-parfum-el-nabil-royal-gold-luxury-for-everyone-14947405004913_900x.jpg","width":900,"height":900,"caption":"Royal Gold - El Nabil"},{"@type":"BreadcrumbList","@id":"https:\/\/lescollectionsprivees.com\/parfum\/royal-gold-el-nabil\/#breadcrumb","itemListElement":[{"@type":"ListItem","position":1,"name":"Accueil","item":"https:\/\/lescollectionsprivees.com\/"},{"@type":"ListItem","position":2,"name":"Boutique","item":"https:\/\/lescollectionsprivees.com\/boutique\/"},{"@type":"ListItem","position":3,"name":"Royal Gold &#8211; El Nabil"}]},{"@type":"WebSite","@id":"https:\/\/lescollectionsprivees.com\/#website","url":"https:\/\/lescollectionsprivees.com\/","name":"Colecciones privadas","description":"","publisher":{"@id":"https:\/\/lescollectionsprivees.com\/#organization"},"potentialAction":[{"@type":"SearchAction","target":{"@type":"EntryPoint","urlTemplate":"https:\/\/lescollectionsprivees.com\/?s={search_term_string}"},"query-input":{"@type":"PropertyValueSpecification","valueRequired":true,"valueName":"search_term_string"}}],"inLanguage":"es"},{"@type":"Organization","@id":"https:\/\/lescollectionsprivees.com\/#organization","name":"Colecciones privadas","url":"https:\/\/lescollectionsprivees.com\/","logo":{"@type":"ImageObject","inLanguage":"es","@id":"https:\/\/lescollectionsprivees.com\/#\/schema\/logo\/image\/","url":"https:\/\/lescollectionsprivees.com\/wp-content\/uploads\/2020\/02\/Logo-Les-Collections-Priv\u00e9es-450x450-1.png","contentUrl":"https:\/\/lescollectionsprivees.com\/wp-content\/uploads\/2020\/02\/Logo-Les-Collections-Priv\u00e9es-450x450-1.png","width":450,"height":450,"caption":"Les Collections Priv\u00e9es"},"image":{"@id":"https:\/\/lescollectionsprivees.com\/#\/schema\/logo\/image\/"}}]}},"_links":{"self":[{"href":"https:\/\/lescollectionsprivees.com\/es\/wp-json\/wp\/v2\/product\/9616","targetHints":{"allow":["GET"]}}],"collection":[{"href":"https:\/\/lescollectionsprivees.com\/es\/wp-json\/wp\/v2\/product"}],"about":[{"href":"https:\/\/lescollectionsprivees.com\/es\/wp-json\/wp\/v2\/types\/product"}],"wp:featuredmedia":[{"embeddable":true,"href":"https:\/\/lescollectionsprivees.com\/es\/wp-json\/wp\/v2\/media\/9297"}],"wp:attachment":[{"href":"https:\/\/lescollectionsprivees.com\/es\/wp-json\/wp\/v2\/media?parent=9616"}],"wp:term":[{"taxonomy":"product_brand","embeddable":true,"href":"https:\/\/lescollectionsprivees.com\/es\/wp-json\/wp\/v2\/product_brand?post=9616"},{"taxonomy":"product_cat","embeddable":true,"href":"https:\/\/lescollectionsprivees.com\/es\/wp-json\/wp\/v2\/product_cat?post=9616"},{"taxonomy":"product_tag","embeddable":true,"href":"https:\/\/lescollectionsprivees.com\/es\/wp-json\/wp\/v2\/product_tag?post=9616"}],"curies":[{"name":"wp","href":"https:\/\/api.w.org\/{rel}","templated":true}]}}