{"id":6754,"date":"2020-02-10T20:29:19","date_gmt":"2020-02-10T20:29:19","guid":{"rendered":"https:\/\/lescollectionsprivees.com\/?page_id=6754"},"modified":"2021-09-30T18:00:23","modified_gmt":"2021-09-30T18:00:23","slug":"riservatezza","status":"publish","type":"page","link":"https:\/\/lescollectionsprivees.com\/it\/confidentialite\/","title":{"rendered":"Riservatezza"},"content":{"rendered":"<h2>INFORMATIVA SULLA PRIVACY<\/h2>\n<p>Si noti che i dati personali richiesti all'ACQUIRENTE sono necessari per l'elaborazione del suo ordine e, in particolare, per la preparazione delle fatture.<\/p>\n<p>LES COLLECTIONS PRIVEES si impegna a non divulgare a terzi le informazioni comunicate dall'ACQUIRENTE e dai visitatori del sito. Queste informazioni sono riservate. Saranno utilizzate esclusivamente dai servizi interni di LES COLLECTIONS PRIVEES per l'elaborazione dell'ordine e per rafforzare e personalizzare la comunicazione, in particolare tramite lettere informative e messaggi di posta elettronica, nonch\u00e9 nell'ambito della personalizzazione del sito Internet in base alle preferenze rilevate dagli utenti.<\/p>\n<p>Ai sensi della legge francese sulla protezione dei dati personali n. 78-17 del 6 gennaio 1978, l'ACQUIRENTE ha il diritto di rettificare, consultare, modificare e cancellare i dati forniti.<\/p>\n<h3><u>1. I biscotti<\/u><\/h3>\n<p>Durante l'utilizzo del nostro sito, le informazioni relative alla navigazione del terminale dell'ACQUIRENTE (computer, tablet, smartphone, ecc.) possono essere registrate in file \"Cookies\" depositati su tale terminale, nel rispetto delle scelte dell'ACQUIRENTE in materia di Cookies, che pu\u00f2 modificare in qualsiasi momento.<\/p>\n<p>Il termine cookie comprende una serie di tecnologie utilizzate per tracciare il comportamento di navigazione o analizzare il comportamento degli utenti del web. Queste tecnologie sono numerose e in continua evoluzione.<\/p>\n<p>Il cookie http, attualmente la tecnologia pi\u00f9 diffusa, \u00e8 un piccolo file di testo salvato dal browser sul computer, sul tablet o sullo smartphone dell'utente, utilizzato per memorizzare i dati dell'utente al fine di facilitare la navigazione e abilitare alcune funzioni.<\/p>\n<p>I cookie che LES COLLECTIONS PRIVEES rilascia sul sito web e sull'applicazione mobile ci permettono :<br \/>\n- compilare statistiche e volumi di visite e utilizzo dei vari componenti dei nostri servizi. A tal fine, utilizziamo cookie di misurazione del pubblico.<br \/>\n- adattare la presentazione del nostro sito in base al terminale utilizzato;<br \/>\n- adattare la presentazione del nostro sito in base alle affinit\u00e0 di ciascun utente;<br \/>\n- memorizzare le informazioni relative a un modulo che L'ACQUIRENTE ha compilato sul nostro sito (registrazione o accesso al proprio account, servizio sottoscritto, contenuto di un carrello ordini, ecc;)<br \/>\n- per consentire all'ACQUIRENTE di accedere alle aree riservate e personali del nostro sito, come il suo account, utilizzando gli identificatori ;<br \/>\n- per implementare misure di sicurezza, ad esempio quando all'ACQUIRENTE viene chiesto di accedere nuovamente al suo account dopo un certo periodo di tempo;<br \/>\n- condividere le informazioni con gli inserzionisti di altri siti web al fine di fornire all'ACQUIRENTE annunci pubblicitari pertinenti in linea con i suoi centri di interesse. A tal fine utilizziamo cookie pubblicitari.<br \/>\n- condividere le informazioni sui social network. A tal fine, utilizziamo i cookie per consentire la condivisione su tali reti.<\/p>\n<p>Conformemente all'articolo 32II della legge 78-17, LES COLLECTIONS PRIVEES raccoglie il consenso preventivo dell'ACQUIRENTE al deposito di cookie pubblicitari, cookie di misurazione dell'audience e cookie di condivisione dei social network.<\/p>\n<p>L'ACQUIRENTE pu\u00f2 scegliere in qualsiasi momento di esprimere e modificare la propria volont\u00e0 in merito ai cookie, attraverso le modalit\u00e0 descritte di seguito.<\/p>\n<p><a name=\"_Toc473733755\"><\/a><strong>Impostazioni del software di navigazione<\/strong><\/p>\n<p>L'ACQUIRENTE pu\u00f2 configurare il software del suo browser in modo che i cookie vengano memorizzati sul suo terminale o, al contrario, che vengano rifiutati, sistematicamente o a seconda del mittente. Pu\u00f2 inoltre configurare il proprio software di navigazione in modo che gli venga offerta la possibilit\u00e0 di accettare o rifiutare i cookie di volta in volta, prima che un cookie venga probabilmente memorizzato sul suo terminale.<\/p>\n<p><u>Come posso esercitare le mie scelte, a seconda del browser che utilizzo?<\/u><br \/>\nLa configurazione di ogni browser \u00e8 diversa. \u00c8 descritta nel menu di aiuto del browser dell'ACQUIRENTE, che gli consentir\u00e0 di scoprire come modificare i suoi desideri in materia di cookie.<\/p>\n<p>Per Internet Explorer\u2122 : <a href=\"http:\/\/windows.microsoft.com\/fr-FR\/windows-vista\/Block-or-allow-cookies\">http:\/\/windows.microsoft.com\/fr-FR\/windows-vista\/Block-or-allow-cookies<\/a> ,<br \/>\nPer Safari\u2122: <a href=\"http:\/\/docs.info.apple.com\/article.html?path=Safari\/3.0\/fr\/9277.html\">http:\/\/docs.info.apple.com\/article.html?path=Safari\/3.0\/fr\/9277.html<\/a> ,<br \/>\nPer Chrome\u2122: <a href=\"http:\/\/support.google.com\/chrome\/bin\/answer.py?hl=fr&amp;hlrm=en&amp;answer=95647\">http:\/\/support.google.com\/chrome\/bin\/answer.py?hl=fr&amp;hlrm=en&amp;answer=95647<\/a> ,<br \/>\nPer Firefox\u2122: <a href=\"http:\/\/support.mozilla.org\/fr\/kb\/Activer%20et%20d%C3%A9sactiver%20les%20cookies\">http:\/\/support.mozilla.org\/fr\/kb\/Activer%20et%20d%C3%A9sactiver%20les%20cookies<\/a> ,<br \/>\nPer Opera\u2122 : <a href=\"http:\/\/help.opera.com\/Windows\/10.20\/fr\/cookies.html\">http:\/\/help.opera.com\/Windows\/10.20\/fr\/cookies.html<\/a><\/p>\n<p><a name=\"_Toc473733756\"><\/a><strong>Impostazione del sistema operativo su uno smartphone<\/strong><\/p>\n<p>L'ACQUIRENTE ha la possibilit\u00e0 di controllare il deposito dei Cookies sul suo smartphone nelle regole del sistema operativo.<br \/>\nSu iOS: https:\/\/support.apple.com\/fr-fr\/HT201265<br \/>\nSu Android : <a href=\"https:\/\/support.google.com\/chrome\/topic\/3434352\">https:\/\/support.google.com\/chrome\/topic\/3434352<\/a><\/p>","protected":false},"excerpt":{"rendered":"<p>POLITIQUE DE CONFIDENTIALIT\u00c9 Il est rappel\u00e9 que les donn\u00e9es nominatives qui sont demand\u00e9es \u00e0 L\u2019ACHETEUR sont n\u00e9cessaires au traitement de sa commande et \u00e0 l\u2019\u00e9tablissement des factures, notamment. LES COLLECTIONS PRIVEES s\u2019engage \u00e0 ne pas divulguer \u00e0 des tiers les informations communiqu\u00e9es par L\u2019 ACHETEUR et les visiteurs sur le site Internet. Celles-ci sont confidentielles. [&#8230;]\n","protected":false},"author":1,"featured_media":0,"parent":0,"menu_order":0,"comment_status":"closed","ping_status":"closed","template":"","meta":{"footnotes":""},"class_list":["post-6754","page","type-page","status-publish","hentry"],"yoast_head":"<!-- This site is optimized with the Yoast SEO plugin v27.5 - https:\/\/yoast.com\/product\/yoast-seo-wordpress\/ -->\n<title>Confidentialit\u00e9 - Les Collections Priv\u00e9es<\/title>\n<meta name=\"robots\" content=\"index, follow, max-snippet:-1, max-image-preview:large, max-video-preview:-1\" \/>\n<link rel=\"canonical\" href=\"https:\/\/lescollectionsprivees.com\/it\/riservatezza\/\" \/>\n<meta property=\"og:locale\" content=\"it_IT\" \/>\n<meta property=\"og:type\" content=\"article\" \/>\n<meta property=\"og:title\" content=\"Confidentialit\u00e9 - Les Collections Priv\u00e9es\" \/>\n<meta property=\"og:description\" content=\"POLITIQUE DE CONFIDENTIALIT\u00c9 Il est rappel\u00e9 que les donn\u00e9es nominatives qui sont demand\u00e9es \u00e0 L\u2019ACHETEUR sont n\u00e9cessaires au traitement de sa commande et \u00e0 l\u2019\u00e9tablissement des factures, notamment. LES COLLECTIONS PRIVEES s\u2019engage \u00e0 ne pas divulguer \u00e0 des tiers les informations communiqu\u00e9es par L\u2019 ACHETEUR et les visiteurs sur le site Internet. Celles-ci sont confidentielles. [...]\" \/>\n<meta property=\"og:url\" content=\"https:\/\/lescollectionsprivees.com\/it\/riservatezza\/\" \/>\n<meta property=\"og:site_name\" content=\"Les Collections Priv\u00e9es\" \/>\n<meta property=\"article:modified_time\" content=\"2021-09-30T18:00:23+00:00\" \/>\n<meta name=\"twitter:card\" content=\"summary_large_image\" \/>\n<meta name=\"twitter:label1\" content=\"Tempo di lettura stimato\" \/>\n\t<meta name=\"twitter:data1\" content=\"3 minuti\" \/>\n<script type=\"application\/ld+json\" class=\"yoast-schema-graph\">{\"@context\":\"https:\\\/\\\/schema.org\",\"@graph\":[{\"@type\":\"WebPage\",\"@id\":\"https:\\\/\\\/lescollectionsprivees.com\\\/confidentialite\\\/\",\"url\":\"https:\\\/\\\/lescollectionsprivees.com\\\/confidentialite\\\/\",\"name\":\"Confidentialit\u00e9 - Les Collections Priv\u00e9es\",\"isPartOf\":{\"@id\":\"https:\\\/\\\/lescollectionsprivees.com\\\/#website\"},\"datePublished\":\"2020-02-10T20:29:19+00:00\",\"dateModified\":\"2021-09-30T18:00:23+00:00\",\"breadcrumb\":{\"@id\":\"https:\\\/\\\/lescollectionsprivees.com\\\/confidentialite\\\/#breadcrumb\"},\"inLanguage\":\"it-IT\",\"potentialAction\":[{\"@type\":\"ReadAction\",\"target\":[\"https:\\\/\\\/lescollectionsprivees.com\\\/confidentialite\\\/\"]}]},{\"@type\":\"BreadcrumbList\",\"@id\":\"https:\\\/\\\/lescollectionsprivees.com\\\/confidentialite\\\/#breadcrumb\",\"itemListElement\":[{\"@type\":\"ListItem\",\"position\":1,\"name\":\"Accueil\",\"item\":\"https:\\\/\\\/lescollectionsprivees.com\\\/\"},{\"@type\":\"ListItem\",\"position\":2,\"name\":\"Confidentialit\u00e9\"}]},{\"@type\":\"WebSite\",\"@id\":\"https:\\\/\\\/lescollectionsprivees.com\\\/#website\",\"url\":\"https:\\\/\\\/lescollectionsprivees.com\\\/\",\"name\":\"Les Collections Priv\u00e9es\",\"description\":\"\",\"publisher\":{\"@id\":\"https:\\\/\\\/lescollectionsprivees.com\\\/#organization\"},\"potentialAction\":[{\"@type\":\"SearchAction\",\"target\":{\"@type\":\"EntryPoint\",\"urlTemplate\":\"https:\\\/\\\/lescollectionsprivees.com\\\/?s={search_term_string}\"},\"query-input\":{\"@type\":\"PropertyValueSpecification\",\"valueRequired\":true,\"valueName\":\"search_term_string\"}}],\"inLanguage\":\"it-IT\"},{\"@type\":\"Organization\",\"@id\":\"https:\\\/\\\/lescollectionsprivees.com\\\/#organization\",\"name\":\"Les Collections Priv\u00e9es\",\"url\":\"https:\\\/\\\/lescollectionsprivees.com\\\/\",\"logo\":{\"@type\":\"ImageObject\",\"inLanguage\":\"it-IT\",\"@id\":\"https:\\\/\\\/lescollectionsprivees.com\\\/#\\\/schema\\\/logo\\\/image\\\/\",\"url\":\"https:\\\/\\\/lescollectionsprivees.com\\\/wp-content\\\/uploads\\\/2020\\\/02\\\/Logo-Les-Collections-Priv\u00e9es-450x450-1.png\",\"contentUrl\":\"https:\\\/\\\/lescollectionsprivees.com\\\/wp-content\\\/uploads\\\/2020\\\/02\\\/Logo-Les-Collections-Priv\u00e9es-450x450-1.png\",\"width\":450,\"height\":450,\"caption\":\"Les Collections Priv\u00e9es\"},\"image\":{\"@id\":\"https:\\\/\\\/lescollectionsprivees.com\\\/#\\\/schema\\\/logo\\\/image\\\/\"}}]}<\/script>\n<!-- \/ Yoast SEO plugin. -->","yoast_head_json":{"title":"Riservatezza - Collezioni private","robots":{"index":"index","follow":"follow","max-snippet":"max-snippet:-1","max-image-preview":"max-image-preview:large","max-video-preview":"max-video-preview:-1"},"canonical":"https:\/\/lescollectionsprivees.com\/it\/riservatezza\/","og_locale":"it_IT","og_type":"article","og_title":"Confidentialit\u00e9 - Les Collections Priv\u00e9es","og_description":"POLITIQUE DE CONFIDENTIALIT\u00c9 Il est rappel\u00e9 que les donn\u00e9es nominatives qui sont demand\u00e9es \u00e0 L\u2019ACHETEUR sont n\u00e9cessaires au traitement de sa commande et \u00e0 l\u2019\u00e9tablissement des factures, notamment. LES COLLECTIONS PRIVEES s\u2019engage \u00e0 ne pas divulguer \u00e0 des tiers les informations communiqu\u00e9es par L\u2019 ACHETEUR et les visiteurs sur le site Internet. Celles-ci sont confidentielles. [...]","og_url":"https:\/\/lescollectionsprivees.com\/it\/riservatezza\/","og_site_name":"Les Collections Priv\u00e9es","article_modified_time":"2021-09-30T18:00:23+00:00","twitter_card":"summary_large_image","twitter_misc":{"Tempo di lettura stimato":"3 minuti"},"schema":{"@context":"https:\/\/schema.org","@graph":[{"@type":"WebPage","@id":"https:\/\/lescollectionsprivees.com\/confidentialite\/","url":"https:\/\/lescollectionsprivees.com\/confidentialite\/","name":"Riservatezza - Collezioni private","isPartOf":{"@id":"https:\/\/lescollectionsprivees.com\/#website"},"datePublished":"2020-02-10T20:29:19+00:00","dateModified":"2021-09-30T18:00:23+00:00","breadcrumb":{"@id":"https:\/\/lescollectionsprivees.com\/confidentialite\/#breadcrumb"},"inLanguage":"it-IT","potentialAction":[{"@type":"ReadAction","target":["https:\/\/lescollectionsprivees.com\/confidentialite\/"]}]},{"@type":"BreadcrumbList","@id":"https:\/\/lescollectionsprivees.com\/confidentialite\/#breadcrumb","itemListElement":[{"@type":"ListItem","position":1,"name":"Accueil","item":"https:\/\/lescollectionsprivees.com\/"},{"@type":"ListItem","position":2,"name":"Confidentialit\u00e9"}]},{"@type":"WebSite","@id":"https:\/\/lescollectionsprivees.com\/#website","url":"https:\/\/lescollectionsprivees.com\/","name":"Collezioni private","description":"","publisher":{"@id":"https:\/\/lescollectionsprivees.com\/#organization"},"potentialAction":[{"@type":"SearchAction","target":{"@type":"EntryPoint","urlTemplate":"https:\/\/lescollectionsprivees.com\/?s={search_term_string}"},"query-input":{"@type":"PropertyValueSpecification","valueRequired":true,"valueName":"search_term_string"}}],"inLanguage":"it-IT"},{"@type":"Organization","@id":"https:\/\/lescollectionsprivees.com\/#organization","name":"Collezioni private","url":"https:\/\/lescollectionsprivees.com\/","logo":{"@type":"ImageObject","inLanguage":"it-IT","@id":"https:\/\/lescollectionsprivees.com\/#\/schema\/logo\/image\/","url":"https:\/\/lescollectionsprivees.com\/wp-content\/uploads\/2020\/02\/Logo-Les-Collections-Priv\u00e9es-450x450-1.png","contentUrl":"https:\/\/lescollectionsprivees.com\/wp-content\/uploads\/2020\/02\/Logo-Les-Collections-Priv\u00e9es-450x450-1.png","width":450,"height":450,"caption":"Les Collections Priv\u00e9es"},"image":{"@id":"https:\/\/lescollectionsprivees.com\/#\/schema\/logo\/image\/"}}]}},"_links":{"self":[{"href":"https:\/\/lescollectionsprivees.com\/it\/wp-json\/wp\/v2\/pages\/6754","targetHints":{"allow":["GET"]}}],"collection":[{"href":"https:\/\/lescollectionsprivees.com\/it\/wp-json\/wp\/v2\/pages"}],"about":[{"href":"https:\/\/lescollectionsprivees.com\/it\/wp-json\/wp\/v2\/types\/page"}],"author":[{"embeddable":true,"href":"https:\/\/lescollectionsprivees.com\/it\/wp-json\/wp\/v2\/users\/1"}],"replies":[{"embeddable":true,"href":"https:\/\/lescollectionsprivees.com\/it\/wp-json\/wp\/v2\/comments?post=6754"}],"version-history":[{"count":2,"href":"https:\/\/lescollectionsprivees.com\/it\/wp-json\/wp\/v2\/pages\/6754\/revisions"}],"predecessor-version":[{"id":11304,"href":"https:\/\/lescollectionsprivees.com\/it\/wp-json\/wp\/v2\/pages\/6754\/revisions\/11304"}],"wp:attachment":[{"href":"https:\/\/lescollectionsprivees.com\/it\/wp-json\/wp\/v2\/media?parent=6754"}],"curies":[{"name":"wp","href":"https:\/\/api.w.org\/{rel}","templated":true}]}}