{"id":8708,"date":"2021-02-02T16:39:23","date_gmt":"2021-02-02T16:39:23","guid":{"rendered":"https:\/\/lescollectionsprivees.com\/?page_id=8708"},"modified":"2025-05-23T09:16:51","modified_gmt":"2025-05-23T09:16:51","slug":"consegne-di-ritorno","status":"publish","type":"page","link":"https:\/\/lescollectionsprivees.com\/it\/livraisons-retours\/","title":{"rendered":"Consegne e resi"},"content":{"rendered":"<h3><strong>Trasporto del pacco<\/strong><\/h3>\n<p>I pacchi vengono generalmente spediti entro 2 giorni dal ricevimento del pagamento e vengono spediti tramite Colissimo con tracciabilit\u00e0 e drop-off senza firma. I pacchi vengono generalmente spediti entro 2 giorni dal ricevimento del pagamento e vengono spediti tramite Colissimo con tracciabilit\u00e0 e consegna senza firma. Se si preferisce la consegna tramite Colissimo Extra con firma obbligatoria, verr\u00e0 applicato un costo aggiuntivo, pertanto si prega di contattarci prima di scegliere questo metodo. Qualunque sia la scelta di spedizione, vi forniremo un link per tracciare il vostro pacco online il prima possibile.<\/p>\n<p>Le spese di spedizione comprendono l'imballaggio, la gestione e l'affrancatura. Possono includere una parte fissa e una parte variabile a seconda del prezzo o del peso dell'ordine. Vi consigliamo di combinare i vostri acquisti in un unico ordine. Non possiamo raggruppare due ordini distinti effettuati separatamente e le spese di spedizione saranno applicate a ciascuno di essi. Il pacco viene spedito a vostro rischio e pericolo, ma viene prestata particolare attenzione alla protezione degli oggetti fragili.<\/p>\n<p>I pacchi sono sovradimensionati e protetti.<\/p>\n<h2 id=\"h-article-5-retour-remboursement-et-droit-de-retractation\" class=\"wp-block-heading\">RESTITUZIONI - RIMBORSI E DIRITTO DI RECESSO<\/h2>\n<h3 id=\"h-conditions-de-nbsp-retractation\" class=\"wp-block-heading\">Condizioni di recesso<\/h3>\n<p>Il Cliente ha un diritto di recesso di quattordici (14) giorni a partire dalla data di ricevimento della totalit\u00e0 del suo ordine, senza dover necessariamente fornire una motivazione.<br \/>\nPer esercitare il diritto di recesso, i clienti devono comunicare la loro decisione di recedere dall'ordine in una dichiarazione inequivocabile, specificando nome e cognome, indirizzo e-mail, indirizzo, numero d'ordine e data:<\/p>\n<ul class=\"wp-block-list\">\n<li>via e-mail: contact@lescollectionsprivees.com<\/li>\n<li>per telefono: +33 6 58 55 14 29<\/li>\n<\/ul>\n<h5 class=\"wp-block-heading\">Rimborsi e restituzioni<\/h5>\n<ol class=\"wp-block-list\">\n<li>Se il Cliente recede, L.P.S rimborser\u00e0 i pagamenti ricevuti dal Cliente senza indebito ritardo e, in ogni caso, non oltre quattordici (14) giorni dal giorno in cui L.P.S \u00e8 stata informata della decisione del Cliente di recedere.<\/li>\n<li>Se il Cliente recede dall'intero ordine, L.P.S rimborser\u00e0 tutti i pagamenti ricevuti dal Cliente per questo ordine.<\/li>\n<li>Se il Cliente ritira una parte dei Prodotti oggetto dell'ordine, L.P.S rimborser\u00e0 l'importo dei Prodotti restituiti.<\/li>\n<li>Il rimborso sar\u00e0 effettuato con lo stesso mezzo di pagamento utilizzato dal Cliente per il suo ordine o tramite bonifico bancario.<\/li>\n<li>L.P.S pu\u00f2 rinviare il rimborso fino a quando non avr\u00e0 ricevuto e controllato i Prodotti.<\/li>\n<\/ol>\n<p>Accettiamo la restituzione di prodotti difettosi e non. \u00c8 possibile restituire solo prodotti nuovi e non utilizzati. Le restituzioni sono a carico del cliente. I rimborsi vengono effettuati 48 ore dopo il ricevimento e la verifica del pacco.<br \/>\nI pacchi devono essere restituiti al seguente indirizzo:<\/p>\n<p>L.P.S<\/p>\n<p>15 rue de la litte<\/p>\n<p>92390 Villeneuve la garenne<\/p>\n<p>Il Cliente dovr\u00e0 sostenere le spese di restituzione dell'intero ordine o dei Prodotti.<\/p>\n<h3><strong>Eccezioni al diritto di recesso<\/strong><\/h3>\n<p>In conformit\u00e0 alle disposizioni dell'articolo L.121-21-8 del Codice del Consumo francese, il diritto di recesso non si applica a : La fornitura di servizi interamente eseguiti prima della fine del periodo di recesso e la cui esecuzione \u00e8 iniziata dopo il previo accordo esplicito del consumatore e la sua espressa rinuncia al diritto di recesso. La fornitura di beni o servizi il cui prezzo dipende da fluttuazioni del mercato finanziario che sfuggono al controllo del professionista e che possono verificarsi durante il periodo di recesso. La fornitura di beni realizzati su misura per il consumatore o chiaramente personalizzati. La fornitura di beni che potrebbero deteriorarsi o scadere rapidamente. La fornitura di beni che sono stati aperti dal consumatore dopo la consegna e che non possono essere restituiti per motivi igienici o di tutela della salute. La fornitura di bevande alcoliche la cui consegna \u00e8 differita oltre i trenta giorni e il cui valore concordato alla conclusione del contratto dipende dalle fluttuazioni del mercato al di fuori del controllo del professionista. La fornitura di registrazioni audio o video o di software per computer, se sono stati tolti i sigilli dal consumatore dopo la consegna. La fornitura di giornali, periodici o riviste, ad eccezione dei contratti di abbonamento a tali pubblicazioni. Le transazioni concluse in un'asta pubblica. La fornitura di contenuti digitali non forniti su un supporto tangibile, la cui esecuzione \u00e8 iniziata dopo il previo accordo esplicito del consumatore e la sua espressa rinuncia al diritto di recesso. Articolo 7- Disponibilit\u00e0 I nostri prodotti sono offerti finch\u00e9 sono visibili sul sito https:\/\/lescollectionsprivees.com e nei limiti delle scorte disponibili. Per i prodotti non disponibili in magazzino, le nostre offerte sono valide in base alla disponibilit\u00e0 dei nostri fornitori. Se un prodotto non \u00e8 disponibile dopo che avete effettuato l'ordine, vi informeremo via e-mail. L'ordine verr\u00e0 automaticamente annullato e non verr\u00e0 effettuato alcun addebito bancario. Inoltre, il sito https:\/\/lescollectionsprivees.com non \u00e8 destinato alla vendita di prodotti in grandi quantit\u00e0. Di conseguenza, la societ\u00e0\u00a0<strong>Direttore generale<\/strong>\u00a0si riserva il diritto di rifiutare ordini di articoli identici.<\/p>","protected":false},"excerpt":{"rendered":"<p>Le transport de votre colis Les colis sont g\u00e9n\u00e9ralement exp\u00e9di\u00e9s en 48h apr\u00e8s r\u00e9ception de votre paiement. Le mode d\u2019exp\u00e9dition standard est le Colissimo suivi, remis sans signature. Si vous souhaitez une remise avec signature, un co\u00fbt suppl\u00e9mentaire s\u2019applique, merci de nous contacter. Quel que soit le mode d\u2019exp\u00e9dition choisi, nous vous fournirons d\u00e8s que [&#8230;]\n","protected":false},"author":1,"featured_media":0,"parent":0,"menu_order":0,"comment_status":"closed","ping_status":"closed","template":"","meta":{"footnotes":""},"class_list":["post-8708","page","type-page","status-publish","hentry"],"yoast_head":"<!-- This site is optimized with the Yoast SEO plugin v27.3 - https:\/\/yoast.com\/product\/yoast-seo-wordpress\/ -->\n<title>Livraisons &amp; Retours - Les Collections Priv\u00e9es<\/title>\n<meta name=\"robots\" content=\"index, follow, max-snippet:-1, max-image-preview:large, max-video-preview:-1\" \/>\n<link rel=\"canonical\" href=\"https:\/\/lescollectionsprivees.com\/it\/consegne-di-ritorno\/\" \/>\n<meta property=\"og:locale\" content=\"it_IT\" \/>\n<meta property=\"og:type\" content=\"article\" \/>\n<meta property=\"og:title\" content=\"Livraisons &amp; Retours - Les Collections Priv\u00e9es\" \/>\n<meta property=\"og:description\" content=\"Le transport de votre colis Les colis sont g\u00e9n\u00e9ralement exp\u00e9di\u00e9s en 48h apr\u00e8s r\u00e9ception de votre paiement. Le mode d\u2019exp\u00e9dition standard est le Colissimo suivi, remis sans signature. Si vous souhaitez une remise avec signature, un co\u00fbt suppl\u00e9mentaire s\u2019applique, merci de nous contacter. Quel que soit le mode d\u2019exp\u00e9dition choisi, nous vous fournirons d\u00e8s que [...]\" \/>\n<meta property=\"og:url\" content=\"https:\/\/lescollectionsprivees.com\/it\/consegne-di-ritorno\/\" \/>\n<meta property=\"og:site_name\" content=\"Les Collections Priv\u00e9es\" \/>\n<meta property=\"article:modified_time\" content=\"2025-05-23T09:16:51+00:00\" \/>\n<meta name=\"twitter:card\" content=\"summary_large_image\" \/>\n<meta name=\"twitter:label1\" content=\"Tempo di lettura stimato\" \/>\n\t<meta name=\"twitter:data1\" content=\"5 minuti\" \/>\n<script type=\"application\/ld+json\" class=\"yoast-schema-graph\">{\"@context\":\"https:\\\/\\\/schema.org\",\"@graph\":[{\"@type\":\"WebPage\",\"@id\":\"https:\\\/\\\/lescollectionsprivees.com\\\/livraisons-retours\\\/\",\"url\":\"https:\\\/\\\/lescollectionsprivees.com\\\/livraisons-retours\\\/\",\"name\":\"Livraisons & Retours - Les Collections Priv\u00e9es\",\"isPartOf\":{\"@id\":\"https:\\\/\\\/lescollectionsprivees.com\\\/#website\"},\"datePublished\":\"2021-02-02T16:39:23+00:00\",\"dateModified\":\"2025-05-23T09:16:51+00:00\",\"breadcrumb\":{\"@id\":\"https:\\\/\\\/lescollectionsprivees.com\\\/livraisons-retours\\\/#breadcrumb\"},\"inLanguage\":\"it-IT\",\"potentialAction\":[{\"@type\":\"ReadAction\",\"target\":[\"https:\\\/\\\/lescollectionsprivees.com\\\/livraisons-retours\\\/\"]}]},{\"@type\":\"BreadcrumbList\",\"@id\":\"https:\\\/\\\/lescollectionsprivees.com\\\/livraisons-retours\\\/#breadcrumb\",\"itemListElement\":[{\"@type\":\"ListItem\",\"position\":1,\"name\":\"Accueil\",\"item\":\"https:\\\/\\\/lescollectionsprivees.com\\\/\"},{\"@type\":\"ListItem\",\"position\":2,\"name\":\"Livraisons &#038; Retours\"}]},{\"@type\":\"WebSite\",\"@id\":\"https:\\\/\\\/lescollectionsprivees.com\\\/#website\",\"url\":\"https:\\\/\\\/lescollectionsprivees.com\\\/\",\"name\":\"Les Collections Priv\u00e9es\",\"description\":\"\",\"publisher\":{\"@id\":\"https:\\\/\\\/lescollectionsprivees.com\\\/#organization\"},\"potentialAction\":[{\"@type\":\"SearchAction\",\"target\":{\"@type\":\"EntryPoint\",\"urlTemplate\":\"https:\\\/\\\/lescollectionsprivees.com\\\/?s={search_term_string}\"},\"query-input\":{\"@type\":\"PropertyValueSpecification\",\"valueRequired\":true,\"valueName\":\"search_term_string\"}}],\"inLanguage\":\"it-IT\"},{\"@type\":\"Organization\",\"@id\":\"https:\\\/\\\/lescollectionsprivees.com\\\/#organization\",\"name\":\"Les Collections Priv\u00e9es\",\"url\":\"https:\\\/\\\/lescollectionsprivees.com\\\/\",\"logo\":{\"@type\":\"ImageObject\",\"inLanguage\":\"it-IT\",\"@id\":\"https:\\\/\\\/lescollectionsprivees.com\\\/#\\\/schema\\\/logo\\\/image\\\/\",\"url\":\"https:\\\/\\\/lescollectionsprivees.com\\\/wp-content\\\/uploads\\\/2020\\\/02\\\/Logo-Les-Collections-Priv\u00e9es-450x450-1.png\",\"contentUrl\":\"https:\\\/\\\/lescollectionsprivees.com\\\/wp-content\\\/uploads\\\/2020\\\/02\\\/Logo-Les-Collections-Priv\u00e9es-450x450-1.png\",\"width\":450,\"height\":450,\"caption\":\"Les Collections Priv\u00e9es\"},\"image\":{\"@id\":\"https:\\\/\\\/lescollectionsprivees.com\\\/#\\\/schema\\\/logo\\\/image\\\/\"}}]}<\/script>\n<!-- \/ Yoast SEO plugin. -->","yoast_head_json":{"title":"Spedizione e restituzione - Les Collections Priv\u00e9es","robots":{"index":"index","follow":"follow","max-snippet":"max-snippet:-1","max-image-preview":"max-image-preview:large","max-video-preview":"max-video-preview:-1"},"canonical":"https:\/\/lescollectionsprivees.com\/it\/consegne-di-ritorno\/","og_locale":"it_IT","og_type":"article","og_title":"Livraisons & Retours - Les Collections Priv\u00e9es","og_description":"Le transport de votre colis Les colis sont g\u00e9n\u00e9ralement exp\u00e9di\u00e9s en 48h apr\u00e8s r\u00e9ception de votre paiement. Le mode d\u2019exp\u00e9dition standard est le Colissimo suivi, remis sans signature. Si vous souhaitez une remise avec signature, un co\u00fbt suppl\u00e9mentaire s\u2019applique, merci de nous contacter. Quel que soit le mode d\u2019exp\u00e9dition choisi, nous vous fournirons d\u00e8s que [...]","og_url":"https:\/\/lescollectionsprivees.com\/it\/consegne-di-ritorno\/","og_site_name":"Les Collections Priv\u00e9es","article_modified_time":"2025-05-23T09:16:51+00:00","twitter_card":"summary_large_image","twitter_misc":{"Tempo di lettura stimato":"5 minuti"},"schema":{"@context":"https:\/\/schema.org","@graph":[{"@type":"WebPage","@id":"https:\/\/lescollectionsprivees.com\/livraisons-retours\/","url":"https:\/\/lescollectionsprivees.com\/livraisons-retours\/","name":"Spedizione e restituzione - Les Collections Priv\u00e9es","isPartOf":{"@id":"https:\/\/lescollectionsprivees.com\/#website"},"datePublished":"2021-02-02T16:39:23+00:00","dateModified":"2025-05-23T09:16:51+00:00","breadcrumb":{"@id":"https:\/\/lescollectionsprivees.com\/livraisons-retours\/#breadcrumb"},"inLanguage":"it-IT","potentialAction":[{"@type":"ReadAction","target":["https:\/\/lescollectionsprivees.com\/livraisons-retours\/"]}]},{"@type":"BreadcrumbList","@id":"https:\/\/lescollectionsprivees.com\/livraisons-retours\/#breadcrumb","itemListElement":[{"@type":"ListItem","position":1,"name":"Accueil","item":"https:\/\/lescollectionsprivees.com\/"},{"@type":"ListItem","position":2,"name":"Livraisons &#038; Retours"}]},{"@type":"WebSite","@id":"https:\/\/lescollectionsprivees.com\/#website","url":"https:\/\/lescollectionsprivees.com\/","name":"Collezioni private","description":"","publisher":{"@id":"https:\/\/lescollectionsprivees.com\/#organization"},"potentialAction":[{"@type":"SearchAction","target":{"@type":"EntryPoint","urlTemplate":"https:\/\/lescollectionsprivees.com\/?s={search_term_string}"},"query-input":{"@type":"PropertyValueSpecification","valueRequired":true,"valueName":"search_term_string"}}],"inLanguage":"it-IT"},{"@type":"Organization","@id":"https:\/\/lescollectionsprivees.com\/#organization","name":"Collezioni private","url":"https:\/\/lescollectionsprivees.com\/","logo":{"@type":"ImageObject","inLanguage":"it-IT","@id":"https:\/\/lescollectionsprivees.com\/#\/schema\/logo\/image\/","url":"https:\/\/lescollectionsprivees.com\/wp-content\/uploads\/2020\/02\/Logo-Les-Collections-Priv\u00e9es-450x450-1.png","contentUrl":"https:\/\/lescollectionsprivees.com\/wp-content\/uploads\/2020\/02\/Logo-Les-Collections-Priv\u00e9es-450x450-1.png","width":450,"height":450,"caption":"Les Collections Priv\u00e9es"},"image":{"@id":"https:\/\/lescollectionsprivees.com\/#\/schema\/logo\/image\/"}}]}},"_links":{"self":[{"href":"https:\/\/lescollectionsprivees.com\/it\/wp-json\/wp\/v2\/pages\/8708","targetHints":{"allow":["GET"]}}],"collection":[{"href":"https:\/\/lescollectionsprivees.com\/it\/wp-json\/wp\/v2\/pages"}],"about":[{"href":"https:\/\/lescollectionsprivees.com\/it\/wp-json\/wp\/v2\/types\/page"}],"author":[{"embeddable":true,"href":"https:\/\/lescollectionsprivees.com\/it\/wp-json\/wp\/v2\/users\/1"}],"replies":[{"embeddable":true,"href":"https:\/\/lescollectionsprivees.com\/it\/wp-json\/wp\/v2\/comments?post=8708"}],"version-history":[{"count":3,"href":"https:\/\/lescollectionsprivees.com\/it\/wp-json\/wp\/v2\/pages\/8708\/revisions"}],"predecessor-version":[{"id":35185,"href":"https:\/\/lescollectionsprivees.com\/it\/wp-json\/wp\/v2\/pages\/8708\/revisions\/35185"}],"wp:attachment":[{"href":"https:\/\/lescollectionsprivees.com\/it\/wp-json\/wp\/v2\/media?parent=8708"}],"curies":[{"name":"wp","href":"https:\/\/api.w.org\/{rel}","templated":true}]}}