{"id":10215,"date":"2021-08-18T15:17:04","date_gmt":"2021-08-18T15:17:04","guid":{"rendered":"https:\/\/lescollectionsprivees.com\/?post_type=product&#038;p=10215"},"modified":"2021-12-09T18:42:08","modified_gmt":"2021-12-09T18:42:08","slug":"profumo-vaniglia-nuda-sunkissed-mist-victorias-secret","status":"publish","type":"product","link":"https:\/\/lescollectionsprivees.com\/it\/parfum\/brume-parfumee-bare-vanilla-sunkissed-victorias-secret\/","title":{"rendered":"Nebbia profumata Bare Vanilla Sunkissed - Victoria's Secret"},"content":{"rendered":"","protected":false},"excerpt":{"rendered":"<p><strong><u>Dati tecnici :<\/u><\/strong><\/p>\n<p><strong>Nome del profumo<\/strong> : Bare Vanilla Sunkissed<br \/>\n<strong>Marchio<\/strong> : Victoria's Secret<br \/>\n<strong>Specificit\u00e0: <\/strong>Nebbia profumata<br \/>\n<strong>Capacit\u00e0<\/strong>\u00a0250 mL<\/p>\n<p><strong>Profilo olfattivo :<\/strong><\/p>\n<p>Vaniglia, ambra.<\/p>","protected":false},"featured_media":10245,"template":"","meta":[],"product_brand":[],"product_cat":[174,173,165],"product_tag":[],"class_list":{"0":"post-10215","1":"product","2":"type-product","3":"status-publish","4":"has-post-thumbnail","6":"product_cat-brumes-corporelles","7":"product_cat-cosmetique","8":"product_cat-brume-victoria-secret","9":"pa_marque-victorias-secret","11":"first","12":"outofstock","13":"taxable","14":"shipping-taxable","15":"purchasable","16":"product-type-simple"},"yoast_head":"<!-- This site is optimized with the Yoast SEO plugin v27.5 - https:\/\/yoast.com\/product\/yoast-seo-wordpress\/ -->\n<title>Brume parfum\u00e9e Bare Vanilla Sunkissed - Victoria&#039;s Secret - Les Collections Priv\u00e9es<\/title>\n<meta name=\"robots\" content=\"index, follow, max-snippet:-1, max-image-preview:large, max-video-preview:-1\" \/>\n<link rel=\"canonical\" href=\"https:\/\/lescollectionsprivees.com\/it\/fragranza\/profumo-vaniglia-nuda-sunkissed-mist-victorias-secret\/\" \/>\n<meta property=\"og:locale\" content=\"it_IT\" \/>\n<meta property=\"og:type\" content=\"article\" \/>\n<meta property=\"og:title\" content=\"Brume parfum\u00e9e Bare Vanilla Sunkissed - Victoria&#039;s Secret - Les Collections Priv\u00e9es\" \/>\n<meta property=\"og:description\" content=\"Donn\u00e9es Techniques :  Nom du parfum : Bare Vanilla Sunkissed Marque : Victoria&#039;s Secret Sp\u00e9cificit\u00e9 : Brume parfum\u00e9 Contenance\u00a0: 250 mL  Profil olfactif :  Vanille, ambre.\" \/>\n<meta property=\"og:url\" content=\"https:\/\/lescollectionsprivees.com\/it\/fragranza\/profumo-vaniglia-nuda-sunkissed-mist-victorias-secret\/\" \/>\n<meta property=\"og:site_name\" content=\"Les Collections Priv\u00e9es\" \/>\n<meta property=\"article:modified_time\" content=\"2021-12-09T18:42:08+00:00\" \/>\n<meta property=\"og:image\" content=\"https:\/\/lescollectionsprivees.com\/wp-content\/uploads\/2021\/08\/brume-parfumee-bare-vanilla-sunkissed-victoria-secret.jpg\" \/>\n\t<meta property=\"og:image:width\" content=\"600\" \/>\n\t<meta property=\"og:image:height\" content=\"600\" \/>\n\t<meta property=\"og:image:type\" content=\"image\/jpeg\" \/>\n<meta name=\"twitter:card\" content=\"summary_large_image\" \/>\n<script type=\"application\/ld+json\" class=\"yoast-schema-graph\">{\"@context\":\"https:\\\/\\\/schema.org\",\"@graph\":[{\"@type\":\"WebPage\",\"@id\":\"https:\\\/\\\/lescollectionsprivees.com\\\/parfum\\\/brume-parfumee-bare-vanilla-sunkissed-victorias-secret\\\/\",\"url\":\"https:\\\/\\\/lescollectionsprivees.com\\\/parfum\\\/brume-parfumee-bare-vanilla-sunkissed-victorias-secret\\\/\",\"name\":\"Brume parfum\u00e9e Bare Vanilla Sunkissed - Victoria's Secret - Les Collections Priv\u00e9es\",\"isPartOf\":{\"@id\":\"https:\\\/\\\/lescollectionsprivees.com\\\/#website\"},\"primaryImageOfPage\":{\"@id\":\"https:\\\/\\\/lescollectionsprivees.com\\\/parfum\\\/brume-parfumee-bare-vanilla-sunkissed-victorias-secret\\\/#primaryimage\"},\"image\":{\"@id\":\"https:\\\/\\\/lescollectionsprivees.com\\\/parfum\\\/brume-parfumee-bare-vanilla-sunkissed-victorias-secret\\\/#primaryimage\"},\"thumbnailUrl\":\"https:\\\/\\\/lescollectionsprivees.com\\\/wp-content\\\/uploads\\\/2021\\\/08\\\/brume-parfumee-bare-vanilla-sunkissed-victoria-secret.jpg\",\"datePublished\":\"2021-08-18T15:17:04+00:00\",\"dateModified\":\"2021-12-09T18:42:08+00:00\",\"breadcrumb\":{\"@id\":\"https:\\\/\\\/lescollectionsprivees.com\\\/parfum\\\/brume-parfumee-bare-vanilla-sunkissed-victorias-secret\\\/#breadcrumb\"},\"inLanguage\":\"it-IT\",\"potentialAction\":[{\"@type\":\"ReadAction\",\"target\":[\"https:\\\/\\\/lescollectionsprivees.com\\\/parfum\\\/brume-parfumee-bare-vanilla-sunkissed-victorias-secret\\\/\"]}]},{\"@type\":\"ImageObject\",\"inLanguage\":\"it-IT\",\"@id\":\"https:\\\/\\\/lescollectionsprivees.com\\\/parfum\\\/brume-parfumee-bare-vanilla-sunkissed-victorias-secret\\\/#primaryimage\",\"url\":\"https:\\\/\\\/lescollectionsprivees.com\\\/wp-content\\\/uploads\\\/2021\\\/08\\\/brume-parfumee-bare-vanilla-sunkissed-victoria-secret.jpg\",\"contentUrl\":\"https:\\\/\\\/lescollectionsprivees.com\\\/wp-content\\\/uploads\\\/2021\\\/08\\\/brume-parfumee-bare-vanilla-sunkissed-victoria-secret.jpg\",\"width\":600,\"height\":600},{\"@type\":\"BreadcrumbList\",\"@id\":\"https:\\\/\\\/lescollectionsprivees.com\\\/parfum\\\/brume-parfumee-bare-vanilla-sunkissed-victorias-secret\\\/#breadcrumb\",\"itemListElement\":[{\"@type\":\"ListItem\",\"position\":1,\"name\":\"Accueil\",\"item\":\"https:\\\/\\\/lescollectionsprivees.com\\\/\"},{\"@type\":\"ListItem\",\"position\":2,\"name\":\"Boutique\",\"item\":\"https:\\\/\\\/lescollectionsprivees.com\\\/boutique\\\/\"},{\"@type\":\"ListItem\",\"position\":3,\"name\":\"Brume parfum\u00e9e Bare Vanilla Sunkissed &#8211; Victoria&#8217;s Secret\"}]},{\"@type\":\"WebSite\",\"@id\":\"https:\\\/\\\/lescollectionsprivees.com\\\/#website\",\"url\":\"https:\\\/\\\/lescollectionsprivees.com\\\/\",\"name\":\"Les Collections Priv\u00e9es\",\"description\":\"\",\"publisher\":{\"@id\":\"https:\\\/\\\/lescollectionsprivees.com\\\/#organization\"},\"potentialAction\":[{\"@type\":\"SearchAction\",\"target\":{\"@type\":\"EntryPoint\",\"urlTemplate\":\"https:\\\/\\\/lescollectionsprivees.com\\\/?s={search_term_string}\"},\"query-input\":{\"@type\":\"PropertyValueSpecification\",\"valueRequired\":true,\"valueName\":\"search_term_string\"}}],\"inLanguage\":\"it-IT\"},{\"@type\":\"Organization\",\"@id\":\"https:\\\/\\\/lescollectionsprivees.com\\\/#organization\",\"name\":\"Les Collections Priv\u00e9es\",\"url\":\"https:\\\/\\\/lescollectionsprivees.com\\\/\",\"logo\":{\"@type\":\"ImageObject\",\"inLanguage\":\"it-IT\",\"@id\":\"https:\\\/\\\/lescollectionsprivees.com\\\/#\\\/schema\\\/logo\\\/image\\\/\",\"url\":\"https:\\\/\\\/lescollectionsprivees.com\\\/wp-content\\\/uploads\\\/2020\\\/02\\\/Logo-Les-Collections-Priv\u00e9es-450x450-1.png\",\"contentUrl\":\"https:\\\/\\\/lescollectionsprivees.com\\\/wp-content\\\/uploads\\\/2020\\\/02\\\/Logo-Les-Collections-Priv\u00e9es-450x450-1.png\",\"width\":450,\"height\":450,\"caption\":\"Les Collections Priv\u00e9es\"},\"image\":{\"@id\":\"https:\\\/\\\/lescollectionsprivees.com\\\/#\\\/schema\\\/logo\\\/image\\\/\"}}]}<\/script>\n<!-- \/ Yoast SEO plugin. -->","yoast_head_json":{"title":"Nebbia profumata Bare Vanilla Sunkissed - Victoria's Secret - Collezioni private","robots":{"index":"index","follow":"follow","max-snippet":"max-snippet:-1","max-image-preview":"max-image-preview:large","max-video-preview":"max-video-preview:-1"},"canonical":"https:\/\/lescollectionsprivees.com\/it\/fragranza\/profumo-vaniglia-nuda-sunkissed-mist-victorias-secret\/","og_locale":"it_IT","og_type":"article","og_title":"Brume parfum\u00e9e Bare Vanilla Sunkissed - Victoria's Secret - Les Collections Priv\u00e9es","og_description":"Donn\u00e9es Techniques :  Nom du parfum : Bare Vanilla Sunkissed Marque : Victoria's Secret Sp\u00e9cificit\u00e9 : Brume parfum\u00e9 Contenance\u00a0: 250 mL  Profil olfactif :  Vanille, ambre.","og_url":"https:\/\/lescollectionsprivees.com\/it\/fragranza\/profumo-vaniglia-nuda-sunkissed-mist-victorias-secret\/","og_site_name":"Les Collections Priv\u00e9es","article_modified_time":"2021-12-09T18:42:08+00:00","og_image":[{"width":600,"height":600,"url":"https:\/\/lescollectionsprivees.com\/wp-content\/uploads\/2021\/08\/brume-parfumee-bare-vanilla-sunkissed-victoria-secret.jpg","type":"image\/jpeg"}],"twitter_card":"summary_large_image","schema":{"@context":"https:\/\/schema.org","@graph":[{"@type":"WebPage","@id":"https:\/\/lescollectionsprivees.com\/parfum\/brume-parfumee-bare-vanilla-sunkissed-victorias-secret\/","url":"https:\/\/lescollectionsprivees.com\/parfum\/brume-parfumee-bare-vanilla-sunkissed-victorias-secret\/","name":"Nebbia profumata Bare Vanilla Sunkissed - Victoria's Secret - Collezioni private","isPartOf":{"@id":"https:\/\/lescollectionsprivees.com\/#website"},"primaryImageOfPage":{"@id":"https:\/\/lescollectionsprivees.com\/parfum\/brume-parfumee-bare-vanilla-sunkissed-victorias-secret\/#primaryimage"},"image":{"@id":"https:\/\/lescollectionsprivees.com\/parfum\/brume-parfumee-bare-vanilla-sunkissed-victorias-secret\/#primaryimage"},"thumbnailUrl":"https:\/\/lescollectionsprivees.com\/wp-content\/uploads\/2021\/08\/brume-parfumee-bare-vanilla-sunkissed-victoria-secret.jpg","datePublished":"2021-08-18T15:17:04+00:00","dateModified":"2021-12-09T18:42:08+00:00","breadcrumb":{"@id":"https:\/\/lescollectionsprivees.com\/parfum\/brume-parfumee-bare-vanilla-sunkissed-victorias-secret\/#breadcrumb"},"inLanguage":"it-IT","potentialAction":[{"@type":"ReadAction","target":["https:\/\/lescollectionsprivees.com\/parfum\/brume-parfumee-bare-vanilla-sunkissed-victorias-secret\/"]}]},{"@type":"ImageObject","inLanguage":"it-IT","@id":"https:\/\/lescollectionsprivees.com\/parfum\/brume-parfumee-bare-vanilla-sunkissed-victorias-secret\/#primaryimage","url":"https:\/\/lescollectionsprivees.com\/wp-content\/uploads\/2021\/08\/brume-parfumee-bare-vanilla-sunkissed-victoria-secret.jpg","contentUrl":"https:\/\/lescollectionsprivees.com\/wp-content\/uploads\/2021\/08\/brume-parfumee-bare-vanilla-sunkissed-victoria-secret.jpg","width":600,"height":600},{"@type":"BreadcrumbList","@id":"https:\/\/lescollectionsprivees.com\/parfum\/brume-parfumee-bare-vanilla-sunkissed-victorias-secret\/#breadcrumb","itemListElement":[{"@type":"ListItem","position":1,"name":"Accueil","item":"https:\/\/lescollectionsprivees.com\/"},{"@type":"ListItem","position":2,"name":"Boutique","item":"https:\/\/lescollectionsprivees.com\/boutique\/"},{"@type":"ListItem","position":3,"name":"Brume parfum\u00e9e Bare Vanilla Sunkissed &#8211; Victoria&#8217;s Secret"}]},{"@type":"WebSite","@id":"https:\/\/lescollectionsprivees.com\/#website","url":"https:\/\/lescollectionsprivees.com\/","name":"Collezioni private","description":"","publisher":{"@id":"https:\/\/lescollectionsprivees.com\/#organization"},"potentialAction":[{"@type":"SearchAction","target":{"@type":"EntryPoint","urlTemplate":"https:\/\/lescollectionsprivees.com\/?s={search_term_string}"},"query-input":{"@type":"PropertyValueSpecification","valueRequired":true,"valueName":"search_term_string"}}],"inLanguage":"it-IT"},{"@type":"Organization","@id":"https:\/\/lescollectionsprivees.com\/#organization","name":"Collezioni private","url":"https:\/\/lescollectionsprivees.com\/","logo":{"@type":"ImageObject","inLanguage":"it-IT","@id":"https:\/\/lescollectionsprivees.com\/#\/schema\/logo\/image\/","url":"https:\/\/lescollectionsprivees.com\/wp-content\/uploads\/2020\/02\/Logo-Les-Collections-Priv\u00e9es-450x450-1.png","contentUrl":"https:\/\/lescollectionsprivees.com\/wp-content\/uploads\/2020\/02\/Logo-Les-Collections-Priv\u00e9es-450x450-1.png","width":450,"height":450,"caption":"Les Collections Priv\u00e9es"},"image":{"@id":"https:\/\/lescollectionsprivees.com\/#\/schema\/logo\/image\/"}}]}},"_links":{"self":[{"href":"https:\/\/lescollectionsprivees.com\/it\/wp-json\/wp\/v2\/product\/10215","targetHints":{"allow":["GET"]}}],"collection":[{"href":"https:\/\/lescollectionsprivees.com\/it\/wp-json\/wp\/v2\/product"}],"about":[{"href":"https:\/\/lescollectionsprivees.com\/it\/wp-json\/wp\/v2\/types\/product"}],"wp:featuredmedia":[{"embeddable":true,"href":"https:\/\/lescollectionsprivees.com\/it\/wp-json\/wp\/v2\/media\/10245"}],"wp:attachment":[{"href":"https:\/\/lescollectionsprivees.com\/it\/wp-json\/wp\/v2\/media?parent=10215"}],"wp:term":[{"taxonomy":"product_brand","embeddable":true,"href":"https:\/\/lescollectionsprivees.com\/it\/wp-json\/wp\/v2\/product_brand?post=10215"},{"taxonomy":"product_cat","embeddable":true,"href":"https:\/\/lescollectionsprivees.com\/it\/wp-json\/wp\/v2\/product_cat?post=10215"},{"taxonomy":"product_tag","embeddable":true,"href":"https:\/\/lescollectionsprivees.com\/it\/wp-json\/wp\/v2\/product_tag?post=10215"}],"curies":[{"name":"wp","href":"https:\/\/api.w.org\/{rel}","templated":true}]}}