{"id":23002,"date":"2023-03-22T17:45:11","date_gmt":"2023-03-22T17:45:11","guid":{"rendered":"https:\/\/lescollectionsprivees.com\/?post_type=product&#038;p=23002"},"modified":"2023-07-14T18:42:06","modified_gmt":"2023-07-14T18:42:06","slug":"ciottolo-da-bagno-alla-vaniglia-40g-rp-paris","status":"publish","type":"product","link":"https:\/\/lescollectionsprivees.com\/it\/parfum\/galet-de-bain-vanille-40g-rp-paris\/","title":{"rendered":"Ciottolo da bagno alla vaniglia 40 g - Rp Paris"},"content":{"rendered":"<p>Il ciottolo da bagno alla vaniglia RP Paris \u00e8 uno dei prodotti pi\u00f9 venduti.\u00a0<strong>prodotti per la doccia<\/strong>\u00a0che fanno la differenza. Oggi i prodotti di consumo non sono solo saponi e shampoo. Visitare<strong>\u00a0sale da bagno<\/strong>\u00a0\u00e8 un prodotto sempre pi\u00f9 richiesto. Oggi, offrendovi profumi molto espliciti nel cuore di una\u00a0<strong>prodotto naturale<\/strong>\u00a0\u00e8 ci\u00f2 che vi permette di agire.<\/p>\n<p>Lo sappiamo perch\u00e9 sempre pi\u00f9 spesso ordinate ciottoli da bagno quando acquistate un profumo. Poich\u00e9 abbiamo a cuore il vostro benessere e la soddisfazione del cliente, facciamo del nostro meglio per conquistare i nostri clienti.<\/p>\n<h2><strong>Il ciottolo da bagno alla vaniglia RP Paris per un eccellente momento di relax\u00a0<\/strong><\/h2>\n<p>La tradizione dei bagni di schiuma sta scomparendo. Oggi i sali da bagno stanno prendendo il sopravvento. Il motivo \u00e8 evidente. Prima di tutto, questi<strong>\u00a0prodotto effervescente\u00a0<\/strong>\u00e8 naturale. \u00c8 composto da\u00a0<strong>bicarbonato di sodio<\/strong>\u00a0e svolge un ruolo\u00a0<strong>benefico per la pelle<\/strong>.<\/p>\n<p>Rende pi\u00f9 facile\u00a0<strong>eliminare i batteri<\/strong>\u00a0presenti sulla superficie dell'epidermide.<\/p>\n<p>Quindi cosa ci si aspetta da luoghi in cui questo\u00a0<strong>base disinfettante\u00a0<\/strong>\u00e8 accompagnato da un\u00a0<strong>delizioso sapore di vaniglia<\/strong>. Il risultato \u00e8 un'atmosfera molto piacevole nel cuore del bagno.\u00a0<strong><a href=\"https:\/\/lescollectionsprivees.com\/it\/fragranza\/ciottolo-da-bagno-al-gelsomino-40g-rp-paris\/\">Sono disponibili anche altri gusti floreali<\/a><\/strong>\u00a0in questa gamma di prodotti.<\/p>\n<h3><strong>Un ottimo sale da bagno per la cura dei piedi<\/strong><\/h3>\n<p>Se scegliete di fare il bagno, \u00e8 anche perch\u00e9 \u00e8 uno stile di vita.\u00a0<strong>momento di relax\u00a0<\/strong>meritato. \u00c8 anche un momento in cui il\u00a0<strong>le piante dei piedi si ammorbidiscono<\/strong>\u00a0grazie alla permanenza in acqua per pi\u00f9 di mezz'ora.<\/p>\n<p>Il ciottolo da bagno alla vaniglia di RP Paris faciliter\u00e0 tutto questo lavoro, preparando i piedi alla pedicure. Una volta terminato il bagno, il profumo di vaniglia pervader\u00e0 il vostro corpo.<\/p>\n<p><strong>Cogliere l'opportunit\u00e0 di :<\/strong><\/p>\n<ul>\n<li>\u00a0Cura dei piedi con la pietra pomice<\/li>\n<li>Rimuovere la pelle morta<\/li>\n<li>Doccia come al solito<\/li>\n<li>Idratate il corpo e i piedi.<\/li>\n<\/ul>","protected":false},"excerpt":{"rendered":"<p><strong>Caratteristiche :<\/strong><\/p>\n<ul>\n<li>Design Made in France<\/li>\n<li>Prodotto con ingredienti di qualit\u00e0<\/li>\n<li>Facile da usare<\/li>\n<\/ul>","protected":false},"featured_media":23008,"template":"","meta":[],"product_brand":[],"product_cat":[173,231],"product_tag":[],"class_list":{"0":"post-23002","1":"product","2":"type-product","3":"status-publish","4":"has-post-thumbnail","6":"product_cat-cosmetique","7":"product_cat-parfum-salle-de-bain","9":"first","10":"instock","11":"taxable","12":"shipping-taxable","13":"purchasable","14":"product-type-simple"},"yoast_head":"<!-- This site is optimized with the Yoast SEO plugin v27.5 - https:\/\/yoast.com\/product\/yoast-seo-wordpress\/ -->\n<title>Galet de bain Vanille | Contenance 40g | Rp Paris<\/title>\n<meta name=\"description\" content=\"Le galet de bain vanille RP Paris fait partie des\u00a0produits de douche\u00a0qui font la diff\u00e9rence. D\u00e9couvrez-le sans plus attendre dans notre boutique !\" \/>\n<meta name=\"robots\" content=\"index, follow, max-snippet:-1, max-image-preview:large, max-video-preview:-1\" \/>\n<link rel=\"canonical\" href=\"https:\/\/lescollectionsprivees.com\/it\/fragranza\/ciottolo-da-bagno-alla-vaniglia-40g-rp-paris\/\" \/>\n<meta property=\"og:locale\" content=\"it_IT\" \/>\n<meta property=\"og:type\" content=\"article\" \/>\n<meta property=\"og:title\" content=\"Galet de bain Vanille | Contenance 40g | Rp Paris\" \/>\n<meta property=\"og:description\" content=\"Le galet de bain vanille RP Paris fait partie des\u00a0produits de douche\u00a0qui font la diff\u00e9rence. D\u00e9couvrez-le sans plus attendre dans notre boutique !\" \/>\n<meta property=\"og:url\" content=\"https:\/\/lescollectionsprivees.com\/it\/fragranza\/ciottolo-da-bagno-alla-vaniglia-40g-rp-paris\/\" \/>\n<meta property=\"og:site_name\" content=\"Les Collections Priv\u00e9es\" \/>\n<meta property=\"article:modified_time\" content=\"2023-07-14T18:42:06+00:00\" \/>\n<meta property=\"og:image\" content=\"https:\/\/lescollectionsprivees.com\/wp-content\/uploads\/2023\/03\/galet-de-bain-vanille.jpg\" \/>\n\t<meta property=\"og:image:width\" content=\"600\" \/>\n\t<meta property=\"og:image:height\" content=\"600\" \/>\n\t<meta property=\"og:image:type\" content=\"image\/jpeg\" \/>\n<meta name=\"twitter:card\" content=\"summary_large_image\" \/>\n<meta name=\"twitter:label1\" content=\"Tempo di lettura stimato\" \/>\n\t<meta name=\"twitter:data1\" content=\"2 minuti\" \/>\n<script type=\"application\/ld+json\" class=\"yoast-schema-graph\">{\"@context\":\"https:\\\/\\\/schema.org\",\"@graph\":[{\"@type\":\"WebPage\",\"@id\":\"https:\\\/\\\/lescollectionsprivees.com\\\/parfum\\\/galet-de-bain-vanille-40g-rp-paris\\\/\",\"url\":\"https:\\\/\\\/lescollectionsprivees.com\\\/parfum\\\/galet-de-bain-vanille-40g-rp-paris\\\/\",\"name\":\"Galet de bain Vanille | Contenance 40g | Rp Paris\",\"isPartOf\":{\"@id\":\"https:\\\/\\\/lescollectionsprivees.com\\\/#website\"},\"primaryImageOfPage\":{\"@id\":\"https:\\\/\\\/lescollectionsprivees.com\\\/parfum\\\/galet-de-bain-vanille-40g-rp-paris\\\/#primaryimage\"},\"image\":{\"@id\":\"https:\\\/\\\/lescollectionsprivees.com\\\/parfum\\\/galet-de-bain-vanille-40g-rp-paris\\\/#primaryimage\"},\"thumbnailUrl\":\"https:\\\/\\\/lescollectionsprivees.com\\\/wp-content\\\/uploads\\\/2023\\\/03\\\/galet-de-bain-vanille.jpg\",\"datePublished\":\"2023-03-22T17:45:11+00:00\",\"dateModified\":\"2023-07-14T18:42:06+00:00\",\"description\":\"Le galet de bain vanille RP Paris fait partie des\u00a0produits de douche\u00a0qui font la diff\u00e9rence. D\u00e9couvrez-le sans plus attendre dans notre boutique !\",\"breadcrumb\":{\"@id\":\"https:\\\/\\\/lescollectionsprivees.com\\\/parfum\\\/galet-de-bain-vanille-40g-rp-paris\\\/#breadcrumb\"},\"inLanguage\":\"it-IT\",\"potentialAction\":[{\"@type\":\"ReadAction\",\"target\":[\"https:\\\/\\\/lescollectionsprivees.com\\\/parfum\\\/galet-de-bain-vanille-40g-rp-paris\\\/\"]}]},{\"@type\":\"ImageObject\",\"inLanguage\":\"it-IT\",\"@id\":\"https:\\\/\\\/lescollectionsprivees.com\\\/parfum\\\/galet-de-bain-vanille-40g-rp-paris\\\/#primaryimage\",\"url\":\"https:\\\/\\\/lescollectionsprivees.com\\\/wp-content\\\/uploads\\\/2023\\\/03\\\/galet-de-bain-vanille.jpg\",\"contentUrl\":\"https:\\\/\\\/lescollectionsprivees.com\\\/wp-content\\\/uploads\\\/2023\\\/03\\\/galet-de-bain-vanille.jpg\",\"width\":600,\"height\":600,\"caption\":\"Galet de bain Vanille\"},{\"@type\":\"BreadcrumbList\",\"@id\":\"https:\\\/\\\/lescollectionsprivees.com\\\/parfum\\\/galet-de-bain-vanille-40g-rp-paris\\\/#breadcrumb\",\"itemListElement\":[{\"@type\":\"ListItem\",\"position\":1,\"name\":\"Accueil\",\"item\":\"https:\\\/\\\/lescollectionsprivees.com\\\/\"},{\"@type\":\"ListItem\",\"position\":2,\"name\":\"Boutique\",\"item\":\"https:\\\/\\\/lescollectionsprivees.com\\\/boutique\\\/\"},{\"@type\":\"ListItem\",\"position\":3,\"name\":\"Galet de bain Vanille 40g &#8211; Rp Paris\"}]},{\"@type\":\"WebSite\",\"@id\":\"https:\\\/\\\/lescollectionsprivees.com\\\/#website\",\"url\":\"https:\\\/\\\/lescollectionsprivees.com\\\/\",\"name\":\"Les Collections Priv\u00e9es\",\"description\":\"\",\"publisher\":{\"@id\":\"https:\\\/\\\/lescollectionsprivees.com\\\/#organization\"},\"potentialAction\":[{\"@type\":\"SearchAction\",\"target\":{\"@type\":\"EntryPoint\",\"urlTemplate\":\"https:\\\/\\\/lescollectionsprivees.com\\\/?s={search_term_string}\"},\"query-input\":{\"@type\":\"PropertyValueSpecification\",\"valueRequired\":true,\"valueName\":\"search_term_string\"}}],\"inLanguage\":\"it-IT\"},{\"@type\":\"Organization\",\"@id\":\"https:\\\/\\\/lescollectionsprivees.com\\\/#organization\",\"name\":\"Les Collections Priv\u00e9es\",\"url\":\"https:\\\/\\\/lescollectionsprivees.com\\\/\",\"logo\":{\"@type\":\"ImageObject\",\"inLanguage\":\"it-IT\",\"@id\":\"https:\\\/\\\/lescollectionsprivees.com\\\/#\\\/schema\\\/logo\\\/image\\\/\",\"url\":\"https:\\\/\\\/lescollectionsprivees.com\\\/wp-content\\\/uploads\\\/2020\\\/02\\\/Logo-Les-Collections-Priv\u00e9es-450x450-1.png\",\"contentUrl\":\"https:\\\/\\\/lescollectionsprivees.com\\\/wp-content\\\/uploads\\\/2020\\\/02\\\/Logo-Les-Collections-Priv\u00e9es-450x450-1.png\",\"width\":450,\"height\":450,\"caption\":\"Les Collections Priv\u00e9es\"},\"image\":{\"@id\":\"https:\\\/\\\/lescollectionsprivees.com\\\/#\\\/schema\\\/logo\\\/image\\\/\"}}]}<\/script>\n<!-- \/ Yoast SEO plugin. -->","yoast_head_json":{"title":"Ciottolo da bagno alla vaniglia | Capacit\u00e0 40g | Rp Paris","description":"Il ciottolo da bagno RP Paris Vanilla \u00e8 uno di quei prodotti per la doccia che fanno la differenza. Scopritelo ora nella nostra boutique!","robots":{"index":"index","follow":"follow","max-snippet":"max-snippet:-1","max-image-preview":"max-image-preview:large","max-video-preview":"max-video-preview:-1"},"canonical":"https:\/\/lescollectionsprivees.com\/it\/fragranza\/ciottolo-da-bagno-alla-vaniglia-40g-rp-paris\/","og_locale":"it_IT","og_type":"article","og_title":"Galet de bain Vanille | Contenance 40g | Rp Paris","og_description":"Le galet de bain vanille RP Paris fait partie des\u00a0produits de douche\u00a0qui font la diff\u00e9rence. D\u00e9couvrez-le sans plus attendre dans notre boutique !","og_url":"https:\/\/lescollectionsprivees.com\/it\/fragranza\/ciottolo-da-bagno-alla-vaniglia-40g-rp-paris\/","og_site_name":"Les Collections Priv\u00e9es","article_modified_time":"2023-07-14T18:42:06+00:00","og_image":[{"width":600,"height":600,"url":"https:\/\/lescollectionsprivees.com\/wp-content\/uploads\/2023\/03\/galet-de-bain-vanille.jpg","type":"image\/jpeg"}],"twitter_card":"summary_large_image","twitter_misc":{"Tempo di lettura stimato":"2 minuti"},"schema":{"@context":"https:\/\/schema.org","@graph":[{"@type":"WebPage","@id":"https:\/\/lescollectionsprivees.com\/parfum\/galet-de-bain-vanille-40g-rp-paris\/","url":"https:\/\/lescollectionsprivees.com\/parfum\/galet-de-bain-vanille-40g-rp-paris\/","name":"Ciottolo da bagno alla vaniglia | Capacit\u00e0 40g | Rp Paris","isPartOf":{"@id":"https:\/\/lescollectionsprivees.com\/#website"},"primaryImageOfPage":{"@id":"https:\/\/lescollectionsprivees.com\/parfum\/galet-de-bain-vanille-40g-rp-paris\/#primaryimage"},"image":{"@id":"https:\/\/lescollectionsprivees.com\/parfum\/galet-de-bain-vanille-40g-rp-paris\/#primaryimage"},"thumbnailUrl":"https:\/\/lescollectionsprivees.com\/wp-content\/uploads\/2023\/03\/galet-de-bain-vanille.jpg","datePublished":"2023-03-22T17:45:11+00:00","dateModified":"2023-07-14T18:42:06+00:00","description":"Il ciottolo da bagno RP Paris Vanilla \u00e8 uno di quei prodotti per la doccia che fanno la differenza. Scopritelo ora nella nostra boutique!","breadcrumb":{"@id":"https:\/\/lescollectionsprivees.com\/parfum\/galet-de-bain-vanille-40g-rp-paris\/#breadcrumb"},"inLanguage":"it-IT","potentialAction":[{"@type":"ReadAction","target":["https:\/\/lescollectionsprivees.com\/parfum\/galet-de-bain-vanille-40g-rp-paris\/"]}]},{"@type":"ImageObject","inLanguage":"it-IT","@id":"https:\/\/lescollectionsprivees.com\/parfum\/galet-de-bain-vanille-40g-rp-paris\/#primaryimage","url":"https:\/\/lescollectionsprivees.com\/wp-content\/uploads\/2023\/03\/galet-de-bain-vanille.jpg","contentUrl":"https:\/\/lescollectionsprivees.com\/wp-content\/uploads\/2023\/03\/galet-de-bain-vanille.jpg","width":600,"height":600,"caption":"Galet de bain Vanille"},{"@type":"BreadcrumbList","@id":"https:\/\/lescollectionsprivees.com\/parfum\/galet-de-bain-vanille-40g-rp-paris\/#breadcrumb","itemListElement":[{"@type":"ListItem","position":1,"name":"Accueil","item":"https:\/\/lescollectionsprivees.com\/"},{"@type":"ListItem","position":2,"name":"Boutique","item":"https:\/\/lescollectionsprivees.com\/boutique\/"},{"@type":"ListItem","position":3,"name":"Galet de bain Vanille 40g &#8211; Rp Paris"}]},{"@type":"WebSite","@id":"https:\/\/lescollectionsprivees.com\/#website","url":"https:\/\/lescollectionsprivees.com\/","name":"Collezioni private","description":"","publisher":{"@id":"https:\/\/lescollectionsprivees.com\/#organization"},"potentialAction":[{"@type":"SearchAction","target":{"@type":"EntryPoint","urlTemplate":"https:\/\/lescollectionsprivees.com\/?s={search_term_string}"},"query-input":{"@type":"PropertyValueSpecification","valueRequired":true,"valueName":"search_term_string"}}],"inLanguage":"it-IT"},{"@type":"Organization","@id":"https:\/\/lescollectionsprivees.com\/#organization","name":"Collezioni private","url":"https:\/\/lescollectionsprivees.com\/","logo":{"@type":"ImageObject","inLanguage":"it-IT","@id":"https:\/\/lescollectionsprivees.com\/#\/schema\/logo\/image\/","url":"https:\/\/lescollectionsprivees.com\/wp-content\/uploads\/2020\/02\/Logo-Les-Collections-Priv\u00e9es-450x450-1.png","contentUrl":"https:\/\/lescollectionsprivees.com\/wp-content\/uploads\/2020\/02\/Logo-Les-Collections-Priv\u00e9es-450x450-1.png","width":450,"height":450,"caption":"Les Collections Priv\u00e9es"},"image":{"@id":"https:\/\/lescollectionsprivees.com\/#\/schema\/logo\/image\/"}}]}},"_links":{"self":[{"href":"https:\/\/lescollectionsprivees.com\/it\/wp-json\/wp\/v2\/product\/23002","targetHints":{"allow":["GET"]}}],"collection":[{"href":"https:\/\/lescollectionsprivees.com\/it\/wp-json\/wp\/v2\/product"}],"about":[{"href":"https:\/\/lescollectionsprivees.com\/it\/wp-json\/wp\/v2\/types\/product"}],"wp:featuredmedia":[{"embeddable":true,"href":"https:\/\/lescollectionsprivees.com\/it\/wp-json\/wp\/v2\/media\/23008"}],"wp:attachment":[{"href":"https:\/\/lescollectionsprivees.com\/it\/wp-json\/wp\/v2\/media?parent=23002"}],"wp:term":[{"taxonomy":"product_brand","embeddable":true,"href":"https:\/\/lescollectionsprivees.com\/it\/wp-json\/wp\/v2\/product_brand?post=23002"},{"taxonomy":"product_cat","embeddable":true,"href":"https:\/\/lescollectionsprivees.com\/it\/wp-json\/wp\/v2\/product_cat?post=23002"},{"taxonomy":"product_tag","embeddable":true,"href":"https:\/\/lescollectionsprivees.com\/it\/wp-json\/wp\/v2\/product_tag?post=23002"}],"curies":[{"name":"wp","href":"https:\/\/api.w.org\/{rel}","templated":true}]}}