{"id":23006,"date":"2023-03-22T17:45:11","date_gmt":"2023-03-22T17:45:11","guid":{"rendered":"https:\/\/lescollectionsprivees.com\/?post_type=product&#038;p=23006"},"modified":"2023-07-20T15:27:15","modified_gmt":"2023-07-20T15:27:15","slug":"zucchero-candito-da-bagno-40g-rp-paris","status":"publish","type":"product","link":"https:\/\/lescollectionsprivees.com\/it\/parfum\/galet-de-bain-sucre-bonbon-40g-rp-paris\/","title":{"rendered":"Ciottolo da bagno di zucchero candito 40g - Rp Paris"},"content":{"rendered":"<p>Il ciottolo da bagno in zucchero caramellato RP Paris \u00e8 una <strong>prodotto da bagno molto popolare<\/strong>. Vi regaler\u00e0 un momento intenso nel cuore del vostro bagno.<\/p>\n<p><strong>Cos\u00ec potrete combinare gli affari con il piacere:<\/strong><\/p>\n<ul>\n<li>Innanzitutto, beneficiando di un<strong> una nuova esperienza olfattiva<\/strong> che sicuramente vi piacer\u00e0.<\/li>\n<li>In secondo luogo, utilizzando il sale da bagno come si fa normalmente. Per fornire un<strong> una sensazione di benessere sulla pelle<\/strong>.<\/li>\n<\/ul>\n<h2><strong>Il ciottolo da bagno in zucchero caramellato RP Paris per un'atmosfera da caramella nella vasca da bagno<\/strong><\/h2>\n<p>Oggi i ciottoli da bagno sono profumati con aromi per attirare una clientela esigente. Con l'emergere delle fragranze muschiate, la <strong>aromi di frutta rossa o caramelle <\/strong>sono molto richiesti. Esistono anche profumi originali che si avvicinano al <a href=\"https:\/\/lescollectionsprivees.com\/it\/fragranza\/bonbon-parfums-dor-blanc\/\">gusto zucchero filato<\/a>.<\/p>\n<p>Il ciottolo da bagno di zucchero caramellato RP Paris \u00e8 in grado di soddisfare questo target di clienti. Coloro che si innamorano di <strong>aromi dolci e delicati<\/strong>. Dopo tutto, il bagno \u00e8 anche un momento di relax. Rilassando i muscoli dopo una dura giornata di lavoro, la<strong> dolci odori<\/strong> svolger\u00e0 anche questo ruolo.<\/p>\n<p>Per questo abbiamo deciso di presentarvi un prodotto in grado di soddisfare le vostre aspettative.<\/p>\n<h2><strong>Trattamento efficace e delizioso per la pelle sotto forma di sali da bagno\u00a0<\/strong><\/h2>\n<p>Il ciottolo da bagno in zucchero caramellato di RP Paris \u00e8 soprattutto un <strong>prodotto efficace per la pelle<\/strong>. Progettato da <strong>bicarbonato di sodio<\/strong>dissipa il suo <strong>effervescenza <\/strong>nella vasca da bagno.<\/p>\n<h3>Per utilizzarlo :<\/h3>\n<ul>\n<li>Mettetelo nell'acqua del bagno a una temperatura di 37 gradi.<\/li>\n<li>Una volta sciolto, immergere il corpo nella vasca.<\/li>\n<li>Lasciare sulla pelle per tutta la durata del bagno<\/li>\n<li>Godetevi il dolce profumo delle caramelle per rilassarvi.<\/li>\n<\/ul>\n<p>Il sale da bagno contenuto in questo prodotto \u00e8 ottimo per <strong>malattie della pelle<\/strong> e imperfezioni. Con il suo <strong>pulsante disinfettante<\/strong>consente di<strong>eliminare i microrganismi presenti sull'epidermide<\/strong>.<\/p>","protected":false},"excerpt":{"rendered":"<p><strong>Caratteristiche :<\/strong><\/p>\n<ul>\n<li>Design Made in France<\/li>\n<li>Prodotto con ingredienti di qualit\u00e0<\/li>\n<li>Facile da usare<\/li>\n<\/ul>","protected":false},"featured_media":23012,"template":"","meta":[],"product_brand":[],"product_cat":[173,231],"product_tag":[],"class_list":{"0":"post-23006","1":"product","2":"type-product","3":"status-publish","4":"has-post-thumbnail","6":"product_cat-cosmetique","7":"product_cat-parfum-salle-de-bain","9":"first","10":"instock","11":"taxable","12":"shipping-taxable","13":"purchasable","14":"product-type-simple"},"yoast_head":"<!-- This site is optimized with the Yoast SEO plugin v27.5 - https:\/\/yoast.com\/product\/yoast-seo-wordpress\/ -->\n<title>Galet de bain Sucre bonbon | Contenance 40g | Rp Paris<\/title>\n<meta name=\"description\" content=\"Le galet de bain sucre bonbon RP Paris est un produit de bain tr\u00e8s en vogue. Il vous fera passer un moment intense au c\u0153ur de votre bain.\" \/>\n<meta name=\"robots\" content=\"index, follow, max-snippet:-1, max-image-preview:large, max-video-preview:-1\" \/>\n<link rel=\"canonical\" href=\"https:\/\/lescollectionsprivees.com\/it\/fragranza\/zucchero-candito-da-bagno-40g-rp-paris\/\" \/>\n<meta property=\"og:locale\" content=\"it_IT\" \/>\n<meta property=\"og:type\" content=\"article\" \/>\n<meta property=\"og:title\" content=\"Galet de bain Sucre bonbon | Contenance 40g | Rp Paris\" \/>\n<meta property=\"og:description\" content=\"Le galet de bain sucre bonbon RP Paris est un produit de bain tr\u00e8s en vogue. Il vous fera passer un moment intense au c\u0153ur de votre bain.\" \/>\n<meta property=\"og:url\" content=\"https:\/\/lescollectionsprivees.com\/it\/fragranza\/zucchero-candito-da-bagno-40g-rp-paris\/\" \/>\n<meta property=\"og:site_name\" content=\"Les Collections Priv\u00e9es\" \/>\n<meta property=\"article:modified_time\" content=\"2023-07-20T15:27:15+00:00\" \/>\n<meta property=\"og:image\" content=\"https:\/\/lescollectionsprivees.com\/wp-content\/uploads\/2023\/03\/galet-de-bain-sucre-bonbon.jpg\" \/>\n\t<meta property=\"og:image:width\" content=\"600\" \/>\n\t<meta property=\"og:image:height\" content=\"600\" \/>\n\t<meta property=\"og:image:type\" content=\"image\/jpeg\" \/>\n<meta name=\"twitter:card\" content=\"summary_large_image\" \/>\n<meta name=\"twitter:label1\" content=\"Tempo di lettura stimato\" \/>\n\t<meta name=\"twitter:data1\" content=\"2 minuti\" \/>\n<script type=\"application\/ld+json\" class=\"yoast-schema-graph\">{\"@context\":\"https:\\\/\\\/schema.org\",\"@graph\":[{\"@type\":\"WebPage\",\"@id\":\"https:\\\/\\\/lescollectionsprivees.com\\\/parfum\\\/galet-de-bain-sucre-bonbon-40g-rp-paris\\\/\",\"url\":\"https:\\\/\\\/lescollectionsprivees.com\\\/parfum\\\/galet-de-bain-sucre-bonbon-40g-rp-paris\\\/\",\"name\":\"Galet de bain Sucre bonbon | Contenance 40g | Rp Paris\",\"isPartOf\":{\"@id\":\"https:\\\/\\\/lescollectionsprivees.com\\\/#website\"},\"primaryImageOfPage\":{\"@id\":\"https:\\\/\\\/lescollectionsprivees.com\\\/parfum\\\/galet-de-bain-sucre-bonbon-40g-rp-paris\\\/#primaryimage\"},\"image\":{\"@id\":\"https:\\\/\\\/lescollectionsprivees.com\\\/parfum\\\/galet-de-bain-sucre-bonbon-40g-rp-paris\\\/#primaryimage\"},\"thumbnailUrl\":\"https:\\\/\\\/lescollectionsprivees.com\\\/wp-content\\\/uploads\\\/2023\\\/03\\\/galet-de-bain-sucre-bonbon.jpg\",\"datePublished\":\"2023-03-22T17:45:11+00:00\",\"dateModified\":\"2023-07-20T15:27:15+00:00\",\"description\":\"Le galet de bain sucre bonbon RP Paris est un produit de bain tr\u00e8s en vogue. Il vous fera passer un moment intense au c\u0153ur de votre bain.\",\"breadcrumb\":{\"@id\":\"https:\\\/\\\/lescollectionsprivees.com\\\/parfum\\\/galet-de-bain-sucre-bonbon-40g-rp-paris\\\/#breadcrumb\"},\"inLanguage\":\"it-IT\",\"potentialAction\":[{\"@type\":\"ReadAction\",\"target\":[\"https:\\\/\\\/lescollectionsprivees.com\\\/parfum\\\/galet-de-bain-sucre-bonbon-40g-rp-paris\\\/\"]}]},{\"@type\":\"ImageObject\",\"inLanguage\":\"it-IT\",\"@id\":\"https:\\\/\\\/lescollectionsprivees.com\\\/parfum\\\/galet-de-bain-sucre-bonbon-40g-rp-paris\\\/#primaryimage\",\"url\":\"https:\\\/\\\/lescollectionsprivees.com\\\/wp-content\\\/uploads\\\/2023\\\/03\\\/galet-de-bain-sucre-bonbon.jpg\",\"contentUrl\":\"https:\\\/\\\/lescollectionsprivees.com\\\/wp-content\\\/uploads\\\/2023\\\/03\\\/galet-de-bain-sucre-bonbon.jpg\",\"width\":600,\"height\":600,\"caption\":\"Galet de bain Sucre bonbon 40g - Rp Paris\"},{\"@type\":\"BreadcrumbList\",\"@id\":\"https:\\\/\\\/lescollectionsprivees.com\\\/parfum\\\/galet-de-bain-sucre-bonbon-40g-rp-paris\\\/#breadcrumb\",\"itemListElement\":[{\"@type\":\"ListItem\",\"position\":1,\"name\":\"Accueil\",\"item\":\"https:\\\/\\\/lescollectionsprivees.com\\\/\"},{\"@type\":\"ListItem\",\"position\":2,\"name\":\"Boutique\",\"item\":\"https:\\\/\\\/lescollectionsprivees.com\\\/boutique\\\/\"},{\"@type\":\"ListItem\",\"position\":3,\"name\":\"Galet de bain Sucre bonbon 40g &#8211; Rp Paris\"}]},{\"@type\":\"WebSite\",\"@id\":\"https:\\\/\\\/lescollectionsprivees.com\\\/#website\",\"url\":\"https:\\\/\\\/lescollectionsprivees.com\\\/\",\"name\":\"Les Collections Priv\u00e9es\",\"description\":\"\",\"publisher\":{\"@id\":\"https:\\\/\\\/lescollectionsprivees.com\\\/#organization\"},\"potentialAction\":[{\"@type\":\"SearchAction\",\"target\":{\"@type\":\"EntryPoint\",\"urlTemplate\":\"https:\\\/\\\/lescollectionsprivees.com\\\/?s={search_term_string}\"},\"query-input\":{\"@type\":\"PropertyValueSpecification\",\"valueRequired\":true,\"valueName\":\"search_term_string\"}}],\"inLanguage\":\"it-IT\"},{\"@type\":\"Organization\",\"@id\":\"https:\\\/\\\/lescollectionsprivees.com\\\/#organization\",\"name\":\"Les Collections Priv\u00e9es\",\"url\":\"https:\\\/\\\/lescollectionsprivees.com\\\/\",\"logo\":{\"@type\":\"ImageObject\",\"inLanguage\":\"it-IT\",\"@id\":\"https:\\\/\\\/lescollectionsprivees.com\\\/#\\\/schema\\\/logo\\\/image\\\/\",\"url\":\"https:\\\/\\\/lescollectionsprivees.com\\\/wp-content\\\/uploads\\\/2020\\\/02\\\/Logo-Les-Collections-Priv\u00e9es-450x450-1.png\",\"contentUrl\":\"https:\\\/\\\/lescollectionsprivees.com\\\/wp-content\\\/uploads\\\/2020\\\/02\\\/Logo-Les-Collections-Priv\u00e9es-450x450-1.png\",\"width\":450,\"height\":450,\"caption\":\"Les Collections Priv\u00e9es\"},\"image\":{\"@id\":\"https:\\\/\\\/lescollectionsprivees.com\\\/#\\\/schema\\\/logo\\\/image\\\/\"}}]}<\/script>\n<!-- \/ Yoast SEO plugin. -->","yoast_head_json":{"title":"Ciottolo da bagno Caramelle di zucchero | Capacit\u00e0 40g | Rp Paris","description":"Il ciottolo da bagno RP Paris \u00e8 un prodotto da bagno molto apprezzato. Vi regaler\u00e0 un momento intenso nella vostra vasca da bagno.","robots":{"index":"index","follow":"follow","max-snippet":"max-snippet:-1","max-image-preview":"max-image-preview:large","max-video-preview":"max-video-preview:-1"},"canonical":"https:\/\/lescollectionsprivees.com\/it\/fragranza\/zucchero-candito-da-bagno-40g-rp-paris\/","og_locale":"it_IT","og_type":"article","og_title":"Galet de bain Sucre bonbon | Contenance 40g | Rp Paris","og_description":"Le galet de bain sucre bonbon RP Paris est un produit de bain tr\u00e8s en vogue. Il vous fera passer un moment intense au c\u0153ur de votre bain.","og_url":"https:\/\/lescollectionsprivees.com\/it\/fragranza\/zucchero-candito-da-bagno-40g-rp-paris\/","og_site_name":"Les Collections Priv\u00e9es","article_modified_time":"2023-07-20T15:27:15+00:00","og_image":[{"width":600,"height":600,"url":"https:\/\/lescollectionsprivees.com\/wp-content\/uploads\/2023\/03\/galet-de-bain-sucre-bonbon.jpg","type":"image\/jpeg"}],"twitter_card":"summary_large_image","twitter_misc":{"Tempo di lettura stimato":"2 minuti"},"schema":{"@context":"https:\/\/schema.org","@graph":[{"@type":"WebPage","@id":"https:\/\/lescollectionsprivees.com\/parfum\/galet-de-bain-sucre-bonbon-40g-rp-paris\/","url":"https:\/\/lescollectionsprivees.com\/parfum\/galet-de-bain-sucre-bonbon-40g-rp-paris\/","name":"Ciottolo da bagno Caramelle di zucchero | Capacit\u00e0 40g | Rp Paris","isPartOf":{"@id":"https:\/\/lescollectionsprivees.com\/#website"},"primaryImageOfPage":{"@id":"https:\/\/lescollectionsprivees.com\/parfum\/galet-de-bain-sucre-bonbon-40g-rp-paris\/#primaryimage"},"image":{"@id":"https:\/\/lescollectionsprivees.com\/parfum\/galet-de-bain-sucre-bonbon-40g-rp-paris\/#primaryimage"},"thumbnailUrl":"https:\/\/lescollectionsprivees.com\/wp-content\/uploads\/2023\/03\/galet-de-bain-sucre-bonbon.jpg","datePublished":"2023-03-22T17:45:11+00:00","dateModified":"2023-07-20T15:27:15+00:00","description":"Il ciottolo da bagno RP Paris \u00e8 un prodotto da bagno molto apprezzato. Vi regaler\u00e0 un momento intenso nella vostra vasca da bagno.","breadcrumb":{"@id":"https:\/\/lescollectionsprivees.com\/parfum\/galet-de-bain-sucre-bonbon-40g-rp-paris\/#breadcrumb"},"inLanguage":"it-IT","potentialAction":[{"@type":"ReadAction","target":["https:\/\/lescollectionsprivees.com\/parfum\/galet-de-bain-sucre-bonbon-40g-rp-paris\/"]}]},{"@type":"ImageObject","inLanguage":"it-IT","@id":"https:\/\/lescollectionsprivees.com\/parfum\/galet-de-bain-sucre-bonbon-40g-rp-paris\/#primaryimage","url":"https:\/\/lescollectionsprivees.com\/wp-content\/uploads\/2023\/03\/galet-de-bain-sucre-bonbon.jpg","contentUrl":"https:\/\/lescollectionsprivees.com\/wp-content\/uploads\/2023\/03\/galet-de-bain-sucre-bonbon.jpg","width":600,"height":600,"caption":"Galet de bain Sucre bonbon 40g - Rp Paris"},{"@type":"BreadcrumbList","@id":"https:\/\/lescollectionsprivees.com\/parfum\/galet-de-bain-sucre-bonbon-40g-rp-paris\/#breadcrumb","itemListElement":[{"@type":"ListItem","position":1,"name":"Accueil","item":"https:\/\/lescollectionsprivees.com\/"},{"@type":"ListItem","position":2,"name":"Boutique","item":"https:\/\/lescollectionsprivees.com\/boutique\/"},{"@type":"ListItem","position":3,"name":"Galet de bain Sucre bonbon 40g &#8211; Rp Paris"}]},{"@type":"WebSite","@id":"https:\/\/lescollectionsprivees.com\/#website","url":"https:\/\/lescollectionsprivees.com\/","name":"Collezioni private","description":"","publisher":{"@id":"https:\/\/lescollectionsprivees.com\/#organization"},"potentialAction":[{"@type":"SearchAction","target":{"@type":"EntryPoint","urlTemplate":"https:\/\/lescollectionsprivees.com\/?s={search_term_string}"},"query-input":{"@type":"PropertyValueSpecification","valueRequired":true,"valueName":"search_term_string"}}],"inLanguage":"it-IT"},{"@type":"Organization","@id":"https:\/\/lescollectionsprivees.com\/#organization","name":"Collezioni private","url":"https:\/\/lescollectionsprivees.com\/","logo":{"@type":"ImageObject","inLanguage":"it-IT","@id":"https:\/\/lescollectionsprivees.com\/#\/schema\/logo\/image\/","url":"https:\/\/lescollectionsprivees.com\/wp-content\/uploads\/2020\/02\/Logo-Les-Collections-Priv\u00e9es-450x450-1.png","contentUrl":"https:\/\/lescollectionsprivees.com\/wp-content\/uploads\/2020\/02\/Logo-Les-Collections-Priv\u00e9es-450x450-1.png","width":450,"height":450,"caption":"Les Collections Priv\u00e9es"},"image":{"@id":"https:\/\/lescollectionsprivees.com\/#\/schema\/logo\/image\/"}}]}},"_links":{"self":[{"href":"https:\/\/lescollectionsprivees.com\/it\/wp-json\/wp\/v2\/product\/23006","targetHints":{"allow":["GET"]}}],"collection":[{"href":"https:\/\/lescollectionsprivees.com\/it\/wp-json\/wp\/v2\/product"}],"about":[{"href":"https:\/\/lescollectionsprivees.com\/it\/wp-json\/wp\/v2\/types\/product"}],"wp:featuredmedia":[{"embeddable":true,"href":"https:\/\/lescollectionsprivees.com\/it\/wp-json\/wp\/v2\/media\/23012"}],"wp:attachment":[{"href":"https:\/\/lescollectionsprivees.com\/it\/wp-json\/wp\/v2\/media?parent=23006"}],"wp:term":[{"taxonomy":"product_brand","embeddable":true,"href":"https:\/\/lescollectionsprivees.com\/it\/wp-json\/wp\/v2\/product_brand?post=23006"},{"taxonomy":"product_cat","embeddable":true,"href":"https:\/\/lescollectionsprivees.com\/it\/wp-json\/wp\/v2\/product_cat?post=23006"},{"taxonomy":"product_tag","embeddable":true,"href":"https:\/\/lescollectionsprivees.com\/it\/wp-json\/wp\/v2\/product_tag?post=23006"}],"curies":[{"name":"wp","href":"https:\/\/api.w.org\/{rel}","templated":true}]}}