{"id":24935,"date":"2023-07-12T09:18:16","date_gmt":"2023-07-12T09:18:16","guid":{"rendered":"https:\/\/lescollectionsprivees.com\/?post_type=product&#038;p=24935"},"modified":"2023-07-12T09:18:17","modified_gmt":"2023-07-12T09:18:17","slug":"eau-de-parfum-haya","status":"publish","type":"product","link":"https:\/\/lescollectionsprivees.com\/it\/parfum\/eau-de-parfum-haya\/","title":{"rendered":"Haya Eau de Parfum 100ml - Lattafa"},"content":{"rendered":"<p>La sua confezione parla del suo prestigio e della sua presenza. Visitare\u00a0<strong>Profumo Haya Lattafa<\/strong>\u00a0\u00e8 un\u00a0<strong>fragranza femminile<\/strong>\u00a0che ci offre un'esperienza olfattiva eccezionale.<\/p>\n<p>Venite a conoscerlo per ottenere il massimo del piacere.<\/p>\n<h2><strong>Vi presentiamo il profumo Haya Lattafa<\/strong><\/h2>\n<p>Il profumo di Haya Lattafa \u00e8 un\u00a0<strong>fragranza<\/strong>\u00a0morbido, floreale e fresco per le donne ispirato alla citt\u00e0 di\u00a0<strong>Dubai<\/strong>. Con note piene di freschezza e audacia, questa fragranza unica crea un'esperienza olfattiva indimenticabile.<\/p>\n<p>Il flacone in vetro rosa e oro aggiunge un tocco di raffinatezza ed eleganza a qualsiasi occasione. E per il resto del tempo sieder\u00e0 con orgoglio sulla vostra toeletta.<\/p>\n<h2><strong>Piramide olfattiva del profumo Haya Lattafa\u00a0<\/strong><\/h2>\n<p>Le note profumate di un\u00a0<strong>fragranza<\/strong>\u00a0ci permettono di saperne di pi\u00f9. In questo modo abbiamo la possibilit\u00e0 di capire se sar\u00e0 di nostro gradimento o meno.<\/p>\n<p>Nel caso di questo\u00a0<strong>Profumo arabo Lattafa,<\/strong>\u00a0Si tratta di un succo molto fresco e floreale, grazie alle note di testa e di cuore. Infine, le note di fondo gli conferiscono una rotondit\u00e0 pi\u00f9 profonda e gourmand.<\/p>\n<ul>\n<li>In primo luogo, le note di testa: bacche rosa, arancia rossa, mandarino, fresia primaverile, ecc.<\/li>\n<li>Poi le sue note di cuore: gardenia, vaniglia, orchidea, gelsomino.<\/li>\n<li>Infine, le note di fondo: pralina, ambra, legno di sandalo.<\/li>\n<\/ul>\n<h3><strong>Profumo in armonia\u00a0<\/strong><\/h3>\n<p>L'uso di un profumo eccessivo pu\u00f2 essere sgradevole sia per voi che per chi vi sta intorno. \u00c8 importante sapere come dosare i cosmetici che si intende utilizzare. Come nel caso del nostro succo orientale fresco e floreale.<\/p>\n<p>Questa fragranza \u00e8 perfetta sia per l'ufficio che per le occasioni speciali e ha un'eccellente tenuta. Si pu\u00f2 applicare sulla pelle pulita a distanza di sicurezza e spruzzare sui punti di pulsazione.<\/p>\n<p>Si tratta di polso, collo e dietro le orecchie. Si pu\u00f2 anche spruzzare sui vestiti per far durare pi\u00f9 a lungo il profumo.<\/p>\n<p>In breve, Haya Lattafa \u00e8 una fragranza lussuosa ed elegante per ogni occasione. La sua miscela unica di note floreali, <a href=\"https:\/\/lescollectionsprivees.com\/it\/fragranza\/oro-reale-el-nabil\/\"><strong>orientale<\/strong><\/a> e note legnose, unitamente al design straordinario del flacone, ne fanno un must per tutti coloro che apprezzano le fragranze di alta qualit\u00e0.<\/p>","protected":false},"excerpt":{"rendered":"<p><strong>Note olfattive :<\/strong><\/p>\n<p><strong>Note di testa<\/strong>\u00a0Bacca rosa, arancia rossa, mandarino, fresia primaverile<br \/>\n<strong>Note di cuore<\/strong>\u00a0gardenia, vaniglia, orchidea, gelsomino<br \/>\n<strong>Note di fondo<\/strong>\u00a0pralina, ambra, sandalo<\/p>\n<p><strong>Tipo<\/strong>\u00a0Femminile.<\/p>","protected":false},"featured_media":24936,"template":"","meta":[],"product_brand":[],"product_cat":[227,203,201,210,208,15],"product_tag":[],"class_list":{"0":"post-24935","1":"product","2":"type-product","3":"status-publish","4":"has-post-thumbnail","6":"product_cat-parfum-lattafa","7":"product_cat-parfum-ambre","8":"product_cat-parfum-femme","9":"product_cat-parfum-jasmin","10":"product_cat-parfum-vanille","11":"product_cat-parfums-de-dubai","13":"first","14":"instock","15":"taxable","16":"shipping-taxable","17":"purchasable","18":"product-type-simple"},"yoast_head":"<!-- This site is optimized with the Yoast SEO plugin v27.5 - https:\/\/yoast.com\/product\/yoast-seo-wordpress\/ -->\n<title>Haya | Eau de parfum pour femme 100ml | Lattafa<\/title>\n<meta name=\"description\" content=\"Le\u00a0parfum Haya Lattafa\u00a0est une\u00a0fragrance f\u00e9minine\u00a0qui nous offre une exp\u00e9rience olfactive exceptionnelle. Bonne senteur \u00e0 vous !\" \/>\n<meta name=\"robots\" content=\"index, follow, max-snippet:-1, max-image-preview:large, max-video-preview:-1\" \/>\n<link rel=\"canonical\" href=\"https:\/\/lescollectionsprivees.com\/it\/fragranza\/eau-de-parfum-haya\/\" \/>\n<meta property=\"og:locale\" content=\"it_IT\" \/>\n<meta property=\"og:type\" content=\"article\" \/>\n<meta property=\"og:title\" content=\"Haya | Eau de parfum pour femme 100ml | Lattafa\" \/>\n<meta property=\"og:description\" content=\"Le\u00a0parfum Haya Lattafa\u00a0est une\u00a0fragrance f\u00e9minine\u00a0qui nous offre une exp\u00e9rience olfactive exceptionnelle. Bonne senteur \u00e0 vous !\" \/>\n<meta property=\"og:url\" content=\"https:\/\/lescollectionsprivees.com\/it\/fragranza\/eau-de-parfum-haya\/\" \/>\n<meta property=\"og:site_name\" content=\"Les Collections Priv\u00e9es\" \/>\n<meta property=\"article:modified_time\" content=\"2023-07-12T09:18:17+00:00\" \/>\n<meta property=\"og:image\" content=\"https:\/\/lescollectionsprivees.com\/wp-content\/uploads\/2023\/07\/eau-de-parfum-haya-de-lattafa.jpeg\" \/>\n\t<meta property=\"og:image:width\" content=\"600\" \/>\n\t<meta property=\"og:image:height\" content=\"600\" \/>\n\t<meta property=\"og:image:type\" content=\"image\/jpeg\" \/>\n<meta name=\"twitter:card\" content=\"summary_large_image\" \/>\n<meta name=\"twitter:label1\" content=\"Tempo di lettura stimato\" \/>\n\t<meta name=\"twitter:data1\" content=\"2 minuti\" \/>\n<script type=\"application\/ld+json\" class=\"yoast-schema-graph\">{\"@context\":\"https:\\\/\\\/schema.org\",\"@graph\":[{\"@type\":\"WebPage\",\"@id\":\"https:\\\/\\\/lescollectionsprivees.com\\\/parfum\\\/eau-de-parfum-haya\\\/\",\"url\":\"https:\\\/\\\/lescollectionsprivees.com\\\/parfum\\\/eau-de-parfum-haya\\\/\",\"name\":\"Haya | Eau de parfum pour femme 100ml | Lattafa\",\"isPartOf\":{\"@id\":\"https:\\\/\\\/lescollectionsprivees.com\\\/#website\"},\"primaryImageOfPage\":{\"@id\":\"https:\\\/\\\/lescollectionsprivees.com\\\/parfum\\\/eau-de-parfum-haya\\\/#primaryimage\"},\"image\":{\"@id\":\"https:\\\/\\\/lescollectionsprivees.com\\\/parfum\\\/eau-de-parfum-haya\\\/#primaryimage\"},\"thumbnailUrl\":\"https:\\\/\\\/lescollectionsprivees.com\\\/wp-content\\\/uploads\\\/2023\\\/07\\\/eau-de-parfum-haya-de-lattafa.jpeg\",\"datePublished\":\"2023-07-12T09:18:16+00:00\",\"dateModified\":\"2023-07-12T09:18:17+00:00\",\"description\":\"Le\u00a0parfum Haya Lattafa\u00a0est une\u00a0fragrance f\u00e9minine\u00a0qui nous offre une exp\u00e9rience olfactive exceptionnelle. Bonne senteur \u00e0 vous !\",\"breadcrumb\":{\"@id\":\"https:\\\/\\\/lescollectionsprivees.com\\\/parfum\\\/eau-de-parfum-haya\\\/#breadcrumb\"},\"inLanguage\":\"it-IT\",\"potentialAction\":[{\"@type\":\"ReadAction\",\"target\":[\"https:\\\/\\\/lescollectionsprivees.com\\\/parfum\\\/eau-de-parfum-haya\\\/\"]}]},{\"@type\":\"ImageObject\",\"inLanguage\":\"it-IT\",\"@id\":\"https:\\\/\\\/lescollectionsprivees.com\\\/parfum\\\/eau-de-parfum-haya\\\/#primaryimage\",\"url\":\"https:\\\/\\\/lescollectionsprivees.com\\\/wp-content\\\/uploads\\\/2023\\\/07\\\/eau-de-parfum-haya-de-lattafa.jpeg\",\"contentUrl\":\"https:\\\/\\\/lescollectionsprivees.com\\\/wp-content\\\/uploads\\\/2023\\\/07\\\/eau-de-parfum-haya-de-lattafa.jpeg\",\"width\":600,\"height\":600,\"caption\":\"Eau de parfum Haya 100ml \u2013 Lattafa\"},{\"@type\":\"BreadcrumbList\",\"@id\":\"https:\\\/\\\/lescollectionsprivees.com\\\/parfum\\\/eau-de-parfum-haya\\\/#breadcrumb\",\"itemListElement\":[{\"@type\":\"ListItem\",\"position\":1,\"name\":\"Accueil\",\"item\":\"https:\\\/\\\/lescollectionsprivees.com\\\/\"},{\"@type\":\"ListItem\",\"position\":2,\"name\":\"Boutique\",\"item\":\"https:\\\/\\\/lescollectionsprivees.com\\\/boutique\\\/\"},{\"@type\":\"ListItem\",\"position\":3,\"name\":\"Eau de parfum Haya 100ml \u2013 Lattafa\"}]},{\"@type\":\"WebSite\",\"@id\":\"https:\\\/\\\/lescollectionsprivees.com\\\/#website\",\"url\":\"https:\\\/\\\/lescollectionsprivees.com\\\/\",\"name\":\"Les Collections Priv\u00e9es\",\"description\":\"\",\"publisher\":{\"@id\":\"https:\\\/\\\/lescollectionsprivees.com\\\/#organization\"},\"potentialAction\":[{\"@type\":\"SearchAction\",\"target\":{\"@type\":\"EntryPoint\",\"urlTemplate\":\"https:\\\/\\\/lescollectionsprivees.com\\\/?s={search_term_string}\"},\"query-input\":{\"@type\":\"PropertyValueSpecification\",\"valueRequired\":true,\"valueName\":\"search_term_string\"}}],\"inLanguage\":\"it-IT\"},{\"@type\":\"Organization\",\"@id\":\"https:\\\/\\\/lescollectionsprivees.com\\\/#organization\",\"name\":\"Les Collections Priv\u00e9es\",\"url\":\"https:\\\/\\\/lescollectionsprivees.com\\\/\",\"logo\":{\"@type\":\"ImageObject\",\"inLanguage\":\"it-IT\",\"@id\":\"https:\\\/\\\/lescollectionsprivees.com\\\/#\\\/schema\\\/logo\\\/image\\\/\",\"url\":\"https:\\\/\\\/lescollectionsprivees.com\\\/wp-content\\\/uploads\\\/2020\\\/02\\\/Logo-Les-Collections-Priv\u00e9es-450x450-1.png\",\"contentUrl\":\"https:\\\/\\\/lescollectionsprivees.com\\\/wp-content\\\/uploads\\\/2020\\\/02\\\/Logo-Les-Collections-Priv\u00e9es-450x450-1.png\",\"width\":450,\"height\":450,\"caption\":\"Les Collections Priv\u00e9es\"},\"image\":{\"@id\":\"https:\\\/\\\/lescollectionsprivees.com\\\/#\\\/schema\\\/logo\\\/image\\\/\"}}]}<\/script>\n<!-- \/ Yoast SEO plugin. -->","yoast_head_json":{"title":"Haya | Eau de parfum per donna 100ml | Lattafa","description":"Haya Lattafa \u00e8 una fragranza femminile che offre un'esperienza olfattiva eccezionale. Godetevi il profumo!","robots":{"index":"index","follow":"follow","max-snippet":"max-snippet:-1","max-image-preview":"max-image-preview:large","max-video-preview":"max-video-preview:-1"},"canonical":"https:\/\/lescollectionsprivees.com\/it\/fragranza\/eau-de-parfum-haya\/","og_locale":"it_IT","og_type":"article","og_title":"Haya | Eau de parfum pour femme 100ml | Lattafa","og_description":"Le\u00a0parfum Haya Lattafa\u00a0est une\u00a0fragrance f\u00e9minine\u00a0qui nous offre une exp\u00e9rience olfactive exceptionnelle. Bonne senteur \u00e0 vous !","og_url":"https:\/\/lescollectionsprivees.com\/it\/fragranza\/eau-de-parfum-haya\/","og_site_name":"Les Collections Priv\u00e9es","article_modified_time":"2023-07-12T09:18:17+00:00","og_image":[{"width":600,"height":600,"url":"https:\/\/lescollectionsprivees.com\/wp-content\/uploads\/2023\/07\/eau-de-parfum-haya-de-lattafa.jpeg","type":"image\/jpeg"}],"twitter_card":"summary_large_image","twitter_misc":{"Tempo di lettura stimato":"2 minuti"},"schema":{"@context":"https:\/\/schema.org","@graph":[{"@type":"WebPage","@id":"https:\/\/lescollectionsprivees.com\/parfum\/eau-de-parfum-haya\/","url":"https:\/\/lescollectionsprivees.com\/parfum\/eau-de-parfum-haya\/","name":"Haya | Eau de parfum per donna 100ml | Lattafa","isPartOf":{"@id":"https:\/\/lescollectionsprivees.com\/#website"},"primaryImageOfPage":{"@id":"https:\/\/lescollectionsprivees.com\/parfum\/eau-de-parfum-haya\/#primaryimage"},"image":{"@id":"https:\/\/lescollectionsprivees.com\/parfum\/eau-de-parfum-haya\/#primaryimage"},"thumbnailUrl":"https:\/\/lescollectionsprivees.com\/wp-content\/uploads\/2023\/07\/eau-de-parfum-haya-de-lattafa.jpeg","datePublished":"2023-07-12T09:18:16+00:00","dateModified":"2023-07-12T09:18:17+00:00","description":"Haya Lattafa \u00e8 una fragranza femminile che offre un'esperienza olfattiva eccezionale. Godetevi il profumo!","breadcrumb":{"@id":"https:\/\/lescollectionsprivees.com\/parfum\/eau-de-parfum-haya\/#breadcrumb"},"inLanguage":"it-IT","potentialAction":[{"@type":"ReadAction","target":["https:\/\/lescollectionsprivees.com\/parfum\/eau-de-parfum-haya\/"]}]},{"@type":"ImageObject","inLanguage":"it-IT","@id":"https:\/\/lescollectionsprivees.com\/parfum\/eau-de-parfum-haya\/#primaryimage","url":"https:\/\/lescollectionsprivees.com\/wp-content\/uploads\/2023\/07\/eau-de-parfum-haya-de-lattafa.jpeg","contentUrl":"https:\/\/lescollectionsprivees.com\/wp-content\/uploads\/2023\/07\/eau-de-parfum-haya-de-lattafa.jpeg","width":600,"height":600,"caption":"Eau de parfum Haya 100ml \u2013 Lattafa"},{"@type":"BreadcrumbList","@id":"https:\/\/lescollectionsprivees.com\/parfum\/eau-de-parfum-haya\/#breadcrumb","itemListElement":[{"@type":"ListItem","position":1,"name":"Accueil","item":"https:\/\/lescollectionsprivees.com\/"},{"@type":"ListItem","position":2,"name":"Boutique","item":"https:\/\/lescollectionsprivees.com\/boutique\/"},{"@type":"ListItem","position":3,"name":"Eau de parfum Haya 100ml \u2013 Lattafa"}]},{"@type":"WebSite","@id":"https:\/\/lescollectionsprivees.com\/#website","url":"https:\/\/lescollectionsprivees.com\/","name":"Collezioni private","description":"","publisher":{"@id":"https:\/\/lescollectionsprivees.com\/#organization"},"potentialAction":[{"@type":"SearchAction","target":{"@type":"EntryPoint","urlTemplate":"https:\/\/lescollectionsprivees.com\/?s={search_term_string}"},"query-input":{"@type":"PropertyValueSpecification","valueRequired":true,"valueName":"search_term_string"}}],"inLanguage":"it-IT"},{"@type":"Organization","@id":"https:\/\/lescollectionsprivees.com\/#organization","name":"Collezioni private","url":"https:\/\/lescollectionsprivees.com\/","logo":{"@type":"ImageObject","inLanguage":"it-IT","@id":"https:\/\/lescollectionsprivees.com\/#\/schema\/logo\/image\/","url":"https:\/\/lescollectionsprivees.com\/wp-content\/uploads\/2020\/02\/Logo-Les-Collections-Priv\u00e9es-450x450-1.png","contentUrl":"https:\/\/lescollectionsprivees.com\/wp-content\/uploads\/2020\/02\/Logo-Les-Collections-Priv\u00e9es-450x450-1.png","width":450,"height":450,"caption":"Les Collections Priv\u00e9es"},"image":{"@id":"https:\/\/lescollectionsprivees.com\/#\/schema\/logo\/image\/"}}]}},"_links":{"self":[{"href":"https:\/\/lescollectionsprivees.com\/it\/wp-json\/wp\/v2\/product\/24935","targetHints":{"allow":["GET"]}}],"collection":[{"href":"https:\/\/lescollectionsprivees.com\/it\/wp-json\/wp\/v2\/product"}],"about":[{"href":"https:\/\/lescollectionsprivees.com\/it\/wp-json\/wp\/v2\/types\/product"}],"wp:featuredmedia":[{"embeddable":true,"href":"https:\/\/lescollectionsprivees.com\/it\/wp-json\/wp\/v2\/media\/24936"}],"wp:attachment":[{"href":"https:\/\/lescollectionsprivees.com\/it\/wp-json\/wp\/v2\/media?parent=24935"}],"wp:term":[{"taxonomy":"product_brand","embeddable":true,"href":"https:\/\/lescollectionsprivees.com\/it\/wp-json\/wp\/v2\/product_brand?post=24935"},{"taxonomy":"product_cat","embeddable":true,"href":"https:\/\/lescollectionsprivees.com\/it\/wp-json\/wp\/v2\/product_cat?post=24935"},{"taxonomy":"product_tag","embeddable":true,"href":"https:\/\/lescollectionsprivees.com\/it\/wp-json\/wp\/v2\/product_tag?post=24935"}],"curies":[{"name":"wp","href":"https:\/\/api.w.org\/{rel}","templated":true}]}}