{"id":27598,"date":"2023-12-15T15:04:18","date_gmt":"2023-12-15T15:04:18","guid":{"rendered":"https:\/\/lescollectionsprivees.com\/?post_type=product&#038;p=27598"},"modified":"2023-12-15T15:09:27","modified_gmt":"2023-12-15T15:09:27","slug":"eau-de-parfum-bayaan","status":"publish","type":"product","link":"https:\/\/lescollectionsprivees.com\/it\/parfum\/eau-de-parfum-bayaan\/","title":{"rendered":"Bayaan Eau de Parfum 100ml - Lattafa"},"content":{"rendered":"","protected":false},"excerpt":{"rendered":"<p><strong>Note olfattive :<\/strong><\/p>\n<p><strong>Note di testa<\/strong> Ribes nero, Cannella, Litchi, Pepe rosa<br \/>\n<strong>Note di cuore<\/strong> Cardamomo, fiori d'arancio, rosa, pralina<br \/>\n<strong>Note di fondo<\/strong> Oud, Vaniglia, Mousse<\/p>\n<p><strong>Tipo<\/strong> Misto.<\/p>","protected":false},"featured_media":27615,"template":"","meta":[],"product_brand":[],"product_cat":[227,203,261,264,201,207,202,238,206,208,288,287],"product_tag":[],"class_list":{"0":"post-27598","1":"product","2":"type-product","3":"status-publish","4":"has-post-thumbnail","6":"product_cat-parfum-lattafa","7":"product_cat-parfum-ambre","8":"product_cat-parfum-boise","9":"product_cat-parfum-de-luxe","10":"product_cat-parfum-femme","11":"product_cat-parfum-fleur-doranger","12":"product_cat-parfum-homme","13":"product_cat-parfum-oud","14":"product_cat-parfum-rose","15":"product_cat-parfum-vanille","16":"product_cat-parfums-de-dubai-parfums-orientaux","17":"product_cat-parfums-orientaux","19":"first","20":"instock","21":"taxable","22":"shipping-taxable","23":"purchasable","24":"product-type-simple"},"yoast_head":"<!-- This site is optimized with the Yoast SEO plugin v27.5 - https:\/\/yoast.com\/product\/yoast-seo-wordpress\/ -->\n<title>Eau de parfum Bayaan 100ml \u2013 Lattafa - Les Collections Priv\u00e9es<\/title>\n<meta name=\"robots\" content=\"index, follow, max-snippet:-1, max-image-preview:large, max-video-preview:-1\" \/>\n<link rel=\"canonical\" href=\"https:\/\/lescollectionsprivees.com\/it\/fragranza\/eau-de-parfum-bayaan\/\" \/>\n<meta property=\"og:locale\" content=\"it_IT\" \/>\n<meta property=\"og:type\" content=\"article\" \/>\n<meta property=\"og:title\" content=\"Eau de parfum Bayaan 100ml \u2013 Lattafa - Les Collections Priv\u00e9es\" \/>\n<meta property=\"og:description\" content=\"Notes olfactives :  Notes de t\u00eate : Cassis, Cannelle, Litchi, Poivre Rose Notes de coeur : Cardamome, Fleur d&#039;Oranger, Rose, Pralin\u00e9 Notes de fond : Oud, Vanille, Mousse  Genre : Mixte.\" \/>\n<meta property=\"og:url\" content=\"https:\/\/lescollectionsprivees.com\/it\/fragranza\/eau-de-parfum-bayaan\/\" \/>\n<meta property=\"og:site_name\" content=\"Les Collections Priv\u00e9es\" \/>\n<meta property=\"article:modified_time\" content=\"2023-12-15T15:09:27+00:00\" \/>\n<meta property=\"og:image\" content=\"https:\/\/lescollectionsprivees.com\/wp-content\/uploads\/2023\/12\/eau-de-parfum-bayaan-lattafa.jpg\" \/>\n\t<meta property=\"og:image:width\" content=\"600\" \/>\n\t<meta property=\"og:image:height\" content=\"600\" \/>\n\t<meta property=\"og:image:type\" content=\"image\/jpeg\" \/>\n<meta name=\"twitter:card\" content=\"summary_large_image\" \/>\n<script type=\"application\/ld+json\" class=\"yoast-schema-graph\">{\"@context\":\"https:\\\/\\\/schema.org\",\"@graph\":[{\"@type\":\"WebPage\",\"@id\":\"https:\\\/\\\/lescollectionsprivees.com\\\/parfum\\\/eau-de-parfum-bayaan\\\/\",\"url\":\"https:\\\/\\\/lescollectionsprivees.com\\\/parfum\\\/eau-de-parfum-bayaan\\\/\",\"name\":\"Eau de parfum Bayaan 100ml \u2013 Lattafa - Les Collections Priv\u00e9es\",\"isPartOf\":{\"@id\":\"https:\\\/\\\/lescollectionsprivees.com\\\/#website\"},\"primaryImageOfPage\":{\"@id\":\"https:\\\/\\\/lescollectionsprivees.com\\\/parfum\\\/eau-de-parfum-bayaan\\\/#primaryimage\"},\"image\":{\"@id\":\"https:\\\/\\\/lescollectionsprivees.com\\\/parfum\\\/eau-de-parfum-bayaan\\\/#primaryimage\"},\"thumbnailUrl\":\"https:\\\/\\\/lescollectionsprivees.com\\\/wp-content\\\/uploads\\\/2023\\\/12\\\/eau-de-parfum-bayaan-lattafa.jpg\",\"datePublished\":\"2023-12-15T15:04:18+00:00\",\"dateModified\":\"2023-12-15T15:09:27+00:00\",\"breadcrumb\":{\"@id\":\"https:\\\/\\\/lescollectionsprivees.com\\\/parfum\\\/eau-de-parfum-bayaan\\\/#breadcrumb\"},\"inLanguage\":\"it-IT\",\"potentialAction\":[{\"@type\":\"ReadAction\",\"target\":[\"https:\\\/\\\/lescollectionsprivees.com\\\/parfum\\\/eau-de-parfum-bayaan\\\/\"]}]},{\"@type\":\"ImageObject\",\"inLanguage\":\"it-IT\",\"@id\":\"https:\\\/\\\/lescollectionsprivees.com\\\/parfum\\\/eau-de-parfum-bayaan\\\/#primaryimage\",\"url\":\"https:\\\/\\\/lescollectionsprivees.com\\\/wp-content\\\/uploads\\\/2023\\\/12\\\/eau-de-parfum-bayaan-lattafa.jpg\",\"contentUrl\":\"https:\\\/\\\/lescollectionsprivees.com\\\/wp-content\\\/uploads\\\/2023\\\/12\\\/eau-de-parfum-bayaan-lattafa.jpg\",\"width\":600,\"height\":600},{\"@type\":\"BreadcrumbList\",\"@id\":\"https:\\\/\\\/lescollectionsprivees.com\\\/parfum\\\/eau-de-parfum-bayaan\\\/#breadcrumb\",\"itemListElement\":[{\"@type\":\"ListItem\",\"position\":1,\"name\":\"Accueil\",\"item\":\"https:\\\/\\\/lescollectionsprivees.com\\\/\"},{\"@type\":\"ListItem\",\"position\":2,\"name\":\"Boutique\",\"item\":\"https:\\\/\\\/lescollectionsprivees.com\\\/boutique\\\/\"},{\"@type\":\"ListItem\",\"position\":3,\"name\":\"Eau de parfum Bayaan 100ml \u2013 Lattafa\"}]},{\"@type\":\"WebSite\",\"@id\":\"https:\\\/\\\/lescollectionsprivees.com\\\/#website\",\"url\":\"https:\\\/\\\/lescollectionsprivees.com\\\/\",\"name\":\"Les Collections Priv\u00e9es\",\"description\":\"\",\"publisher\":{\"@id\":\"https:\\\/\\\/lescollectionsprivees.com\\\/#organization\"},\"potentialAction\":[{\"@type\":\"SearchAction\",\"target\":{\"@type\":\"EntryPoint\",\"urlTemplate\":\"https:\\\/\\\/lescollectionsprivees.com\\\/?s={search_term_string}\"},\"query-input\":{\"@type\":\"PropertyValueSpecification\",\"valueRequired\":true,\"valueName\":\"search_term_string\"}}],\"inLanguage\":\"it-IT\"},{\"@type\":\"Organization\",\"@id\":\"https:\\\/\\\/lescollectionsprivees.com\\\/#organization\",\"name\":\"Les Collections Priv\u00e9es\",\"url\":\"https:\\\/\\\/lescollectionsprivees.com\\\/\",\"logo\":{\"@type\":\"ImageObject\",\"inLanguage\":\"it-IT\",\"@id\":\"https:\\\/\\\/lescollectionsprivees.com\\\/#\\\/schema\\\/logo\\\/image\\\/\",\"url\":\"https:\\\/\\\/lescollectionsprivees.com\\\/wp-content\\\/uploads\\\/2020\\\/02\\\/Logo-Les-Collections-Priv\u00e9es-450x450-1.png\",\"contentUrl\":\"https:\\\/\\\/lescollectionsprivees.com\\\/wp-content\\\/uploads\\\/2020\\\/02\\\/Logo-Les-Collections-Priv\u00e9es-450x450-1.png\",\"width\":450,\"height\":450,\"caption\":\"Les Collections Priv\u00e9es\"},\"image\":{\"@id\":\"https:\\\/\\\/lescollectionsprivees.com\\\/#\\\/schema\\\/logo\\\/image\\\/\"}}]}<\/script>\n<!-- \/ Yoast SEO plugin. -->","yoast_head_json":{"title":"Bayaan Eau de Parfum 100ml - Lattafa - Les Collections Priv\u00e9es","robots":{"index":"index","follow":"follow","max-snippet":"max-snippet:-1","max-image-preview":"max-image-preview:large","max-video-preview":"max-video-preview:-1"},"canonical":"https:\/\/lescollectionsprivees.com\/it\/fragranza\/eau-de-parfum-bayaan\/","og_locale":"it_IT","og_type":"article","og_title":"Eau de parfum Bayaan 100ml \u2013 Lattafa - Les Collections Priv\u00e9es","og_description":"Notes olfactives :  Notes de t\u00eate : Cassis, Cannelle, Litchi, Poivre Rose Notes de coeur : Cardamome, Fleur d'Oranger, Rose, Pralin\u00e9 Notes de fond : Oud, Vanille, Mousse  Genre : Mixte.","og_url":"https:\/\/lescollectionsprivees.com\/it\/fragranza\/eau-de-parfum-bayaan\/","og_site_name":"Les Collections Priv\u00e9es","article_modified_time":"2023-12-15T15:09:27+00:00","og_image":[{"width":600,"height":600,"url":"https:\/\/lescollectionsprivees.com\/wp-content\/uploads\/2023\/12\/eau-de-parfum-bayaan-lattafa.jpg","type":"image\/jpeg"}],"twitter_card":"summary_large_image","schema":{"@context":"https:\/\/schema.org","@graph":[{"@type":"WebPage","@id":"https:\/\/lescollectionsprivees.com\/parfum\/eau-de-parfum-bayaan\/","url":"https:\/\/lescollectionsprivees.com\/parfum\/eau-de-parfum-bayaan\/","name":"Bayaan Eau de Parfum 100ml - Lattafa - Les Collections Priv\u00e9es","isPartOf":{"@id":"https:\/\/lescollectionsprivees.com\/#website"},"primaryImageOfPage":{"@id":"https:\/\/lescollectionsprivees.com\/parfum\/eau-de-parfum-bayaan\/#primaryimage"},"image":{"@id":"https:\/\/lescollectionsprivees.com\/parfum\/eau-de-parfum-bayaan\/#primaryimage"},"thumbnailUrl":"https:\/\/lescollectionsprivees.com\/wp-content\/uploads\/2023\/12\/eau-de-parfum-bayaan-lattafa.jpg","datePublished":"2023-12-15T15:04:18+00:00","dateModified":"2023-12-15T15:09:27+00:00","breadcrumb":{"@id":"https:\/\/lescollectionsprivees.com\/parfum\/eau-de-parfum-bayaan\/#breadcrumb"},"inLanguage":"it-IT","potentialAction":[{"@type":"ReadAction","target":["https:\/\/lescollectionsprivees.com\/parfum\/eau-de-parfum-bayaan\/"]}]},{"@type":"ImageObject","inLanguage":"it-IT","@id":"https:\/\/lescollectionsprivees.com\/parfum\/eau-de-parfum-bayaan\/#primaryimage","url":"https:\/\/lescollectionsprivees.com\/wp-content\/uploads\/2023\/12\/eau-de-parfum-bayaan-lattafa.jpg","contentUrl":"https:\/\/lescollectionsprivees.com\/wp-content\/uploads\/2023\/12\/eau-de-parfum-bayaan-lattafa.jpg","width":600,"height":600},{"@type":"BreadcrumbList","@id":"https:\/\/lescollectionsprivees.com\/parfum\/eau-de-parfum-bayaan\/#breadcrumb","itemListElement":[{"@type":"ListItem","position":1,"name":"Accueil","item":"https:\/\/lescollectionsprivees.com\/"},{"@type":"ListItem","position":2,"name":"Boutique","item":"https:\/\/lescollectionsprivees.com\/boutique\/"},{"@type":"ListItem","position":3,"name":"Eau de parfum Bayaan 100ml \u2013 Lattafa"}]},{"@type":"WebSite","@id":"https:\/\/lescollectionsprivees.com\/#website","url":"https:\/\/lescollectionsprivees.com\/","name":"Collezioni private","description":"","publisher":{"@id":"https:\/\/lescollectionsprivees.com\/#organization"},"potentialAction":[{"@type":"SearchAction","target":{"@type":"EntryPoint","urlTemplate":"https:\/\/lescollectionsprivees.com\/?s={search_term_string}"},"query-input":{"@type":"PropertyValueSpecification","valueRequired":true,"valueName":"search_term_string"}}],"inLanguage":"it-IT"},{"@type":"Organization","@id":"https:\/\/lescollectionsprivees.com\/#organization","name":"Collezioni private","url":"https:\/\/lescollectionsprivees.com\/","logo":{"@type":"ImageObject","inLanguage":"it-IT","@id":"https:\/\/lescollectionsprivees.com\/#\/schema\/logo\/image\/","url":"https:\/\/lescollectionsprivees.com\/wp-content\/uploads\/2020\/02\/Logo-Les-Collections-Priv\u00e9es-450x450-1.png","contentUrl":"https:\/\/lescollectionsprivees.com\/wp-content\/uploads\/2020\/02\/Logo-Les-Collections-Priv\u00e9es-450x450-1.png","width":450,"height":450,"caption":"Les Collections Priv\u00e9es"},"image":{"@id":"https:\/\/lescollectionsprivees.com\/#\/schema\/logo\/image\/"}}]}},"_links":{"self":[{"href":"https:\/\/lescollectionsprivees.com\/it\/wp-json\/wp\/v2\/product\/27598","targetHints":{"allow":["GET"]}}],"collection":[{"href":"https:\/\/lescollectionsprivees.com\/it\/wp-json\/wp\/v2\/product"}],"about":[{"href":"https:\/\/lescollectionsprivees.com\/it\/wp-json\/wp\/v2\/types\/product"}],"wp:featuredmedia":[{"embeddable":true,"href":"https:\/\/lescollectionsprivees.com\/it\/wp-json\/wp\/v2\/media\/27615"}],"wp:attachment":[{"href":"https:\/\/lescollectionsprivees.com\/it\/wp-json\/wp\/v2\/media?parent=27598"}],"wp:term":[{"taxonomy":"product_brand","embeddable":true,"href":"https:\/\/lescollectionsprivees.com\/it\/wp-json\/wp\/v2\/product_brand?post=27598"},{"taxonomy":"product_cat","embeddable":true,"href":"https:\/\/lescollectionsprivees.com\/it\/wp-json\/wp\/v2\/product_cat?post=27598"},{"taxonomy":"product_tag","embeddable":true,"href":"https:\/\/lescollectionsprivees.com\/it\/wp-json\/wp\/v2\/product_tag?post=27598"}],"curies":[{"name":"wp","href":"https:\/\/api.w.org\/{rel}","templated":true}]}}