{"id":29841,"date":"2024-06-08T16:17:36","date_gmt":"2024-06-08T16:17:36","guid":{"rendered":"https:\/\/lescollectionsprivees.com\/?post_type=product&#038;p=29841"},"modified":"2026-04-23T13:05:40","modified_gmt":"2026-04-23T13:05:40","slug":"estratto-di-profumo-royal-blend-nero","status":"publish","type":"product","link":"https:\/\/lescollectionsprivees.com\/it\/parfum\/extrait-de-parfum-royal-blend-nero\/","title":{"rendered":"Estratto di profumo Royal Blend Nero 100ml - French Avenue"},"content":{"rendered":"<p><strong>Estratto di profumo Royal Blend Nero<\/strong> di French Avenue \u00e8 l'epitome del lusso e dell'eleganza. Posizionata come fragranza di alta gamma, offre un'esperienza olfattiva raffinata e accattivante. Scopritelo ora...<\/p>\n<h2><strong>L'equilibrio perfetto dell'estratto di profumo Royal Blend Nero <\/strong><\/h2>\n<p>Questo <strong>fragranza mista<\/strong> ha qualcosa che affascina sia gli uomini che le donne. Infatti, la sua composizione \u00e8 tale che il suo profumo \u00e8 davvero unico.<\/p>\n<ul>\n<li>Note di testa: Mandarino, Mela, Vaniglia<\/li>\n<li>Note di cuore: Rosa, Vaniglia, Spezie, Ylang-ylang<\/li>\n<li>Note di fondo: oud, muschio bianco, legno di sandalo, patchouli<\/li>\n<\/ul>\n<p>La combinazione di note di testa fresche e fruttate, note di cuore floreali e speziate e note di fondo legnose e muschiate crea un'atmosfera di grande effetto. <strong>scia<\/strong> accattivante e sofisticato. La sottile armonia tra queste note crea una fragranza unica. Si evolve piacevolmente nel corso della giornata, lasciando un'impronta memorabile.<\/p>\n<h2><strong>I nostri consigli di applicazione per l'estratto di profumo Royal Blend Nero<\/strong><\/h2>\n<p>Per una tenuta ottimale, applicare l'estratto di profumo Royal Blend Nero a piccoli tocchi sulle zone di pulsazione. Questo estratto, infatti, \u00e8 estremamente ben dosato e in grado di regalare una fragranza intensa e duratura.<\/p>\n<p>Inoltre, fate attenzione a non strofinare la fragranza per non alterarne la composizione. Uno spruzzo leggero e uniforme riveler\u00e0 appieno le sue note complesse e ne prolungher\u00e0 la tenuta sulla pelle.<\/p>\n<h3><strong>Altre perle del marchio French Avenue <\/strong><\/h3>\n<p>French Avenue offre una gamma di fragranze eccezionali, ognuna delle quali offre un'esperienza olfattiva unica e raffinata. Le altre fragranze di punta del marchio includono \"\u00a0<strong>Esclusivo Miraj \"<\/strong> con le sue note di vaniglia e caff\u00e8. Cos\u00ec come \"\u00a0<strong>Irida \"<\/strong> una sottile miscela di ciliegia e ambra, tra le altre note.<\/p>\n<p>In questo modo, ogni <strong>succo di frutta<\/strong> incarna eleganza e raffinatezza, offrendo una gamma di scelte per gli amanti delle fragranze eccezionali.<\/p>","protected":false},"excerpt":{"rendered":"<p><strong>Note olfattive :<\/strong><\/p>\n<p><strong>Testa<\/strong>\u00a0Mandarino, Mela, Vaniglia<br \/>\n<strong>Cuore<\/strong>\u00a0Rosa, Vaniglia, Spezie, Ylang-ylang<br \/>\n<strong>Sfondo<\/strong>\u00a0Oud, Muschio bianco, Sandalo, Patchouli<\/p>","protected":false},"featured_media":29842,"template":"","meta":[],"product_brand":[],"product_cat":[302],"product_tag":[],"class_list":{"0":"post-29841","1":"product","2":"type-product","3":"status-publish","4":"has-post-thumbnail","6":"product_cat-french-avenue","8":"first","9":"instock","10":"taxable","11":"shipping-taxable","12":"purchasable","13":"product-type-simple"},"yoast_head":"<!-- This site is optimized with the Yoast SEO plugin v27.5 - https:\/\/yoast.com\/product\/yoast-seo-wordpress\/ -->\n<title>Royal Blend Nero | Extrait de parfum en 100ml | French Avenue<\/title>\n<meta name=\"description\" content=\"L&#039;extrait de parfum Royal Blend Nero de la marque French Avenue incarne v\u00e9ritablement le luxe et l&#039;\u00e9l\u00e9gance. Adoptez-le rapidement !\" \/>\n<meta name=\"robots\" content=\"index, follow, max-snippet:-1, max-image-preview:large, max-video-preview:-1\" \/>\n<link rel=\"canonical\" href=\"https:\/\/lescollectionsprivees.com\/it\/fragranza\/estratto-di-profumo-royal-blend-nero\/\" \/>\n<meta property=\"og:locale\" content=\"it_IT\" \/>\n<meta property=\"og:type\" content=\"article\" \/>\n<meta property=\"og:title\" content=\"Royal Blend Nero | Extrait de parfum en 100ml | French Avenue\" \/>\n<meta property=\"og:description\" content=\"L&#039;extrait de parfum Royal Blend Nero de la marque French Avenue incarne v\u00e9ritablement le luxe et l&#039;\u00e9l\u00e9gance. Adoptez-le rapidement !\" \/>\n<meta property=\"og:url\" content=\"https:\/\/lescollectionsprivees.com\/it\/fragranza\/estratto-di-profumo-royal-blend-nero\/\" \/>\n<meta property=\"og:site_name\" content=\"Les Collections Priv\u00e9es\" \/>\n<meta property=\"article:modified_time\" content=\"2026-04-23T13:05:40+00:00\" \/>\n<meta property=\"og:image\" content=\"https:\/\/lescollectionsprivees.com\/wp-content\/uploads\/2024\/06\/royal-blend-hero-french-avenue.jpg\" \/>\n\t<meta property=\"og:image:width\" content=\"600\" \/>\n\t<meta property=\"og:image:height\" content=\"600\" \/>\n\t<meta property=\"og:image:type\" content=\"image\/jpeg\" \/>\n<meta name=\"twitter:card\" content=\"summary_large_image\" \/>\n<meta name=\"twitter:label1\" content=\"Tempo di lettura stimato\" \/>\n\t<meta name=\"twitter:data1\" content=\"2 minuti\" \/>\n<script type=\"application\/ld+json\" class=\"yoast-schema-graph\">{\"@context\":\"https:\\\/\\\/schema.org\",\"@graph\":[{\"@type\":\"WebPage\",\"@id\":\"https:\\\/\\\/lescollectionsprivees.com\\\/parfum\\\/extrait-de-parfum-royal-blend-nero\\\/\",\"url\":\"https:\\\/\\\/lescollectionsprivees.com\\\/parfum\\\/extrait-de-parfum-royal-blend-nero\\\/\",\"name\":\"Royal Blend Nero | Extrait de parfum en 100ml | French Avenue\",\"isPartOf\":{\"@id\":\"https:\\\/\\\/lescollectionsprivees.com\\\/#website\"},\"primaryImageOfPage\":{\"@id\":\"https:\\\/\\\/lescollectionsprivees.com\\\/parfum\\\/extrait-de-parfum-royal-blend-nero\\\/#primaryimage\"},\"image\":{\"@id\":\"https:\\\/\\\/lescollectionsprivees.com\\\/parfum\\\/extrait-de-parfum-royal-blend-nero\\\/#primaryimage\"},\"thumbnailUrl\":\"https:\\\/\\\/lescollectionsprivees.com\\\/wp-content\\\/uploads\\\/2024\\\/06\\\/royal-blend-hero-french-avenue.jpg\",\"datePublished\":\"2024-06-08T16:17:36+00:00\",\"dateModified\":\"2026-04-23T13:05:40+00:00\",\"description\":\"L'extrait de parfum Royal Blend Nero de la marque French Avenue incarne v\u00e9ritablement le luxe et l'\u00e9l\u00e9gance. Adoptez-le rapidement !\",\"breadcrumb\":{\"@id\":\"https:\\\/\\\/lescollectionsprivees.com\\\/parfum\\\/extrait-de-parfum-royal-blend-nero\\\/#breadcrumb\"},\"inLanguage\":\"it-IT\",\"potentialAction\":[{\"@type\":\"ReadAction\",\"target\":[\"https:\\\/\\\/lescollectionsprivees.com\\\/parfum\\\/extrait-de-parfum-royal-blend-nero\\\/\"]}]},{\"@type\":\"ImageObject\",\"inLanguage\":\"it-IT\",\"@id\":\"https:\\\/\\\/lescollectionsprivees.com\\\/parfum\\\/extrait-de-parfum-royal-blend-nero\\\/#primaryimage\",\"url\":\"https:\\\/\\\/lescollectionsprivees.com\\\/wp-content\\\/uploads\\\/2024\\\/06\\\/royal-blend-hero-french-avenue.jpg\",\"contentUrl\":\"https:\\\/\\\/lescollectionsprivees.com\\\/wp-content\\\/uploads\\\/2024\\\/06\\\/royal-blend-hero-french-avenue.jpg\",\"width\":600,\"height\":600,\"caption\":\"Extrait de parfum Royal Blend Nero 100ml \u2013 French Avenue\"},{\"@type\":\"BreadcrumbList\",\"@id\":\"https:\\\/\\\/lescollectionsprivees.com\\\/parfum\\\/extrait-de-parfum-royal-blend-nero\\\/#breadcrumb\",\"itemListElement\":[{\"@type\":\"ListItem\",\"position\":1,\"name\":\"Accueil\",\"item\":\"https:\\\/\\\/lescollectionsprivees.com\\\/\"},{\"@type\":\"ListItem\",\"position\":2,\"name\":\"Boutique\",\"item\":\"https:\\\/\\\/lescollectionsprivees.com\\\/boutique\\\/\"},{\"@type\":\"ListItem\",\"position\":3,\"name\":\"Extrait de parfum Royal Blend Nero 100ml \u2013 French Avenue\"}]},{\"@type\":\"WebSite\",\"@id\":\"https:\\\/\\\/lescollectionsprivees.com\\\/#website\",\"url\":\"https:\\\/\\\/lescollectionsprivees.com\\\/\",\"name\":\"Les Collections Priv\u00e9es\",\"description\":\"\",\"publisher\":{\"@id\":\"https:\\\/\\\/lescollectionsprivees.com\\\/#organization\"},\"potentialAction\":[{\"@type\":\"SearchAction\",\"target\":{\"@type\":\"EntryPoint\",\"urlTemplate\":\"https:\\\/\\\/lescollectionsprivees.com\\\/?s={search_term_string}\"},\"query-input\":{\"@type\":\"PropertyValueSpecification\",\"valueRequired\":true,\"valueName\":\"search_term_string\"}}],\"inLanguage\":\"it-IT\"},{\"@type\":\"Organization\",\"@id\":\"https:\\\/\\\/lescollectionsprivees.com\\\/#organization\",\"name\":\"Les Collections Priv\u00e9es\",\"url\":\"https:\\\/\\\/lescollectionsprivees.com\\\/\",\"logo\":{\"@type\":\"ImageObject\",\"inLanguage\":\"it-IT\",\"@id\":\"https:\\\/\\\/lescollectionsprivees.com\\\/#\\\/schema\\\/logo\\\/image\\\/\",\"url\":\"https:\\\/\\\/lescollectionsprivees.com\\\/wp-content\\\/uploads\\\/2020\\\/02\\\/Logo-Les-Collections-Priv\u00e9es-450x450-1.png\",\"contentUrl\":\"https:\\\/\\\/lescollectionsprivees.com\\\/wp-content\\\/uploads\\\/2020\\\/02\\\/Logo-Les-Collections-Priv\u00e9es-450x450-1.png\",\"width\":450,\"height\":450,\"caption\":\"Les Collections Priv\u00e9es\"},\"image\":{\"@id\":\"https:\\\/\\\/lescollectionsprivees.com\\\/#\\\/schema\\\/logo\\\/image\\\/\"}}]}<\/script>\n<!-- \/ Yoast SEO plugin. -->","yoast_head_json":{"title":"Royal Blend Nero | Estratto di profumo 100ml | French Avenue","description":"L'estratto di profumo Royal Blend Nero di French Avenue \u00e8 l'epitome del lusso e dell'eleganza. Adottatelo subito!","robots":{"index":"index","follow":"follow","max-snippet":"max-snippet:-1","max-image-preview":"max-image-preview:large","max-video-preview":"max-video-preview:-1"},"canonical":"https:\/\/lescollectionsprivees.com\/it\/fragranza\/estratto-di-profumo-royal-blend-nero\/","og_locale":"it_IT","og_type":"article","og_title":"Royal Blend Nero | Extrait de parfum en 100ml | French Avenue","og_description":"L'extrait de parfum Royal Blend Nero de la marque French Avenue incarne v\u00e9ritablement le luxe et l'\u00e9l\u00e9gance. Adoptez-le rapidement !","og_url":"https:\/\/lescollectionsprivees.com\/it\/fragranza\/estratto-di-profumo-royal-blend-nero\/","og_site_name":"Les Collections Priv\u00e9es","article_modified_time":"2026-04-23T13:05:40+00:00","og_image":[{"width":600,"height":600,"url":"https:\/\/lescollectionsprivees.com\/wp-content\/uploads\/2024\/06\/royal-blend-hero-french-avenue.jpg","type":"image\/jpeg"}],"twitter_card":"summary_large_image","twitter_misc":{"Tempo di lettura stimato":"2 minuti"},"schema":{"@context":"https:\/\/schema.org","@graph":[{"@type":"WebPage","@id":"https:\/\/lescollectionsprivees.com\/parfum\/extrait-de-parfum-royal-blend-nero\/","url":"https:\/\/lescollectionsprivees.com\/parfum\/extrait-de-parfum-royal-blend-nero\/","name":"Royal Blend Nero | Estratto di profumo 100ml | French Avenue","isPartOf":{"@id":"https:\/\/lescollectionsprivees.com\/#website"},"primaryImageOfPage":{"@id":"https:\/\/lescollectionsprivees.com\/parfum\/extrait-de-parfum-royal-blend-nero\/#primaryimage"},"image":{"@id":"https:\/\/lescollectionsprivees.com\/parfum\/extrait-de-parfum-royal-blend-nero\/#primaryimage"},"thumbnailUrl":"https:\/\/lescollectionsprivees.com\/wp-content\/uploads\/2024\/06\/royal-blend-hero-french-avenue.jpg","datePublished":"2024-06-08T16:17:36+00:00","dateModified":"2026-04-23T13:05:40+00:00","description":"L'estratto di profumo Royal Blend Nero di French Avenue \u00e8 l'epitome del lusso e dell'eleganza. Adottatelo subito!","breadcrumb":{"@id":"https:\/\/lescollectionsprivees.com\/parfum\/extrait-de-parfum-royal-blend-nero\/#breadcrumb"},"inLanguage":"it-IT","potentialAction":[{"@type":"ReadAction","target":["https:\/\/lescollectionsprivees.com\/parfum\/extrait-de-parfum-royal-blend-nero\/"]}]},{"@type":"ImageObject","inLanguage":"it-IT","@id":"https:\/\/lescollectionsprivees.com\/parfum\/extrait-de-parfum-royal-blend-nero\/#primaryimage","url":"https:\/\/lescollectionsprivees.com\/wp-content\/uploads\/2024\/06\/royal-blend-hero-french-avenue.jpg","contentUrl":"https:\/\/lescollectionsprivees.com\/wp-content\/uploads\/2024\/06\/royal-blend-hero-french-avenue.jpg","width":600,"height":600,"caption":"Extrait de parfum Royal Blend Nero 100ml \u2013 French Avenue"},{"@type":"BreadcrumbList","@id":"https:\/\/lescollectionsprivees.com\/parfum\/extrait-de-parfum-royal-blend-nero\/#breadcrumb","itemListElement":[{"@type":"ListItem","position":1,"name":"Accueil","item":"https:\/\/lescollectionsprivees.com\/"},{"@type":"ListItem","position":2,"name":"Boutique","item":"https:\/\/lescollectionsprivees.com\/boutique\/"},{"@type":"ListItem","position":3,"name":"Extrait de parfum Royal Blend Nero 100ml \u2013 French Avenue"}]},{"@type":"WebSite","@id":"https:\/\/lescollectionsprivees.com\/#website","url":"https:\/\/lescollectionsprivees.com\/","name":"Collezioni private","description":"","publisher":{"@id":"https:\/\/lescollectionsprivees.com\/#organization"},"potentialAction":[{"@type":"SearchAction","target":{"@type":"EntryPoint","urlTemplate":"https:\/\/lescollectionsprivees.com\/?s={search_term_string}"},"query-input":{"@type":"PropertyValueSpecification","valueRequired":true,"valueName":"search_term_string"}}],"inLanguage":"it-IT"},{"@type":"Organization","@id":"https:\/\/lescollectionsprivees.com\/#organization","name":"Collezioni private","url":"https:\/\/lescollectionsprivees.com\/","logo":{"@type":"ImageObject","inLanguage":"it-IT","@id":"https:\/\/lescollectionsprivees.com\/#\/schema\/logo\/image\/","url":"https:\/\/lescollectionsprivees.com\/wp-content\/uploads\/2020\/02\/Logo-Les-Collections-Priv\u00e9es-450x450-1.png","contentUrl":"https:\/\/lescollectionsprivees.com\/wp-content\/uploads\/2020\/02\/Logo-Les-Collections-Priv\u00e9es-450x450-1.png","width":450,"height":450,"caption":"Les Collections Priv\u00e9es"},"image":{"@id":"https:\/\/lescollectionsprivees.com\/#\/schema\/logo\/image\/"}}]}},"_links":{"self":[{"href":"https:\/\/lescollectionsprivees.com\/it\/wp-json\/wp\/v2\/product\/29841","targetHints":{"allow":["GET"]}}],"collection":[{"href":"https:\/\/lescollectionsprivees.com\/it\/wp-json\/wp\/v2\/product"}],"about":[{"href":"https:\/\/lescollectionsprivees.com\/it\/wp-json\/wp\/v2\/types\/product"}],"wp:featuredmedia":[{"embeddable":true,"href":"https:\/\/lescollectionsprivees.com\/it\/wp-json\/wp\/v2\/media\/29842"}],"wp:attachment":[{"href":"https:\/\/lescollectionsprivees.com\/it\/wp-json\/wp\/v2\/media?parent=29841"}],"wp:term":[{"taxonomy":"product_brand","embeddable":true,"href":"https:\/\/lescollectionsprivees.com\/it\/wp-json\/wp\/v2\/product_brand?post=29841"},{"taxonomy":"product_cat","embeddable":true,"href":"https:\/\/lescollectionsprivees.com\/it\/wp-json\/wp\/v2\/product_cat?post=29841"},{"taxonomy":"product_tag","embeddable":true,"href":"https:\/\/lescollectionsprivees.com\/it\/wp-json\/wp\/v2\/product_tag?post=29841"}],"curies":[{"name":"wp","href":"https:\/\/api.w.org\/{rel}","templated":true}]}}