{"id":31474,"date":"2024-10-15T17:43:12","date_gmt":"2024-10-15T17:43:12","guid":{"rendered":"https:\/\/lescollectionsprivees.com\/?post_type=product&#038;p=31474"},"modified":"2026-05-14T18:00:28","modified_gmt":"2026-05-14T18:00:28","slug":"wraith-spectre-eau-de-parfum","status":"publish","type":"product","link":"https:\/\/lescollectionsprivees.com\/it\/parfum\/eau-de-parfum-wraith-spectre\/","title":{"rendered":"Eau de parfum Wraith Spectre 80ml - Mondo Profumo"},"content":{"rendered":"<p>Scoprite Wraith Spectre 80ml. Una fragranza maschile che esalter\u00e0 la vostra forza di carattere e la sublimer\u00e0 deliziosamente.<\/p>\n<h2><strong>Profumi crudi e potenti con Wraith<\/strong><\/h2>\n<p>Wraith suscita interesse sin dall'apertura con un'eruzione di <strong>rum<\/strong> <strong>inebriante<\/strong> e note <strong>piccante<\/strong> che affascinano immediatamente. Il rum si rivela appena aperto, con una finezza inebriante che ricorda le sere d'estate. Il tocco alcolico, gioioso e rinfrescante, \u00e8 un complemento perfetto per il rum. <strong>calmante<\/strong>getta le basi per una composizione <strong>accattivante<\/strong>. Successivamente <strong>spezie<\/strong> si aggiungono, aggiungendo un'energia e una complessit\u00e0 affascinanti.<\/p>\n<p>La loro sottigliezza evocativa risveglia i sensi e offre una nuova dimensione alla nostra vita. <strong>sensuale<\/strong>che ricordano i mercati esteri e le miscele sottili.<\/p>\n<p>Il cuore del profumo rivela una raffinata eleganza con note di <strong><a href=\"https:\/\/lescollectionsprivees.com\/it\/fragranza\/khamrah-qahwa-eau-de-parfum\/\">caff\u00e8<\/a>;<\/strong>\u00a0la sua fragranza tostata ricorda momenti di <strong>tenerezza<\/strong>Questa nota rilassante si sposa perfettamente con gli elementi pi\u00f9 moderni. Questa nota rilassante si abbina perfettamente agli elementi pi\u00f9 moderni. <strong>bosco<\/strong>. Le <strong>vetiver<\/strong> d\u00e0 una sensazione di <strong>freschezza<\/strong> che contrasta perfettamente con il rum e il caff\u00e8.<\/p>\n<h2><strong>Un tocco di leggerezza con <\/strong><strong>Profumo Wraith della collezione Spectre<\/strong><\/h2>\n<p>Si basa sulla consistenza morbida e cremosa di <strong>legno<\/strong> <strong>da<\/strong> <strong>sandalo<\/strong>Una sensazione rilassante. Infine, una nota <strong>dolce<\/strong> da<strong> canna da zucchero<\/strong> aggiunge una deliziosa dolcezza, perfettamente integrata in questa fragranza complessa e ricca di contrasti. Visita <strong>patchouli<\/strong> aggiunge un tocco mistico con le sue note <strong>terroso<\/strong> e <strong>bosco<\/strong>conferendo alla fragranza un <strong>audace\u00a0<\/strong>e accattivante.<\/p>\n<p>La durata della sua presenza garantisce un ricordo indimenticabile, stupendo chi incrocia il suo cammino.<\/p>\n<h3><strong>Pi\u00f9 che un semplice profumo, \u00e8 una seconda pelle<\/strong><\/h3>\n<p>Wraith va ben oltre la semplice nozione di profumo; rappresenta una manifestazione di <strong>stile<\/strong> e <strong>carattere<\/strong>. Che sia per una serata sofisticata o per un abbigliamento casual di tutti i giorni, \u00e8 perfetto per ogni momento della vostra vita, lasciando un'impressione indimenticabile e raffinata.<\/p>\n<p>Abbandonatevi a questa esperienza olfattiva <strong>notevole<\/strong> con Wraith e lasciatevi avvolgere dalle sue accattivanti fragranze.<\/p>","protected":false},"excerpt":{"rendered":"<p><strong>Note olfattive :<\/strong><\/p>\n<p><strong>Note di testa<\/strong> Rum, spezie<br \/>\n<strong>Note di cuore<\/strong> Caff\u00e8, patchouli, vetiver, legno di sandalo<br \/>\n<strong>Note di fondo<\/strong> Zucchero di canna.<\/p>\n<p><strong>Tipo<\/strong> Misto.<\/p>","protected":false},"featured_media":31475,"template":"","meta":[],"product_brand":[],"product_cat":[303,202,265],"product_tag":[],"class_list":{"0":"post-31474","1":"product","2":"type-product","3":"status-publish","4":"has-post-thumbnail","6":"product_cat-fragrance-world","7":"product_cat-parfum-homme","8":"product_cat-parfum-patchouli","10":"first","11":"instock","12":"taxable","13":"shipping-taxable","14":"purchasable","15":"product-type-simple"},"yoast_head":"<!-- This site is optimized with the Yoast SEO plugin v27.5 - https:\/\/yoast.com\/product\/yoast-seo-wordpress\/ -->\n<title>Wraith Spectre | Parfum masculine en 80ml | Fragrance World<\/title>\n<meta name=\"description\" content=\"Partons \u00e0 la d\u00e9couverte du parfum Wraith Spectre en 80ml. Un parfum masculin qui renforcera votre force de caract\u00e8re et le sublimera d\u00e9licieusement.\" \/>\n<meta name=\"robots\" content=\"index, follow, max-snippet:-1, max-image-preview:large, max-video-preview:-1\" \/>\n<link rel=\"canonical\" href=\"https:\/\/lescollectionsprivees.com\/it\/fragranza\/wraith-spectre-eau-de-parfum\/\" \/>\n<meta property=\"og:locale\" content=\"it_IT\" \/>\n<meta property=\"og:type\" content=\"article\" \/>\n<meta property=\"og:title\" content=\"Wraith Spectre | Parfum masculine en 80ml | Fragrance World\" \/>\n<meta property=\"og:description\" content=\"Partons \u00e0 la d\u00e9couverte du parfum Wraith Spectre en 80ml. Un parfum masculin qui renforcera votre force de caract\u00e8re et le sublimera d\u00e9licieusement.\" \/>\n<meta property=\"og:url\" content=\"https:\/\/lescollectionsprivees.com\/it\/fragranza\/wraith-spectre-eau-de-parfum\/\" \/>\n<meta property=\"og:site_name\" content=\"Les Collections Priv\u00e9es\" \/>\n<meta property=\"article:modified_time\" content=\"2026-05-14T18:00:28+00:00\" \/>\n<meta property=\"og:image\" content=\"https:\/\/lescollectionsprivees.com\/wp-content\/uploads\/2024\/10\/parfum-wraith-fragrance-world.jpg\" \/>\n\t<meta property=\"og:image:width\" content=\"600\" \/>\n\t<meta property=\"og:image:height\" content=\"600\" \/>\n\t<meta property=\"og:image:type\" content=\"image\/jpeg\" \/>\n<meta name=\"twitter:card\" content=\"summary_large_image\" \/>\n<meta name=\"twitter:label1\" content=\"Tempo di lettura stimato\" \/>\n\t<meta name=\"twitter:data1\" content=\"2 minuti\" \/>\n<script type=\"application\/ld+json\" class=\"yoast-schema-graph\">{\"@context\":\"https:\\\/\\\/schema.org\",\"@graph\":[{\"@type\":\"WebPage\",\"@id\":\"https:\\\/\\\/lescollectionsprivees.com\\\/parfum\\\/eau-de-parfum-wraith-spectre\\\/\",\"url\":\"https:\\\/\\\/lescollectionsprivees.com\\\/parfum\\\/eau-de-parfum-wraith-spectre\\\/\",\"name\":\"Wraith Spectre | Parfum masculine en 80ml | Fragrance World\",\"isPartOf\":{\"@id\":\"https:\\\/\\\/lescollectionsprivees.com\\\/#website\"},\"primaryImageOfPage\":{\"@id\":\"https:\\\/\\\/lescollectionsprivees.com\\\/parfum\\\/eau-de-parfum-wraith-spectre\\\/#primaryimage\"},\"image\":{\"@id\":\"https:\\\/\\\/lescollectionsprivees.com\\\/parfum\\\/eau-de-parfum-wraith-spectre\\\/#primaryimage\"},\"thumbnailUrl\":\"https:\\\/\\\/lescollectionsprivees.com\\\/wp-content\\\/uploads\\\/2024\\\/10\\\/parfum-wraith-fragrance-world.jpg\",\"datePublished\":\"2024-10-15T17:43:12+00:00\",\"dateModified\":\"2026-05-14T18:00:28+00:00\",\"description\":\"Partons \u00e0 la d\u00e9couverte du parfum Wraith Spectre en 80ml. Un parfum masculin qui renforcera votre force de caract\u00e8re et le sublimera d\u00e9licieusement.\",\"breadcrumb\":{\"@id\":\"https:\\\/\\\/lescollectionsprivees.com\\\/parfum\\\/eau-de-parfum-wraith-spectre\\\/#breadcrumb\"},\"inLanguage\":\"it-IT\",\"potentialAction\":[{\"@type\":\"ReadAction\",\"target\":[\"https:\\\/\\\/lescollectionsprivees.com\\\/parfum\\\/eau-de-parfum-wraith-spectre\\\/\"]}]},{\"@type\":\"ImageObject\",\"inLanguage\":\"it-IT\",\"@id\":\"https:\\\/\\\/lescollectionsprivees.com\\\/parfum\\\/eau-de-parfum-wraith-spectre\\\/#primaryimage\",\"url\":\"https:\\\/\\\/lescollectionsprivees.com\\\/wp-content\\\/uploads\\\/2024\\\/10\\\/parfum-wraith-fragrance-world.jpg\",\"contentUrl\":\"https:\\\/\\\/lescollectionsprivees.com\\\/wp-content\\\/uploads\\\/2024\\\/10\\\/parfum-wraith-fragrance-world.jpg\",\"width\":600,\"height\":600,\"caption\":\"Eau de parfum Wraith Spectre 80ml - Fragrance World\"},{\"@type\":\"BreadcrumbList\",\"@id\":\"https:\\\/\\\/lescollectionsprivees.com\\\/parfum\\\/eau-de-parfum-wraith-spectre\\\/#breadcrumb\",\"itemListElement\":[{\"@type\":\"ListItem\",\"position\":1,\"name\":\"Accueil\",\"item\":\"https:\\\/\\\/lescollectionsprivees.com\\\/\"},{\"@type\":\"ListItem\",\"position\":2,\"name\":\"Boutique\",\"item\":\"https:\\\/\\\/lescollectionsprivees.com\\\/boutique\\\/\"},{\"@type\":\"ListItem\",\"position\":3,\"name\":\"Eau de parfum Wraith Spectre 80ml &#8211; Fragrance World\"}]},{\"@type\":\"WebSite\",\"@id\":\"https:\\\/\\\/lescollectionsprivees.com\\\/#website\",\"url\":\"https:\\\/\\\/lescollectionsprivees.com\\\/\",\"name\":\"Les Collections Priv\u00e9es\",\"description\":\"\",\"publisher\":{\"@id\":\"https:\\\/\\\/lescollectionsprivees.com\\\/#organization\"},\"potentialAction\":[{\"@type\":\"SearchAction\",\"target\":{\"@type\":\"EntryPoint\",\"urlTemplate\":\"https:\\\/\\\/lescollectionsprivees.com\\\/?s={search_term_string}\"},\"query-input\":{\"@type\":\"PropertyValueSpecification\",\"valueRequired\":true,\"valueName\":\"search_term_string\"}}],\"inLanguage\":\"it-IT\"},{\"@type\":\"Organization\",\"@id\":\"https:\\\/\\\/lescollectionsprivees.com\\\/#organization\",\"name\":\"Les Collections Priv\u00e9es\",\"url\":\"https:\\\/\\\/lescollectionsprivees.com\\\/\",\"logo\":{\"@type\":\"ImageObject\",\"inLanguage\":\"it-IT\",\"@id\":\"https:\\\/\\\/lescollectionsprivees.com\\\/#\\\/schema\\\/logo\\\/image\\\/\",\"url\":\"https:\\\/\\\/lescollectionsprivees.com\\\/wp-content\\\/uploads\\\/2020\\\/02\\\/Logo-Les-Collections-Priv\u00e9es-450x450-1.png\",\"contentUrl\":\"https:\\\/\\\/lescollectionsprivees.com\\\/wp-content\\\/uploads\\\/2020\\\/02\\\/Logo-Les-Collections-Priv\u00e9es-450x450-1.png\",\"width\":450,\"height\":450,\"caption\":\"Les Collections Priv\u00e9es\"},\"image\":{\"@id\":\"https:\\\/\\\/lescollectionsprivees.com\\\/#\\\/schema\\\/logo\\\/image\\\/\"}}]}<\/script>\n<!-- \/ Yoast SEO plugin. -->","yoast_head_json":{"title":"Wraith Spectre | Profumo da Uomo 80ml | Fragrance World","description":"Scoprite Wraith Spectre 80ml. Una fragranza maschile che esalter\u00e0 la vostra forza di carattere e la sublimer\u00e0 deliziosamente.","robots":{"index":"index","follow":"follow","max-snippet":"max-snippet:-1","max-image-preview":"max-image-preview:large","max-video-preview":"max-video-preview:-1"},"canonical":"https:\/\/lescollectionsprivees.com\/it\/fragranza\/wraith-spectre-eau-de-parfum\/","og_locale":"it_IT","og_type":"article","og_title":"Wraith Spectre | Parfum masculine en 80ml | Fragrance World","og_description":"Partons \u00e0 la d\u00e9couverte du parfum Wraith Spectre en 80ml. Un parfum masculin qui renforcera votre force de caract\u00e8re et le sublimera d\u00e9licieusement.","og_url":"https:\/\/lescollectionsprivees.com\/it\/fragranza\/wraith-spectre-eau-de-parfum\/","og_site_name":"Les Collections Priv\u00e9es","article_modified_time":"2026-05-14T18:00:28+00:00","og_image":[{"width":600,"height":600,"url":"https:\/\/lescollectionsprivees.com\/wp-content\/uploads\/2024\/10\/parfum-wraith-fragrance-world.jpg","type":"image\/jpeg"}],"twitter_card":"summary_large_image","twitter_misc":{"Tempo di lettura stimato":"2 minuti"},"schema":{"@context":"https:\/\/schema.org","@graph":[{"@type":"WebPage","@id":"https:\/\/lescollectionsprivees.com\/parfum\/eau-de-parfum-wraith-spectre\/","url":"https:\/\/lescollectionsprivees.com\/parfum\/eau-de-parfum-wraith-spectre\/","name":"Wraith Spectre | Profumo da Uomo 80ml | Fragrance World","isPartOf":{"@id":"https:\/\/lescollectionsprivees.com\/#website"},"primaryImageOfPage":{"@id":"https:\/\/lescollectionsprivees.com\/parfum\/eau-de-parfum-wraith-spectre\/#primaryimage"},"image":{"@id":"https:\/\/lescollectionsprivees.com\/parfum\/eau-de-parfum-wraith-spectre\/#primaryimage"},"thumbnailUrl":"https:\/\/lescollectionsprivees.com\/wp-content\/uploads\/2024\/10\/parfum-wraith-fragrance-world.jpg","datePublished":"2024-10-15T17:43:12+00:00","dateModified":"2026-05-14T18:00:28+00:00","description":"Scoprite Wraith Spectre 80ml. Una fragranza maschile che esalter\u00e0 la vostra forza di carattere e la sublimer\u00e0 deliziosamente.","breadcrumb":{"@id":"https:\/\/lescollectionsprivees.com\/parfum\/eau-de-parfum-wraith-spectre\/#breadcrumb"},"inLanguage":"it-IT","potentialAction":[{"@type":"ReadAction","target":["https:\/\/lescollectionsprivees.com\/parfum\/eau-de-parfum-wraith-spectre\/"]}]},{"@type":"ImageObject","inLanguage":"it-IT","@id":"https:\/\/lescollectionsprivees.com\/parfum\/eau-de-parfum-wraith-spectre\/#primaryimage","url":"https:\/\/lescollectionsprivees.com\/wp-content\/uploads\/2024\/10\/parfum-wraith-fragrance-world.jpg","contentUrl":"https:\/\/lescollectionsprivees.com\/wp-content\/uploads\/2024\/10\/parfum-wraith-fragrance-world.jpg","width":600,"height":600,"caption":"Eau de parfum Wraith Spectre 80ml - Fragrance World"},{"@type":"BreadcrumbList","@id":"https:\/\/lescollectionsprivees.com\/parfum\/eau-de-parfum-wraith-spectre\/#breadcrumb","itemListElement":[{"@type":"ListItem","position":1,"name":"Accueil","item":"https:\/\/lescollectionsprivees.com\/"},{"@type":"ListItem","position":2,"name":"Boutique","item":"https:\/\/lescollectionsprivees.com\/boutique\/"},{"@type":"ListItem","position":3,"name":"Eau de parfum Wraith Spectre 80ml &#8211; Fragrance World"}]},{"@type":"WebSite","@id":"https:\/\/lescollectionsprivees.com\/#website","url":"https:\/\/lescollectionsprivees.com\/","name":"Collezioni private","description":"","publisher":{"@id":"https:\/\/lescollectionsprivees.com\/#organization"},"potentialAction":[{"@type":"SearchAction","target":{"@type":"EntryPoint","urlTemplate":"https:\/\/lescollectionsprivees.com\/?s={search_term_string}"},"query-input":{"@type":"PropertyValueSpecification","valueRequired":true,"valueName":"search_term_string"}}],"inLanguage":"it-IT"},{"@type":"Organization","@id":"https:\/\/lescollectionsprivees.com\/#organization","name":"Collezioni private","url":"https:\/\/lescollectionsprivees.com\/","logo":{"@type":"ImageObject","inLanguage":"it-IT","@id":"https:\/\/lescollectionsprivees.com\/#\/schema\/logo\/image\/","url":"https:\/\/lescollectionsprivees.com\/wp-content\/uploads\/2020\/02\/Logo-Les-Collections-Priv\u00e9es-450x450-1.png","contentUrl":"https:\/\/lescollectionsprivees.com\/wp-content\/uploads\/2020\/02\/Logo-Les-Collections-Priv\u00e9es-450x450-1.png","width":450,"height":450,"caption":"Les Collections Priv\u00e9es"},"image":{"@id":"https:\/\/lescollectionsprivees.com\/#\/schema\/logo\/image\/"}}]}},"_links":{"self":[{"href":"https:\/\/lescollectionsprivees.com\/it\/wp-json\/wp\/v2\/product\/31474","targetHints":{"allow":["GET"]}}],"collection":[{"href":"https:\/\/lescollectionsprivees.com\/it\/wp-json\/wp\/v2\/product"}],"about":[{"href":"https:\/\/lescollectionsprivees.com\/it\/wp-json\/wp\/v2\/types\/product"}],"wp:featuredmedia":[{"embeddable":true,"href":"https:\/\/lescollectionsprivees.com\/it\/wp-json\/wp\/v2\/media\/31475"}],"wp:attachment":[{"href":"https:\/\/lescollectionsprivees.com\/it\/wp-json\/wp\/v2\/media?parent=31474"}],"wp:term":[{"taxonomy":"product_brand","embeddable":true,"href":"https:\/\/lescollectionsprivees.com\/it\/wp-json\/wp\/v2\/product_brand?post=31474"},{"taxonomy":"product_cat","embeddable":true,"href":"https:\/\/lescollectionsprivees.com\/it\/wp-json\/wp\/v2\/product_cat?post=31474"},{"taxonomy":"product_tag","embeddable":true,"href":"https:\/\/lescollectionsprivees.com\/it\/wp-json\/wp\/v2\/product_tag?post=31474"}],"curies":[{"name":"wp","href":"https:\/\/api.w.org\/{rel}","templated":true}]}}