{"id":32065,"date":"2024-11-30T14:33:22","date_gmt":"2024-11-30T14:33:22","guid":{"rendered":"https:\/\/lescollectionsprivees.com\/?post_type=product&#038;p=32065"},"modified":"2025-12-03T10:32:22","modified_gmt":"2025-12-03T10:32:22","slug":"maison-alhambra-scuro-aoud","status":"publish","type":"product","link":"https:\/\/lescollectionsprivees.com\/it\/parfum\/dark-aoud-maison-alhambra\/","title":{"rendered":"Dark Aoud Eau de Parfum 80ml - Maison Alhambra"},"content":{"rendered":"<p>Lasciatevi incantare da <strong>Casa Alhambra Dark Aoud<\/strong>a <strong>fragranza orientale<\/strong> disponibile esclusivamente presso Les Collections Priv\u00e9es. \u00c8 per voi se, e solo se, vi piacciono le fragranze insolite.<\/p>\n<h2><strong>Dark Aoud Maison Alhambra: un'aggiunta di legni pregiati<\/strong><\/h2>\n<p>Sin dal primo momento, noterete immediatamente la<strong>oud<\/strong>che non \u00e8 altro che la nota emblematica della <strong>fragranze orientali<\/strong>. La sua intensit\u00e0 e profondit\u00e0 lo rendono cos\u00ec diverso. Alcuni potrebbero trovarlo potente all'inizio. Ma aspettate di scoprire il resto di questa partitura olfattiva...<\/p>\n<p>Dopo qualche minuto, la fragranza si ammorbidisce grazie al <a href=\"https:\/\/lescollectionsprivees.com\/it\/fragranza\/eau-de-parfum-al-sandalo-firmato-da-sillage-dorient\/\"><strong>legno<\/strong><strong> sandalo<\/strong><\/a>. \u00c8 qui che la situazione si fa davvero interessante. Si conserva la forza dell'inizio, ma avvolta in un velo pi\u00f9 morbido e confortevole. Pi\u00f9 tardi, nel corso della giornata, scoprirete altre sfaccettature. Visita <strong>agarwood dalla Cambogia<\/strong> aggiunge un leggero tocco fumoso, mentre il<strong>legno d'ambra<\/strong> aggiunge un calore piacevole e duraturo. Cos\u00ec non sar\u00e0 necessario fumare di nuovo ogni due ore.<\/p>\n<h3><strong>Dark Aoud Maison Alhambra: una fragranza tutt'altro che discreta<\/strong><\/h3>\n<p>Chiaramente non \u00e8 una fragranza universale. Preferite la discrezione? Allora non disturbate. D'altra parte, se vi piace distinguervi pur rimanendo eleganti, potrebbe diventare il vostro profumo preferito. Ricordate di applicarlo dove la pelle \u00e8 pi\u00f9 calda, cio\u00e8 nei punti di pulsazione. La fragranza si svilupper\u00e0 meglio e rimarr\u00e0 con voi tutto il giorno.<\/p>\n<p>La Maison Alhambra ha creato un capolavoro olfattivo unico. Una fragranza originale, ma non insolita. Per chi ama <strong>fragranze legnose<\/strong> con carattere, sapete cosa dovete fare! Chi meglio di un <strong>casa di profumi orientali<\/strong> per creare una fragranza di carattere.<\/p>\n<h3><strong>Un simbolo della profumeria orientale<\/strong><\/h3>\n<p>La composizione di Dark Aoud Maison Alhambra include gli emblemi della profumeria di Dubai. Infatti, l'Oud e i legni presenti in questa partitura si ritrovano nella maggior parte dei profumi di Dubai. <strong>fragranze da Dubai<\/strong>. Di conseguenza, sono i preferiti dai fan di <strong>Profumi arabi<\/strong>.<\/p>","protected":false},"excerpt":{"rendered":"<p><strong>Note olfattive :<\/strong><\/p>\n<p><strong>Note di testa<\/strong> Oud<br \/>\n<strong>Note di cuore<\/strong> Sandalo<br \/>\n<strong>Note di fondo<\/strong> Oud, Agarwood cambogiano e Amberwood.<\/p>\n<p><strong>Tipo<\/strong> Misto.<\/p>","protected":false},"featured_media":32066,"template":"","meta":[],"product_brand":[],"product_cat":[262,201,202,238,15],"product_tag":[],"class_list":{"0":"post-32065","1":"product","2":"type-product","3":"status-publish","4":"has-post-thumbnail","6":"product_cat-maison-alhambra","7":"product_cat-parfum-femme","8":"product_cat-parfum-homme","9":"product_cat-parfum-oud","10":"product_cat-parfums-de-dubai","12":"first","13":"instock","14":"taxable","15":"shipping-taxable","16":"purchasable","17":"product-type-simple"},"yoast_head":"<!-- This site is optimized with the Yoast SEO plugin v27.5 - https:\/\/yoast.com\/product\/yoast-seo-wordpress\/ -->\n<title>Dark Aoud | Fragrance pour homme et femme | Maison Alhambra<\/title>\n<meta name=\"description\" content=\"Laissez-vous envo\u00fbter par Dark Aoud Maison Alhambra, un parfum oriental disponible en exclusivit\u00e9 chez Les Collections Priv\u00e9es.\" \/>\n<meta name=\"robots\" content=\"index, follow, max-snippet:-1, max-image-preview:large, max-video-preview:-1\" \/>\n<link rel=\"canonical\" href=\"https:\/\/lescollectionsprivees.com\/it\/fragranza\/maison-alhambra-scuro-aoud\/\" \/>\n<meta property=\"og:locale\" content=\"it_IT\" \/>\n<meta property=\"og:type\" content=\"article\" \/>\n<meta property=\"og:title\" content=\"Dark Aoud | Fragrance pour homme et femme | Maison Alhambra\" \/>\n<meta property=\"og:description\" content=\"Laissez-vous envo\u00fbter par Dark Aoud Maison Alhambra, un parfum oriental disponible en exclusivit\u00e9 chez Les Collections Priv\u00e9es.\" \/>\n<meta property=\"og:url\" content=\"https:\/\/lescollectionsprivees.com\/it\/fragranza\/maison-alhambra-scuro-aoud\/\" \/>\n<meta property=\"og:site_name\" content=\"Les Collections Priv\u00e9es\" \/>\n<meta property=\"article:modified_time\" content=\"2025-12-03T10:32:22+00:00\" \/>\n<meta property=\"og:image\" content=\"https:\/\/lescollectionsprivees.com\/wp-content\/uploads\/2024\/11\/dark-aoud-maison-alhambra.jpg\" \/>\n\t<meta property=\"og:image:width\" content=\"600\" \/>\n\t<meta property=\"og:image:height\" content=\"600\" \/>\n\t<meta property=\"og:image:type\" content=\"image\/jpeg\" \/>\n<meta name=\"twitter:card\" content=\"summary_large_image\" \/>\n<meta name=\"twitter:label1\" content=\"Tempo di lettura stimato\" \/>\n\t<meta name=\"twitter:data1\" content=\"2 minuti\" \/>\n<script type=\"application\/ld+json\" class=\"yoast-schema-graph\">{\"@context\":\"https:\\\/\\\/schema.org\",\"@graph\":[{\"@type\":\"WebPage\",\"@id\":\"https:\\\/\\\/lescollectionsprivees.com\\\/parfum\\\/dark-aoud-maison-alhambra\\\/\",\"url\":\"https:\\\/\\\/lescollectionsprivees.com\\\/parfum\\\/dark-aoud-maison-alhambra\\\/\",\"name\":\"Dark Aoud | Fragrance pour homme et femme | Maison Alhambra\",\"isPartOf\":{\"@id\":\"https:\\\/\\\/lescollectionsprivees.com\\\/#website\"},\"primaryImageOfPage\":{\"@id\":\"https:\\\/\\\/lescollectionsprivees.com\\\/parfum\\\/dark-aoud-maison-alhambra\\\/#primaryimage\"},\"image\":{\"@id\":\"https:\\\/\\\/lescollectionsprivees.com\\\/parfum\\\/dark-aoud-maison-alhambra\\\/#primaryimage\"},\"thumbnailUrl\":\"https:\\\/\\\/lescollectionsprivees.com\\\/wp-content\\\/uploads\\\/2024\\\/11\\\/dark-aoud-maison-alhambra.jpg\",\"datePublished\":\"2024-11-30T14:33:22+00:00\",\"dateModified\":\"2025-12-03T10:32:22+00:00\",\"description\":\"Laissez-vous envo\u00fbter par Dark Aoud Maison Alhambra, un parfum oriental disponible en exclusivit\u00e9 chez Les Collections Priv\u00e9es.\",\"breadcrumb\":{\"@id\":\"https:\\\/\\\/lescollectionsprivees.com\\\/parfum\\\/dark-aoud-maison-alhambra\\\/#breadcrumb\"},\"inLanguage\":\"it-IT\",\"potentialAction\":[{\"@type\":\"ReadAction\",\"target\":[\"https:\\\/\\\/lescollectionsprivees.com\\\/parfum\\\/dark-aoud-maison-alhambra\\\/\"]}]},{\"@type\":\"ImageObject\",\"inLanguage\":\"it-IT\",\"@id\":\"https:\\\/\\\/lescollectionsprivees.com\\\/parfum\\\/dark-aoud-maison-alhambra\\\/#primaryimage\",\"url\":\"https:\\\/\\\/lescollectionsprivees.com\\\/wp-content\\\/uploads\\\/2024\\\/11\\\/dark-aoud-maison-alhambra.jpg\",\"contentUrl\":\"https:\\\/\\\/lescollectionsprivees.com\\\/wp-content\\\/uploads\\\/2024\\\/11\\\/dark-aoud-maison-alhambra.jpg\",\"width\":600,\"height\":600,\"caption\":\"Eau de parfum Dark Aoud 80ml - Maison Alhambra\"},{\"@type\":\"BreadcrumbList\",\"@id\":\"https:\\\/\\\/lescollectionsprivees.com\\\/parfum\\\/dark-aoud-maison-alhambra\\\/#breadcrumb\",\"itemListElement\":[{\"@type\":\"ListItem\",\"position\":1,\"name\":\"Accueil\",\"item\":\"https:\\\/\\\/lescollectionsprivees.com\\\/\"},{\"@type\":\"ListItem\",\"position\":2,\"name\":\"Boutique\",\"item\":\"https:\\\/\\\/lescollectionsprivees.com\\\/boutique\\\/\"},{\"@type\":\"ListItem\",\"position\":3,\"name\":\"Eau de parfum Dark Aoud 80ml &#8211; Maison Alhambra\"}]},{\"@type\":\"WebSite\",\"@id\":\"https:\\\/\\\/lescollectionsprivees.com\\\/#website\",\"url\":\"https:\\\/\\\/lescollectionsprivees.com\\\/\",\"name\":\"Les Collections Priv\u00e9es\",\"description\":\"\",\"publisher\":{\"@id\":\"https:\\\/\\\/lescollectionsprivees.com\\\/#organization\"},\"potentialAction\":[{\"@type\":\"SearchAction\",\"target\":{\"@type\":\"EntryPoint\",\"urlTemplate\":\"https:\\\/\\\/lescollectionsprivees.com\\\/?s={search_term_string}\"},\"query-input\":{\"@type\":\"PropertyValueSpecification\",\"valueRequired\":true,\"valueName\":\"search_term_string\"}}],\"inLanguage\":\"it-IT\"},{\"@type\":\"Organization\",\"@id\":\"https:\\\/\\\/lescollectionsprivees.com\\\/#organization\",\"name\":\"Les Collections Priv\u00e9es\",\"url\":\"https:\\\/\\\/lescollectionsprivees.com\\\/\",\"logo\":{\"@type\":\"ImageObject\",\"inLanguage\":\"it-IT\",\"@id\":\"https:\\\/\\\/lescollectionsprivees.com\\\/#\\\/schema\\\/logo\\\/image\\\/\",\"url\":\"https:\\\/\\\/lescollectionsprivees.com\\\/wp-content\\\/uploads\\\/2020\\\/02\\\/Logo-Les-Collections-Priv\u00e9es-450x450-1.png\",\"contentUrl\":\"https:\\\/\\\/lescollectionsprivees.com\\\/wp-content\\\/uploads\\\/2020\\\/02\\\/Logo-Les-Collections-Priv\u00e9es-450x450-1.png\",\"width\":450,\"height\":450,\"caption\":\"Les Collections Priv\u00e9es\"},\"image\":{\"@id\":\"https:\\\/\\\/lescollectionsprivees.com\\\/#\\\/schema\\\/logo\\\/image\\\/\"}}]}<\/script>\n<!-- \/ Yoast SEO plugin. -->","yoast_head_json":{"title":"Dark Aoud | Profumo per uomo e donna | Maison Alhambra","description":"Lasciatevi incantare da Dark Aoud Maison Alhambra, una fragranza orientale disponibile in esclusiva da Les Collections Priv\u00e9es.","robots":{"index":"index","follow":"follow","max-snippet":"max-snippet:-1","max-image-preview":"max-image-preview:large","max-video-preview":"max-video-preview:-1"},"canonical":"https:\/\/lescollectionsprivees.com\/it\/fragranza\/maison-alhambra-scuro-aoud\/","og_locale":"it_IT","og_type":"article","og_title":"Dark Aoud | Fragrance pour homme et femme | Maison Alhambra","og_description":"Laissez-vous envo\u00fbter par Dark Aoud Maison Alhambra, un parfum oriental disponible en exclusivit\u00e9 chez Les Collections Priv\u00e9es.","og_url":"https:\/\/lescollectionsprivees.com\/it\/fragranza\/maison-alhambra-scuro-aoud\/","og_site_name":"Les Collections Priv\u00e9es","article_modified_time":"2025-12-03T10:32:22+00:00","og_image":[{"width":600,"height":600,"url":"https:\/\/lescollectionsprivees.com\/wp-content\/uploads\/2024\/11\/dark-aoud-maison-alhambra.jpg","type":"image\/jpeg"}],"twitter_card":"summary_large_image","twitter_misc":{"Tempo di lettura stimato":"2 minuti"},"schema":{"@context":"https:\/\/schema.org","@graph":[{"@type":"WebPage","@id":"https:\/\/lescollectionsprivees.com\/parfum\/dark-aoud-maison-alhambra\/","url":"https:\/\/lescollectionsprivees.com\/parfum\/dark-aoud-maison-alhambra\/","name":"Dark Aoud | Profumo per uomo e donna | Maison Alhambra","isPartOf":{"@id":"https:\/\/lescollectionsprivees.com\/#website"},"primaryImageOfPage":{"@id":"https:\/\/lescollectionsprivees.com\/parfum\/dark-aoud-maison-alhambra\/#primaryimage"},"image":{"@id":"https:\/\/lescollectionsprivees.com\/parfum\/dark-aoud-maison-alhambra\/#primaryimage"},"thumbnailUrl":"https:\/\/lescollectionsprivees.com\/wp-content\/uploads\/2024\/11\/dark-aoud-maison-alhambra.jpg","datePublished":"2024-11-30T14:33:22+00:00","dateModified":"2025-12-03T10:32:22+00:00","description":"Lasciatevi incantare da Dark Aoud Maison Alhambra, una fragranza orientale disponibile in esclusiva da Les Collections Priv\u00e9es.","breadcrumb":{"@id":"https:\/\/lescollectionsprivees.com\/parfum\/dark-aoud-maison-alhambra\/#breadcrumb"},"inLanguage":"it-IT","potentialAction":[{"@type":"ReadAction","target":["https:\/\/lescollectionsprivees.com\/parfum\/dark-aoud-maison-alhambra\/"]}]},{"@type":"ImageObject","inLanguage":"it-IT","@id":"https:\/\/lescollectionsprivees.com\/parfum\/dark-aoud-maison-alhambra\/#primaryimage","url":"https:\/\/lescollectionsprivees.com\/wp-content\/uploads\/2024\/11\/dark-aoud-maison-alhambra.jpg","contentUrl":"https:\/\/lescollectionsprivees.com\/wp-content\/uploads\/2024\/11\/dark-aoud-maison-alhambra.jpg","width":600,"height":600,"caption":"Eau de parfum Dark Aoud 80ml - Maison Alhambra"},{"@type":"BreadcrumbList","@id":"https:\/\/lescollectionsprivees.com\/parfum\/dark-aoud-maison-alhambra\/#breadcrumb","itemListElement":[{"@type":"ListItem","position":1,"name":"Accueil","item":"https:\/\/lescollectionsprivees.com\/"},{"@type":"ListItem","position":2,"name":"Boutique","item":"https:\/\/lescollectionsprivees.com\/boutique\/"},{"@type":"ListItem","position":3,"name":"Eau de parfum Dark Aoud 80ml &#8211; Maison Alhambra"}]},{"@type":"WebSite","@id":"https:\/\/lescollectionsprivees.com\/#website","url":"https:\/\/lescollectionsprivees.com\/","name":"Collezioni private","description":"","publisher":{"@id":"https:\/\/lescollectionsprivees.com\/#organization"},"potentialAction":[{"@type":"SearchAction","target":{"@type":"EntryPoint","urlTemplate":"https:\/\/lescollectionsprivees.com\/?s={search_term_string}"},"query-input":{"@type":"PropertyValueSpecification","valueRequired":true,"valueName":"search_term_string"}}],"inLanguage":"it-IT"},{"@type":"Organization","@id":"https:\/\/lescollectionsprivees.com\/#organization","name":"Collezioni private","url":"https:\/\/lescollectionsprivees.com\/","logo":{"@type":"ImageObject","inLanguage":"it-IT","@id":"https:\/\/lescollectionsprivees.com\/#\/schema\/logo\/image\/","url":"https:\/\/lescollectionsprivees.com\/wp-content\/uploads\/2020\/02\/Logo-Les-Collections-Priv\u00e9es-450x450-1.png","contentUrl":"https:\/\/lescollectionsprivees.com\/wp-content\/uploads\/2020\/02\/Logo-Les-Collections-Priv\u00e9es-450x450-1.png","width":450,"height":450,"caption":"Les Collections Priv\u00e9es"},"image":{"@id":"https:\/\/lescollectionsprivees.com\/#\/schema\/logo\/image\/"}}]}},"_links":{"self":[{"href":"https:\/\/lescollectionsprivees.com\/it\/wp-json\/wp\/v2\/product\/32065","targetHints":{"allow":["GET"]}}],"collection":[{"href":"https:\/\/lescollectionsprivees.com\/it\/wp-json\/wp\/v2\/product"}],"about":[{"href":"https:\/\/lescollectionsprivees.com\/it\/wp-json\/wp\/v2\/types\/product"}],"wp:featuredmedia":[{"embeddable":true,"href":"https:\/\/lescollectionsprivees.com\/it\/wp-json\/wp\/v2\/media\/32066"}],"wp:attachment":[{"href":"https:\/\/lescollectionsprivees.com\/it\/wp-json\/wp\/v2\/media?parent=32065"}],"wp:term":[{"taxonomy":"product_brand","embeddable":true,"href":"https:\/\/lescollectionsprivees.com\/it\/wp-json\/wp\/v2\/product_brand?post=32065"},{"taxonomy":"product_cat","embeddable":true,"href":"https:\/\/lescollectionsprivees.com\/it\/wp-json\/wp\/v2\/product_cat?post=32065"},{"taxonomy":"product_tag","embeddable":true,"href":"https:\/\/lescollectionsprivees.com\/it\/wp-json\/wp\/v2\/product_tag?post=32065"}],"curies":[{"name":"wp","href":"https:\/\/api.w.org\/{rel}","templated":true}]}}