{"id":34937,"date":"2025-08-01T09:32:52","date_gmt":"2025-08-01T09:32:52","guid":{"rendered":"https:\/\/lescollectionsprivees.com\/?post_type=product&#038;p=34937"},"modified":"2025-08-01T10:50:35","modified_gmt":"2025-08-01T10:50:35","slug":"eau-de-parfum-enamor-rouge","status":"publish","type":"product","link":"https:\/\/lescollectionsprivees.com\/it\/parfum\/eau-de-parfum-enamor-rouge\/","title":{"rendered":"Eau de parfum Enamor Red 100ml - Volar\u00e9"},"content":{"rendered":"<p>Scoprire <strong>Rosso Enamor<\/strong> da <strong>Volar\u00e9<\/strong>Questa eau de parfum vi sedurr\u00e0 fin dal primo momento. Vi trasporta in un mondo di morbidezza e fascino. Per sedurre, le donne hanno bisogno di un arsenale sofisticato. E questa fragranza deve far parte del vostro, grazie al suo potere olfattivo.<\/p>\n<h2>L'affascinante bottiglia di Enamor Rouge<\/h2>\n<p>Questo <strong>profumo per donna<\/strong> ha una serie di punti di forza innegabili, a cominciare dalla sua bottiglia, che si distingue chiaramente dalla massa. Il suo <strong>finiture rosso vivo<\/strong> con accenti dorati le conferisce un aspetto elegante e moderno. Bella da vedere, questa bottiglia trover\u00e0 facilmente il suo posto tra le vostre <strong>fragranze femminili<\/strong> quelli che si desidera visualizzare.<\/p>\n<p>La bottiglia riflette perfettamente ci\u00f2 che troverete all'interno. <strong>fragranza di qualit\u00e0<\/strong> che unisce bellezza e carattere. <a href=\"https:\/\/lescollectionsprivees.com\/it\/fragranza\/be-in-romance-eau-de-parfum\/\">Essere romantici<\/a> \u00e8 sulla stessa linea con il suo <strong>bottiglia rossa<\/strong> pieno di fascino. D'altra parte, \u00e8 un <strong>fragranza mista<\/strong>.<\/p>\n<h2>Enamor Rouge de Volar\u00e9 tira fuori il meglio di s\u00e9<\/h2>\n<p>Attraverso questo <strong>fragranza femminile<\/strong>Volar\u00e9 \u00e8 per le donne che amano sentirsi belle e sicure di s\u00e9. La sua fragranza delicata, ma sempre presente, vi accompagner\u00e0 per tutto il giorno, senza mai essere troppo forte. Trova il giusto equilibrio tra freschezza e calore. Non c'\u00e8 bisogno di preoccuparsi per quale occasione riservarlo. Anzi, potete indossarlo in qualsiasi momento, sa adattarsi e sfruttare il suo potere olfattivo per farvi notare.<\/p>\n<p>Ma ci\u00f2 che rende Enamor Rouge cos\u00ec eccezionale sono i suoi <strong>note orientali<\/strong>. Infatti, il loro calore e la loro lunga tenuta hanno reso la reputazione di <strong>fragranze orientali<\/strong>. Apprezzerete anche il modo in cui questa fragranza si evolve nel tempo. In effetti, vi dar\u00e0 l'impressione di indossare pi\u00f9 fragranze in una!<\/p>\n<h3>Perch\u00e9 provare ora?<\/h3>\n<p>Siete alla disperata ricerca di un profumo fuori dal comune senza essere eccentrico? Allora non aspettate oltre per ordinare Enamor Rouge. Il suo profumo vi distinguer\u00e0 e attirer\u00e0 i complimenti.<\/p>\n<div itemscope=\"\" itemtype=\"https:\/\/schema.org\/FAQPage\">\n<h2><span itemprop=\"name\">Domande frequenti su Enamor Rouge di Volar\u00e9<\/span><\/h2>\n<div itemprop=\"mainEntity\" itemscope=\"\" itemtype=\"https:\/\/schema.org\/Question\">\n<h3 itemprop=\"name\">Quanto dura Enamor Rouge sulla pelle?<\/h3>\n<div itemprop=\"acceptedAnswer\" itemscope=\"\" itemtype=\"https:\/\/schema.org\/Answer\">\n<p itemprop=\"text\">Enamor Rouge de Volar\u00e9 offre una <strong>tenuta a lunga durata<\/strong> grazie alla sua <strong>calde note orientali<\/strong>. Rimane sulla pelle per tutto il giorno senza svanire rapidamente, lasciando una scia elegante e sottile che dura per ore.<\/p>\n<\/div>\n<\/div>\n<div itemprop=\"mainEntity\" itemscope=\"\" itemtype=\"https:\/\/schema.org\/Question\">\n<h3 itemprop=\"name\">Enamor Rouge \u00e8 adatto a tutte le stagioni?<\/h3>\n<div itemprop=\"acceptedAnswer\" itemscope=\"\" itemtype=\"https:\/\/schema.org\/Answer\">\n<p itemprop=\"text\">S\u00ec, Enamor Rouge pu\u00f2 essere trasportato <strong>tutto l'anno<\/strong>. La sua fragranza equilibrata di morbidezza, freschezza e sensualit\u00e0 lo rende una scelta perfetta sia per le giornate estive che per le serate invernali.<\/p>\n<\/div>\n<\/div>\n<div itemprop=\"mainEntity\" itemscope=\"\" itemtype=\"https:\/\/schema.org\/Question\">\n<h3 itemprop=\"name\">A chi si rivolge principalmente Enamor Rouge?<\/h3>\n<div itemprop=\"acceptedAnswer\" itemscope=\"\" itemtype=\"https:\/\/schema.org\/Answer\">\n<p itemprop=\"text\">Questa fragranza \u00e8 per <strong>donne eleganti e sicure di s\u00e9<\/strong> che vogliono affermare la propria personalit\u00e0 senza stravaganze. \u00c8 perfetto per chi desidera una fragranza che sia <strong>originale, femminile e raffinato<\/strong>.<\/p>\n<\/div>\n<\/div>\n<div itemprop=\"mainEntity\" itemscope=\"\" itemtype=\"https:\/\/schema.org\/Question\">\n<h3 itemprop=\"name\">Qual \u00e8 stata l'ispirazione per il flacone di Enamor Rouge?<\/h3>\n<div itemprop=\"acceptedAnswer\" itemscope=\"\" itemtype=\"https:\/\/schema.org\/Answer\">\n<p itemprop=\"text\">Il flacone Enamor Rouge si distingue per la sua <strong>design rosso brillante con accenti dorati<\/strong>Evoca lusso, passione e raffinatezza. \u00c8 tanto bello da esporre quanto piacevole da usare, il che lo rende un vero e proprio oggetto decorativo.<\/p>\n<\/div>\n<\/div>\n<\/div>","protected":false},"excerpt":{"rendered":"<p><strong><u>Dati tecnici :<\/u><\/strong><\/p>\n<p><strong>Nome del profumo<\/strong> : Enamor Rouge<br \/>\n<strong>Marchio<\/strong> : Volar\u00e9<br \/>\n<strong>Tipo<\/strong> : Femmina<br \/>\n<strong>Capacit\u00e0<\/strong> 100 mL<\/p>\n<p><strong><u>Note di fragranza :<\/u><\/strong><\/p>\n<p><strong>Note di testa<\/strong> Rosa, zafferano<br \/>\n<strong>Note di cuore<\/strong> : Cedro<br \/>\n<strong>Note di fondo<\/strong> Muschio.<\/p>","protected":false},"featured_media":34938,"template":"","meta":[],"product_brand":[],"product_cat":[201,236,206,326],"product_tag":[],"class_list":{"0":"post-34937","1":"product","2":"type-product","3":"status-publish","4":"has-post-thumbnail","6":"product_cat-parfum-femme","7":"product_cat-parfum-musque","8":"product_cat-parfum-rose","9":"product_cat-volare","11":"first","12":"instock","13":"taxable","14":"shipping-taxable","15":"purchasable","16":"product-type-simple"},"yoast_head":"<!-- This site is optimized with the Yoast SEO plugin v27.5 - https:\/\/yoast.com\/product\/yoast-seo-wordpress\/ -->\n<title>Enamor Rouge Volar\u00e9 | Parfum oriental floral | Rose &amp; Safran<\/title>\n<meta name=\"description\" content=\"D\u00e9couvrez Enamor Rouge de Volar\u00e9 : une fragrance \u00e9l\u00e9gante et envo\u00fbtante. Ses notes de rose, safran et musc cr\u00e9ent un sillage profond et inoubliable.\" \/>\n<meta name=\"robots\" content=\"index, follow, max-snippet:-1, max-image-preview:large, max-video-preview:-1\" \/>\n<link rel=\"canonical\" href=\"https:\/\/lescollectionsprivees.com\/it\/fragranza\/eau-de-parfum-enamor-rouge\/\" \/>\n<meta property=\"og:locale\" content=\"it_IT\" \/>\n<meta property=\"og:type\" content=\"article\" \/>\n<meta property=\"og:title\" content=\"Enamor Rouge Volar\u00e9 | Parfum oriental floral | Rose &amp; Safran\" \/>\n<meta property=\"og:description\" content=\"D\u00e9couvrez Enamor Rouge de Volar\u00e9 : une fragrance \u00e9l\u00e9gante et envo\u00fbtante. Ses notes de rose, safran et musc cr\u00e9ent un sillage profond et inoubliable.\" \/>\n<meta property=\"og:url\" content=\"https:\/\/lescollectionsprivees.com\/it\/fragranza\/eau-de-parfum-enamor-rouge\/\" \/>\n<meta property=\"og:site_name\" content=\"Les Collections Priv\u00e9es\" \/>\n<meta property=\"article:modified_time\" content=\"2025-08-01T10:50:35+00:00\" \/>\n<meta property=\"og:image\" content=\"https:\/\/lescollectionsprivees.com\/wp-content\/uploads\/2025\/05\/EAU-DE-PARFUM-ENAMOR-ROUGE-100ML-VOLARE.jpg\" \/>\n\t<meta property=\"og:image:width\" content=\"600\" \/>\n\t<meta property=\"og:image:height\" content=\"600\" \/>\n\t<meta property=\"og:image:type\" content=\"image\/jpeg\" \/>\n<meta name=\"twitter:card\" content=\"summary_large_image\" \/>\n<meta name=\"twitter:label1\" content=\"Tempo di lettura stimato\" \/>\n\t<meta name=\"twitter:data1\" content=\"1 minuto\" \/>\n<script type=\"application\/ld+json\" class=\"yoast-schema-graph\">{\"@context\":\"https:\\\/\\\/schema.org\",\"@graph\":[{\"@type\":\"WebPage\",\"@id\":\"https:\\\/\\\/lescollectionsprivees.com\\\/parfum\\\/eau-de-parfum-enamor-rouge\\\/\",\"url\":\"https:\\\/\\\/lescollectionsprivees.com\\\/parfum\\\/eau-de-parfum-enamor-rouge\\\/\",\"name\":\"Enamor Rouge Volar\u00e9 | Parfum oriental floral | Rose & Safran\",\"isPartOf\":{\"@id\":\"https:\\\/\\\/lescollectionsprivees.com\\\/#website\"},\"primaryImageOfPage\":{\"@id\":\"https:\\\/\\\/lescollectionsprivees.com\\\/parfum\\\/eau-de-parfum-enamor-rouge\\\/#primaryimage\"},\"image\":{\"@id\":\"https:\\\/\\\/lescollectionsprivees.com\\\/parfum\\\/eau-de-parfum-enamor-rouge\\\/#primaryimage\"},\"thumbnailUrl\":\"https:\\\/\\\/lescollectionsprivees.com\\\/wp-content\\\/uploads\\\/2025\\\/05\\\/EAU-DE-PARFUM-ENAMOR-ROUGE-100ML-VOLARE.jpg\",\"datePublished\":\"2025-08-01T09:32:52+00:00\",\"dateModified\":\"2025-08-01T10:50:35+00:00\",\"description\":\"D\u00e9couvrez Enamor Rouge de Volar\u00e9 : une fragrance \u00e9l\u00e9gante et envo\u00fbtante. Ses notes de rose, safran et musc cr\u00e9ent un sillage profond et inoubliable.\",\"breadcrumb\":{\"@id\":\"https:\\\/\\\/lescollectionsprivees.com\\\/parfum\\\/eau-de-parfum-enamor-rouge\\\/#breadcrumb\"},\"inLanguage\":\"it-IT\",\"potentialAction\":[{\"@type\":\"ReadAction\",\"target\":[\"https:\\\/\\\/lescollectionsprivees.com\\\/parfum\\\/eau-de-parfum-enamor-rouge\\\/\"]}]},{\"@type\":\"ImageObject\",\"inLanguage\":\"it-IT\",\"@id\":\"https:\\\/\\\/lescollectionsprivees.com\\\/parfum\\\/eau-de-parfum-enamor-rouge\\\/#primaryimage\",\"url\":\"https:\\\/\\\/lescollectionsprivees.com\\\/wp-content\\\/uploads\\\/2025\\\/05\\\/EAU-DE-PARFUM-ENAMOR-ROUGE-100ML-VOLARE.jpg\",\"contentUrl\":\"https:\\\/\\\/lescollectionsprivees.com\\\/wp-content\\\/uploads\\\/2025\\\/05\\\/EAU-DE-PARFUM-ENAMOR-ROUGE-100ML-VOLARE.jpg\",\"width\":600,\"height\":600,\"caption\":\"Eau de parfum Enamor Rouge 100ml \u2013 Volar\u00e9\"},{\"@type\":\"BreadcrumbList\",\"@id\":\"https:\\\/\\\/lescollectionsprivees.com\\\/parfum\\\/eau-de-parfum-enamor-rouge\\\/#breadcrumb\",\"itemListElement\":[{\"@type\":\"ListItem\",\"position\":1,\"name\":\"Accueil\",\"item\":\"https:\\\/\\\/lescollectionsprivees.com\\\/\"},{\"@type\":\"ListItem\",\"position\":2,\"name\":\"Boutique\",\"item\":\"https:\\\/\\\/lescollectionsprivees.com\\\/boutique\\\/\"},{\"@type\":\"ListItem\",\"position\":3,\"name\":\"Eau de parfum Enamor Rouge 100ml \u2013 Volar\u00e9\"}]},{\"@type\":\"WebSite\",\"@id\":\"https:\\\/\\\/lescollectionsprivees.com\\\/#website\",\"url\":\"https:\\\/\\\/lescollectionsprivees.com\\\/\",\"name\":\"Les Collections Priv\u00e9es\",\"description\":\"\",\"publisher\":{\"@id\":\"https:\\\/\\\/lescollectionsprivees.com\\\/#organization\"},\"potentialAction\":[{\"@type\":\"SearchAction\",\"target\":{\"@type\":\"EntryPoint\",\"urlTemplate\":\"https:\\\/\\\/lescollectionsprivees.com\\\/?s={search_term_string}\"},\"query-input\":{\"@type\":\"PropertyValueSpecification\",\"valueRequired\":true,\"valueName\":\"search_term_string\"}}],\"inLanguage\":\"it-IT\"},{\"@type\":\"Organization\",\"@id\":\"https:\\\/\\\/lescollectionsprivees.com\\\/#organization\",\"name\":\"Les Collections Priv\u00e9es\",\"url\":\"https:\\\/\\\/lescollectionsprivees.com\\\/\",\"logo\":{\"@type\":\"ImageObject\",\"inLanguage\":\"it-IT\",\"@id\":\"https:\\\/\\\/lescollectionsprivees.com\\\/#\\\/schema\\\/logo\\\/image\\\/\",\"url\":\"https:\\\/\\\/lescollectionsprivees.com\\\/wp-content\\\/uploads\\\/2020\\\/02\\\/Logo-Les-Collections-Priv\u00e9es-450x450-1.png\",\"contentUrl\":\"https:\\\/\\\/lescollectionsprivees.com\\\/wp-content\\\/uploads\\\/2020\\\/02\\\/Logo-Les-Collections-Priv\u00e9es-450x450-1.png\",\"width\":450,\"height\":450,\"caption\":\"Les Collections Priv\u00e9es\"},\"image\":{\"@id\":\"https:\\\/\\\/lescollectionsprivees.com\\\/#\\\/schema\\\/logo\\\/image\\\/\"}}]}<\/script>\n<!-- \/ Yoast SEO plugin. -->","yoast_head_json":{"title":"Enamor Rouge Volar\u00e9 | Profumo orientale floreale | Rosa e zafferano","description":"Scoprite Enamor Rouge di Volar\u00e9: una fragranza elegante e ammaliante. Le sue note di rosa, zafferano e muschio creano una scia profonda e indimenticabile.","robots":{"index":"index","follow":"follow","max-snippet":"max-snippet:-1","max-image-preview":"max-image-preview:large","max-video-preview":"max-video-preview:-1"},"canonical":"https:\/\/lescollectionsprivees.com\/it\/fragranza\/eau-de-parfum-enamor-rouge\/","og_locale":"it_IT","og_type":"article","og_title":"Enamor Rouge Volar\u00e9 | Parfum oriental floral | Rose & Safran","og_description":"D\u00e9couvrez Enamor Rouge de Volar\u00e9 : une fragrance \u00e9l\u00e9gante et envo\u00fbtante. Ses notes de rose, safran et musc cr\u00e9ent un sillage profond et inoubliable.","og_url":"https:\/\/lescollectionsprivees.com\/it\/fragranza\/eau-de-parfum-enamor-rouge\/","og_site_name":"Les Collections Priv\u00e9es","article_modified_time":"2025-08-01T10:50:35+00:00","og_image":[{"width":600,"height":600,"url":"https:\/\/lescollectionsprivees.com\/wp-content\/uploads\/2025\/05\/EAU-DE-PARFUM-ENAMOR-ROUGE-100ML-VOLARE.jpg","type":"image\/jpeg"}],"twitter_card":"summary_large_image","twitter_misc":{"Tempo di lettura stimato":"1 minuto"},"schema":{"@context":"https:\/\/schema.org","@graph":[{"@type":"WebPage","@id":"https:\/\/lescollectionsprivees.com\/parfum\/eau-de-parfum-enamor-rouge\/","url":"https:\/\/lescollectionsprivees.com\/parfum\/eau-de-parfum-enamor-rouge\/","name":"Enamor Rouge Volar\u00e9 | Profumo orientale floreale | Rosa e zafferano","isPartOf":{"@id":"https:\/\/lescollectionsprivees.com\/#website"},"primaryImageOfPage":{"@id":"https:\/\/lescollectionsprivees.com\/parfum\/eau-de-parfum-enamor-rouge\/#primaryimage"},"image":{"@id":"https:\/\/lescollectionsprivees.com\/parfum\/eau-de-parfum-enamor-rouge\/#primaryimage"},"thumbnailUrl":"https:\/\/lescollectionsprivees.com\/wp-content\/uploads\/2025\/05\/EAU-DE-PARFUM-ENAMOR-ROUGE-100ML-VOLARE.jpg","datePublished":"2025-08-01T09:32:52+00:00","dateModified":"2025-08-01T10:50:35+00:00","description":"Scoprite Enamor Rouge di Volar\u00e9: una fragranza elegante e ammaliante. Le sue note di rosa, zafferano e muschio creano una scia profonda e indimenticabile.","breadcrumb":{"@id":"https:\/\/lescollectionsprivees.com\/parfum\/eau-de-parfum-enamor-rouge\/#breadcrumb"},"inLanguage":"it-IT","potentialAction":[{"@type":"ReadAction","target":["https:\/\/lescollectionsprivees.com\/parfum\/eau-de-parfum-enamor-rouge\/"]}]},{"@type":"ImageObject","inLanguage":"it-IT","@id":"https:\/\/lescollectionsprivees.com\/parfum\/eau-de-parfum-enamor-rouge\/#primaryimage","url":"https:\/\/lescollectionsprivees.com\/wp-content\/uploads\/2025\/05\/EAU-DE-PARFUM-ENAMOR-ROUGE-100ML-VOLARE.jpg","contentUrl":"https:\/\/lescollectionsprivees.com\/wp-content\/uploads\/2025\/05\/EAU-DE-PARFUM-ENAMOR-ROUGE-100ML-VOLARE.jpg","width":600,"height":600,"caption":"Eau de parfum Enamor Rouge 100ml \u2013 Volar\u00e9"},{"@type":"BreadcrumbList","@id":"https:\/\/lescollectionsprivees.com\/parfum\/eau-de-parfum-enamor-rouge\/#breadcrumb","itemListElement":[{"@type":"ListItem","position":1,"name":"Accueil","item":"https:\/\/lescollectionsprivees.com\/"},{"@type":"ListItem","position":2,"name":"Boutique","item":"https:\/\/lescollectionsprivees.com\/boutique\/"},{"@type":"ListItem","position":3,"name":"Eau de parfum Enamor Rouge 100ml \u2013 Volar\u00e9"}]},{"@type":"WebSite","@id":"https:\/\/lescollectionsprivees.com\/#website","url":"https:\/\/lescollectionsprivees.com\/","name":"Collezioni private","description":"","publisher":{"@id":"https:\/\/lescollectionsprivees.com\/#organization"},"potentialAction":[{"@type":"SearchAction","target":{"@type":"EntryPoint","urlTemplate":"https:\/\/lescollectionsprivees.com\/?s={search_term_string}"},"query-input":{"@type":"PropertyValueSpecification","valueRequired":true,"valueName":"search_term_string"}}],"inLanguage":"it-IT"},{"@type":"Organization","@id":"https:\/\/lescollectionsprivees.com\/#organization","name":"Collezioni private","url":"https:\/\/lescollectionsprivees.com\/","logo":{"@type":"ImageObject","inLanguage":"it-IT","@id":"https:\/\/lescollectionsprivees.com\/#\/schema\/logo\/image\/","url":"https:\/\/lescollectionsprivees.com\/wp-content\/uploads\/2020\/02\/Logo-Les-Collections-Priv\u00e9es-450x450-1.png","contentUrl":"https:\/\/lescollectionsprivees.com\/wp-content\/uploads\/2020\/02\/Logo-Les-Collections-Priv\u00e9es-450x450-1.png","width":450,"height":450,"caption":"Les Collections Priv\u00e9es"},"image":{"@id":"https:\/\/lescollectionsprivees.com\/#\/schema\/logo\/image\/"}}]}},"_links":{"self":[{"href":"https:\/\/lescollectionsprivees.com\/it\/wp-json\/wp\/v2\/product\/34937","targetHints":{"allow":["GET"]}}],"collection":[{"href":"https:\/\/lescollectionsprivees.com\/it\/wp-json\/wp\/v2\/product"}],"about":[{"href":"https:\/\/lescollectionsprivees.com\/it\/wp-json\/wp\/v2\/types\/product"}],"wp:featuredmedia":[{"embeddable":true,"href":"https:\/\/lescollectionsprivees.com\/it\/wp-json\/wp\/v2\/media\/34938"}],"wp:attachment":[{"href":"https:\/\/lescollectionsprivees.com\/it\/wp-json\/wp\/v2\/media?parent=34937"}],"wp:term":[{"taxonomy":"product_brand","embeddable":true,"href":"https:\/\/lescollectionsprivees.com\/it\/wp-json\/wp\/v2\/product_brand?post=34937"},{"taxonomy":"product_cat","embeddable":true,"href":"https:\/\/lescollectionsprivees.com\/it\/wp-json\/wp\/v2\/product_cat?post=34937"},{"taxonomy":"product_tag","embeddable":true,"href":"https:\/\/lescollectionsprivees.com\/it\/wp-json\/wp\/v2\/product_tag?post=34937"}],"curies":[{"name":"wp","href":"https:\/\/api.w.org\/{rel}","templated":true}]}}