{"id":36945,"date":"2025-11-28T18:51:19","date_gmt":"2025-11-28T18:51:19","guid":{"rendered":"https:\/\/lescollectionsprivees.com\/?post_type=product&#038;p=36945"},"modified":"2026-01-02T10:00:34","modified_gmt":"2026-01-02T10:00:34","slug":"acqua-di-profumo-club-notturno-maleka","status":"publish","type":"product","link":"https:\/\/lescollectionsprivees.com\/it\/parfum\/eau-de-parfum-club-de-nuit-maleka\/","title":{"rendered":"Acqua di profumo Club de nuit Maleka 100 ml \u2013 Armaf"},"content":{"rendered":"","protected":false},"excerpt":{"rendered":"<p><strong><u>Dati tecnici :<\/u><\/strong><\/p>\n<p><strong>Nome del profumo<\/strong> : Discoteca Maleka<br \/>\n<strong>Marchio<\/strong> : Armaf<br \/>\n<strong>Tipo<\/strong> : Femmina<br \/>\n<strong>Capacit\u00e0<\/strong> 100 mL<\/p>\n<p><strong><u>Note di fragranza :<\/u><\/strong><\/p>\n<p><strong>Note di testa<\/strong> : Litchi, bergamotto e pepe rosa<br \/>\n<strong>Note di cuore<\/strong> : Radice di iris<br \/>\n<strong>Note di fondo<\/strong> : Pralinato, legno di sandalo e ambroxan.<\/p>","protected":false},"featured_media":36946,"template":"","meta":[],"product_brand":[],"product_cat":[320,203,201,304],"product_tag":[],"class_list":{"0":"post-36945","1":"product","2":"type-product","3":"status-publish","4":"has-post-thumbnail","6":"product_cat-armaf-parfum","7":"product_cat-parfum-ambre","8":"product_cat-parfum-femme","9":"product_cat-parfum-poivre","11":"first","12":"instock","13":"taxable","14":"shipping-taxable","15":"purchasable","16":"product-type-simple"},"yoast_head":"<!-- This site is optimized with the Yoast SEO plugin v27.5 - https:\/\/yoast.com\/product\/yoast-seo-wordpress\/ -->\n<title>Eau de parfum Club de nuit Maleka 100ml \u2013 Armaf - Les Collections Priv\u00e9es<\/title>\n<meta name=\"robots\" content=\"index, follow, max-snippet:-1, max-image-preview:large, max-video-preview:-1\" \/>\n<link rel=\"canonical\" href=\"https:\/\/lescollectionsprivees.com\/it\/fragranza\/acqua-di-profumo-club-notturno-maleka\/\" \/>\n<meta property=\"og:locale\" content=\"it_IT\" \/>\n<meta property=\"og:type\" content=\"article\" \/>\n<meta property=\"og:title\" content=\"Eau de parfum Club de nuit Maleka 100ml \u2013 Armaf - Les Collections Priv\u00e9es\" \/>\n<meta property=\"og:description\" content=\"Donn\u00e9es Techniques :  Nom du parfum : Club de nuit Maleka Marque : Armaf Genre : F\u00e9minin Contenance : 100 mL  Notes Olfactives :  Notes de t\u00eate : Litchi, bergamote et poivre rose Notes de c\u0153ur : Racine d\u2019iris Notes de fond : Pralin\u00e9, bois de santal et ambroxan.\" \/>\n<meta property=\"og:url\" content=\"https:\/\/lescollectionsprivees.com\/it\/fragranza\/acqua-di-profumo-club-notturno-maleka\/\" \/>\n<meta property=\"og:site_name\" content=\"Les Collections Priv\u00e9es\" \/>\n<meta property=\"article:modified_time\" content=\"2026-01-02T10:00:34+00:00\" \/>\n<meta property=\"og:image\" content=\"https:\/\/lescollectionsprivees.com\/wp-content\/uploads\/2025\/11\/EAU-DE-PARFUM-CLUB-DE-NUIT-MALEKA-100ML-ARMAF.jpg\" \/>\n\t<meta property=\"og:image:width\" content=\"600\" \/>\n\t<meta property=\"og:image:height\" content=\"600\" \/>\n\t<meta property=\"og:image:type\" content=\"image\/jpeg\" \/>\n<meta name=\"twitter:card\" content=\"summary_large_image\" \/>\n<meta name=\"twitter:label1\" content=\"Tempo di lettura stimato\" \/>\n\t<meta name=\"twitter:data1\" content=\"1 minuto\" \/>\n<script type=\"application\/ld+json\" class=\"yoast-schema-graph\">{\"@context\":\"https:\\\/\\\/schema.org\",\"@graph\":[{\"@type\":\"WebPage\",\"@id\":\"https:\\\/\\\/lescollectionsprivees.com\\\/parfum\\\/eau-de-parfum-club-de-nuit-maleka\\\/\",\"url\":\"https:\\\/\\\/lescollectionsprivees.com\\\/parfum\\\/eau-de-parfum-club-de-nuit-maleka\\\/\",\"name\":\"Eau de parfum Club de nuit Maleka 100ml \u2013 Armaf - Les Collections Priv\u00e9es\",\"isPartOf\":{\"@id\":\"https:\\\/\\\/lescollectionsprivees.com\\\/#website\"},\"primaryImageOfPage\":{\"@id\":\"https:\\\/\\\/lescollectionsprivees.com\\\/parfum\\\/eau-de-parfum-club-de-nuit-maleka\\\/#primaryimage\"},\"image\":{\"@id\":\"https:\\\/\\\/lescollectionsprivees.com\\\/parfum\\\/eau-de-parfum-club-de-nuit-maleka\\\/#primaryimage\"},\"thumbnailUrl\":\"https:\\\/\\\/lescollectionsprivees.com\\\/wp-content\\\/uploads\\\/2025\\\/11\\\/EAU-DE-PARFUM-CLUB-DE-NUIT-MALEKA-100ML-ARMAF.jpg\",\"datePublished\":\"2025-11-28T18:51:19+00:00\",\"dateModified\":\"2026-01-02T10:00:34+00:00\",\"breadcrumb\":{\"@id\":\"https:\\\/\\\/lescollectionsprivees.com\\\/parfum\\\/eau-de-parfum-club-de-nuit-maleka\\\/#breadcrumb\"},\"inLanguage\":\"it-IT\",\"potentialAction\":[{\"@type\":\"ReadAction\",\"target\":[\"https:\\\/\\\/lescollectionsprivees.com\\\/parfum\\\/eau-de-parfum-club-de-nuit-maleka\\\/\"]}]},{\"@type\":\"ImageObject\",\"inLanguage\":\"it-IT\",\"@id\":\"https:\\\/\\\/lescollectionsprivees.com\\\/parfum\\\/eau-de-parfum-club-de-nuit-maleka\\\/#primaryimage\",\"url\":\"https:\\\/\\\/lescollectionsprivees.com\\\/wp-content\\\/uploads\\\/2025\\\/11\\\/EAU-DE-PARFUM-CLUB-DE-NUIT-MALEKA-100ML-ARMAF.jpg\",\"contentUrl\":\"https:\\\/\\\/lescollectionsprivees.com\\\/wp-content\\\/uploads\\\/2025\\\/11\\\/EAU-DE-PARFUM-CLUB-DE-NUIT-MALEKA-100ML-ARMAF.jpg\",\"width\":600,\"height\":600,\"caption\":\"EAU-DE-PARFUM-CLUB-DE-NUIT-MALEKA-100ML-ARMAF\"},{\"@type\":\"BreadcrumbList\",\"@id\":\"https:\\\/\\\/lescollectionsprivees.com\\\/parfum\\\/eau-de-parfum-club-de-nuit-maleka\\\/#breadcrumb\",\"itemListElement\":[{\"@type\":\"ListItem\",\"position\":1,\"name\":\"Accueil\",\"item\":\"https:\\\/\\\/lescollectionsprivees.com\\\/\"},{\"@type\":\"ListItem\",\"position\":2,\"name\":\"Boutique\",\"item\":\"https:\\\/\\\/lescollectionsprivees.com\\\/boutique\\\/\"},{\"@type\":\"ListItem\",\"position\":3,\"name\":\"Eau de parfum Club de nuit Maleka 100ml \u2013 Armaf\"}]},{\"@type\":\"WebSite\",\"@id\":\"https:\\\/\\\/lescollectionsprivees.com\\\/#website\",\"url\":\"https:\\\/\\\/lescollectionsprivees.com\\\/\",\"name\":\"Les Collections Priv\u00e9es\",\"description\":\"\",\"publisher\":{\"@id\":\"https:\\\/\\\/lescollectionsprivees.com\\\/#organization\"},\"potentialAction\":[{\"@type\":\"SearchAction\",\"target\":{\"@type\":\"EntryPoint\",\"urlTemplate\":\"https:\\\/\\\/lescollectionsprivees.com\\\/?s={search_term_string}\"},\"query-input\":{\"@type\":\"PropertyValueSpecification\",\"valueRequired\":true,\"valueName\":\"search_term_string\"}}],\"inLanguage\":\"it-IT\"},{\"@type\":\"Organization\",\"@id\":\"https:\\\/\\\/lescollectionsprivees.com\\\/#organization\",\"name\":\"Les Collections Priv\u00e9es\",\"url\":\"https:\\\/\\\/lescollectionsprivees.com\\\/\",\"logo\":{\"@type\":\"ImageObject\",\"inLanguage\":\"it-IT\",\"@id\":\"https:\\\/\\\/lescollectionsprivees.com\\\/#\\\/schema\\\/logo\\\/image\\\/\",\"url\":\"https:\\\/\\\/lescollectionsprivees.com\\\/wp-content\\\/uploads\\\/2020\\\/02\\\/Logo-Les-Collections-Priv\u00e9es-450x450-1.png\",\"contentUrl\":\"https:\\\/\\\/lescollectionsprivees.com\\\/wp-content\\\/uploads\\\/2020\\\/02\\\/Logo-Les-Collections-Priv\u00e9es-450x450-1.png\",\"width\":450,\"height\":450,\"caption\":\"Les Collections Priv\u00e9es\"},\"image\":{\"@id\":\"https:\\\/\\\/lescollectionsprivees.com\\\/#\\\/schema\\\/logo\\\/image\\\/\"}}]}<\/script>\n<!-- \/ Yoast SEO plugin. -->","yoast_head_json":{"title":"Acqua di profumo Club de nuit Maleka 100 ml \u2013 Armaf - Les Collections Priv\u00e9es","robots":{"index":"index","follow":"follow","max-snippet":"max-snippet:-1","max-image-preview":"max-image-preview:large","max-video-preview":"max-video-preview:-1"},"canonical":"https:\/\/lescollectionsprivees.com\/it\/fragranza\/acqua-di-profumo-club-notturno-maleka\/","og_locale":"it_IT","og_type":"article","og_title":"Eau de parfum Club de nuit Maleka 100ml \u2013 Armaf - Les Collections Priv\u00e9es","og_description":"Donn\u00e9es Techniques :  Nom du parfum : Club de nuit Maleka Marque : Armaf Genre : F\u00e9minin Contenance : 100 mL  Notes Olfactives :  Notes de t\u00eate : Litchi, bergamote et poivre rose Notes de c\u0153ur : Racine d\u2019iris Notes de fond : Pralin\u00e9, bois de santal et ambroxan.","og_url":"https:\/\/lescollectionsprivees.com\/it\/fragranza\/acqua-di-profumo-club-notturno-maleka\/","og_site_name":"Les Collections Priv\u00e9es","article_modified_time":"2026-01-02T10:00:34+00:00","og_image":[{"width":600,"height":600,"url":"https:\/\/lescollectionsprivees.com\/wp-content\/uploads\/2025\/11\/EAU-DE-PARFUM-CLUB-DE-NUIT-MALEKA-100ML-ARMAF.jpg","type":"image\/jpeg"}],"twitter_card":"summary_large_image","twitter_misc":{"Tempo di lettura stimato":"1 minuto"},"schema":{"@context":"https:\/\/schema.org","@graph":[{"@type":"WebPage","@id":"https:\/\/lescollectionsprivees.com\/parfum\/eau-de-parfum-club-de-nuit-maleka\/","url":"https:\/\/lescollectionsprivees.com\/parfum\/eau-de-parfum-club-de-nuit-maleka\/","name":"Acqua di profumo Club de nuit Maleka 100 ml \u2013 Armaf - Les Collections Priv\u00e9es","isPartOf":{"@id":"https:\/\/lescollectionsprivees.com\/#website"},"primaryImageOfPage":{"@id":"https:\/\/lescollectionsprivees.com\/parfum\/eau-de-parfum-club-de-nuit-maleka\/#primaryimage"},"image":{"@id":"https:\/\/lescollectionsprivees.com\/parfum\/eau-de-parfum-club-de-nuit-maleka\/#primaryimage"},"thumbnailUrl":"https:\/\/lescollectionsprivees.com\/wp-content\/uploads\/2025\/11\/EAU-DE-PARFUM-CLUB-DE-NUIT-MALEKA-100ML-ARMAF.jpg","datePublished":"2025-11-28T18:51:19+00:00","dateModified":"2026-01-02T10:00:34+00:00","breadcrumb":{"@id":"https:\/\/lescollectionsprivees.com\/parfum\/eau-de-parfum-club-de-nuit-maleka\/#breadcrumb"},"inLanguage":"it-IT","potentialAction":[{"@type":"ReadAction","target":["https:\/\/lescollectionsprivees.com\/parfum\/eau-de-parfum-club-de-nuit-maleka\/"]}]},{"@type":"ImageObject","inLanguage":"it-IT","@id":"https:\/\/lescollectionsprivees.com\/parfum\/eau-de-parfum-club-de-nuit-maleka\/#primaryimage","url":"https:\/\/lescollectionsprivees.com\/wp-content\/uploads\/2025\/11\/EAU-DE-PARFUM-CLUB-DE-NUIT-MALEKA-100ML-ARMAF.jpg","contentUrl":"https:\/\/lescollectionsprivees.com\/wp-content\/uploads\/2025\/11\/EAU-DE-PARFUM-CLUB-DE-NUIT-MALEKA-100ML-ARMAF.jpg","width":600,"height":600,"caption":"EAU-DE-PARFUM-CLUB-DE-NUIT-MALEKA-100ML-ARMAF"},{"@type":"BreadcrumbList","@id":"https:\/\/lescollectionsprivees.com\/parfum\/eau-de-parfum-club-de-nuit-maleka\/#breadcrumb","itemListElement":[{"@type":"ListItem","position":1,"name":"Accueil","item":"https:\/\/lescollectionsprivees.com\/"},{"@type":"ListItem","position":2,"name":"Boutique","item":"https:\/\/lescollectionsprivees.com\/boutique\/"},{"@type":"ListItem","position":3,"name":"Eau de parfum Club de nuit Maleka 100ml \u2013 Armaf"}]},{"@type":"WebSite","@id":"https:\/\/lescollectionsprivees.com\/#website","url":"https:\/\/lescollectionsprivees.com\/","name":"Collezioni private","description":"","publisher":{"@id":"https:\/\/lescollectionsprivees.com\/#organization"},"potentialAction":[{"@type":"SearchAction","target":{"@type":"EntryPoint","urlTemplate":"https:\/\/lescollectionsprivees.com\/?s={search_term_string}"},"query-input":{"@type":"PropertyValueSpecification","valueRequired":true,"valueName":"search_term_string"}}],"inLanguage":"it-IT"},{"@type":"Organization","@id":"https:\/\/lescollectionsprivees.com\/#organization","name":"Collezioni private","url":"https:\/\/lescollectionsprivees.com\/","logo":{"@type":"ImageObject","inLanguage":"it-IT","@id":"https:\/\/lescollectionsprivees.com\/#\/schema\/logo\/image\/","url":"https:\/\/lescollectionsprivees.com\/wp-content\/uploads\/2020\/02\/Logo-Les-Collections-Priv\u00e9es-450x450-1.png","contentUrl":"https:\/\/lescollectionsprivees.com\/wp-content\/uploads\/2020\/02\/Logo-Les-Collections-Priv\u00e9es-450x450-1.png","width":450,"height":450,"caption":"Les Collections Priv\u00e9es"},"image":{"@id":"https:\/\/lescollectionsprivees.com\/#\/schema\/logo\/image\/"}}]}},"_links":{"self":[{"href":"https:\/\/lescollectionsprivees.com\/it\/wp-json\/wp\/v2\/product\/36945","targetHints":{"allow":["GET"]}}],"collection":[{"href":"https:\/\/lescollectionsprivees.com\/it\/wp-json\/wp\/v2\/product"}],"about":[{"href":"https:\/\/lescollectionsprivees.com\/it\/wp-json\/wp\/v2\/types\/product"}],"wp:featuredmedia":[{"embeddable":true,"href":"https:\/\/lescollectionsprivees.com\/it\/wp-json\/wp\/v2\/media\/36946"}],"wp:attachment":[{"href":"https:\/\/lescollectionsprivees.com\/it\/wp-json\/wp\/v2\/media?parent=36945"}],"wp:term":[{"taxonomy":"product_brand","embeddable":true,"href":"https:\/\/lescollectionsprivees.com\/it\/wp-json\/wp\/v2\/product_brand?post=36945"},{"taxonomy":"product_cat","embeddable":true,"href":"https:\/\/lescollectionsprivees.com\/it\/wp-json\/wp\/v2\/product_cat?post=36945"},{"taxonomy":"product_tag","embeddable":true,"href":"https:\/\/lescollectionsprivees.com\/it\/wp-json\/wp\/v2\/product_tag?post=36945"}],"curies":[{"name":"wp","href":"https:\/\/api.w.org\/{rel}","templated":true}]}}