{"id":20022,"date":"2022-10-10T15:29:26","date_gmt":"2022-10-10T15:29:26","guid":{"rendered":"https:\/\/lescollectionsprivees.com\/?post_type=product&#038;p=20022"},"modified":"2024-05-31T14:32:46","modified_gmt":"2024-05-31T14:32:46","slug":"muskus-katoen-el-nabil-autospray","status":"publish","type":"product","link":"https:\/\/lescollectionsprivees.com\/nl\/parfum\/spray-voiture-musc-cotton-el-nabil\/","title":{"rendered":"Musk Cotton autospray - El Nabil"},"content":{"rendered":"","protected":false},"excerpt":{"rendered":"<p><strong><u>Technische gegevens :<\/u><\/strong><\/p>\n<p><strong>Naam parfum<\/strong> Muskus katoen<br \/>\n<strong>Merk<\/strong> El Nabil<br \/>\n<strong>Specificiteit:\u00a0<\/strong>Parfum extract<br \/>\n<strong>Capaciteit<\/strong> 85 ml<\/p>\n<p><strong>Geurnoten :<\/strong><\/p>\n<div id=\"collapseOne-1538908710148\" class=\"panel-collapse collapse\" role=\"tabpanel\" aria-labelledby=\"headingOne\">\n<div class=\"panel-body\">\n<p>Hoofd: Katoenen bloem<br \/>\nHart : Witte muskus, Witte roos<br \/>\nBasis: Vanille, Ceder<\/p>\n<\/div>\n<\/div>","protected":false},"featured_media":20059,"template":"","meta":[],"product_brand":[],"product_cat":[196,158],"product_tag":[],"class_list":{"0":"post-20022","1":"product","2":"type-product","3":"status-publish","4":"has-post-thumbnail","6":"product_cat-parfum-voiture-el-nabil","7":"product_cat-parfums-voiture","9":"first","10":"outofstock","11":"taxable","12":"shipping-taxable","13":"purchasable","14":"product-type-simple"},"yoast_head":"<!-- This site is optimized with the Yoast SEO plugin v27.5 - https:\/\/yoast.com\/product\/yoast-seo-wordpress\/ -->\n<title>Spray voiture Musc Cotton - El Nabil - Les Collections Priv\u00e9es<\/title>\n<meta name=\"robots\" content=\"index, follow, max-snippet:-1, max-image-preview:large, max-video-preview:-1\" \/>\n<link rel=\"canonical\" href=\"https:\/\/lescollectionsprivees.com\/nl\/geur\/muskus-katoen-el-nabil-autospray\/\" \/>\n<meta property=\"og:locale\" content=\"nl_NL\" \/>\n<meta property=\"og:type\" content=\"article\" \/>\n<meta property=\"og:title\" content=\"Spray voiture Musc Cotton - El Nabil - Les Collections Priv\u00e9es\" \/>\n<meta property=\"og:description\" content=\"Donn\u00e9es Techniques :  Nom du parfum : Musc Cotton Marque : El Nabil Sp\u00e9cificit\u00e9 :\u00a0Extrait de parfum Contenance : 85mL  Notes Olfactives :    T\u00eate :\u00a0Fleur de Cotton C\u0153ur :\u00a0Musc blanc, Rose blanche Fond :\u00a0Vanille, C\u00e8dre\" \/>\n<meta property=\"og:url\" content=\"https:\/\/lescollectionsprivees.com\/nl\/geur\/muskus-katoen-el-nabil-autospray\/\" \/>\n<meta property=\"og:site_name\" content=\"Les Collections Priv\u00e9es\" \/>\n<meta property=\"article:modified_time\" content=\"2024-05-31T14:32:46+00:00\" \/>\n<meta property=\"og:image\" content=\"https:\/\/lescollectionsprivees.com\/wp-content\/uploads\/2022\/10\/musc-cotton.jpg\" \/>\n\t<meta property=\"og:image:width\" content=\"1200\" \/>\n\t<meta property=\"og:image:height\" content=\"1200\" \/>\n\t<meta property=\"og:image:type\" content=\"image\/jpeg\" \/>\n<meta name=\"twitter:card\" content=\"summary_large_image\" \/>\n<script type=\"application\/ld+json\" class=\"yoast-schema-graph\">{\"@context\":\"https:\\\/\\\/schema.org\",\"@graph\":[{\"@type\":\"WebPage\",\"@id\":\"https:\\\/\\\/lescollectionsprivees.com\\\/parfum\\\/spray-voiture-musc-cotton-el-nabil\\\/\",\"url\":\"https:\\\/\\\/lescollectionsprivees.com\\\/parfum\\\/spray-voiture-musc-cotton-el-nabil\\\/\",\"name\":\"Spray voiture Musc Cotton - El Nabil - Les Collections Priv\u00e9es\",\"isPartOf\":{\"@id\":\"https:\\\/\\\/lescollectionsprivees.com\\\/#website\"},\"primaryImageOfPage\":{\"@id\":\"https:\\\/\\\/lescollectionsprivees.com\\\/parfum\\\/spray-voiture-musc-cotton-el-nabil\\\/#primaryimage\"},\"image\":{\"@id\":\"https:\\\/\\\/lescollectionsprivees.com\\\/parfum\\\/spray-voiture-musc-cotton-el-nabil\\\/#primaryimage\"},\"thumbnailUrl\":\"https:\\\/\\\/lescollectionsprivees.com\\\/wp-content\\\/uploads\\\/2022\\\/10\\\/musc-cotton.jpg\",\"datePublished\":\"2022-10-10T15:29:26+00:00\",\"dateModified\":\"2024-05-31T14:32:46+00:00\",\"breadcrumb\":{\"@id\":\"https:\\\/\\\/lescollectionsprivees.com\\\/parfum\\\/spray-voiture-musc-cotton-el-nabil\\\/#breadcrumb\"},\"inLanguage\":\"nl-NL\",\"potentialAction\":[{\"@type\":\"ReadAction\",\"target\":[\"https:\\\/\\\/lescollectionsprivees.com\\\/parfum\\\/spray-voiture-musc-cotton-el-nabil\\\/\"]}]},{\"@type\":\"ImageObject\",\"inLanguage\":\"nl-NL\",\"@id\":\"https:\\\/\\\/lescollectionsprivees.com\\\/parfum\\\/spray-voiture-musc-cotton-el-nabil\\\/#primaryimage\",\"url\":\"https:\\\/\\\/lescollectionsprivees.com\\\/wp-content\\\/uploads\\\/2022\\\/10\\\/musc-cotton.jpg\",\"contentUrl\":\"https:\\\/\\\/lescollectionsprivees.com\\\/wp-content\\\/uploads\\\/2022\\\/10\\\/musc-cotton.jpg\",\"width\":1200,\"height\":1200},{\"@type\":\"BreadcrumbList\",\"@id\":\"https:\\\/\\\/lescollectionsprivees.com\\\/parfum\\\/spray-voiture-musc-cotton-el-nabil\\\/#breadcrumb\",\"itemListElement\":[{\"@type\":\"ListItem\",\"position\":1,\"name\":\"Accueil\",\"item\":\"https:\\\/\\\/lescollectionsprivees.com\\\/\"},{\"@type\":\"ListItem\",\"position\":2,\"name\":\"Boutique\",\"item\":\"https:\\\/\\\/lescollectionsprivees.com\\\/boutique\\\/\"},{\"@type\":\"ListItem\",\"position\":3,\"name\":\"Spray voiture Musc Cotton &#8211; El Nabil\"}]},{\"@type\":\"WebSite\",\"@id\":\"https:\\\/\\\/lescollectionsprivees.com\\\/#website\",\"url\":\"https:\\\/\\\/lescollectionsprivees.com\\\/\",\"name\":\"Les Collections Priv\u00e9es\",\"description\":\"\",\"publisher\":{\"@id\":\"https:\\\/\\\/lescollectionsprivees.com\\\/#organization\"},\"potentialAction\":[{\"@type\":\"SearchAction\",\"target\":{\"@type\":\"EntryPoint\",\"urlTemplate\":\"https:\\\/\\\/lescollectionsprivees.com\\\/?s={search_term_string}\"},\"query-input\":{\"@type\":\"PropertyValueSpecification\",\"valueRequired\":true,\"valueName\":\"search_term_string\"}}],\"inLanguage\":\"nl-NL\"},{\"@type\":\"Organization\",\"@id\":\"https:\\\/\\\/lescollectionsprivees.com\\\/#organization\",\"name\":\"Les Collections Priv\u00e9es\",\"url\":\"https:\\\/\\\/lescollectionsprivees.com\\\/\",\"logo\":{\"@type\":\"ImageObject\",\"inLanguage\":\"nl-NL\",\"@id\":\"https:\\\/\\\/lescollectionsprivees.com\\\/#\\\/schema\\\/logo\\\/image\\\/\",\"url\":\"https:\\\/\\\/lescollectionsprivees.com\\\/wp-content\\\/uploads\\\/2020\\\/02\\\/Logo-Les-Collections-Priv\u00e9es-450x450-1.png\",\"contentUrl\":\"https:\\\/\\\/lescollectionsprivees.com\\\/wp-content\\\/uploads\\\/2020\\\/02\\\/Logo-Les-Collections-Priv\u00e9es-450x450-1.png\",\"width\":450,\"height\":450,\"caption\":\"Les Collections Priv\u00e9es\"},\"image\":{\"@id\":\"https:\\\/\\\/lescollectionsprivees.com\\\/#\\\/schema\\\/logo\\\/image\\\/\"}}]}<\/script>\n<!-- \/ Yoast SEO plugin. -->","yoast_head_json":{"title":"Musk Katoen Auto Spray - El Nabil - Les Collections Priv\u00e9es","robots":{"index":"index","follow":"follow","max-snippet":"max-snippet:-1","max-image-preview":"max-image-preview:large","max-video-preview":"max-video-preview:-1"},"canonical":"https:\/\/lescollectionsprivees.com\/nl\/geur\/muskus-katoen-el-nabil-autospray\/","og_locale":"nl_NL","og_type":"article","og_title":"Spray voiture Musc Cotton - El Nabil - Les Collections Priv\u00e9es","og_description":"Donn\u00e9es Techniques :  Nom du parfum : Musc Cotton Marque : El Nabil Sp\u00e9cificit\u00e9 :\u00a0Extrait de parfum Contenance : 85mL  Notes Olfactives :    T\u00eate :\u00a0Fleur de Cotton C\u0153ur :\u00a0Musc blanc, Rose blanche Fond :\u00a0Vanille, C\u00e8dre","og_url":"https:\/\/lescollectionsprivees.com\/nl\/geur\/muskus-katoen-el-nabil-autospray\/","og_site_name":"Les Collections Priv\u00e9es","article_modified_time":"2024-05-31T14:32:46+00:00","og_image":[{"width":1200,"height":1200,"url":"https:\/\/lescollectionsprivees.com\/wp-content\/uploads\/2022\/10\/musc-cotton.jpg","type":"image\/jpeg"}],"twitter_card":"summary_large_image","schema":{"@context":"https:\/\/schema.org","@graph":[{"@type":"WebPage","@id":"https:\/\/lescollectionsprivees.com\/parfum\/spray-voiture-musc-cotton-el-nabil\/","url":"https:\/\/lescollectionsprivees.com\/parfum\/spray-voiture-musc-cotton-el-nabil\/","name":"Musk Katoen Auto Spray - El Nabil - Les Collections Priv\u00e9es","isPartOf":{"@id":"https:\/\/lescollectionsprivees.com\/#website"},"primaryImageOfPage":{"@id":"https:\/\/lescollectionsprivees.com\/parfum\/spray-voiture-musc-cotton-el-nabil\/#primaryimage"},"image":{"@id":"https:\/\/lescollectionsprivees.com\/parfum\/spray-voiture-musc-cotton-el-nabil\/#primaryimage"},"thumbnailUrl":"https:\/\/lescollectionsprivees.com\/wp-content\/uploads\/2022\/10\/musc-cotton.jpg","datePublished":"2022-10-10T15:29:26+00:00","dateModified":"2024-05-31T14:32:46+00:00","breadcrumb":{"@id":"https:\/\/lescollectionsprivees.com\/parfum\/spray-voiture-musc-cotton-el-nabil\/#breadcrumb"},"inLanguage":"nl-NL","potentialAction":[{"@type":"ReadAction","target":["https:\/\/lescollectionsprivees.com\/parfum\/spray-voiture-musc-cotton-el-nabil\/"]}]},{"@type":"ImageObject","inLanguage":"nl-NL","@id":"https:\/\/lescollectionsprivees.com\/parfum\/spray-voiture-musc-cotton-el-nabil\/#primaryimage","url":"https:\/\/lescollectionsprivees.com\/wp-content\/uploads\/2022\/10\/musc-cotton.jpg","contentUrl":"https:\/\/lescollectionsprivees.com\/wp-content\/uploads\/2022\/10\/musc-cotton.jpg","width":1200,"height":1200},{"@type":"BreadcrumbList","@id":"https:\/\/lescollectionsprivees.com\/parfum\/spray-voiture-musc-cotton-el-nabil\/#breadcrumb","itemListElement":[{"@type":"ListItem","position":1,"name":"Accueil","item":"https:\/\/lescollectionsprivees.com\/"},{"@type":"ListItem","position":2,"name":"Boutique","item":"https:\/\/lescollectionsprivees.com\/boutique\/"},{"@type":"ListItem","position":3,"name":"Spray voiture Musc Cotton &#8211; El Nabil"}]},{"@type":"WebSite","@id":"https:\/\/lescollectionsprivees.com\/#website","url":"https:\/\/lescollectionsprivees.com\/","name":"Priv\u00e9collecties","description":"","publisher":{"@id":"https:\/\/lescollectionsprivees.com\/#organization"},"potentialAction":[{"@type":"SearchAction","target":{"@type":"EntryPoint","urlTemplate":"https:\/\/lescollectionsprivees.com\/?s={search_term_string}"},"query-input":{"@type":"PropertyValueSpecification","valueRequired":true,"valueName":"search_term_string"}}],"inLanguage":"nl-NL"},{"@type":"Organization","@id":"https:\/\/lescollectionsprivees.com\/#organization","name":"Priv\u00e9collecties","url":"https:\/\/lescollectionsprivees.com\/","logo":{"@type":"ImageObject","inLanguage":"nl-NL","@id":"https:\/\/lescollectionsprivees.com\/#\/schema\/logo\/image\/","url":"https:\/\/lescollectionsprivees.com\/wp-content\/uploads\/2020\/02\/Logo-Les-Collections-Priv\u00e9es-450x450-1.png","contentUrl":"https:\/\/lescollectionsprivees.com\/wp-content\/uploads\/2020\/02\/Logo-Les-Collections-Priv\u00e9es-450x450-1.png","width":450,"height":450,"caption":"Les Collections Priv\u00e9es"},"image":{"@id":"https:\/\/lescollectionsprivees.com\/#\/schema\/logo\/image\/"}}]}},"_links":{"self":[{"href":"https:\/\/lescollectionsprivees.com\/nl\/wp-json\/wp\/v2\/product\/20022","targetHints":{"allow":["GET"]}}],"collection":[{"href":"https:\/\/lescollectionsprivees.com\/nl\/wp-json\/wp\/v2\/product"}],"about":[{"href":"https:\/\/lescollectionsprivees.com\/nl\/wp-json\/wp\/v2\/types\/product"}],"wp:featuredmedia":[{"embeddable":true,"href":"https:\/\/lescollectionsprivees.com\/nl\/wp-json\/wp\/v2\/media\/20059"}],"wp:attachment":[{"href":"https:\/\/lescollectionsprivees.com\/nl\/wp-json\/wp\/v2\/media?parent=20022"}],"wp:term":[{"taxonomy":"product_brand","embeddable":true,"href":"https:\/\/lescollectionsprivees.com\/nl\/wp-json\/wp\/v2\/product_brand?post=20022"},{"taxonomy":"product_cat","embeddable":true,"href":"https:\/\/lescollectionsprivees.com\/nl\/wp-json\/wp\/v2\/product_cat?post=20022"},{"taxonomy":"product_tag","embeddable":true,"href":"https:\/\/lescollectionsprivees.com\/nl\/wp-json\/wp\/v2\/product_tag?post=20022"}],"curies":[{"name":"wp","href":"https:\/\/api.w.org\/{rel}","templated":true}]}}