{"id":23355,"date":"2023-04-12T10:15:42","date_gmt":"2023-04-12T10:15:42","guid":{"rendered":"https:\/\/lescollectionsprivees.com\/?post_type=product&#038;p=23355"},"modified":"2023-04-12T10:15:43","modified_gmt":"2023-04-12T10:15:43","slug":"zwarte-suiker","status":"publish","type":"product","link":"https:\/\/lescollectionsprivees.com\/nl\/parfum\/sucre-noir\/","title":{"rendered":"Zwarte suiker - Rp Paris"},"content":{"rendered":"<p><strong>Er schuilt iets aantrekkelijks en mysterieus achter de naam zwarte suiker.<\/strong>\u00a0Rp Parfum neemt ons mee op een reis van\u00a0<strong>een zoete, exotische en verre reis<\/strong>\u00a0en nog veel meer. Een exquise geur met een subtiel uniek karakter. Zoom in op sucre noir, deze onvergelijkbare geur.<\/p>\n<h2><strong>Een onmiskenbaar zoete benadering<\/strong><\/h2>\n<p>De eerste noten van zwarte suiker zijn\u00a0<strong>krachtige aroma's die een zeker teken zijn van hebzucht en openhartigheid.<\/strong>\u00a0Dit zijn\u00a0<strong>suikerriet in al zijn pracht!<\/strong>\u00a0Zacht en suave, dompelt het ons intens onder in deze aangename reis. Topnoten met\u00a0<strong>een exotisch karakter<\/strong>\u00a0en ons meevoeren naar een atmosfeer die even warm als afgelegen is.<\/p>\n<p><strong>Precies de juiste hoeveelheid exotisme<\/strong>\u00a0dat de hartnoten op een delicate, subtiele manier in leven blijven.<\/p>\n<h2><strong>Zwarte suiker, de exotische must-have<\/strong><\/h2>\n<p><strong>Een teder vanillehart<\/strong>\u00a0! Dat is het mysterie achter de topnoten! Een zoete, wulpse <a href=\"https:\/\/lescollectionsprivees.com\/nl\/geur\/wit-goud-met-vanillesmaak-2\/\"><strong>vanille<\/strong><\/a> die ongetwijfeld zal geven,<strong>\u00a0voor zowel mannen als vrouwen.<\/strong><\/p>\n<p>Bovendien zijn\u00a0<strong>met zijn gastronomische smaken en vleugjes specerijen<\/strong>\u00a0een sublieme keuze voor de hartnoten van deze prachtige geur. En de compositie wordt afgesloten met een delicate bloemige toets die ons onvermijdelijk doet smelten!<\/p>\n<h3><strong>Zwarte suiker, een fijne bloemige afdronk.<\/strong><\/h3>\n<p>De basisnoten van zwarte suiker zijn even verrassend als verleidelijk. Dus<strong>\u00a0de delicate toets van orchidee is zeker goed doordacht<\/strong> bij de creatie van dit geurige juweel.<\/p>\n<p>Het geeft een precies bloemige afdronk. In feite brengt de orchidee verschillende verstrengelde aroma's met zich mee, die op hun beurt zorgen voor\u00a0<strong>diepgaande originaliteit en een echte verademing<\/strong>\u00a0en nog veel meer.<\/p>\n<p>Het resultaat van deze geurreis is een unieke geur, de perfecte mix van\u00a0<strong>Exotische frisheid, eilandzoetheid en warme specerijen.<\/strong><\/p>","protected":false},"excerpt":{"rendered":"<p><strong><u>Technische gegevens :<\/u><\/strong><\/p>\n<p><strong>Naam parfum<\/strong>\u00a0Zwarte suiker<br \/>\n<strong>Merk<\/strong>\u00a0: RP Parfums<br \/>\n<strong>Type<\/strong>\u00a0Unisex<br \/>\n<strong>Capaciteit<\/strong>\u00a050 ml<\/p>\n<p><strong>Geur :<\/strong><\/p>\n<p><strong>Topnoot<\/strong>\u00a0Suikerriet<br \/>\n<strong>Hartnoot<\/strong>\u00a0Vanillestokje<br \/>\n<strong>Achtergrond<\/strong>\u00a0Orchidee<\/p>","protected":false},"featured_media":23357,"template":"","meta":[],"product_brand":[],"product_cat":[201,202,109],"product_tag":[],"class_list":{"0":"post-23355","1":"product","2":"type-product","3":"status-publish","4":"has-post-thumbnail","6":"product_cat-parfum-femme","7":"product_cat-parfum-homme","8":"product_cat-rp-parfums","10":"first","11":"instock","12":"taxable","13":"shipping-taxable","14":"purchasable","15":"product-type-simple"},"yoast_head":"<!-- This site is optimized with the Yoast SEO plugin v27.5 - https:\/\/yoast.com\/product\/yoast-seo-wordpress\/ -->\n<title>Sucre noir I Parfum mixte 50ml I Collection Rp Paris<\/title>\n<meta name=\"description\" content=\"Quelque chose d\u2019attirant et \u00e0 la fois myst\u00e9rieux, se cache derri\u00e8re le nom de sucre noir.\u00a0Ici, d\u00e9couvrez le parfum mixte de la collection Rp Paris !\" \/>\n<meta name=\"robots\" content=\"index, follow, max-snippet:-1, max-image-preview:large, max-video-preview:-1\" \/>\n<link rel=\"canonical\" href=\"https:\/\/lescollectionsprivees.com\/nl\/geur\/zwarte-suiker\/\" \/>\n<meta property=\"og:locale\" content=\"nl_NL\" \/>\n<meta property=\"og:type\" content=\"article\" \/>\n<meta property=\"og:title\" content=\"Sucre noir I Parfum mixte 50ml I Collection Rp Paris\" \/>\n<meta property=\"og:description\" content=\"Quelque chose d\u2019attirant et \u00e0 la fois myst\u00e9rieux, se cache derri\u00e8re le nom de sucre noir.\u00a0Ici, d\u00e9couvrez le parfum mixte de la collection Rp Paris !\" \/>\n<meta property=\"og:url\" content=\"https:\/\/lescollectionsprivees.com\/nl\/geur\/zwarte-suiker\/\" \/>\n<meta property=\"og:site_name\" content=\"Les Collections Priv\u00e9es\" \/>\n<meta property=\"article:modified_time\" content=\"2023-04-12T10:15:43+00:00\" \/>\n<meta property=\"og:image\" content=\"https:\/\/lescollectionsprivees.com\/wp-content\/uploads\/2023\/04\/sucre-noir-rp-paris.jpg\" \/>\n\t<meta property=\"og:image:width\" content=\"600\" \/>\n\t<meta property=\"og:image:height\" content=\"600\" \/>\n\t<meta property=\"og:image:type\" content=\"image\/jpeg\" \/>\n<meta name=\"twitter:card\" content=\"summary_large_image\" \/>\n<meta name=\"twitter:label1\" content=\"Geschatte leestijd\" \/>\n\t<meta name=\"twitter:data1\" content=\"2 minuten\" \/>\n<script type=\"application\/ld+json\" class=\"yoast-schema-graph\">{\"@context\":\"https:\\\/\\\/schema.org\",\"@graph\":[{\"@type\":\"WebPage\",\"@id\":\"https:\\\/\\\/lescollectionsprivees.com\\\/parfum\\\/sucre-noir\\\/\",\"url\":\"https:\\\/\\\/lescollectionsprivees.com\\\/parfum\\\/sucre-noir\\\/\",\"name\":\"Sucre noir I Parfum mixte 50ml I Collection Rp Paris\",\"isPartOf\":{\"@id\":\"https:\\\/\\\/lescollectionsprivees.com\\\/#website\"},\"primaryImageOfPage\":{\"@id\":\"https:\\\/\\\/lescollectionsprivees.com\\\/parfum\\\/sucre-noir\\\/#primaryimage\"},\"image\":{\"@id\":\"https:\\\/\\\/lescollectionsprivees.com\\\/parfum\\\/sucre-noir\\\/#primaryimage\"},\"thumbnailUrl\":\"https:\\\/\\\/lescollectionsprivees.com\\\/wp-content\\\/uploads\\\/2023\\\/04\\\/sucre-noir-rp-paris.jpg\",\"datePublished\":\"2023-04-12T10:15:42+00:00\",\"dateModified\":\"2023-04-12T10:15:43+00:00\",\"description\":\"Quelque chose d\u2019attirant et \u00e0 la fois myst\u00e9rieux, se cache derri\u00e8re le nom de sucre noir.\u00a0Ici, d\u00e9couvrez le parfum mixte de la collection Rp Paris !\",\"breadcrumb\":{\"@id\":\"https:\\\/\\\/lescollectionsprivees.com\\\/parfum\\\/sucre-noir\\\/#breadcrumb\"},\"inLanguage\":\"nl-NL\",\"potentialAction\":[{\"@type\":\"ReadAction\",\"target\":[\"https:\\\/\\\/lescollectionsprivees.com\\\/parfum\\\/sucre-noir\\\/\"]}]},{\"@type\":\"ImageObject\",\"inLanguage\":\"nl-NL\",\"@id\":\"https:\\\/\\\/lescollectionsprivees.com\\\/parfum\\\/sucre-noir\\\/#primaryimage\",\"url\":\"https:\\\/\\\/lescollectionsprivees.com\\\/wp-content\\\/uploads\\\/2023\\\/04\\\/sucre-noir-rp-paris.jpg\",\"contentUrl\":\"https:\\\/\\\/lescollectionsprivees.com\\\/wp-content\\\/uploads\\\/2023\\\/04\\\/sucre-noir-rp-paris.jpg\",\"width\":600,\"height\":600,\"caption\":\"Sucre noir - Rp Paris\"},{\"@type\":\"BreadcrumbList\",\"@id\":\"https:\\\/\\\/lescollectionsprivees.com\\\/parfum\\\/sucre-noir\\\/#breadcrumb\",\"itemListElement\":[{\"@type\":\"ListItem\",\"position\":1,\"name\":\"Accueil\",\"item\":\"https:\\\/\\\/lescollectionsprivees.com\\\/\"},{\"@type\":\"ListItem\",\"position\":2,\"name\":\"Boutique\",\"item\":\"https:\\\/\\\/lescollectionsprivees.com\\\/boutique\\\/\"},{\"@type\":\"ListItem\",\"position\":3,\"name\":\"Sucre noir &#8211; Rp Paris\"}]},{\"@type\":\"WebSite\",\"@id\":\"https:\\\/\\\/lescollectionsprivees.com\\\/#website\",\"url\":\"https:\\\/\\\/lescollectionsprivees.com\\\/\",\"name\":\"Les Collections Priv\u00e9es\",\"description\":\"\",\"publisher\":{\"@id\":\"https:\\\/\\\/lescollectionsprivees.com\\\/#organization\"},\"potentialAction\":[{\"@type\":\"SearchAction\",\"target\":{\"@type\":\"EntryPoint\",\"urlTemplate\":\"https:\\\/\\\/lescollectionsprivees.com\\\/?s={search_term_string}\"},\"query-input\":{\"@type\":\"PropertyValueSpecification\",\"valueRequired\":true,\"valueName\":\"search_term_string\"}}],\"inLanguage\":\"nl-NL\"},{\"@type\":\"Organization\",\"@id\":\"https:\\\/\\\/lescollectionsprivees.com\\\/#organization\",\"name\":\"Les Collections Priv\u00e9es\",\"url\":\"https:\\\/\\\/lescollectionsprivees.com\\\/\",\"logo\":{\"@type\":\"ImageObject\",\"inLanguage\":\"nl-NL\",\"@id\":\"https:\\\/\\\/lescollectionsprivees.com\\\/#\\\/schema\\\/logo\\\/image\\\/\",\"url\":\"https:\\\/\\\/lescollectionsprivees.com\\\/wp-content\\\/uploads\\\/2020\\\/02\\\/Logo-Les-Collections-Priv\u00e9es-450x450-1.png\",\"contentUrl\":\"https:\\\/\\\/lescollectionsprivees.com\\\/wp-content\\\/uploads\\\/2020\\\/02\\\/Logo-Les-Collections-Priv\u00e9es-450x450-1.png\",\"width\":450,\"height\":450,\"caption\":\"Les Collections Priv\u00e9es\"},\"image\":{\"@id\":\"https:\\\/\\\/lescollectionsprivees.com\\\/#\\\/schema\\\/logo\\\/image\\\/\"}}]}<\/script>\n<!-- \/ Yoast SEO plugin. -->","yoast_head_json":{"title":"Sucre noir I Gemengde geur 50ml I Collectie Rp Paris","description":"Er schuilt iets aantrekkelijks en mysterieus achter de naam zwarte suiker. Ontdek hier de uniseks geur uit de Rp Paris collectie!","robots":{"index":"index","follow":"follow","max-snippet":"max-snippet:-1","max-image-preview":"max-image-preview:large","max-video-preview":"max-video-preview:-1"},"canonical":"https:\/\/lescollectionsprivees.com\/nl\/geur\/zwarte-suiker\/","og_locale":"nl_NL","og_type":"article","og_title":"Sucre noir I Parfum mixte 50ml I Collection Rp Paris","og_description":"Quelque chose d\u2019attirant et \u00e0 la fois myst\u00e9rieux, se cache derri\u00e8re le nom de sucre noir.\u00a0Ici, d\u00e9couvrez le parfum mixte de la collection Rp Paris !","og_url":"https:\/\/lescollectionsprivees.com\/nl\/geur\/zwarte-suiker\/","og_site_name":"Les Collections Priv\u00e9es","article_modified_time":"2023-04-12T10:15:43+00:00","og_image":[{"width":600,"height":600,"url":"https:\/\/lescollectionsprivees.com\/wp-content\/uploads\/2023\/04\/sucre-noir-rp-paris.jpg","type":"image\/jpeg"}],"twitter_card":"summary_large_image","twitter_misc":{"Geschatte leestijd":"2 minuten"},"schema":{"@context":"https:\/\/schema.org","@graph":[{"@type":"WebPage","@id":"https:\/\/lescollectionsprivees.com\/parfum\/sucre-noir\/","url":"https:\/\/lescollectionsprivees.com\/parfum\/sucre-noir\/","name":"Sucre noir I Gemengde geur 50ml I Collectie Rp Paris","isPartOf":{"@id":"https:\/\/lescollectionsprivees.com\/#website"},"primaryImageOfPage":{"@id":"https:\/\/lescollectionsprivees.com\/parfum\/sucre-noir\/#primaryimage"},"image":{"@id":"https:\/\/lescollectionsprivees.com\/parfum\/sucre-noir\/#primaryimage"},"thumbnailUrl":"https:\/\/lescollectionsprivees.com\/wp-content\/uploads\/2023\/04\/sucre-noir-rp-paris.jpg","datePublished":"2023-04-12T10:15:42+00:00","dateModified":"2023-04-12T10:15:43+00:00","description":"Er schuilt iets aantrekkelijks en mysterieus achter de naam zwarte suiker. Ontdek hier de uniseks geur uit de Rp Paris collectie!","breadcrumb":{"@id":"https:\/\/lescollectionsprivees.com\/parfum\/sucre-noir\/#breadcrumb"},"inLanguage":"nl-NL","potentialAction":[{"@type":"ReadAction","target":["https:\/\/lescollectionsprivees.com\/parfum\/sucre-noir\/"]}]},{"@type":"ImageObject","inLanguage":"nl-NL","@id":"https:\/\/lescollectionsprivees.com\/parfum\/sucre-noir\/#primaryimage","url":"https:\/\/lescollectionsprivees.com\/wp-content\/uploads\/2023\/04\/sucre-noir-rp-paris.jpg","contentUrl":"https:\/\/lescollectionsprivees.com\/wp-content\/uploads\/2023\/04\/sucre-noir-rp-paris.jpg","width":600,"height":600,"caption":"Sucre noir - Rp Paris"},{"@type":"BreadcrumbList","@id":"https:\/\/lescollectionsprivees.com\/parfum\/sucre-noir\/#breadcrumb","itemListElement":[{"@type":"ListItem","position":1,"name":"Accueil","item":"https:\/\/lescollectionsprivees.com\/"},{"@type":"ListItem","position":2,"name":"Boutique","item":"https:\/\/lescollectionsprivees.com\/boutique\/"},{"@type":"ListItem","position":3,"name":"Sucre noir &#8211; Rp Paris"}]},{"@type":"WebSite","@id":"https:\/\/lescollectionsprivees.com\/#website","url":"https:\/\/lescollectionsprivees.com\/","name":"Priv\u00e9collecties","description":"","publisher":{"@id":"https:\/\/lescollectionsprivees.com\/#organization"},"potentialAction":[{"@type":"SearchAction","target":{"@type":"EntryPoint","urlTemplate":"https:\/\/lescollectionsprivees.com\/?s={search_term_string}"},"query-input":{"@type":"PropertyValueSpecification","valueRequired":true,"valueName":"search_term_string"}}],"inLanguage":"nl-NL"},{"@type":"Organization","@id":"https:\/\/lescollectionsprivees.com\/#organization","name":"Priv\u00e9collecties","url":"https:\/\/lescollectionsprivees.com\/","logo":{"@type":"ImageObject","inLanguage":"nl-NL","@id":"https:\/\/lescollectionsprivees.com\/#\/schema\/logo\/image\/","url":"https:\/\/lescollectionsprivees.com\/wp-content\/uploads\/2020\/02\/Logo-Les-Collections-Priv\u00e9es-450x450-1.png","contentUrl":"https:\/\/lescollectionsprivees.com\/wp-content\/uploads\/2020\/02\/Logo-Les-Collections-Priv\u00e9es-450x450-1.png","width":450,"height":450,"caption":"Les Collections Priv\u00e9es"},"image":{"@id":"https:\/\/lescollectionsprivees.com\/#\/schema\/logo\/image\/"}}]}},"_links":{"self":[{"href":"https:\/\/lescollectionsprivees.com\/nl\/wp-json\/wp\/v2\/product\/23355","targetHints":{"allow":["GET"]}}],"collection":[{"href":"https:\/\/lescollectionsprivees.com\/nl\/wp-json\/wp\/v2\/product"}],"about":[{"href":"https:\/\/lescollectionsprivees.com\/nl\/wp-json\/wp\/v2\/types\/product"}],"wp:featuredmedia":[{"embeddable":true,"href":"https:\/\/lescollectionsprivees.com\/nl\/wp-json\/wp\/v2\/media\/23357"}],"wp:attachment":[{"href":"https:\/\/lescollectionsprivees.com\/nl\/wp-json\/wp\/v2\/media?parent=23355"}],"wp:term":[{"taxonomy":"product_brand","embeddable":true,"href":"https:\/\/lescollectionsprivees.com\/nl\/wp-json\/wp\/v2\/product_brand?post=23355"},{"taxonomy":"product_cat","embeddable":true,"href":"https:\/\/lescollectionsprivees.com\/nl\/wp-json\/wp\/v2\/product_cat?post=23355"},{"taxonomy":"product_tag","embeddable":true,"href":"https:\/\/lescollectionsprivees.com\/nl\/wp-json\/wp\/v2\/product_tag?post=23355"}],"curies":[{"name":"wp","href":"https:\/\/api.w.org\/{rel}","templated":true}]}}