{"id":25728,"date":"2024-09-28T10:18:01","date_gmt":"2024-09-28T10:18:01","guid":{"rendered":"https:\/\/lescollectionsprivees.com\/?post_type=product&#038;p=25728"},"modified":"2025-03-10T15:28:18","modified_gmt":"2025-03-10T15:28:18","slug":"tharwah-zilver-eau-de-parfum","status":"publish","type":"product","link":"https:\/\/lescollectionsprivees.com\/nl\/parfum\/eau-de-parfum-tharwah-silver\/","title":{"rendered":"Eau de parfum Tharwah zilver 100ml - Lattafa Pride"},"content":{"rendered":"<p>L'<strong>Tharwah Zilver eau de parfum<\/strong> van <strong>Lattafa<\/strong> belichaamt de essentie van verfijning en elegantie. Deze <strong>gemengde geur<\/strong> is een echt juweeltje in de wereld van ori\u00ebntaalse geuren. Het voegt zich bij de grote Lattafa-familie om ieders olfactorische verlangens te bevredigen.<\/p>\n<h2><strong>Presentatie van Tharwah Silver by Lattafa parfum<\/strong><\/h2>\n<p>Deze geur trekt meteen je aandacht met een fris, verkwikkend akkoord. Bergamot, met zijn sprankelende citruskarakter, ontmoet verfrissende munt. Deze dynamische opening ontwaakt de zintuigen en luidt een buitengewone olfactorische ervaring in.<\/p>\n<p>Het hart van Tharwah Silver onthult dan al zijn bloemige delicatesse. De <strong>salie<\/strong> en de <a href=\"https:\/\/lescollectionsprivees.com\/nl\/geur\/spray-textiel-lavendel-mosco-paris\/\"><strong>lavendel<\/strong><\/a>De zorgvuldig uitgebalanceerde aromatische en kruidige noten voegen een vleugje zeldzame elegantie toe. Deze zoete <strong>bloemige noten<\/strong> geven de geur een vleugje verfijning dat liefhebbers van verfijnde geuren zeker zal aanspreken.<\/p>\n<p>Tot slot komt de achtergrond om de hoek kijken, met de nadruk op de <strong>ceder<\/strong> majestueus en de <strong>musk<\/strong>. De <strong>vetiver<\/strong> Een aardse geur voegt zich er ook bij om een warm spoor te cre\u00ebren. Deze houtachtige, muskusachtige basis voegt een vleugje mysterie en verleiding toe die de hele score sublimeert.<\/p>\n<h2><strong>Parfum Tharwah Silver: onbetwistbare geurkwaliteit<\/strong><\/h2>\n<p>Het huis van Lattafa, bekend om zijn expertise in de kunst van het <strong>oosterse parfumerie<\/strong>laat opnieuw zien uitzonderlijke geuren te kunnen cre\u00ebren. Deze <strong>gemengde geur<\/strong> is het resultaat van een mix van ori\u00ebntaalse traditie en moderne olfactorische innovatie. Het resultaat is een geur die zowel tijdloos als resoluut eigentijds is.<\/p>\n<p>Tharwah Silver onderscheidt zich door zijn veelzijdigheid. Deze geur is ontworpen voor zowel mannen als vrouwen en is bedoeld voor mensen die van gedistingeerde geuren houden. Het is perfect voor wie een elegante geur wil voor elke dag, maar ook voor speciale gelegenheden.<\/p>\n<h3><strong>De reukzin sublimeert je<\/strong><\/h3>\n<p>Tharwah Silver nodigt je uit om een wereld te ontdekken waar frisheid en sensualiteit elkaar ontmoeten, waar elegantie en moderniteit elkaar ontmoeten. Onderscheid je dus van de massa en laat je persoonlijkheid gelden met deze geur. <strong>ori\u00ebntaalse geur<\/strong> verfijnd.<\/p>","protected":false},"excerpt":{"rendered":"<p><strong><u>Technische gegevens :<\/u><\/strong><\/p>\n<p><strong>Naam parfum<\/strong> Tharwah Zilver<br \/>\n<strong>Merk<\/strong> : Lattafa Pride door Lattafa<br \/>\n<strong>Type<\/strong> Gemengd<br \/>\n<strong>Capaciteit<\/strong> 100 ml<\/p>\n<p><strong><u>Geur :<\/u><\/strong><\/p>\n<p><strong>Topnoten<\/strong> Munt, bergamot<br \/>\n<strong>Hartnoten<\/strong> Scharlei, lavendel<br \/>\n<strong>Basisnoten<\/strong> Ceder, muskus, vetiver<\/p>\n<p>&nbsp;<\/p>","protected":false},"featured_media":25773,"template":"","meta":[],"product_brand":[],"product_cat":[227,336,236,15,287],"product_tag":[],"class_list":{"0":"post-25728","1":"product","2":"type-product","3":"status-publish","4":"has-post-thumbnail","6":"product_cat-parfum-lattafa","7":"product_cat-lattafa-pride","8":"product_cat-parfum-musque","9":"product_cat-parfums-de-dubai","10":"product_cat-parfums-orientaux","12":"first","13":"instock","14":"taxable","15":"shipping-taxable","16":"purchasable","17":"product-type-simple"},"yoast_head":"<!-- This site is optimized with the Yoast SEO plugin v27.5 - https:\/\/yoast.com\/product\/yoast-seo-wordpress\/ -->\n<title>Tharwah silver | Eau de parfum 100ml | Collection Lattafa Pride<\/title>\n<meta name=\"description\" content=\"L&#039;eau de parfum Tharwah Silver de Lattafa incarne l&#039;essence m\u00eame du raffinement et de l&#039;\u00e9l\u00e9gance. Adoptez-l\u00e0 sans plus attendre !\" \/>\n<meta name=\"robots\" content=\"index, follow, max-snippet:-1, max-image-preview:large, max-video-preview:-1\" \/>\n<link rel=\"canonical\" href=\"https:\/\/lescollectionsprivees.com\/nl\/geur\/tharwah-zilver-eau-de-parfum\/\" \/>\n<meta property=\"og:locale\" content=\"nl_NL\" \/>\n<meta property=\"og:type\" content=\"article\" \/>\n<meta property=\"og:title\" content=\"Tharwah silver | Eau de parfum 100ml | Collection Lattafa Pride\" \/>\n<meta property=\"og:description\" content=\"L&#039;eau de parfum Tharwah Silver de Lattafa incarne l&#039;essence m\u00eame du raffinement et de l&#039;\u00e9l\u00e9gance. Adoptez-l\u00e0 sans plus attendre !\" \/>\n<meta property=\"og:url\" content=\"https:\/\/lescollectionsprivees.com\/nl\/geur\/tharwah-zilver-eau-de-parfum\/\" \/>\n<meta property=\"og:site_name\" content=\"Les Collections Priv\u00e9es\" \/>\n<meta property=\"article:modified_time\" content=\"2025-03-10T15:28:18+00:00\" \/>\n<meta property=\"og:image\" content=\"https:\/\/lescollectionsprivees.com\/wp-content\/uploads\/2023\/08\/parfum-tharwah-silver-lattafa.jpg\" \/>\n\t<meta property=\"og:image:width\" content=\"600\" \/>\n\t<meta property=\"og:image:height\" content=\"600\" \/>\n\t<meta property=\"og:image:type\" content=\"image\/jpeg\" \/>\n<meta name=\"twitter:card\" content=\"summary_large_image\" \/>\n<meta name=\"twitter:label1\" content=\"Geschatte leestijd\" \/>\n\t<meta name=\"twitter:data1\" content=\"2 minuten\" \/>\n<script type=\"application\/ld+json\" class=\"yoast-schema-graph\">{\"@context\":\"https:\\\/\\\/schema.org\",\"@graph\":[{\"@type\":\"WebPage\",\"@id\":\"https:\\\/\\\/lescollectionsprivees.com\\\/parfum\\\/eau-de-parfum-tharwah-silver\\\/\",\"url\":\"https:\\\/\\\/lescollectionsprivees.com\\\/parfum\\\/eau-de-parfum-tharwah-silver\\\/\",\"name\":\"Tharwah silver | Eau de parfum 100ml | Collection Lattafa Pride\",\"isPartOf\":{\"@id\":\"https:\\\/\\\/lescollectionsprivees.com\\\/#website\"},\"primaryImageOfPage\":{\"@id\":\"https:\\\/\\\/lescollectionsprivees.com\\\/parfum\\\/eau-de-parfum-tharwah-silver\\\/#primaryimage\"},\"image\":{\"@id\":\"https:\\\/\\\/lescollectionsprivees.com\\\/parfum\\\/eau-de-parfum-tharwah-silver\\\/#primaryimage\"},\"thumbnailUrl\":\"https:\\\/\\\/lescollectionsprivees.com\\\/wp-content\\\/uploads\\\/2023\\\/08\\\/parfum-tharwah-silver-lattafa.jpg\",\"datePublished\":\"2024-09-28T10:18:01+00:00\",\"dateModified\":\"2025-03-10T15:28:18+00:00\",\"description\":\"L'eau de parfum Tharwah Silver de Lattafa incarne l'essence m\u00eame du raffinement et de l'\u00e9l\u00e9gance. Adoptez-l\u00e0 sans plus attendre !\",\"breadcrumb\":{\"@id\":\"https:\\\/\\\/lescollectionsprivees.com\\\/parfum\\\/eau-de-parfum-tharwah-silver\\\/#breadcrumb\"},\"inLanguage\":\"nl-NL\",\"potentialAction\":[{\"@type\":\"ReadAction\",\"target\":[\"https:\\\/\\\/lescollectionsprivees.com\\\/parfum\\\/eau-de-parfum-tharwah-silver\\\/\"]}]},{\"@type\":\"ImageObject\",\"inLanguage\":\"nl-NL\",\"@id\":\"https:\\\/\\\/lescollectionsprivees.com\\\/parfum\\\/eau-de-parfum-tharwah-silver\\\/#primaryimage\",\"url\":\"https:\\\/\\\/lescollectionsprivees.com\\\/wp-content\\\/uploads\\\/2023\\\/08\\\/parfum-tharwah-silver-lattafa.jpg\",\"contentUrl\":\"https:\\\/\\\/lescollectionsprivees.com\\\/wp-content\\\/uploads\\\/2023\\\/08\\\/parfum-tharwah-silver-lattafa.jpg\",\"width\":600,\"height\":600},{\"@type\":\"BreadcrumbList\",\"@id\":\"https:\\\/\\\/lescollectionsprivees.com\\\/parfum\\\/eau-de-parfum-tharwah-silver\\\/#breadcrumb\",\"itemListElement\":[{\"@type\":\"ListItem\",\"position\":1,\"name\":\"Accueil\",\"item\":\"https:\\\/\\\/lescollectionsprivees.com\\\/\"},{\"@type\":\"ListItem\",\"position\":2,\"name\":\"Boutique\",\"item\":\"https:\\\/\\\/lescollectionsprivees.com\\\/boutique\\\/\"},{\"@type\":\"ListItem\",\"position\":3,\"name\":\"Eau de parfum Tharwah silver 100ml \u2013 Lattafa Pride\"}]},{\"@type\":\"WebSite\",\"@id\":\"https:\\\/\\\/lescollectionsprivees.com\\\/#website\",\"url\":\"https:\\\/\\\/lescollectionsprivees.com\\\/\",\"name\":\"Les Collections Priv\u00e9es\",\"description\":\"\",\"publisher\":{\"@id\":\"https:\\\/\\\/lescollectionsprivees.com\\\/#organization\"},\"potentialAction\":[{\"@type\":\"SearchAction\",\"target\":{\"@type\":\"EntryPoint\",\"urlTemplate\":\"https:\\\/\\\/lescollectionsprivees.com\\\/?s={search_term_string}\"},\"query-input\":{\"@type\":\"PropertyValueSpecification\",\"valueRequired\":true,\"valueName\":\"search_term_string\"}}],\"inLanguage\":\"nl-NL\"},{\"@type\":\"Organization\",\"@id\":\"https:\\\/\\\/lescollectionsprivees.com\\\/#organization\",\"name\":\"Les Collections Priv\u00e9es\",\"url\":\"https:\\\/\\\/lescollectionsprivees.com\\\/\",\"logo\":{\"@type\":\"ImageObject\",\"inLanguage\":\"nl-NL\",\"@id\":\"https:\\\/\\\/lescollectionsprivees.com\\\/#\\\/schema\\\/logo\\\/image\\\/\",\"url\":\"https:\\\/\\\/lescollectionsprivees.com\\\/wp-content\\\/uploads\\\/2020\\\/02\\\/Logo-Les-Collections-Priv\u00e9es-450x450-1.png\",\"contentUrl\":\"https:\\\/\\\/lescollectionsprivees.com\\\/wp-content\\\/uploads\\\/2020\\\/02\\\/Logo-Les-Collections-Priv\u00e9es-450x450-1.png\",\"width\":450,\"height\":450,\"caption\":\"Les Collections Priv\u00e9es\"},\"image\":{\"@id\":\"https:\\\/\\\/lescollectionsprivees.com\\\/#\\\/schema\\\/logo\\\/image\\\/\"}}]}<\/script>\n<!-- \/ Yoast SEO plugin. -->","yoast_head_json":{"title":"Tharwah zilver | Eau de parfum 100ml | Lattafa Pride Collectie","description":"Tharwah Silver eau de parfum van Lattafa belichaamt de essentie van verfijning en elegantie. Adopteer het zonder vertraging!","robots":{"index":"index","follow":"follow","max-snippet":"max-snippet:-1","max-image-preview":"max-image-preview:large","max-video-preview":"max-video-preview:-1"},"canonical":"https:\/\/lescollectionsprivees.com\/nl\/geur\/tharwah-zilver-eau-de-parfum\/","og_locale":"nl_NL","og_type":"article","og_title":"Tharwah silver | Eau de parfum 100ml | Collection Lattafa Pride","og_description":"L'eau de parfum Tharwah Silver de Lattafa incarne l'essence m\u00eame du raffinement et de l'\u00e9l\u00e9gance. Adoptez-l\u00e0 sans plus attendre !","og_url":"https:\/\/lescollectionsprivees.com\/nl\/geur\/tharwah-zilver-eau-de-parfum\/","og_site_name":"Les Collections Priv\u00e9es","article_modified_time":"2025-03-10T15:28:18+00:00","og_image":[{"width":600,"height":600,"url":"https:\/\/lescollectionsprivees.com\/wp-content\/uploads\/2023\/08\/parfum-tharwah-silver-lattafa.jpg","type":"image\/jpeg"}],"twitter_card":"summary_large_image","twitter_misc":{"Geschatte leestijd":"2 minuten"},"schema":{"@context":"https:\/\/schema.org","@graph":[{"@type":"WebPage","@id":"https:\/\/lescollectionsprivees.com\/parfum\/eau-de-parfum-tharwah-silver\/","url":"https:\/\/lescollectionsprivees.com\/parfum\/eau-de-parfum-tharwah-silver\/","name":"Tharwah zilver | Eau de parfum 100ml | Lattafa Pride Collectie","isPartOf":{"@id":"https:\/\/lescollectionsprivees.com\/#website"},"primaryImageOfPage":{"@id":"https:\/\/lescollectionsprivees.com\/parfum\/eau-de-parfum-tharwah-silver\/#primaryimage"},"image":{"@id":"https:\/\/lescollectionsprivees.com\/parfum\/eau-de-parfum-tharwah-silver\/#primaryimage"},"thumbnailUrl":"https:\/\/lescollectionsprivees.com\/wp-content\/uploads\/2023\/08\/parfum-tharwah-silver-lattafa.jpg","datePublished":"2024-09-28T10:18:01+00:00","dateModified":"2025-03-10T15:28:18+00:00","description":"Tharwah Silver eau de parfum van Lattafa belichaamt de essentie van verfijning en elegantie. Adopteer het zonder vertraging!","breadcrumb":{"@id":"https:\/\/lescollectionsprivees.com\/parfum\/eau-de-parfum-tharwah-silver\/#breadcrumb"},"inLanguage":"nl-NL","potentialAction":[{"@type":"ReadAction","target":["https:\/\/lescollectionsprivees.com\/parfum\/eau-de-parfum-tharwah-silver\/"]}]},{"@type":"ImageObject","inLanguage":"nl-NL","@id":"https:\/\/lescollectionsprivees.com\/parfum\/eau-de-parfum-tharwah-silver\/#primaryimage","url":"https:\/\/lescollectionsprivees.com\/wp-content\/uploads\/2023\/08\/parfum-tharwah-silver-lattafa.jpg","contentUrl":"https:\/\/lescollectionsprivees.com\/wp-content\/uploads\/2023\/08\/parfum-tharwah-silver-lattafa.jpg","width":600,"height":600},{"@type":"BreadcrumbList","@id":"https:\/\/lescollectionsprivees.com\/parfum\/eau-de-parfum-tharwah-silver\/#breadcrumb","itemListElement":[{"@type":"ListItem","position":1,"name":"Accueil","item":"https:\/\/lescollectionsprivees.com\/"},{"@type":"ListItem","position":2,"name":"Boutique","item":"https:\/\/lescollectionsprivees.com\/boutique\/"},{"@type":"ListItem","position":3,"name":"Eau de parfum Tharwah silver 100ml \u2013 Lattafa Pride"}]},{"@type":"WebSite","@id":"https:\/\/lescollectionsprivees.com\/#website","url":"https:\/\/lescollectionsprivees.com\/","name":"Priv\u00e9collecties","description":"","publisher":{"@id":"https:\/\/lescollectionsprivees.com\/#organization"},"potentialAction":[{"@type":"SearchAction","target":{"@type":"EntryPoint","urlTemplate":"https:\/\/lescollectionsprivees.com\/?s={search_term_string}"},"query-input":{"@type":"PropertyValueSpecification","valueRequired":true,"valueName":"search_term_string"}}],"inLanguage":"nl-NL"},{"@type":"Organization","@id":"https:\/\/lescollectionsprivees.com\/#organization","name":"Priv\u00e9collecties","url":"https:\/\/lescollectionsprivees.com\/","logo":{"@type":"ImageObject","inLanguage":"nl-NL","@id":"https:\/\/lescollectionsprivees.com\/#\/schema\/logo\/image\/","url":"https:\/\/lescollectionsprivees.com\/wp-content\/uploads\/2020\/02\/Logo-Les-Collections-Priv\u00e9es-450x450-1.png","contentUrl":"https:\/\/lescollectionsprivees.com\/wp-content\/uploads\/2020\/02\/Logo-Les-Collections-Priv\u00e9es-450x450-1.png","width":450,"height":450,"caption":"Les Collections Priv\u00e9es"},"image":{"@id":"https:\/\/lescollectionsprivees.com\/#\/schema\/logo\/image\/"}}]}},"_links":{"self":[{"href":"https:\/\/lescollectionsprivees.com\/nl\/wp-json\/wp\/v2\/product\/25728","targetHints":{"allow":["GET"]}}],"collection":[{"href":"https:\/\/lescollectionsprivees.com\/nl\/wp-json\/wp\/v2\/product"}],"about":[{"href":"https:\/\/lescollectionsprivees.com\/nl\/wp-json\/wp\/v2\/types\/product"}],"wp:featuredmedia":[{"embeddable":true,"href":"https:\/\/lescollectionsprivees.com\/nl\/wp-json\/wp\/v2\/media\/25773"}],"wp:attachment":[{"href":"https:\/\/lescollectionsprivees.com\/nl\/wp-json\/wp\/v2\/media?parent=25728"}],"wp:term":[{"taxonomy":"product_brand","embeddable":true,"href":"https:\/\/lescollectionsprivees.com\/nl\/wp-json\/wp\/v2\/product_brand?post=25728"},{"taxonomy":"product_cat","embeddable":true,"href":"https:\/\/lescollectionsprivees.com\/nl\/wp-json\/wp\/v2\/product_cat?post=25728"},{"taxonomy":"product_tag","embeddable":true,"href":"https:\/\/lescollectionsprivees.com\/nl\/wp-json\/wp\/v2\/product_tag?post=25728"}],"curies":[{"name":"wp","href":"https:\/\/api.w.org\/{rel}","templated":true}]}}