{"id":26661,"date":"2023-11-08T09:03:52","date_gmt":"2023-11-08T09:03:52","guid":{"rendered":"https:\/\/lescollectionsprivees.com\/?post_type=product&#038;p=26661"},"modified":"2024-08-24T10:13:53","modified_gmt":"2024-08-24T10:13:53","slug":"maghateer-eau-de-parfum","status":"publish","type":"product","link":"https:\/\/lescollectionsprivees.com\/nl\/parfum\/eau-de-parfum-maghateer\/","title":{"rendered":"Maghateer Eau de Parfum 100ml - Nabeel Parfums"},"content":{"rendered":"<p>Deze sublieme geur is een apotheose van elegantie en verfijning.\u00a0<strong>Maghateer eau de parfum<\/strong>\u00a0weerspiegelt<strong>\u00a0een complex spoor van karakter dat zeker in de smaak zal vallen.<\/strong>\u00a0Dit is een hoogwaardige creatie met een intens complexe geur. Een geur die je ongetwijfeld voor zich zal winnen.\u00a0<strong>Laat je zonder omhaal meeslepen.<\/strong><\/p>\n<h2><strong>Maghateer eau de parfum: een fascinerende geur<\/strong><\/h2>\n<p>Het woord is zeker goed gekozen. Want dit is een geur om je aan te vergapen. Deze creatie is gebaseerd op\u00a0<strong>een schat aan uitzonderlijke geuren.<\/strong>\u00a0Dat maakt deze geur tot een\u00a0<strong>een uniek olfactorisch moment zonder verplichtingen.\u00a0<\/strong><\/p>\n<p>Zowel mannen als vrouwen zullen ongetwijfeld opgetogen zijn over de vele\u00a0<strong>diepte, intensiteit, originaliteit en verfijning.\u00a0<\/strong><\/p>\n<h2><strong>Een absoluut gedenkwaardige ori\u00ebntaalse geur<\/strong><\/h2>\n<p>Als je dit sublieme flesje opent, ontdek je een diep ori\u00ebntaalse geur waar maar weinig andere ontwerpen aan kunnen tippen.<\/p>\n<p>Maghateer eau de parfum is als volgt\u00a0<strong>een houtachtige, bloemige en frisse geur.<\/strong>\u00a0Het biedt echter ook\u00a0<strong>een verleidelijk vleugje sensualiteit en exotisme.<\/strong>\u00a0En een ons noten\u00a0<strong>fruitig en pittig.<\/strong>\u00a0Tot slot vinden we de\u00a0<strong>warme tip<\/strong>\u00a0dat ons ontroert. Niet in de laatste plaats door de aanwezigheid van ongelooflijk luxe ingredi\u00ebnten. Zoals we al zeiden, is deze samenstelling duidelijk geraffineerd en rijk.<\/p>\n<p>Laat je verlangens voor zichzelf spreken. En geef jezelf de kans om deze geur van Nabeel te ontdekken.<\/p>\n<h3><strong>Onze selectie van Nabeel parfum<\/strong><\/h3>\n<p>Bij je favoriete parfumerie hebben we de grootste olfactorische avonturen van parfumeur Nabeel geselecteerd. Dus als je een reis wilt maken door elke geur die je draagt, kies dan voor de geparfumeerde schatten van het bovengenoemde huis.<\/p>\n<p><strong>Al Bashiq eau de parfum, Dahn al Oud, of zelfs <a href=\"https:\/\/lescollectionsprivees.com\/nl\/geur\/asateer-eau-de-parfum\/\">Asateer<\/a>,<\/strong>\u00a0Vind de geur waar je van houdt. En eentje die je ongetwijfeld zal sublimeren op een subtiele en verfijnde manier.<\/p>","protected":false},"excerpt":{"rendered":"<p><strong>Geur :<\/strong><\/p>\n<p><strong>Topnoten<\/strong> Roos, Roze peper, Kaneel, Bulgaarse roos, Turkse roos, Bergamot, Zoete sinaasappel, Kruidige noten, Damascener roos, Elemi, Fruitige noten, Witte bloemen, Nootmuskaat, Kardemom, Koffie, Frutta Secca, Gekonfijte vruchten<br \/>\n<strong>Hartnoten<\/strong> Oud, sandelhout, leer, vanillebessen, cypriol, patchoeli, sandelhout, vetiver, benzo\u00ebhars, koriander, gember, styrax, zoete noten, ylang-ylang, kruidnagel, geranium.<br \/>\n<strong>Basisnoten<\/strong> Geuren: guajakhout, benzo\u00eb, vanille, labdanum, gekarameliseerde suiker, castoreum, sandelhout, wierook, karamel, amber, mossen, cistus labdanum, muskus, agarhout, eikenmos.<\/p>","protected":false},"featured_media":26666,"template":"","meta":[],"product_brand":[],"product_cat":[278,203,201,202,265,208],"product_tag":[],"class_list":{"0":"post-26661","1":"product","2":"type-product","3":"status-publish","4":"has-post-thumbnail","6":"product_cat-nabeel-perfumes","7":"product_cat-parfum-ambre","8":"product_cat-parfum-femme","9":"product_cat-parfum-homme","10":"product_cat-parfum-patchouli","11":"product_cat-parfum-vanille","13":"first","14":"outofstock","15":"taxable","16":"shipping-taxable","17":"purchasable","18":"product-type-simple"},"yoast_head":"<!-- This site is optimized with the Yoast SEO plugin v27.5 - https:\/\/yoast.com\/product\/yoast-seo-wordpress\/ -->\n<title>Maghateer | Eau de parfum 100ml | Collection Nabeel Perfumes<\/title>\n<meta name=\"description\" content=\"L&#039;eau de parfum Maghateer\u00a0refl\u00e8te\u00a0un sillage complexe de caract\u00e8re qui plait sans conteste. Adoptez-l\u00e0 sans plus attendre \u00e7\" \/>\n<meta name=\"robots\" content=\"index, follow, max-snippet:-1, max-image-preview:large, max-video-preview:-1\" \/>\n<link rel=\"canonical\" href=\"https:\/\/lescollectionsprivees.com\/nl\/geur\/maghateer-eau-de-parfum\/\" \/>\n<meta property=\"og:locale\" content=\"nl_NL\" \/>\n<meta property=\"og:type\" content=\"article\" \/>\n<meta property=\"og:title\" content=\"Maghateer | Eau de parfum 100ml | Collection Nabeel Perfumes\" \/>\n<meta property=\"og:description\" content=\"L&#039;eau de parfum Maghateer\u00a0refl\u00e8te\u00a0un sillage complexe de caract\u00e8re qui plait sans conteste. Adoptez-l\u00e0 sans plus attendre \u00e7\" \/>\n<meta property=\"og:url\" content=\"https:\/\/lescollectionsprivees.com\/nl\/geur\/maghateer-eau-de-parfum\/\" \/>\n<meta property=\"og:site_name\" content=\"Les Collections Priv\u00e9es\" \/>\n<meta property=\"article:modified_time\" content=\"2024-08-24T10:13:53+00:00\" \/>\n<meta property=\"og:image\" content=\"https:\/\/lescollectionsprivees.com\/wp-content\/uploads\/2023\/11\/eau-de-parfum-maqhateer-nabeel-perfumes.jpg\" \/>\n\t<meta property=\"og:image:width\" content=\"600\" \/>\n\t<meta property=\"og:image:height\" content=\"600\" \/>\n\t<meta property=\"og:image:type\" content=\"image\/jpeg\" \/>\n<meta name=\"twitter:card\" content=\"summary_large_image\" \/>\n<meta name=\"twitter:label1\" content=\"Geschatte leestijd\" \/>\n\t<meta name=\"twitter:data1\" content=\"2 minuten\" \/>\n<script type=\"application\/ld+json\" class=\"yoast-schema-graph\">{\"@context\":\"https:\\\/\\\/schema.org\",\"@graph\":[{\"@type\":\"WebPage\",\"@id\":\"https:\\\/\\\/lescollectionsprivees.com\\\/parfum\\\/eau-de-parfum-maghateer\\\/\",\"url\":\"https:\\\/\\\/lescollectionsprivees.com\\\/parfum\\\/eau-de-parfum-maghateer\\\/\",\"name\":\"Maghateer | Eau de parfum 100ml | Collection Nabeel Perfumes\",\"isPartOf\":{\"@id\":\"https:\\\/\\\/lescollectionsprivees.com\\\/#website\"},\"primaryImageOfPage\":{\"@id\":\"https:\\\/\\\/lescollectionsprivees.com\\\/parfum\\\/eau-de-parfum-maghateer\\\/#primaryimage\"},\"image\":{\"@id\":\"https:\\\/\\\/lescollectionsprivees.com\\\/parfum\\\/eau-de-parfum-maghateer\\\/#primaryimage\"},\"thumbnailUrl\":\"https:\\\/\\\/lescollectionsprivees.com\\\/wp-content\\\/uploads\\\/2023\\\/11\\\/eau-de-parfum-maqhateer-nabeel-perfumes.jpg\",\"datePublished\":\"2023-11-08T09:03:52+00:00\",\"dateModified\":\"2024-08-24T10:13:53+00:00\",\"description\":\"L'eau de parfum Maghateer\u00a0refl\u00e8te\u00a0un sillage complexe de caract\u00e8re qui plait sans conteste. Adoptez-l\u00e0 sans plus attendre \u00e7\",\"breadcrumb\":{\"@id\":\"https:\\\/\\\/lescollectionsprivees.com\\\/parfum\\\/eau-de-parfum-maghateer\\\/#breadcrumb\"},\"inLanguage\":\"nl-NL\",\"potentialAction\":[{\"@type\":\"ReadAction\",\"target\":[\"https:\\\/\\\/lescollectionsprivees.com\\\/parfum\\\/eau-de-parfum-maghateer\\\/\"]}]},{\"@type\":\"ImageObject\",\"inLanguage\":\"nl-NL\",\"@id\":\"https:\\\/\\\/lescollectionsprivees.com\\\/parfum\\\/eau-de-parfum-maghateer\\\/#primaryimage\",\"url\":\"https:\\\/\\\/lescollectionsprivees.com\\\/wp-content\\\/uploads\\\/2023\\\/11\\\/eau-de-parfum-maqhateer-nabeel-perfumes.jpg\",\"contentUrl\":\"https:\\\/\\\/lescollectionsprivees.com\\\/wp-content\\\/uploads\\\/2023\\\/11\\\/eau-de-parfum-maqhateer-nabeel-perfumes.jpg\",\"width\":600,\"height\":600,\"caption\":\"Eau de parfum Maghateer 100ml - Nabeel Perfumes\"},{\"@type\":\"BreadcrumbList\",\"@id\":\"https:\\\/\\\/lescollectionsprivees.com\\\/parfum\\\/eau-de-parfum-maghateer\\\/#breadcrumb\",\"itemListElement\":[{\"@type\":\"ListItem\",\"position\":1,\"name\":\"Accueil\",\"item\":\"https:\\\/\\\/lescollectionsprivees.com\\\/\"},{\"@type\":\"ListItem\",\"position\":2,\"name\":\"Boutique\",\"item\":\"https:\\\/\\\/lescollectionsprivees.com\\\/boutique\\\/\"},{\"@type\":\"ListItem\",\"position\":3,\"name\":\"Eau de parfum Maghateer 100ml &#8211; Nabeel Perfumes\"}]},{\"@type\":\"WebSite\",\"@id\":\"https:\\\/\\\/lescollectionsprivees.com\\\/#website\",\"url\":\"https:\\\/\\\/lescollectionsprivees.com\\\/\",\"name\":\"Les Collections Priv\u00e9es\",\"description\":\"\",\"publisher\":{\"@id\":\"https:\\\/\\\/lescollectionsprivees.com\\\/#organization\"},\"potentialAction\":[{\"@type\":\"SearchAction\",\"target\":{\"@type\":\"EntryPoint\",\"urlTemplate\":\"https:\\\/\\\/lescollectionsprivees.com\\\/?s={search_term_string}\"},\"query-input\":{\"@type\":\"PropertyValueSpecification\",\"valueRequired\":true,\"valueName\":\"search_term_string\"}}],\"inLanguage\":\"nl-NL\"},{\"@type\":\"Organization\",\"@id\":\"https:\\\/\\\/lescollectionsprivees.com\\\/#organization\",\"name\":\"Les Collections Priv\u00e9es\",\"url\":\"https:\\\/\\\/lescollectionsprivees.com\\\/\",\"logo\":{\"@type\":\"ImageObject\",\"inLanguage\":\"nl-NL\",\"@id\":\"https:\\\/\\\/lescollectionsprivees.com\\\/#\\\/schema\\\/logo\\\/image\\\/\",\"url\":\"https:\\\/\\\/lescollectionsprivees.com\\\/wp-content\\\/uploads\\\/2020\\\/02\\\/Logo-Les-Collections-Priv\u00e9es-450x450-1.png\",\"contentUrl\":\"https:\\\/\\\/lescollectionsprivees.com\\\/wp-content\\\/uploads\\\/2020\\\/02\\\/Logo-Les-Collections-Priv\u00e9es-450x450-1.png\",\"width\":450,\"height\":450,\"caption\":\"Les Collections Priv\u00e9es\"},\"image\":{\"@id\":\"https:\\\/\\\/lescollectionsprivees.com\\\/#\\\/schema\\\/logo\\\/image\\\/\"}}]}<\/script>\n<!-- \/ Yoast SEO plugin. -->","yoast_head_json":{"title":"Maghateer | Eau de parfum 100ml | Nabeel Collectie Parfums","description":"Maghateer eau de parfum heeft een complex karakter dat zeker in de smaak zal vallen. Neem het zonder meer aan \u00e7","robots":{"index":"index","follow":"follow","max-snippet":"max-snippet:-1","max-image-preview":"max-image-preview:large","max-video-preview":"max-video-preview:-1"},"canonical":"https:\/\/lescollectionsprivees.com\/nl\/geur\/maghateer-eau-de-parfum\/","og_locale":"nl_NL","og_type":"article","og_title":"Maghateer | Eau de parfum 100ml | Collection Nabeel Perfumes","og_description":"L'eau de parfum Maghateer\u00a0refl\u00e8te\u00a0un sillage complexe de caract\u00e8re qui plait sans conteste. Adoptez-l\u00e0 sans plus attendre \u00e7","og_url":"https:\/\/lescollectionsprivees.com\/nl\/geur\/maghateer-eau-de-parfum\/","og_site_name":"Les Collections Priv\u00e9es","article_modified_time":"2024-08-24T10:13:53+00:00","og_image":[{"width":600,"height":600,"url":"https:\/\/lescollectionsprivees.com\/wp-content\/uploads\/2023\/11\/eau-de-parfum-maqhateer-nabeel-perfumes.jpg","type":"image\/jpeg"}],"twitter_card":"summary_large_image","twitter_misc":{"Geschatte leestijd":"2 minuten"},"schema":{"@context":"https:\/\/schema.org","@graph":[{"@type":"WebPage","@id":"https:\/\/lescollectionsprivees.com\/parfum\/eau-de-parfum-maghateer\/","url":"https:\/\/lescollectionsprivees.com\/parfum\/eau-de-parfum-maghateer\/","name":"Maghateer | Eau de parfum 100ml | Nabeel Collectie Parfums","isPartOf":{"@id":"https:\/\/lescollectionsprivees.com\/#website"},"primaryImageOfPage":{"@id":"https:\/\/lescollectionsprivees.com\/parfum\/eau-de-parfum-maghateer\/#primaryimage"},"image":{"@id":"https:\/\/lescollectionsprivees.com\/parfum\/eau-de-parfum-maghateer\/#primaryimage"},"thumbnailUrl":"https:\/\/lescollectionsprivees.com\/wp-content\/uploads\/2023\/11\/eau-de-parfum-maqhateer-nabeel-perfumes.jpg","datePublished":"2023-11-08T09:03:52+00:00","dateModified":"2024-08-24T10:13:53+00:00","description":"Maghateer eau de parfum heeft een complex karakter dat zeker in de smaak zal vallen. Neem het zonder meer aan \u00e7","breadcrumb":{"@id":"https:\/\/lescollectionsprivees.com\/parfum\/eau-de-parfum-maghateer\/#breadcrumb"},"inLanguage":"nl-NL","potentialAction":[{"@type":"ReadAction","target":["https:\/\/lescollectionsprivees.com\/parfum\/eau-de-parfum-maghateer\/"]}]},{"@type":"ImageObject","inLanguage":"nl-NL","@id":"https:\/\/lescollectionsprivees.com\/parfum\/eau-de-parfum-maghateer\/#primaryimage","url":"https:\/\/lescollectionsprivees.com\/wp-content\/uploads\/2023\/11\/eau-de-parfum-maqhateer-nabeel-perfumes.jpg","contentUrl":"https:\/\/lescollectionsprivees.com\/wp-content\/uploads\/2023\/11\/eau-de-parfum-maqhateer-nabeel-perfumes.jpg","width":600,"height":600,"caption":"Eau de parfum Maghateer 100ml - Nabeel Perfumes"},{"@type":"BreadcrumbList","@id":"https:\/\/lescollectionsprivees.com\/parfum\/eau-de-parfum-maghateer\/#breadcrumb","itemListElement":[{"@type":"ListItem","position":1,"name":"Accueil","item":"https:\/\/lescollectionsprivees.com\/"},{"@type":"ListItem","position":2,"name":"Boutique","item":"https:\/\/lescollectionsprivees.com\/boutique\/"},{"@type":"ListItem","position":3,"name":"Eau de parfum Maghateer 100ml &#8211; Nabeel Perfumes"}]},{"@type":"WebSite","@id":"https:\/\/lescollectionsprivees.com\/#website","url":"https:\/\/lescollectionsprivees.com\/","name":"Priv\u00e9collecties","description":"","publisher":{"@id":"https:\/\/lescollectionsprivees.com\/#organization"},"potentialAction":[{"@type":"SearchAction","target":{"@type":"EntryPoint","urlTemplate":"https:\/\/lescollectionsprivees.com\/?s={search_term_string}"},"query-input":{"@type":"PropertyValueSpecification","valueRequired":true,"valueName":"search_term_string"}}],"inLanguage":"nl-NL"},{"@type":"Organization","@id":"https:\/\/lescollectionsprivees.com\/#organization","name":"Priv\u00e9collecties","url":"https:\/\/lescollectionsprivees.com\/","logo":{"@type":"ImageObject","inLanguage":"nl-NL","@id":"https:\/\/lescollectionsprivees.com\/#\/schema\/logo\/image\/","url":"https:\/\/lescollectionsprivees.com\/wp-content\/uploads\/2020\/02\/Logo-Les-Collections-Priv\u00e9es-450x450-1.png","contentUrl":"https:\/\/lescollectionsprivees.com\/wp-content\/uploads\/2020\/02\/Logo-Les-Collections-Priv\u00e9es-450x450-1.png","width":450,"height":450,"caption":"Les Collections Priv\u00e9es"},"image":{"@id":"https:\/\/lescollectionsprivees.com\/#\/schema\/logo\/image\/"}}]}},"_links":{"self":[{"href":"https:\/\/lescollectionsprivees.com\/nl\/wp-json\/wp\/v2\/product\/26661","targetHints":{"allow":["GET"]}}],"collection":[{"href":"https:\/\/lescollectionsprivees.com\/nl\/wp-json\/wp\/v2\/product"}],"about":[{"href":"https:\/\/lescollectionsprivees.com\/nl\/wp-json\/wp\/v2\/types\/product"}],"wp:featuredmedia":[{"embeddable":true,"href":"https:\/\/lescollectionsprivees.com\/nl\/wp-json\/wp\/v2\/media\/26666"}],"wp:attachment":[{"href":"https:\/\/lescollectionsprivees.com\/nl\/wp-json\/wp\/v2\/media?parent=26661"}],"wp:term":[{"taxonomy":"product_brand","embeddable":true,"href":"https:\/\/lescollectionsprivees.com\/nl\/wp-json\/wp\/v2\/product_brand?post=26661"},{"taxonomy":"product_cat","embeddable":true,"href":"https:\/\/lescollectionsprivees.com\/nl\/wp-json\/wp\/v2\/product_cat?post=26661"},{"taxonomy":"product_tag","embeddable":true,"href":"https:\/\/lescollectionsprivees.com\/nl\/wp-json\/wp\/v2\/product_tag?post=26661"}],"curies":[{"name":"wp","href":"https:\/\/api.w.org\/{rel}","templated":true}]}}