{"id":28337,"date":"2024-02-13T16:41:18","date_gmt":"2024-02-13T16:41:18","guid":{"rendered":"https:\/\/lescollectionsprivees.com\/?post_type=product&#038;p=28337"},"modified":"2024-02-13T16:41:31","modified_gmt":"2024-02-13T16:41:31","slug":"eau-de-parfum-my-stone-100-ml-surrati","status":"publish","type":"product","link":"https:\/\/lescollectionsprivees.com\/nl\/parfum\/eau-de-parfum-my-stone-100-ml-surrati\/","title":{"rendered":"My Stone Eau de Parfum 100 ml - Surrati"},"content":{"rendered":"<p>Ontdek My Stone, een betoverend eau de parfum dat een blijvende indruk achterlaat. Gecre\u00eberd door Surrati, een gerenommeerd parfumhuis, is deze geur een waar meesterwerk. Met zijn unieke mix van noten is het ontworpen om de zintuigen te betoveren en een blijvende indruk achter te laten.<\/p>\n<h2><strong>Een zintuiglijke reis met My Stone eau de parfum<\/strong><\/h2>\n<p>Ga op een zintuiglijke reis met de<strong>Mijn Stone eau de parfum\u00a0<\/strong>en ontdek het plezier dat het brengt. Topnoten van bergamot uit Calabri\u00eb en sinaasappelbloesem uit Afrika zorgen voor een levendige, verfrissende opening die de stemming direct opfleurt.<\/p>\n<p>Als de geur tot rust komt, komen de hartnoten van tuberoos en Indiase jasmijn naar boven, die een vleugje elegantie toevoegen. De basisnoten van Virginia jeneverbes, Madagaskar vanille en witte muskus zorgen voor een warme, sensuele finish die blijft hangen op de huid.<\/p>\n<h2><strong>My Stone Eau de Parfum: een uniseks geur voor iedereen<\/strong><\/h2>\n<p>Deze creatie is een\u00a0<strong>veelzijdige geur<\/strong>\u00a0waarvan zowel mannen als vrouwen kunnen genieten. De uitgebalanceerde samenstelling maakt het geschikt voor alle gelegenheden. Of het nu gaat om een formeel evenement, een casual uitje of een romantische avond, het past bij je. De geur past zich aan aan de persoon die hem draagt en cre\u00ebert zo een unieke, persoonlijke en verleidelijke geur.<\/p>\n<p>Druk je individualiteit uit met deze geur en geniet ervan waar je ook gaat of staat.<\/p>\n<h3><strong>Gemaakt met uitmuntendheid en kwaliteit<\/strong><\/h3>\n<p>Surrati staat bekend om zijn streven naar uitmuntendheid en kwaliteit.\u00a0<strong><a href=\"https:\/\/luxurious-fragrances.com\/produit\/eau-de-parfum-ameer-al-oud\/\">Ameer al Oud<\/a>\u00a0<\/strong>en My Stone zijn daarop geen uitzondering. De geur is zorgvuldig samengesteld met de beste ingredi\u00ebnten, wat zorgt voor een luxueuze geur en langdurig dragen. De elegante flacon weerspiegelt het raffinement van de geur, waardoor het een perfecte aanvulling is op elke parfumcollectie. Ontdek de kunst en het vakmanschap van Surrati met geuren die bij je passen.<\/p>","protected":false},"excerpt":{"rendered":"<p><strong>Geur :<\/strong><\/p>\n<p><strong>Top noten<\/strong> Bergamot uit Calabri\u00eb, Afrikaanse sinaasappelbloesem<br \/>\n<strong>Hartnoten<\/strong> Tuberoos, Indiase jasmijn<br \/>\n<strong>Basisnoten<\/strong> Virginia jeneverbes, Madagaskar vanille, witte muskus<\/p>","protected":false},"featured_media":28350,"template":"","meta":[],"product_brand":[],"product_cat":[281],"product_tag":[],"class_list":{"0":"post-28337","1":"product","2":"type-product","3":"status-publish","4":"has-post-thumbnail","6":"product_cat-surrati","8":"first","9":"instock","10":"taxable","11":"shipping-taxable","12":"purchasable","13":"product-type-simple"},"yoast_head":"<!-- This site is optimized with the Yoast SEO plugin v27.5 - https:\/\/yoast.com\/product\/yoast-seo-wordpress\/ -->\n<title>Eau de parfum My Stone 100 ml - Surrati - Les Collections Priv\u00e9es<\/title>\n<meta name=\"robots\" content=\"index, follow, max-snippet:-1, max-image-preview:large, max-video-preview:-1\" \/>\n<link rel=\"canonical\" href=\"https:\/\/lescollectionsprivees.com\/nl\/geur\/eau-de-parfum-my-stone-100-ml-surrati\/\" \/>\n<meta property=\"og:locale\" content=\"nl_NL\" \/>\n<meta property=\"og:type\" content=\"article\" \/>\n<meta property=\"og:title\" content=\"Eau de parfum My Stone 100 ml - Surrati - Les Collections Priv\u00e9es\" \/>\n<meta property=\"og:description\" content=\"Notes olfactives :  Notes de T\u00eate : Bergamote de Calabria, Fleur d&#039;oranger d&#039;Afrique Notes de C\u0153ur : Tub\u00e9reuse, Jasmin d&#039;Inde Notes de Fond : Gen\u00e9vrier de Virginie, Vanille de Madagascar, Musc blanc\" \/>\n<meta property=\"og:url\" content=\"https:\/\/lescollectionsprivees.com\/nl\/geur\/eau-de-parfum-my-stone-100-ml-surrati\/\" \/>\n<meta property=\"og:site_name\" content=\"Les Collections Priv\u00e9es\" \/>\n<meta property=\"article:modified_time\" content=\"2024-02-13T16:41:31+00:00\" \/>\n<meta name=\"twitter:card\" content=\"summary_large_image\" \/>\n<meta name=\"twitter:label1\" content=\"Geschatte leestijd\" \/>\n\t<meta name=\"twitter:data1\" content=\"2 minuten\" \/>\n<script type=\"application\/ld+json\" class=\"yoast-schema-graph\">{\"@context\":\"https:\\\/\\\/schema.org\",\"@graph\":[{\"@type\":\"WebPage\",\"@id\":\"https:\\\/\\\/lescollectionsprivees.com\\\/parfum\\\/eau-de-parfum-my-stone-100-ml-surrati\\\/\",\"url\":\"https:\\\/\\\/lescollectionsprivees.com\\\/parfum\\\/eau-de-parfum-my-stone-100-ml-surrati\\\/\",\"name\":\"Eau de parfum My Stone 100 ml - Surrati - Les Collections Priv\u00e9es\",\"isPartOf\":{\"@id\":\"https:\\\/\\\/lescollectionsprivees.com\\\/#website\"},\"primaryImageOfPage\":{\"@id\":\"https:\\\/\\\/lescollectionsprivees.com\\\/parfum\\\/eau-de-parfum-my-stone-100-ml-surrati\\\/#primaryimage\"},\"image\":{\"@id\":\"https:\\\/\\\/lescollectionsprivees.com\\\/parfum\\\/eau-de-parfum-my-stone-100-ml-surrati\\\/#primaryimage\"},\"thumbnailUrl\":\"https:\\\/\\\/lescollectionsprivees.com\\\/wp-content\\\/uploads\\\/2024\\\/02\\\/eau-de-parfum-my-stone-surrati.jpg\",\"datePublished\":\"2024-02-13T16:41:18+00:00\",\"dateModified\":\"2024-02-13T16:41:31+00:00\",\"breadcrumb\":{\"@id\":\"https:\\\/\\\/lescollectionsprivees.com\\\/parfum\\\/eau-de-parfum-my-stone-100-ml-surrati\\\/#breadcrumb\"},\"inLanguage\":\"nl-NL\",\"potentialAction\":[{\"@type\":\"ReadAction\",\"target\":[\"https:\\\/\\\/lescollectionsprivees.com\\\/parfum\\\/eau-de-parfum-my-stone-100-ml-surrati\\\/\"]}]},{\"@type\":\"ImageObject\",\"inLanguage\":\"nl-NL\",\"@id\":\"https:\\\/\\\/lescollectionsprivees.com\\\/parfum\\\/eau-de-parfum-my-stone-100-ml-surrati\\\/#primaryimage\",\"url\":\"https:\\\/\\\/lescollectionsprivees.com\\\/wp-content\\\/uploads\\\/2024\\\/02\\\/eau-de-parfum-my-stone-surrati.jpg\",\"contentUrl\":\"https:\\\/\\\/lescollectionsprivees.com\\\/wp-content\\\/uploads\\\/2024\\\/02\\\/eau-de-parfum-my-stone-surrati.jpg\",\"width\":600,\"height\":600},{\"@type\":\"BreadcrumbList\",\"@id\":\"https:\\\/\\\/lescollectionsprivees.com\\\/parfum\\\/eau-de-parfum-my-stone-100-ml-surrati\\\/#breadcrumb\",\"itemListElement\":[{\"@type\":\"ListItem\",\"position\":1,\"name\":\"Accueil\",\"item\":\"https:\\\/\\\/lescollectionsprivees.com\\\/\"},{\"@type\":\"ListItem\",\"position\":2,\"name\":\"Boutique\",\"item\":\"https:\\\/\\\/lescollectionsprivees.com\\\/boutique\\\/\"},{\"@type\":\"ListItem\",\"position\":3,\"name\":\"Eau de parfum My Stone 100 ml &#8211; Surrati\"}]},{\"@type\":\"WebSite\",\"@id\":\"https:\\\/\\\/lescollectionsprivees.com\\\/#website\",\"url\":\"https:\\\/\\\/lescollectionsprivees.com\\\/\",\"name\":\"Les Collections Priv\u00e9es\",\"description\":\"\",\"publisher\":{\"@id\":\"https:\\\/\\\/lescollectionsprivees.com\\\/#organization\"},\"potentialAction\":[{\"@type\":\"SearchAction\",\"target\":{\"@type\":\"EntryPoint\",\"urlTemplate\":\"https:\\\/\\\/lescollectionsprivees.com\\\/?s={search_term_string}\"},\"query-input\":{\"@type\":\"PropertyValueSpecification\",\"valueRequired\":true,\"valueName\":\"search_term_string\"}}],\"inLanguage\":\"nl-NL\"},{\"@type\":\"Organization\",\"@id\":\"https:\\\/\\\/lescollectionsprivees.com\\\/#organization\",\"name\":\"Les Collections Priv\u00e9es\",\"url\":\"https:\\\/\\\/lescollectionsprivees.com\\\/\",\"logo\":{\"@type\":\"ImageObject\",\"inLanguage\":\"nl-NL\",\"@id\":\"https:\\\/\\\/lescollectionsprivees.com\\\/#\\\/schema\\\/logo\\\/image\\\/\",\"url\":\"https:\\\/\\\/lescollectionsprivees.com\\\/wp-content\\\/uploads\\\/2020\\\/02\\\/Logo-Les-Collections-Priv\u00e9es-450x450-1.png\",\"contentUrl\":\"https:\\\/\\\/lescollectionsprivees.com\\\/wp-content\\\/uploads\\\/2020\\\/02\\\/Logo-Les-Collections-Priv\u00e9es-450x450-1.png\",\"width\":450,\"height\":450,\"caption\":\"Les Collections Priv\u00e9es\"},\"image\":{\"@id\":\"https:\\\/\\\/lescollectionsprivees.com\\\/#\\\/schema\\\/logo\\\/image\\\/\"}}]}<\/script>\n<!-- \/ Yoast SEO plugin. -->","yoast_head_json":{"title":"My Stone Eau de Parfum 100 ml - Surrati - Les Collections Priv\u00e9es","robots":{"index":"index","follow":"follow","max-snippet":"max-snippet:-1","max-image-preview":"max-image-preview:large","max-video-preview":"max-video-preview:-1"},"canonical":"https:\/\/lescollectionsprivees.com\/nl\/geur\/eau-de-parfum-my-stone-100-ml-surrati\/","og_locale":"nl_NL","og_type":"article","og_title":"Eau de parfum My Stone 100 ml - Surrati - Les Collections Priv\u00e9es","og_description":"Notes olfactives :  Notes de T\u00eate : Bergamote de Calabria, Fleur d'oranger d'Afrique Notes de C\u0153ur : Tub\u00e9reuse, Jasmin d'Inde Notes de Fond : Gen\u00e9vrier de Virginie, Vanille de Madagascar, Musc blanc","og_url":"https:\/\/lescollectionsprivees.com\/nl\/geur\/eau-de-parfum-my-stone-100-ml-surrati\/","og_site_name":"Les Collections Priv\u00e9es","article_modified_time":"2024-02-13T16:41:31+00:00","twitter_card":"summary_large_image","twitter_misc":{"Geschatte leestijd":"2 minuten"},"schema":{"@context":"https:\/\/schema.org","@graph":[{"@type":"WebPage","@id":"https:\/\/lescollectionsprivees.com\/parfum\/eau-de-parfum-my-stone-100-ml-surrati\/","url":"https:\/\/lescollectionsprivees.com\/parfum\/eau-de-parfum-my-stone-100-ml-surrati\/","name":"My Stone Eau de Parfum 100 ml - Surrati - Les Collections Priv\u00e9es","isPartOf":{"@id":"https:\/\/lescollectionsprivees.com\/#website"},"primaryImageOfPage":{"@id":"https:\/\/lescollectionsprivees.com\/parfum\/eau-de-parfum-my-stone-100-ml-surrati\/#primaryimage"},"image":{"@id":"https:\/\/lescollectionsprivees.com\/parfum\/eau-de-parfum-my-stone-100-ml-surrati\/#primaryimage"},"thumbnailUrl":"https:\/\/lescollectionsprivees.com\/wp-content\/uploads\/2024\/02\/eau-de-parfum-my-stone-surrati.jpg","datePublished":"2024-02-13T16:41:18+00:00","dateModified":"2024-02-13T16:41:31+00:00","breadcrumb":{"@id":"https:\/\/lescollectionsprivees.com\/parfum\/eau-de-parfum-my-stone-100-ml-surrati\/#breadcrumb"},"inLanguage":"nl-NL","potentialAction":[{"@type":"ReadAction","target":["https:\/\/lescollectionsprivees.com\/parfum\/eau-de-parfum-my-stone-100-ml-surrati\/"]}]},{"@type":"ImageObject","inLanguage":"nl-NL","@id":"https:\/\/lescollectionsprivees.com\/parfum\/eau-de-parfum-my-stone-100-ml-surrati\/#primaryimage","url":"https:\/\/lescollectionsprivees.com\/wp-content\/uploads\/2024\/02\/eau-de-parfum-my-stone-surrati.jpg","contentUrl":"https:\/\/lescollectionsprivees.com\/wp-content\/uploads\/2024\/02\/eau-de-parfum-my-stone-surrati.jpg","width":600,"height":600},{"@type":"BreadcrumbList","@id":"https:\/\/lescollectionsprivees.com\/parfum\/eau-de-parfum-my-stone-100-ml-surrati\/#breadcrumb","itemListElement":[{"@type":"ListItem","position":1,"name":"Accueil","item":"https:\/\/lescollectionsprivees.com\/"},{"@type":"ListItem","position":2,"name":"Boutique","item":"https:\/\/lescollectionsprivees.com\/boutique\/"},{"@type":"ListItem","position":3,"name":"Eau de parfum My Stone 100 ml &#8211; Surrati"}]},{"@type":"WebSite","@id":"https:\/\/lescollectionsprivees.com\/#website","url":"https:\/\/lescollectionsprivees.com\/","name":"Priv\u00e9collecties","description":"","publisher":{"@id":"https:\/\/lescollectionsprivees.com\/#organization"},"potentialAction":[{"@type":"SearchAction","target":{"@type":"EntryPoint","urlTemplate":"https:\/\/lescollectionsprivees.com\/?s={search_term_string}"},"query-input":{"@type":"PropertyValueSpecification","valueRequired":true,"valueName":"search_term_string"}}],"inLanguage":"nl-NL"},{"@type":"Organization","@id":"https:\/\/lescollectionsprivees.com\/#organization","name":"Priv\u00e9collecties","url":"https:\/\/lescollectionsprivees.com\/","logo":{"@type":"ImageObject","inLanguage":"nl-NL","@id":"https:\/\/lescollectionsprivees.com\/#\/schema\/logo\/image\/","url":"https:\/\/lescollectionsprivees.com\/wp-content\/uploads\/2020\/02\/Logo-Les-Collections-Priv\u00e9es-450x450-1.png","contentUrl":"https:\/\/lescollectionsprivees.com\/wp-content\/uploads\/2020\/02\/Logo-Les-Collections-Priv\u00e9es-450x450-1.png","width":450,"height":450,"caption":"Les Collections Priv\u00e9es"},"image":{"@id":"https:\/\/lescollectionsprivees.com\/#\/schema\/logo\/image\/"}}]}},"_links":{"self":[{"href":"https:\/\/lescollectionsprivees.com\/nl\/wp-json\/wp\/v2\/product\/28337","targetHints":{"allow":["GET"]}}],"collection":[{"href":"https:\/\/lescollectionsprivees.com\/nl\/wp-json\/wp\/v2\/product"}],"about":[{"href":"https:\/\/lescollectionsprivees.com\/nl\/wp-json\/wp\/v2\/types\/product"}],"wp:featuredmedia":[{"embeddable":true,"href":"https:\/\/lescollectionsprivees.com\/nl\/wp-json\/wp\/v2\/media\/28350"}],"wp:attachment":[{"href":"https:\/\/lescollectionsprivees.com\/nl\/wp-json\/wp\/v2\/media?parent=28337"}],"wp:term":[{"taxonomy":"product_brand","embeddable":true,"href":"https:\/\/lescollectionsprivees.com\/nl\/wp-json\/wp\/v2\/product_brand?post=28337"},{"taxonomy":"product_cat","embeddable":true,"href":"https:\/\/lescollectionsprivees.com\/nl\/wp-json\/wp\/v2\/product_cat?post=28337"},{"taxonomy":"product_tag","embeddable":true,"href":"https:\/\/lescollectionsprivees.com\/nl\/wp-json\/wp\/v2\/product_tag?post=28337"}],"curies":[{"name":"wp","href":"https:\/\/api.w.org\/{rel}","templated":true}]}}