{"id":29841,"date":"2024-06-08T16:17:36","date_gmt":"2024-06-08T16:17:36","guid":{"rendered":"https:\/\/lescollectionsprivees.com\/?post_type=product&#038;p=29841"},"modified":"2026-04-23T13:05:40","modified_gmt":"2026-04-23T13:05:40","slug":"royal-blend-nero-parfum-extract","status":"publish","type":"product","link":"https:\/\/lescollectionsprivees.com\/nl\/parfum\/extrait-de-parfum-royal-blend-nero\/","title":{"rendered":"Royal Blend Nero Parfum Extract 100ml - French Avenue"},"content":{"rendered":"<p><strong>Royal Blend Nero parfumextract<\/strong> van French Avenue is het toppunt van luxe en elegantie. Gepositioneerd als een topgeur, biedt het een verfijnde en fascinerende olfactorische ervaring. Ontdek het nu...<\/p>\n<h2><strong>De perfecte balans van Royal Blend Nero parfumextract <\/strong><\/h2>\n<p>Deze <strong>gemengde geur<\/strong> charmeert zowel mannen als vrouwen. De samenstelling is zelfs zo dat de geur echt uniek is.<\/p>\n<ul>\n<li>Topnoten: Mandarijn, Appel, Vanille<\/li>\n<li>Hartnoten: Roos, Vanille, Kruiden, Ylang-ylang<\/li>\n<li>Basisnoten: oud, witte muskus, sandelhout, patchoeli<\/li>\n<\/ul>\n<p>De combinatie van frisse, fruitige topnoten, bloemige en kruidige middennoten en houtachtige, muskusachtige basisnoten cre\u00ebert een <strong>wakker<\/strong> boeiend en verfijnd. De subtiele harmonie tussen deze noten cre\u00ebert vervolgens een unieke geur. Het ontwikkelt zich de hele dag door op een aangename manier en laat een gedenkwaardige indruk achter.<\/p>\n<h2><strong>Ons gebruiksadvies voor Royal Blend Nero parfumextract<\/strong><\/h2>\n<p>Voor een optimale fixatie breng je Royal Blend Nero parfumextract in kleine dotjes aan op de pulszones. Dit extract is namelijk extreem goed gedoseerd en kan je een langdurige, intense geur geven.<\/p>\n<p>Zorg er ook voor dat je niet over de geur wrijft, want dat verandert de samenstelling. Een lichte, gelijkmatige spray zal de complexe noten volledig onthullen en de geur langer op de huid houden.<\/p>\n<h3><strong>Andere parels van het merk French Avenue <\/strong><\/h3>\n<p>French Avenue biedt een reeks uitzonderlijke geuren, elk met een unieke en verfijnde olfactorische ervaring. Andere paradepaardjes van het merk zijn \"\u00a0<strong>Exclusieve Miraj \"<\/strong> met zijn tonen van vanille en koffie. Net als \"\u00a0<strong>Irida \"<\/strong> een subtiele mix van onder andere kersen en amber.<\/p>\n<p>Op deze manier kan elke <strong>sap<\/strong> belichaamt elegantie en verfijning en biedt een reeks keuzes voor liefhebbers van uitzonderlijke geuren.<\/p>","protected":false},"excerpt":{"rendered":"<p><strong>Geur :<\/strong><\/p>\n<p><strong>Hoofd<\/strong>\u00a0Mandarijn, appel, vanille<br \/>\n<strong>Hart<\/strong>\u00a0Roos, Vanille, Kruiden, Ylang-ylang<br \/>\n<strong>Achtergrond<\/strong>\u00a0Oud, Witte Muskus, Sandelhout, Patchouli<\/p>","protected":false},"featured_media":29842,"template":"","meta":[],"product_brand":[],"product_cat":[302],"product_tag":[],"class_list":{"0":"post-29841","1":"product","2":"type-product","3":"status-publish","4":"has-post-thumbnail","6":"product_cat-french-avenue","8":"first","9":"instock","10":"taxable","11":"shipping-taxable","12":"purchasable","13":"product-type-simple"},"yoast_head":"<!-- This site is optimized with the Yoast SEO plugin v27.5 - https:\/\/yoast.com\/product\/yoast-seo-wordpress\/ -->\n<title>Royal Blend Nero | Extrait de parfum en 100ml | French Avenue<\/title>\n<meta name=\"description\" content=\"L&#039;extrait de parfum Royal Blend Nero de la marque French Avenue incarne v\u00e9ritablement le luxe et l&#039;\u00e9l\u00e9gance. Adoptez-le rapidement !\" \/>\n<meta name=\"robots\" content=\"index, follow, max-snippet:-1, max-image-preview:large, max-video-preview:-1\" \/>\n<link rel=\"canonical\" href=\"https:\/\/lescollectionsprivees.com\/nl\/geur\/royal-blend-nero-parfum-extract\/\" \/>\n<meta property=\"og:locale\" content=\"nl_NL\" \/>\n<meta property=\"og:type\" content=\"article\" \/>\n<meta property=\"og:title\" content=\"Royal Blend Nero | Extrait de parfum en 100ml | French Avenue\" \/>\n<meta property=\"og:description\" content=\"L&#039;extrait de parfum Royal Blend Nero de la marque French Avenue incarne v\u00e9ritablement le luxe et l&#039;\u00e9l\u00e9gance. Adoptez-le rapidement !\" \/>\n<meta property=\"og:url\" content=\"https:\/\/lescollectionsprivees.com\/nl\/geur\/royal-blend-nero-parfum-extract\/\" \/>\n<meta property=\"og:site_name\" content=\"Les Collections Priv\u00e9es\" \/>\n<meta property=\"article:modified_time\" content=\"2026-04-23T13:05:40+00:00\" \/>\n<meta property=\"og:image\" content=\"https:\/\/lescollectionsprivees.com\/wp-content\/uploads\/2024\/06\/royal-blend-hero-french-avenue.jpg\" \/>\n\t<meta property=\"og:image:width\" content=\"600\" \/>\n\t<meta property=\"og:image:height\" content=\"600\" \/>\n\t<meta property=\"og:image:type\" content=\"image\/jpeg\" \/>\n<meta name=\"twitter:card\" content=\"summary_large_image\" \/>\n<meta name=\"twitter:label1\" content=\"Geschatte leestijd\" \/>\n\t<meta name=\"twitter:data1\" content=\"2 minuten\" \/>\n<script type=\"application\/ld+json\" class=\"yoast-schema-graph\">{\"@context\":\"https:\\\/\\\/schema.org\",\"@graph\":[{\"@type\":\"WebPage\",\"@id\":\"https:\\\/\\\/lescollectionsprivees.com\\\/parfum\\\/extrait-de-parfum-royal-blend-nero\\\/\",\"url\":\"https:\\\/\\\/lescollectionsprivees.com\\\/parfum\\\/extrait-de-parfum-royal-blend-nero\\\/\",\"name\":\"Royal Blend Nero | Extrait de parfum en 100ml | French Avenue\",\"isPartOf\":{\"@id\":\"https:\\\/\\\/lescollectionsprivees.com\\\/#website\"},\"primaryImageOfPage\":{\"@id\":\"https:\\\/\\\/lescollectionsprivees.com\\\/parfum\\\/extrait-de-parfum-royal-blend-nero\\\/#primaryimage\"},\"image\":{\"@id\":\"https:\\\/\\\/lescollectionsprivees.com\\\/parfum\\\/extrait-de-parfum-royal-blend-nero\\\/#primaryimage\"},\"thumbnailUrl\":\"https:\\\/\\\/lescollectionsprivees.com\\\/wp-content\\\/uploads\\\/2024\\\/06\\\/royal-blend-hero-french-avenue.jpg\",\"datePublished\":\"2024-06-08T16:17:36+00:00\",\"dateModified\":\"2026-04-23T13:05:40+00:00\",\"description\":\"L'extrait de parfum Royal Blend Nero de la marque French Avenue incarne v\u00e9ritablement le luxe et l'\u00e9l\u00e9gance. Adoptez-le rapidement !\",\"breadcrumb\":{\"@id\":\"https:\\\/\\\/lescollectionsprivees.com\\\/parfum\\\/extrait-de-parfum-royal-blend-nero\\\/#breadcrumb\"},\"inLanguage\":\"nl-NL\",\"potentialAction\":[{\"@type\":\"ReadAction\",\"target\":[\"https:\\\/\\\/lescollectionsprivees.com\\\/parfum\\\/extrait-de-parfum-royal-blend-nero\\\/\"]}]},{\"@type\":\"ImageObject\",\"inLanguage\":\"nl-NL\",\"@id\":\"https:\\\/\\\/lescollectionsprivees.com\\\/parfum\\\/extrait-de-parfum-royal-blend-nero\\\/#primaryimage\",\"url\":\"https:\\\/\\\/lescollectionsprivees.com\\\/wp-content\\\/uploads\\\/2024\\\/06\\\/royal-blend-hero-french-avenue.jpg\",\"contentUrl\":\"https:\\\/\\\/lescollectionsprivees.com\\\/wp-content\\\/uploads\\\/2024\\\/06\\\/royal-blend-hero-french-avenue.jpg\",\"width\":600,\"height\":600,\"caption\":\"Extrait de parfum Royal Blend Nero 100ml \u2013 French Avenue\"},{\"@type\":\"BreadcrumbList\",\"@id\":\"https:\\\/\\\/lescollectionsprivees.com\\\/parfum\\\/extrait-de-parfum-royal-blend-nero\\\/#breadcrumb\",\"itemListElement\":[{\"@type\":\"ListItem\",\"position\":1,\"name\":\"Accueil\",\"item\":\"https:\\\/\\\/lescollectionsprivees.com\\\/\"},{\"@type\":\"ListItem\",\"position\":2,\"name\":\"Boutique\",\"item\":\"https:\\\/\\\/lescollectionsprivees.com\\\/boutique\\\/\"},{\"@type\":\"ListItem\",\"position\":3,\"name\":\"Extrait de parfum Royal Blend Nero 100ml \u2013 French Avenue\"}]},{\"@type\":\"WebSite\",\"@id\":\"https:\\\/\\\/lescollectionsprivees.com\\\/#website\",\"url\":\"https:\\\/\\\/lescollectionsprivees.com\\\/\",\"name\":\"Les Collections Priv\u00e9es\",\"description\":\"\",\"publisher\":{\"@id\":\"https:\\\/\\\/lescollectionsprivees.com\\\/#organization\"},\"potentialAction\":[{\"@type\":\"SearchAction\",\"target\":{\"@type\":\"EntryPoint\",\"urlTemplate\":\"https:\\\/\\\/lescollectionsprivees.com\\\/?s={search_term_string}\"},\"query-input\":{\"@type\":\"PropertyValueSpecification\",\"valueRequired\":true,\"valueName\":\"search_term_string\"}}],\"inLanguage\":\"nl-NL\"},{\"@type\":\"Organization\",\"@id\":\"https:\\\/\\\/lescollectionsprivees.com\\\/#organization\",\"name\":\"Les Collections Priv\u00e9es\",\"url\":\"https:\\\/\\\/lescollectionsprivees.com\\\/\",\"logo\":{\"@type\":\"ImageObject\",\"inLanguage\":\"nl-NL\",\"@id\":\"https:\\\/\\\/lescollectionsprivees.com\\\/#\\\/schema\\\/logo\\\/image\\\/\",\"url\":\"https:\\\/\\\/lescollectionsprivees.com\\\/wp-content\\\/uploads\\\/2020\\\/02\\\/Logo-Les-Collections-Priv\u00e9es-450x450-1.png\",\"contentUrl\":\"https:\\\/\\\/lescollectionsprivees.com\\\/wp-content\\\/uploads\\\/2020\\\/02\\\/Logo-Les-Collections-Priv\u00e9es-450x450-1.png\",\"width\":450,\"height\":450,\"caption\":\"Les Collections Priv\u00e9es\"},\"image\":{\"@id\":\"https:\\\/\\\/lescollectionsprivees.com\\\/#\\\/schema\\\/logo\\\/image\\\/\"}}]}<\/script>\n<!-- \/ Yoast SEO plugin. -->","yoast_head_json":{"title":"Royal Blend Nero | Parfum Extract 100ml | French Avenue","description":"Royal Blend Nero parfumextract van French Avenue is het toppunt van luxe en elegantie. Adopteer het nu!","robots":{"index":"index","follow":"follow","max-snippet":"max-snippet:-1","max-image-preview":"max-image-preview:large","max-video-preview":"max-video-preview:-1"},"canonical":"https:\/\/lescollectionsprivees.com\/nl\/geur\/royal-blend-nero-parfum-extract\/","og_locale":"nl_NL","og_type":"article","og_title":"Royal Blend Nero | Extrait de parfum en 100ml | French Avenue","og_description":"L'extrait de parfum Royal Blend Nero de la marque French Avenue incarne v\u00e9ritablement le luxe et l'\u00e9l\u00e9gance. Adoptez-le rapidement !","og_url":"https:\/\/lescollectionsprivees.com\/nl\/geur\/royal-blend-nero-parfum-extract\/","og_site_name":"Les Collections Priv\u00e9es","article_modified_time":"2026-04-23T13:05:40+00:00","og_image":[{"width":600,"height":600,"url":"https:\/\/lescollectionsprivees.com\/wp-content\/uploads\/2024\/06\/royal-blend-hero-french-avenue.jpg","type":"image\/jpeg"}],"twitter_card":"summary_large_image","twitter_misc":{"Geschatte leestijd":"2 minuten"},"schema":{"@context":"https:\/\/schema.org","@graph":[{"@type":"WebPage","@id":"https:\/\/lescollectionsprivees.com\/parfum\/extrait-de-parfum-royal-blend-nero\/","url":"https:\/\/lescollectionsprivees.com\/parfum\/extrait-de-parfum-royal-blend-nero\/","name":"Royal Blend Nero | Parfum Extract 100ml | French Avenue","isPartOf":{"@id":"https:\/\/lescollectionsprivees.com\/#website"},"primaryImageOfPage":{"@id":"https:\/\/lescollectionsprivees.com\/parfum\/extrait-de-parfum-royal-blend-nero\/#primaryimage"},"image":{"@id":"https:\/\/lescollectionsprivees.com\/parfum\/extrait-de-parfum-royal-blend-nero\/#primaryimage"},"thumbnailUrl":"https:\/\/lescollectionsprivees.com\/wp-content\/uploads\/2024\/06\/royal-blend-hero-french-avenue.jpg","datePublished":"2024-06-08T16:17:36+00:00","dateModified":"2026-04-23T13:05:40+00:00","description":"Royal Blend Nero parfumextract van French Avenue is het toppunt van luxe en elegantie. Adopteer het nu!","breadcrumb":{"@id":"https:\/\/lescollectionsprivees.com\/parfum\/extrait-de-parfum-royal-blend-nero\/#breadcrumb"},"inLanguage":"nl-NL","potentialAction":[{"@type":"ReadAction","target":["https:\/\/lescollectionsprivees.com\/parfum\/extrait-de-parfum-royal-blend-nero\/"]}]},{"@type":"ImageObject","inLanguage":"nl-NL","@id":"https:\/\/lescollectionsprivees.com\/parfum\/extrait-de-parfum-royal-blend-nero\/#primaryimage","url":"https:\/\/lescollectionsprivees.com\/wp-content\/uploads\/2024\/06\/royal-blend-hero-french-avenue.jpg","contentUrl":"https:\/\/lescollectionsprivees.com\/wp-content\/uploads\/2024\/06\/royal-blend-hero-french-avenue.jpg","width":600,"height":600,"caption":"Extrait de parfum Royal Blend Nero 100ml \u2013 French Avenue"},{"@type":"BreadcrumbList","@id":"https:\/\/lescollectionsprivees.com\/parfum\/extrait-de-parfum-royal-blend-nero\/#breadcrumb","itemListElement":[{"@type":"ListItem","position":1,"name":"Accueil","item":"https:\/\/lescollectionsprivees.com\/"},{"@type":"ListItem","position":2,"name":"Boutique","item":"https:\/\/lescollectionsprivees.com\/boutique\/"},{"@type":"ListItem","position":3,"name":"Extrait de parfum Royal Blend Nero 100ml \u2013 French Avenue"}]},{"@type":"WebSite","@id":"https:\/\/lescollectionsprivees.com\/#website","url":"https:\/\/lescollectionsprivees.com\/","name":"Priv\u00e9collecties","description":"","publisher":{"@id":"https:\/\/lescollectionsprivees.com\/#organization"},"potentialAction":[{"@type":"SearchAction","target":{"@type":"EntryPoint","urlTemplate":"https:\/\/lescollectionsprivees.com\/?s={search_term_string}"},"query-input":{"@type":"PropertyValueSpecification","valueRequired":true,"valueName":"search_term_string"}}],"inLanguage":"nl-NL"},{"@type":"Organization","@id":"https:\/\/lescollectionsprivees.com\/#organization","name":"Priv\u00e9collecties","url":"https:\/\/lescollectionsprivees.com\/","logo":{"@type":"ImageObject","inLanguage":"nl-NL","@id":"https:\/\/lescollectionsprivees.com\/#\/schema\/logo\/image\/","url":"https:\/\/lescollectionsprivees.com\/wp-content\/uploads\/2020\/02\/Logo-Les-Collections-Priv\u00e9es-450x450-1.png","contentUrl":"https:\/\/lescollectionsprivees.com\/wp-content\/uploads\/2020\/02\/Logo-Les-Collections-Priv\u00e9es-450x450-1.png","width":450,"height":450,"caption":"Les Collections Priv\u00e9es"},"image":{"@id":"https:\/\/lescollectionsprivees.com\/#\/schema\/logo\/image\/"}}]}},"_links":{"self":[{"href":"https:\/\/lescollectionsprivees.com\/nl\/wp-json\/wp\/v2\/product\/29841","targetHints":{"allow":["GET"]}}],"collection":[{"href":"https:\/\/lescollectionsprivees.com\/nl\/wp-json\/wp\/v2\/product"}],"about":[{"href":"https:\/\/lescollectionsprivees.com\/nl\/wp-json\/wp\/v2\/types\/product"}],"wp:featuredmedia":[{"embeddable":true,"href":"https:\/\/lescollectionsprivees.com\/nl\/wp-json\/wp\/v2\/media\/29842"}],"wp:attachment":[{"href":"https:\/\/lescollectionsprivees.com\/nl\/wp-json\/wp\/v2\/media?parent=29841"}],"wp:term":[{"taxonomy":"product_brand","embeddable":true,"href":"https:\/\/lescollectionsprivees.com\/nl\/wp-json\/wp\/v2\/product_brand?post=29841"},{"taxonomy":"product_cat","embeddable":true,"href":"https:\/\/lescollectionsprivees.com\/nl\/wp-json\/wp\/v2\/product_cat?post=29841"},{"taxonomy":"product_tag","embeddable":true,"href":"https:\/\/lescollectionsprivees.com\/nl\/wp-json\/wp\/v2\/product_tag?post=29841"}],"curies":[{"name":"wp","href":"https:\/\/api.w.org\/{rel}","templated":true}]}}