{"id":31439,"date":"2024-10-13T16:52:31","date_gmt":"2024-10-13T16:52:31","guid":{"rendered":"https:\/\/lescollectionsprivees.com\/?post_type=product&#038;p=31439"},"modified":"2026-05-17T14:37:32","modified_gmt":"2026-05-17T14:37:32","slug":"bruine-vloeistof","status":"publish","type":"product","link":"https:\/\/lescollectionsprivees.com\/nl\/parfum\/liquid-brun\/","title":{"rendered":"Eau de parfum Liquid brun 100ml - French Avenue"},"content":{"rendered":"<p>Ontdek <strong>Vloeibaar bruin<\/strong>a <strong>mannengeur<\/strong> getekend <strong>Franse Laan<\/strong> waar houtachtige en gourmandnoten elkaar ontmoeten. Deze unieke geur biedt een onvergetelijke geurervaring die zeker een blijvende indruk achterlaat.<\/p>\n<h2><strong>Uitgebreide beschrijving van Liquid Brun eau de parfum<\/strong><\/h2>\n<p>Deze uniseksgeur voert je vanaf de eerste indruk mee naar een wereld van frisheid en verfijning. La <strong>bergamot<\/strong> bundelt zijn krachten met <strong>kardemom<\/strong>Dit cre\u00ebert een stimulerende opening. De <a href=\"https:\/\/lescollectionsprivees.com\/nl\/geur\/intieme-musk-tahara-gearomatiseerd-met-oranjebloesem\/\"><strong>oranjebloesem<\/strong><\/a> verzacht het duo en voegt een delicaat bloemig accent toe.<\/p>\n<p>Vervolgens werd de <strong>vanille<\/strong><strong> bourbon<\/strong> en de <strong>kaneel<\/strong> worden onthuld in het hart van de geur. Het resultaat is een onweerstaanbare kruidige zoetheid. De <strong>element hars<\/strong> is ook toegevoegd aan deze gourmandcombinatie om het algehele effect te versterken. Dit ingredi\u00ebnt zorgt voor een discreet vleugje sensualiteit dat de hele dag blijft hangen.<\/p>\n<p>Tot slot eindigt de partituur met zorgvuldig geselecteerde achtergrondnoten. De <strong>pralin\u00e9<\/strong> voegt een onverwacht gastronomisch tintje toe, terwijl de<strong>ambroxan<\/strong> voegt een amberkleurige warmte toe. De <strong>guajakhout<\/strong> is ook toegevoegd om de samenstelling compleet te maken.<\/p>\n<h2><strong>Liquid Brun van French Avenue: de belichaming van modern charisma<\/strong><\/h2>\n<p>Een van de grootste pluspunten van deze uniseks geur is zijn veelzijdigheid. Deze geur is ontworpen om zich aan alle seizoenen aan te passen en vergezelt je met gemak van kantoor tot de meest elegante avonden. De samenstelling maakt het net zo geschikt voor een casual dag als voor een speciale gelegenheid.<\/p>\n<p>Liquid Brun belichaamt de hedendaagse man in al zijn complexiteit: elegant zonder pretentieus te zijn, modern en toch tijdloos. Met zijn unieke mix van <strong>houtachtige noten<\/strong>Met zijn kruidige, gourmandnoten cre\u00ebert hij een onvergetelijke geur en laat hij een aura van mysterie en verleiding achter. Het zal zeker de aandacht trekken van de mensen om je heen.<\/p>\n<h3><strong>Durf buitengewoon te zijn om je te onderscheiden van de massa<\/strong><\/h3>\n<p>Liquid Brun eau de parfum is <strong>de perfecte keuze voor de man die zich durft te onderscheiden van de massa<\/strong>. Of je nu op zoek bent naar een signatuurgeur of een speciale geur voor speciale gelegenheden, hij zal aan al je verwachtingen voldoen. Laat je verleiden door zijn geurcomplexiteit en elegantie.<\/p>","protected":false},"excerpt":{"rendered":"<p><strong>Geur :<\/strong><\/p>\n<p><strong>Topnoten<\/strong> Kaneel, bergamot, kardemom, sinaasappelbloesem<br \/>\n<strong>Hartnoten<\/strong> Bourbon vanille, elemis<br \/>\n<strong>Basisnoten<\/strong> Muskus, praline, ambroxan, guajakhout<\/p>\n<p><strong>Type<\/strong> Mannelijk.<\/p>","protected":false},"featured_media":31440,"template":"","meta":[],"product_brand":[],"product_cat":[302,203,207,202,208],"product_tag":[],"class_list":{"0":"post-31439","1":"product","2":"type-product","3":"status-publish","4":"has-post-thumbnail","6":"product_cat-french-avenue","7":"product_cat-parfum-ambre","8":"product_cat-parfum-fleur-doranger","9":"product_cat-parfum-homme","10":"product_cat-parfum-vanille","12":"first","13":"instock","14":"taxable","15":"shipping-taxable","16":"purchasable","17":"product-type-simple"},"yoast_head":"<!-- This site is optimized with the Yoast SEO plugin v27.5 - https:\/\/yoast.com\/product\/yoast-seo-wordpress\/ -->\n<title>Liquid brun | Fragrance masculine de la marque French Avenue<\/title>\n<meta name=\"description\" content=\"D\u00e9couvrez l&#039;eau de parfum Liquid Brun, un parfum masculin sign\u00e9 French Avenue o\u00f9 se rencontrent des notes bois\u00e9es et gourmandes.\" \/>\n<meta name=\"robots\" content=\"index, follow, max-snippet:-1, max-image-preview:large, max-video-preview:-1\" \/>\n<link rel=\"canonical\" href=\"https:\/\/lescollectionsprivees.com\/nl\/geur\/bruine-vloeistof\/\" \/>\n<meta property=\"og:locale\" content=\"nl_NL\" \/>\n<meta property=\"og:type\" content=\"article\" \/>\n<meta property=\"og:title\" content=\"Liquid brun | Fragrance masculine de la marque French Avenue\" \/>\n<meta property=\"og:description\" content=\"D\u00e9couvrez l&#039;eau de parfum Liquid Brun, un parfum masculin sign\u00e9 French Avenue o\u00f9 se rencontrent des notes bois\u00e9es et gourmandes.\" \/>\n<meta property=\"og:url\" content=\"https:\/\/lescollectionsprivees.com\/nl\/geur\/bruine-vloeistof\/\" \/>\n<meta property=\"og:site_name\" content=\"Les Collections Priv\u00e9es\" \/>\n<meta property=\"article:modified_time\" content=\"2026-05-17T14:37:32+00:00\" \/>\n<meta property=\"og:image\" content=\"https:\/\/lescollectionsprivees.com\/wp-content\/uploads\/2024\/10\/liquid-brun-french-avenue.jpg\" \/>\n\t<meta property=\"og:image:width\" content=\"600\" \/>\n\t<meta property=\"og:image:height\" content=\"600\" \/>\n\t<meta property=\"og:image:type\" content=\"image\/jpeg\" \/>\n<meta name=\"twitter:card\" content=\"summary_large_image\" \/>\n<meta name=\"twitter:label1\" content=\"Geschatte leestijd\" \/>\n\t<meta name=\"twitter:data1\" content=\"3 minuten\" \/>\n<script type=\"application\/ld+json\" class=\"yoast-schema-graph\">{\"@context\":\"https:\\\/\\\/schema.org\",\"@graph\":[{\"@type\":\"WebPage\",\"@id\":\"https:\\\/\\\/lescollectionsprivees.com\\\/parfum\\\/liquid-brun\\\/\",\"url\":\"https:\\\/\\\/lescollectionsprivees.com\\\/parfum\\\/liquid-brun\\\/\",\"name\":\"Liquid brun | Fragrance masculine de la marque French Avenue\",\"isPartOf\":{\"@id\":\"https:\\\/\\\/lescollectionsprivees.com\\\/#website\"},\"primaryImageOfPage\":{\"@id\":\"https:\\\/\\\/lescollectionsprivees.com\\\/parfum\\\/liquid-brun\\\/#primaryimage\"},\"image\":{\"@id\":\"https:\\\/\\\/lescollectionsprivees.com\\\/parfum\\\/liquid-brun\\\/#primaryimage\"},\"thumbnailUrl\":\"https:\\\/\\\/lescollectionsprivees.com\\\/wp-content\\\/uploads\\\/2024\\\/10\\\/liquid-brun-french-avenue.jpg\",\"datePublished\":\"2024-10-13T16:52:31+00:00\",\"dateModified\":\"2026-05-17T14:37:32+00:00\",\"description\":\"D\u00e9couvrez l'eau de parfum Liquid Brun, un parfum masculin sign\u00e9 French Avenue o\u00f9 se rencontrent des notes bois\u00e9es et gourmandes.\",\"breadcrumb\":{\"@id\":\"https:\\\/\\\/lescollectionsprivees.com\\\/parfum\\\/liquid-brun\\\/#breadcrumb\"},\"inLanguage\":\"nl-NL\",\"potentialAction\":[{\"@type\":\"ReadAction\",\"target\":[\"https:\\\/\\\/lescollectionsprivees.com\\\/parfum\\\/liquid-brun\\\/\"]}]},{\"@type\":\"ImageObject\",\"inLanguage\":\"nl-NL\",\"@id\":\"https:\\\/\\\/lescollectionsprivees.com\\\/parfum\\\/liquid-brun\\\/#primaryimage\",\"url\":\"https:\\\/\\\/lescollectionsprivees.com\\\/wp-content\\\/uploads\\\/2024\\\/10\\\/liquid-brun-french-avenue.jpg\",\"contentUrl\":\"https:\\\/\\\/lescollectionsprivees.com\\\/wp-content\\\/uploads\\\/2024\\\/10\\\/liquid-brun-french-avenue.jpg\",\"width\":600,\"height\":600,\"caption\":\"Eau de parfum Liquid brun 100ml - French Avenue\"},{\"@type\":\"BreadcrumbList\",\"@id\":\"https:\\\/\\\/lescollectionsprivees.com\\\/parfum\\\/liquid-brun\\\/#breadcrumb\",\"itemListElement\":[{\"@type\":\"ListItem\",\"position\":1,\"name\":\"Accueil\",\"item\":\"https:\\\/\\\/lescollectionsprivees.com\\\/\"},{\"@type\":\"ListItem\",\"position\":2,\"name\":\"Boutique\",\"item\":\"https:\\\/\\\/lescollectionsprivees.com\\\/boutique\\\/\"},{\"@type\":\"ListItem\",\"position\":3,\"name\":\"Eau de parfum Liquid brun 100ml &#8211; French Avenue\"}]},{\"@type\":\"WebSite\",\"@id\":\"https:\\\/\\\/lescollectionsprivees.com\\\/#website\",\"url\":\"https:\\\/\\\/lescollectionsprivees.com\\\/\",\"name\":\"Les Collections Priv\u00e9es\",\"description\":\"\",\"publisher\":{\"@id\":\"https:\\\/\\\/lescollectionsprivees.com\\\/#organization\"},\"potentialAction\":[{\"@type\":\"SearchAction\",\"target\":{\"@type\":\"EntryPoint\",\"urlTemplate\":\"https:\\\/\\\/lescollectionsprivees.com\\\/?s={search_term_string}\"},\"query-input\":{\"@type\":\"PropertyValueSpecification\",\"valueRequired\":true,\"valueName\":\"search_term_string\"}}],\"inLanguage\":\"nl-NL\"},{\"@type\":\"Organization\",\"@id\":\"https:\\\/\\\/lescollectionsprivees.com\\\/#organization\",\"name\":\"Les Collections Priv\u00e9es\",\"url\":\"https:\\\/\\\/lescollectionsprivees.com\\\/\",\"logo\":{\"@type\":\"ImageObject\",\"inLanguage\":\"nl-NL\",\"@id\":\"https:\\\/\\\/lescollectionsprivees.com\\\/#\\\/schema\\\/logo\\\/image\\\/\",\"url\":\"https:\\\/\\\/lescollectionsprivees.com\\\/wp-content\\\/uploads\\\/2020\\\/02\\\/Logo-Les-Collections-Priv\u00e9es-450x450-1.png\",\"contentUrl\":\"https:\\\/\\\/lescollectionsprivees.com\\\/wp-content\\\/uploads\\\/2020\\\/02\\\/Logo-Les-Collections-Priv\u00e9es-450x450-1.png\",\"width\":450,\"height\":450,\"caption\":\"Les Collections Priv\u00e9es\"},\"image\":{\"@id\":\"https:\\\/\\\/lescollectionsprivees.com\\\/#\\\/schema\\\/logo\\\/image\\\/\"}}]}<\/script>\n<!-- \/ Yoast SEO plugin. -->","yoast_head_json":{"title":"Liquid brun | Herengeur van French Avenue","description":"Ontdek Liquid Brun eau de parfum, een mannelijke geur van French Avenue die houtachtige en gourmandnoten combineert.","robots":{"index":"index","follow":"follow","max-snippet":"max-snippet:-1","max-image-preview":"max-image-preview:large","max-video-preview":"max-video-preview:-1"},"canonical":"https:\/\/lescollectionsprivees.com\/nl\/geur\/bruine-vloeistof\/","og_locale":"nl_NL","og_type":"article","og_title":"Liquid brun | Fragrance masculine de la marque French Avenue","og_description":"D\u00e9couvrez l'eau de parfum Liquid Brun, un parfum masculin sign\u00e9 French Avenue o\u00f9 se rencontrent des notes bois\u00e9es et gourmandes.","og_url":"https:\/\/lescollectionsprivees.com\/nl\/geur\/bruine-vloeistof\/","og_site_name":"Les Collections Priv\u00e9es","article_modified_time":"2026-05-17T14:37:32+00:00","og_image":[{"width":600,"height":600,"url":"https:\/\/lescollectionsprivees.com\/wp-content\/uploads\/2024\/10\/liquid-brun-french-avenue.jpg","type":"image\/jpeg"}],"twitter_card":"summary_large_image","twitter_misc":{"Geschatte leestijd":"3 minuten"},"schema":{"@context":"https:\/\/schema.org","@graph":[{"@type":"WebPage","@id":"https:\/\/lescollectionsprivees.com\/parfum\/liquid-brun\/","url":"https:\/\/lescollectionsprivees.com\/parfum\/liquid-brun\/","name":"Liquid brun | Herengeur van French Avenue","isPartOf":{"@id":"https:\/\/lescollectionsprivees.com\/#website"},"primaryImageOfPage":{"@id":"https:\/\/lescollectionsprivees.com\/parfum\/liquid-brun\/#primaryimage"},"image":{"@id":"https:\/\/lescollectionsprivees.com\/parfum\/liquid-brun\/#primaryimage"},"thumbnailUrl":"https:\/\/lescollectionsprivees.com\/wp-content\/uploads\/2024\/10\/liquid-brun-french-avenue.jpg","datePublished":"2024-10-13T16:52:31+00:00","dateModified":"2026-05-17T14:37:32+00:00","description":"Ontdek Liquid Brun eau de parfum, een mannelijke geur van French Avenue die houtachtige en gourmandnoten combineert.","breadcrumb":{"@id":"https:\/\/lescollectionsprivees.com\/parfum\/liquid-brun\/#breadcrumb"},"inLanguage":"nl-NL","potentialAction":[{"@type":"ReadAction","target":["https:\/\/lescollectionsprivees.com\/parfum\/liquid-brun\/"]}]},{"@type":"ImageObject","inLanguage":"nl-NL","@id":"https:\/\/lescollectionsprivees.com\/parfum\/liquid-brun\/#primaryimage","url":"https:\/\/lescollectionsprivees.com\/wp-content\/uploads\/2024\/10\/liquid-brun-french-avenue.jpg","contentUrl":"https:\/\/lescollectionsprivees.com\/wp-content\/uploads\/2024\/10\/liquid-brun-french-avenue.jpg","width":600,"height":600,"caption":"Eau de parfum Liquid brun 100ml - French Avenue"},{"@type":"BreadcrumbList","@id":"https:\/\/lescollectionsprivees.com\/parfum\/liquid-brun\/#breadcrumb","itemListElement":[{"@type":"ListItem","position":1,"name":"Accueil","item":"https:\/\/lescollectionsprivees.com\/"},{"@type":"ListItem","position":2,"name":"Boutique","item":"https:\/\/lescollectionsprivees.com\/boutique\/"},{"@type":"ListItem","position":3,"name":"Eau de parfum Liquid brun 100ml &#8211; French Avenue"}]},{"@type":"WebSite","@id":"https:\/\/lescollectionsprivees.com\/#website","url":"https:\/\/lescollectionsprivees.com\/","name":"Priv\u00e9collecties","description":"","publisher":{"@id":"https:\/\/lescollectionsprivees.com\/#organization"},"potentialAction":[{"@type":"SearchAction","target":{"@type":"EntryPoint","urlTemplate":"https:\/\/lescollectionsprivees.com\/?s={search_term_string}"},"query-input":{"@type":"PropertyValueSpecification","valueRequired":true,"valueName":"search_term_string"}}],"inLanguage":"nl-NL"},{"@type":"Organization","@id":"https:\/\/lescollectionsprivees.com\/#organization","name":"Priv\u00e9collecties","url":"https:\/\/lescollectionsprivees.com\/","logo":{"@type":"ImageObject","inLanguage":"nl-NL","@id":"https:\/\/lescollectionsprivees.com\/#\/schema\/logo\/image\/","url":"https:\/\/lescollectionsprivees.com\/wp-content\/uploads\/2020\/02\/Logo-Les-Collections-Priv\u00e9es-450x450-1.png","contentUrl":"https:\/\/lescollectionsprivees.com\/wp-content\/uploads\/2020\/02\/Logo-Les-Collections-Priv\u00e9es-450x450-1.png","width":450,"height":450,"caption":"Les Collections Priv\u00e9es"},"image":{"@id":"https:\/\/lescollectionsprivees.com\/#\/schema\/logo\/image\/"}}]}},"_links":{"self":[{"href":"https:\/\/lescollectionsprivees.com\/nl\/wp-json\/wp\/v2\/product\/31439","targetHints":{"allow":["GET"]}}],"collection":[{"href":"https:\/\/lescollectionsprivees.com\/nl\/wp-json\/wp\/v2\/product"}],"about":[{"href":"https:\/\/lescollectionsprivees.com\/nl\/wp-json\/wp\/v2\/types\/product"}],"wp:featuredmedia":[{"embeddable":true,"href":"https:\/\/lescollectionsprivees.com\/nl\/wp-json\/wp\/v2\/media\/31440"}],"wp:attachment":[{"href":"https:\/\/lescollectionsprivees.com\/nl\/wp-json\/wp\/v2\/media?parent=31439"}],"wp:term":[{"taxonomy":"product_brand","embeddable":true,"href":"https:\/\/lescollectionsprivees.com\/nl\/wp-json\/wp\/v2\/product_brand?post=31439"},{"taxonomy":"product_cat","embeddable":true,"href":"https:\/\/lescollectionsprivees.com\/nl\/wp-json\/wp\/v2\/product_cat?post=31439"},{"taxonomy":"product_tag","embeddable":true,"href":"https:\/\/lescollectionsprivees.com\/nl\/wp-json\/wp\/v2\/product_tag?post=31439"}],"curies":[{"name":"wp","href":"https:\/\/api.w.org\/{rel}","templated":true}]}}