{"id":32065,"date":"2024-11-30T14:33:22","date_gmt":"2024-11-30T14:33:22","guid":{"rendered":"https:\/\/lescollectionsprivees.com\/?post_type=product&#038;p=32065"},"modified":"2025-12-03T10:32:22","modified_gmt":"2025-12-03T10:32:22","slug":"donker-aoud-maison-alhambra","status":"publish","type":"product","link":"https:\/\/lescollectionsprivees.com\/nl\/parfum\/dark-aoud-maison-alhambra\/","title":{"rendered":"Dark Aoud Eau de Parfum 80ml - Maison Alhambra"},"content":{"rendered":"<p>Laat je betoveren door <strong>Dark Aoud Alhambra Huis<\/strong>a <strong>ori\u00ebntaalse geur<\/strong> exclusief verkrijgbaar bij Les Collections Priv\u00e9es. Het is voor jou als, en alleen als, je van ongewone geuren houdt.<\/p>\n<h2><strong>Dark Aoud Maison Alhambra: een toevoeging van kostbare houtsoorten<\/strong><\/h2>\n<p>Vanaf het eerste moment zul je meteen de<strong>oud<\/strong>die niets anders is dan de emblematische noot van de <strong>ori\u00ebntaalse geuren<\/strong>. De intensiteit en diepte maken het zo anders. Sommigen zullen het in eerste instantie krachtig vinden. Maar wacht maar tot je de rest van deze geur ontdekt...<\/p>\n<p>Na een paar minuten wordt de geur zachter dankzij de <a href=\"https:\/\/lescollectionsprivees.com\/nl\/geur\/signature-sandelhout-eau-de-parfum-van-sillage-dorient\/\"><strong>hout<\/strong><strong> sandelhout<\/strong><\/a>. Dit is waar het echt interessant wordt. Je behoudt de kracht van het begin, maar verpakt in een zachtere, comfortabelere sluier. Later op de dag zul je andere facetten ontdekken. Bezoek <strong>agarhout uit Cambodja<\/strong> voegt een lichte rokerige toets toe, terwijl de<strong>amberhout<\/strong> zorgt voor een aangename, langdurige warmte. Je hoeft dus niet elke paar uur opnieuw te roken.<\/p>\n<h3><strong>Dark Aoud Maison Alhambra: een geur die allesbehalve discreet is<\/strong><\/h3>\n<p>Duidelijk geen universele geur. Geef je de voorkeur aan discretie? Doe dan geen moeite. Aan de andere kant, als je graag opvalt en toch elegant blijft, zou dit wel eens je signatuurgeur kunnen worden. Vergeet niet om het aan te brengen waar je huid het warmst is, dat wil zeggen op de binnenkant van de polsen. De geur zal zich dan beter ontwikkelen en de hele dag bij je blijven.<\/p>\n<p>Maison Alhambra heeft een uniek olfactorisch meesterwerk gecre\u00eberd. Een originele geur, maar niet ongewoon. Voor liefhebbers van <strong>houtachtige geuren<\/strong> met karakter, weet je wat je moet doen! Wie kan dat beter dan een <strong>oosters parfumhuis<\/strong> om een geur met karakter te cre\u00ebren.<\/p>\n<h3><strong>Een symbool van oosterse parfumerie<\/strong><\/h3>\n<p>De samenstelling van Dark Aoud Maison Alhambra bevat emblemen van de parfumerie uit Dubai. De Oud en houtsoorten in deze partituur zijn terug te vinden in de meeste parfums uit Dubai. <strong>geuren uit Dubai<\/strong>. Daarom zijn ze favoriet bij fans van <strong>Arabische geuren<\/strong>.<\/p>","protected":false},"excerpt":{"rendered":"<p><strong>Geur :<\/strong><\/p>\n<p><strong>Topnoten<\/strong> Oud<br \/>\n<strong>Hartnoten<\/strong> Sandelhout<br \/>\n<strong>Basisnoten<\/strong> Oud, Cambodjaans agarhout en Amberhout.<\/p>\n<p><strong>Type<\/strong> Gemengd.<\/p>","protected":false},"featured_media":32066,"template":"","meta":[],"product_brand":[],"product_cat":[262,201,202,238,15],"product_tag":[],"class_list":{"0":"post-32065","1":"product","2":"type-product","3":"status-publish","4":"has-post-thumbnail","6":"product_cat-maison-alhambra","7":"product_cat-parfum-femme","8":"product_cat-parfum-homme","9":"product_cat-parfum-oud","10":"product_cat-parfums-de-dubai","12":"first","13":"instock","14":"taxable","15":"shipping-taxable","16":"purchasable","17":"product-type-simple"},"yoast_head":"<!-- This site is optimized with the Yoast SEO plugin v27.5 - https:\/\/yoast.com\/product\/yoast-seo-wordpress\/ -->\n<title>Dark Aoud | Fragrance pour homme et femme | Maison Alhambra<\/title>\n<meta name=\"description\" content=\"Laissez-vous envo\u00fbter par Dark Aoud Maison Alhambra, un parfum oriental disponible en exclusivit\u00e9 chez Les Collections Priv\u00e9es.\" \/>\n<meta name=\"robots\" content=\"index, follow, max-snippet:-1, max-image-preview:large, max-video-preview:-1\" \/>\n<link rel=\"canonical\" href=\"https:\/\/lescollectionsprivees.com\/nl\/geur\/donker-aoud-maison-alhambra\/\" \/>\n<meta property=\"og:locale\" content=\"nl_NL\" \/>\n<meta property=\"og:type\" content=\"article\" \/>\n<meta property=\"og:title\" content=\"Dark Aoud | Fragrance pour homme et femme | Maison Alhambra\" \/>\n<meta property=\"og:description\" content=\"Laissez-vous envo\u00fbter par Dark Aoud Maison Alhambra, un parfum oriental disponible en exclusivit\u00e9 chez Les Collections Priv\u00e9es.\" \/>\n<meta property=\"og:url\" content=\"https:\/\/lescollectionsprivees.com\/nl\/geur\/donker-aoud-maison-alhambra\/\" \/>\n<meta property=\"og:site_name\" content=\"Les Collections Priv\u00e9es\" \/>\n<meta property=\"article:modified_time\" content=\"2025-12-03T10:32:22+00:00\" \/>\n<meta property=\"og:image\" content=\"https:\/\/lescollectionsprivees.com\/wp-content\/uploads\/2024\/11\/dark-aoud-maison-alhambra.jpg\" \/>\n\t<meta property=\"og:image:width\" content=\"600\" \/>\n\t<meta property=\"og:image:height\" content=\"600\" \/>\n\t<meta property=\"og:image:type\" content=\"image\/jpeg\" \/>\n<meta name=\"twitter:card\" content=\"summary_large_image\" \/>\n<meta name=\"twitter:label1\" content=\"Geschatte leestijd\" \/>\n\t<meta name=\"twitter:data1\" content=\"2 minuten\" \/>\n<script type=\"application\/ld+json\" class=\"yoast-schema-graph\">{\"@context\":\"https:\\\/\\\/schema.org\",\"@graph\":[{\"@type\":\"WebPage\",\"@id\":\"https:\\\/\\\/lescollectionsprivees.com\\\/parfum\\\/dark-aoud-maison-alhambra\\\/\",\"url\":\"https:\\\/\\\/lescollectionsprivees.com\\\/parfum\\\/dark-aoud-maison-alhambra\\\/\",\"name\":\"Dark Aoud | Fragrance pour homme et femme | Maison Alhambra\",\"isPartOf\":{\"@id\":\"https:\\\/\\\/lescollectionsprivees.com\\\/#website\"},\"primaryImageOfPage\":{\"@id\":\"https:\\\/\\\/lescollectionsprivees.com\\\/parfum\\\/dark-aoud-maison-alhambra\\\/#primaryimage\"},\"image\":{\"@id\":\"https:\\\/\\\/lescollectionsprivees.com\\\/parfum\\\/dark-aoud-maison-alhambra\\\/#primaryimage\"},\"thumbnailUrl\":\"https:\\\/\\\/lescollectionsprivees.com\\\/wp-content\\\/uploads\\\/2024\\\/11\\\/dark-aoud-maison-alhambra.jpg\",\"datePublished\":\"2024-11-30T14:33:22+00:00\",\"dateModified\":\"2025-12-03T10:32:22+00:00\",\"description\":\"Laissez-vous envo\u00fbter par Dark Aoud Maison Alhambra, un parfum oriental disponible en exclusivit\u00e9 chez Les Collections Priv\u00e9es.\",\"breadcrumb\":{\"@id\":\"https:\\\/\\\/lescollectionsprivees.com\\\/parfum\\\/dark-aoud-maison-alhambra\\\/#breadcrumb\"},\"inLanguage\":\"nl-NL\",\"potentialAction\":[{\"@type\":\"ReadAction\",\"target\":[\"https:\\\/\\\/lescollectionsprivees.com\\\/parfum\\\/dark-aoud-maison-alhambra\\\/\"]}]},{\"@type\":\"ImageObject\",\"inLanguage\":\"nl-NL\",\"@id\":\"https:\\\/\\\/lescollectionsprivees.com\\\/parfum\\\/dark-aoud-maison-alhambra\\\/#primaryimage\",\"url\":\"https:\\\/\\\/lescollectionsprivees.com\\\/wp-content\\\/uploads\\\/2024\\\/11\\\/dark-aoud-maison-alhambra.jpg\",\"contentUrl\":\"https:\\\/\\\/lescollectionsprivees.com\\\/wp-content\\\/uploads\\\/2024\\\/11\\\/dark-aoud-maison-alhambra.jpg\",\"width\":600,\"height\":600,\"caption\":\"Eau de parfum Dark Aoud 80ml - Maison Alhambra\"},{\"@type\":\"BreadcrumbList\",\"@id\":\"https:\\\/\\\/lescollectionsprivees.com\\\/parfum\\\/dark-aoud-maison-alhambra\\\/#breadcrumb\",\"itemListElement\":[{\"@type\":\"ListItem\",\"position\":1,\"name\":\"Accueil\",\"item\":\"https:\\\/\\\/lescollectionsprivees.com\\\/\"},{\"@type\":\"ListItem\",\"position\":2,\"name\":\"Boutique\",\"item\":\"https:\\\/\\\/lescollectionsprivees.com\\\/boutique\\\/\"},{\"@type\":\"ListItem\",\"position\":3,\"name\":\"Eau de parfum Dark Aoud 80ml &#8211; Maison Alhambra\"}]},{\"@type\":\"WebSite\",\"@id\":\"https:\\\/\\\/lescollectionsprivees.com\\\/#website\",\"url\":\"https:\\\/\\\/lescollectionsprivees.com\\\/\",\"name\":\"Les Collections Priv\u00e9es\",\"description\":\"\",\"publisher\":{\"@id\":\"https:\\\/\\\/lescollectionsprivees.com\\\/#organization\"},\"potentialAction\":[{\"@type\":\"SearchAction\",\"target\":{\"@type\":\"EntryPoint\",\"urlTemplate\":\"https:\\\/\\\/lescollectionsprivees.com\\\/?s={search_term_string}\"},\"query-input\":{\"@type\":\"PropertyValueSpecification\",\"valueRequired\":true,\"valueName\":\"search_term_string\"}}],\"inLanguage\":\"nl-NL\"},{\"@type\":\"Organization\",\"@id\":\"https:\\\/\\\/lescollectionsprivees.com\\\/#organization\",\"name\":\"Les Collections Priv\u00e9es\",\"url\":\"https:\\\/\\\/lescollectionsprivees.com\\\/\",\"logo\":{\"@type\":\"ImageObject\",\"inLanguage\":\"nl-NL\",\"@id\":\"https:\\\/\\\/lescollectionsprivees.com\\\/#\\\/schema\\\/logo\\\/image\\\/\",\"url\":\"https:\\\/\\\/lescollectionsprivees.com\\\/wp-content\\\/uploads\\\/2020\\\/02\\\/Logo-Les-Collections-Priv\u00e9es-450x450-1.png\",\"contentUrl\":\"https:\\\/\\\/lescollectionsprivees.com\\\/wp-content\\\/uploads\\\/2020\\\/02\\\/Logo-Les-Collections-Priv\u00e9es-450x450-1.png\",\"width\":450,\"height\":450,\"caption\":\"Les Collections Priv\u00e9es\"},\"image\":{\"@id\":\"https:\\\/\\\/lescollectionsprivees.com\\\/#\\\/schema\\\/logo\\\/image\\\/\"}}]}<\/script>\n<!-- \/ Yoast SEO plugin. -->","yoast_head_json":{"title":"Dark Aoud | Geur voor dames en heren | Maison Alhambra","description":"Laat je betoveren door Dark Aoud Maison Alhambra, een ori\u00ebntaalse geur die exclusief verkrijgbaar is bij Les Collections Priv\u00e9es.","robots":{"index":"index","follow":"follow","max-snippet":"max-snippet:-1","max-image-preview":"max-image-preview:large","max-video-preview":"max-video-preview:-1"},"canonical":"https:\/\/lescollectionsprivees.com\/nl\/geur\/donker-aoud-maison-alhambra\/","og_locale":"nl_NL","og_type":"article","og_title":"Dark Aoud | Fragrance pour homme et femme | Maison Alhambra","og_description":"Laissez-vous envo\u00fbter par Dark Aoud Maison Alhambra, un parfum oriental disponible en exclusivit\u00e9 chez Les Collections Priv\u00e9es.","og_url":"https:\/\/lescollectionsprivees.com\/nl\/geur\/donker-aoud-maison-alhambra\/","og_site_name":"Les Collections Priv\u00e9es","article_modified_time":"2025-12-03T10:32:22+00:00","og_image":[{"width":600,"height":600,"url":"https:\/\/lescollectionsprivees.com\/wp-content\/uploads\/2024\/11\/dark-aoud-maison-alhambra.jpg","type":"image\/jpeg"}],"twitter_card":"summary_large_image","twitter_misc":{"Geschatte leestijd":"2 minuten"},"schema":{"@context":"https:\/\/schema.org","@graph":[{"@type":"WebPage","@id":"https:\/\/lescollectionsprivees.com\/parfum\/dark-aoud-maison-alhambra\/","url":"https:\/\/lescollectionsprivees.com\/parfum\/dark-aoud-maison-alhambra\/","name":"Dark Aoud | Geur voor dames en heren | Maison Alhambra","isPartOf":{"@id":"https:\/\/lescollectionsprivees.com\/#website"},"primaryImageOfPage":{"@id":"https:\/\/lescollectionsprivees.com\/parfum\/dark-aoud-maison-alhambra\/#primaryimage"},"image":{"@id":"https:\/\/lescollectionsprivees.com\/parfum\/dark-aoud-maison-alhambra\/#primaryimage"},"thumbnailUrl":"https:\/\/lescollectionsprivees.com\/wp-content\/uploads\/2024\/11\/dark-aoud-maison-alhambra.jpg","datePublished":"2024-11-30T14:33:22+00:00","dateModified":"2025-12-03T10:32:22+00:00","description":"Laat je betoveren door Dark Aoud Maison Alhambra, een ori\u00ebntaalse geur die exclusief verkrijgbaar is bij Les Collections Priv\u00e9es.","breadcrumb":{"@id":"https:\/\/lescollectionsprivees.com\/parfum\/dark-aoud-maison-alhambra\/#breadcrumb"},"inLanguage":"nl-NL","potentialAction":[{"@type":"ReadAction","target":["https:\/\/lescollectionsprivees.com\/parfum\/dark-aoud-maison-alhambra\/"]}]},{"@type":"ImageObject","inLanguage":"nl-NL","@id":"https:\/\/lescollectionsprivees.com\/parfum\/dark-aoud-maison-alhambra\/#primaryimage","url":"https:\/\/lescollectionsprivees.com\/wp-content\/uploads\/2024\/11\/dark-aoud-maison-alhambra.jpg","contentUrl":"https:\/\/lescollectionsprivees.com\/wp-content\/uploads\/2024\/11\/dark-aoud-maison-alhambra.jpg","width":600,"height":600,"caption":"Eau de parfum Dark Aoud 80ml - Maison Alhambra"},{"@type":"BreadcrumbList","@id":"https:\/\/lescollectionsprivees.com\/parfum\/dark-aoud-maison-alhambra\/#breadcrumb","itemListElement":[{"@type":"ListItem","position":1,"name":"Accueil","item":"https:\/\/lescollectionsprivees.com\/"},{"@type":"ListItem","position":2,"name":"Boutique","item":"https:\/\/lescollectionsprivees.com\/boutique\/"},{"@type":"ListItem","position":3,"name":"Eau de parfum Dark Aoud 80ml &#8211; Maison Alhambra"}]},{"@type":"WebSite","@id":"https:\/\/lescollectionsprivees.com\/#website","url":"https:\/\/lescollectionsprivees.com\/","name":"Priv\u00e9collecties","description":"","publisher":{"@id":"https:\/\/lescollectionsprivees.com\/#organization"},"potentialAction":[{"@type":"SearchAction","target":{"@type":"EntryPoint","urlTemplate":"https:\/\/lescollectionsprivees.com\/?s={search_term_string}"},"query-input":{"@type":"PropertyValueSpecification","valueRequired":true,"valueName":"search_term_string"}}],"inLanguage":"nl-NL"},{"@type":"Organization","@id":"https:\/\/lescollectionsprivees.com\/#organization","name":"Priv\u00e9collecties","url":"https:\/\/lescollectionsprivees.com\/","logo":{"@type":"ImageObject","inLanguage":"nl-NL","@id":"https:\/\/lescollectionsprivees.com\/#\/schema\/logo\/image\/","url":"https:\/\/lescollectionsprivees.com\/wp-content\/uploads\/2020\/02\/Logo-Les-Collections-Priv\u00e9es-450x450-1.png","contentUrl":"https:\/\/lescollectionsprivees.com\/wp-content\/uploads\/2020\/02\/Logo-Les-Collections-Priv\u00e9es-450x450-1.png","width":450,"height":450,"caption":"Les Collections Priv\u00e9es"},"image":{"@id":"https:\/\/lescollectionsprivees.com\/#\/schema\/logo\/image\/"}}]}},"_links":{"self":[{"href":"https:\/\/lescollectionsprivees.com\/nl\/wp-json\/wp\/v2\/product\/32065","targetHints":{"allow":["GET"]}}],"collection":[{"href":"https:\/\/lescollectionsprivees.com\/nl\/wp-json\/wp\/v2\/product"}],"about":[{"href":"https:\/\/lescollectionsprivees.com\/nl\/wp-json\/wp\/v2\/types\/product"}],"wp:featuredmedia":[{"embeddable":true,"href":"https:\/\/lescollectionsprivees.com\/nl\/wp-json\/wp\/v2\/media\/32066"}],"wp:attachment":[{"href":"https:\/\/lescollectionsprivees.com\/nl\/wp-json\/wp\/v2\/media?parent=32065"}],"wp:term":[{"taxonomy":"product_brand","embeddable":true,"href":"https:\/\/lescollectionsprivees.com\/nl\/wp-json\/wp\/v2\/product_brand?post=32065"},{"taxonomy":"product_cat","embeddable":true,"href":"https:\/\/lescollectionsprivees.com\/nl\/wp-json\/wp\/v2\/product_cat?post=32065"},{"taxonomy":"product_tag","embeddable":true,"href":"https:\/\/lescollectionsprivees.com\/nl\/wp-json\/wp\/v2\/product_tag?post=32065"}],"curies":[{"name":"wp","href":"https:\/\/api.w.org\/{rel}","templated":true}]}}