{"id":33103,"date":"2025-02-06T17:18:14","date_gmt":"2025-02-06T17:18:14","guid":{"rendered":"https:\/\/lescollectionsprivees.com\/?post_type=product&#038;p=33103"},"modified":"2026-04-09T23:06:52","modified_gmt":"2026-04-09T23:06:52","slug":"voux-zingy","status":"publish","type":"product","link":"https:\/\/lescollectionsprivees.com\/nl\/parfum\/voux-zingy\/","title":{"rendered":"Eau de parfum Voux Zingy 100ml - Emir by Paris Corner"},"content":{"rendered":"<p>Voux Zingy is een parfum <strong>licht<\/strong> een heerlijke geur die je uitnodigt voor een hemelse reis. De frisse, fruitige geuren zijn een waar genot. En dan hebben we het nog niet eens over de muskus die het geheel aankleedt. Met delicatesse en verfijning. Kortom, dit is een nectar die zal <strong>zonneschijn<\/strong> je dagelijks leven!<\/p>\n<h2><strong>Geef je over aan de vrolijke ode van Voux Zingy<\/strong><\/h2>\n<p>De betovering is hier onmiddellijk. En aanstekelijk. Dus, het fruit <strong>zure<\/strong> en zoet beginnen deze prachtige symfonie. Ze barsten ook van <strong>vreugde<\/strong> zomer. En <strong>schitteren <\/strong>die een glimlach op je gezicht tovert. Bovendien geeft de basilicum het hele gerecht een extra dimensie. Met delicatesse en <strong>verfijning<\/strong>. Zoals je kunt zien, staat je vanaf de eerste seconden een intense ervaring te wachten.<\/p>\n<p>Vervolgens doet de prachtige en sierlijke jasmijn zijn intrede. Het geeft de creatie een vleugje <strong>sensueel<\/strong> en knapperig. Net als de poederige, romige noten die erbij horen. Onthoud ook dat citrusgeuren alomtegenwoordig zijn. Maar ze weten hoe ze ruimte moeten laten voor anderen.<\/p>\n<p>Met name Musk, die de dimensie van <strong>warm<\/strong> voor het geheel. Kortom, dit elixer is als een straal van <strong>zon<\/strong>. Maar degene aan het begin van de dag waardoor je zin krijgt om op te staan. En je in een goed humeur brengt dat <strong><a href=\"https:\/\/lescollectionsprivees.com\/nl\/geur\/marshmallow-blush\/\">Marshmallow Blush<\/a>.<\/strong><\/p>\n<h2><strong>Voux Zingy, de geur van gelukkige mensen<\/strong><\/h2>\n<p>Met dit geurpareltje hoeven negatieve gevoelens niet zo erg te zijn. En de waarheid is dat ze verdwijnen bij de eerste spray. In feite is het de geur van <strong>geluk<\/strong>. Om te genieten van adembenemende geuren. Want, zoals het gezegde luidt, \u00bbgeluk bestaat uit kleine dingen\u00ab. En Voux Zingy is een kleintje. <strong>genot<\/strong> waar je niet zonder kunt.<\/p>\n<h3><strong>Een uniek sieraad voor al je outfits<\/strong><\/h3>\n<p>Met deze geur heb je net dat beetje extra dat het verschil maakt. Ongeacht de gelegenheid. Dus, om het plezier te intensiveren, aarzel niet om je te richten op je aandachtspunten. <strong>pulsatie<\/strong>.<\/p>","protected":false},"excerpt":{"rendered":"<p><strong><u>Technische gegevens :<\/u><\/strong><\/p>\n<p><strong>Naam parfum<\/strong> : U Zingy<br \/>\n<strong>Merk<\/strong> Hoek Parijs<br \/>\n<strong>Type<\/strong> Gemengd<br \/>\n<strong>Capaciteit<\/strong> 100 ml<\/p>\n<p><strong><u>Geur :<\/u><\/strong><\/p>\n<p><strong>Topnoten<\/strong> Basilicum, Bergamot, Italiaanse citroen, Citroen.<br \/>\n<strong>Hartnoten<\/strong> Jasmijn, Ambertollide, Verbena.<br \/>\n<strong>Basisnoten<\/strong> Musk.<\/p>\n<p>&nbsp;<\/p>","protected":false},"featured_media":33104,"template":"","meta":[],"product_brand":[],"product_cat":[204,201,202,210,236,300],"product_tag":[],"class_list":{"0":"post-33103","1":"product","2":"type-product","3":"status-publish","4":"has-post-thumbnail","6":"product_cat-parfum-citron","7":"product_cat-parfum-femme","8":"product_cat-parfum-homme","9":"product_cat-parfum-jasmin","10":"product_cat-parfum-musque","11":"product_cat-paris-corner","13":"first","14":"instock","15":"taxable","16":"shipping-taxable","17":"purchasable","18":"product-type-simple"},"yoast_head":"<!-- This site is optimized with the Yoast SEO plugin v27.5 - https:\/\/yoast.com\/product\/yoast-seo-wordpress\/ -->\n<title>Voux Zingy | Fragrance citronn\u00e9e en 100ml | \u00c9mir par Paris Corner<\/title>\n<meta name=\"description\" content=\"Voux Zingy est un parfum lumineux et exquis qui vous invite \u00e0 un voyage paradisiaque. En effet, ses senteurs fra\u00eeches et fruit\u00e9es sont un vrai d\u00e9lice.\" \/>\n<meta name=\"robots\" content=\"index, follow, max-snippet:-1, max-image-preview:large, max-video-preview:-1\" \/>\n<link rel=\"canonical\" href=\"https:\/\/lescollectionsprivees.com\/nl\/geur\/voux-zingy\/\" \/>\n<meta property=\"og:locale\" content=\"nl_NL\" \/>\n<meta property=\"og:type\" content=\"article\" \/>\n<meta property=\"og:title\" content=\"Voux Zingy | Fragrance citronn\u00e9e en 100ml | \u00c9mir par Paris Corner\" \/>\n<meta property=\"og:description\" content=\"Voux Zingy est un parfum lumineux et exquis qui vous invite \u00e0 un voyage paradisiaque. En effet, ses senteurs fra\u00eeches et fruit\u00e9es sont un vrai d\u00e9lice.\" \/>\n<meta property=\"og:url\" content=\"https:\/\/lescollectionsprivees.com\/nl\/geur\/voux-zingy\/\" \/>\n<meta property=\"og:site_name\" content=\"Les Collections Priv\u00e9es\" \/>\n<meta property=\"article:modified_time\" content=\"2026-04-09T23:06:52+00:00\" \/>\n<meta property=\"og:image\" content=\"https:\/\/lescollectionsprivees.com\/wp-content\/uploads\/2025\/02\/voux-zingy.jpg\" \/>\n\t<meta property=\"og:image:width\" content=\"600\" \/>\n\t<meta property=\"og:image:height\" content=\"600\" \/>\n\t<meta property=\"og:image:type\" content=\"image\/jpeg\" \/>\n<meta name=\"twitter:card\" content=\"summary_large_image\" \/>\n<meta name=\"twitter:label1\" content=\"Geschatte leestijd\" \/>\n\t<meta name=\"twitter:data1\" content=\"2 minuten\" \/>\n<script type=\"application\/ld+json\" class=\"yoast-schema-graph\">{\"@context\":\"https:\\\/\\\/schema.org\",\"@graph\":[{\"@type\":\"WebPage\",\"@id\":\"https:\\\/\\\/lescollectionsprivees.com\\\/parfum\\\/voux-zingy\\\/\",\"url\":\"https:\\\/\\\/lescollectionsprivees.com\\\/parfum\\\/voux-zingy\\\/\",\"name\":\"Voux Zingy | Fragrance citronn\u00e9e en 100ml | \u00c9mir par Paris Corner\",\"isPartOf\":{\"@id\":\"https:\\\/\\\/lescollectionsprivees.com\\\/#website\"},\"primaryImageOfPage\":{\"@id\":\"https:\\\/\\\/lescollectionsprivees.com\\\/parfum\\\/voux-zingy\\\/#primaryimage\"},\"image\":{\"@id\":\"https:\\\/\\\/lescollectionsprivees.com\\\/parfum\\\/voux-zingy\\\/#primaryimage\"},\"thumbnailUrl\":\"https:\\\/\\\/lescollectionsprivees.com\\\/wp-content\\\/uploads\\\/2025\\\/02\\\/voux-zingy.jpg\",\"datePublished\":\"2025-02-06T17:18:14+00:00\",\"dateModified\":\"2026-04-09T23:06:52+00:00\",\"description\":\"Voux Zingy est un parfum lumineux et exquis qui vous invite \u00e0 un voyage paradisiaque. En effet, ses senteurs fra\u00eeches et fruit\u00e9es sont un vrai d\u00e9lice.\",\"breadcrumb\":{\"@id\":\"https:\\\/\\\/lescollectionsprivees.com\\\/parfum\\\/voux-zingy\\\/#breadcrumb\"},\"inLanguage\":\"nl-NL\",\"potentialAction\":[{\"@type\":\"ReadAction\",\"target\":[\"https:\\\/\\\/lescollectionsprivees.com\\\/parfum\\\/voux-zingy\\\/\"]}]},{\"@type\":\"ImageObject\",\"inLanguage\":\"nl-NL\",\"@id\":\"https:\\\/\\\/lescollectionsprivees.com\\\/parfum\\\/voux-zingy\\\/#primaryimage\",\"url\":\"https:\\\/\\\/lescollectionsprivees.com\\\/wp-content\\\/uploads\\\/2025\\\/02\\\/voux-zingy.jpg\",\"contentUrl\":\"https:\\\/\\\/lescollectionsprivees.com\\\/wp-content\\\/uploads\\\/2025\\\/02\\\/voux-zingy.jpg\",\"width\":600,\"height\":600,\"caption\":\"Eau de parfum Voux Zingy 100ml \u2013 Emir by Paris Corner\"},{\"@type\":\"BreadcrumbList\",\"@id\":\"https:\\\/\\\/lescollectionsprivees.com\\\/parfum\\\/voux-zingy\\\/#breadcrumb\",\"itemListElement\":[{\"@type\":\"ListItem\",\"position\":1,\"name\":\"Accueil\",\"item\":\"https:\\\/\\\/lescollectionsprivees.com\\\/\"},{\"@type\":\"ListItem\",\"position\":2,\"name\":\"Boutique\",\"item\":\"https:\\\/\\\/lescollectionsprivees.com\\\/boutique\\\/\"},{\"@type\":\"ListItem\",\"position\":3,\"name\":\"Eau de parfum Voux Zingy 100ml \u2013 Emir by Paris Corner\"}]},{\"@type\":\"WebSite\",\"@id\":\"https:\\\/\\\/lescollectionsprivees.com\\\/#website\",\"url\":\"https:\\\/\\\/lescollectionsprivees.com\\\/\",\"name\":\"Les Collections Priv\u00e9es\",\"description\":\"\",\"publisher\":{\"@id\":\"https:\\\/\\\/lescollectionsprivees.com\\\/#organization\"},\"potentialAction\":[{\"@type\":\"SearchAction\",\"target\":{\"@type\":\"EntryPoint\",\"urlTemplate\":\"https:\\\/\\\/lescollectionsprivees.com\\\/?s={search_term_string}\"},\"query-input\":{\"@type\":\"PropertyValueSpecification\",\"valueRequired\":true,\"valueName\":\"search_term_string\"}}],\"inLanguage\":\"nl-NL\"},{\"@type\":\"Organization\",\"@id\":\"https:\\\/\\\/lescollectionsprivees.com\\\/#organization\",\"name\":\"Les Collections Priv\u00e9es\",\"url\":\"https:\\\/\\\/lescollectionsprivees.com\\\/\",\"logo\":{\"@type\":\"ImageObject\",\"inLanguage\":\"nl-NL\",\"@id\":\"https:\\\/\\\/lescollectionsprivees.com\\\/#\\\/schema\\\/logo\\\/image\\\/\",\"url\":\"https:\\\/\\\/lescollectionsprivees.com\\\/wp-content\\\/uploads\\\/2020\\\/02\\\/Logo-Les-Collections-Priv\u00e9es-450x450-1.png\",\"contentUrl\":\"https:\\\/\\\/lescollectionsprivees.com\\\/wp-content\\\/uploads\\\/2020\\\/02\\\/Logo-Les-Collections-Priv\u00e9es-450x450-1.png\",\"width\":450,\"height\":450,\"caption\":\"Les Collections Priv\u00e9es\"},\"image\":{\"@id\":\"https:\\\/\\\/lescollectionsprivees.com\\\/#\\\/schema\\\/logo\\\/image\\\/\"}}]}<\/script>\n<!-- \/ Yoast SEO plugin. -->","yoast_head_json":{"title":"Voux Zingy | Citroengeur 100ml | \u00c9mir van Paris Corner","description":"Voux Zingy is een stralende, exquise geur die je uitnodigt voor een reis naar het paradijs. De frisse, fruitige geuren zijn een waar genot.","robots":{"index":"index","follow":"follow","max-snippet":"max-snippet:-1","max-image-preview":"max-image-preview:large","max-video-preview":"max-video-preview:-1"},"canonical":"https:\/\/lescollectionsprivees.com\/nl\/geur\/voux-zingy\/","og_locale":"nl_NL","og_type":"article","og_title":"Voux Zingy | Fragrance citronn\u00e9e en 100ml | \u00c9mir par Paris Corner","og_description":"Voux Zingy est un parfum lumineux et exquis qui vous invite \u00e0 un voyage paradisiaque. En effet, ses senteurs fra\u00eeches et fruit\u00e9es sont un vrai d\u00e9lice.","og_url":"https:\/\/lescollectionsprivees.com\/nl\/geur\/voux-zingy\/","og_site_name":"Les Collections Priv\u00e9es","article_modified_time":"2026-04-09T23:06:52+00:00","og_image":[{"width":600,"height":600,"url":"https:\/\/lescollectionsprivees.com\/wp-content\/uploads\/2025\/02\/voux-zingy.jpg","type":"image\/jpeg"}],"twitter_card":"summary_large_image","twitter_misc":{"Geschatte leestijd":"2 minuten"},"schema":{"@context":"https:\/\/schema.org","@graph":[{"@type":"WebPage","@id":"https:\/\/lescollectionsprivees.com\/parfum\/voux-zingy\/","url":"https:\/\/lescollectionsprivees.com\/parfum\/voux-zingy\/","name":"Voux Zingy | Citroengeur 100ml | \u00c9mir van Paris Corner","isPartOf":{"@id":"https:\/\/lescollectionsprivees.com\/#website"},"primaryImageOfPage":{"@id":"https:\/\/lescollectionsprivees.com\/parfum\/voux-zingy\/#primaryimage"},"image":{"@id":"https:\/\/lescollectionsprivees.com\/parfum\/voux-zingy\/#primaryimage"},"thumbnailUrl":"https:\/\/lescollectionsprivees.com\/wp-content\/uploads\/2025\/02\/voux-zingy.jpg","datePublished":"2025-02-06T17:18:14+00:00","dateModified":"2026-04-09T23:06:52+00:00","description":"Voux Zingy is een stralende, exquise geur die je uitnodigt voor een reis naar het paradijs. De frisse, fruitige geuren zijn een waar genot.","breadcrumb":{"@id":"https:\/\/lescollectionsprivees.com\/parfum\/voux-zingy\/#breadcrumb"},"inLanguage":"nl-NL","potentialAction":[{"@type":"ReadAction","target":["https:\/\/lescollectionsprivees.com\/parfum\/voux-zingy\/"]}]},{"@type":"ImageObject","inLanguage":"nl-NL","@id":"https:\/\/lescollectionsprivees.com\/parfum\/voux-zingy\/#primaryimage","url":"https:\/\/lescollectionsprivees.com\/wp-content\/uploads\/2025\/02\/voux-zingy.jpg","contentUrl":"https:\/\/lescollectionsprivees.com\/wp-content\/uploads\/2025\/02\/voux-zingy.jpg","width":600,"height":600,"caption":"Eau de parfum Voux Zingy 100ml \u2013 Emir by Paris Corner"},{"@type":"BreadcrumbList","@id":"https:\/\/lescollectionsprivees.com\/parfum\/voux-zingy\/#breadcrumb","itemListElement":[{"@type":"ListItem","position":1,"name":"Accueil","item":"https:\/\/lescollectionsprivees.com\/"},{"@type":"ListItem","position":2,"name":"Boutique","item":"https:\/\/lescollectionsprivees.com\/boutique\/"},{"@type":"ListItem","position":3,"name":"Eau de parfum Voux Zingy 100ml \u2013 Emir by Paris Corner"}]},{"@type":"WebSite","@id":"https:\/\/lescollectionsprivees.com\/#website","url":"https:\/\/lescollectionsprivees.com\/","name":"Priv\u00e9collecties","description":"","publisher":{"@id":"https:\/\/lescollectionsprivees.com\/#organization"},"potentialAction":[{"@type":"SearchAction","target":{"@type":"EntryPoint","urlTemplate":"https:\/\/lescollectionsprivees.com\/?s={search_term_string}"},"query-input":{"@type":"PropertyValueSpecification","valueRequired":true,"valueName":"search_term_string"}}],"inLanguage":"nl-NL"},{"@type":"Organization","@id":"https:\/\/lescollectionsprivees.com\/#organization","name":"Priv\u00e9collecties","url":"https:\/\/lescollectionsprivees.com\/","logo":{"@type":"ImageObject","inLanguage":"nl-NL","@id":"https:\/\/lescollectionsprivees.com\/#\/schema\/logo\/image\/","url":"https:\/\/lescollectionsprivees.com\/wp-content\/uploads\/2020\/02\/Logo-Les-Collections-Priv\u00e9es-450x450-1.png","contentUrl":"https:\/\/lescollectionsprivees.com\/wp-content\/uploads\/2020\/02\/Logo-Les-Collections-Priv\u00e9es-450x450-1.png","width":450,"height":450,"caption":"Les Collections Priv\u00e9es"},"image":{"@id":"https:\/\/lescollectionsprivees.com\/#\/schema\/logo\/image\/"}}]}},"_links":{"self":[{"href":"https:\/\/lescollectionsprivees.com\/nl\/wp-json\/wp\/v2\/product\/33103","targetHints":{"allow":["GET"]}}],"collection":[{"href":"https:\/\/lescollectionsprivees.com\/nl\/wp-json\/wp\/v2\/product"}],"about":[{"href":"https:\/\/lescollectionsprivees.com\/nl\/wp-json\/wp\/v2\/types\/product"}],"wp:featuredmedia":[{"embeddable":true,"href":"https:\/\/lescollectionsprivees.com\/nl\/wp-json\/wp\/v2\/media\/33104"}],"wp:attachment":[{"href":"https:\/\/lescollectionsprivees.com\/nl\/wp-json\/wp\/v2\/media?parent=33103"}],"wp:term":[{"taxonomy":"product_brand","embeddable":true,"href":"https:\/\/lescollectionsprivees.com\/nl\/wp-json\/wp\/v2\/product_brand?post=33103"},{"taxonomy":"product_cat","embeddable":true,"href":"https:\/\/lescollectionsprivees.com\/nl\/wp-json\/wp\/v2\/product_cat?post=33103"},{"taxonomy":"product_tag","embeddable":true,"href":"https:\/\/lescollectionsprivees.com\/nl\/wp-json\/wp\/v2\/product_tag?post=33103"}],"curies":[{"name":"wp","href":"https:\/\/api.w.org\/{rel}","templated":true}]}}