{"id":35794,"date":"2025-07-14T19:54:52","date_gmt":"2025-07-14T19:54:52","guid":{"rendered":"https:\/\/lescollectionsprivees.com\/?post_type=product&#038;p=35794"},"modified":"2025-12-10T11:09:14","modified_gmt":"2025-12-10T11:09:14","slug":"eau-de-parfum-elysia-lychee-fizz","status":"publish","type":"product","link":"https:\/\/lescollectionsprivees.com\/nl\/parfum\/eau-de-parfum-elysia-lychee-fizz\/","title":{"rendered":"Eau de parfum Elysia Lychee Fizz 100ml - Fragrance World"},"content":{"rendered":"","protected":false},"excerpt":{"rendered":"<p><strong><u>Technische gegevens :<\/u><\/strong><\/p>\n<p><strong>Naam parfum<\/strong> Elyssa Lychee Fizz<br \/>\n<strong>Merk<\/strong> Geur Wereld<br \/>\n<strong>Type<\/strong> Vrouw<br \/>\n<strong>Capaciteit<\/strong> 100 ml<\/p>\n<p><strong><u>Geurnoten :<\/u><\/strong><\/p>\n<p><strong>Topnoten :<\/strong> Litchi, zwarte bes, rode appel, Italiaanse citroen.<br \/>\n<strong>Hartnoten :<\/strong> Viooltje, roos, jasmijn<br \/>\n<strong>Basisnoten :<\/strong> Suiker, vanille, muskus, amber, sandelhout, cederhout<\/p>","protected":false},"featured_media":35795,"template":"","meta":[],"product_brand":[],"product_cat":[303,203,204,201,210,206,272,208],"product_tag":[],"class_list":{"0":"post-35794","1":"product","2":"type-product","3":"status-publish","4":"has-post-thumbnail","6":"product_cat-fragrance-world","7":"product_cat-parfum-ambre","8":"product_cat-parfum-citron","9":"product_cat-parfum-femme","10":"product_cat-parfum-jasmin","11":"product_cat-parfum-rose","12":"product_cat-parfum-sucre","13":"product_cat-parfum-vanille","15":"first","16":"instock","17":"taxable","18":"shipping-taxable","19":"purchasable","20":"product-type-simple"},"yoast_head":"<!-- This site is optimized with the Yoast SEO plugin v27.5 - https:\/\/yoast.com\/product\/yoast-seo-wordpress\/ -->\n<title>Eau de parfum Elysia Lychee Fizz 100ml \u2013 Fragrance World - Les Collections Priv\u00e9es<\/title>\n<meta name=\"robots\" content=\"index, follow, max-snippet:-1, max-image-preview:large, max-video-preview:-1\" \/>\n<link rel=\"canonical\" href=\"https:\/\/lescollectionsprivees.com\/nl\/geur\/eau-de-parfum-elysia-lychee-fizz\/\" \/>\n<meta property=\"og:locale\" content=\"nl_NL\" \/>\n<meta property=\"og:type\" content=\"article\" \/>\n<meta property=\"og:title\" content=\"Eau de parfum Elysia Lychee Fizz 100ml \u2013 Fragrance World - Les Collections Priv\u00e9es\" \/>\n<meta property=\"og:description\" content=\"Donn\u00e9es Techniques :  Nom du parfum : Elyssa Lychee Fizz Marque : Fragrance World Genre : F\u00e9minin Contenance : 100 mL  Notes Olfactives :  Notes de t\u00eate : Litchi, cassis, pomme rouge, citron d\u2019Italie. Notes de c\u0153ur : Violette, rose, jasmin Notes de fond : Sucre, vanille, musc, ambre, bois de santal, c\u00e8dre\" \/>\n<meta property=\"og:url\" content=\"https:\/\/lescollectionsprivees.com\/nl\/geur\/eau-de-parfum-elysia-lychee-fizz\/\" \/>\n<meta property=\"og:site_name\" content=\"Les Collections Priv\u00e9es\" \/>\n<meta property=\"article:modified_time\" content=\"2025-12-10T11:09:14+00:00\" \/>\n<meta property=\"og:image\" content=\"https:\/\/lescollectionsprivees.com\/wp-content\/uploads\/2025\/07\/EAU-DE-PARFUM-ELYSIA-LYCHEE-FIZZ-100ML-FRAGRANCE-WORLD.jpg\" \/>\n\t<meta property=\"og:image:width\" content=\"600\" \/>\n\t<meta property=\"og:image:height\" content=\"600\" \/>\n\t<meta property=\"og:image:type\" content=\"image\/jpeg\" \/>\n<meta name=\"twitter:card\" content=\"summary_large_image\" \/>\n<meta name=\"twitter:label1\" content=\"Geschatte leestijd\" \/>\n\t<meta name=\"twitter:data1\" content=\"1 minuut\" \/>\n<script type=\"application\/ld+json\" class=\"yoast-schema-graph\">{\"@context\":\"https:\\\/\\\/schema.org\",\"@graph\":[{\"@type\":\"WebPage\",\"@id\":\"https:\\\/\\\/lescollectionsprivees.com\\\/parfum\\\/eau-de-parfum-elysia-lychee-fizz\\\/\",\"url\":\"https:\\\/\\\/lescollectionsprivees.com\\\/parfum\\\/eau-de-parfum-elysia-lychee-fizz\\\/\",\"name\":\"Eau de parfum Elysia Lychee Fizz 100ml \u2013 Fragrance World - Les Collections Priv\u00e9es\",\"isPartOf\":{\"@id\":\"https:\\\/\\\/lescollectionsprivees.com\\\/#website\"},\"primaryImageOfPage\":{\"@id\":\"https:\\\/\\\/lescollectionsprivees.com\\\/parfum\\\/eau-de-parfum-elysia-lychee-fizz\\\/#primaryimage\"},\"image\":{\"@id\":\"https:\\\/\\\/lescollectionsprivees.com\\\/parfum\\\/eau-de-parfum-elysia-lychee-fizz\\\/#primaryimage\"},\"thumbnailUrl\":\"https:\\\/\\\/lescollectionsprivees.com\\\/wp-content\\\/uploads\\\/2025\\\/07\\\/EAU-DE-PARFUM-ELYSIA-LYCHEE-FIZZ-100ML-FRAGRANCE-WORLD.jpg\",\"datePublished\":\"2025-07-14T19:54:52+00:00\",\"dateModified\":\"2025-12-10T11:09:14+00:00\",\"breadcrumb\":{\"@id\":\"https:\\\/\\\/lescollectionsprivees.com\\\/parfum\\\/eau-de-parfum-elysia-lychee-fizz\\\/#breadcrumb\"},\"inLanguage\":\"nl-NL\",\"potentialAction\":[{\"@type\":\"ReadAction\",\"target\":[\"https:\\\/\\\/lescollectionsprivees.com\\\/parfum\\\/eau-de-parfum-elysia-lychee-fizz\\\/\"]}]},{\"@type\":\"ImageObject\",\"inLanguage\":\"nl-NL\",\"@id\":\"https:\\\/\\\/lescollectionsprivees.com\\\/parfum\\\/eau-de-parfum-elysia-lychee-fizz\\\/#primaryimage\",\"url\":\"https:\\\/\\\/lescollectionsprivees.com\\\/wp-content\\\/uploads\\\/2025\\\/07\\\/EAU-DE-PARFUM-ELYSIA-LYCHEE-FIZZ-100ML-FRAGRANCE-WORLD.jpg\",\"contentUrl\":\"https:\\\/\\\/lescollectionsprivees.com\\\/wp-content\\\/uploads\\\/2025\\\/07\\\/EAU-DE-PARFUM-ELYSIA-LYCHEE-FIZZ-100ML-FRAGRANCE-WORLD.jpg\",\"width\":600,\"height\":600,\"caption\":\"Eau de parfum Elysia Lychee Fizz 100ml \u2013 Fragrance World\"},{\"@type\":\"BreadcrumbList\",\"@id\":\"https:\\\/\\\/lescollectionsprivees.com\\\/parfum\\\/eau-de-parfum-elysia-lychee-fizz\\\/#breadcrumb\",\"itemListElement\":[{\"@type\":\"ListItem\",\"position\":1,\"name\":\"Accueil\",\"item\":\"https:\\\/\\\/lescollectionsprivees.com\\\/\"},{\"@type\":\"ListItem\",\"position\":2,\"name\":\"Boutique\",\"item\":\"https:\\\/\\\/lescollectionsprivees.com\\\/boutique\\\/\"},{\"@type\":\"ListItem\",\"position\":3,\"name\":\"Eau de parfum Elysia Lychee Fizz 100ml \u2013 Fragrance World\"}]},{\"@type\":\"WebSite\",\"@id\":\"https:\\\/\\\/lescollectionsprivees.com\\\/#website\",\"url\":\"https:\\\/\\\/lescollectionsprivees.com\\\/\",\"name\":\"Les Collections Priv\u00e9es\",\"description\":\"\",\"publisher\":{\"@id\":\"https:\\\/\\\/lescollectionsprivees.com\\\/#organization\"},\"potentialAction\":[{\"@type\":\"SearchAction\",\"target\":{\"@type\":\"EntryPoint\",\"urlTemplate\":\"https:\\\/\\\/lescollectionsprivees.com\\\/?s={search_term_string}\"},\"query-input\":{\"@type\":\"PropertyValueSpecification\",\"valueRequired\":true,\"valueName\":\"search_term_string\"}}],\"inLanguage\":\"nl-NL\"},{\"@type\":\"Organization\",\"@id\":\"https:\\\/\\\/lescollectionsprivees.com\\\/#organization\",\"name\":\"Les Collections Priv\u00e9es\",\"url\":\"https:\\\/\\\/lescollectionsprivees.com\\\/\",\"logo\":{\"@type\":\"ImageObject\",\"inLanguage\":\"nl-NL\",\"@id\":\"https:\\\/\\\/lescollectionsprivees.com\\\/#\\\/schema\\\/logo\\\/image\\\/\",\"url\":\"https:\\\/\\\/lescollectionsprivees.com\\\/wp-content\\\/uploads\\\/2020\\\/02\\\/Logo-Les-Collections-Priv\u00e9es-450x450-1.png\",\"contentUrl\":\"https:\\\/\\\/lescollectionsprivees.com\\\/wp-content\\\/uploads\\\/2020\\\/02\\\/Logo-Les-Collections-Priv\u00e9es-450x450-1.png\",\"width\":450,\"height\":450,\"caption\":\"Les Collections Priv\u00e9es\"},\"image\":{\"@id\":\"https:\\\/\\\/lescollectionsprivees.com\\\/#\\\/schema\\\/logo\\\/image\\\/\"}}]}<\/script>\n<!-- \/ Yoast SEO plugin. -->","yoast_head_json":{"title":"Eau de parfum Elysia Lychee Fizz 100ml - Geurenwereld - Les Collections Priv\u00e9es","robots":{"index":"index","follow":"follow","max-snippet":"max-snippet:-1","max-image-preview":"max-image-preview:large","max-video-preview":"max-video-preview:-1"},"canonical":"https:\/\/lescollectionsprivees.com\/nl\/geur\/eau-de-parfum-elysia-lychee-fizz\/","og_locale":"nl_NL","og_type":"article","og_title":"Eau de parfum Elysia Lychee Fizz 100ml \u2013 Fragrance World - Les Collections Priv\u00e9es","og_description":"Donn\u00e9es Techniques :  Nom du parfum : Elyssa Lychee Fizz Marque : Fragrance World Genre : F\u00e9minin Contenance : 100 mL  Notes Olfactives :  Notes de t\u00eate : Litchi, cassis, pomme rouge, citron d\u2019Italie. Notes de c\u0153ur : Violette, rose, jasmin Notes de fond : Sucre, vanille, musc, ambre, bois de santal, c\u00e8dre","og_url":"https:\/\/lescollectionsprivees.com\/nl\/geur\/eau-de-parfum-elysia-lychee-fizz\/","og_site_name":"Les Collections Priv\u00e9es","article_modified_time":"2025-12-10T11:09:14+00:00","og_image":[{"width":600,"height":600,"url":"https:\/\/lescollectionsprivees.com\/wp-content\/uploads\/2025\/07\/EAU-DE-PARFUM-ELYSIA-LYCHEE-FIZZ-100ML-FRAGRANCE-WORLD.jpg","type":"image\/jpeg"}],"twitter_card":"summary_large_image","twitter_misc":{"Geschatte leestijd":"1 minuut"},"schema":{"@context":"https:\/\/schema.org","@graph":[{"@type":"WebPage","@id":"https:\/\/lescollectionsprivees.com\/parfum\/eau-de-parfum-elysia-lychee-fizz\/","url":"https:\/\/lescollectionsprivees.com\/parfum\/eau-de-parfum-elysia-lychee-fizz\/","name":"Eau de parfum Elysia Lychee Fizz 100ml - Geurenwereld - Les Collections Priv\u00e9es","isPartOf":{"@id":"https:\/\/lescollectionsprivees.com\/#website"},"primaryImageOfPage":{"@id":"https:\/\/lescollectionsprivees.com\/parfum\/eau-de-parfum-elysia-lychee-fizz\/#primaryimage"},"image":{"@id":"https:\/\/lescollectionsprivees.com\/parfum\/eau-de-parfum-elysia-lychee-fizz\/#primaryimage"},"thumbnailUrl":"https:\/\/lescollectionsprivees.com\/wp-content\/uploads\/2025\/07\/EAU-DE-PARFUM-ELYSIA-LYCHEE-FIZZ-100ML-FRAGRANCE-WORLD.jpg","datePublished":"2025-07-14T19:54:52+00:00","dateModified":"2025-12-10T11:09:14+00:00","breadcrumb":{"@id":"https:\/\/lescollectionsprivees.com\/parfum\/eau-de-parfum-elysia-lychee-fizz\/#breadcrumb"},"inLanguage":"nl-NL","potentialAction":[{"@type":"ReadAction","target":["https:\/\/lescollectionsprivees.com\/parfum\/eau-de-parfum-elysia-lychee-fizz\/"]}]},{"@type":"ImageObject","inLanguage":"nl-NL","@id":"https:\/\/lescollectionsprivees.com\/parfum\/eau-de-parfum-elysia-lychee-fizz\/#primaryimage","url":"https:\/\/lescollectionsprivees.com\/wp-content\/uploads\/2025\/07\/EAU-DE-PARFUM-ELYSIA-LYCHEE-FIZZ-100ML-FRAGRANCE-WORLD.jpg","contentUrl":"https:\/\/lescollectionsprivees.com\/wp-content\/uploads\/2025\/07\/EAU-DE-PARFUM-ELYSIA-LYCHEE-FIZZ-100ML-FRAGRANCE-WORLD.jpg","width":600,"height":600,"caption":"Eau de parfum Elysia Lychee Fizz 100ml \u2013 Fragrance World"},{"@type":"BreadcrumbList","@id":"https:\/\/lescollectionsprivees.com\/parfum\/eau-de-parfum-elysia-lychee-fizz\/#breadcrumb","itemListElement":[{"@type":"ListItem","position":1,"name":"Accueil","item":"https:\/\/lescollectionsprivees.com\/"},{"@type":"ListItem","position":2,"name":"Boutique","item":"https:\/\/lescollectionsprivees.com\/boutique\/"},{"@type":"ListItem","position":3,"name":"Eau de parfum Elysia Lychee Fizz 100ml \u2013 Fragrance World"}]},{"@type":"WebSite","@id":"https:\/\/lescollectionsprivees.com\/#website","url":"https:\/\/lescollectionsprivees.com\/","name":"Priv\u00e9collecties","description":"","publisher":{"@id":"https:\/\/lescollectionsprivees.com\/#organization"},"potentialAction":[{"@type":"SearchAction","target":{"@type":"EntryPoint","urlTemplate":"https:\/\/lescollectionsprivees.com\/?s={search_term_string}"},"query-input":{"@type":"PropertyValueSpecification","valueRequired":true,"valueName":"search_term_string"}}],"inLanguage":"nl-NL"},{"@type":"Organization","@id":"https:\/\/lescollectionsprivees.com\/#organization","name":"Priv\u00e9collecties","url":"https:\/\/lescollectionsprivees.com\/","logo":{"@type":"ImageObject","inLanguage":"nl-NL","@id":"https:\/\/lescollectionsprivees.com\/#\/schema\/logo\/image\/","url":"https:\/\/lescollectionsprivees.com\/wp-content\/uploads\/2020\/02\/Logo-Les-Collections-Priv\u00e9es-450x450-1.png","contentUrl":"https:\/\/lescollectionsprivees.com\/wp-content\/uploads\/2020\/02\/Logo-Les-Collections-Priv\u00e9es-450x450-1.png","width":450,"height":450,"caption":"Les Collections Priv\u00e9es"},"image":{"@id":"https:\/\/lescollectionsprivees.com\/#\/schema\/logo\/image\/"}}]}},"_links":{"self":[{"href":"https:\/\/lescollectionsprivees.com\/nl\/wp-json\/wp\/v2\/product\/35794","targetHints":{"allow":["GET"]}}],"collection":[{"href":"https:\/\/lescollectionsprivees.com\/nl\/wp-json\/wp\/v2\/product"}],"about":[{"href":"https:\/\/lescollectionsprivees.com\/nl\/wp-json\/wp\/v2\/types\/product"}],"wp:featuredmedia":[{"embeddable":true,"href":"https:\/\/lescollectionsprivees.com\/nl\/wp-json\/wp\/v2\/media\/35795"}],"wp:attachment":[{"href":"https:\/\/lescollectionsprivees.com\/nl\/wp-json\/wp\/v2\/media?parent=35794"}],"wp:term":[{"taxonomy":"product_brand","embeddable":true,"href":"https:\/\/lescollectionsprivees.com\/nl\/wp-json\/wp\/v2\/product_brand?post=35794"},{"taxonomy":"product_cat","embeddable":true,"href":"https:\/\/lescollectionsprivees.com\/nl\/wp-json\/wp\/v2\/product_cat?post=35794"},{"taxonomy":"product_tag","embeddable":true,"href":"https:\/\/lescollectionsprivees.com\/nl\/wp-json\/wp\/v2\/product_tag?post=35794"}],"curies":[{"name":"wp","href":"https:\/\/api.w.org\/{rel}","templated":true}]}}