{"id":6359,"date":"2020-02-06T12:41:24","date_gmt":"2020-02-06T12:41:24","guid":{"rendered":"https:\/\/lescollectionsprivees.com\/produit\/import-placeholder-for-1843\/"},"modified":"2026-05-16T13:43:41","modified_gmt":"2026-05-16T13:43:41","slug":"editie-rood-zwart","status":"publish","type":"product","link":"https:\/\/lescollectionsprivees.com\/nl\/parfum\/rouge-black-edition\/","title":{"rendered":"Rood - Zwarte Editie"},"content":{"rendered":"<h2><strong>Rood van Zwarte Editie<\/strong><\/h2>\n<p>Ondanks de zeer discrete en bijna bescheiden verpakking is deze geur van <strong>Zwarte Editie<\/strong> is een waar concentraat van topnoten, in een melodieuze olfactorische symfonie samengesteld uit jasmijn, saffraan, ambergrijs, dennenhars en cederhout. De evenwichtige samenstelling van top-, midden- en basisnoten cre\u00ebert geen onaangename contrasten. Integendeel, de geuren verrijken elkaar en geven Rouge zijn karakteristieke noten.<\/p>\n<p>Sensueel en delicaat, robuust maar toch subtiel, heeft het geen moeite om zelfs de meest strenge neuzen te verleiden. De <strong>Black Edition Rouge geur<\/strong>\u00a0heeft de traditionele knowhow ge\u00ebrfd en is niet bang om nieuwe horizonten te veroveren. De lange levensduur en opmerkelijke projectie zijn het perfecte bewijs van de expertise van de Black Edition parfumeurs. En het is gemakkelijk te begrijpen waarom Rouge zo populair is en blijft!<\/p>\n<h2><strong>Je meesterwapen<\/strong><\/h2>\n<p>Door de opnieuw uitgevonden geuren, <strong>Zwarte Editie<\/strong> slaagt erin om de hele olfactorische ervaring van iconische geuren te vernieuwen. Rouge is opnieuw een meesterzet. Het is een geur met een majestueus karakter die zeker zal verleiden en boeien. Voor speciale gelegenheden of het dagelijks leven, maak van deze geur je meesterwapen!<\/p>","protected":false},"excerpt":{"rendered":"<p style=\"text-align: left;\"><strong><u>Technische gegevens :<\/u><\/strong><\/p>\n<p><strong>Naam parfum<\/strong>\u00a0Rood<br \/>\n<strong>Merk<\/strong>\u00a0Zwarte Editie<br \/>\n<strong>Type<\/strong>\u00a0Unisex<br \/>\n<strong>Capaciteit<\/strong>\u00a050 ml<\/p>\n<p><span style=\"text-decoration: underline;\"><strong>Geurprofiel<\/strong> :<\/span><\/p>\n<p><strong>Hoofd<\/strong> Jasmijn, Saffraan<br \/>\n<strong>Hart<\/strong> Ambergris<br \/>\n<strong>Achtergrond<\/strong> Dennenhars en cederhout<\/p>\n<div id=\"gtx-trans\" style=\"position: absolute; left: -26px; top: 184.534px;\">\n<div class=\"gtx-trans-icon\"><\/div>\n<\/div>","protected":false},"featured_media":32506,"template":"","meta":[],"product_brand":[],"product_cat":[110,201,202,101],"product_tag":[],"class_list":{"0":"post-6359","1":"product","2":"type-product","3":"status-publish","4":"has-post-thumbnail","6":"product_cat-black-edition","7":"product_cat-parfum-femme","8":"product_cat-parfum-homme","9":"product_cat-parfums-occidentaux","10":"pa_marque-black-edition","12":"first","13":"instock","14":"taxable","15":"shipping-taxable","16":"purchasable","17":"product-type-simple"},"yoast_head":"<!-- This site is optimized with the Yoast SEO plugin v27.5 - https:\/\/yoast.com\/product\/yoast-seo-wordpress\/ -->\n<title>Parfum Black Edition Rouge en 50 ml - Les Collections Priv\u00e9es<\/title>\n<meta name=\"description\" content=\"Parfum Rouge de Black Edition est un chef-d\u2019\u0153uvre d\u2019exception. Ce parfum se veut \u00eatre un p\u00e9riple aventureux entre senteurs fleuries et bois\u00e9es.\" \/>\n<meta name=\"robots\" content=\"index, follow, max-snippet:-1, max-image-preview:large, max-video-preview:-1\" \/>\n<link rel=\"canonical\" href=\"https:\/\/lescollectionsprivees.com\/nl\/geur\/editie-rood-zwart\/\" \/>\n<meta property=\"og:locale\" content=\"nl_NL\" \/>\n<meta property=\"og:type\" content=\"article\" \/>\n<meta property=\"og:title\" content=\"Parfum Black Edition Rouge en 50 ml - Les Collections Priv\u00e9es\" \/>\n<meta property=\"og:description\" content=\"Parfum Rouge de Black Edition est un chef-d\u2019\u0153uvre d\u2019exception. Ce parfum se veut \u00eatre un p\u00e9riple aventureux entre senteurs fleuries et bois\u00e9es.\" \/>\n<meta property=\"og:url\" content=\"https:\/\/lescollectionsprivees.com\/nl\/geur\/editie-rood-zwart\/\" \/>\n<meta property=\"og:site_name\" content=\"Les Collections Priv\u00e9es\" \/>\n<meta property=\"article:modified_time\" content=\"2026-05-16T13:43:41+00:00\" \/>\n<meta property=\"og:image\" content=\"https:\/\/lescollectionsprivees.com\/wp-content\/uploads\/2024\/12\/BLACK-EDITION-ROUGE-SANS.jpg\" \/>\n\t<meta property=\"og:image:width\" content=\"1000\" \/>\n\t<meta property=\"og:image:height\" content=\"1000\" \/>\n\t<meta property=\"og:image:type\" content=\"image\/jpeg\" \/>\n<meta name=\"twitter:card\" content=\"summary_large_image\" \/>\n<meta name=\"twitter:label1\" content=\"Geschatte leestijd\" \/>\n\t<meta name=\"twitter:data1\" content=\"2 minuten\" \/>\n<script type=\"application\/ld+json\" class=\"yoast-schema-graph\">{\"@context\":\"https:\\\/\\\/schema.org\",\"@graph\":[{\"@type\":\"WebPage\",\"@id\":\"https:\\\/\\\/lescollectionsprivees.com\\\/parfum\\\/rouge-black-edition\\\/\",\"url\":\"https:\\\/\\\/lescollectionsprivees.com\\\/parfum\\\/rouge-black-edition\\\/\",\"name\":\"Parfum Black Edition Rouge en 50 ml - Les Collections Priv\u00e9es\",\"isPartOf\":{\"@id\":\"https:\\\/\\\/lescollectionsprivees.com\\\/#website\"},\"primaryImageOfPage\":{\"@id\":\"https:\\\/\\\/lescollectionsprivees.com\\\/parfum\\\/rouge-black-edition\\\/#primaryimage\"},\"image\":{\"@id\":\"https:\\\/\\\/lescollectionsprivees.com\\\/parfum\\\/rouge-black-edition\\\/#primaryimage\"},\"thumbnailUrl\":\"https:\\\/\\\/lescollectionsprivees.com\\\/wp-content\\\/uploads\\\/2024\\\/12\\\/BLACK-EDITION-ROUGE-SANS.jpg\",\"datePublished\":\"2020-02-06T12:41:24+00:00\",\"dateModified\":\"2026-05-16T13:43:41+00:00\",\"description\":\"Parfum Rouge de Black Edition est un chef-d\u2019\u0153uvre d\u2019exception. Ce parfum se veut \u00eatre un p\u00e9riple aventureux entre senteurs fleuries et bois\u00e9es.\",\"breadcrumb\":{\"@id\":\"https:\\\/\\\/lescollectionsprivees.com\\\/parfum\\\/rouge-black-edition\\\/#breadcrumb\"},\"inLanguage\":\"nl-NL\",\"potentialAction\":[{\"@type\":\"ReadAction\",\"target\":[\"https:\\\/\\\/lescollectionsprivees.com\\\/parfum\\\/rouge-black-edition\\\/\"]}]},{\"@type\":\"ImageObject\",\"inLanguage\":\"nl-NL\",\"@id\":\"https:\\\/\\\/lescollectionsprivees.com\\\/parfum\\\/rouge-black-edition\\\/#primaryimage\",\"url\":\"https:\\\/\\\/lescollectionsprivees.com\\\/wp-content\\\/uploads\\\/2024\\\/12\\\/BLACK-EDITION-ROUGE-SANS.jpg\",\"contentUrl\":\"https:\\\/\\\/lescollectionsprivees.com\\\/wp-content\\\/uploads\\\/2024\\\/12\\\/BLACK-EDITION-ROUGE-SANS.jpg\",\"width\":1000,\"height\":1000,\"caption\":\"Rouge \u2013 Black Edition\"},{\"@type\":\"BreadcrumbList\",\"@id\":\"https:\\\/\\\/lescollectionsprivees.com\\\/parfum\\\/rouge-black-edition\\\/#breadcrumb\",\"itemListElement\":[{\"@type\":\"ListItem\",\"position\":1,\"name\":\"Accueil\",\"item\":\"https:\\\/\\\/lescollectionsprivees.com\\\/\"},{\"@type\":\"ListItem\",\"position\":2,\"name\":\"Boutique\",\"item\":\"https:\\\/\\\/lescollectionsprivees.com\\\/boutique\\\/\"},{\"@type\":\"ListItem\",\"position\":3,\"name\":\"Rouge &#8211; Black Edition\"}]},{\"@type\":\"WebSite\",\"@id\":\"https:\\\/\\\/lescollectionsprivees.com\\\/#website\",\"url\":\"https:\\\/\\\/lescollectionsprivees.com\\\/\",\"name\":\"Les Collections Priv\u00e9es\",\"description\":\"\",\"publisher\":{\"@id\":\"https:\\\/\\\/lescollectionsprivees.com\\\/#organization\"},\"potentialAction\":[{\"@type\":\"SearchAction\",\"target\":{\"@type\":\"EntryPoint\",\"urlTemplate\":\"https:\\\/\\\/lescollectionsprivees.com\\\/?s={search_term_string}\"},\"query-input\":{\"@type\":\"PropertyValueSpecification\",\"valueRequired\":true,\"valueName\":\"search_term_string\"}}],\"inLanguage\":\"nl-NL\"},{\"@type\":\"Organization\",\"@id\":\"https:\\\/\\\/lescollectionsprivees.com\\\/#organization\",\"name\":\"Les Collections Priv\u00e9es\",\"url\":\"https:\\\/\\\/lescollectionsprivees.com\\\/\",\"logo\":{\"@type\":\"ImageObject\",\"inLanguage\":\"nl-NL\",\"@id\":\"https:\\\/\\\/lescollectionsprivees.com\\\/#\\\/schema\\\/logo\\\/image\\\/\",\"url\":\"https:\\\/\\\/lescollectionsprivees.com\\\/wp-content\\\/uploads\\\/2020\\\/02\\\/Logo-Les-Collections-Priv\u00e9es-450x450-1.png\",\"contentUrl\":\"https:\\\/\\\/lescollectionsprivees.com\\\/wp-content\\\/uploads\\\/2020\\\/02\\\/Logo-Les-Collections-Priv\u00e9es-450x450-1.png\",\"width\":450,\"height\":450,\"caption\":\"Les Collections Priv\u00e9es\"},\"image\":{\"@id\":\"https:\\\/\\\/lescollectionsprivees.com\\\/#\\\/schema\\\/logo\\\/image\\\/\"}}]}<\/script>\n<!-- \/ Yoast SEO plugin. -->","yoast_head_json":{"title":"Parfum Black Edition Red 50 ml - Les Collections Priv\u00e9es","description":"Parfum Rouge de Black Edition is een uitzonderlijk meesterwerk. Deze geur is een avontuurlijke reis langs bloemige en houtachtige geuren.","robots":{"index":"index","follow":"follow","max-snippet":"max-snippet:-1","max-image-preview":"max-image-preview:large","max-video-preview":"max-video-preview:-1"},"canonical":"https:\/\/lescollectionsprivees.com\/nl\/geur\/editie-rood-zwart\/","og_locale":"nl_NL","og_type":"article","og_title":"Parfum Black Edition Rouge en 50 ml - Les Collections Priv\u00e9es","og_description":"Parfum Rouge de Black Edition est un chef-d\u2019\u0153uvre d\u2019exception. Ce parfum se veut \u00eatre un p\u00e9riple aventureux entre senteurs fleuries et bois\u00e9es.","og_url":"https:\/\/lescollectionsprivees.com\/nl\/geur\/editie-rood-zwart\/","og_site_name":"Les Collections Priv\u00e9es","article_modified_time":"2026-05-16T13:43:41+00:00","og_image":[{"width":1000,"height":1000,"url":"https:\/\/lescollectionsprivees.com\/wp-content\/uploads\/2024\/12\/BLACK-EDITION-ROUGE-SANS.jpg","type":"image\/jpeg"}],"twitter_card":"summary_large_image","twitter_misc":{"Geschatte leestijd":"2 minuten"},"schema":{"@context":"https:\/\/schema.org","@graph":[{"@type":"WebPage","@id":"https:\/\/lescollectionsprivees.com\/parfum\/rouge-black-edition\/","url":"https:\/\/lescollectionsprivees.com\/parfum\/rouge-black-edition\/","name":"Parfum Black Edition Red 50 ml - Les Collections Priv\u00e9es","isPartOf":{"@id":"https:\/\/lescollectionsprivees.com\/#website"},"primaryImageOfPage":{"@id":"https:\/\/lescollectionsprivees.com\/parfum\/rouge-black-edition\/#primaryimage"},"image":{"@id":"https:\/\/lescollectionsprivees.com\/parfum\/rouge-black-edition\/#primaryimage"},"thumbnailUrl":"https:\/\/lescollectionsprivees.com\/wp-content\/uploads\/2024\/12\/BLACK-EDITION-ROUGE-SANS.jpg","datePublished":"2020-02-06T12:41:24+00:00","dateModified":"2026-05-16T13:43:41+00:00","description":"Parfum Rouge de Black Edition is een uitzonderlijk meesterwerk. Deze geur is een avontuurlijke reis langs bloemige en houtachtige geuren.","breadcrumb":{"@id":"https:\/\/lescollectionsprivees.com\/parfum\/rouge-black-edition\/#breadcrumb"},"inLanguage":"nl-NL","potentialAction":[{"@type":"ReadAction","target":["https:\/\/lescollectionsprivees.com\/parfum\/rouge-black-edition\/"]}]},{"@type":"ImageObject","inLanguage":"nl-NL","@id":"https:\/\/lescollectionsprivees.com\/parfum\/rouge-black-edition\/#primaryimage","url":"https:\/\/lescollectionsprivees.com\/wp-content\/uploads\/2024\/12\/BLACK-EDITION-ROUGE-SANS.jpg","contentUrl":"https:\/\/lescollectionsprivees.com\/wp-content\/uploads\/2024\/12\/BLACK-EDITION-ROUGE-SANS.jpg","width":1000,"height":1000,"caption":"Rouge \u2013 Black Edition"},{"@type":"BreadcrumbList","@id":"https:\/\/lescollectionsprivees.com\/parfum\/rouge-black-edition\/#breadcrumb","itemListElement":[{"@type":"ListItem","position":1,"name":"Accueil","item":"https:\/\/lescollectionsprivees.com\/"},{"@type":"ListItem","position":2,"name":"Boutique","item":"https:\/\/lescollectionsprivees.com\/boutique\/"},{"@type":"ListItem","position":3,"name":"Rouge &#8211; Black Edition"}]},{"@type":"WebSite","@id":"https:\/\/lescollectionsprivees.com\/#website","url":"https:\/\/lescollectionsprivees.com\/","name":"Priv\u00e9collecties","description":"","publisher":{"@id":"https:\/\/lescollectionsprivees.com\/#organization"},"potentialAction":[{"@type":"SearchAction","target":{"@type":"EntryPoint","urlTemplate":"https:\/\/lescollectionsprivees.com\/?s={search_term_string}"},"query-input":{"@type":"PropertyValueSpecification","valueRequired":true,"valueName":"search_term_string"}}],"inLanguage":"nl-NL"},{"@type":"Organization","@id":"https:\/\/lescollectionsprivees.com\/#organization","name":"Priv\u00e9collecties","url":"https:\/\/lescollectionsprivees.com\/","logo":{"@type":"ImageObject","inLanguage":"nl-NL","@id":"https:\/\/lescollectionsprivees.com\/#\/schema\/logo\/image\/","url":"https:\/\/lescollectionsprivees.com\/wp-content\/uploads\/2020\/02\/Logo-Les-Collections-Priv\u00e9es-450x450-1.png","contentUrl":"https:\/\/lescollectionsprivees.com\/wp-content\/uploads\/2020\/02\/Logo-Les-Collections-Priv\u00e9es-450x450-1.png","width":450,"height":450,"caption":"Les Collections Priv\u00e9es"},"image":{"@id":"https:\/\/lescollectionsprivees.com\/#\/schema\/logo\/image\/"}}]}},"_links":{"self":[{"href":"https:\/\/lescollectionsprivees.com\/nl\/wp-json\/wp\/v2\/product\/6359","targetHints":{"allow":["GET"]}}],"collection":[{"href":"https:\/\/lescollectionsprivees.com\/nl\/wp-json\/wp\/v2\/product"}],"about":[{"href":"https:\/\/lescollectionsprivees.com\/nl\/wp-json\/wp\/v2\/types\/product"}],"wp:featuredmedia":[{"embeddable":true,"href":"https:\/\/lescollectionsprivees.com\/nl\/wp-json\/wp\/v2\/media\/32506"}],"wp:attachment":[{"href":"https:\/\/lescollectionsprivees.com\/nl\/wp-json\/wp\/v2\/media?parent=6359"}],"wp:term":[{"taxonomy":"product_brand","embeddable":true,"href":"https:\/\/lescollectionsprivees.com\/nl\/wp-json\/wp\/v2\/product_brand?post=6359"},{"taxonomy":"product_cat","embeddable":true,"href":"https:\/\/lescollectionsprivees.com\/nl\/wp-json\/wp\/v2\/product_cat?post=6359"},{"taxonomy":"product_tag","embeddable":true,"href":"https:\/\/lescollectionsprivees.com\/nl\/wp-json\/wp\/v2\/product_tag?post=6359"}],"curies":[{"name":"wp","href":"https:\/\/api.w.org\/{rel}","templated":true}]}}