{"id":8385,"date":"2020-04-28T23:34:52","date_gmt":"2020-04-28T23:34:52","guid":{"rendered":"https:\/\/lescollectionsprivees.com\/?post_type=product&#038;p=8385"},"modified":"2023-10-20T19:24:31","modified_gmt":"2023-10-20T19:24:31","slug":"manasib-ard-al-zaafaran","status":"publish","type":"product","link":"https:\/\/lescollectionsprivees.com\/nl\/parfum\/manasib-ard-al-zaafaran\/","title":{"rendered":"Manasib - Ard Al Zaafaran"},"content":{"rendered":"<h2><strong>Manasib door Ard Al Zaafaran<\/strong><\/h2>\n<p>Met zijn ori\u00ebntaalse, bloemige, kruidige, amber en houtachtige geuren is Manasib van Ard Al Zaafaran een charmant en verleidelijk parfum voor Dubai. Je zult dol zijn op de heerlijke, frisse smaken. Bovendien zal de gracieuze allure van de verpakking je vanaf de eerste blik aantrekken en fascineren. Al met al wil je deze prachtige ori\u00ebntaalse geur met je ogen verslinden en urenlang inhaleren.<\/p>\n<h2><strong>Een geurprofiel dat uitblinkt in de materie<\/strong><\/h2>\n<p>Manasib van Ard Al Zaafaran is betoverend en meeslepend en weet iedereen die het tegenkomt te verleiden. Inderdaad, deze Emirati geur heeft een verfijnde esthetiek en straalt prachtige geuren uit. Een modern ontwerp dat je geest wakker schudt en je aandacht trekt. Bovendien voert het je mee naar een ori\u00ebntaalse wereld die de prachtige landen van het Midden-Oosten oproept.<\/p>\n<p>Dat gezegd hebbende, deze luxe geur heeft een uitzonderlijke samenstelling met kostbare ingredi\u00ebnten van hoge kwaliteit. Je zult de prachtige noten van jasmijn, saffraan, amber, ceder en musk bewonderen. Een cocktail van sublieme aroma's in harmonieuze harmonie die je zal verbazen en fascineren.<\/p>\n<h2><strong>Uitstekende kleding en immense projectie<\/strong><\/h2>\n<p>Deze delicate, sensuele Arabische geur is vooral geschikt voor vrouwen. Hij blijft lang hangen en heeft een dichte nevel. Als je een paar druppels van dit heerlijke elixer over je lichaam of kleding hebt gegoten, word je het gesprek van de dag als je gaat zitten. En je populariteit zal snel stijgen.<\/p>\n<p>Dat gezegd hebbende, deze originele geur heeft de bijzonderheid om te voldoen aan de verwachtingen van vrouwen die graag behagen, terwijl ze een verfijnde en respectvolle houding behouden. Dus kom en verover deze heerlijke geur uit het Midden-Oosten die elegantie en sensualiteit met achting symboliseert.<\/p>","protected":false},"excerpt":{"rendered":"<p><strong><u>Technische gegevens :<\/u><\/strong><\/p>\n<p><strong>Naam parfum<\/strong> Manasib<br \/>\n<strong>Merk<\/strong> Ard Al Zaafaran<br \/>\n<strong>Type<\/strong> Vrouw<br \/>\n<strong>Capaciteit<\/strong> 100 ml<\/p>\n<p><span style=\"text-decoration: underline;\"><strong>Geurprofiel<\/strong> :<\/span><\/p>\n<p>Jasmijn, Saffraan, Ambergris, Ceder en Muskus<\/p>","protected":false},"featured_media":8386,"template":"","meta":[],"product_brand":[],"product_cat":[274,15],"product_tag":[],"class_list":{"0":"post-8385","1":"product","2":"type-product","3":"status-publish","4":"has-post-thumbnail","6":"product_cat-ard-al-zaafaran","7":"product_cat-parfums-de-dubai","8":"pa_marque-ard-al-zaafaran","10":"first","11":"instock","12":"taxable","13":"shipping-taxable","14":"purchasable","15":"product-type-simple"},"yoast_head":"<!-- This site is optimized with the Yoast SEO plugin v27.5 - https:\/\/yoast.com\/product\/yoast-seo-wordpress\/ -->\n<title>Manasib de Ard Al Zaafaran en 100 ml - Les Collections Priv\u00e9es<\/title>\n<meta name=\"description\" content=\"\u00c0 travers ses senteurs orientales, florales, \u00e9pic\u00e9es et bois\u00e9es, Manasib de Ard Al Zaafaran se r\u00e9v\u00e8le \u00eatre un parfum de Duba\u00ef s\u00e9duisant. D\u00e9couvrez-le\u00a0!\" \/>\n<meta name=\"robots\" content=\"index, follow, max-snippet:-1, max-image-preview:large, max-video-preview:-1\" \/>\n<link rel=\"canonical\" href=\"https:\/\/lescollectionsprivees.com\/nl\/geur\/manasib-ard-al-zaafaran\/\" \/>\n<meta property=\"og:locale\" content=\"nl_NL\" \/>\n<meta property=\"og:type\" content=\"article\" \/>\n<meta property=\"og:title\" content=\"Manasib de Ard Al Zaafaran en 100 ml - Les Collections Priv\u00e9es\" \/>\n<meta property=\"og:description\" content=\"\u00c0 travers ses senteurs orientales, florales, \u00e9pic\u00e9es et bois\u00e9es, Manasib de Ard Al Zaafaran se r\u00e9v\u00e8le \u00eatre un parfum de Duba\u00ef s\u00e9duisant. D\u00e9couvrez-le\u00a0!\" \/>\n<meta property=\"og:url\" content=\"https:\/\/lescollectionsprivees.com\/nl\/geur\/manasib-ard-al-zaafaran\/\" \/>\n<meta property=\"og:site_name\" content=\"Les Collections Priv\u00e9es\" \/>\n<meta property=\"article:modified_time\" content=\"2023-10-20T19:24:31+00:00\" \/>\n<meta property=\"og:image\" content=\"https:\/\/lescollectionsprivees.com\/wp-content\/uploads\/2020\/04\/Manasib-Ard-Al-Zaafaran-Les-Collections-Priv\u00e9es.jpg\" \/>\n\t<meta property=\"og:image:width\" content=\"521\" \/>\n\t<meta property=\"og:image:height\" content=\"695\" \/>\n\t<meta property=\"og:image:type\" content=\"image\/jpeg\" \/>\n<meta name=\"twitter:card\" content=\"summary_large_image\" \/>\n<meta name=\"twitter:label1\" content=\"Geschatte leestijd\" \/>\n\t<meta name=\"twitter:data1\" content=\"2 minuten\" \/>\n<script type=\"application\/ld+json\" class=\"yoast-schema-graph\">{\"@context\":\"https:\\\/\\\/schema.org\",\"@graph\":[{\"@type\":\"WebPage\",\"@id\":\"https:\\\/\\\/lescollectionsprivees.com\\\/parfum\\\/manasib-ard-al-zaafaran\\\/\",\"url\":\"https:\\\/\\\/lescollectionsprivees.com\\\/parfum\\\/manasib-ard-al-zaafaran\\\/\",\"name\":\"Manasib de Ard Al Zaafaran en 100 ml - Les Collections Priv\u00e9es\",\"isPartOf\":{\"@id\":\"https:\\\/\\\/lescollectionsprivees.com\\\/#website\"},\"primaryImageOfPage\":{\"@id\":\"https:\\\/\\\/lescollectionsprivees.com\\\/parfum\\\/manasib-ard-al-zaafaran\\\/#primaryimage\"},\"image\":{\"@id\":\"https:\\\/\\\/lescollectionsprivees.com\\\/parfum\\\/manasib-ard-al-zaafaran\\\/#primaryimage\"},\"thumbnailUrl\":\"https:\\\/\\\/lescollectionsprivees.com\\\/wp-content\\\/uploads\\\/2020\\\/04\\\/Manasib-Ard-Al-Zaafaran-Les-Collections-Priv\u00e9es.jpg\",\"datePublished\":\"2020-04-28T23:34:52+00:00\",\"dateModified\":\"2023-10-20T19:24:31+00:00\",\"description\":\"\u00c0 travers ses senteurs orientales, florales, \u00e9pic\u00e9es et bois\u00e9es, Manasib de Ard Al Zaafaran se r\u00e9v\u00e8le \u00eatre un parfum de Duba\u00ef s\u00e9duisant. D\u00e9couvrez-le\u00a0!\",\"breadcrumb\":{\"@id\":\"https:\\\/\\\/lescollectionsprivees.com\\\/parfum\\\/manasib-ard-al-zaafaran\\\/#breadcrumb\"},\"inLanguage\":\"nl-NL\",\"potentialAction\":[{\"@type\":\"ReadAction\",\"target\":[\"https:\\\/\\\/lescollectionsprivees.com\\\/parfum\\\/manasib-ard-al-zaafaran\\\/\"]}]},{\"@type\":\"ImageObject\",\"inLanguage\":\"nl-NL\",\"@id\":\"https:\\\/\\\/lescollectionsprivees.com\\\/parfum\\\/manasib-ard-al-zaafaran\\\/#primaryimage\",\"url\":\"https:\\\/\\\/lescollectionsprivees.com\\\/wp-content\\\/uploads\\\/2020\\\/04\\\/Manasib-Ard-Al-Zaafaran-Les-Collections-Priv\u00e9es.jpg\",\"contentUrl\":\"https:\\\/\\\/lescollectionsprivees.com\\\/wp-content\\\/uploads\\\/2020\\\/04\\\/Manasib-Ard-Al-Zaafaran-Les-Collections-Priv\u00e9es.jpg\",\"width\":521,\"height\":695,\"caption\":\"Manasib - Ard Al Zaafaran - Les Collections Priv\u00e9es\"},{\"@type\":\"BreadcrumbList\",\"@id\":\"https:\\\/\\\/lescollectionsprivees.com\\\/parfum\\\/manasib-ard-al-zaafaran\\\/#breadcrumb\",\"itemListElement\":[{\"@type\":\"ListItem\",\"position\":1,\"name\":\"Accueil\",\"item\":\"https:\\\/\\\/lescollectionsprivees.com\\\/\"},{\"@type\":\"ListItem\",\"position\":2,\"name\":\"Boutique\",\"item\":\"https:\\\/\\\/lescollectionsprivees.com\\\/boutique\\\/\"},{\"@type\":\"ListItem\",\"position\":3,\"name\":\"Manasib &#8211; Ard Al Zaafaran\"}]},{\"@type\":\"WebSite\",\"@id\":\"https:\\\/\\\/lescollectionsprivees.com\\\/#website\",\"url\":\"https:\\\/\\\/lescollectionsprivees.com\\\/\",\"name\":\"Les Collections Priv\u00e9es\",\"description\":\"\",\"publisher\":{\"@id\":\"https:\\\/\\\/lescollectionsprivees.com\\\/#organization\"},\"potentialAction\":[{\"@type\":\"SearchAction\",\"target\":{\"@type\":\"EntryPoint\",\"urlTemplate\":\"https:\\\/\\\/lescollectionsprivees.com\\\/?s={search_term_string}\"},\"query-input\":{\"@type\":\"PropertyValueSpecification\",\"valueRequired\":true,\"valueName\":\"search_term_string\"}}],\"inLanguage\":\"nl-NL\"},{\"@type\":\"Organization\",\"@id\":\"https:\\\/\\\/lescollectionsprivees.com\\\/#organization\",\"name\":\"Les Collections Priv\u00e9es\",\"url\":\"https:\\\/\\\/lescollectionsprivees.com\\\/\",\"logo\":{\"@type\":\"ImageObject\",\"inLanguage\":\"nl-NL\",\"@id\":\"https:\\\/\\\/lescollectionsprivees.com\\\/#\\\/schema\\\/logo\\\/image\\\/\",\"url\":\"https:\\\/\\\/lescollectionsprivees.com\\\/wp-content\\\/uploads\\\/2020\\\/02\\\/Logo-Les-Collections-Priv\u00e9es-450x450-1.png\",\"contentUrl\":\"https:\\\/\\\/lescollectionsprivees.com\\\/wp-content\\\/uploads\\\/2020\\\/02\\\/Logo-Les-Collections-Priv\u00e9es-450x450-1.png\",\"width\":450,\"height\":450,\"caption\":\"Les Collections Priv\u00e9es\"},\"image\":{\"@id\":\"https:\\\/\\\/lescollectionsprivees.com\\\/#\\\/schema\\\/logo\\\/image\\\/\"}}]}<\/script>\n<!-- \/ Yoast SEO plugin. -->","yoast_head_json":{"title":"Manasib van Ard Al Zaafaran in 100 ml - Les Collections Priv\u00e9es","description":"Met zijn ori\u00ebntaalse, bloemige, kruidige en houtachtige geuren is Manasib van Ard Al Zaafaran een verleidelijk parfum voor Dubai. Ontdek het zelf!","robots":{"index":"index","follow":"follow","max-snippet":"max-snippet:-1","max-image-preview":"max-image-preview:large","max-video-preview":"max-video-preview:-1"},"canonical":"https:\/\/lescollectionsprivees.com\/nl\/geur\/manasib-ard-al-zaafaran\/","og_locale":"nl_NL","og_type":"article","og_title":"Manasib de Ard Al Zaafaran en 100 ml - Les Collections Priv\u00e9es","og_description":"\u00c0 travers ses senteurs orientales, florales, \u00e9pic\u00e9es et bois\u00e9es, Manasib de Ard Al Zaafaran se r\u00e9v\u00e8le \u00eatre un parfum de Duba\u00ef s\u00e9duisant. D\u00e9couvrez-le\u00a0!","og_url":"https:\/\/lescollectionsprivees.com\/nl\/geur\/manasib-ard-al-zaafaran\/","og_site_name":"Les Collections Priv\u00e9es","article_modified_time":"2023-10-20T19:24:31+00:00","og_image":[{"width":521,"height":695,"url":"https:\/\/lescollectionsprivees.com\/wp-content\/uploads\/2020\/04\/Manasib-Ard-Al-Zaafaran-Les-Collections-Priv\u00e9es.jpg","type":"image\/jpeg"}],"twitter_card":"summary_large_image","twitter_misc":{"Geschatte leestijd":"2 minuten"},"schema":{"@context":"https:\/\/schema.org","@graph":[{"@type":"WebPage","@id":"https:\/\/lescollectionsprivees.com\/parfum\/manasib-ard-al-zaafaran\/","url":"https:\/\/lescollectionsprivees.com\/parfum\/manasib-ard-al-zaafaran\/","name":"Manasib van Ard Al Zaafaran in 100 ml - Les Collections Priv\u00e9es","isPartOf":{"@id":"https:\/\/lescollectionsprivees.com\/#website"},"primaryImageOfPage":{"@id":"https:\/\/lescollectionsprivees.com\/parfum\/manasib-ard-al-zaafaran\/#primaryimage"},"image":{"@id":"https:\/\/lescollectionsprivees.com\/parfum\/manasib-ard-al-zaafaran\/#primaryimage"},"thumbnailUrl":"https:\/\/lescollectionsprivees.com\/wp-content\/uploads\/2020\/04\/Manasib-Ard-Al-Zaafaran-Les-Collections-Priv\u00e9es.jpg","datePublished":"2020-04-28T23:34:52+00:00","dateModified":"2023-10-20T19:24:31+00:00","description":"Met zijn ori\u00ebntaalse, bloemige, kruidige en houtachtige geuren is Manasib van Ard Al Zaafaran een verleidelijk parfum voor Dubai. Ontdek het zelf!","breadcrumb":{"@id":"https:\/\/lescollectionsprivees.com\/parfum\/manasib-ard-al-zaafaran\/#breadcrumb"},"inLanguage":"nl-NL","potentialAction":[{"@type":"ReadAction","target":["https:\/\/lescollectionsprivees.com\/parfum\/manasib-ard-al-zaafaran\/"]}]},{"@type":"ImageObject","inLanguage":"nl-NL","@id":"https:\/\/lescollectionsprivees.com\/parfum\/manasib-ard-al-zaafaran\/#primaryimage","url":"https:\/\/lescollectionsprivees.com\/wp-content\/uploads\/2020\/04\/Manasib-Ard-Al-Zaafaran-Les-Collections-Priv\u00e9es.jpg","contentUrl":"https:\/\/lescollectionsprivees.com\/wp-content\/uploads\/2020\/04\/Manasib-Ard-Al-Zaafaran-Les-Collections-Priv\u00e9es.jpg","width":521,"height":695,"caption":"Manasib - Ard Al Zaafaran - Les Collections Priv\u00e9es"},{"@type":"BreadcrumbList","@id":"https:\/\/lescollectionsprivees.com\/parfum\/manasib-ard-al-zaafaran\/#breadcrumb","itemListElement":[{"@type":"ListItem","position":1,"name":"Accueil","item":"https:\/\/lescollectionsprivees.com\/"},{"@type":"ListItem","position":2,"name":"Boutique","item":"https:\/\/lescollectionsprivees.com\/boutique\/"},{"@type":"ListItem","position":3,"name":"Manasib &#8211; Ard Al Zaafaran"}]},{"@type":"WebSite","@id":"https:\/\/lescollectionsprivees.com\/#website","url":"https:\/\/lescollectionsprivees.com\/","name":"Priv\u00e9collecties","description":"","publisher":{"@id":"https:\/\/lescollectionsprivees.com\/#organization"},"potentialAction":[{"@type":"SearchAction","target":{"@type":"EntryPoint","urlTemplate":"https:\/\/lescollectionsprivees.com\/?s={search_term_string}"},"query-input":{"@type":"PropertyValueSpecification","valueRequired":true,"valueName":"search_term_string"}}],"inLanguage":"nl-NL"},{"@type":"Organization","@id":"https:\/\/lescollectionsprivees.com\/#organization","name":"Priv\u00e9collecties","url":"https:\/\/lescollectionsprivees.com\/","logo":{"@type":"ImageObject","inLanguage":"nl-NL","@id":"https:\/\/lescollectionsprivees.com\/#\/schema\/logo\/image\/","url":"https:\/\/lescollectionsprivees.com\/wp-content\/uploads\/2020\/02\/Logo-Les-Collections-Priv\u00e9es-450x450-1.png","contentUrl":"https:\/\/lescollectionsprivees.com\/wp-content\/uploads\/2020\/02\/Logo-Les-Collections-Priv\u00e9es-450x450-1.png","width":450,"height":450,"caption":"Les Collections Priv\u00e9es"},"image":{"@id":"https:\/\/lescollectionsprivees.com\/#\/schema\/logo\/image\/"}}]}},"_links":{"self":[{"href":"https:\/\/lescollectionsprivees.com\/nl\/wp-json\/wp\/v2\/product\/8385","targetHints":{"allow":["GET"]}}],"collection":[{"href":"https:\/\/lescollectionsprivees.com\/nl\/wp-json\/wp\/v2\/product"}],"about":[{"href":"https:\/\/lescollectionsprivees.com\/nl\/wp-json\/wp\/v2\/types\/product"}],"wp:featuredmedia":[{"embeddable":true,"href":"https:\/\/lescollectionsprivees.com\/nl\/wp-json\/wp\/v2\/media\/8386"}],"wp:attachment":[{"href":"https:\/\/lescollectionsprivees.com\/nl\/wp-json\/wp\/v2\/media?parent=8385"}],"wp:term":[{"taxonomy":"product_brand","embeddable":true,"href":"https:\/\/lescollectionsprivees.com\/nl\/wp-json\/wp\/v2\/product_brand?post=8385"},{"taxonomy":"product_cat","embeddable":true,"href":"https:\/\/lescollectionsprivees.com\/nl\/wp-json\/wp\/v2\/product_cat?post=8385"},{"taxonomy":"product_tag","embeddable":true,"href":"https:\/\/lescollectionsprivees.com\/nl\/wp-json\/wp\/v2\/product_tag?post=8385"}],"curies":[{"name":"wp","href":"https:\/\/api.w.org\/{rel}","templated":true}]}}