{"id":8389,"date":"2020-04-29T00:20:53","date_gmt":"2020-04-29T00:20:53","guid":{"rendered":"https:\/\/lescollectionsprivees.com\/?post_type=product&#038;p=8389"},"modified":"2024-08-27T14:13:00","modified_gmt":"2024-08-27T14:13:00","slug":"fakhar-al-oud-ard-al-zaafaran","status":"publish","type":"product","link":"https:\/\/lescollectionsprivees.com\/nl\/parfum\/fakhar-al-oud-ard-al-zaafaran\/","title":{"rendered":"Fakhar Al Oud - Ard Al Zaafaran"},"content":{"rendered":"<h2><strong>Fakhar Al Oud door Ard Al Zaafaran<\/strong><\/h2>\n<p>Levendig en weelderig, Fakhar Al Oud van Ard Al Zaafaran absorbeert je geest met zijn majestueuze uitstralingen van ori\u00ebntaalse, kruidige, balsamico, bloemige, houtachtige, amber- en muskusnoten. Een luxe geur die zijn plaats heeft verdiend tussen de mooiste ontwerpen van het beroemde Emirati-merk. Deze fascinerende geur straalt sublieme, begeerlijke geuren uit die je meenemen naar een nieuwe dimensie.<\/p>\n<h2><strong>Een luxueuze overvloed aan kunst uit het Midden-Oosten<\/strong><\/h2>\n<p>Net als zijn gelijken is Fakhar Al Oud van Ard Al Zaafaran een prachtige interpretatie van Oosters erfgoed. Het spreekt voor zich dat deze geur uit Dubai kenmerken heeft die specifiek zijn voor tradities uit het Midden-Oosten.<\/p>\n<p>Je hoeft alleen maar de heerlijke geuren in te ademen om dit te beseffen. Bovendien kun je gemakkelijk zien wat het zo speciaal maakt door naar de fantastische verpakking en fles te kijken, compleet met een mooie kleine traditionele pompon.<\/p>\n<p>Maar zelfs neuzen die de voorkeur geven aan westerse geuren raken in de ban van deze geur. Al met al wordt deze prachtige Arabische geur unaniem gewaardeerd door zowel mannen als vrouwen. Bovendien is hij populair over de hele wereld.<\/p>\n<h2><strong>Een prachtige samenstelling en een uitzonderlijke geur<\/strong><\/h2>\n<p>Wat deze ori\u00ebntaalse geur zo populair maakt, is zijn rijke, weelderige geurprofiel. Je zult de ori\u00ebntaalse, kruidige topnoten met nagarmotha, nootmuskaat en saffraan bewonderen.<\/p>\n<p>Je zult ook hals over kop vallen voor de ori\u00ebntaalse, houtachtige en bloemige hartnoten. Een onweerstaanbare mix van sandelhout, cederhout, gurjun hout, guaiac hout, patchouli en jasmijn.<\/p>\n<p>Daarnaast zullen de muskusachtige, amberachtige en balsamico basisnoten van vanille en tonka je intens verleiden. Deze opmerkelijke geur heeft een indrukwekkend spoor en een bevredigende projectie. Dit ori\u00ebntaalse juweel zal je dagen en avonden verrijken.<\/p>","protected":false},"excerpt":{"rendered":"<p><strong><u>Technische gegevens :<\/u><\/strong><\/p>\n<p><strong>Naam parfum<\/strong> Fakhar Al Oud<br \/>\n<strong>Merk :<\/strong> Ard Al Zaafaran<br \/>\n<strong>Type<\/strong> Unisex<br \/>\n<strong>Capaciteit<\/strong> 100 ml<\/p>","protected":false},"featured_media":8373,"template":"","meta":[],"product_brand":[],"product_cat":[274,15],"product_tag":[],"class_list":{"0":"post-8389","1":"product","2":"type-product","3":"status-publish","4":"has-post-thumbnail","6":"product_cat-ard-al-zaafaran","7":"product_cat-parfums-de-dubai","8":"pa_marque-ard-al-zaafaran","10":"first","11":"instock","12":"taxable","13":"shipping-taxable","14":"purchasable","15":"product-type-simple"},"yoast_head":"<!-- This site is optimized with the Yoast SEO plugin v27.5 - https:\/\/yoast.com\/product\/yoast-seo-wordpress\/ -->\n<title>Fakhar Al Oud de Ard Al Zaafaran en 100 ml - Les Collections Priv\u00e9es<\/title>\n<meta name=\"description\" content=\"Parfum oriental vibrant et somptueux, Fakhar Al Oud de Ard Al Zaafaran absorbe votre esprit \u00e0 travers ses majestueuses \u00e9manations. Venez vite le d\u00e9couvrir\u00a0!\" \/>\n<meta name=\"robots\" content=\"index, follow, max-snippet:-1, max-image-preview:large, max-video-preview:-1\" \/>\n<link rel=\"canonical\" href=\"https:\/\/lescollectionsprivees.com\/nl\/geur\/fakhar-al-oud-ard-al-zaafaran\/\" \/>\n<meta property=\"og:locale\" content=\"nl_NL\" \/>\n<meta property=\"og:type\" content=\"article\" \/>\n<meta property=\"og:title\" content=\"Fakhar Al Oud de Ard Al Zaafaran en 100 ml - Les Collections Priv\u00e9es\" \/>\n<meta property=\"og:description\" content=\"Parfum oriental vibrant et somptueux, Fakhar Al Oud de Ard Al Zaafaran absorbe votre esprit \u00e0 travers ses majestueuses \u00e9manations. Venez vite le d\u00e9couvrir\u00a0!\" \/>\n<meta property=\"og:url\" content=\"https:\/\/lescollectionsprivees.com\/nl\/geur\/fakhar-al-oud-ard-al-zaafaran\/\" \/>\n<meta property=\"og:site_name\" content=\"Les Collections Priv\u00e9es\" \/>\n<meta property=\"article:modified_time\" content=\"2024-08-27T14:13:00+00:00\" \/>\n<meta property=\"og:image\" content=\"https:\/\/lescollectionsprivees.com\/wp-content\/uploads\/2020\/04\/Fakhar-Al-Oud-Les-Collections-Priv\u00e9es.jpg\" \/>\n\t<meta property=\"og:image:width\" content=\"521\" \/>\n\t<meta property=\"og:image:height\" content=\"695\" \/>\n\t<meta property=\"og:image:type\" content=\"image\/jpeg\" \/>\n<meta name=\"twitter:card\" content=\"summary_large_image\" \/>\n<meta name=\"twitter:label1\" content=\"Geschatte leestijd\" \/>\n\t<meta name=\"twitter:data1\" content=\"2 minuten\" \/>\n<script type=\"application\/ld+json\" class=\"yoast-schema-graph\">{\"@context\":\"https:\\\/\\\/schema.org\",\"@graph\":[{\"@type\":\"WebPage\",\"@id\":\"https:\\\/\\\/lescollectionsprivees.com\\\/parfum\\\/fakhar-al-oud-ard-al-zaafaran\\\/\",\"url\":\"https:\\\/\\\/lescollectionsprivees.com\\\/parfum\\\/fakhar-al-oud-ard-al-zaafaran\\\/\",\"name\":\"Fakhar Al Oud de Ard Al Zaafaran en 100 ml - Les Collections Priv\u00e9es\",\"isPartOf\":{\"@id\":\"https:\\\/\\\/lescollectionsprivees.com\\\/#website\"},\"primaryImageOfPage\":{\"@id\":\"https:\\\/\\\/lescollectionsprivees.com\\\/parfum\\\/fakhar-al-oud-ard-al-zaafaran\\\/#primaryimage\"},\"image\":{\"@id\":\"https:\\\/\\\/lescollectionsprivees.com\\\/parfum\\\/fakhar-al-oud-ard-al-zaafaran\\\/#primaryimage\"},\"thumbnailUrl\":\"https:\\\/\\\/lescollectionsprivees.com\\\/wp-content\\\/uploads\\\/2020\\\/04\\\/Fakhar-Al-Oud-Les-Collections-Priv\u00e9es.jpg\",\"datePublished\":\"2020-04-29T00:20:53+00:00\",\"dateModified\":\"2024-08-27T14:13:00+00:00\",\"description\":\"Parfum oriental vibrant et somptueux, Fakhar Al Oud de Ard Al Zaafaran absorbe votre esprit \u00e0 travers ses majestueuses \u00e9manations. Venez vite le d\u00e9couvrir\u00a0!\",\"breadcrumb\":{\"@id\":\"https:\\\/\\\/lescollectionsprivees.com\\\/parfum\\\/fakhar-al-oud-ard-al-zaafaran\\\/#breadcrumb\"},\"inLanguage\":\"nl-NL\",\"potentialAction\":[{\"@type\":\"ReadAction\",\"target\":[\"https:\\\/\\\/lescollectionsprivees.com\\\/parfum\\\/fakhar-al-oud-ard-al-zaafaran\\\/\"]}]},{\"@type\":\"ImageObject\",\"inLanguage\":\"nl-NL\",\"@id\":\"https:\\\/\\\/lescollectionsprivees.com\\\/parfum\\\/fakhar-al-oud-ard-al-zaafaran\\\/#primaryimage\",\"url\":\"https:\\\/\\\/lescollectionsprivees.com\\\/wp-content\\\/uploads\\\/2020\\\/04\\\/Fakhar-Al-Oud-Les-Collections-Priv\u00e9es.jpg\",\"contentUrl\":\"https:\\\/\\\/lescollectionsprivees.com\\\/wp-content\\\/uploads\\\/2020\\\/04\\\/Fakhar-Al-Oud-Les-Collections-Priv\u00e9es.jpg\",\"width\":521,\"height\":695,\"caption\":\"Fakhar Al Oud de Ard Al Zaafaran - Les Collections Priv\u00e9es\"},{\"@type\":\"BreadcrumbList\",\"@id\":\"https:\\\/\\\/lescollectionsprivees.com\\\/parfum\\\/fakhar-al-oud-ard-al-zaafaran\\\/#breadcrumb\",\"itemListElement\":[{\"@type\":\"ListItem\",\"position\":1,\"name\":\"Accueil\",\"item\":\"https:\\\/\\\/lescollectionsprivees.com\\\/\"},{\"@type\":\"ListItem\",\"position\":2,\"name\":\"Boutique\",\"item\":\"https:\\\/\\\/lescollectionsprivees.com\\\/boutique\\\/\"},{\"@type\":\"ListItem\",\"position\":3,\"name\":\"Fakhar Al Oud &#8211; Ard Al Zaafaran\"}]},{\"@type\":\"WebSite\",\"@id\":\"https:\\\/\\\/lescollectionsprivees.com\\\/#website\",\"url\":\"https:\\\/\\\/lescollectionsprivees.com\\\/\",\"name\":\"Les Collections Priv\u00e9es\",\"description\":\"\",\"publisher\":{\"@id\":\"https:\\\/\\\/lescollectionsprivees.com\\\/#organization\"},\"potentialAction\":[{\"@type\":\"SearchAction\",\"target\":{\"@type\":\"EntryPoint\",\"urlTemplate\":\"https:\\\/\\\/lescollectionsprivees.com\\\/?s={search_term_string}\"},\"query-input\":{\"@type\":\"PropertyValueSpecification\",\"valueRequired\":true,\"valueName\":\"search_term_string\"}}],\"inLanguage\":\"nl-NL\"},{\"@type\":\"Organization\",\"@id\":\"https:\\\/\\\/lescollectionsprivees.com\\\/#organization\",\"name\":\"Les Collections Priv\u00e9es\",\"url\":\"https:\\\/\\\/lescollectionsprivees.com\\\/\",\"logo\":{\"@type\":\"ImageObject\",\"inLanguage\":\"nl-NL\",\"@id\":\"https:\\\/\\\/lescollectionsprivees.com\\\/#\\\/schema\\\/logo\\\/image\\\/\",\"url\":\"https:\\\/\\\/lescollectionsprivees.com\\\/wp-content\\\/uploads\\\/2020\\\/02\\\/Logo-Les-Collections-Priv\u00e9es-450x450-1.png\",\"contentUrl\":\"https:\\\/\\\/lescollectionsprivees.com\\\/wp-content\\\/uploads\\\/2020\\\/02\\\/Logo-Les-Collections-Priv\u00e9es-450x450-1.png\",\"width\":450,\"height\":450,\"caption\":\"Les Collections Priv\u00e9es\"},\"image\":{\"@id\":\"https:\\\/\\\/lescollectionsprivees.com\\\/#\\\/schema\\\/logo\\\/image\\\/\"}}]}<\/script>\n<!-- \/ Yoast SEO plugin. -->","yoast_head_json":{"title":"Fakhar Al Oud van Ard Al Zaafaran in 100 ml - Les Collections Priv\u00e9es","description":"Fakhar Al Oud van Ard Al Zaafaran, een levendige en weelderige ori\u00ebntaalse geur, absorbeert je geest met zijn majestueuze uitstralingen. Kom en ontdek het!","robots":{"index":"index","follow":"follow","max-snippet":"max-snippet:-1","max-image-preview":"max-image-preview:large","max-video-preview":"max-video-preview:-1"},"canonical":"https:\/\/lescollectionsprivees.com\/nl\/geur\/fakhar-al-oud-ard-al-zaafaran\/","og_locale":"nl_NL","og_type":"article","og_title":"Fakhar Al Oud de Ard Al Zaafaran en 100 ml - Les Collections Priv\u00e9es","og_description":"Parfum oriental vibrant et somptueux, Fakhar Al Oud de Ard Al Zaafaran absorbe votre esprit \u00e0 travers ses majestueuses \u00e9manations. Venez vite le d\u00e9couvrir\u00a0!","og_url":"https:\/\/lescollectionsprivees.com\/nl\/geur\/fakhar-al-oud-ard-al-zaafaran\/","og_site_name":"Les Collections Priv\u00e9es","article_modified_time":"2024-08-27T14:13:00+00:00","og_image":[{"width":521,"height":695,"url":"https:\/\/lescollectionsprivees.com\/wp-content\/uploads\/2020\/04\/Fakhar-Al-Oud-Les-Collections-Priv\u00e9es.jpg","type":"image\/jpeg"}],"twitter_card":"summary_large_image","twitter_misc":{"Geschatte leestijd":"2 minuten"},"schema":{"@context":"https:\/\/schema.org","@graph":[{"@type":"WebPage","@id":"https:\/\/lescollectionsprivees.com\/parfum\/fakhar-al-oud-ard-al-zaafaran\/","url":"https:\/\/lescollectionsprivees.com\/parfum\/fakhar-al-oud-ard-al-zaafaran\/","name":"Fakhar Al Oud van Ard Al Zaafaran in 100 ml - Les Collections Priv\u00e9es","isPartOf":{"@id":"https:\/\/lescollectionsprivees.com\/#website"},"primaryImageOfPage":{"@id":"https:\/\/lescollectionsprivees.com\/parfum\/fakhar-al-oud-ard-al-zaafaran\/#primaryimage"},"image":{"@id":"https:\/\/lescollectionsprivees.com\/parfum\/fakhar-al-oud-ard-al-zaafaran\/#primaryimage"},"thumbnailUrl":"https:\/\/lescollectionsprivees.com\/wp-content\/uploads\/2020\/04\/Fakhar-Al-Oud-Les-Collections-Priv\u00e9es.jpg","datePublished":"2020-04-29T00:20:53+00:00","dateModified":"2024-08-27T14:13:00+00:00","description":"Fakhar Al Oud van Ard Al Zaafaran, een levendige en weelderige ori\u00ebntaalse geur, absorbeert je geest met zijn majestueuze uitstralingen. Kom en ontdek het!","breadcrumb":{"@id":"https:\/\/lescollectionsprivees.com\/parfum\/fakhar-al-oud-ard-al-zaafaran\/#breadcrumb"},"inLanguage":"nl-NL","potentialAction":[{"@type":"ReadAction","target":["https:\/\/lescollectionsprivees.com\/parfum\/fakhar-al-oud-ard-al-zaafaran\/"]}]},{"@type":"ImageObject","inLanguage":"nl-NL","@id":"https:\/\/lescollectionsprivees.com\/parfum\/fakhar-al-oud-ard-al-zaafaran\/#primaryimage","url":"https:\/\/lescollectionsprivees.com\/wp-content\/uploads\/2020\/04\/Fakhar-Al-Oud-Les-Collections-Priv\u00e9es.jpg","contentUrl":"https:\/\/lescollectionsprivees.com\/wp-content\/uploads\/2020\/04\/Fakhar-Al-Oud-Les-Collections-Priv\u00e9es.jpg","width":521,"height":695,"caption":"Fakhar Al Oud de Ard Al Zaafaran - Les Collections Priv\u00e9es"},{"@type":"BreadcrumbList","@id":"https:\/\/lescollectionsprivees.com\/parfum\/fakhar-al-oud-ard-al-zaafaran\/#breadcrumb","itemListElement":[{"@type":"ListItem","position":1,"name":"Accueil","item":"https:\/\/lescollectionsprivees.com\/"},{"@type":"ListItem","position":2,"name":"Boutique","item":"https:\/\/lescollectionsprivees.com\/boutique\/"},{"@type":"ListItem","position":3,"name":"Fakhar Al Oud &#8211; Ard Al Zaafaran"}]},{"@type":"WebSite","@id":"https:\/\/lescollectionsprivees.com\/#website","url":"https:\/\/lescollectionsprivees.com\/","name":"Priv\u00e9collecties","description":"","publisher":{"@id":"https:\/\/lescollectionsprivees.com\/#organization"},"potentialAction":[{"@type":"SearchAction","target":{"@type":"EntryPoint","urlTemplate":"https:\/\/lescollectionsprivees.com\/?s={search_term_string}"},"query-input":{"@type":"PropertyValueSpecification","valueRequired":true,"valueName":"search_term_string"}}],"inLanguage":"nl-NL"},{"@type":"Organization","@id":"https:\/\/lescollectionsprivees.com\/#organization","name":"Priv\u00e9collecties","url":"https:\/\/lescollectionsprivees.com\/","logo":{"@type":"ImageObject","inLanguage":"nl-NL","@id":"https:\/\/lescollectionsprivees.com\/#\/schema\/logo\/image\/","url":"https:\/\/lescollectionsprivees.com\/wp-content\/uploads\/2020\/02\/Logo-Les-Collections-Priv\u00e9es-450x450-1.png","contentUrl":"https:\/\/lescollectionsprivees.com\/wp-content\/uploads\/2020\/02\/Logo-Les-Collections-Priv\u00e9es-450x450-1.png","width":450,"height":450,"caption":"Les Collections Priv\u00e9es"},"image":{"@id":"https:\/\/lescollectionsprivees.com\/#\/schema\/logo\/image\/"}}]}},"_links":{"self":[{"href":"https:\/\/lescollectionsprivees.com\/nl\/wp-json\/wp\/v2\/product\/8389","targetHints":{"allow":["GET"]}}],"collection":[{"href":"https:\/\/lescollectionsprivees.com\/nl\/wp-json\/wp\/v2\/product"}],"about":[{"href":"https:\/\/lescollectionsprivees.com\/nl\/wp-json\/wp\/v2\/types\/product"}],"wp:featuredmedia":[{"embeddable":true,"href":"https:\/\/lescollectionsprivees.com\/nl\/wp-json\/wp\/v2\/media\/8373"}],"wp:attachment":[{"href":"https:\/\/lescollectionsprivees.com\/nl\/wp-json\/wp\/v2\/media?parent=8389"}],"wp:term":[{"taxonomy":"product_brand","embeddable":true,"href":"https:\/\/lescollectionsprivees.com\/nl\/wp-json\/wp\/v2\/product_brand?post=8389"},{"taxonomy":"product_cat","embeddable":true,"href":"https:\/\/lescollectionsprivees.com\/nl\/wp-json\/wp\/v2\/product_cat?post=8389"},{"taxonomy":"product_tag","embeddable":true,"href":"https:\/\/lescollectionsprivees.com\/nl\/wp-json\/wp\/v2\/product_tag?post=8389"}],"curies":[{"name":"wp","href":"https:\/\/api.w.org\/{rel}","templated":true}]}}