{"id":23002,"date":"2023-03-22T17:45:11","date_gmt":"2023-03-22T17:45:11","guid":{"rendered":"https:\/\/lescollectionsprivees.com\/?post_type=product&#038;p=23002"},"modified":"2023-07-14T18:42:06","modified_gmt":"2023-07-14T18:42:06","slug":"waniliowy-kamyk-do-kapieli-40g-rp-paris","status":"publish","type":"product","link":"https:\/\/lescollectionsprivees.com\/pl\/parfum\/galet-de-bain-vanille-40g-rp-paris\/","title":{"rendered":"Waniliowy kamyk do k\u0105pieli 40g - Rp Paris"},"content":{"rendered":"<p>Waniliowy kamyk do k\u0105pieli RP Paris jest jednym z najlepiej sprzedaj\u0105cych si\u0119 produkt\u00f3w.\u00a0<strong>produkty prysznicowe<\/strong>\u00a0kt\u00f3re robi\u0105 r\u00f3\u017cnic\u0119. W dzisiejszych czasach produkty konsumenckie to nie tylko myd\u0142a i szampony. Odwied\u017a<strong>\u00a0s\u00f3l do k\u0105pieli<\/strong>\u00a0to produkt, na kt\u00f3ry popyt stale ro\u015bnie. Dzi\u015b, oferuj\u0105c bardzo wyra\u017ane zapachy w samym sercu\u00a0<strong>produkt naturalny<\/strong>\u00a0jest tym, co pozwala ci podj\u0105\u0107 dzia\u0142anie.<\/p>\n<p>Wiemy o tym, poniewa\u017c coraz wi\u0119cej z Was zamawia kamyki do k\u0105pieli przy okazji zakupu perfum. Poniewa\u017c zale\u017cy nam na dobrym samopoczuciu i zadowoleniu klient\u00f3w, dok\u0142adamy wszelkich stara\u0144, aby przekona\u0107 ich do siebie.<\/p>\n<h2><strong>Waniliowy \u017cwirek do k\u0105pieli RP Paris zapewnia doskona\u0142\u0105 chwil\u0119 relaksu\u00a0<\/strong><\/h2>\n<p>Tradycja k\u0105pieli z b\u0105belkami zanika. Obecnie na rynku kr\u00f3luj\u0105 sole do k\u0105pieli. Jest ku temu wyra\u017any pow\u00f3d. Po pierwsze, to<strong>\u00a0produkt musuj\u0105cy\u00a0<\/strong>jest naturalny. Sk\u0142ada si\u0119 z\u00a0<strong>wodorow\u0119glan sodu<\/strong>\u00a0i odgrywa rol\u0119\u00a0<strong>korzystny dla sk\u00f3ry<\/strong>.<\/p>\n<p>U\u0142atwia to\u00a0<strong>wyeliminowa\u0107 bakterie<\/strong>\u00a0obecne na powierzchni nask\u00f3rka.<\/p>\n<p>Czego wi\u0119c mo\u017cna oczekiwa\u0107 od miejsc, w kt\u00f3rych\u00a0<strong>baza dezynfekuj\u0105ca\u00a0<\/strong>towarzyszy\u00a0<strong>pyszny aromat wanilii<\/strong>. Rezultatem jest bardzo przyjemna atmosfera w sercu \u0142azienki.\u00a0<strong><a href=\"https:\/\/lescollectionsprivees.com\/pl\/zapach\/jasminowy-zwirek-do-kapieli-40g-rp-paris\/\">Dost\u0119pne s\u0105 r\u00f3wnie\u017c inne smaki kwiatowe<\/a><\/strong>\u00a0w tym zakresie produkt\u00f3w.<\/p>\n<h3><strong>Doskona\u0142a s\u00f3l do k\u0105pieli do piel\u0119gnacji st\u00f3p<\/strong><\/h3>\n<p>Je\u015bli decydujesz si\u0119 na k\u0105piel, to r\u00f3wnie\u017c dlatego, \u017ce jest to spos\u00f3b na \u017cycie.\u00a0<strong>chwila relaksu\u00a0<\/strong>zas\u0142u\u017cone. Jest to r\u00f3wnie\u017c czas, w kt\u00f3rym\u00a0<strong>podeszwy st\u00f3p mi\u0119kn\u0105<\/strong>\u00a0dzi\u0119ki przebywaniu w wodzie przez ponad p\u00f3\u0142 godziny.<\/p>\n<p>Kamyk do k\u0105pieli z wanili\u0105 RP Paris u\u0142atwi wszystkie te czynno\u015bci, przygotowuj\u0105c stopy do pedicure. Po zako\u0144czeniu k\u0105pieli zapach wanilii przeniknie Twoje cia\u0142o.<\/p>\n<p><strong>Skorzystaj z okazji, aby :<\/strong><\/p>\n<ul>\n<li>\u00a0Piel\u0119gnacja st\u00f3p za pomoc\u0105 pumeksu<\/li>\n<li>Usuwanie martwego nask\u00f3rka<\/li>\n<li>Prysznic jak zwykle<\/li>\n<li>Nawil\u017caj cia\u0142o i stopy.<\/li>\n<\/ul>","protected":false},"excerpt":{"rendered":"<p><strong>Cechy :<\/strong><\/p>\n<ul>\n<li>Konstrukcja wyprodukowana we Francji<\/li>\n<li>Wykonane z wysokiej jako\u015bci sk\u0142adnik\u00f3w<\/li>\n<li>\u0141atwy w u\u017cyciu<\/li>\n<\/ul>","protected":false},"featured_media":23008,"template":"","meta":[],"product_brand":[],"product_cat":[173,231],"product_tag":[],"class_list":{"0":"post-23002","1":"product","2":"type-product","3":"status-publish","4":"has-post-thumbnail","6":"product_cat-cosmetique","7":"product_cat-parfum-salle-de-bain","9":"first","10":"instock","11":"taxable","12":"shipping-taxable","13":"purchasable","14":"product-type-simple"},"yoast_head":"<!-- This site is optimized with the Yoast SEO plugin v27.5 - https:\/\/yoast.com\/product\/yoast-seo-wordpress\/ -->\n<title>Galet de bain Vanille | Contenance 40g | Rp Paris<\/title>\n<meta name=\"description\" content=\"Le galet de bain vanille RP Paris fait partie des\u00a0produits de douche\u00a0qui font la diff\u00e9rence. D\u00e9couvrez-le sans plus attendre dans notre boutique !\" \/>\n<meta name=\"robots\" content=\"index, follow, max-snippet:-1, max-image-preview:large, max-video-preview:-1\" \/>\n<link rel=\"canonical\" href=\"https:\/\/lescollectionsprivees.com\/pl\/zapach\/waniliowy-kamyk-do-kapieli-40g-rp-paris\/\" \/>\n<meta property=\"og:locale\" content=\"pl_PL\" \/>\n<meta property=\"og:type\" content=\"article\" \/>\n<meta property=\"og:title\" content=\"Galet de bain Vanille | Contenance 40g | Rp Paris\" \/>\n<meta property=\"og:description\" content=\"Le galet de bain vanille RP Paris fait partie des\u00a0produits de douche\u00a0qui font la diff\u00e9rence. D\u00e9couvrez-le sans plus attendre dans notre boutique !\" \/>\n<meta property=\"og:url\" content=\"https:\/\/lescollectionsprivees.com\/pl\/zapach\/waniliowy-kamyk-do-kapieli-40g-rp-paris\/\" \/>\n<meta property=\"og:site_name\" content=\"Les Collections Priv\u00e9es\" \/>\n<meta property=\"article:modified_time\" content=\"2023-07-14T18:42:06+00:00\" \/>\n<meta property=\"og:image\" content=\"https:\/\/lescollectionsprivees.com\/wp-content\/uploads\/2023\/03\/galet-de-bain-vanille.jpg\" \/>\n\t<meta property=\"og:image:width\" content=\"600\" \/>\n\t<meta property=\"og:image:height\" content=\"600\" \/>\n\t<meta property=\"og:image:type\" content=\"image\/jpeg\" \/>\n<meta name=\"twitter:card\" content=\"summary_large_image\" \/>\n<meta name=\"twitter:label1\" content=\"Szacowany czas czytania\" \/>\n\t<meta name=\"twitter:data1\" content=\"2 minuty\" \/>\n<script type=\"application\/ld+json\" class=\"yoast-schema-graph\">{\"@context\":\"https:\\\/\\\/schema.org\",\"@graph\":[{\"@type\":\"WebPage\",\"@id\":\"https:\\\/\\\/lescollectionsprivees.com\\\/parfum\\\/galet-de-bain-vanille-40g-rp-paris\\\/\",\"url\":\"https:\\\/\\\/lescollectionsprivees.com\\\/parfum\\\/galet-de-bain-vanille-40g-rp-paris\\\/\",\"name\":\"Galet de bain Vanille | Contenance 40g | Rp Paris\",\"isPartOf\":{\"@id\":\"https:\\\/\\\/lescollectionsprivees.com\\\/#website\"},\"primaryImageOfPage\":{\"@id\":\"https:\\\/\\\/lescollectionsprivees.com\\\/parfum\\\/galet-de-bain-vanille-40g-rp-paris\\\/#primaryimage\"},\"image\":{\"@id\":\"https:\\\/\\\/lescollectionsprivees.com\\\/parfum\\\/galet-de-bain-vanille-40g-rp-paris\\\/#primaryimage\"},\"thumbnailUrl\":\"https:\\\/\\\/lescollectionsprivees.com\\\/wp-content\\\/uploads\\\/2023\\\/03\\\/galet-de-bain-vanille.jpg\",\"datePublished\":\"2023-03-22T17:45:11+00:00\",\"dateModified\":\"2023-07-14T18:42:06+00:00\",\"description\":\"Le galet de bain vanille RP Paris fait partie des\u00a0produits de douche\u00a0qui font la diff\u00e9rence. D\u00e9couvrez-le sans plus attendre dans notre boutique !\",\"breadcrumb\":{\"@id\":\"https:\\\/\\\/lescollectionsprivees.com\\\/parfum\\\/galet-de-bain-vanille-40g-rp-paris\\\/#breadcrumb\"},\"inLanguage\":\"pl-PL\",\"potentialAction\":[{\"@type\":\"ReadAction\",\"target\":[\"https:\\\/\\\/lescollectionsprivees.com\\\/parfum\\\/galet-de-bain-vanille-40g-rp-paris\\\/\"]}]},{\"@type\":\"ImageObject\",\"inLanguage\":\"pl-PL\",\"@id\":\"https:\\\/\\\/lescollectionsprivees.com\\\/parfum\\\/galet-de-bain-vanille-40g-rp-paris\\\/#primaryimage\",\"url\":\"https:\\\/\\\/lescollectionsprivees.com\\\/wp-content\\\/uploads\\\/2023\\\/03\\\/galet-de-bain-vanille.jpg\",\"contentUrl\":\"https:\\\/\\\/lescollectionsprivees.com\\\/wp-content\\\/uploads\\\/2023\\\/03\\\/galet-de-bain-vanille.jpg\",\"width\":600,\"height\":600,\"caption\":\"Galet de bain Vanille\"},{\"@type\":\"BreadcrumbList\",\"@id\":\"https:\\\/\\\/lescollectionsprivees.com\\\/parfum\\\/galet-de-bain-vanille-40g-rp-paris\\\/#breadcrumb\",\"itemListElement\":[{\"@type\":\"ListItem\",\"position\":1,\"name\":\"Accueil\",\"item\":\"https:\\\/\\\/lescollectionsprivees.com\\\/\"},{\"@type\":\"ListItem\",\"position\":2,\"name\":\"Boutique\",\"item\":\"https:\\\/\\\/lescollectionsprivees.com\\\/boutique\\\/\"},{\"@type\":\"ListItem\",\"position\":3,\"name\":\"Galet de bain Vanille 40g &#8211; Rp Paris\"}]},{\"@type\":\"WebSite\",\"@id\":\"https:\\\/\\\/lescollectionsprivees.com\\\/#website\",\"url\":\"https:\\\/\\\/lescollectionsprivees.com\\\/\",\"name\":\"Les Collections Priv\u00e9es\",\"description\":\"\",\"publisher\":{\"@id\":\"https:\\\/\\\/lescollectionsprivees.com\\\/#organization\"},\"potentialAction\":[{\"@type\":\"SearchAction\",\"target\":{\"@type\":\"EntryPoint\",\"urlTemplate\":\"https:\\\/\\\/lescollectionsprivees.com\\\/?s={search_term_string}\"},\"query-input\":{\"@type\":\"PropertyValueSpecification\",\"valueRequired\":true,\"valueName\":\"search_term_string\"}}],\"inLanguage\":\"pl-PL\"},{\"@type\":\"Organization\",\"@id\":\"https:\\\/\\\/lescollectionsprivees.com\\\/#organization\",\"name\":\"Les Collections Priv\u00e9es\",\"url\":\"https:\\\/\\\/lescollectionsprivees.com\\\/\",\"logo\":{\"@type\":\"ImageObject\",\"inLanguage\":\"pl-PL\",\"@id\":\"https:\\\/\\\/lescollectionsprivees.com\\\/#\\\/schema\\\/logo\\\/image\\\/\",\"url\":\"https:\\\/\\\/lescollectionsprivees.com\\\/wp-content\\\/uploads\\\/2020\\\/02\\\/Logo-Les-Collections-Priv\u00e9es-450x450-1.png\",\"contentUrl\":\"https:\\\/\\\/lescollectionsprivees.com\\\/wp-content\\\/uploads\\\/2020\\\/02\\\/Logo-Les-Collections-Priv\u00e9es-450x450-1.png\",\"width\":450,\"height\":450,\"caption\":\"Les Collections Priv\u00e9es\"},\"image\":{\"@id\":\"https:\\\/\\\/lescollectionsprivees.com\\\/#\\\/schema\\\/logo\\\/image\\\/\"}}]}<\/script>\n<!-- \/ Yoast SEO plugin. -->","yoast_head_json":{"title":"Vanilla Bath Pebble | Pojemno\u015b\u0107 40g | Rp Paris","description":"Kamyk do k\u0105pieli RP Paris Vanilla to jeden z tych produkt\u00f3w pod prysznic, kt\u00f3ry robi r\u00f3\u017cnic\u0119. Odkryj go ju\u017c teraz w naszym butiku!","robots":{"index":"index","follow":"follow","max-snippet":"max-snippet:-1","max-image-preview":"max-image-preview:large","max-video-preview":"max-video-preview:-1"},"canonical":"https:\/\/lescollectionsprivees.com\/pl\/zapach\/waniliowy-kamyk-do-kapieli-40g-rp-paris\/","og_locale":"pl_PL","og_type":"article","og_title":"Galet de bain Vanille | Contenance 40g | Rp Paris","og_description":"Le galet de bain vanille RP Paris fait partie des\u00a0produits de douche\u00a0qui font la diff\u00e9rence. D\u00e9couvrez-le sans plus attendre dans notre boutique !","og_url":"https:\/\/lescollectionsprivees.com\/pl\/zapach\/waniliowy-kamyk-do-kapieli-40g-rp-paris\/","og_site_name":"Les Collections Priv\u00e9es","article_modified_time":"2023-07-14T18:42:06+00:00","og_image":[{"width":600,"height":600,"url":"https:\/\/lescollectionsprivees.com\/wp-content\/uploads\/2023\/03\/galet-de-bain-vanille.jpg","type":"image\/jpeg"}],"twitter_card":"summary_large_image","twitter_misc":{"Szacowany czas czytania":"2 minuty"},"schema":{"@context":"https:\/\/schema.org","@graph":[{"@type":"WebPage","@id":"https:\/\/lescollectionsprivees.com\/parfum\/galet-de-bain-vanille-40g-rp-paris\/","url":"https:\/\/lescollectionsprivees.com\/parfum\/galet-de-bain-vanille-40g-rp-paris\/","name":"Vanilla Bath Pebble | Pojemno\u015b\u0107 40g | Rp Paris","isPartOf":{"@id":"https:\/\/lescollectionsprivees.com\/#website"},"primaryImageOfPage":{"@id":"https:\/\/lescollectionsprivees.com\/parfum\/galet-de-bain-vanille-40g-rp-paris\/#primaryimage"},"image":{"@id":"https:\/\/lescollectionsprivees.com\/parfum\/galet-de-bain-vanille-40g-rp-paris\/#primaryimage"},"thumbnailUrl":"https:\/\/lescollectionsprivees.com\/wp-content\/uploads\/2023\/03\/galet-de-bain-vanille.jpg","datePublished":"2023-03-22T17:45:11+00:00","dateModified":"2023-07-14T18:42:06+00:00","description":"Kamyk do k\u0105pieli RP Paris Vanilla to jeden z tych produkt\u00f3w pod prysznic, kt\u00f3ry robi r\u00f3\u017cnic\u0119. Odkryj go ju\u017c teraz w naszym butiku!","breadcrumb":{"@id":"https:\/\/lescollectionsprivees.com\/parfum\/galet-de-bain-vanille-40g-rp-paris\/#breadcrumb"},"inLanguage":"pl-PL","potentialAction":[{"@type":"ReadAction","target":["https:\/\/lescollectionsprivees.com\/parfum\/galet-de-bain-vanille-40g-rp-paris\/"]}]},{"@type":"ImageObject","inLanguage":"pl-PL","@id":"https:\/\/lescollectionsprivees.com\/parfum\/galet-de-bain-vanille-40g-rp-paris\/#primaryimage","url":"https:\/\/lescollectionsprivees.com\/wp-content\/uploads\/2023\/03\/galet-de-bain-vanille.jpg","contentUrl":"https:\/\/lescollectionsprivees.com\/wp-content\/uploads\/2023\/03\/galet-de-bain-vanille.jpg","width":600,"height":600,"caption":"Galet de bain Vanille"},{"@type":"BreadcrumbList","@id":"https:\/\/lescollectionsprivees.com\/parfum\/galet-de-bain-vanille-40g-rp-paris\/#breadcrumb","itemListElement":[{"@type":"ListItem","position":1,"name":"Accueil","item":"https:\/\/lescollectionsprivees.com\/"},{"@type":"ListItem","position":2,"name":"Boutique","item":"https:\/\/lescollectionsprivees.com\/boutique\/"},{"@type":"ListItem","position":3,"name":"Galet de bain Vanille 40g &#8211; Rp Paris"}]},{"@type":"WebSite","@id":"https:\/\/lescollectionsprivees.com\/#website","url":"https:\/\/lescollectionsprivees.com\/","name":"Kolekcje prywatne","description":"","publisher":{"@id":"https:\/\/lescollectionsprivees.com\/#organization"},"potentialAction":[{"@type":"SearchAction","target":{"@type":"EntryPoint","urlTemplate":"https:\/\/lescollectionsprivees.com\/?s={search_term_string}"},"query-input":{"@type":"PropertyValueSpecification","valueRequired":true,"valueName":"search_term_string"}}],"inLanguage":"pl-PL"},{"@type":"Organization","@id":"https:\/\/lescollectionsprivees.com\/#organization","name":"Kolekcje prywatne","url":"https:\/\/lescollectionsprivees.com\/","logo":{"@type":"ImageObject","inLanguage":"pl-PL","@id":"https:\/\/lescollectionsprivees.com\/#\/schema\/logo\/image\/","url":"https:\/\/lescollectionsprivees.com\/wp-content\/uploads\/2020\/02\/Logo-Les-Collections-Priv\u00e9es-450x450-1.png","contentUrl":"https:\/\/lescollectionsprivees.com\/wp-content\/uploads\/2020\/02\/Logo-Les-Collections-Priv\u00e9es-450x450-1.png","width":450,"height":450,"caption":"Les Collections Priv\u00e9es"},"image":{"@id":"https:\/\/lescollectionsprivees.com\/#\/schema\/logo\/image\/"}}]}},"_links":{"self":[{"href":"https:\/\/lescollectionsprivees.com\/pl\/wp-json\/wp\/v2\/product\/23002","targetHints":{"allow":["GET"]}}],"collection":[{"href":"https:\/\/lescollectionsprivees.com\/pl\/wp-json\/wp\/v2\/product"}],"about":[{"href":"https:\/\/lescollectionsprivees.com\/pl\/wp-json\/wp\/v2\/types\/product"}],"wp:featuredmedia":[{"embeddable":true,"href":"https:\/\/lescollectionsprivees.com\/pl\/wp-json\/wp\/v2\/media\/23008"}],"wp:attachment":[{"href":"https:\/\/lescollectionsprivees.com\/pl\/wp-json\/wp\/v2\/media?parent=23002"}],"wp:term":[{"taxonomy":"product_brand","embeddable":true,"href":"https:\/\/lescollectionsprivees.com\/pl\/wp-json\/wp\/v2\/product_brand?post=23002"},{"taxonomy":"product_cat","embeddable":true,"href":"https:\/\/lescollectionsprivees.com\/pl\/wp-json\/wp\/v2\/product_cat?post=23002"},{"taxonomy":"product_tag","embeddable":true,"href":"https:\/\/lescollectionsprivees.com\/pl\/wp-json\/wp\/v2\/product_tag?post=23002"}],"curies":[{"name":"wp","href":"https:\/\/api.w.org\/{rel}","templated":true}]}}