{"id":23006,"date":"2023-03-22T17:45:11","date_gmt":"2023-03-22T17:45:11","guid":{"rendered":"https:\/\/lescollectionsprivees.com\/?post_type=product&#038;p=23006"},"modified":"2023-07-20T15:27:15","modified_gmt":"2023-07-20T15:27:15","slug":"cukierki-do-kapieli-kamyk-40g-rp-paris","status":"publish","type":"product","link":"https:\/\/lescollectionsprivees.com\/pl\/parfum\/galet-de-bain-sucre-bonbon-40g-rp-paris\/","title":{"rendered":"Cukierki do k\u0105pieli 40g - Rp Paris"},"content":{"rendered":"<p>Cukierkowy kamyk do k\u0105pieli RP Paris to <strong>Bardzo popularny produkt do k\u0105pieli<\/strong>. Zapewni to intensywne chwile w samym sercu k\u0105pieli.<\/p>\n<p><strong>Mo\u017cna wi\u0119c po\u0142\u0105czy\u0107 przyjemne z po\u017cytecznym:<\/strong><\/p>\n<ul>\n<li>Po pierwsze, korzystaj\u0105c z<strong> nowe do\u015bwiadczenie w\u0119chowe<\/strong> kt\u00f3re z pewno\u015bci\u0105 pokochasz.<\/li>\n<li>Po drugie, stosuj\u0105c s\u00f3l do k\u0105pieli w normalny spos\u00f3b. Aby zapewni\u0107<strong> uczucie dobrego samopoczucia na sk\u00f3rze<\/strong>.<\/li>\n<\/ul>\n<h2><strong>Cukierkowy kamyk do k\u0105pieli RP Paris zapewniaj\u0105cy cukierkow\u0105 atmosfer\u0119 w k\u0105pieli<\/strong><\/h2>\n<p>Obecnie kamyki do k\u0105pieli s\u0105 aromatyzowane, aby przyci\u0105gn\u0105\u0107 wymagaj\u0105c\u0105 klientel\u0119. Wraz z pojawieniem si\u0119 pi\u017cmowych zapach\u00f3w, na rynku pojawi\u0142y si\u0119 <strong>aromaty czerwonych owoc\u00f3w lub cukierk\u00f3w <\/strong>s\u0105 bardzo poszukiwane. Istniej\u0105 nawet oryginalne zapachy, kt\u00f3re s\u0105 zbli\u017cone do <a href=\"https:\/\/lescollectionsprivees.com\/pl\/zapach\/bonbon-parfums-dor-blanc\/\">smak waty cukrowej<\/a>.<\/p>\n<p>Cukierkowy kamyk do k\u0105pieli RP Paris ma zadowoli\u0107 tego docelowego klienta. Ci, kt\u00f3rzy zakochuj\u0105 si\u0119 w <strong>\u0142agodny, s\u0142odki aromat<\/strong>. W ko\u0144cu k\u0105piel to tak\u017ce czas na relaks. Rozlu\u017aniaj\u0105c mi\u0119\u015bnie po ci\u0119\u017ckim dniu pracy, k\u0105piel<strong> s\u0142odkie zapachy<\/strong> r\u00f3wnie\u017c odegra t\u0119 rol\u0119.<\/p>\n<p>Postanowili\u015bmy wi\u0119c przedstawi\u0107 Ci produkt, kt\u00f3ry spe\u0142ni Twoje oczekiwania.<\/p>\n<h2><strong>Skuteczna, pyszna piel\u0119gnacja sk\u00f3ry w postaci soli do k\u0105pieli\u00a0<\/strong><\/h2>\n<p>Cukierkowy kamyk do k\u0105pieli RP Paris to przede wszystkim <strong>skuteczny produkt dla sk\u00f3ry<\/strong>. Zaprojektowany z <strong>wodorow\u0119glan sodu<\/strong>rozprasza jego <strong>musowanie <\/strong>w wannie.<\/p>\n<h3>Aby go u\u017cy\u0107 :<\/h3>\n<ul>\n<li>Umie\u015b\u0107 go w wodzie do k\u0105pieli o temperaturze 37 stopni.<\/li>\n<li>Po rozpuszczeniu zanurzy\u0107 cia\u0142o w k\u0105pieli.<\/li>\n<li>Pozostawi\u0107 na sk\u00f3rze przez ca\u0142y czas trwania k\u0105pieli.<\/li>\n<li>Ciesz si\u0119 s\u0142odkim zapachem cukierk\u00f3w, aby si\u0119 zrelaksowa\u0107.<\/li>\n<\/ul>\n<p>S\u00f3l do k\u0105pieli zawarta w tym produkcie doskonale nadaje si\u0119 do <strong>choroby sk\u00f3ry<\/strong> i niedoskona\u0142o\u015bci. Z jego <strong>przycisk \u015brodka dezynfekuj\u0105cego<\/strong>pozwala na<strong>eliminuje mikroorganizmy obecne na nask\u00f3rku<\/strong>.<\/p>","protected":false},"excerpt":{"rendered":"<p><strong>Cechy :<\/strong><\/p>\n<ul>\n<li>Konstrukcja wyprodukowana we Francji<\/li>\n<li>Wykonane z wysokiej jako\u015bci sk\u0142adnik\u00f3w<\/li>\n<li>\u0141atwy w u\u017cyciu<\/li>\n<\/ul>","protected":false},"featured_media":23012,"template":"","meta":[],"product_brand":[],"product_cat":[173,231],"product_tag":[],"class_list":{"0":"post-23006","1":"product","2":"type-product","3":"status-publish","4":"has-post-thumbnail","6":"product_cat-cosmetique","7":"product_cat-parfum-salle-de-bain","9":"first","10":"instock","11":"taxable","12":"shipping-taxable","13":"purchasable","14":"product-type-simple"},"yoast_head":"<!-- This site is optimized with the Yoast SEO plugin v27.5 - https:\/\/yoast.com\/product\/yoast-seo-wordpress\/ -->\n<title>Galet de bain Sucre bonbon | Contenance 40g | Rp Paris<\/title>\n<meta name=\"description\" content=\"Le galet de bain sucre bonbon RP Paris est un produit de bain tr\u00e8s en vogue. Il vous fera passer un moment intense au c\u0153ur de votre bain.\" \/>\n<meta name=\"robots\" content=\"index, follow, max-snippet:-1, max-image-preview:large, max-video-preview:-1\" \/>\n<link rel=\"canonical\" href=\"https:\/\/lescollectionsprivees.com\/pl\/zapach\/cukierki-do-kapieli-kamyk-40g-rp-paris\/\" \/>\n<meta property=\"og:locale\" content=\"pl_PL\" \/>\n<meta property=\"og:type\" content=\"article\" \/>\n<meta property=\"og:title\" content=\"Galet de bain Sucre bonbon | Contenance 40g | Rp Paris\" \/>\n<meta property=\"og:description\" content=\"Le galet de bain sucre bonbon RP Paris est un produit de bain tr\u00e8s en vogue. Il vous fera passer un moment intense au c\u0153ur de votre bain.\" \/>\n<meta property=\"og:url\" content=\"https:\/\/lescollectionsprivees.com\/pl\/zapach\/cukierki-do-kapieli-kamyk-40g-rp-paris\/\" \/>\n<meta property=\"og:site_name\" content=\"Les Collections Priv\u00e9es\" \/>\n<meta property=\"article:modified_time\" content=\"2023-07-20T15:27:15+00:00\" \/>\n<meta property=\"og:image\" content=\"https:\/\/lescollectionsprivees.com\/wp-content\/uploads\/2023\/03\/galet-de-bain-sucre-bonbon.jpg\" \/>\n\t<meta property=\"og:image:width\" content=\"600\" \/>\n\t<meta property=\"og:image:height\" content=\"600\" \/>\n\t<meta property=\"og:image:type\" content=\"image\/jpeg\" \/>\n<meta name=\"twitter:card\" content=\"summary_large_image\" \/>\n<meta name=\"twitter:label1\" content=\"Szacowany czas czytania\" \/>\n\t<meta name=\"twitter:data1\" content=\"2 minuty\" \/>\n<script type=\"application\/ld+json\" class=\"yoast-schema-graph\">{\"@context\":\"https:\\\/\\\/schema.org\",\"@graph\":[{\"@type\":\"WebPage\",\"@id\":\"https:\\\/\\\/lescollectionsprivees.com\\\/parfum\\\/galet-de-bain-sucre-bonbon-40g-rp-paris\\\/\",\"url\":\"https:\\\/\\\/lescollectionsprivees.com\\\/parfum\\\/galet-de-bain-sucre-bonbon-40g-rp-paris\\\/\",\"name\":\"Galet de bain Sucre bonbon | Contenance 40g | Rp Paris\",\"isPartOf\":{\"@id\":\"https:\\\/\\\/lescollectionsprivees.com\\\/#website\"},\"primaryImageOfPage\":{\"@id\":\"https:\\\/\\\/lescollectionsprivees.com\\\/parfum\\\/galet-de-bain-sucre-bonbon-40g-rp-paris\\\/#primaryimage\"},\"image\":{\"@id\":\"https:\\\/\\\/lescollectionsprivees.com\\\/parfum\\\/galet-de-bain-sucre-bonbon-40g-rp-paris\\\/#primaryimage\"},\"thumbnailUrl\":\"https:\\\/\\\/lescollectionsprivees.com\\\/wp-content\\\/uploads\\\/2023\\\/03\\\/galet-de-bain-sucre-bonbon.jpg\",\"datePublished\":\"2023-03-22T17:45:11+00:00\",\"dateModified\":\"2023-07-20T15:27:15+00:00\",\"description\":\"Le galet de bain sucre bonbon RP Paris est un produit de bain tr\u00e8s en vogue. Il vous fera passer un moment intense au c\u0153ur de votre bain.\",\"breadcrumb\":{\"@id\":\"https:\\\/\\\/lescollectionsprivees.com\\\/parfum\\\/galet-de-bain-sucre-bonbon-40g-rp-paris\\\/#breadcrumb\"},\"inLanguage\":\"pl-PL\",\"potentialAction\":[{\"@type\":\"ReadAction\",\"target\":[\"https:\\\/\\\/lescollectionsprivees.com\\\/parfum\\\/galet-de-bain-sucre-bonbon-40g-rp-paris\\\/\"]}]},{\"@type\":\"ImageObject\",\"inLanguage\":\"pl-PL\",\"@id\":\"https:\\\/\\\/lescollectionsprivees.com\\\/parfum\\\/galet-de-bain-sucre-bonbon-40g-rp-paris\\\/#primaryimage\",\"url\":\"https:\\\/\\\/lescollectionsprivees.com\\\/wp-content\\\/uploads\\\/2023\\\/03\\\/galet-de-bain-sucre-bonbon.jpg\",\"contentUrl\":\"https:\\\/\\\/lescollectionsprivees.com\\\/wp-content\\\/uploads\\\/2023\\\/03\\\/galet-de-bain-sucre-bonbon.jpg\",\"width\":600,\"height\":600,\"caption\":\"Galet de bain Sucre bonbon 40g - Rp Paris\"},{\"@type\":\"BreadcrumbList\",\"@id\":\"https:\\\/\\\/lescollectionsprivees.com\\\/parfum\\\/galet-de-bain-sucre-bonbon-40g-rp-paris\\\/#breadcrumb\",\"itemListElement\":[{\"@type\":\"ListItem\",\"position\":1,\"name\":\"Accueil\",\"item\":\"https:\\\/\\\/lescollectionsprivees.com\\\/\"},{\"@type\":\"ListItem\",\"position\":2,\"name\":\"Boutique\",\"item\":\"https:\\\/\\\/lescollectionsprivees.com\\\/boutique\\\/\"},{\"@type\":\"ListItem\",\"position\":3,\"name\":\"Galet de bain Sucre bonbon 40g &#8211; Rp Paris\"}]},{\"@type\":\"WebSite\",\"@id\":\"https:\\\/\\\/lescollectionsprivees.com\\\/#website\",\"url\":\"https:\\\/\\\/lescollectionsprivees.com\\\/\",\"name\":\"Les Collections Priv\u00e9es\",\"description\":\"\",\"publisher\":{\"@id\":\"https:\\\/\\\/lescollectionsprivees.com\\\/#organization\"},\"potentialAction\":[{\"@type\":\"SearchAction\",\"target\":{\"@type\":\"EntryPoint\",\"urlTemplate\":\"https:\\\/\\\/lescollectionsprivees.com\\\/?s={search_term_string}\"},\"query-input\":{\"@type\":\"PropertyValueSpecification\",\"valueRequired\":true,\"valueName\":\"search_term_string\"}}],\"inLanguage\":\"pl-PL\"},{\"@type\":\"Organization\",\"@id\":\"https:\\\/\\\/lescollectionsprivees.com\\\/#organization\",\"name\":\"Les Collections Priv\u00e9es\",\"url\":\"https:\\\/\\\/lescollectionsprivees.com\\\/\",\"logo\":{\"@type\":\"ImageObject\",\"inLanguage\":\"pl-PL\",\"@id\":\"https:\\\/\\\/lescollectionsprivees.com\\\/#\\\/schema\\\/logo\\\/image\\\/\",\"url\":\"https:\\\/\\\/lescollectionsprivees.com\\\/wp-content\\\/uploads\\\/2020\\\/02\\\/Logo-Les-Collections-Priv\u00e9es-450x450-1.png\",\"contentUrl\":\"https:\\\/\\\/lescollectionsprivees.com\\\/wp-content\\\/uploads\\\/2020\\\/02\\\/Logo-Les-Collections-Priv\u00e9es-450x450-1.png\",\"width\":450,\"height\":450,\"caption\":\"Les Collections Priv\u00e9es\"},\"image\":{\"@id\":\"https:\\\/\\\/lescollectionsprivees.com\\\/#\\\/schema\\\/logo\\\/image\\\/\"}}]}<\/script>\n<!-- \/ Yoast SEO plugin. -->","yoast_head_json":{"title":"Cukier do k\u0105pieli Pebble Candy | Pojemno\u015b\u0107 40g | Rp Paris","description":"Cukrowy kamyk do k\u0105pieli RP Paris to bardzo popularny produkt do k\u0105pieli. Zapewnia intensywne chwile podczas k\u0105pieli.","robots":{"index":"index","follow":"follow","max-snippet":"max-snippet:-1","max-image-preview":"max-image-preview:large","max-video-preview":"max-video-preview:-1"},"canonical":"https:\/\/lescollectionsprivees.com\/pl\/zapach\/cukierki-do-kapieli-kamyk-40g-rp-paris\/","og_locale":"pl_PL","og_type":"article","og_title":"Galet de bain Sucre bonbon | Contenance 40g | Rp Paris","og_description":"Le galet de bain sucre bonbon RP Paris est un produit de bain tr\u00e8s en vogue. Il vous fera passer un moment intense au c\u0153ur de votre bain.","og_url":"https:\/\/lescollectionsprivees.com\/pl\/zapach\/cukierki-do-kapieli-kamyk-40g-rp-paris\/","og_site_name":"Les Collections Priv\u00e9es","article_modified_time":"2023-07-20T15:27:15+00:00","og_image":[{"width":600,"height":600,"url":"https:\/\/lescollectionsprivees.com\/wp-content\/uploads\/2023\/03\/galet-de-bain-sucre-bonbon.jpg","type":"image\/jpeg"}],"twitter_card":"summary_large_image","twitter_misc":{"Szacowany czas czytania":"2 minuty"},"schema":{"@context":"https:\/\/schema.org","@graph":[{"@type":"WebPage","@id":"https:\/\/lescollectionsprivees.com\/parfum\/galet-de-bain-sucre-bonbon-40g-rp-paris\/","url":"https:\/\/lescollectionsprivees.com\/parfum\/galet-de-bain-sucre-bonbon-40g-rp-paris\/","name":"Cukier do k\u0105pieli Pebble Candy | Pojemno\u015b\u0107 40g | Rp Paris","isPartOf":{"@id":"https:\/\/lescollectionsprivees.com\/#website"},"primaryImageOfPage":{"@id":"https:\/\/lescollectionsprivees.com\/parfum\/galet-de-bain-sucre-bonbon-40g-rp-paris\/#primaryimage"},"image":{"@id":"https:\/\/lescollectionsprivees.com\/parfum\/galet-de-bain-sucre-bonbon-40g-rp-paris\/#primaryimage"},"thumbnailUrl":"https:\/\/lescollectionsprivees.com\/wp-content\/uploads\/2023\/03\/galet-de-bain-sucre-bonbon.jpg","datePublished":"2023-03-22T17:45:11+00:00","dateModified":"2023-07-20T15:27:15+00:00","description":"Cukrowy kamyk do k\u0105pieli RP Paris to bardzo popularny produkt do k\u0105pieli. Zapewnia intensywne chwile podczas k\u0105pieli.","breadcrumb":{"@id":"https:\/\/lescollectionsprivees.com\/parfum\/galet-de-bain-sucre-bonbon-40g-rp-paris\/#breadcrumb"},"inLanguage":"pl-PL","potentialAction":[{"@type":"ReadAction","target":["https:\/\/lescollectionsprivees.com\/parfum\/galet-de-bain-sucre-bonbon-40g-rp-paris\/"]}]},{"@type":"ImageObject","inLanguage":"pl-PL","@id":"https:\/\/lescollectionsprivees.com\/parfum\/galet-de-bain-sucre-bonbon-40g-rp-paris\/#primaryimage","url":"https:\/\/lescollectionsprivees.com\/wp-content\/uploads\/2023\/03\/galet-de-bain-sucre-bonbon.jpg","contentUrl":"https:\/\/lescollectionsprivees.com\/wp-content\/uploads\/2023\/03\/galet-de-bain-sucre-bonbon.jpg","width":600,"height":600,"caption":"Galet de bain Sucre bonbon 40g - Rp Paris"},{"@type":"BreadcrumbList","@id":"https:\/\/lescollectionsprivees.com\/parfum\/galet-de-bain-sucre-bonbon-40g-rp-paris\/#breadcrumb","itemListElement":[{"@type":"ListItem","position":1,"name":"Accueil","item":"https:\/\/lescollectionsprivees.com\/"},{"@type":"ListItem","position":2,"name":"Boutique","item":"https:\/\/lescollectionsprivees.com\/boutique\/"},{"@type":"ListItem","position":3,"name":"Galet de bain Sucre bonbon 40g &#8211; Rp Paris"}]},{"@type":"WebSite","@id":"https:\/\/lescollectionsprivees.com\/#website","url":"https:\/\/lescollectionsprivees.com\/","name":"Kolekcje prywatne","description":"","publisher":{"@id":"https:\/\/lescollectionsprivees.com\/#organization"},"potentialAction":[{"@type":"SearchAction","target":{"@type":"EntryPoint","urlTemplate":"https:\/\/lescollectionsprivees.com\/?s={search_term_string}"},"query-input":{"@type":"PropertyValueSpecification","valueRequired":true,"valueName":"search_term_string"}}],"inLanguage":"pl-PL"},{"@type":"Organization","@id":"https:\/\/lescollectionsprivees.com\/#organization","name":"Kolekcje prywatne","url":"https:\/\/lescollectionsprivees.com\/","logo":{"@type":"ImageObject","inLanguage":"pl-PL","@id":"https:\/\/lescollectionsprivees.com\/#\/schema\/logo\/image\/","url":"https:\/\/lescollectionsprivees.com\/wp-content\/uploads\/2020\/02\/Logo-Les-Collections-Priv\u00e9es-450x450-1.png","contentUrl":"https:\/\/lescollectionsprivees.com\/wp-content\/uploads\/2020\/02\/Logo-Les-Collections-Priv\u00e9es-450x450-1.png","width":450,"height":450,"caption":"Les Collections Priv\u00e9es"},"image":{"@id":"https:\/\/lescollectionsprivees.com\/#\/schema\/logo\/image\/"}}]}},"_links":{"self":[{"href":"https:\/\/lescollectionsprivees.com\/pl\/wp-json\/wp\/v2\/product\/23006","targetHints":{"allow":["GET"]}}],"collection":[{"href":"https:\/\/lescollectionsprivees.com\/pl\/wp-json\/wp\/v2\/product"}],"about":[{"href":"https:\/\/lescollectionsprivees.com\/pl\/wp-json\/wp\/v2\/types\/product"}],"wp:featuredmedia":[{"embeddable":true,"href":"https:\/\/lescollectionsprivees.com\/pl\/wp-json\/wp\/v2\/media\/23012"}],"wp:attachment":[{"href":"https:\/\/lescollectionsprivees.com\/pl\/wp-json\/wp\/v2\/media?parent=23006"}],"wp:term":[{"taxonomy":"product_brand","embeddable":true,"href":"https:\/\/lescollectionsprivees.com\/pl\/wp-json\/wp\/v2\/product_brand?post=23006"},{"taxonomy":"product_cat","embeddable":true,"href":"https:\/\/lescollectionsprivees.com\/pl\/wp-json\/wp\/v2\/product_cat?post=23006"},{"taxonomy":"product_tag","embeddable":true,"href":"https:\/\/lescollectionsprivees.com\/pl\/wp-json\/wp\/v2\/product_tag?post=23006"}],"curies":[{"name":"wp","href":"https:\/\/api.w.org\/{rel}","templated":true}]}}