{"id":25331,"date":"2023-08-08T12:42:14","date_gmt":"2023-08-08T12:42:14","guid":{"rendered":"https:\/\/lescollectionsprivees.com\/?post_type=product&#038;p=25331"},"modified":"2025-12-01T17:14:42","modified_gmt":"2025-12-01T17:14:42","slug":"monako-2015-prywatny-camarre","status":"publish","type":"product","link":"https:\/\/lescollectionsprivees.com\/pl\/parfum\/monaco-2015-camarre-prive\/","title":{"rendered":"Monako 2015 - Camarre Priv\u00e9"},"content":{"rendered":"","protected":false},"excerpt":{"rendered":"<p><strong><u>Dane techniczne :<\/u><\/strong><\/p>\n<p><strong>Nazwa perfum<\/strong> Monako 2015<br \/>\n<strong>Marka<\/strong> Camarre Priv\u00e9<br \/>\n<strong>Typ<\/strong> M\u0119\u017cczyzna<br \/>\n<strong>Pojemno\u015b\u0107<\/strong>\u00a050 ml<\/p>\n<p><strong>Profil zapachowy :<\/strong><\/p>\n<p><strong>Uwagi og\u00f3lne<\/strong> Ja\u015bmin, Szafran<br \/>\n<strong>Nuta serca<\/strong> Ambergris<br \/>\n<strong>Nuty bazy<\/strong> Drewno cedrowe, balsam jod\u0142owy<\/p>","protected":false},"featured_media":25340,"template":"","meta":[],"product_brand":[],"product_cat":[267,190,101],"product_tag":[],"class_list":{"0":"post-25331","1":"product","2":"type-product","3":"status-publish","4":"has-post-thumbnail","6":"product_cat-camarre-prive","7":"product_cat-hommes","8":"product_cat-parfums-occidentaux","9":"pa_marque-cp","11":"first","12":"outofstock","13":"taxable","14":"shipping-taxable","15":"purchasable","16":"product-type-simple"},"yoast_head":"<!-- This site is optimized with the Yoast SEO plugin v27.5 - https:\/\/yoast.com\/product\/yoast-seo-wordpress\/ -->\n<title>Monaco 2015 - Camarre Priv\u00e9 - Les Collections Priv\u00e9es<\/title>\n<meta name=\"robots\" content=\"index, follow, max-snippet:-1, max-image-preview:large, max-video-preview:-1\" \/>\n<link rel=\"canonical\" href=\"https:\/\/lescollectionsprivees.com\/pl\/zapach\/monako-2015-prywatny-camarre\/\" \/>\n<meta property=\"og:locale\" content=\"pl_PL\" \/>\n<meta property=\"og:type\" content=\"article\" \/>\n<meta property=\"og:title\" content=\"Monaco 2015 - Camarre Priv\u00e9 - Les Collections Priv\u00e9es\" \/>\n<meta property=\"og:description\" content=\"Donn\u00e9es Techniques :  Nom du parfum : Monaco 2015 Marque : Camarre Priv\u00e9 Genre : Masculin Contenance\u00a0: 50 mL  Profil Olfactif :  Notes de t\u00eate : Jasmin, Safran Note de c\u0153ur : Ambre Gris Notes de fond : Bois de C\u00e8dre, Fir Balsam\" \/>\n<meta property=\"og:url\" content=\"https:\/\/lescollectionsprivees.com\/pl\/zapach\/monako-2015-prywatny-camarre\/\" \/>\n<meta property=\"og:site_name\" content=\"Les Collections Priv\u00e9es\" \/>\n<meta property=\"article:modified_time\" content=\"2025-12-01T17:14:42+00:00\" \/>\n<meta property=\"og:image\" content=\"https:\/\/lescollectionsprivees.com\/wp-content\/uploads\/2023\/08\/parfum-monaco.jpg\" \/>\n\t<meta property=\"og:image:width\" content=\"600\" \/>\n\t<meta property=\"og:image:height\" content=\"600\" \/>\n\t<meta property=\"og:image:type\" content=\"image\/jpeg\" \/>\n<meta name=\"twitter:card\" content=\"summary_large_image\" \/>\n<script type=\"application\/ld+json\" class=\"yoast-schema-graph\">{\"@context\":\"https:\\\/\\\/schema.org\",\"@graph\":[{\"@type\":\"WebPage\",\"@id\":\"https:\\\/\\\/lescollectionsprivees.com\\\/parfum\\\/monaco-2015-camarre-prive\\\/\",\"url\":\"https:\\\/\\\/lescollectionsprivees.com\\\/parfum\\\/monaco-2015-camarre-prive\\\/\",\"name\":\"Monaco 2015 - Camarre Priv\u00e9 - Les Collections Priv\u00e9es\",\"isPartOf\":{\"@id\":\"https:\\\/\\\/lescollectionsprivees.com\\\/#website\"},\"primaryImageOfPage\":{\"@id\":\"https:\\\/\\\/lescollectionsprivees.com\\\/parfum\\\/monaco-2015-camarre-prive\\\/#primaryimage\"},\"image\":{\"@id\":\"https:\\\/\\\/lescollectionsprivees.com\\\/parfum\\\/monaco-2015-camarre-prive\\\/#primaryimage\"},\"thumbnailUrl\":\"https:\\\/\\\/lescollectionsprivees.com\\\/wp-content\\\/uploads\\\/2023\\\/08\\\/parfum-monaco.jpg\",\"datePublished\":\"2023-08-08T12:42:14+00:00\",\"dateModified\":\"2025-12-01T17:14:42+00:00\",\"breadcrumb\":{\"@id\":\"https:\\\/\\\/lescollectionsprivees.com\\\/parfum\\\/monaco-2015-camarre-prive\\\/#breadcrumb\"},\"inLanguage\":\"pl-PL\",\"potentialAction\":[{\"@type\":\"ReadAction\",\"target\":[\"https:\\\/\\\/lescollectionsprivees.com\\\/parfum\\\/monaco-2015-camarre-prive\\\/\"]}]},{\"@type\":\"ImageObject\",\"inLanguage\":\"pl-PL\",\"@id\":\"https:\\\/\\\/lescollectionsprivees.com\\\/parfum\\\/monaco-2015-camarre-prive\\\/#primaryimage\",\"url\":\"https:\\\/\\\/lescollectionsprivees.com\\\/wp-content\\\/uploads\\\/2023\\\/08\\\/parfum-monaco.jpg\",\"contentUrl\":\"https:\\\/\\\/lescollectionsprivees.com\\\/wp-content\\\/uploads\\\/2023\\\/08\\\/parfum-monaco.jpg\",\"width\":600,\"height\":600},{\"@type\":\"BreadcrumbList\",\"@id\":\"https:\\\/\\\/lescollectionsprivees.com\\\/parfum\\\/monaco-2015-camarre-prive\\\/#breadcrumb\",\"itemListElement\":[{\"@type\":\"ListItem\",\"position\":1,\"name\":\"Accueil\",\"item\":\"https:\\\/\\\/lescollectionsprivees.com\\\/\"},{\"@type\":\"ListItem\",\"position\":2,\"name\":\"Boutique\",\"item\":\"https:\\\/\\\/lescollectionsprivees.com\\\/boutique\\\/\"},{\"@type\":\"ListItem\",\"position\":3,\"name\":\"Monaco 2015 &#8211; Camarre Priv\u00e9\"}]},{\"@type\":\"WebSite\",\"@id\":\"https:\\\/\\\/lescollectionsprivees.com\\\/#website\",\"url\":\"https:\\\/\\\/lescollectionsprivees.com\\\/\",\"name\":\"Les Collections Priv\u00e9es\",\"description\":\"\",\"publisher\":{\"@id\":\"https:\\\/\\\/lescollectionsprivees.com\\\/#organization\"},\"potentialAction\":[{\"@type\":\"SearchAction\",\"target\":{\"@type\":\"EntryPoint\",\"urlTemplate\":\"https:\\\/\\\/lescollectionsprivees.com\\\/?s={search_term_string}\"},\"query-input\":{\"@type\":\"PropertyValueSpecification\",\"valueRequired\":true,\"valueName\":\"search_term_string\"}}],\"inLanguage\":\"pl-PL\"},{\"@type\":\"Organization\",\"@id\":\"https:\\\/\\\/lescollectionsprivees.com\\\/#organization\",\"name\":\"Les Collections Priv\u00e9es\",\"url\":\"https:\\\/\\\/lescollectionsprivees.com\\\/\",\"logo\":{\"@type\":\"ImageObject\",\"inLanguage\":\"pl-PL\",\"@id\":\"https:\\\/\\\/lescollectionsprivees.com\\\/#\\\/schema\\\/logo\\\/image\\\/\",\"url\":\"https:\\\/\\\/lescollectionsprivees.com\\\/wp-content\\\/uploads\\\/2020\\\/02\\\/Logo-Les-Collections-Priv\u00e9es-450x450-1.png\",\"contentUrl\":\"https:\\\/\\\/lescollectionsprivees.com\\\/wp-content\\\/uploads\\\/2020\\\/02\\\/Logo-Les-Collections-Priv\u00e9es-450x450-1.png\",\"width\":450,\"height\":450,\"caption\":\"Les Collections Priv\u00e9es\"},\"image\":{\"@id\":\"https:\\\/\\\/lescollectionsprivees.com\\\/#\\\/schema\\\/logo\\\/image\\\/\"}}]}<\/script>\n<!-- \/ Yoast SEO plugin. -->","yoast_head_json":{"title":"Monako 2015 - Camarre Priv\u00e9 - Kolekcje prywatne","robots":{"index":"index","follow":"follow","max-snippet":"max-snippet:-1","max-image-preview":"max-image-preview:large","max-video-preview":"max-video-preview:-1"},"canonical":"https:\/\/lescollectionsprivees.com\/pl\/zapach\/monako-2015-prywatny-camarre\/","og_locale":"pl_PL","og_type":"article","og_title":"Monaco 2015 - Camarre Priv\u00e9 - Les Collections Priv\u00e9es","og_description":"Donn\u00e9es Techniques :  Nom du parfum : Monaco 2015 Marque : Camarre Priv\u00e9 Genre : Masculin Contenance\u00a0: 50 mL  Profil Olfactif :  Notes de t\u00eate : Jasmin, Safran Note de c\u0153ur : Ambre Gris Notes de fond : Bois de C\u00e8dre, Fir Balsam","og_url":"https:\/\/lescollectionsprivees.com\/pl\/zapach\/monako-2015-prywatny-camarre\/","og_site_name":"Les Collections Priv\u00e9es","article_modified_time":"2025-12-01T17:14:42+00:00","og_image":[{"width":600,"height":600,"url":"https:\/\/lescollectionsprivees.com\/wp-content\/uploads\/2023\/08\/parfum-monaco.jpg","type":"image\/jpeg"}],"twitter_card":"summary_large_image","schema":{"@context":"https:\/\/schema.org","@graph":[{"@type":"WebPage","@id":"https:\/\/lescollectionsprivees.com\/parfum\/monaco-2015-camarre-prive\/","url":"https:\/\/lescollectionsprivees.com\/parfum\/monaco-2015-camarre-prive\/","name":"Monako 2015 - Camarre Priv\u00e9 - Kolekcje prywatne","isPartOf":{"@id":"https:\/\/lescollectionsprivees.com\/#website"},"primaryImageOfPage":{"@id":"https:\/\/lescollectionsprivees.com\/parfum\/monaco-2015-camarre-prive\/#primaryimage"},"image":{"@id":"https:\/\/lescollectionsprivees.com\/parfum\/monaco-2015-camarre-prive\/#primaryimage"},"thumbnailUrl":"https:\/\/lescollectionsprivees.com\/wp-content\/uploads\/2023\/08\/parfum-monaco.jpg","datePublished":"2023-08-08T12:42:14+00:00","dateModified":"2025-12-01T17:14:42+00:00","breadcrumb":{"@id":"https:\/\/lescollectionsprivees.com\/parfum\/monaco-2015-camarre-prive\/#breadcrumb"},"inLanguage":"pl-PL","potentialAction":[{"@type":"ReadAction","target":["https:\/\/lescollectionsprivees.com\/parfum\/monaco-2015-camarre-prive\/"]}]},{"@type":"ImageObject","inLanguage":"pl-PL","@id":"https:\/\/lescollectionsprivees.com\/parfum\/monaco-2015-camarre-prive\/#primaryimage","url":"https:\/\/lescollectionsprivees.com\/wp-content\/uploads\/2023\/08\/parfum-monaco.jpg","contentUrl":"https:\/\/lescollectionsprivees.com\/wp-content\/uploads\/2023\/08\/parfum-monaco.jpg","width":600,"height":600},{"@type":"BreadcrumbList","@id":"https:\/\/lescollectionsprivees.com\/parfum\/monaco-2015-camarre-prive\/#breadcrumb","itemListElement":[{"@type":"ListItem","position":1,"name":"Accueil","item":"https:\/\/lescollectionsprivees.com\/"},{"@type":"ListItem","position":2,"name":"Boutique","item":"https:\/\/lescollectionsprivees.com\/boutique\/"},{"@type":"ListItem","position":3,"name":"Monaco 2015 &#8211; Camarre Priv\u00e9"}]},{"@type":"WebSite","@id":"https:\/\/lescollectionsprivees.com\/#website","url":"https:\/\/lescollectionsprivees.com\/","name":"Kolekcje prywatne","description":"","publisher":{"@id":"https:\/\/lescollectionsprivees.com\/#organization"},"potentialAction":[{"@type":"SearchAction","target":{"@type":"EntryPoint","urlTemplate":"https:\/\/lescollectionsprivees.com\/?s={search_term_string}"},"query-input":{"@type":"PropertyValueSpecification","valueRequired":true,"valueName":"search_term_string"}}],"inLanguage":"pl-PL"},{"@type":"Organization","@id":"https:\/\/lescollectionsprivees.com\/#organization","name":"Kolekcje prywatne","url":"https:\/\/lescollectionsprivees.com\/","logo":{"@type":"ImageObject","inLanguage":"pl-PL","@id":"https:\/\/lescollectionsprivees.com\/#\/schema\/logo\/image\/","url":"https:\/\/lescollectionsprivees.com\/wp-content\/uploads\/2020\/02\/Logo-Les-Collections-Priv\u00e9es-450x450-1.png","contentUrl":"https:\/\/lescollectionsprivees.com\/wp-content\/uploads\/2020\/02\/Logo-Les-Collections-Priv\u00e9es-450x450-1.png","width":450,"height":450,"caption":"Les Collections Priv\u00e9es"},"image":{"@id":"https:\/\/lescollectionsprivees.com\/#\/schema\/logo\/image\/"}}]}},"_links":{"self":[{"href":"https:\/\/lescollectionsprivees.com\/pl\/wp-json\/wp\/v2\/product\/25331","targetHints":{"allow":["GET"]}}],"collection":[{"href":"https:\/\/lescollectionsprivees.com\/pl\/wp-json\/wp\/v2\/product"}],"about":[{"href":"https:\/\/lescollectionsprivees.com\/pl\/wp-json\/wp\/v2\/types\/product"}],"wp:featuredmedia":[{"embeddable":true,"href":"https:\/\/lescollectionsprivees.com\/pl\/wp-json\/wp\/v2\/media\/25340"}],"wp:attachment":[{"href":"https:\/\/lescollectionsprivees.com\/pl\/wp-json\/wp\/v2\/media?parent=25331"}],"wp:term":[{"taxonomy":"product_brand","embeddable":true,"href":"https:\/\/lescollectionsprivees.com\/pl\/wp-json\/wp\/v2\/product_brand?post=25331"},{"taxonomy":"product_cat","embeddable":true,"href":"https:\/\/lescollectionsprivees.com\/pl\/wp-json\/wp\/v2\/product_cat?post=25331"},{"taxonomy":"product_tag","embeddable":true,"href":"https:\/\/lescollectionsprivees.com\/pl\/wp-json\/wp\/v2\/product_tag?post=25331"}],"curies":[{"name":"wp","href":"https:\/\/api.w.org\/{rel}","templated":true}]}}