{"id":25696,"date":"2024-01-31T15:17:37","date_gmt":"2024-01-31T15:17:37","guid":{"rendered":"https:\/\/lescollectionsprivees.com\/?post_type=product&#038;p=25696"},"modified":"2026-04-30T08:37:04","modified_gmt":"2026-04-30T08:37:04","slug":"woda-perfumowana-khamrah","status":"publish","type":"product","link":"https:\/\/lescollectionsprivees.com\/pl\/parfum\/eau-de-parfum-khamrah\/","title":{"rendered":"Woda perfumowana Khamrah 100ml - Lattafa"},"content":{"rendered":"<p>Od pierwszej chwili poczujesz fuzj\u0119 dw\u00f3ch zapachowych \u015bwiat\u00f3w przeplataj\u0105cych si\u0119 poprzez\u00a0<strong>Perfumy Khamrah\u00a0<\/strong>zaprojektowany przez\u00a0<strong>Lattafa<\/strong>. Ulegnij pokusie tej cudownej mieszanki zamkni\u0119tej w wysublimowanym, przezroczystym flakonie. We\u017a udzia\u0142 w zmys\u0142owym do\u015bwiadczeniu, kt\u00f3re pozwoli Ci odkry\u0107 s\u0142odki, bursztynowy zapach.<\/p>\n<h2><strong>Parfum Khamrah by Lattafa: dwa \u015bwiaty w jednym eliksirze<\/strong><\/h2>\n<p>Marka Lattafa po raz kolejny zada\u0142a mistrzowski cios tym produktem.\u00a0<strong>zapach mieszany\u00a0<\/strong>100 ml. Opakowanie jest zar\u00f3wno eleganckie, jak i minimalistyczne, a zapach pozostawia nas bez s\u0142owa. Z\u0142ota nakr\u0119tka przywo\u0142uje na my\u015bl luksus. By\u0107 mo\u017ce nie zdajesz sobie z tego sprawy, ale niekt\u00f3re \u015bwiatowe perfumy mog\u0105 osi\u0105ga\u0107 osza\u0142amiaj\u0105ce sumy.<\/p>\n<p>Lattafa ma do\u015b\u0107 imponuj\u0105c\u0105 reputacj\u0119 w \u015bwiecie\u00a0<strong>perfumeria orientalna<\/strong>. Zawdzi\u0119czamy mu szeroki wyb\u00f3r perfum, m.in.<a href=\"https:\/\/lescollectionsprivees.com\/pl\/zapach\/woda-perfumowana-hayaati\/\"><strong>Woda perfumowana Hayaati<\/strong><\/a>bardzo znany. Ten dubajski zapach \u0142\u0105czy w sobie do\u015bwiadczenie orientalnych dom\u00f3w perfumeryjnych z finezj\u0105 zachodnich zapach\u00f3w.<\/p>\n<h2><strong>Parfum Khamrah by Lattafa: fascynuj\u0105ce po\u0142\u0105czenie<\/strong><\/h2>\n<p>Je\u015bli chodzi o piramid\u0119 zapachow\u0105 tego olfaktorycznego klejnotu, zawiera ona sporo sk\u0142adnik\u00f3w. Oto one:<\/p>\n<ul>\n<li><strong>Nuty g\u0142owy: bergamotka, cynamon, ga\u0142ka muszkato\u0142owa,<\/strong><\/li>\n<li><strong>Serce: daktyle, mahonia, pralina, tuberoza,<\/strong><\/li>\n<li><strong>Nuty bazy: bursztyn, benzoina, drewno Akigala, pra\u017cony b\u00f3b tonka, mirra, wanilia.<\/strong><\/li>\n<\/ul>\n<p>Wreszcie, zapach Khamrah \u0142\u0105czy w sobie wiele r\u00f3\u017cnych nut, niekt\u00f3re charakterystyczne dla kultury Wschodu, inne bardziej zachodnie. Pierwsze wra\u017cenie reprezentowane przez nuty g\u0142owy jest zar\u00f3wno \u015bwie\u017ce, jak i pikantne.<\/p>\n<p>W sercu jest te\u017c odrobina s\u0142odyczy i owocowo\u015bci. Na koniec doceniamy ciep\u0142o i drzewny charakter nut bazy. To z\u0142o\u017cony, wyrafinowany zapach, kt\u00f3ry uwielbiamy!<\/p>\n<h3><strong>Bliski Wsch\u00f3d na wyci\u0105gni\u0119cie r\u0119ki!<\/strong><\/h3>\n<p>Zapach Khamra pozwala podr\u00f3\u017cowa\u0107 po \u015bwiecie. W rzeczywisto\u015bci rozpylenie go na gor\u0105ce miejsca na ciele przenosi Ci\u0119 do Orientu. Dlaczego nie Dubaj, Abu Dhabi lub gdziekolwiek indziej?<\/p>","protected":false},"excerpt":{"rendered":"<p><strong>Nuty zapachowe :<\/strong><\/p>\n<p><strong>Uwagi og\u00f3lne<\/strong> Bergamotka, ga\u0142ka muszkato\u0142owa, cynamon<br \/>\n<strong>Nuty serca<\/strong> daktyle, maho\u0144, pralina, tuberoza<br \/>\n<strong>Nuty bazy<\/strong> mirra, pra\u017cony b\u00f3b tonka, wanilia, benzoes, bursztyn, drewno akigala.<\/p>\n<p><strong>Typ<\/strong> Mieszane.<\/p>","protected":false},"featured_media":25745,"template":"","meta":[],"product_brand":[],"product_cat":[227,203,261,272,208,15],"product_tag":[],"class_list":{"0":"post-25696","1":"product","2":"type-product","3":"status-publish","4":"has-post-thumbnail","6":"product_cat-parfum-lattafa","7":"product_cat-parfum-ambre","8":"product_cat-parfum-boise","9":"product_cat-parfum-sucre","10":"product_cat-parfum-vanille","11":"product_cat-parfums-de-dubai","13":"first","14":"instock","15":"taxable","16":"shipping-taxable","17":"purchasable","18":"product-type-simple"},"yoast_head":"<!-- This site is optimized with the Yoast SEO plugin v27.5 - https:\/\/yoast.com\/product\/yoast-seo-wordpress\/ -->\n<title>Khamrah | Eau de parfum mixte 100ml | Lattafa<\/title>\n<meta name=\"description\" content=\"D\u00e8s les premiers instants, vous sentirez la fusion de deux mondes olfactifs s&#039;entrem\u00ealer \u00e0 travers le\u00a0parfum Khamrah\u00a0pens\u00e9 par\u00a0Lattafa.\" \/>\n<meta name=\"robots\" content=\"index, follow, max-snippet:-1, max-image-preview:large, max-video-preview:-1\" \/>\n<link rel=\"canonical\" href=\"https:\/\/lescollectionsprivees.com\/pl\/zapach\/woda-perfumowana-khamrah\/\" \/>\n<meta property=\"og:locale\" content=\"pl_PL\" \/>\n<meta property=\"og:type\" content=\"article\" \/>\n<meta property=\"og:title\" content=\"Khamrah | Eau de parfum mixte 100ml | Lattafa\" \/>\n<meta property=\"og:description\" content=\"D\u00e8s les premiers instants, vous sentirez la fusion de deux mondes olfactifs s&#039;entrem\u00ealer \u00e0 travers le\u00a0parfum Khamrah\u00a0pens\u00e9 par\u00a0Lattafa.\" \/>\n<meta property=\"og:url\" content=\"https:\/\/lescollectionsprivees.com\/pl\/zapach\/woda-perfumowana-khamrah\/\" \/>\n<meta property=\"og:site_name\" content=\"Les Collections Priv\u00e9es\" \/>\n<meta property=\"article:modified_time\" content=\"2026-04-30T08:37:04+00:00\" \/>\n<meta property=\"og:image\" content=\"https:\/\/lescollectionsprivees.com\/wp-content\/uploads\/2023\/08\/khamrah-lattafa.jpg\" \/>\n\t<meta property=\"og:image:width\" content=\"600\" \/>\n\t<meta property=\"og:image:height\" content=\"600\" \/>\n\t<meta property=\"og:image:type\" content=\"image\/jpeg\" \/>\n<meta name=\"twitter:card\" content=\"summary_large_image\" \/>\n<meta name=\"twitter:label1\" content=\"Szacowany czas czytania\" \/>\n\t<meta name=\"twitter:data1\" content=\"2 minuty\" \/>\n<script type=\"application\/ld+json\" class=\"yoast-schema-graph\">{\"@context\":\"https:\\\/\\\/schema.org\",\"@graph\":[{\"@type\":\"WebPage\",\"@id\":\"https:\\\/\\\/lescollectionsprivees.com\\\/parfum\\\/eau-de-parfum-khamrah\\\/\",\"url\":\"https:\\\/\\\/lescollectionsprivees.com\\\/parfum\\\/eau-de-parfum-khamrah\\\/\",\"name\":\"Khamrah | Eau de parfum mixte 100ml | Lattafa\",\"isPartOf\":{\"@id\":\"https:\\\/\\\/lescollectionsprivees.com\\\/#website\"},\"primaryImageOfPage\":{\"@id\":\"https:\\\/\\\/lescollectionsprivees.com\\\/parfum\\\/eau-de-parfum-khamrah\\\/#primaryimage\"},\"image\":{\"@id\":\"https:\\\/\\\/lescollectionsprivees.com\\\/parfum\\\/eau-de-parfum-khamrah\\\/#primaryimage\"},\"thumbnailUrl\":\"https:\\\/\\\/lescollectionsprivees.com\\\/wp-content\\\/uploads\\\/2023\\\/08\\\/khamrah-lattafa.jpg\",\"datePublished\":\"2024-01-31T15:17:37+00:00\",\"dateModified\":\"2026-04-30T08:37:04+00:00\",\"description\":\"D\u00e8s les premiers instants, vous sentirez la fusion de deux mondes olfactifs s'entrem\u00ealer \u00e0 travers le\u00a0parfum Khamrah\u00a0pens\u00e9 par\u00a0Lattafa.\",\"breadcrumb\":{\"@id\":\"https:\\\/\\\/lescollectionsprivees.com\\\/parfum\\\/eau-de-parfum-khamrah\\\/#breadcrumb\"},\"inLanguage\":\"pl-PL\",\"potentialAction\":[{\"@type\":\"ReadAction\",\"target\":[\"https:\\\/\\\/lescollectionsprivees.com\\\/parfum\\\/eau-de-parfum-khamrah\\\/\"]}]},{\"@type\":\"ImageObject\",\"inLanguage\":\"pl-PL\",\"@id\":\"https:\\\/\\\/lescollectionsprivees.com\\\/parfum\\\/eau-de-parfum-khamrah\\\/#primaryimage\",\"url\":\"https:\\\/\\\/lescollectionsprivees.com\\\/wp-content\\\/uploads\\\/2023\\\/08\\\/khamrah-lattafa.jpg\",\"contentUrl\":\"https:\\\/\\\/lescollectionsprivees.com\\\/wp-content\\\/uploads\\\/2023\\\/08\\\/khamrah-lattafa.jpg\",\"width\":600,\"height\":600,\"caption\":\"Eau de parfum Khamrah 100ml \u2013 Lattafa\"},{\"@type\":\"BreadcrumbList\",\"@id\":\"https:\\\/\\\/lescollectionsprivees.com\\\/parfum\\\/eau-de-parfum-khamrah\\\/#breadcrumb\",\"itemListElement\":[{\"@type\":\"ListItem\",\"position\":1,\"name\":\"Accueil\",\"item\":\"https:\\\/\\\/lescollectionsprivees.com\\\/\"},{\"@type\":\"ListItem\",\"position\":2,\"name\":\"Boutique\",\"item\":\"https:\\\/\\\/lescollectionsprivees.com\\\/boutique\\\/\"},{\"@type\":\"ListItem\",\"position\":3,\"name\":\"Eau de parfum Khamrah 100ml \u2013 Lattafa\"}]},{\"@type\":\"WebSite\",\"@id\":\"https:\\\/\\\/lescollectionsprivees.com\\\/#website\",\"url\":\"https:\\\/\\\/lescollectionsprivees.com\\\/\",\"name\":\"Les Collections Priv\u00e9es\",\"description\":\"\",\"publisher\":{\"@id\":\"https:\\\/\\\/lescollectionsprivees.com\\\/#organization\"},\"potentialAction\":[{\"@type\":\"SearchAction\",\"target\":{\"@type\":\"EntryPoint\",\"urlTemplate\":\"https:\\\/\\\/lescollectionsprivees.com\\\/?s={search_term_string}\"},\"query-input\":{\"@type\":\"PropertyValueSpecification\",\"valueRequired\":true,\"valueName\":\"search_term_string\"}}],\"inLanguage\":\"pl-PL\"},{\"@type\":\"Organization\",\"@id\":\"https:\\\/\\\/lescollectionsprivees.com\\\/#organization\",\"name\":\"Les Collections Priv\u00e9es\",\"url\":\"https:\\\/\\\/lescollectionsprivees.com\\\/\",\"logo\":{\"@type\":\"ImageObject\",\"inLanguage\":\"pl-PL\",\"@id\":\"https:\\\/\\\/lescollectionsprivees.com\\\/#\\\/schema\\\/logo\\\/image\\\/\",\"url\":\"https:\\\/\\\/lescollectionsprivees.com\\\/wp-content\\\/uploads\\\/2020\\\/02\\\/Logo-Les-Collections-Priv\u00e9es-450x450-1.png\",\"contentUrl\":\"https:\\\/\\\/lescollectionsprivees.com\\\/wp-content\\\/uploads\\\/2020\\\/02\\\/Logo-Les-Collections-Priv\u00e9es-450x450-1.png\",\"width\":450,\"height\":450,\"caption\":\"Les Collections Priv\u00e9es\"},\"image\":{\"@id\":\"https:\\\/\\\/lescollectionsprivees.com\\\/#\\\/schema\\\/logo\\\/image\\\/\"}}]}<\/script>\n<!-- \/ Yoast SEO plugin. -->","yoast_head_json":{"title":"Khamrah | Woda perfumowana 100ml | Lattafa","description":"Od samego pocz\u0105tku poczujesz po\u0142\u0105czenie dw\u00f3ch zapachowych \u015bwiat\u00f3w dzi\u0119ki zapachowi Khamrah zaprojektowanemu przez Lattafa.","robots":{"index":"index","follow":"follow","max-snippet":"max-snippet:-1","max-image-preview":"max-image-preview:large","max-video-preview":"max-video-preview:-1"},"canonical":"https:\/\/lescollectionsprivees.com\/pl\/zapach\/woda-perfumowana-khamrah\/","og_locale":"pl_PL","og_type":"article","og_title":"Khamrah | Eau de parfum mixte 100ml | Lattafa","og_description":"D\u00e8s les premiers instants, vous sentirez la fusion de deux mondes olfactifs s'entrem\u00ealer \u00e0 travers le\u00a0parfum Khamrah\u00a0pens\u00e9 par\u00a0Lattafa.","og_url":"https:\/\/lescollectionsprivees.com\/pl\/zapach\/woda-perfumowana-khamrah\/","og_site_name":"Les Collections Priv\u00e9es","article_modified_time":"2026-04-30T08:37:04+00:00","og_image":[{"width":600,"height":600,"url":"https:\/\/lescollectionsprivees.com\/wp-content\/uploads\/2023\/08\/khamrah-lattafa.jpg","type":"image\/jpeg"}],"twitter_card":"summary_large_image","twitter_misc":{"Szacowany czas czytania":"2 minuty"},"schema":{"@context":"https:\/\/schema.org","@graph":[{"@type":"WebPage","@id":"https:\/\/lescollectionsprivees.com\/parfum\/eau-de-parfum-khamrah\/","url":"https:\/\/lescollectionsprivees.com\/parfum\/eau-de-parfum-khamrah\/","name":"Khamrah | Woda perfumowana 100ml | Lattafa","isPartOf":{"@id":"https:\/\/lescollectionsprivees.com\/#website"},"primaryImageOfPage":{"@id":"https:\/\/lescollectionsprivees.com\/parfum\/eau-de-parfum-khamrah\/#primaryimage"},"image":{"@id":"https:\/\/lescollectionsprivees.com\/parfum\/eau-de-parfum-khamrah\/#primaryimage"},"thumbnailUrl":"https:\/\/lescollectionsprivees.com\/wp-content\/uploads\/2023\/08\/khamrah-lattafa.jpg","datePublished":"2024-01-31T15:17:37+00:00","dateModified":"2026-04-30T08:37:04+00:00","description":"Od samego pocz\u0105tku poczujesz po\u0142\u0105czenie dw\u00f3ch zapachowych \u015bwiat\u00f3w dzi\u0119ki zapachowi Khamrah zaprojektowanemu przez Lattafa.","breadcrumb":{"@id":"https:\/\/lescollectionsprivees.com\/parfum\/eau-de-parfum-khamrah\/#breadcrumb"},"inLanguage":"pl-PL","potentialAction":[{"@type":"ReadAction","target":["https:\/\/lescollectionsprivees.com\/parfum\/eau-de-parfum-khamrah\/"]}]},{"@type":"ImageObject","inLanguage":"pl-PL","@id":"https:\/\/lescollectionsprivees.com\/parfum\/eau-de-parfum-khamrah\/#primaryimage","url":"https:\/\/lescollectionsprivees.com\/wp-content\/uploads\/2023\/08\/khamrah-lattafa.jpg","contentUrl":"https:\/\/lescollectionsprivees.com\/wp-content\/uploads\/2023\/08\/khamrah-lattafa.jpg","width":600,"height":600,"caption":"Eau de parfum Khamrah 100ml \u2013 Lattafa"},{"@type":"BreadcrumbList","@id":"https:\/\/lescollectionsprivees.com\/parfum\/eau-de-parfum-khamrah\/#breadcrumb","itemListElement":[{"@type":"ListItem","position":1,"name":"Accueil","item":"https:\/\/lescollectionsprivees.com\/"},{"@type":"ListItem","position":2,"name":"Boutique","item":"https:\/\/lescollectionsprivees.com\/boutique\/"},{"@type":"ListItem","position":3,"name":"Eau de parfum Khamrah 100ml \u2013 Lattafa"}]},{"@type":"WebSite","@id":"https:\/\/lescollectionsprivees.com\/#website","url":"https:\/\/lescollectionsprivees.com\/","name":"Kolekcje prywatne","description":"","publisher":{"@id":"https:\/\/lescollectionsprivees.com\/#organization"},"potentialAction":[{"@type":"SearchAction","target":{"@type":"EntryPoint","urlTemplate":"https:\/\/lescollectionsprivees.com\/?s={search_term_string}"},"query-input":{"@type":"PropertyValueSpecification","valueRequired":true,"valueName":"search_term_string"}}],"inLanguage":"pl-PL"},{"@type":"Organization","@id":"https:\/\/lescollectionsprivees.com\/#organization","name":"Kolekcje prywatne","url":"https:\/\/lescollectionsprivees.com\/","logo":{"@type":"ImageObject","inLanguage":"pl-PL","@id":"https:\/\/lescollectionsprivees.com\/#\/schema\/logo\/image\/","url":"https:\/\/lescollectionsprivees.com\/wp-content\/uploads\/2020\/02\/Logo-Les-Collections-Priv\u00e9es-450x450-1.png","contentUrl":"https:\/\/lescollectionsprivees.com\/wp-content\/uploads\/2020\/02\/Logo-Les-Collections-Priv\u00e9es-450x450-1.png","width":450,"height":450,"caption":"Les Collections Priv\u00e9es"},"image":{"@id":"https:\/\/lescollectionsprivees.com\/#\/schema\/logo\/image\/"}}]}},"_links":{"self":[{"href":"https:\/\/lescollectionsprivees.com\/pl\/wp-json\/wp\/v2\/product\/25696","targetHints":{"allow":["GET"]}}],"collection":[{"href":"https:\/\/lescollectionsprivees.com\/pl\/wp-json\/wp\/v2\/product"}],"about":[{"href":"https:\/\/lescollectionsprivees.com\/pl\/wp-json\/wp\/v2\/types\/product"}],"wp:featuredmedia":[{"embeddable":true,"href":"https:\/\/lescollectionsprivees.com\/pl\/wp-json\/wp\/v2\/media\/25745"}],"wp:attachment":[{"href":"https:\/\/lescollectionsprivees.com\/pl\/wp-json\/wp\/v2\/media?parent=25696"}],"wp:term":[{"taxonomy":"product_brand","embeddable":true,"href":"https:\/\/lescollectionsprivees.com\/pl\/wp-json\/wp\/v2\/product_brand?post=25696"},{"taxonomy":"product_cat","embeddable":true,"href":"https:\/\/lescollectionsprivees.com\/pl\/wp-json\/wp\/v2\/product_cat?post=25696"},{"taxonomy":"product_tag","embeddable":true,"href":"https:\/\/lescollectionsprivees.com\/pl\/wp-json\/wp\/v2\/product_tag?post=25696"}],"curies":[{"name":"wp","href":"https:\/\/api.w.org\/{rel}","templated":true}]}}