{"id":25728,"date":"2024-09-28T10:18:01","date_gmt":"2024-09-28T10:18:01","guid":{"rendered":"https:\/\/lescollectionsprivees.com\/?post_type=product&#038;p=25728"},"modified":"2025-03-10T15:28:18","modified_gmt":"2025-03-10T15:28:18","slug":"woda-perfumowana-tharwah-silver","status":"publish","type":"product","link":"https:\/\/lescollectionsprivees.com\/pl\/parfum\/eau-de-parfum-tharwah-silver\/","title":{"rendered":"Woda perfumowana Tharwah silver 100ml - Lattafa Pride"},"content":{"rendered":"<p>L'<strong>Woda perfumowana Tharwah Silver<\/strong> z <strong>Lattafa<\/strong> uosabia esencj\u0119 wyrafinowania i elegancji. To <strong>zapach mieszany<\/strong> to prawdziwy klejnot w \u015bwiecie orientalnych zapach\u00f3w. Do\u0142\u0105cza do wielkiej rodziny Lattafa, aby zaspokoi\u0107 wszystkie pragnienia w\u0119chowe.<\/p>\n<h2><strong>Prezentacja perfum Tharwah Silver by Lattafa<\/strong><\/h2>\n<p>Ten zapach przyci\u0105ga uwag\u0119 od samego pocz\u0105tku \u015bwie\u017cym, orze\u017awiaj\u0105cym akordem. Bergamotka o musuj\u0105cym cytrusowym charakterze \u0142\u0105czy si\u0119 z orze\u017awiaj\u0105c\u0105 mi\u0119t\u0105. To dynamiczne otwarcie rozbudza zmys\u0142y i zwiastuje niezwyk\u0142e doznania w\u0119chowe.<\/p>\n<p>Serce Tharwah Silver ujawnia wtedy ca\u0142\u0105 swoj\u0105 kwiatow\u0105 delikatno\u015b\u0107. The <strong>m\u0119drzec<\/strong> i <a href=\"https:\/\/lescollectionsprivees.com\/pl\/zapach\/spray-tekstylny-lawenda-mosco-paris\/\"><strong>lawenda<\/strong><\/a>Starannie wywa\u017cone nuty aromatyczne i zio\u0142owe dodaj\u0105 odrobin\u0119 rzadkiej elegancji. Te s\u0142odkie <strong>nuty kwiatowe<\/strong> nadaj\u0105 zapachowi odrobin\u0119 wyrafinowania, kt\u00f3re z pewno\u015bci\u0105 przypadnie do gustu mi\u0142o\u015bnikom wyrafinowanych zapach\u00f3w.<\/p>\n<p>Wreszcie do gry wkracza t\u0142o, podkre\u015blaj\u0105c <strong>cedr<\/strong> majestatyczny i <strong>pi\u017cmo<\/strong>. Le <strong>wetyweria<\/strong> Do\u0142\u0105cza do nich r\u00f3wnie\u017c ziemisty zapach, tworz\u0105c ciep\u0142\u0105 \u015bcie\u017ck\u0119. Ta drzewna, pi\u017cmowa baza dodaje odrobin\u0119 tajemniczo\u015bci i uwodzenia, kt\u00f3re sublimuj\u0105 ca\u0142\u0105 nut\u0119.<\/p>\n<h2><strong>Parfum Tharwah Silver: niekwestionowana jako\u015b\u0107 zapachowa<\/strong><\/h2>\n<p>Dom Lattafa, znany ze swojego do\u015bwiadczenia w sztuce <strong>perfumeria orientalna<\/strong>po raz kolejny udowadnia swoj\u0105 zdolno\u015b\u0107 do tworzenia wyj\u0105tkowych zapach\u00f3w. To <strong>zapach mieszany<\/strong> jest wynikiem po\u0142\u0105czenia orientalnej tradycji i nowoczesnej olfaktorycznej innowacji. Rezultatem jest zapach, kt\u00f3ry jest zar\u00f3wno ponadczasowy, jak i zdecydowanie wsp\u00f3\u0142czesny.<\/p>\n<p>To, co wyr\u00f3\u017cnia Tharwah Silver, to jego wszechstronno\u015b\u0107. Zaprojektowany z my\u015bl\u0105 zar\u00f3wno o m\u0119\u017cczyznach, jak i kobietach, zapach ten przeznaczony jest dla os\u00f3b ceni\u0105cych dystyngowane zapachy. Jest idealny dla tych, kt\u00f3rzy chc\u0105 eleganckiego zapachu do noszenia na co dzie\u0144, ale tak\u017ce na specjalne okazje.<\/p>\n<h3><strong>Orient w\u0119chowy sublimuje ci\u0119<\/strong><\/h3>\n<p>Tharwah Silver zaprasza do odkrycia \u015bwiata, w kt\u00f3rym \u015bwie\u017co\u015b\u0107 \u0142\u0105czy si\u0119 ze zmys\u0142owo\u015bci\u0105, a elegancja z nowoczesno\u015bci\u0105. Wyr\u00f3\u017cnij si\u0119 z t\u0142umu i podkre\u015bl swoj\u0105 osobowo\u015b\u0107 tym zapachem. <strong>orientalny zapach<\/strong> wyrafinowane.<\/p>","protected":false},"excerpt":{"rendered":"<p><strong><u>Dane techniczne :<\/u><\/strong><\/p>\n<p><strong>Nazwa perfum<\/strong> Tharwah Silver<br \/>\n<strong>Marka<\/strong> Lattafa Pride by Lattafa<br \/>\n<strong>Typ<\/strong> Mieszane<br \/>\n<strong>Pojemno\u015b\u0107<\/strong> 100 ml<\/p>\n<p><strong><u>Nuty zapachowe :<\/u><\/strong><\/p>\n<p><strong>Uwagi og\u00f3lne<\/strong> Mi\u0119ta, bergamotka<br \/>\n<strong>Nuty serca<\/strong> Sza\u0142wia muszkato\u0142owa, lawenda<br \/>\n<strong>Nuty bazy<\/strong> Cedr, pi\u017cmo, wetyweria<\/p>\n<p>&nbsp;<\/p>","protected":false},"featured_media":25773,"template":"","meta":[],"product_brand":[],"product_cat":[227,336,236,15,287],"product_tag":[],"class_list":{"0":"post-25728","1":"product","2":"type-product","3":"status-publish","4":"has-post-thumbnail","6":"product_cat-parfum-lattafa","7":"product_cat-lattafa-pride","8":"product_cat-parfum-musque","9":"product_cat-parfums-de-dubai","10":"product_cat-parfums-orientaux","12":"first","13":"instock","14":"taxable","15":"shipping-taxable","16":"purchasable","17":"product-type-simple"},"yoast_head":"<!-- This site is optimized with the Yoast SEO plugin v27.5 - https:\/\/yoast.com\/product\/yoast-seo-wordpress\/ -->\n<title>Tharwah silver | Eau de parfum 100ml | Collection Lattafa Pride<\/title>\n<meta name=\"description\" content=\"L&#039;eau de parfum Tharwah Silver de Lattafa incarne l&#039;essence m\u00eame du raffinement et de l&#039;\u00e9l\u00e9gance. Adoptez-l\u00e0 sans plus attendre !\" \/>\n<meta name=\"robots\" content=\"index, follow, max-snippet:-1, max-image-preview:large, max-video-preview:-1\" \/>\n<link rel=\"canonical\" href=\"https:\/\/lescollectionsprivees.com\/pl\/zapach\/woda-perfumowana-tharwah-silver\/\" \/>\n<meta property=\"og:locale\" content=\"pl_PL\" \/>\n<meta property=\"og:type\" content=\"article\" \/>\n<meta property=\"og:title\" content=\"Tharwah silver | Eau de parfum 100ml | Collection Lattafa Pride\" \/>\n<meta property=\"og:description\" content=\"L&#039;eau de parfum Tharwah Silver de Lattafa incarne l&#039;essence m\u00eame du raffinement et de l&#039;\u00e9l\u00e9gance. Adoptez-l\u00e0 sans plus attendre !\" \/>\n<meta property=\"og:url\" content=\"https:\/\/lescollectionsprivees.com\/pl\/zapach\/woda-perfumowana-tharwah-silver\/\" \/>\n<meta property=\"og:site_name\" content=\"Les Collections Priv\u00e9es\" \/>\n<meta property=\"article:modified_time\" content=\"2025-03-10T15:28:18+00:00\" \/>\n<meta property=\"og:image\" content=\"https:\/\/lescollectionsprivees.com\/wp-content\/uploads\/2023\/08\/parfum-tharwah-silver-lattafa.jpg\" \/>\n\t<meta property=\"og:image:width\" content=\"600\" \/>\n\t<meta property=\"og:image:height\" content=\"600\" \/>\n\t<meta property=\"og:image:type\" content=\"image\/jpeg\" \/>\n<meta name=\"twitter:card\" content=\"summary_large_image\" \/>\n<meta name=\"twitter:label1\" content=\"Szacowany czas czytania\" \/>\n\t<meta name=\"twitter:data1\" content=\"2 minuty\" \/>\n<script type=\"application\/ld+json\" class=\"yoast-schema-graph\">{\"@context\":\"https:\\\/\\\/schema.org\",\"@graph\":[{\"@type\":\"WebPage\",\"@id\":\"https:\\\/\\\/lescollectionsprivees.com\\\/parfum\\\/eau-de-parfum-tharwah-silver\\\/\",\"url\":\"https:\\\/\\\/lescollectionsprivees.com\\\/parfum\\\/eau-de-parfum-tharwah-silver\\\/\",\"name\":\"Tharwah silver | Eau de parfum 100ml | Collection Lattafa Pride\",\"isPartOf\":{\"@id\":\"https:\\\/\\\/lescollectionsprivees.com\\\/#website\"},\"primaryImageOfPage\":{\"@id\":\"https:\\\/\\\/lescollectionsprivees.com\\\/parfum\\\/eau-de-parfum-tharwah-silver\\\/#primaryimage\"},\"image\":{\"@id\":\"https:\\\/\\\/lescollectionsprivees.com\\\/parfum\\\/eau-de-parfum-tharwah-silver\\\/#primaryimage\"},\"thumbnailUrl\":\"https:\\\/\\\/lescollectionsprivees.com\\\/wp-content\\\/uploads\\\/2023\\\/08\\\/parfum-tharwah-silver-lattafa.jpg\",\"datePublished\":\"2024-09-28T10:18:01+00:00\",\"dateModified\":\"2025-03-10T15:28:18+00:00\",\"description\":\"L'eau de parfum Tharwah Silver de Lattafa incarne l'essence m\u00eame du raffinement et de l'\u00e9l\u00e9gance. Adoptez-l\u00e0 sans plus attendre !\",\"breadcrumb\":{\"@id\":\"https:\\\/\\\/lescollectionsprivees.com\\\/parfum\\\/eau-de-parfum-tharwah-silver\\\/#breadcrumb\"},\"inLanguage\":\"pl-PL\",\"potentialAction\":[{\"@type\":\"ReadAction\",\"target\":[\"https:\\\/\\\/lescollectionsprivees.com\\\/parfum\\\/eau-de-parfum-tharwah-silver\\\/\"]}]},{\"@type\":\"ImageObject\",\"inLanguage\":\"pl-PL\",\"@id\":\"https:\\\/\\\/lescollectionsprivees.com\\\/parfum\\\/eau-de-parfum-tharwah-silver\\\/#primaryimage\",\"url\":\"https:\\\/\\\/lescollectionsprivees.com\\\/wp-content\\\/uploads\\\/2023\\\/08\\\/parfum-tharwah-silver-lattafa.jpg\",\"contentUrl\":\"https:\\\/\\\/lescollectionsprivees.com\\\/wp-content\\\/uploads\\\/2023\\\/08\\\/parfum-tharwah-silver-lattafa.jpg\",\"width\":600,\"height\":600},{\"@type\":\"BreadcrumbList\",\"@id\":\"https:\\\/\\\/lescollectionsprivees.com\\\/parfum\\\/eau-de-parfum-tharwah-silver\\\/#breadcrumb\",\"itemListElement\":[{\"@type\":\"ListItem\",\"position\":1,\"name\":\"Accueil\",\"item\":\"https:\\\/\\\/lescollectionsprivees.com\\\/\"},{\"@type\":\"ListItem\",\"position\":2,\"name\":\"Boutique\",\"item\":\"https:\\\/\\\/lescollectionsprivees.com\\\/boutique\\\/\"},{\"@type\":\"ListItem\",\"position\":3,\"name\":\"Eau de parfum Tharwah silver 100ml \u2013 Lattafa Pride\"}]},{\"@type\":\"WebSite\",\"@id\":\"https:\\\/\\\/lescollectionsprivees.com\\\/#website\",\"url\":\"https:\\\/\\\/lescollectionsprivees.com\\\/\",\"name\":\"Les Collections Priv\u00e9es\",\"description\":\"\",\"publisher\":{\"@id\":\"https:\\\/\\\/lescollectionsprivees.com\\\/#organization\"},\"potentialAction\":[{\"@type\":\"SearchAction\",\"target\":{\"@type\":\"EntryPoint\",\"urlTemplate\":\"https:\\\/\\\/lescollectionsprivees.com\\\/?s={search_term_string}\"},\"query-input\":{\"@type\":\"PropertyValueSpecification\",\"valueRequired\":true,\"valueName\":\"search_term_string\"}}],\"inLanguage\":\"pl-PL\"},{\"@type\":\"Organization\",\"@id\":\"https:\\\/\\\/lescollectionsprivees.com\\\/#organization\",\"name\":\"Les Collections Priv\u00e9es\",\"url\":\"https:\\\/\\\/lescollectionsprivees.com\\\/\",\"logo\":{\"@type\":\"ImageObject\",\"inLanguage\":\"pl-PL\",\"@id\":\"https:\\\/\\\/lescollectionsprivees.com\\\/#\\\/schema\\\/logo\\\/image\\\/\",\"url\":\"https:\\\/\\\/lescollectionsprivees.com\\\/wp-content\\\/uploads\\\/2020\\\/02\\\/Logo-Les-Collections-Priv\u00e9es-450x450-1.png\",\"contentUrl\":\"https:\\\/\\\/lescollectionsprivees.com\\\/wp-content\\\/uploads\\\/2020\\\/02\\\/Logo-Les-Collections-Priv\u00e9es-450x450-1.png\",\"width\":450,\"height\":450,\"caption\":\"Les Collections Priv\u00e9es\"},\"image\":{\"@id\":\"https:\\\/\\\/lescollectionsprivees.com\\\/#\\\/schema\\\/logo\\\/image\\\/\"}}]}<\/script>\n<!-- \/ Yoast SEO plugin. -->","yoast_head_json":{"title":"Tharwah silver | Woda perfumowana 100ml | Kolekcja Lattafa Pride","description":"Woda perfumowana Tharwah Silver marki Lattafa to kwintesencja wyrafinowania i elegancji. Przyjmij j\u0105 niezw\u0142ocznie!","robots":{"index":"index","follow":"follow","max-snippet":"max-snippet:-1","max-image-preview":"max-image-preview:large","max-video-preview":"max-video-preview:-1"},"canonical":"https:\/\/lescollectionsprivees.com\/pl\/zapach\/woda-perfumowana-tharwah-silver\/","og_locale":"pl_PL","og_type":"article","og_title":"Tharwah silver | Eau de parfum 100ml | Collection Lattafa Pride","og_description":"L'eau de parfum Tharwah Silver de Lattafa incarne l'essence m\u00eame du raffinement et de l'\u00e9l\u00e9gance. Adoptez-l\u00e0 sans plus attendre !","og_url":"https:\/\/lescollectionsprivees.com\/pl\/zapach\/woda-perfumowana-tharwah-silver\/","og_site_name":"Les Collections Priv\u00e9es","article_modified_time":"2025-03-10T15:28:18+00:00","og_image":[{"width":600,"height":600,"url":"https:\/\/lescollectionsprivees.com\/wp-content\/uploads\/2023\/08\/parfum-tharwah-silver-lattafa.jpg","type":"image\/jpeg"}],"twitter_card":"summary_large_image","twitter_misc":{"Szacowany czas czytania":"2 minuty"},"schema":{"@context":"https:\/\/schema.org","@graph":[{"@type":"WebPage","@id":"https:\/\/lescollectionsprivees.com\/parfum\/eau-de-parfum-tharwah-silver\/","url":"https:\/\/lescollectionsprivees.com\/parfum\/eau-de-parfum-tharwah-silver\/","name":"Tharwah silver | Woda perfumowana 100ml | Kolekcja Lattafa Pride","isPartOf":{"@id":"https:\/\/lescollectionsprivees.com\/#website"},"primaryImageOfPage":{"@id":"https:\/\/lescollectionsprivees.com\/parfum\/eau-de-parfum-tharwah-silver\/#primaryimage"},"image":{"@id":"https:\/\/lescollectionsprivees.com\/parfum\/eau-de-parfum-tharwah-silver\/#primaryimage"},"thumbnailUrl":"https:\/\/lescollectionsprivees.com\/wp-content\/uploads\/2023\/08\/parfum-tharwah-silver-lattafa.jpg","datePublished":"2024-09-28T10:18:01+00:00","dateModified":"2025-03-10T15:28:18+00:00","description":"Woda perfumowana Tharwah Silver marki Lattafa to kwintesencja wyrafinowania i elegancji. Przyjmij j\u0105 niezw\u0142ocznie!","breadcrumb":{"@id":"https:\/\/lescollectionsprivees.com\/parfum\/eau-de-parfum-tharwah-silver\/#breadcrumb"},"inLanguage":"pl-PL","potentialAction":[{"@type":"ReadAction","target":["https:\/\/lescollectionsprivees.com\/parfum\/eau-de-parfum-tharwah-silver\/"]}]},{"@type":"ImageObject","inLanguage":"pl-PL","@id":"https:\/\/lescollectionsprivees.com\/parfum\/eau-de-parfum-tharwah-silver\/#primaryimage","url":"https:\/\/lescollectionsprivees.com\/wp-content\/uploads\/2023\/08\/parfum-tharwah-silver-lattafa.jpg","contentUrl":"https:\/\/lescollectionsprivees.com\/wp-content\/uploads\/2023\/08\/parfum-tharwah-silver-lattafa.jpg","width":600,"height":600},{"@type":"BreadcrumbList","@id":"https:\/\/lescollectionsprivees.com\/parfum\/eau-de-parfum-tharwah-silver\/#breadcrumb","itemListElement":[{"@type":"ListItem","position":1,"name":"Accueil","item":"https:\/\/lescollectionsprivees.com\/"},{"@type":"ListItem","position":2,"name":"Boutique","item":"https:\/\/lescollectionsprivees.com\/boutique\/"},{"@type":"ListItem","position":3,"name":"Eau de parfum Tharwah silver 100ml \u2013 Lattafa Pride"}]},{"@type":"WebSite","@id":"https:\/\/lescollectionsprivees.com\/#website","url":"https:\/\/lescollectionsprivees.com\/","name":"Kolekcje prywatne","description":"","publisher":{"@id":"https:\/\/lescollectionsprivees.com\/#organization"},"potentialAction":[{"@type":"SearchAction","target":{"@type":"EntryPoint","urlTemplate":"https:\/\/lescollectionsprivees.com\/?s={search_term_string}"},"query-input":{"@type":"PropertyValueSpecification","valueRequired":true,"valueName":"search_term_string"}}],"inLanguage":"pl-PL"},{"@type":"Organization","@id":"https:\/\/lescollectionsprivees.com\/#organization","name":"Kolekcje prywatne","url":"https:\/\/lescollectionsprivees.com\/","logo":{"@type":"ImageObject","inLanguage":"pl-PL","@id":"https:\/\/lescollectionsprivees.com\/#\/schema\/logo\/image\/","url":"https:\/\/lescollectionsprivees.com\/wp-content\/uploads\/2020\/02\/Logo-Les-Collections-Priv\u00e9es-450x450-1.png","contentUrl":"https:\/\/lescollectionsprivees.com\/wp-content\/uploads\/2020\/02\/Logo-Les-Collections-Priv\u00e9es-450x450-1.png","width":450,"height":450,"caption":"Les Collections Priv\u00e9es"},"image":{"@id":"https:\/\/lescollectionsprivees.com\/#\/schema\/logo\/image\/"}}]}},"_links":{"self":[{"href":"https:\/\/lescollectionsprivees.com\/pl\/wp-json\/wp\/v2\/product\/25728","targetHints":{"allow":["GET"]}}],"collection":[{"href":"https:\/\/lescollectionsprivees.com\/pl\/wp-json\/wp\/v2\/product"}],"about":[{"href":"https:\/\/lescollectionsprivees.com\/pl\/wp-json\/wp\/v2\/types\/product"}],"wp:featuredmedia":[{"embeddable":true,"href":"https:\/\/lescollectionsprivees.com\/pl\/wp-json\/wp\/v2\/media\/25773"}],"wp:attachment":[{"href":"https:\/\/lescollectionsprivees.com\/pl\/wp-json\/wp\/v2\/media?parent=25728"}],"wp:term":[{"taxonomy":"product_brand","embeddable":true,"href":"https:\/\/lescollectionsprivees.com\/pl\/wp-json\/wp\/v2\/product_brand?post=25728"},{"taxonomy":"product_cat","embeddable":true,"href":"https:\/\/lescollectionsprivees.com\/pl\/wp-json\/wp\/v2\/product_cat?post=25728"},{"taxonomy":"product_tag","embeddable":true,"href":"https:\/\/lescollectionsprivees.com\/pl\/wp-json\/wp\/v2\/product_tag?post=25728"}],"curies":[{"name":"wp","href":"https:\/\/api.w.org\/{rel}","templated":true}]}}