{"id":26661,"date":"2023-11-08T09:03:52","date_gmt":"2023-11-08T09:03:52","guid":{"rendered":"https:\/\/lescollectionsprivees.com\/?post_type=product&#038;p=26661"},"modified":"2024-08-24T10:13:53","modified_gmt":"2024-08-24T10:13:53","slug":"woda-perfumowana-maghateer","status":"publish","type":"product","link":"https:\/\/lescollectionsprivees.com\/pl\/parfum\/eau-de-parfum-maghateer\/","title":{"rendered":"Maghateer Woda perfumowana 100ml - Perfumy Nabeel"},"content":{"rendered":"<p>Ten wysublimowany zapach jest apoteoz\u0105 elegancji i wyrafinowania.\u00a0<strong>Woda perfumowana Maghateer<\/strong>\u00a0odbicia<strong>\u00a0Z\u0142o\u017cona \u015bcie\u017cka charakteru, kt\u00f3ra z pewno\u015bci\u0105 zadowoli.<\/strong>\u00a0To wysokiej jako\u015bci kreacja o intensywnie z\u0142o\u017conym zapachu. Zapach, kt\u00f3ry bez w\u0105tpienia Ci\u0119 przekona.\u00a0<strong>Daj si\u0119 oczarowa\u0107 bez zb\u0119dnych ceregieli.<\/strong><\/p>\n<h2><strong>Woda perfumowana Maghateer: fascynuj\u0105cy zapach<\/strong><\/h2>\n<p>To s\u0142owo jest z pewno\u015bci\u0105 dobrze dobrane. Poniewa\u017c jest to zapach, kt\u00f3rym mo\u017cna si\u0119 zachwyca\u0107. Ta kreacja opiera si\u0119 na\u00a0<strong>bogactwo wyj\u0105tkowych zapach\u00f3w.<\/strong>\u00a0Co sprawia, \u017ce ten zapach jest\u00a0<strong>wyj\u0105tkowa chwila zapachowa bez \u017cadnych zobowi\u0105za\u0144.\u00a0<\/strong><\/p>\n<p>Zar\u00f3wno m\u0119\u017cczy\u017ani, jak i kobiety z pewno\u015bci\u0105 b\u0119d\u0105 zachwyceni tak wieloma\u00a0<strong>g\u0142\u0119bia, intensywno\u015b\u0107, oryginalno\u015b\u0107 i wyrafinowanie.\u00a0<\/strong><\/p>\n<h2><strong>Absolutnie niezapomniany orientalny zapach<\/strong><\/h2>\n<p>Po otwarciu tego wysublimowanego flakonu odkryjesz g\u0142\u0119boko orientalny zapach, kt\u00f3remu niewiele innych wzor\u00f3w mo\u017ce si\u0119 r\u00f3wna\u0107.<\/p>\n<p>Woda perfumowana Maghateer jest nast\u0119puj\u0105ca\u00a0<strong>drzewny, kwiatowy i \u015bwie\u017cy zapach.<\/strong>\u00a0Jednak oferuje r\u00f3wnie\u017c\u00a0<strong>uwodzicielski dotyk zmys\u0142owo\u015bci i egzotyki.<\/strong>\u00a0I uncja banknot\u00f3w\u00a0<strong>owocowy i pikantny.<\/strong>\u00a0Wreszcie, podoba nam si\u0119 r\u00f3wnie\u017c\u00a0<strong>ciep\u0142a ko\u0144c\u00f3wka<\/strong>\u00a0kt\u00f3ry nas porusza. Nie tylko ze wzgl\u0119du na obecno\u015b\u0107 niezwykle luksusowych sk\u0142adnik\u00f3w. Oczywi\u015bcie, jak powiedzieli\u015bmy, ta kompozycja jest wyrafinowana i bogata.<\/p>\n<p>Niech Twoje pragnienia m\u00f3wi\u0105 same za siebie. I daj sobie szans\u0119 na odkrycie tego zapachu Nabeel.<\/p>\n<h3><strong>Nasz wyb\u00f3r perfum Nabeel<\/strong><\/h3>\n<p>W Twojej ulubionej perfumerii wybrali\u015bmy najwi\u0119ksze olfaktoryczne przygody od perfumiarza Nabeela. Je\u015bli wi\u0119c chcesz podr\u00f3\u017cowa\u0107 przez ka\u017cdy zapach, kt\u00f3ry nosisz, wybierz perfumowane skarby wspomnianego domu.<\/p>\n<p><strong>Woda perfumowana Al Bashiq, Dahn al Oud, a nawet <a href=\"https:\/\/lescollectionsprivees.com\/pl\/zapach\/woda-perfumowana-asateer\/\">Asateer<\/a>,<\/strong>\u00a0Znajd\u017a zapach, kt\u00f3ry pokochasz. Taki, kt\u00f3ry bez w\u0105tpienia wysublimuje Ci\u0119 w subtelny i wyrafinowany spos\u00f3b.<\/p>","protected":false},"excerpt":{"rendered":"<p><strong>Nuty zapachowe :<\/strong><\/p>\n<p><strong>Uwagi og\u00f3lne<\/strong> R\u00f3\u017ca, r\u00f3\u017cowy pieprz, cynamon, r\u00f3\u017ca bu\u0142garska, r\u00f3\u017ca turecka, bergamotka, s\u0142odka pomara\u0144cza, nuty korzenne, r\u00f3\u017ca damasce\u0144ska, elemi, nuty owocowe, bia\u0142e kwiaty, ga\u0142ka muszkato\u0142owa, kardamon, kawa, frutta secca, kandyzowane owoce<br \/>\n<strong>Nuty serca<\/strong> Oud, drzewo sanda\u0142owe, sk\u00f3ra, jagody wanilii, cypriol, paczula, drzewo sanda\u0142owe, wetyweria, \u017cywica benzoesowa, kolendra, imbir, styraks, nuty s\u0142odkie, ylang-ylang, go\u017adziki, geranium.<br \/>\n<strong>Nuty bazy<\/strong> Nuty zapachowe: drzewo gwajakowe, benzoina, wanilia, labdanum, karmelizowany cukier, kastoreum, drzewo sanda\u0142owe, kadzid\u0142o, karmel, bursztyn, mchy, cistus labdanum, pi\u017cmo, drzewo agarowe, mech d\u0119bowy.<\/p>","protected":false},"featured_media":26666,"template":"","meta":[],"product_brand":[],"product_cat":[278,203,201,202,265,208],"product_tag":[],"class_list":{"0":"post-26661","1":"product","2":"type-product","3":"status-publish","4":"has-post-thumbnail","6":"product_cat-nabeel-perfumes","7":"product_cat-parfum-ambre","8":"product_cat-parfum-femme","9":"product_cat-parfum-homme","10":"product_cat-parfum-patchouli","11":"product_cat-parfum-vanille","13":"first","14":"outofstock","15":"taxable","16":"shipping-taxable","17":"purchasable","18":"product-type-simple"},"yoast_head":"<!-- This site is optimized with the Yoast SEO plugin v27.5 - https:\/\/yoast.com\/product\/yoast-seo-wordpress\/ -->\n<title>Maghateer | Eau de parfum 100ml | Collection Nabeel Perfumes<\/title>\n<meta name=\"description\" content=\"L&#039;eau de parfum Maghateer\u00a0refl\u00e8te\u00a0un sillage complexe de caract\u00e8re qui plait sans conteste. Adoptez-l\u00e0 sans plus attendre \u00e7\" \/>\n<meta name=\"robots\" content=\"index, follow, max-snippet:-1, max-image-preview:large, max-video-preview:-1\" \/>\n<link rel=\"canonical\" href=\"https:\/\/lescollectionsprivees.com\/pl\/zapach\/woda-perfumowana-maghateer\/\" \/>\n<meta property=\"og:locale\" content=\"pl_PL\" \/>\n<meta property=\"og:type\" content=\"article\" \/>\n<meta property=\"og:title\" content=\"Maghateer | Eau de parfum 100ml | Collection Nabeel Perfumes\" \/>\n<meta property=\"og:description\" content=\"L&#039;eau de parfum Maghateer\u00a0refl\u00e8te\u00a0un sillage complexe de caract\u00e8re qui plait sans conteste. Adoptez-l\u00e0 sans plus attendre \u00e7\" \/>\n<meta property=\"og:url\" content=\"https:\/\/lescollectionsprivees.com\/pl\/zapach\/woda-perfumowana-maghateer\/\" \/>\n<meta property=\"og:site_name\" content=\"Les Collections Priv\u00e9es\" \/>\n<meta property=\"article:modified_time\" content=\"2024-08-24T10:13:53+00:00\" \/>\n<meta property=\"og:image\" content=\"https:\/\/lescollectionsprivees.com\/wp-content\/uploads\/2023\/11\/eau-de-parfum-maqhateer-nabeel-perfumes.jpg\" \/>\n\t<meta property=\"og:image:width\" content=\"600\" \/>\n\t<meta property=\"og:image:height\" content=\"600\" \/>\n\t<meta property=\"og:image:type\" content=\"image\/jpeg\" \/>\n<meta name=\"twitter:card\" content=\"summary_large_image\" \/>\n<meta name=\"twitter:label1\" content=\"Szacowany czas czytania\" \/>\n\t<meta name=\"twitter:data1\" content=\"2 minuty\" \/>\n<script type=\"application\/ld+json\" class=\"yoast-schema-graph\">{\"@context\":\"https:\\\/\\\/schema.org\",\"@graph\":[{\"@type\":\"WebPage\",\"@id\":\"https:\\\/\\\/lescollectionsprivees.com\\\/parfum\\\/eau-de-parfum-maghateer\\\/\",\"url\":\"https:\\\/\\\/lescollectionsprivees.com\\\/parfum\\\/eau-de-parfum-maghateer\\\/\",\"name\":\"Maghateer | Eau de parfum 100ml | Collection Nabeel Perfumes\",\"isPartOf\":{\"@id\":\"https:\\\/\\\/lescollectionsprivees.com\\\/#website\"},\"primaryImageOfPage\":{\"@id\":\"https:\\\/\\\/lescollectionsprivees.com\\\/parfum\\\/eau-de-parfum-maghateer\\\/#primaryimage\"},\"image\":{\"@id\":\"https:\\\/\\\/lescollectionsprivees.com\\\/parfum\\\/eau-de-parfum-maghateer\\\/#primaryimage\"},\"thumbnailUrl\":\"https:\\\/\\\/lescollectionsprivees.com\\\/wp-content\\\/uploads\\\/2023\\\/11\\\/eau-de-parfum-maqhateer-nabeel-perfumes.jpg\",\"datePublished\":\"2023-11-08T09:03:52+00:00\",\"dateModified\":\"2024-08-24T10:13:53+00:00\",\"description\":\"L'eau de parfum Maghateer\u00a0refl\u00e8te\u00a0un sillage complexe de caract\u00e8re qui plait sans conteste. Adoptez-l\u00e0 sans plus attendre \u00e7\",\"breadcrumb\":{\"@id\":\"https:\\\/\\\/lescollectionsprivees.com\\\/parfum\\\/eau-de-parfum-maghateer\\\/#breadcrumb\"},\"inLanguage\":\"pl-PL\",\"potentialAction\":[{\"@type\":\"ReadAction\",\"target\":[\"https:\\\/\\\/lescollectionsprivees.com\\\/parfum\\\/eau-de-parfum-maghateer\\\/\"]}]},{\"@type\":\"ImageObject\",\"inLanguage\":\"pl-PL\",\"@id\":\"https:\\\/\\\/lescollectionsprivees.com\\\/parfum\\\/eau-de-parfum-maghateer\\\/#primaryimage\",\"url\":\"https:\\\/\\\/lescollectionsprivees.com\\\/wp-content\\\/uploads\\\/2023\\\/11\\\/eau-de-parfum-maqhateer-nabeel-perfumes.jpg\",\"contentUrl\":\"https:\\\/\\\/lescollectionsprivees.com\\\/wp-content\\\/uploads\\\/2023\\\/11\\\/eau-de-parfum-maqhateer-nabeel-perfumes.jpg\",\"width\":600,\"height\":600,\"caption\":\"Eau de parfum Maghateer 100ml - Nabeel Perfumes\"},{\"@type\":\"BreadcrumbList\",\"@id\":\"https:\\\/\\\/lescollectionsprivees.com\\\/parfum\\\/eau-de-parfum-maghateer\\\/#breadcrumb\",\"itemListElement\":[{\"@type\":\"ListItem\",\"position\":1,\"name\":\"Accueil\",\"item\":\"https:\\\/\\\/lescollectionsprivees.com\\\/\"},{\"@type\":\"ListItem\",\"position\":2,\"name\":\"Boutique\",\"item\":\"https:\\\/\\\/lescollectionsprivees.com\\\/boutique\\\/\"},{\"@type\":\"ListItem\",\"position\":3,\"name\":\"Eau de parfum Maghateer 100ml &#8211; Nabeel Perfumes\"}]},{\"@type\":\"WebSite\",\"@id\":\"https:\\\/\\\/lescollectionsprivees.com\\\/#website\",\"url\":\"https:\\\/\\\/lescollectionsprivees.com\\\/\",\"name\":\"Les Collections Priv\u00e9es\",\"description\":\"\",\"publisher\":{\"@id\":\"https:\\\/\\\/lescollectionsprivees.com\\\/#organization\"},\"potentialAction\":[{\"@type\":\"SearchAction\",\"target\":{\"@type\":\"EntryPoint\",\"urlTemplate\":\"https:\\\/\\\/lescollectionsprivees.com\\\/?s={search_term_string}\"},\"query-input\":{\"@type\":\"PropertyValueSpecification\",\"valueRequired\":true,\"valueName\":\"search_term_string\"}}],\"inLanguage\":\"pl-PL\"},{\"@type\":\"Organization\",\"@id\":\"https:\\\/\\\/lescollectionsprivees.com\\\/#organization\",\"name\":\"Les Collections Priv\u00e9es\",\"url\":\"https:\\\/\\\/lescollectionsprivees.com\\\/\",\"logo\":{\"@type\":\"ImageObject\",\"inLanguage\":\"pl-PL\",\"@id\":\"https:\\\/\\\/lescollectionsprivees.com\\\/#\\\/schema\\\/logo\\\/image\\\/\",\"url\":\"https:\\\/\\\/lescollectionsprivees.com\\\/wp-content\\\/uploads\\\/2020\\\/02\\\/Logo-Les-Collections-Priv\u00e9es-450x450-1.png\",\"contentUrl\":\"https:\\\/\\\/lescollectionsprivees.com\\\/wp-content\\\/uploads\\\/2020\\\/02\\\/Logo-Les-Collections-Priv\u00e9es-450x450-1.png\",\"width\":450,\"height\":450,\"caption\":\"Les Collections Priv\u00e9es\"},\"image\":{\"@id\":\"https:\\\/\\\/lescollectionsprivees.com\\\/#\\\/schema\\\/logo\\\/image\\\/\"}}]}<\/script>\n<!-- \/ Yoast SEO plugin. -->","yoast_head_json":{"title":"Maghateer | Woda perfumowana 100ml | Kolekcja Perfum Nabeel","description":"Woda perfumowana Maghateer ma z\u0142o\u017cony charakter, kt\u00f3ry z pewno\u015bci\u0105 zadowoli. Przyjmij j\u0105 bez zb\u0119dnych ceregieli \u00e7","robots":{"index":"index","follow":"follow","max-snippet":"max-snippet:-1","max-image-preview":"max-image-preview:large","max-video-preview":"max-video-preview:-1"},"canonical":"https:\/\/lescollectionsprivees.com\/pl\/zapach\/woda-perfumowana-maghateer\/","og_locale":"pl_PL","og_type":"article","og_title":"Maghateer | Eau de parfum 100ml | Collection Nabeel Perfumes","og_description":"L'eau de parfum Maghateer\u00a0refl\u00e8te\u00a0un sillage complexe de caract\u00e8re qui plait sans conteste. Adoptez-l\u00e0 sans plus attendre \u00e7","og_url":"https:\/\/lescollectionsprivees.com\/pl\/zapach\/woda-perfumowana-maghateer\/","og_site_name":"Les Collections Priv\u00e9es","article_modified_time":"2024-08-24T10:13:53+00:00","og_image":[{"width":600,"height":600,"url":"https:\/\/lescollectionsprivees.com\/wp-content\/uploads\/2023\/11\/eau-de-parfum-maqhateer-nabeel-perfumes.jpg","type":"image\/jpeg"}],"twitter_card":"summary_large_image","twitter_misc":{"Szacowany czas czytania":"2 minuty"},"schema":{"@context":"https:\/\/schema.org","@graph":[{"@type":"WebPage","@id":"https:\/\/lescollectionsprivees.com\/parfum\/eau-de-parfum-maghateer\/","url":"https:\/\/lescollectionsprivees.com\/parfum\/eau-de-parfum-maghateer\/","name":"Maghateer | Woda perfumowana 100ml | Kolekcja Perfum Nabeel","isPartOf":{"@id":"https:\/\/lescollectionsprivees.com\/#website"},"primaryImageOfPage":{"@id":"https:\/\/lescollectionsprivees.com\/parfum\/eau-de-parfum-maghateer\/#primaryimage"},"image":{"@id":"https:\/\/lescollectionsprivees.com\/parfum\/eau-de-parfum-maghateer\/#primaryimage"},"thumbnailUrl":"https:\/\/lescollectionsprivees.com\/wp-content\/uploads\/2023\/11\/eau-de-parfum-maqhateer-nabeel-perfumes.jpg","datePublished":"2023-11-08T09:03:52+00:00","dateModified":"2024-08-24T10:13:53+00:00","description":"Woda perfumowana Maghateer ma z\u0142o\u017cony charakter, kt\u00f3ry z pewno\u015bci\u0105 zadowoli. Przyjmij j\u0105 bez zb\u0119dnych ceregieli \u00e7","breadcrumb":{"@id":"https:\/\/lescollectionsprivees.com\/parfum\/eau-de-parfum-maghateer\/#breadcrumb"},"inLanguage":"pl-PL","potentialAction":[{"@type":"ReadAction","target":["https:\/\/lescollectionsprivees.com\/parfum\/eau-de-parfum-maghateer\/"]}]},{"@type":"ImageObject","inLanguage":"pl-PL","@id":"https:\/\/lescollectionsprivees.com\/parfum\/eau-de-parfum-maghateer\/#primaryimage","url":"https:\/\/lescollectionsprivees.com\/wp-content\/uploads\/2023\/11\/eau-de-parfum-maqhateer-nabeel-perfumes.jpg","contentUrl":"https:\/\/lescollectionsprivees.com\/wp-content\/uploads\/2023\/11\/eau-de-parfum-maqhateer-nabeel-perfumes.jpg","width":600,"height":600,"caption":"Eau de parfum Maghateer 100ml - Nabeel Perfumes"},{"@type":"BreadcrumbList","@id":"https:\/\/lescollectionsprivees.com\/parfum\/eau-de-parfum-maghateer\/#breadcrumb","itemListElement":[{"@type":"ListItem","position":1,"name":"Accueil","item":"https:\/\/lescollectionsprivees.com\/"},{"@type":"ListItem","position":2,"name":"Boutique","item":"https:\/\/lescollectionsprivees.com\/boutique\/"},{"@type":"ListItem","position":3,"name":"Eau de parfum Maghateer 100ml &#8211; Nabeel Perfumes"}]},{"@type":"WebSite","@id":"https:\/\/lescollectionsprivees.com\/#website","url":"https:\/\/lescollectionsprivees.com\/","name":"Kolekcje prywatne","description":"","publisher":{"@id":"https:\/\/lescollectionsprivees.com\/#organization"},"potentialAction":[{"@type":"SearchAction","target":{"@type":"EntryPoint","urlTemplate":"https:\/\/lescollectionsprivees.com\/?s={search_term_string}"},"query-input":{"@type":"PropertyValueSpecification","valueRequired":true,"valueName":"search_term_string"}}],"inLanguage":"pl-PL"},{"@type":"Organization","@id":"https:\/\/lescollectionsprivees.com\/#organization","name":"Kolekcje prywatne","url":"https:\/\/lescollectionsprivees.com\/","logo":{"@type":"ImageObject","inLanguage":"pl-PL","@id":"https:\/\/lescollectionsprivees.com\/#\/schema\/logo\/image\/","url":"https:\/\/lescollectionsprivees.com\/wp-content\/uploads\/2020\/02\/Logo-Les-Collections-Priv\u00e9es-450x450-1.png","contentUrl":"https:\/\/lescollectionsprivees.com\/wp-content\/uploads\/2020\/02\/Logo-Les-Collections-Priv\u00e9es-450x450-1.png","width":450,"height":450,"caption":"Les Collections Priv\u00e9es"},"image":{"@id":"https:\/\/lescollectionsprivees.com\/#\/schema\/logo\/image\/"}}]}},"_links":{"self":[{"href":"https:\/\/lescollectionsprivees.com\/pl\/wp-json\/wp\/v2\/product\/26661","targetHints":{"allow":["GET"]}}],"collection":[{"href":"https:\/\/lescollectionsprivees.com\/pl\/wp-json\/wp\/v2\/product"}],"about":[{"href":"https:\/\/lescollectionsprivees.com\/pl\/wp-json\/wp\/v2\/types\/product"}],"wp:featuredmedia":[{"embeddable":true,"href":"https:\/\/lescollectionsprivees.com\/pl\/wp-json\/wp\/v2\/media\/26666"}],"wp:attachment":[{"href":"https:\/\/lescollectionsprivees.com\/pl\/wp-json\/wp\/v2\/media?parent=26661"}],"wp:term":[{"taxonomy":"product_brand","embeddable":true,"href":"https:\/\/lescollectionsprivees.com\/pl\/wp-json\/wp\/v2\/product_brand?post=26661"},{"taxonomy":"product_cat","embeddable":true,"href":"https:\/\/lescollectionsprivees.com\/pl\/wp-json\/wp\/v2\/product_cat?post=26661"},{"taxonomy":"product_tag","embeddable":true,"href":"https:\/\/lescollectionsprivees.com\/pl\/wp-json\/wp\/v2\/product_tag?post=26661"}],"curies":[{"name":"wp","href":"https:\/\/api.w.org\/{rel}","templated":true}]}}