{"id":28337,"date":"2024-02-13T16:41:18","date_gmt":"2024-02-13T16:41:18","guid":{"rendered":"https:\/\/lescollectionsprivees.com\/?post_type=product&#038;p=28337"},"modified":"2024-02-13T16:41:31","modified_gmt":"2024-02-13T16:41:31","slug":"woda-perfumowana-my-stone-100-ml-surrati","status":"publish","type":"product","link":"https:\/\/lescollectionsprivees.com\/pl\/parfum\/eau-de-parfum-my-stone-100-ml-surrati\/","title":{"rendered":"Woda perfumowana My Stone 100 ml - Surrati"},"content":{"rendered":"<p>Odkryj My Stone, urzekaj\u0105c\u0105 wod\u0119 perfumowan\u0105, kt\u00f3ra pozostawia niezatarte wra\u017cenie. Stworzony przez renomowan\u0105 perfumeri\u0119 Surrati, zapach ten jest prawdziwym arcydzie\u0142em. Dzi\u0119ki unikalnej mieszance nut, zosta\u0142 zaprojektowany, aby urzeka\u0107 zmys\u0142y i pozostawia\u0107 niezatarte wra\u017cenie.<\/p>\n<h2><strong>Zmys\u0142owa podr\u00f3\u017c z wod\u0105 perfumowan\u0105 My Stone<\/strong><\/h2>\n<p>Wyrusz w zmys\u0142ow\u0105 podr\u00f3\u017c z<strong>Woda perfumowana My Stone\u00a0<\/strong>i odkryj przyjemno\u015b\u0107, jak\u0105 ze sob\u0105 niesie. Nuty g\u0142owy kalabryjskiej bergamotki i kwiatu afryka\u0144skiej pomara\u0144czy tworz\u0105 \u017cywe, orze\u017awiaj\u0105ce otwarcie, kt\u00f3re natychmiast poprawia nastr\u00f3j.<\/p>\n<p>Gdy zapach si\u0119 uspokaja, pojawiaj\u0105 si\u0119 nuty serca tuberozy i indyjskiego ja\u015bminu, dodaj\u0105c odrobin\u0119 elegancji. Wreszcie, nuty bazowe ja\u0142owca Virginia, wanilii madagaskarskiej i bia\u0142ego pi\u017cma zapewniaj\u0105 ciep\u0142e, zmys\u0142owe wyko\u0144czenie, kt\u00f3re utrzymuje si\u0119 na sk\u00f3rze.<\/p>\n<h2><strong>My Stone Eau de Parfum: zapach unisex dla ka\u017cdego<\/strong><\/h2>\n<p>To dzie\u0142o jest\u00a0<strong>wszechstronny zapach<\/strong>\u00a0kt\u00f3rym mog\u0105 cieszy\u0107 si\u0119 zar\u00f3wno kobiety, jak i m\u0119\u017cczy\u017ani. Jego zr\u00f3wnowa\u017cony sk\u0142ad sprawia, \u017ce nadaje si\u0119 na ka\u017cd\u0105 okazj\u0119. Niezale\u017cnie od tego, czy jest to formalne wydarzenie, swobodne wyj\u015bcie czy romantyczny wiecz\u00f3r, b\u0119dzie pasowa\u0107 do Ciebie. Zapach dostosowuje si\u0119 do nosz\u0105cej go osoby, tworz\u0105c unikalny, osobisty i uwodzicielski zapach.<\/p>\n<p>Wyra\u017a swoj\u0105 indywidualno\u015b\u0107 za pomoc\u0105 tego zapachu i ciesz si\u0119 nim gdziekolwiek jeste\u015b.<\/p>\n<h3><strong>Doskona\u0142a jako\u015b\u0107 wykonania<\/strong><\/h3>\n<p>Surrati jest znane ze swojego zaanga\u017cowania w doskona\u0142o\u015b\u0107 i jako\u015b\u0107.\u00a0<strong><a href=\"https:\/\/luxurious-fragrances.com\/produit\/eau-de-parfum-ameer-al-oud\/\">Ameer al Oud<\/a>\u00a0<\/strong>i My Stone nie s\u0105 wyj\u0105tkiem. Zapach jest starannie wykonany z najlepszych sk\u0142adnik\u00f3w, zapewniaj\u0105c luksusowy zapach i d\u0142ugotrwa\u0142e noszenie. Elegancki flakon odzwierciedla wyrafinowanie zapachu, dzi\u0119ki czemu jest idealnym dodatkiem do ka\u017cdej kolekcji perfum. Odkryj sztuk\u0119 i kunszt Surrati z zapachami, kt\u00f3re Ci odpowiadaj\u0105.<\/p>","protected":false},"excerpt":{"rendered":"<p><strong>Nuty zapachowe :<\/strong><\/p>\n<p><strong>Najwa\u017cniejsze uwagi<\/strong> Bergamotka z Kalabrii, kwiat afryka\u0144skiej pomara\u0144czy<br \/>\n<strong>Nuty serca<\/strong> Tuberoza, ja\u015bmin indyjski<br \/>\n<strong>Nuty bazy<\/strong> ja\u0142owiec wirginijski, wanilia z Madagaskaru, bia\u0142e pi\u017cmo<\/p>","protected":false},"featured_media":28350,"template":"","meta":[],"product_brand":[],"product_cat":[281],"product_tag":[],"class_list":{"0":"post-28337","1":"product","2":"type-product","3":"status-publish","4":"has-post-thumbnail","6":"product_cat-surrati","8":"first","9":"instock","10":"taxable","11":"shipping-taxable","12":"purchasable","13":"product-type-simple"},"yoast_head":"<!-- This site is optimized with the Yoast SEO plugin v27.5 - https:\/\/yoast.com\/product\/yoast-seo-wordpress\/ -->\n<title>Eau de parfum My Stone 100 ml - Surrati - Les Collections Priv\u00e9es<\/title>\n<meta name=\"robots\" content=\"index, follow, max-snippet:-1, max-image-preview:large, max-video-preview:-1\" \/>\n<link rel=\"canonical\" href=\"https:\/\/lescollectionsprivees.com\/pl\/zapach\/woda-perfumowana-my-stone-100-ml-surrati\/\" \/>\n<meta property=\"og:locale\" content=\"pl_PL\" \/>\n<meta property=\"og:type\" content=\"article\" \/>\n<meta property=\"og:title\" content=\"Eau de parfum My Stone 100 ml - Surrati - Les Collections Priv\u00e9es\" \/>\n<meta property=\"og:description\" content=\"Notes olfactives :  Notes de T\u00eate : Bergamote de Calabria, Fleur d&#039;oranger d&#039;Afrique Notes de C\u0153ur : Tub\u00e9reuse, Jasmin d&#039;Inde Notes de Fond : Gen\u00e9vrier de Virginie, Vanille de Madagascar, Musc blanc\" \/>\n<meta property=\"og:url\" content=\"https:\/\/lescollectionsprivees.com\/pl\/zapach\/woda-perfumowana-my-stone-100-ml-surrati\/\" \/>\n<meta property=\"og:site_name\" content=\"Les Collections Priv\u00e9es\" \/>\n<meta property=\"article:modified_time\" content=\"2024-02-13T16:41:31+00:00\" \/>\n<meta name=\"twitter:card\" content=\"summary_large_image\" \/>\n<meta name=\"twitter:label1\" content=\"Szacowany czas czytania\" \/>\n\t<meta name=\"twitter:data1\" content=\"2 minuty\" \/>\n<script type=\"application\/ld+json\" class=\"yoast-schema-graph\">{\"@context\":\"https:\\\/\\\/schema.org\",\"@graph\":[{\"@type\":\"WebPage\",\"@id\":\"https:\\\/\\\/lescollectionsprivees.com\\\/parfum\\\/eau-de-parfum-my-stone-100-ml-surrati\\\/\",\"url\":\"https:\\\/\\\/lescollectionsprivees.com\\\/parfum\\\/eau-de-parfum-my-stone-100-ml-surrati\\\/\",\"name\":\"Eau de parfum My Stone 100 ml - Surrati - Les Collections Priv\u00e9es\",\"isPartOf\":{\"@id\":\"https:\\\/\\\/lescollectionsprivees.com\\\/#website\"},\"primaryImageOfPage\":{\"@id\":\"https:\\\/\\\/lescollectionsprivees.com\\\/parfum\\\/eau-de-parfum-my-stone-100-ml-surrati\\\/#primaryimage\"},\"image\":{\"@id\":\"https:\\\/\\\/lescollectionsprivees.com\\\/parfum\\\/eau-de-parfum-my-stone-100-ml-surrati\\\/#primaryimage\"},\"thumbnailUrl\":\"https:\\\/\\\/lescollectionsprivees.com\\\/wp-content\\\/uploads\\\/2024\\\/02\\\/eau-de-parfum-my-stone-surrati.jpg\",\"datePublished\":\"2024-02-13T16:41:18+00:00\",\"dateModified\":\"2024-02-13T16:41:31+00:00\",\"breadcrumb\":{\"@id\":\"https:\\\/\\\/lescollectionsprivees.com\\\/parfum\\\/eau-de-parfum-my-stone-100-ml-surrati\\\/#breadcrumb\"},\"inLanguage\":\"pl-PL\",\"potentialAction\":[{\"@type\":\"ReadAction\",\"target\":[\"https:\\\/\\\/lescollectionsprivees.com\\\/parfum\\\/eau-de-parfum-my-stone-100-ml-surrati\\\/\"]}]},{\"@type\":\"ImageObject\",\"inLanguage\":\"pl-PL\",\"@id\":\"https:\\\/\\\/lescollectionsprivees.com\\\/parfum\\\/eau-de-parfum-my-stone-100-ml-surrati\\\/#primaryimage\",\"url\":\"https:\\\/\\\/lescollectionsprivees.com\\\/wp-content\\\/uploads\\\/2024\\\/02\\\/eau-de-parfum-my-stone-surrati.jpg\",\"contentUrl\":\"https:\\\/\\\/lescollectionsprivees.com\\\/wp-content\\\/uploads\\\/2024\\\/02\\\/eau-de-parfum-my-stone-surrati.jpg\",\"width\":600,\"height\":600},{\"@type\":\"BreadcrumbList\",\"@id\":\"https:\\\/\\\/lescollectionsprivees.com\\\/parfum\\\/eau-de-parfum-my-stone-100-ml-surrati\\\/#breadcrumb\",\"itemListElement\":[{\"@type\":\"ListItem\",\"position\":1,\"name\":\"Accueil\",\"item\":\"https:\\\/\\\/lescollectionsprivees.com\\\/\"},{\"@type\":\"ListItem\",\"position\":2,\"name\":\"Boutique\",\"item\":\"https:\\\/\\\/lescollectionsprivees.com\\\/boutique\\\/\"},{\"@type\":\"ListItem\",\"position\":3,\"name\":\"Eau de parfum My Stone 100 ml &#8211; Surrati\"}]},{\"@type\":\"WebSite\",\"@id\":\"https:\\\/\\\/lescollectionsprivees.com\\\/#website\",\"url\":\"https:\\\/\\\/lescollectionsprivees.com\\\/\",\"name\":\"Les Collections Priv\u00e9es\",\"description\":\"\",\"publisher\":{\"@id\":\"https:\\\/\\\/lescollectionsprivees.com\\\/#organization\"},\"potentialAction\":[{\"@type\":\"SearchAction\",\"target\":{\"@type\":\"EntryPoint\",\"urlTemplate\":\"https:\\\/\\\/lescollectionsprivees.com\\\/?s={search_term_string}\"},\"query-input\":{\"@type\":\"PropertyValueSpecification\",\"valueRequired\":true,\"valueName\":\"search_term_string\"}}],\"inLanguage\":\"pl-PL\"},{\"@type\":\"Organization\",\"@id\":\"https:\\\/\\\/lescollectionsprivees.com\\\/#organization\",\"name\":\"Les Collections Priv\u00e9es\",\"url\":\"https:\\\/\\\/lescollectionsprivees.com\\\/\",\"logo\":{\"@type\":\"ImageObject\",\"inLanguage\":\"pl-PL\",\"@id\":\"https:\\\/\\\/lescollectionsprivees.com\\\/#\\\/schema\\\/logo\\\/image\\\/\",\"url\":\"https:\\\/\\\/lescollectionsprivees.com\\\/wp-content\\\/uploads\\\/2020\\\/02\\\/Logo-Les-Collections-Priv\u00e9es-450x450-1.png\",\"contentUrl\":\"https:\\\/\\\/lescollectionsprivees.com\\\/wp-content\\\/uploads\\\/2020\\\/02\\\/Logo-Les-Collections-Priv\u00e9es-450x450-1.png\",\"width\":450,\"height\":450,\"caption\":\"Les Collections Priv\u00e9es\"},\"image\":{\"@id\":\"https:\\\/\\\/lescollectionsprivees.com\\\/#\\\/schema\\\/logo\\\/image\\\/\"}}]}<\/script>\n<!-- \/ Yoast SEO plugin. -->","yoast_head_json":{"title":"My Stone Woda perfumowana 100 ml - Surrati - Les Collections Priv\u00e9es","robots":{"index":"index","follow":"follow","max-snippet":"max-snippet:-1","max-image-preview":"max-image-preview:large","max-video-preview":"max-video-preview:-1"},"canonical":"https:\/\/lescollectionsprivees.com\/pl\/zapach\/woda-perfumowana-my-stone-100-ml-surrati\/","og_locale":"pl_PL","og_type":"article","og_title":"Eau de parfum My Stone 100 ml - Surrati - Les Collections Priv\u00e9es","og_description":"Notes olfactives :  Notes de T\u00eate : Bergamote de Calabria, Fleur d'oranger d'Afrique Notes de C\u0153ur : Tub\u00e9reuse, Jasmin d'Inde Notes de Fond : Gen\u00e9vrier de Virginie, Vanille de Madagascar, Musc blanc","og_url":"https:\/\/lescollectionsprivees.com\/pl\/zapach\/woda-perfumowana-my-stone-100-ml-surrati\/","og_site_name":"Les Collections Priv\u00e9es","article_modified_time":"2024-02-13T16:41:31+00:00","twitter_card":"summary_large_image","twitter_misc":{"Szacowany czas czytania":"2 minuty"},"schema":{"@context":"https:\/\/schema.org","@graph":[{"@type":"WebPage","@id":"https:\/\/lescollectionsprivees.com\/parfum\/eau-de-parfum-my-stone-100-ml-surrati\/","url":"https:\/\/lescollectionsprivees.com\/parfum\/eau-de-parfum-my-stone-100-ml-surrati\/","name":"My Stone Woda perfumowana 100 ml - Surrati - Les Collections Priv\u00e9es","isPartOf":{"@id":"https:\/\/lescollectionsprivees.com\/#website"},"primaryImageOfPage":{"@id":"https:\/\/lescollectionsprivees.com\/parfum\/eau-de-parfum-my-stone-100-ml-surrati\/#primaryimage"},"image":{"@id":"https:\/\/lescollectionsprivees.com\/parfum\/eau-de-parfum-my-stone-100-ml-surrati\/#primaryimage"},"thumbnailUrl":"https:\/\/lescollectionsprivees.com\/wp-content\/uploads\/2024\/02\/eau-de-parfum-my-stone-surrati.jpg","datePublished":"2024-02-13T16:41:18+00:00","dateModified":"2024-02-13T16:41:31+00:00","breadcrumb":{"@id":"https:\/\/lescollectionsprivees.com\/parfum\/eau-de-parfum-my-stone-100-ml-surrati\/#breadcrumb"},"inLanguage":"pl-PL","potentialAction":[{"@type":"ReadAction","target":["https:\/\/lescollectionsprivees.com\/parfum\/eau-de-parfum-my-stone-100-ml-surrati\/"]}]},{"@type":"ImageObject","inLanguage":"pl-PL","@id":"https:\/\/lescollectionsprivees.com\/parfum\/eau-de-parfum-my-stone-100-ml-surrati\/#primaryimage","url":"https:\/\/lescollectionsprivees.com\/wp-content\/uploads\/2024\/02\/eau-de-parfum-my-stone-surrati.jpg","contentUrl":"https:\/\/lescollectionsprivees.com\/wp-content\/uploads\/2024\/02\/eau-de-parfum-my-stone-surrati.jpg","width":600,"height":600},{"@type":"BreadcrumbList","@id":"https:\/\/lescollectionsprivees.com\/parfum\/eau-de-parfum-my-stone-100-ml-surrati\/#breadcrumb","itemListElement":[{"@type":"ListItem","position":1,"name":"Accueil","item":"https:\/\/lescollectionsprivees.com\/"},{"@type":"ListItem","position":2,"name":"Boutique","item":"https:\/\/lescollectionsprivees.com\/boutique\/"},{"@type":"ListItem","position":3,"name":"Eau de parfum My Stone 100 ml &#8211; Surrati"}]},{"@type":"WebSite","@id":"https:\/\/lescollectionsprivees.com\/#website","url":"https:\/\/lescollectionsprivees.com\/","name":"Kolekcje prywatne","description":"","publisher":{"@id":"https:\/\/lescollectionsprivees.com\/#organization"},"potentialAction":[{"@type":"SearchAction","target":{"@type":"EntryPoint","urlTemplate":"https:\/\/lescollectionsprivees.com\/?s={search_term_string}"},"query-input":{"@type":"PropertyValueSpecification","valueRequired":true,"valueName":"search_term_string"}}],"inLanguage":"pl-PL"},{"@type":"Organization","@id":"https:\/\/lescollectionsprivees.com\/#organization","name":"Kolekcje prywatne","url":"https:\/\/lescollectionsprivees.com\/","logo":{"@type":"ImageObject","inLanguage":"pl-PL","@id":"https:\/\/lescollectionsprivees.com\/#\/schema\/logo\/image\/","url":"https:\/\/lescollectionsprivees.com\/wp-content\/uploads\/2020\/02\/Logo-Les-Collections-Priv\u00e9es-450x450-1.png","contentUrl":"https:\/\/lescollectionsprivees.com\/wp-content\/uploads\/2020\/02\/Logo-Les-Collections-Priv\u00e9es-450x450-1.png","width":450,"height":450,"caption":"Les Collections Priv\u00e9es"},"image":{"@id":"https:\/\/lescollectionsprivees.com\/#\/schema\/logo\/image\/"}}]}},"_links":{"self":[{"href":"https:\/\/lescollectionsprivees.com\/pl\/wp-json\/wp\/v2\/product\/28337","targetHints":{"allow":["GET"]}}],"collection":[{"href":"https:\/\/lescollectionsprivees.com\/pl\/wp-json\/wp\/v2\/product"}],"about":[{"href":"https:\/\/lescollectionsprivees.com\/pl\/wp-json\/wp\/v2\/types\/product"}],"wp:featuredmedia":[{"embeddable":true,"href":"https:\/\/lescollectionsprivees.com\/pl\/wp-json\/wp\/v2\/media\/28350"}],"wp:attachment":[{"href":"https:\/\/lescollectionsprivees.com\/pl\/wp-json\/wp\/v2\/media?parent=28337"}],"wp:term":[{"taxonomy":"product_brand","embeddable":true,"href":"https:\/\/lescollectionsprivees.com\/pl\/wp-json\/wp\/v2\/product_brand?post=28337"},{"taxonomy":"product_cat","embeddable":true,"href":"https:\/\/lescollectionsprivees.com\/pl\/wp-json\/wp\/v2\/product_cat?post=28337"},{"taxonomy":"product_tag","embeddable":true,"href":"https:\/\/lescollectionsprivees.com\/pl\/wp-json\/wp\/v2\/product_tag?post=28337"}],"curies":[{"name":"wp","href":"https:\/\/api.w.org\/{rel}","templated":true}]}}