{"id":30820,"date":"2024-08-18T18:02:20","date_gmt":"2024-08-18T18:02:20","guid":{"rendered":"https:\/\/lescollectionsprivees.com\/?post_type=product&#038;p=30820"},"modified":"2025-01-09T16:57:07","modified_gmt":"2025-01-09T16:57:07","slug":"woda-perfumowana-cherry-ghost","status":"publish","type":"product","link":"https:\/\/lescollectionsprivees.com\/pl\/parfum\/eau-de-parfum-cherry-ghost\/","title":{"rendered":"Woda perfumowana Cherry Ghost 90ml - Sterling Parfums"},"content":{"rendered":"","protected":false},"excerpt":{"rendered":"<p><strong>Nuty zapachowe :<\/strong><\/p>\n<p><strong>Uwagi og\u00f3lne<\/strong> Safran<\/p>\n<p><strong>Nuty serca<\/strong> Cerise<\/p>\n<p><strong>Nuty bazy<\/strong> Woody, Amber<\/p>\n<p><strong>Typ<\/strong> Mieszane<\/p>","protected":false},"featured_media":30846,"template":"","meta":[],"product_brand":[],"product_cat":[189,203,261,311],"product_tag":[],"class_list":{"0":"post-30820","1":"product","2":"type-product","3":"status-publish","4":"has-post-thumbnail","6":"product_cat-femmes","7":"product_cat-parfum-ambre","8":"product_cat-parfum-boise","9":"product_cat-sterling-parfums","11":"first","12":"instock","13":"taxable","14":"shipping-taxable","15":"purchasable","16":"product-type-simple"},"yoast_head":"<!-- This site is optimized with the Yoast SEO plugin v27.5 - https:\/\/yoast.com\/product\/yoast-seo-wordpress\/ -->\n<title>Eau de parfum Cherry Ghost 90ml - Sterling Parfums - Les Collections Priv\u00e9es<\/title>\n<meta name=\"robots\" content=\"index, follow, max-snippet:-1, max-image-preview:large, max-video-preview:-1\" \/>\n<link rel=\"canonical\" href=\"https:\/\/lescollectionsprivees.com\/pl\/zapach\/woda-perfumowana-cherry-ghost\/\" \/>\n<meta property=\"og:locale\" content=\"pl_PL\" \/>\n<meta property=\"og:type\" content=\"article\" \/>\n<meta property=\"og:title\" content=\"Eau de parfum Cherry Ghost 90ml - Sterling Parfums - Les Collections Priv\u00e9es\" \/>\n<meta property=\"og:description\" content=\"Notes olfactives :  Notes de t\u00eate : Safran  Notes de coeur : Cerise  Notes de fond : Bois\u00e9, Ambre  Genre : Mixte\" \/>\n<meta property=\"og:url\" content=\"https:\/\/lescollectionsprivees.com\/pl\/zapach\/woda-perfumowana-cherry-ghost\/\" \/>\n<meta property=\"og:site_name\" content=\"Les Collections Priv\u00e9es\" \/>\n<meta property=\"article:modified_time\" content=\"2025-01-09T16:57:07+00:00\" \/>\n<meta property=\"og:image\" content=\"https:\/\/lescollectionsprivees.com\/wp-content\/uploads\/2024\/08\/eau-de-parfum-cherry-ghost-sterling-parfums.jpeg\" \/>\n\t<meta property=\"og:image:width\" content=\"600\" \/>\n\t<meta property=\"og:image:height\" content=\"600\" \/>\n\t<meta property=\"og:image:type\" content=\"image\/jpeg\" \/>\n<meta name=\"twitter:card\" content=\"summary_large_image\" \/>\n<script type=\"application\/ld+json\" class=\"yoast-schema-graph\">{\"@context\":\"https:\\\/\\\/schema.org\",\"@graph\":[{\"@type\":\"WebPage\",\"@id\":\"https:\\\/\\\/lescollectionsprivees.com\\\/parfum\\\/eau-de-parfum-cherry-ghost\\\/\",\"url\":\"https:\\\/\\\/lescollectionsprivees.com\\\/parfum\\\/eau-de-parfum-cherry-ghost\\\/\",\"name\":\"Eau de parfum Cherry Ghost 90ml - Sterling Parfums - Les Collections Priv\u00e9es\",\"isPartOf\":{\"@id\":\"https:\\\/\\\/lescollectionsprivees.com\\\/#website\"},\"primaryImageOfPage\":{\"@id\":\"https:\\\/\\\/lescollectionsprivees.com\\\/parfum\\\/eau-de-parfum-cherry-ghost\\\/#primaryimage\"},\"image\":{\"@id\":\"https:\\\/\\\/lescollectionsprivees.com\\\/parfum\\\/eau-de-parfum-cherry-ghost\\\/#primaryimage\"},\"thumbnailUrl\":\"https:\\\/\\\/lescollectionsprivees.com\\\/wp-content\\\/uploads\\\/2024\\\/08\\\/eau-de-parfum-cherry-ghost-sterling-parfums.jpeg\",\"datePublished\":\"2024-08-18T18:02:20+00:00\",\"dateModified\":\"2025-01-09T16:57:07+00:00\",\"breadcrumb\":{\"@id\":\"https:\\\/\\\/lescollectionsprivees.com\\\/parfum\\\/eau-de-parfum-cherry-ghost\\\/#breadcrumb\"},\"inLanguage\":\"pl-PL\",\"potentialAction\":[{\"@type\":\"ReadAction\",\"target\":[\"https:\\\/\\\/lescollectionsprivees.com\\\/parfum\\\/eau-de-parfum-cherry-ghost\\\/\"]}]},{\"@type\":\"ImageObject\",\"inLanguage\":\"pl-PL\",\"@id\":\"https:\\\/\\\/lescollectionsprivees.com\\\/parfum\\\/eau-de-parfum-cherry-ghost\\\/#primaryimage\",\"url\":\"https:\\\/\\\/lescollectionsprivees.com\\\/wp-content\\\/uploads\\\/2024\\\/08\\\/eau-de-parfum-cherry-ghost-sterling-parfums.jpeg\",\"contentUrl\":\"https:\\\/\\\/lescollectionsprivees.com\\\/wp-content\\\/uploads\\\/2024\\\/08\\\/eau-de-parfum-cherry-ghost-sterling-parfums.jpeg\",\"width\":600,\"height\":600},{\"@type\":\"BreadcrumbList\",\"@id\":\"https:\\\/\\\/lescollectionsprivees.com\\\/parfum\\\/eau-de-parfum-cherry-ghost\\\/#breadcrumb\",\"itemListElement\":[{\"@type\":\"ListItem\",\"position\":1,\"name\":\"Accueil\",\"item\":\"https:\\\/\\\/lescollectionsprivees.com\\\/\"},{\"@type\":\"ListItem\",\"position\":2,\"name\":\"Boutique\",\"item\":\"https:\\\/\\\/lescollectionsprivees.com\\\/boutique\\\/\"},{\"@type\":\"ListItem\",\"position\":3,\"name\":\"Eau de parfum Cherry Ghost 90ml &#8211; Sterling Parfums\"}]},{\"@type\":\"WebSite\",\"@id\":\"https:\\\/\\\/lescollectionsprivees.com\\\/#website\",\"url\":\"https:\\\/\\\/lescollectionsprivees.com\\\/\",\"name\":\"Les Collections Priv\u00e9es\",\"description\":\"\",\"publisher\":{\"@id\":\"https:\\\/\\\/lescollectionsprivees.com\\\/#organization\"},\"potentialAction\":[{\"@type\":\"SearchAction\",\"target\":{\"@type\":\"EntryPoint\",\"urlTemplate\":\"https:\\\/\\\/lescollectionsprivees.com\\\/?s={search_term_string}\"},\"query-input\":{\"@type\":\"PropertyValueSpecification\",\"valueRequired\":true,\"valueName\":\"search_term_string\"}}],\"inLanguage\":\"pl-PL\"},{\"@type\":\"Organization\",\"@id\":\"https:\\\/\\\/lescollectionsprivees.com\\\/#organization\",\"name\":\"Les Collections Priv\u00e9es\",\"url\":\"https:\\\/\\\/lescollectionsprivees.com\\\/\",\"logo\":{\"@type\":\"ImageObject\",\"inLanguage\":\"pl-PL\",\"@id\":\"https:\\\/\\\/lescollectionsprivees.com\\\/#\\\/schema\\\/logo\\\/image\\\/\",\"url\":\"https:\\\/\\\/lescollectionsprivees.com\\\/wp-content\\\/uploads\\\/2020\\\/02\\\/Logo-Les-Collections-Priv\u00e9es-450x450-1.png\",\"contentUrl\":\"https:\\\/\\\/lescollectionsprivees.com\\\/wp-content\\\/uploads\\\/2020\\\/02\\\/Logo-Les-Collections-Priv\u00e9es-450x450-1.png\",\"width\":450,\"height\":450,\"caption\":\"Les Collections Priv\u00e9es\"},\"image\":{\"@id\":\"https:\\\/\\\/lescollectionsprivees.com\\\/#\\\/schema\\\/logo\\\/image\\\/\"}}]}<\/script>\n<!-- \/ Yoast SEO plugin. -->","yoast_head_json":{"title":"Cherry Ghost woda perfumowana 90ml - Sterling Parfums - Les Collections Priv\u00e9es","robots":{"index":"index","follow":"follow","max-snippet":"max-snippet:-1","max-image-preview":"max-image-preview:large","max-video-preview":"max-video-preview:-1"},"canonical":"https:\/\/lescollectionsprivees.com\/pl\/zapach\/woda-perfumowana-cherry-ghost\/","og_locale":"pl_PL","og_type":"article","og_title":"Eau de parfum Cherry Ghost 90ml - Sterling Parfums - Les Collections Priv\u00e9es","og_description":"Notes olfactives :  Notes de t\u00eate : Safran  Notes de coeur : Cerise  Notes de fond : Bois\u00e9, Ambre  Genre : Mixte","og_url":"https:\/\/lescollectionsprivees.com\/pl\/zapach\/woda-perfumowana-cherry-ghost\/","og_site_name":"Les Collections Priv\u00e9es","article_modified_time":"2025-01-09T16:57:07+00:00","og_image":[{"width":600,"height":600,"url":"https:\/\/lescollectionsprivees.com\/wp-content\/uploads\/2024\/08\/eau-de-parfum-cherry-ghost-sterling-parfums.jpeg","type":"image\/jpeg"}],"twitter_card":"summary_large_image","schema":{"@context":"https:\/\/schema.org","@graph":[{"@type":"WebPage","@id":"https:\/\/lescollectionsprivees.com\/parfum\/eau-de-parfum-cherry-ghost\/","url":"https:\/\/lescollectionsprivees.com\/parfum\/eau-de-parfum-cherry-ghost\/","name":"Cherry Ghost woda perfumowana 90ml - Sterling Parfums - Les Collections Priv\u00e9es","isPartOf":{"@id":"https:\/\/lescollectionsprivees.com\/#website"},"primaryImageOfPage":{"@id":"https:\/\/lescollectionsprivees.com\/parfum\/eau-de-parfum-cherry-ghost\/#primaryimage"},"image":{"@id":"https:\/\/lescollectionsprivees.com\/parfum\/eau-de-parfum-cherry-ghost\/#primaryimage"},"thumbnailUrl":"https:\/\/lescollectionsprivees.com\/wp-content\/uploads\/2024\/08\/eau-de-parfum-cherry-ghost-sterling-parfums.jpeg","datePublished":"2024-08-18T18:02:20+00:00","dateModified":"2025-01-09T16:57:07+00:00","breadcrumb":{"@id":"https:\/\/lescollectionsprivees.com\/parfum\/eau-de-parfum-cherry-ghost\/#breadcrumb"},"inLanguage":"pl-PL","potentialAction":[{"@type":"ReadAction","target":["https:\/\/lescollectionsprivees.com\/parfum\/eau-de-parfum-cherry-ghost\/"]}]},{"@type":"ImageObject","inLanguage":"pl-PL","@id":"https:\/\/lescollectionsprivees.com\/parfum\/eau-de-parfum-cherry-ghost\/#primaryimage","url":"https:\/\/lescollectionsprivees.com\/wp-content\/uploads\/2024\/08\/eau-de-parfum-cherry-ghost-sterling-parfums.jpeg","contentUrl":"https:\/\/lescollectionsprivees.com\/wp-content\/uploads\/2024\/08\/eau-de-parfum-cherry-ghost-sterling-parfums.jpeg","width":600,"height":600},{"@type":"BreadcrumbList","@id":"https:\/\/lescollectionsprivees.com\/parfum\/eau-de-parfum-cherry-ghost\/#breadcrumb","itemListElement":[{"@type":"ListItem","position":1,"name":"Accueil","item":"https:\/\/lescollectionsprivees.com\/"},{"@type":"ListItem","position":2,"name":"Boutique","item":"https:\/\/lescollectionsprivees.com\/boutique\/"},{"@type":"ListItem","position":3,"name":"Eau de parfum Cherry Ghost 90ml &#8211; Sterling Parfums"}]},{"@type":"WebSite","@id":"https:\/\/lescollectionsprivees.com\/#website","url":"https:\/\/lescollectionsprivees.com\/","name":"Kolekcje prywatne","description":"","publisher":{"@id":"https:\/\/lescollectionsprivees.com\/#organization"},"potentialAction":[{"@type":"SearchAction","target":{"@type":"EntryPoint","urlTemplate":"https:\/\/lescollectionsprivees.com\/?s={search_term_string}"},"query-input":{"@type":"PropertyValueSpecification","valueRequired":true,"valueName":"search_term_string"}}],"inLanguage":"pl-PL"},{"@type":"Organization","@id":"https:\/\/lescollectionsprivees.com\/#organization","name":"Kolekcje prywatne","url":"https:\/\/lescollectionsprivees.com\/","logo":{"@type":"ImageObject","inLanguage":"pl-PL","@id":"https:\/\/lescollectionsprivees.com\/#\/schema\/logo\/image\/","url":"https:\/\/lescollectionsprivees.com\/wp-content\/uploads\/2020\/02\/Logo-Les-Collections-Priv\u00e9es-450x450-1.png","contentUrl":"https:\/\/lescollectionsprivees.com\/wp-content\/uploads\/2020\/02\/Logo-Les-Collections-Priv\u00e9es-450x450-1.png","width":450,"height":450,"caption":"Les Collections Priv\u00e9es"},"image":{"@id":"https:\/\/lescollectionsprivees.com\/#\/schema\/logo\/image\/"}}]}},"_links":{"self":[{"href":"https:\/\/lescollectionsprivees.com\/pl\/wp-json\/wp\/v2\/product\/30820","targetHints":{"allow":["GET"]}}],"collection":[{"href":"https:\/\/lescollectionsprivees.com\/pl\/wp-json\/wp\/v2\/product"}],"about":[{"href":"https:\/\/lescollectionsprivees.com\/pl\/wp-json\/wp\/v2\/types\/product"}],"wp:featuredmedia":[{"embeddable":true,"href":"https:\/\/lescollectionsprivees.com\/pl\/wp-json\/wp\/v2\/media\/30846"}],"wp:attachment":[{"href":"https:\/\/lescollectionsprivees.com\/pl\/wp-json\/wp\/v2\/media?parent=30820"}],"wp:term":[{"taxonomy":"product_brand","embeddable":true,"href":"https:\/\/lescollectionsprivees.com\/pl\/wp-json\/wp\/v2\/product_brand?post=30820"},{"taxonomy":"product_cat","embeddable":true,"href":"https:\/\/lescollectionsprivees.com\/pl\/wp-json\/wp\/v2\/product_cat?post=30820"},{"taxonomy":"product_tag","embeddable":true,"href":"https:\/\/lescollectionsprivees.com\/pl\/wp-json\/wp\/v2\/product_tag?post=30820"}],"curies":[{"name":"wp","href":"https:\/\/api.w.org\/{rel}","templated":true}]}}