{"id":31439,"date":"2024-10-13T16:52:31","date_gmt":"2024-10-13T16:52:31","guid":{"rendered":"https:\/\/lescollectionsprivees.com\/?post_type=product&#038;p=31439"},"modified":"2026-05-16T12:41:14","modified_gmt":"2026-05-16T12:41:14","slug":"brazowy-plyn","status":"publish","type":"product","link":"https:\/\/lescollectionsprivees.com\/pl\/parfum\/liquid-brun\/","title":{"rendered":"Woda perfumowana Liquid brun 100ml - French Avenue"},"content":{"rendered":"<p>Odkryj <strong>P\u0142ynny br\u0105z<\/strong>a <strong>zapach dla m\u0119\u017cczyzn<\/strong> podpisany <strong>French Avenue<\/strong> gdzie spotykaj\u0105 si\u0119 nuty drzewne i gourmand. Ten wyj\u0105tkowy zapach oferuje niezapomniane doznania w\u0119chowe, kt\u00f3re z pewno\u015bci\u0105 pozostawi\u0105 niezatarte wra\u017cenie.<\/p>\n<h2><strong>Szczeg\u00f3\u0142owy opis wody perfumowanej Liquid Brun<\/strong><\/h2>\n<p>Ten zapach unisex przenosi do \u015bwiata \u015bwie\u017co\u015bci i wyrafinowania ju\u017c od pierwszego wra\u017cenia. La <strong>bergamotka<\/strong> \u0142\u0105czy si\u0142y z <strong>kardamon<\/strong>Tworzy to energetyzuj\u0105ce otwarcie. The <a href=\"https:\/\/lescollectionsprivees.com\/pl\/zapach\/intymne-pizmo-tahara-aromatyzowane-kwiatem-pomaranczy\/\"><strong>kwiat pomara\u0144czy<\/strong><\/a> zmi\u0119kcza duet, dodaj\u0105c delikatny kwiatowy akcent.<\/p>\n<p>Nast\u0119pnie <strong>wanilia<\/strong><strong> burbon<\/strong> i <strong>cynamon<\/strong> ujawniaj\u0105 si\u0119 w sercu zapachu. Rezultatem jest nieodparta pikantna s\u0142odycz. The <strong>element \u017cywiczny<\/strong> jest r\u00f3wnie\u017c dodawany do tej wy\u015bmienitej kombinacji, aby wzmocni\u0107 og\u00f3lny efekt. To w\u0142a\u015bnie ten sk\u0142adnik tworzy dyskretny dotyk zmys\u0142owo\u015bci, kt\u00f3ry utrzymuje si\u0119 przez ca\u0142y dzie\u0144.<\/p>\n<p>Wreszcie, partytura ko\u0144czy si\u0119 starannie dobranymi nutami t\u0142a. The <strong>pralinka<\/strong> dodaje nieoczekiwanego akcentu dla smakoszy, podczas gdy<strong>ambroksan<\/strong> dodaje bursztynowego ciep\u0142a. The <strong>drewno guaiac<\/strong> zosta\u0142 r\u00f3wnie\u017c dodany w celu uzupe\u0142nienia kompozycji.<\/p>\n<h2><strong>Liquid Brun od French Avenue: uosobienie nowoczesnej charyzmy<\/strong><\/h2>\n<p>Jedn\u0105 z g\u0142\u00f3wnych zalet tego zapachu unisex jest jego wszechstronno\u015b\u0107. Zaprojektowany, aby dostosowa\u0107 si\u0119 do wszystkich p\u00f3r roku, zapach ten z \u0142atwo\u015bci\u0105 b\u0119dzie Ci towarzyszy\u0142 od biura po najbardziej eleganckie wieczory. Jego kompozycja sprawia, \u017ce jest odpowiedni zar\u00f3wno na co dzie\u0144, jak i na specjalne okazje.<\/p>\n<p>Liquid Brun uosabia wsp\u00f3\u0142czesnego m\u0119\u017cczyzn\u0119 w ca\u0142ej jego z\u0142o\u017cono\u015bci: elegancki bez pretensjonalno\u015bci, nowoczesny, ale ponadczasowy. Dzi\u0119ki unikalnej mieszance <strong>nuty drzewne<\/strong>Dzi\u0119ki pikantnym, gourmandowym nutom tworzy niezapomnian\u0105 sygnatur\u0119 zapachow\u0105, pozostawiaj\u0105c po sobie aur\u0119 tajemniczo\u015bci i uwodzenia. Z pewno\u015bci\u0105 wzbudzi zainteresowanie otoczenia.<\/p>\n<h3><strong>Odwa\u017c si\u0119 by\u0107 niezwyk\u0142ym, aby wyr\u00f3\u017cni\u0107 si\u0119 z t\u0142umu<\/strong><\/h3>\n<p>Woda perfumowana Liquid Brun to <strong>idealny wyb\u00f3r dla m\u0119\u017cczyzny, kt\u00f3ry ma odwag\u0119 wyr\u00f3\u017cni\u0107 si\u0119 z t\u0142umu<\/strong>. Niezale\u017cnie od tego, czy szukasz zapachu charakterystycznego, czy specjalnego zapachu na specjalne okazje, spe\u0142ni on wszystkie Twoje oczekiwania. Daj si\u0119 uwie\u015b\u0107 jego z\u0142o\u017cono\u015bci i elegancji.<\/p>","protected":false},"excerpt":{"rendered":"<p><strong>Nuty zapachowe :<\/strong><\/p>\n<p><strong>Uwagi og\u00f3lne<\/strong> Cynamon, bergamotka, kardamon, kwiat pomara\u0144czy<br \/>\n<strong>Nuty serca<\/strong> Wanilia Bourbon, elemis<br \/>\n<strong>Nuty bazy<\/strong> Pi\u017cmo, pralina, ambroksan, drewno gwajakowe<\/p>\n<p><strong>Typ<\/strong> M\u0119\u017cczyzna.<\/p>","protected":false},"featured_media":31440,"template":"","meta":[],"product_brand":[],"product_cat":[302,203,207,202,208],"product_tag":[],"class_list":{"0":"post-31439","1":"product","2":"type-product","3":"status-publish","4":"has-post-thumbnail","6":"product_cat-french-avenue","7":"product_cat-parfum-ambre","8":"product_cat-parfum-fleur-doranger","9":"product_cat-parfum-homme","10":"product_cat-parfum-vanille","12":"first","13":"instock","14":"taxable","15":"shipping-taxable","16":"purchasable","17":"product-type-simple"},"yoast_head":"<!-- This site is optimized with the Yoast SEO plugin v27.5 - https:\/\/yoast.com\/product\/yoast-seo-wordpress\/ -->\n<title>Liquid brun | Fragrance masculine de la marque French Avenue<\/title>\n<meta name=\"description\" content=\"D\u00e9couvrez l&#039;eau de parfum Liquid Brun, un parfum masculin sign\u00e9 French Avenue o\u00f9 se rencontrent des notes bois\u00e9es et gourmandes.\" \/>\n<meta name=\"robots\" content=\"index, follow, max-snippet:-1, max-image-preview:large, max-video-preview:-1\" \/>\n<link rel=\"canonical\" href=\"https:\/\/lescollectionsprivees.com\/pl\/zapach\/brazowy-plyn\/\" \/>\n<meta property=\"og:locale\" content=\"pl_PL\" \/>\n<meta property=\"og:type\" content=\"article\" \/>\n<meta property=\"og:title\" content=\"Liquid brun | Fragrance masculine de la marque French Avenue\" \/>\n<meta property=\"og:description\" content=\"D\u00e9couvrez l&#039;eau de parfum Liquid Brun, un parfum masculin sign\u00e9 French Avenue o\u00f9 se rencontrent des notes bois\u00e9es et gourmandes.\" \/>\n<meta property=\"og:url\" content=\"https:\/\/lescollectionsprivees.com\/pl\/zapach\/brazowy-plyn\/\" \/>\n<meta property=\"og:site_name\" content=\"Les Collections Priv\u00e9es\" \/>\n<meta property=\"article:modified_time\" content=\"2026-05-16T12:41:14+00:00\" \/>\n<meta property=\"og:image\" content=\"https:\/\/lescollectionsprivees.com\/wp-content\/uploads\/2024\/10\/liquid-brun-french-avenue.jpg\" \/>\n\t<meta property=\"og:image:width\" content=\"600\" \/>\n\t<meta property=\"og:image:height\" content=\"600\" \/>\n\t<meta property=\"og:image:type\" content=\"image\/jpeg\" \/>\n<meta name=\"twitter:card\" content=\"summary_large_image\" \/>\n<meta name=\"twitter:label1\" content=\"Szacowany czas czytania\" \/>\n\t<meta name=\"twitter:data1\" content=\"3 minuty\" \/>\n<script type=\"application\/ld+json\" class=\"yoast-schema-graph\">{\"@context\":\"https:\\\/\\\/schema.org\",\"@graph\":[{\"@type\":\"WebPage\",\"@id\":\"https:\\\/\\\/lescollectionsprivees.com\\\/parfum\\\/liquid-brun\\\/\",\"url\":\"https:\\\/\\\/lescollectionsprivees.com\\\/parfum\\\/liquid-brun\\\/\",\"name\":\"Liquid brun | Fragrance masculine de la marque French Avenue\",\"isPartOf\":{\"@id\":\"https:\\\/\\\/lescollectionsprivees.com\\\/#website\"},\"primaryImageOfPage\":{\"@id\":\"https:\\\/\\\/lescollectionsprivees.com\\\/parfum\\\/liquid-brun\\\/#primaryimage\"},\"image\":{\"@id\":\"https:\\\/\\\/lescollectionsprivees.com\\\/parfum\\\/liquid-brun\\\/#primaryimage\"},\"thumbnailUrl\":\"https:\\\/\\\/lescollectionsprivees.com\\\/wp-content\\\/uploads\\\/2024\\\/10\\\/liquid-brun-french-avenue.jpg\",\"datePublished\":\"2024-10-13T16:52:31+00:00\",\"dateModified\":\"2026-05-16T12:41:14+00:00\",\"description\":\"D\u00e9couvrez l'eau de parfum Liquid Brun, un parfum masculin sign\u00e9 French Avenue o\u00f9 se rencontrent des notes bois\u00e9es et gourmandes.\",\"breadcrumb\":{\"@id\":\"https:\\\/\\\/lescollectionsprivees.com\\\/parfum\\\/liquid-brun\\\/#breadcrumb\"},\"inLanguage\":\"pl-PL\",\"potentialAction\":[{\"@type\":\"ReadAction\",\"target\":[\"https:\\\/\\\/lescollectionsprivees.com\\\/parfum\\\/liquid-brun\\\/\"]}]},{\"@type\":\"ImageObject\",\"inLanguage\":\"pl-PL\",\"@id\":\"https:\\\/\\\/lescollectionsprivees.com\\\/parfum\\\/liquid-brun\\\/#primaryimage\",\"url\":\"https:\\\/\\\/lescollectionsprivees.com\\\/wp-content\\\/uploads\\\/2024\\\/10\\\/liquid-brun-french-avenue.jpg\",\"contentUrl\":\"https:\\\/\\\/lescollectionsprivees.com\\\/wp-content\\\/uploads\\\/2024\\\/10\\\/liquid-brun-french-avenue.jpg\",\"width\":600,\"height\":600,\"caption\":\"Eau de parfum Liquid brun 100ml - French Avenue\"},{\"@type\":\"BreadcrumbList\",\"@id\":\"https:\\\/\\\/lescollectionsprivees.com\\\/parfum\\\/liquid-brun\\\/#breadcrumb\",\"itemListElement\":[{\"@type\":\"ListItem\",\"position\":1,\"name\":\"Accueil\",\"item\":\"https:\\\/\\\/lescollectionsprivees.com\\\/\"},{\"@type\":\"ListItem\",\"position\":2,\"name\":\"Boutique\",\"item\":\"https:\\\/\\\/lescollectionsprivees.com\\\/boutique\\\/\"},{\"@type\":\"ListItem\",\"position\":3,\"name\":\"Eau de parfum Liquid brun 100ml &#8211; French Avenue\"}]},{\"@type\":\"WebSite\",\"@id\":\"https:\\\/\\\/lescollectionsprivees.com\\\/#website\",\"url\":\"https:\\\/\\\/lescollectionsprivees.com\\\/\",\"name\":\"Les Collections Priv\u00e9es\",\"description\":\"\",\"publisher\":{\"@id\":\"https:\\\/\\\/lescollectionsprivees.com\\\/#organization\"},\"potentialAction\":[{\"@type\":\"SearchAction\",\"target\":{\"@type\":\"EntryPoint\",\"urlTemplate\":\"https:\\\/\\\/lescollectionsprivees.com\\\/?s={search_term_string}\"},\"query-input\":{\"@type\":\"PropertyValueSpecification\",\"valueRequired\":true,\"valueName\":\"search_term_string\"}}],\"inLanguage\":\"pl-PL\"},{\"@type\":\"Organization\",\"@id\":\"https:\\\/\\\/lescollectionsprivees.com\\\/#organization\",\"name\":\"Les Collections Priv\u00e9es\",\"url\":\"https:\\\/\\\/lescollectionsprivees.com\\\/\",\"logo\":{\"@type\":\"ImageObject\",\"inLanguage\":\"pl-PL\",\"@id\":\"https:\\\/\\\/lescollectionsprivees.com\\\/#\\\/schema\\\/logo\\\/image\\\/\",\"url\":\"https:\\\/\\\/lescollectionsprivees.com\\\/wp-content\\\/uploads\\\/2020\\\/02\\\/Logo-Les-Collections-Priv\u00e9es-450x450-1.png\",\"contentUrl\":\"https:\\\/\\\/lescollectionsprivees.com\\\/wp-content\\\/uploads\\\/2020\\\/02\\\/Logo-Les-Collections-Priv\u00e9es-450x450-1.png\",\"width\":450,\"height\":450,\"caption\":\"Les Collections Priv\u00e9es\"},\"image\":{\"@id\":\"https:\\\/\\\/lescollectionsprivees.com\\\/#\\\/schema\\\/logo\\\/image\\\/\"}}]}<\/script>\n<!-- \/ Yoast SEO plugin. -->","yoast_head_json":{"title":"Liquid brun | M\u0119ski zapach od French Avenue","description":"Odkryj wod\u0119 perfumowan\u0105 Liquid Brun, m\u0119ski zapach marki French Avenue, kt\u00f3ry \u0142\u0105czy w sobie nuty drzewne i gourmand.","robots":{"index":"index","follow":"follow","max-snippet":"max-snippet:-1","max-image-preview":"max-image-preview:large","max-video-preview":"max-video-preview:-1"},"canonical":"https:\/\/lescollectionsprivees.com\/pl\/zapach\/brazowy-plyn\/","og_locale":"pl_PL","og_type":"article","og_title":"Liquid brun | Fragrance masculine de la marque French Avenue","og_description":"D\u00e9couvrez l'eau de parfum Liquid Brun, un parfum masculin sign\u00e9 French Avenue o\u00f9 se rencontrent des notes bois\u00e9es et gourmandes.","og_url":"https:\/\/lescollectionsprivees.com\/pl\/zapach\/brazowy-plyn\/","og_site_name":"Les Collections Priv\u00e9es","article_modified_time":"2026-05-16T12:41:14+00:00","og_image":[{"width":600,"height":600,"url":"https:\/\/lescollectionsprivees.com\/wp-content\/uploads\/2024\/10\/liquid-brun-french-avenue.jpg","type":"image\/jpeg"}],"twitter_card":"summary_large_image","twitter_misc":{"Szacowany czas czytania":"3 minuty"},"schema":{"@context":"https:\/\/schema.org","@graph":[{"@type":"WebPage","@id":"https:\/\/lescollectionsprivees.com\/parfum\/liquid-brun\/","url":"https:\/\/lescollectionsprivees.com\/parfum\/liquid-brun\/","name":"Liquid brun | M\u0119ski zapach od French Avenue","isPartOf":{"@id":"https:\/\/lescollectionsprivees.com\/#website"},"primaryImageOfPage":{"@id":"https:\/\/lescollectionsprivees.com\/parfum\/liquid-brun\/#primaryimage"},"image":{"@id":"https:\/\/lescollectionsprivees.com\/parfum\/liquid-brun\/#primaryimage"},"thumbnailUrl":"https:\/\/lescollectionsprivees.com\/wp-content\/uploads\/2024\/10\/liquid-brun-french-avenue.jpg","datePublished":"2024-10-13T16:52:31+00:00","dateModified":"2026-05-16T12:41:14+00:00","description":"Odkryj wod\u0119 perfumowan\u0105 Liquid Brun, m\u0119ski zapach marki French Avenue, kt\u00f3ry \u0142\u0105czy w sobie nuty drzewne i gourmand.","breadcrumb":{"@id":"https:\/\/lescollectionsprivees.com\/parfum\/liquid-brun\/#breadcrumb"},"inLanguage":"pl-PL","potentialAction":[{"@type":"ReadAction","target":["https:\/\/lescollectionsprivees.com\/parfum\/liquid-brun\/"]}]},{"@type":"ImageObject","inLanguage":"pl-PL","@id":"https:\/\/lescollectionsprivees.com\/parfum\/liquid-brun\/#primaryimage","url":"https:\/\/lescollectionsprivees.com\/wp-content\/uploads\/2024\/10\/liquid-brun-french-avenue.jpg","contentUrl":"https:\/\/lescollectionsprivees.com\/wp-content\/uploads\/2024\/10\/liquid-brun-french-avenue.jpg","width":600,"height":600,"caption":"Eau de parfum Liquid brun 100ml - French Avenue"},{"@type":"BreadcrumbList","@id":"https:\/\/lescollectionsprivees.com\/parfum\/liquid-brun\/#breadcrumb","itemListElement":[{"@type":"ListItem","position":1,"name":"Accueil","item":"https:\/\/lescollectionsprivees.com\/"},{"@type":"ListItem","position":2,"name":"Boutique","item":"https:\/\/lescollectionsprivees.com\/boutique\/"},{"@type":"ListItem","position":3,"name":"Eau de parfum Liquid brun 100ml &#8211; French Avenue"}]},{"@type":"WebSite","@id":"https:\/\/lescollectionsprivees.com\/#website","url":"https:\/\/lescollectionsprivees.com\/","name":"Kolekcje prywatne","description":"","publisher":{"@id":"https:\/\/lescollectionsprivees.com\/#organization"},"potentialAction":[{"@type":"SearchAction","target":{"@type":"EntryPoint","urlTemplate":"https:\/\/lescollectionsprivees.com\/?s={search_term_string}"},"query-input":{"@type":"PropertyValueSpecification","valueRequired":true,"valueName":"search_term_string"}}],"inLanguage":"pl-PL"},{"@type":"Organization","@id":"https:\/\/lescollectionsprivees.com\/#organization","name":"Kolekcje prywatne","url":"https:\/\/lescollectionsprivees.com\/","logo":{"@type":"ImageObject","inLanguage":"pl-PL","@id":"https:\/\/lescollectionsprivees.com\/#\/schema\/logo\/image\/","url":"https:\/\/lescollectionsprivees.com\/wp-content\/uploads\/2020\/02\/Logo-Les-Collections-Priv\u00e9es-450x450-1.png","contentUrl":"https:\/\/lescollectionsprivees.com\/wp-content\/uploads\/2020\/02\/Logo-Les-Collections-Priv\u00e9es-450x450-1.png","width":450,"height":450,"caption":"Les Collections Priv\u00e9es"},"image":{"@id":"https:\/\/lescollectionsprivees.com\/#\/schema\/logo\/image\/"}}]}},"_links":{"self":[{"href":"https:\/\/lescollectionsprivees.com\/pl\/wp-json\/wp\/v2\/product\/31439","targetHints":{"allow":["GET"]}}],"collection":[{"href":"https:\/\/lescollectionsprivees.com\/pl\/wp-json\/wp\/v2\/product"}],"about":[{"href":"https:\/\/lescollectionsprivees.com\/pl\/wp-json\/wp\/v2\/types\/product"}],"wp:featuredmedia":[{"embeddable":true,"href":"https:\/\/lescollectionsprivees.com\/pl\/wp-json\/wp\/v2\/media\/31440"}],"wp:attachment":[{"href":"https:\/\/lescollectionsprivees.com\/pl\/wp-json\/wp\/v2\/media?parent=31439"}],"wp:term":[{"taxonomy":"product_brand","embeddable":true,"href":"https:\/\/lescollectionsprivees.com\/pl\/wp-json\/wp\/v2\/product_brand?post=31439"},{"taxonomy":"product_cat","embeddable":true,"href":"https:\/\/lescollectionsprivees.com\/pl\/wp-json\/wp\/v2\/product_cat?post=31439"},{"taxonomy":"product_tag","embeddable":true,"href":"https:\/\/lescollectionsprivees.com\/pl\/wp-json\/wp\/v2\/product_tag?post=31439"}],"curies":[{"name":"wp","href":"https:\/\/api.w.org\/{rel}","templated":true}]}}