{"id":32154,"date":"2024-12-05T14:42:01","date_gmt":"2024-12-05T14:42:01","guid":{"rendered":"https:\/\/lescollectionsprivees.com\/?post_type=product&#038;p=32154"},"modified":"2026-03-23T22:36:09","modified_gmt":"2026-03-23T22:36:09","slug":"mayar-cherry-intense","status":"publish","type":"product","link":"https:\/\/lescollectionsprivees.com\/pl\/parfum\/mayar-cherry-intense\/","title":{"rendered":"Woda perfumowana Mayar (Cherry intense) 100ml - Lattafa"},"content":{"rendered":"<p>Dzi\u0119ki urzekaj\u0105cemu zapachowi i wy\u015bmienitym aromatom, <strong>Woda perfumowana Mayar Cherry Intense marki Lattafa<\/strong>\u00a0wyr\u00f3\u017cnia si\u0119 jako nieodparty zapach unisex. Zaprojektowany dla tych, kt\u00f3rzy szukaj\u0105 odrobiny \u015bmia\u0142ej elegancji, zapach ten jest idealnym uciele\u015bnieniem harmonii mi\u0119dzy m\u0119\u017cczyznami i kobietami. <strong>owocowe nuty<\/strong> i g\u0142\u0119bsze, cieplejsze niuanse.<\/p>\n<h2><strong>Unisex Eau de Parfum: zapach dla kobiet i m\u0119\u017cczyzn<\/strong><\/h2>\n<p>Jednym z g\u0142\u00f3wnych atut\u00f3w <strong>Woda perfumowana Mayar Cherry Intense marki Lattafa<\/strong> jest jego charakter <strong>unisex<\/strong>. W przeciwie\u0144stwie do wielu zapach\u00f3w, kt\u00f3re s\u0105 ograniczone do jednej p\u0142ci, ta kreacja jest skierowana zar\u00f3wno do m\u0119\u017cczyzn, jak i kobiet. Ten odwa\u017cny wyb\u00f3r otwiera drzwi do bogatych i zr\u00f3\u017cnicowanych dozna\u0144 w\u0119chowych dla ka\u017cdego.<\/p>\n<p>Zapachy unisex maj\u0105 t\u0119 zalet\u0119, \u017ce s\u0105 w stanie dostosowa\u0107 si\u0119 do r\u00f3\u017cnych rodzaj\u00f3w sk\u00f3ry, poza ich podstawow\u0105 cech\u0105, kt\u00f3ra pozwala ka\u017cdemu czu\u0107 si\u0119 wyj\u0105tkowo, dziel\u0105c wsp\u00f3lny zapach. Mayar Cherry Intense nie jest wyj\u0105tkiem, obiecuj\u0105c unikaln\u0105 alchemi\u0119 z ka\u017cdym u\u017cytkownikiem.<\/p>\n<h2><strong>Zapach dla smakoszy: idealna harmonia owocowych i ciep\u0142ych nut<\/strong><\/h2>\n<p>To, co sprawia, \u017ce Lattafa Mayar Cherry Intense jest tak wyj\u0105tkowy, to jego z\u0142o\u017cona, a jednocze\u015bnie elegancka kompozycja. Gdy tylko we\u017amiesz pierwszy spritz, zostaniesz powitany przez <a href=\"https:\/\/lescollectionsprivees.com\/pl\/zapach\/woda-perfumowana-diwani-beirut\/\"><strong>owocowe nuty<\/strong><\/a> cudownie \u015bwie\u017ce. Te <strong>g\u00f3rne notatki<\/strong> Natychmiast wywo\u0142uj\u0105 \u017cywe, o\u017cywcze wra\u017cenie, idealne do przyci\u0105gni\u0119cia uwagi i pobudzenia zmys\u0142\u00f3w.<\/p>\n<p>The <strong>nuty serca<\/strong> nast\u0119pnie ujawniaj\u0105 dodatkowy wymiar ciep\u0142a i g\u0142\u0119bi. Niuanse gourmand powoli przejmuj\u0105 kontrol\u0119, oferuj\u0105c harmonijne przej\u015bcie mi\u0119dzy pocz\u0105tkow\u0105 \u015bwie\u017co\u015bci\u0105 a bardziej eleganck\u0105, otaczaj\u0105c\u0105 atmosfer\u0105.<\/p>\n<h3><strong>Sk\u0142ad nut zapachowych wody perfumowanej Mayar Cherry Intense marki Lattafa: z\u0142o\u017cona, urzekaj\u0105ca struktura<\/strong><\/h3>\n<p>Na ka\u017cdym etapie Mayar Cherry Intense ujawnia r\u00f3\u017cne aspekty swojej olfaktorycznej osobowo\u015bci. Oto jak rozk\u0142ada si\u0119 ta symfonia zapach\u00f3w:<\/p>\n<ul>\n<li><strong>Nuty g\u0142owy :<\/strong> Zapewniaj\u0105 natychmiastow\u0105, uderzaj\u0105c\u0105 \u015bwie\u017co\u015b\u0107 z owocowymi, musuj\u0105cymi aromatami.<\/li>\n<li><strong>Nuty serca :<\/strong> Pojawiaj\u0105 si\u0119 one stopniowo, \u0142\u0105cz\u0105c mi\u0119kko\u015b\u0107 i ciep\u0142o z subtelnymi nutami gourmand.<\/li>\n<li><strong>Nuty bazy :<\/strong> Z\u0142o\u017cone, d\u0142ugotrwa\u0142e wyko\u0144czenie, zakotwiczone przez g\u0142\u0119bokie akordy, kt\u00f3re pozostaj\u0105 na sk\u00f3rze, zaznaczaj\u0105c pami\u0119\u0107 w\u0119chow\u0105.<\/li>\n<\/ul>\n<p>Ta struktura pozwala zapachowi ewoluowa\u0107 naturalnie i fascynuj\u0105co przez ca\u0142y dzie\u0144.<\/p>\n<h2><strong>Dlaczego warto wybra\u0107 Lattafa Mayar Cherry Intense?<\/strong><\/h2>\n<p>Wyb\u00f3r Lattafa Mayar Cherry Intense oznacza wyb\u00f3r charakterystycznego zapachu. Niezale\u017cnie od tego, czy szukasz zapachu, kt\u00f3ry b\u0119dzie towarzyszy\u0142 Ci od rana do wieczora, czy po prostu chcesz poszerzy\u0107 swoj\u0105 kolekcj\u0119 o wyj\u0105tkowy egzemplarz, ta woda perfumowana bez wahania spe\u0142ni Twoje oczekiwania.<\/p>\n<p>Co wi\u0119cej, oryginalno\u015b\u0107 kompozycji sprawia, \u017ce z \u0142atwo\u015bci\u0105 wyr\u00f3\u017cnia si\u0119 w wielu kontekstach. Niezale\u017cnie od tego, czy jest to formalne wydarzenie, czy nieformalne wyj\u015bcie, ten zapach z pewno\u015bci\u0105 zrobi niezapomniane wra\u017cenie.<\/p>\n<h2><strong>Praktyczne porady, jak najlepiej wykorzysta\u0107 wod\u0119 perfumowan\u0105 Mayar Cherry Intense<\/strong><\/h2>\n<p>Oto kilka prostych, ale skutecznych wskaz\u00f3wek, kt\u00f3re pozwol\u0105 w pe\u0142ni wykorzysta\u0107 mo\u017cliwo\u015bci wody perfumowanej:<\/p>\n<ol>\n<li>Na\u0142\u00f3\u017c zapach na ciep\u0142e obszary cia\u0142a, takie jak nadgarstki, szyja lub za uszami. Ciep\u0142o cia\u0142a pomo\u017ce intensywniej rozproszy\u0107 zapach.<\/li>\n<li>Dobrze nawil\u017caj. Dobrze nawil\u017cona sk\u00f3ra lepiej zatrzymuje zapach, dzi\u0119ki czemu utrzymuje si\u0119 on d\u0142u\u017cej.<\/li>\n<li>Unikaj pocierania nadgarstk\u00f3w po na\u0142o\u017ceniu zapachu, poniewa\u017c mo\u017ce to zmieni\u0107 spos\u00f3b rozwijania si\u0119 nut.<\/li>\n<\/ol>\n<p>Kr\u00f3tko m\u00f3wi\u0105c, wyb\u00f3r <strong>Woda perfumowana Mayar Cherry Intense marki Lattafa<\/strong>Zapach to dzie\u0142o perfumeryjne, w kt\u00f3rym ka\u017cdy element zosta\u0142 skrupulatnie przemy\u015blany i opracowany, od wyboru sk\u0142adnik\u00f3w po projekt flakonu.<\/p>\n<p>Czy jeste\u015b gotowa odkry\u0107 zadziwiaj\u0105cy olfaktoryczny wszech\u015bwiat oferowany przez t\u0119 wyj\u0105tkow\u0105 wod\u0119 perfumowan\u0105? Pozw\u00f3l, aby Twoja obecno\u015b\u0107 sta\u0142a si\u0119 prawdziwym znakiem rozpoznawczym dzi\u0119ki doskona\u0142emu po\u0142\u0105czeniu owocowych i gourmand nut <strong>Woda perfumowana Mayar Cherry Intense marki Lattafa<\/strong>. Uczy\u0144 go swoim nowym codziennym towarzyszem!<\/p>","protected":false},"excerpt":{"rendered":"<p><strong>Nuty zapachowe :<\/strong><\/p>\n<p><strong>Uwagi og\u00f3lne<\/strong> truskawka, bergamotka<br \/>\n<strong>Nuty serca<\/strong> d\u017cem wi\u015bniowy, kakao<br \/>\n<strong>Nuty bazy<\/strong> Wanilia, paczula, bursztyn.<\/p>\n<p><strong>Typ<\/strong> Mieszane.<\/p>","protected":false},"featured_media":32155,"template":"","meta":[],"product_brand":[],"product_cat":[227,203,201,202,265,208],"product_tag":[],"class_list":{"0":"post-32154","1":"product","2":"type-product","3":"status-publish","4":"has-post-thumbnail","6":"product_cat-parfum-lattafa","7":"product_cat-parfum-ambre","8":"product_cat-parfum-femme","9":"product_cat-parfum-homme","10":"product_cat-parfum-patchouli","11":"product_cat-parfum-vanille","13":"first","14":"instock","15":"taxable","16":"shipping-taxable","17":"purchasable","18":"product-type-simple"},"yoast_head":"<!-- This site is optimized with the Yoast SEO plugin v27.5 - https:\/\/yoast.com\/product\/yoast-seo-wordpress\/ -->\n<title>Mayar Cherry intense | Fragrance mixte de la collection Lattafa<\/title>\n<meta name=\"description\" content=\"Avec son parfum envo\u00fbtant et ses ar\u00f4mes gourmands, l&#039;eau de parfum Mayar Cherry Intense de Lattafa\u00a0se distingue comme une fragrance unisexe irr\u00e9sistible.\" \/>\n<meta name=\"robots\" content=\"index, follow, max-snippet:-1, max-image-preview:large, max-video-preview:-1\" \/>\n<link rel=\"canonical\" href=\"https:\/\/lescollectionsprivees.com\/pl\/zapach\/mayar-cherry-intense\/\" \/>\n<meta property=\"og:locale\" content=\"pl_PL\" \/>\n<meta property=\"og:type\" content=\"article\" \/>\n<meta property=\"og:title\" content=\"Mayar Cherry intense | Fragrance mixte de la collection Lattafa\" \/>\n<meta property=\"og:description\" content=\"Avec son parfum envo\u00fbtant et ses ar\u00f4mes gourmands, l&#039;eau de parfum Mayar Cherry Intense de Lattafa\u00a0se distingue comme une fragrance unisexe irr\u00e9sistible.\" \/>\n<meta property=\"og:url\" content=\"https:\/\/lescollectionsprivees.com\/pl\/zapach\/mayar-cherry-intense\/\" \/>\n<meta property=\"og:site_name\" content=\"Les Collections Priv\u00e9es\" \/>\n<meta property=\"article:modified_time\" content=\"2026-03-23T22:36:09+00:00\" \/>\n<meta property=\"og:image\" content=\"https:\/\/lescollectionsprivees.com\/wp-content\/uploads\/2024\/12\/mayar-cherry-intense.jpg\" \/>\n\t<meta property=\"og:image:width\" content=\"600\" \/>\n\t<meta property=\"og:image:height\" content=\"600\" \/>\n\t<meta property=\"og:image:type\" content=\"image\/jpeg\" \/>\n<meta name=\"twitter:card\" content=\"summary_large_image\" \/>\n<meta name=\"twitter:label1\" content=\"Szacowany czas czytania\" \/>\n\t<meta name=\"twitter:data1\" content=\"4 minuty\" \/>\n<script type=\"application\/ld+json\" class=\"yoast-schema-graph\">{\"@context\":\"https:\\\/\\\/schema.org\",\"@graph\":[{\"@type\":\"WebPage\",\"@id\":\"https:\\\/\\\/lescollectionsprivees.com\\\/parfum\\\/mayar-cherry-intense\\\/\",\"url\":\"https:\\\/\\\/lescollectionsprivees.com\\\/parfum\\\/mayar-cherry-intense\\\/\",\"name\":\"Mayar Cherry intense | Fragrance mixte de la collection Lattafa\",\"isPartOf\":{\"@id\":\"https:\\\/\\\/lescollectionsprivees.com\\\/#website\"},\"primaryImageOfPage\":{\"@id\":\"https:\\\/\\\/lescollectionsprivees.com\\\/parfum\\\/mayar-cherry-intense\\\/#primaryimage\"},\"image\":{\"@id\":\"https:\\\/\\\/lescollectionsprivees.com\\\/parfum\\\/mayar-cherry-intense\\\/#primaryimage\"},\"thumbnailUrl\":\"https:\\\/\\\/lescollectionsprivees.com\\\/wp-content\\\/uploads\\\/2024\\\/12\\\/mayar-cherry-intense.jpg\",\"datePublished\":\"2024-12-05T14:42:01+00:00\",\"dateModified\":\"2026-03-23T22:36:09+00:00\",\"description\":\"Avec son parfum envo\u00fbtant et ses ar\u00f4mes gourmands, l'eau de parfum Mayar Cherry Intense de Lattafa\u00a0se distingue comme une fragrance unisexe irr\u00e9sistible.\",\"breadcrumb\":{\"@id\":\"https:\\\/\\\/lescollectionsprivees.com\\\/parfum\\\/mayar-cherry-intense\\\/#breadcrumb\"},\"inLanguage\":\"pl-PL\",\"potentialAction\":[{\"@type\":\"ReadAction\",\"target\":[\"https:\\\/\\\/lescollectionsprivees.com\\\/parfum\\\/mayar-cherry-intense\\\/\"]}]},{\"@type\":\"ImageObject\",\"inLanguage\":\"pl-PL\",\"@id\":\"https:\\\/\\\/lescollectionsprivees.com\\\/parfum\\\/mayar-cherry-intense\\\/#primaryimage\",\"url\":\"https:\\\/\\\/lescollectionsprivees.com\\\/wp-content\\\/uploads\\\/2024\\\/12\\\/mayar-cherry-intense.jpg\",\"contentUrl\":\"https:\\\/\\\/lescollectionsprivees.com\\\/wp-content\\\/uploads\\\/2024\\\/12\\\/mayar-cherry-intense.jpg\",\"width\":600,\"height\":600,\"caption\":\"Eau de parfum Mayar (Cherry intense) 100ml \u2013 Lattafa\"},{\"@type\":\"BreadcrumbList\",\"@id\":\"https:\\\/\\\/lescollectionsprivees.com\\\/parfum\\\/mayar-cherry-intense\\\/#breadcrumb\",\"itemListElement\":[{\"@type\":\"ListItem\",\"position\":1,\"name\":\"Accueil\",\"item\":\"https:\\\/\\\/lescollectionsprivees.com\\\/\"},{\"@type\":\"ListItem\",\"position\":2,\"name\":\"Boutique\",\"item\":\"https:\\\/\\\/lescollectionsprivees.com\\\/boutique\\\/\"},{\"@type\":\"ListItem\",\"position\":3,\"name\":\"Eau de parfum Mayar (Cherry intense) 100ml \u2013 Lattafa\"}]},{\"@type\":\"WebSite\",\"@id\":\"https:\\\/\\\/lescollectionsprivees.com\\\/#website\",\"url\":\"https:\\\/\\\/lescollectionsprivees.com\\\/\",\"name\":\"Les Collections Priv\u00e9es\",\"description\":\"\",\"publisher\":{\"@id\":\"https:\\\/\\\/lescollectionsprivees.com\\\/#organization\"},\"potentialAction\":[{\"@type\":\"SearchAction\",\"target\":{\"@type\":\"EntryPoint\",\"urlTemplate\":\"https:\\\/\\\/lescollectionsprivees.com\\\/?s={search_term_string}\"},\"query-input\":{\"@type\":\"PropertyValueSpecification\",\"valueRequired\":true,\"valueName\":\"search_term_string\"}}],\"inLanguage\":\"pl-PL\"},{\"@type\":\"Organization\",\"@id\":\"https:\\\/\\\/lescollectionsprivees.com\\\/#organization\",\"name\":\"Les Collections Priv\u00e9es\",\"url\":\"https:\\\/\\\/lescollectionsprivees.com\\\/\",\"logo\":{\"@type\":\"ImageObject\",\"inLanguage\":\"pl-PL\",\"@id\":\"https:\\\/\\\/lescollectionsprivees.com\\\/#\\\/schema\\\/logo\\\/image\\\/\",\"url\":\"https:\\\/\\\/lescollectionsprivees.com\\\/wp-content\\\/uploads\\\/2020\\\/02\\\/Logo-Les-Collections-Priv\u00e9es-450x450-1.png\",\"contentUrl\":\"https:\\\/\\\/lescollectionsprivees.com\\\/wp-content\\\/uploads\\\/2020\\\/02\\\/Logo-Les-Collections-Priv\u00e9es-450x450-1.png\",\"width\":450,\"height\":450,\"caption\":\"Les Collections Priv\u00e9es\"},\"image\":{\"@id\":\"https:\\\/\\\/lescollectionsprivees.com\\\/#\\\/schema\\\/logo\\\/image\\\/\"}}]}<\/script>\n<!-- \/ Yoast SEO plugin. -->","yoast_head_json":{"title":"Mayar Cherry intense | Mieszany zapach z kolekcji Lattafa","description":"Dzi\u0119ki urzekaj\u0105cemu zapachowi i aromatom gourmand, woda perfumowana Mayar Cherry Intense marki Lattafa to nieodparty zapach unisex.","robots":{"index":"index","follow":"follow","max-snippet":"max-snippet:-1","max-image-preview":"max-image-preview:large","max-video-preview":"max-video-preview:-1"},"canonical":"https:\/\/lescollectionsprivees.com\/pl\/zapach\/mayar-cherry-intense\/","og_locale":"pl_PL","og_type":"article","og_title":"Mayar Cherry intense | Fragrance mixte de la collection Lattafa","og_description":"Avec son parfum envo\u00fbtant et ses ar\u00f4mes gourmands, l'eau de parfum Mayar Cherry Intense de Lattafa\u00a0se distingue comme une fragrance unisexe irr\u00e9sistible.","og_url":"https:\/\/lescollectionsprivees.com\/pl\/zapach\/mayar-cherry-intense\/","og_site_name":"Les Collections Priv\u00e9es","article_modified_time":"2026-03-23T22:36:09+00:00","og_image":[{"width":600,"height":600,"url":"https:\/\/lescollectionsprivees.com\/wp-content\/uploads\/2024\/12\/mayar-cherry-intense.jpg","type":"image\/jpeg"}],"twitter_card":"summary_large_image","twitter_misc":{"Szacowany czas czytania":"4 minuty"},"schema":{"@context":"https:\/\/schema.org","@graph":[{"@type":"WebPage","@id":"https:\/\/lescollectionsprivees.com\/parfum\/mayar-cherry-intense\/","url":"https:\/\/lescollectionsprivees.com\/parfum\/mayar-cherry-intense\/","name":"Mayar Cherry intense | Mieszany zapach z kolekcji Lattafa","isPartOf":{"@id":"https:\/\/lescollectionsprivees.com\/#website"},"primaryImageOfPage":{"@id":"https:\/\/lescollectionsprivees.com\/parfum\/mayar-cherry-intense\/#primaryimage"},"image":{"@id":"https:\/\/lescollectionsprivees.com\/parfum\/mayar-cherry-intense\/#primaryimage"},"thumbnailUrl":"https:\/\/lescollectionsprivees.com\/wp-content\/uploads\/2024\/12\/mayar-cherry-intense.jpg","datePublished":"2024-12-05T14:42:01+00:00","dateModified":"2026-03-23T22:36:09+00:00","description":"Dzi\u0119ki urzekaj\u0105cemu zapachowi i aromatom gourmand, woda perfumowana Mayar Cherry Intense marki Lattafa to nieodparty zapach unisex.","breadcrumb":{"@id":"https:\/\/lescollectionsprivees.com\/parfum\/mayar-cherry-intense\/#breadcrumb"},"inLanguage":"pl-PL","potentialAction":[{"@type":"ReadAction","target":["https:\/\/lescollectionsprivees.com\/parfum\/mayar-cherry-intense\/"]}]},{"@type":"ImageObject","inLanguage":"pl-PL","@id":"https:\/\/lescollectionsprivees.com\/parfum\/mayar-cherry-intense\/#primaryimage","url":"https:\/\/lescollectionsprivees.com\/wp-content\/uploads\/2024\/12\/mayar-cherry-intense.jpg","contentUrl":"https:\/\/lescollectionsprivees.com\/wp-content\/uploads\/2024\/12\/mayar-cherry-intense.jpg","width":600,"height":600,"caption":"Eau de parfum Mayar (Cherry intense) 100ml \u2013 Lattafa"},{"@type":"BreadcrumbList","@id":"https:\/\/lescollectionsprivees.com\/parfum\/mayar-cherry-intense\/#breadcrumb","itemListElement":[{"@type":"ListItem","position":1,"name":"Accueil","item":"https:\/\/lescollectionsprivees.com\/"},{"@type":"ListItem","position":2,"name":"Boutique","item":"https:\/\/lescollectionsprivees.com\/boutique\/"},{"@type":"ListItem","position":3,"name":"Eau de parfum Mayar (Cherry intense) 100ml \u2013 Lattafa"}]},{"@type":"WebSite","@id":"https:\/\/lescollectionsprivees.com\/#website","url":"https:\/\/lescollectionsprivees.com\/","name":"Kolekcje prywatne","description":"","publisher":{"@id":"https:\/\/lescollectionsprivees.com\/#organization"},"potentialAction":[{"@type":"SearchAction","target":{"@type":"EntryPoint","urlTemplate":"https:\/\/lescollectionsprivees.com\/?s={search_term_string}"},"query-input":{"@type":"PropertyValueSpecification","valueRequired":true,"valueName":"search_term_string"}}],"inLanguage":"pl-PL"},{"@type":"Organization","@id":"https:\/\/lescollectionsprivees.com\/#organization","name":"Kolekcje prywatne","url":"https:\/\/lescollectionsprivees.com\/","logo":{"@type":"ImageObject","inLanguage":"pl-PL","@id":"https:\/\/lescollectionsprivees.com\/#\/schema\/logo\/image\/","url":"https:\/\/lescollectionsprivees.com\/wp-content\/uploads\/2020\/02\/Logo-Les-Collections-Priv\u00e9es-450x450-1.png","contentUrl":"https:\/\/lescollectionsprivees.com\/wp-content\/uploads\/2020\/02\/Logo-Les-Collections-Priv\u00e9es-450x450-1.png","width":450,"height":450,"caption":"Les Collections Priv\u00e9es"},"image":{"@id":"https:\/\/lescollectionsprivees.com\/#\/schema\/logo\/image\/"}}]}},"_links":{"self":[{"href":"https:\/\/lescollectionsprivees.com\/pl\/wp-json\/wp\/v2\/product\/32154","targetHints":{"allow":["GET"]}}],"collection":[{"href":"https:\/\/lescollectionsprivees.com\/pl\/wp-json\/wp\/v2\/product"}],"about":[{"href":"https:\/\/lescollectionsprivees.com\/pl\/wp-json\/wp\/v2\/types\/product"}],"wp:featuredmedia":[{"embeddable":true,"href":"https:\/\/lescollectionsprivees.com\/pl\/wp-json\/wp\/v2\/media\/32155"}],"wp:attachment":[{"href":"https:\/\/lescollectionsprivees.com\/pl\/wp-json\/wp\/v2\/media?parent=32154"}],"wp:term":[{"taxonomy":"product_brand","embeddable":true,"href":"https:\/\/lescollectionsprivees.com\/pl\/wp-json\/wp\/v2\/product_brand?post=32154"},{"taxonomy":"product_cat","embeddable":true,"href":"https:\/\/lescollectionsprivees.com\/pl\/wp-json\/wp\/v2\/product_cat?post=32154"},{"taxonomy":"product_tag","embeddable":true,"href":"https:\/\/lescollectionsprivees.com\/pl\/wp-json\/wp\/v2\/product_tag?post=32154"}],"curies":[{"name":"wp","href":"https:\/\/api.w.org\/{rel}","templated":true}]}}