{"id":33608,"date":"2025-03-07T09:55:04","date_gmt":"2025-03-07T09:55:04","guid":{"rendered":"https:\/\/lescollectionsprivees.com\/?post_type=product&#038;p=33608"},"modified":"2025-03-07T09:57:59","modified_gmt":"2025-03-07T09:57:59","slug":"ekstrakt-z-perfum-rua-radiant-roses","status":"publish","type":"product","link":"https:\/\/lescollectionsprivees.com\/pl\/parfum\/extrait-de-parfum-rua-radiant-roses\/","title":{"rendered":"Wyci\u0105g z perfum Rua Radiant Roses 100ml - Paris Corner"},"content":{"rendered":"","protected":false},"excerpt":{"rendered":"<p><strong><u>Dane techniczne :<\/u><\/strong><\/p>\n<p><strong>Nazwa perfum<\/strong> Rua Radiant Roses<br \/>\n<strong>Marka<\/strong> Paris Corner<br \/>\n<strong>Typ<\/strong> Mieszane<br \/>\n<strong>Pojemno\u015b\u0107<\/strong> 100 ml<\/p>\n<p><strong><u>Nuty zapachowe :<u><\/u><\/u><\/strong><\/p>\n<p><strong>Uwagi og\u00f3lne<\/strong> Bergamotka, brzoskwinia, czekolada, cytrusy, cytryna<br \/>\n<strong>Nuty serca<\/strong> R\u00f3\u017ca, frezja, magnolia, s\u0142odka pomara\u0144cza, ja\u015bmin<br \/>\n<strong>Nuty bazy<\/strong> Drzewo sanda\u0142owe, wanilia, s\u0142odkie pi\u017cmo, pudrowy bursztyn<\/p>\n<div class=\"fusion-woo-short-description-tb fusion-woo-short-description-tb-1\">\n<div class=\"post-content woocommerce-product-details__short-description\">\n<p>&nbsp;<\/p>\n<\/div>\n<\/div>","protected":false},"featured_media":33610,"template":"","meta":[],"product_brand":[],"product_cat":[189,203,209,204,201,202,236,206,272,208,300],"product_tag":[],"class_list":{"0":"post-33608","1":"product","2":"type-product","3":"status-publish","4":"has-post-thumbnail","6":"product_cat-femmes","7":"product_cat-parfum-ambre","8":"product_cat-parfum-chocolat","9":"product_cat-parfum-citron","10":"product_cat-parfum-femme","11":"product_cat-parfum-homme","12":"product_cat-parfum-musque","13":"product_cat-parfum-rose","14":"product_cat-parfum-sucre","15":"product_cat-parfum-vanille","16":"product_cat-paris-corner","18":"first","19":"instock","20":"taxable","21":"shipping-taxable","22":"purchasable","23":"product-type-simple"},"yoast_head":"<!-- This site is optimized with the Yoast SEO plugin v27.5 - https:\/\/yoast.com\/product\/yoast-seo-wordpress\/ -->\n<title>Extrait de parfum Rua Radiant Roses 100ml \u2013 Paris Corner - Les Collections Priv\u00e9es<\/title>\n<meta name=\"robots\" content=\"index, follow, max-snippet:-1, max-image-preview:large, max-video-preview:-1\" \/>\n<link rel=\"canonical\" href=\"https:\/\/lescollectionsprivees.com\/pl\/zapach\/ekstrakt-z-perfum-rua-radiant-roses\/\" \/>\n<meta property=\"og:locale\" content=\"pl_PL\" \/>\n<meta property=\"og:type\" content=\"article\" \/>\n<meta property=\"og:title\" content=\"Extrait de parfum Rua Radiant Roses 100ml \u2013 Paris Corner - Les Collections Priv\u00e9es\" \/>\n<meta property=\"og:description\" content=\"Donn\u00e9es Techniques :  Nom du parfum : Rua Radiant Roses Marque : Paris Corner Genre : Mixte Contenance : 100 mL  Notes olfactives :  Notes de t\u00eate : Bergamote, P\u00eache, Chocolat, Agrumes, Citron Notes de c\u0153ur : Rose, Freesia, Magnolia, Orange douce, Jasmin Notes de fond : Santal, Vanille, Musc sucr\u00e9, Ambre poudr\u00e9    &nbsp;\" \/>\n<meta property=\"og:url\" content=\"https:\/\/lescollectionsprivees.com\/pl\/zapach\/ekstrakt-z-perfum-rua-radiant-roses\/\" \/>\n<meta property=\"og:site_name\" content=\"Les Collections Priv\u00e9es\" \/>\n<meta property=\"article:modified_time\" content=\"2025-03-07T09:57:59+00:00\" \/>\n<meta property=\"og:image\" content=\"https:\/\/lescollectionsprivees.com\/wp-content\/uploads\/2025\/03\/EXTRAIT-DE-PARFUM-RUA-RADIANT-ROSES-100ML-PARIS-CORNER.jpg\" \/>\n\t<meta property=\"og:image:width\" content=\"600\" \/>\n\t<meta property=\"og:image:height\" content=\"600\" \/>\n\t<meta property=\"og:image:type\" content=\"image\/jpeg\" \/>\n<meta name=\"twitter:card\" content=\"summary_large_image\" \/>\n<meta name=\"twitter:label1\" content=\"Szacowany czas czytania\" \/>\n\t<meta name=\"twitter:data1\" content=\"1 minuta\" \/>\n<script type=\"application\/ld+json\" class=\"yoast-schema-graph\">{\"@context\":\"https:\\\/\\\/schema.org\",\"@graph\":[{\"@type\":\"WebPage\",\"@id\":\"https:\\\/\\\/lescollectionsprivees.com\\\/parfum\\\/extrait-de-parfum-rua-radiant-roses\\\/\",\"url\":\"https:\\\/\\\/lescollectionsprivees.com\\\/parfum\\\/extrait-de-parfum-rua-radiant-roses\\\/\",\"name\":\"Extrait de parfum Rua Radiant Roses 100ml \u2013 Paris Corner - Les Collections Priv\u00e9es\",\"isPartOf\":{\"@id\":\"https:\\\/\\\/lescollectionsprivees.com\\\/#website\"},\"primaryImageOfPage\":{\"@id\":\"https:\\\/\\\/lescollectionsprivees.com\\\/parfum\\\/extrait-de-parfum-rua-radiant-roses\\\/#primaryimage\"},\"image\":{\"@id\":\"https:\\\/\\\/lescollectionsprivees.com\\\/parfum\\\/extrait-de-parfum-rua-radiant-roses\\\/#primaryimage\"},\"thumbnailUrl\":\"https:\\\/\\\/lescollectionsprivees.com\\\/wp-content\\\/uploads\\\/2025\\\/03\\\/EXTRAIT-DE-PARFUM-RUA-RADIANT-ROSES-100ML-PARIS-CORNER.jpg\",\"datePublished\":\"2025-03-07T09:55:04+00:00\",\"dateModified\":\"2025-03-07T09:57:59+00:00\",\"breadcrumb\":{\"@id\":\"https:\\\/\\\/lescollectionsprivees.com\\\/parfum\\\/extrait-de-parfum-rua-radiant-roses\\\/#breadcrumb\"},\"inLanguage\":\"pl-PL\",\"potentialAction\":[{\"@type\":\"ReadAction\",\"target\":[\"https:\\\/\\\/lescollectionsprivees.com\\\/parfum\\\/extrait-de-parfum-rua-radiant-roses\\\/\"]}]},{\"@type\":\"ImageObject\",\"inLanguage\":\"pl-PL\",\"@id\":\"https:\\\/\\\/lescollectionsprivees.com\\\/parfum\\\/extrait-de-parfum-rua-radiant-roses\\\/#primaryimage\",\"url\":\"https:\\\/\\\/lescollectionsprivees.com\\\/wp-content\\\/uploads\\\/2025\\\/03\\\/EXTRAIT-DE-PARFUM-RUA-RADIANT-ROSES-100ML-PARIS-CORNER.jpg\",\"contentUrl\":\"https:\\\/\\\/lescollectionsprivees.com\\\/wp-content\\\/uploads\\\/2025\\\/03\\\/EXTRAIT-DE-PARFUM-RUA-RADIANT-ROSES-100ML-PARIS-CORNER.jpg\",\"width\":600,\"height\":600,\"caption\":\"Extrait de parfum Rua Radiant Roses 100ml \u2013 Paris Corner\"},{\"@type\":\"BreadcrumbList\",\"@id\":\"https:\\\/\\\/lescollectionsprivees.com\\\/parfum\\\/extrait-de-parfum-rua-radiant-roses\\\/#breadcrumb\",\"itemListElement\":[{\"@type\":\"ListItem\",\"position\":1,\"name\":\"Accueil\",\"item\":\"https:\\\/\\\/lescollectionsprivees.com\\\/\"},{\"@type\":\"ListItem\",\"position\":2,\"name\":\"Boutique\",\"item\":\"https:\\\/\\\/lescollectionsprivees.com\\\/boutique\\\/\"},{\"@type\":\"ListItem\",\"position\":3,\"name\":\"Extrait de parfum Rua Radiant Roses 100ml \u2013 Paris Corner\"}]},{\"@type\":\"WebSite\",\"@id\":\"https:\\\/\\\/lescollectionsprivees.com\\\/#website\",\"url\":\"https:\\\/\\\/lescollectionsprivees.com\\\/\",\"name\":\"Les Collections Priv\u00e9es\",\"description\":\"\",\"publisher\":{\"@id\":\"https:\\\/\\\/lescollectionsprivees.com\\\/#organization\"},\"potentialAction\":[{\"@type\":\"SearchAction\",\"target\":{\"@type\":\"EntryPoint\",\"urlTemplate\":\"https:\\\/\\\/lescollectionsprivees.com\\\/?s={search_term_string}\"},\"query-input\":{\"@type\":\"PropertyValueSpecification\",\"valueRequired\":true,\"valueName\":\"search_term_string\"}}],\"inLanguage\":\"pl-PL\"},{\"@type\":\"Organization\",\"@id\":\"https:\\\/\\\/lescollectionsprivees.com\\\/#organization\",\"name\":\"Les Collections Priv\u00e9es\",\"url\":\"https:\\\/\\\/lescollectionsprivees.com\\\/\",\"logo\":{\"@type\":\"ImageObject\",\"inLanguage\":\"pl-PL\",\"@id\":\"https:\\\/\\\/lescollectionsprivees.com\\\/#\\\/schema\\\/logo\\\/image\\\/\",\"url\":\"https:\\\/\\\/lescollectionsprivees.com\\\/wp-content\\\/uploads\\\/2020\\\/02\\\/Logo-Les-Collections-Priv\u00e9es-450x450-1.png\",\"contentUrl\":\"https:\\\/\\\/lescollectionsprivees.com\\\/wp-content\\\/uploads\\\/2020\\\/02\\\/Logo-Les-Collections-Priv\u00e9es-450x450-1.png\",\"width\":450,\"height\":450,\"caption\":\"Les Collections Priv\u00e9es\"},\"image\":{\"@id\":\"https:\\\/\\\/lescollectionsprivees.com\\\/#\\\/schema\\\/logo\\\/image\\\/\"}}]}<\/script>\n<!-- \/ Yoast SEO plugin. -->","yoast_head_json":{"title":"Rua Radiant Roses ekstrakt perfum 100ml - Paris Corner - Les Collections Priv\u00e9es","robots":{"index":"index","follow":"follow","max-snippet":"max-snippet:-1","max-image-preview":"max-image-preview:large","max-video-preview":"max-video-preview:-1"},"canonical":"https:\/\/lescollectionsprivees.com\/pl\/zapach\/ekstrakt-z-perfum-rua-radiant-roses\/","og_locale":"pl_PL","og_type":"article","og_title":"Extrait de parfum Rua Radiant Roses 100ml \u2013 Paris Corner - Les Collections Priv\u00e9es","og_description":"Donn\u00e9es Techniques :  Nom du parfum : Rua Radiant Roses Marque : Paris Corner Genre : Mixte Contenance : 100 mL  Notes olfactives :  Notes de t\u00eate : Bergamote, P\u00eache, Chocolat, Agrumes, Citron Notes de c\u0153ur : Rose, Freesia, Magnolia, Orange douce, Jasmin Notes de fond : Santal, Vanille, Musc sucr\u00e9, Ambre poudr\u00e9    &nbsp;","og_url":"https:\/\/lescollectionsprivees.com\/pl\/zapach\/ekstrakt-z-perfum-rua-radiant-roses\/","og_site_name":"Les Collections Priv\u00e9es","article_modified_time":"2025-03-07T09:57:59+00:00","og_image":[{"width":600,"height":600,"url":"https:\/\/lescollectionsprivees.com\/wp-content\/uploads\/2025\/03\/EXTRAIT-DE-PARFUM-RUA-RADIANT-ROSES-100ML-PARIS-CORNER.jpg","type":"image\/jpeg"}],"twitter_card":"summary_large_image","twitter_misc":{"Szacowany czas czytania":"1 minuta"},"schema":{"@context":"https:\/\/schema.org","@graph":[{"@type":"WebPage","@id":"https:\/\/lescollectionsprivees.com\/parfum\/extrait-de-parfum-rua-radiant-roses\/","url":"https:\/\/lescollectionsprivees.com\/parfum\/extrait-de-parfum-rua-radiant-roses\/","name":"Rua Radiant Roses ekstrakt perfum 100ml - Paris Corner - Les Collections Priv\u00e9es","isPartOf":{"@id":"https:\/\/lescollectionsprivees.com\/#website"},"primaryImageOfPage":{"@id":"https:\/\/lescollectionsprivees.com\/parfum\/extrait-de-parfum-rua-radiant-roses\/#primaryimage"},"image":{"@id":"https:\/\/lescollectionsprivees.com\/parfum\/extrait-de-parfum-rua-radiant-roses\/#primaryimage"},"thumbnailUrl":"https:\/\/lescollectionsprivees.com\/wp-content\/uploads\/2025\/03\/EXTRAIT-DE-PARFUM-RUA-RADIANT-ROSES-100ML-PARIS-CORNER.jpg","datePublished":"2025-03-07T09:55:04+00:00","dateModified":"2025-03-07T09:57:59+00:00","breadcrumb":{"@id":"https:\/\/lescollectionsprivees.com\/parfum\/extrait-de-parfum-rua-radiant-roses\/#breadcrumb"},"inLanguage":"pl-PL","potentialAction":[{"@type":"ReadAction","target":["https:\/\/lescollectionsprivees.com\/parfum\/extrait-de-parfum-rua-radiant-roses\/"]}]},{"@type":"ImageObject","inLanguage":"pl-PL","@id":"https:\/\/lescollectionsprivees.com\/parfum\/extrait-de-parfum-rua-radiant-roses\/#primaryimage","url":"https:\/\/lescollectionsprivees.com\/wp-content\/uploads\/2025\/03\/EXTRAIT-DE-PARFUM-RUA-RADIANT-ROSES-100ML-PARIS-CORNER.jpg","contentUrl":"https:\/\/lescollectionsprivees.com\/wp-content\/uploads\/2025\/03\/EXTRAIT-DE-PARFUM-RUA-RADIANT-ROSES-100ML-PARIS-CORNER.jpg","width":600,"height":600,"caption":"Extrait de parfum Rua Radiant Roses 100ml \u2013 Paris Corner"},{"@type":"BreadcrumbList","@id":"https:\/\/lescollectionsprivees.com\/parfum\/extrait-de-parfum-rua-radiant-roses\/#breadcrumb","itemListElement":[{"@type":"ListItem","position":1,"name":"Accueil","item":"https:\/\/lescollectionsprivees.com\/"},{"@type":"ListItem","position":2,"name":"Boutique","item":"https:\/\/lescollectionsprivees.com\/boutique\/"},{"@type":"ListItem","position":3,"name":"Extrait de parfum Rua Radiant Roses 100ml \u2013 Paris Corner"}]},{"@type":"WebSite","@id":"https:\/\/lescollectionsprivees.com\/#website","url":"https:\/\/lescollectionsprivees.com\/","name":"Kolekcje prywatne","description":"","publisher":{"@id":"https:\/\/lescollectionsprivees.com\/#organization"},"potentialAction":[{"@type":"SearchAction","target":{"@type":"EntryPoint","urlTemplate":"https:\/\/lescollectionsprivees.com\/?s={search_term_string}"},"query-input":{"@type":"PropertyValueSpecification","valueRequired":true,"valueName":"search_term_string"}}],"inLanguage":"pl-PL"},{"@type":"Organization","@id":"https:\/\/lescollectionsprivees.com\/#organization","name":"Kolekcje prywatne","url":"https:\/\/lescollectionsprivees.com\/","logo":{"@type":"ImageObject","inLanguage":"pl-PL","@id":"https:\/\/lescollectionsprivees.com\/#\/schema\/logo\/image\/","url":"https:\/\/lescollectionsprivees.com\/wp-content\/uploads\/2020\/02\/Logo-Les-Collections-Priv\u00e9es-450x450-1.png","contentUrl":"https:\/\/lescollectionsprivees.com\/wp-content\/uploads\/2020\/02\/Logo-Les-Collections-Priv\u00e9es-450x450-1.png","width":450,"height":450,"caption":"Les Collections Priv\u00e9es"},"image":{"@id":"https:\/\/lescollectionsprivees.com\/#\/schema\/logo\/image\/"}}]}},"_links":{"self":[{"href":"https:\/\/lescollectionsprivees.com\/pl\/wp-json\/wp\/v2\/product\/33608","targetHints":{"allow":["GET"]}}],"collection":[{"href":"https:\/\/lescollectionsprivees.com\/pl\/wp-json\/wp\/v2\/product"}],"about":[{"href":"https:\/\/lescollectionsprivees.com\/pl\/wp-json\/wp\/v2\/types\/product"}],"wp:featuredmedia":[{"embeddable":true,"href":"https:\/\/lescollectionsprivees.com\/pl\/wp-json\/wp\/v2\/media\/33610"}],"wp:attachment":[{"href":"https:\/\/lescollectionsprivees.com\/pl\/wp-json\/wp\/v2\/media?parent=33608"}],"wp:term":[{"taxonomy":"product_brand","embeddable":true,"href":"https:\/\/lescollectionsprivees.com\/pl\/wp-json\/wp\/v2\/product_brand?post=33608"},{"taxonomy":"product_cat","embeddable":true,"href":"https:\/\/lescollectionsprivees.com\/pl\/wp-json\/wp\/v2\/product_cat?post=33608"},{"taxonomy":"product_tag","embeddable":true,"href":"https:\/\/lescollectionsprivees.com\/pl\/wp-json\/wp\/v2\/product_tag?post=33608"}],"curies":[{"name":"wp","href":"https:\/\/api.w.org\/{rel}","templated":true}]}}