{"id":34958,"date":"2025-05-15T13:55:19","date_gmt":"2025-05-15T13:55:19","guid":{"rendered":"https:\/\/lescollectionsprivees.com\/?post_type=product&#038;p=34958"},"modified":"2026-04-02T09:26:30","modified_gmt":"2026-04-02T09:26:30","slug":"woda-perfumowana-kenzie-candid-vanilla","status":"publish","type":"product","link":"https:\/\/lescollectionsprivees.com\/pl\/parfum\/eau-de-parfum-kenzie-candid-vanilla\/","title":{"rendered":"Woda perfumowana Kenzie Candid Vanilla 100ml - Volar\u00e9"},"content":{"rendered":"","protected":false},"excerpt":{"rendered":"<p><strong><u>Dane techniczne :<\/u><\/strong><\/p>\n<p><strong>Nazwa perfum<\/strong> Kenzie Candid Vanilla<br \/>\n<strong>Marka<\/strong> Volar\u00e9<br \/>\n<strong>Typ<\/strong> Kobieta<br \/>\n<strong>Pojemno\u015b\u0107<\/strong> 100 ml<\/p>\n<p><strong><u>Nuty zapachowe :<\/u><\/strong><\/p>\n<p><strong>Uwagi og\u00f3lne<\/strong> Wanilia i owoce cytrusowe.<br \/>\n<strong>Nuty serca<\/strong> Kremowa wanilia, kwiat pomara\u0144czy<br \/>\n<strong>Nuty bazy<\/strong> Drzewo sanda\u0142owe, pi\u017cmo, bursztyn<\/p>","protected":false},"featured_media":34959,"template":"","meta":[],"product_brand":[],"product_cat":[203,201,207,236,208,326],"product_tag":[],"class_list":{"0":"post-34958","1":"product","2":"type-product","3":"status-publish","4":"has-post-thumbnail","6":"product_cat-parfum-ambre","7":"product_cat-parfum-femme","8":"product_cat-parfum-fleur-doranger","9":"product_cat-parfum-musque","10":"product_cat-parfum-vanille","11":"product_cat-volare","13":"first","14":"instock","15":"taxable","16":"shipping-taxable","17":"purchasable","18":"product-type-simple"},"yoast_head":"<!-- This site is optimized with the Yoast SEO plugin v27.5 - https:\/\/yoast.com\/product\/yoast-seo-wordpress\/ -->\n<title>Eau de parfum Kenzie Candid Vanilla 100ml \u2013 Volar\u00e9 - Les Collections Priv\u00e9es<\/title>\n<meta name=\"robots\" content=\"index, follow, max-snippet:-1, max-image-preview:large, max-video-preview:-1\" \/>\n<link rel=\"canonical\" href=\"https:\/\/lescollectionsprivees.com\/pl\/zapach\/woda-perfumowana-kenzie-candid-vanilla\/\" \/>\n<meta property=\"og:locale\" content=\"pl_PL\" \/>\n<meta property=\"og:type\" content=\"article\" \/>\n<meta property=\"og:title\" content=\"Eau de parfum Kenzie Candid Vanilla 100ml \u2013 Volar\u00e9 - Les Collections Priv\u00e9es\" \/>\n<meta property=\"og:description\" content=\"Donn\u00e9es Techniques :  Nom du parfum : Kenzie Candid Vanilla Marque : Volar\u00e9 Genre : F\u00e9minin Contenance : 100 mL  Notes Olfactives :  Notes de t\u00eate : Vanille et agrumes. Notes de c\u0153ur : Vanille cr\u00e9meuse, fleur d\u2019oranger Notes de fond : Bois de santal, musc, ambre\" \/>\n<meta property=\"og:url\" content=\"https:\/\/lescollectionsprivees.com\/pl\/zapach\/woda-perfumowana-kenzie-candid-vanilla\/\" \/>\n<meta property=\"og:site_name\" content=\"Les Collections Priv\u00e9es\" \/>\n<meta property=\"article:modified_time\" content=\"2026-04-02T09:26:30+00:00\" \/>\n<meta property=\"og:image\" content=\"https:\/\/lescollectionsprivees.com\/wp-content\/uploads\/2025\/05\/EAU-DE-PARFUM-KENZIE-CANDID-VANILLA-70-100ML-VOLARE.jpg\" \/>\n\t<meta property=\"og:image:width\" content=\"600\" \/>\n\t<meta property=\"og:image:height\" content=\"600\" \/>\n\t<meta property=\"og:image:type\" content=\"image\/jpeg\" \/>\n<meta name=\"twitter:card\" content=\"summary_large_image\" \/>\n<meta name=\"twitter:label1\" content=\"Szacowany czas czytania\" \/>\n\t<meta name=\"twitter:data1\" content=\"1 minuta\" \/>\n<script type=\"application\/ld+json\" class=\"yoast-schema-graph\">{\"@context\":\"https:\\\/\\\/schema.org\",\"@graph\":[{\"@type\":\"WebPage\",\"@id\":\"https:\\\/\\\/lescollectionsprivees.com\\\/parfum\\\/eau-de-parfum-kenzie-candid-vanilla\\\/\",\"url\":\"https:\\\/\\\/lescollectionsprivees.com\\\/parfum\\\/eau-de-parfum-kenzie-candid-vanilla\\\/\",\"name\":\"Eau de parfum Kenzie Candid Vanilla 100ml \u2013 Volar\u00e9 - Les Collections Priv\u00e9es\",\"isPartOf\":{\"@id\":\"https:\\\/\\\/lescollectionsprivees.com\\\/#website\"},\"primaryImageOfPage\":{\"@id\":\"https:\\\/\\\/lescollectionsprivees.com\\\/parfum\\\/eau-de-parfum-kenzie-candid-vanilla\\\/#primaryimage\"},\"image\":{\"@id\":\"https:\\\/\\\/lescollectionsprivees.com\\\/parfum\\\/eau-de-parfum-kenzie-candid-vanilla\\\/#primaryimage\"},\"thumbnailUrl\":\"https:\\\/\\\/lescollectionsprivees.com\\\/wp-content\\\/uploads\\\/2025\\\/05\\\/EAU-DE-PARFUM-KENZIE-CANDID-VANILLA-70-100ML-VOLARE.jpg\",\"datePublished\":\"2025-05-15T13:55:19+00:00\",\"dateModified\":\"2026-04-02T09:26:30+00:00\",\"breadcrumb\":{\"@id\":\"https:\\\/\\\/lescollectionsprivees.com\\\/parfum\\\/eau-de-parfum-kenzie-candid-vanilla\\\/#breadcrumb\"},\"inLanguage\":\"pl-PL\",\"potentialAction\":[{\"@type\":\"ReadAction\",\"target\":[\"https:\\\/\\\/lescollectionsprivees.com\\\/parfum\\\/eau-de-parfum-kenzie-candid-vanilla\\\/\"]}]},{\"@type\":\"ImageObject\",\"inLanguage\":\"pl-PL\",\"@id\":\"https:\\\/\\\/lescollectionsprivees.com\\\/parfum\\\/eau-de-parfum-kenzie-candid-vanilla\\\/#primaryimage\",\"url\":\"https:\\\/\\\/lescollectionsprivees.com\\\/wp-content\\\/uploads\\\/2025\\\/05\\\/EAU-DE-PARFUM-KENZIE-CANDID-VANILLA-70-100ML-VOLARE.jpg\",\"contentUrl\":\"https:\\\/\\\/lescollectionsprivees.com\\\/wp-content\\\/uploads\\\/2025\\\/05\\\/EAU-DE-PARFUM-KENZIE-CANDID-VANILLA-70-100ML-VOLARE.jpg\",\"width\":600,\"height\":600,\"caption\":\"Eau de parfum Kenzie Candid Vanilla 100ml \u2013 Volar\u00e9\"},{\"@type\":\"BreadcrumbList\",\"@id\":\"https:\\\/\\\/lescollectionsprivees.com\\\/parfum\\\/eau-de-parfum-kenzie-candid-vanilla\\\/#breadcrumb\",\"itemListElement\":[{\"@type\":\"ListItem\",\"position\":1,\"name\":\"Accueil\",\"item\":\"https:\\\/\\\/lescollectionsprivees.com\\\/\"},{\"@type\":\"ListItem\",\"position\":2,\"name\":\"Boutique\",\"item\":\"https:\\\/\\\/lescollectionsprivees.com\\\/boutique\\\/\"},{\"@type\":\"ListItem\",\"position\":3,\"name\":\"Eau de parfum Kenzie Candid Vanilla 100ml \u2013 Volar\u00e9\"}]},{\"@type\":\"WebSite\",\"@id\":\"https:\\\/\\\/lescollectionsprivees.com\\\/#website\",\"url\":\"https:\\\/\\\/lescollectionsprivees.com\\\/\",\"name\":\"Les Collections Priv\u00e9es\",\"description\":\"\",\"publisher\":{\"@id\":\"https:\\\/\\\/lescollectionsprivees.com\\\/#organization\"},\"potentialAction\":[{\"@type\":\"SearchAction\",\"target\":{\"@type\":\"EntryPoint\",\"urlTemplate\":\"https:\\\/\\\/lescollectionsprivees.com\\\/?s={search_term_string}\"},\"query-input\":{\"@type\":\"PropertyValueSpecification\",\"valueRequired\":true,\"valueName\":\"search_term_string\"}}],\"inLanguage\":\"pl-PL\"},{\"@type\":\"Organization\",\"@id\":\"https:\\\/\\\/lescollectionsprivees.com\\\/#organization\",\"name\":\"Les Collections Priv\u00e9es\",\"url\":\"https:\\\/\\\/lescollectionsprivees.com\\\/\",\"logo\":{\"@type\":\"ImageObject\",\"inLanguage\":\"pl-PL\",\"@id\":\"https:\\\/\\\/lescollectionsprivees.com\\\/#\\\/schema\\\/logo\\\/image\\\/\",\"url\":\"https:\\\/\\\/lescollectionsprivees.com\\\/wp-content\\\/uploads\\\/2020\\\/02\\\/Logo-Les-Collections-Priv\u00e9es-450x450-1.png\",\"contentUrl\":\"https:\\\/\\\/lescollectionsprivees.com\\\/wp-content\\\/uploads\\\/2020\\\/02\\\/Logo-Les-Collections-Priv\u00e9es-450x450-1.png\",\"width\":450,\"height\":450,\"caption\":\"Les Collections Priv\u00e9es\"},\"image\":{\"@id\":\"https:\\\/\\\/lescollectionsprivees.com\\\/#\\\/schema\\\/logo\\\/image\\\/\"}}]}<\/script>\n<!-- \/ Yoast SEO plugin. -->","yoast_head_json":{"title":"Woda perfumowana Kenzie Candid Vanilla 100ml - Volar\u00e9 - Les Collections Priv\u00e9es","robots":{"index":"index","follow":"follow","max-snippet":"max-snippet:-1","max-image-preview":"max-image-preview:large","max-video-preview":"max-video-preview:-1"},"canonical":"https:\/\/lescollectionsprivees.com\/pl\/zapach\/woda-perfumowana-kenzie-candid-vanilla\/","og_locale":"pl_PL","og_type":"article","og_title":"Eau de parfum Kenzie Candid Vanilla 100ml \u2013 Volar\u00e9 - Les Collections Priv\u00e9es","og_description":"Donn\u00e9es Techniques :  Nom du parfum : Kenzie Candid Vanilla Marque : Volar\u00e9 Genre : F\u00e9minin Contenance : 100 mL  Notes Olfactives :  Notes de t\u00eate : Vanille et agrumes. Notes de c\u0153ur : Vanille cr\u00e9meuse, fleur d\u2019oranger Notes de fond : Bois de santal, musc, ambre","og_url":"https:\/\/lescollectionsprivees.com\/pl\/zapach\/woda-perfumowana-kenzie-candid-vanilla\/","og_site_name":"Les Collections Priv\u00e9es","article_modified_time":"2026-04-02T09:26:30+00:00","og_image":[{"width":600,"height":600,"url":"https:\/\/lescollectionsprivees.com\/wp-content\/uploads\/2025\/05\/EAU-DE-PARFUM-KENZIE-CANDID-VANILLA-70-100ML-VOLARE.jpg","type":"image\/jpeg"}],"twitter_card":"summary_large_image","twitter_misc":{"Szacowany czas czytania":"1 minuta"},"schema":{"@context":"https:\/\/schema.org","@graph":[{"@type":"WebPage","@id":"https:\/\/lescollectionsprivees.com\/parfum\/eau-de-parfum-kenzie-candid-vanilla\/","url":"https:\/\/lescollectionsprivees.com\/parfum\/eau-de-parfum-kenzie-candid-vanilla\/","name":"Woda perfumowana Kenzie Candid Vanilla 100ml - Volar\u00e9 - Les Collections Priv\u00e9es","isPartOf":{"@id":"https:\/\/lescollectionsprivees.com\/#website"},"primaryImageOfPage":{"@id":"https:\/\/lescollectionsprivees.com\/parfum\/eau-de-parfum-kenzie-candid-vanilla\/#primaryimage"},"image":{"@id":"https:\/\/lescollectionsprivees.com\/parfum\/eau-de-parfum-kenzie-candid-vanilla\/#primaryimage"},"thumbnailUrl":"https:\/\/lescollectionsprivees.com\/wp-content\/uploads\/2025\/05\/EAU-DE-PARFUM-KENZIE-CANDID-VANILLA-70-100ML-VOLARE.jpg","datePublished":"2025-05-15T13:55:19+00:00","dateModified":"2026-04-02T09:26:30+00:00","breadcrumb":{"@id":"https:\/\/lescollectionsprivees.com\/parfum\/eau-de-parfum-kenzie-candid-vanilla\/#breadcrumb"},"inLanguage":"pl-PL","potentialAction":[{"@type":"ReadAction","target":["https:\/\/lescollectionsprivees.com\/parfum\/eau-de-parfum-kenzie-candid-vanilla\/"]}]},{"@type":"ImageObject","inLanguage":"pl-PL","@id":"https:\/\/lescollectionsprivees.com\/parfum\/eau-de-parfum-kenzie-candid-vanilla\/#primaryimage","url":"https:\/\/lescollectionsprivees.com\/wp-content\/uploads\/2025\/05\/EAU-DE-PARFUM-KENZIE-CANDID-VANILLA-70-100ML-VOLARE.jpg","contentUrl":"https:\/\/lescollectionsprivees.com\/wp-content\/uploads\/2025\/05\/EAU-DE-PARFUM-KENZIE-CANDID-VANILLA-70-100ML-VOLARE.jpg","width":600,"height":600,"caption":"Eau de parfum Kenzie Candid Vanilla 100ml \u2013 Volar\u00e9"},{"@type":"BreadcrumbList","@id":"https:\/\/lescollectionsprivees.com\/parfum\/eau-de-parfum-kenzie-candid-vanilla\/#breadcrumb","itemListElement":[{"@type":"ListItem","position":1,"name":"Accueil","item":"https:\/\/lescollectionsprivees.com\/"},{"@type":"ListItem","position":2,"name":"Boutique","item":"https:\/\/lescollectionsprivees.com\/boutique\/"},{"@type":"ListItem","position":3,"name":"Eau de parfum Kenzie Candid Vanilla 100ml \u2013 Volar\u00e9"}]},{"@type":"WebSite","@id":"https:\/\/lescollectionsprivees.com\/#website","url":"https:\/\/lescollectionsprivees.com\/","name":"Kolekcje prywatne","description":"","publisher":{"@id":"https:\/\/lescollectionsprivees.com\/#organization"},"potentialAction":[{"@type":"SearchAction","target":{"@type":"EntryPoint","urlTemplate":"https:\/\/lescollectionsprivees.com\/?s={search_term_string}"},"query-input":{"@type":"PropertyValueSpecification","valueRequired":true,"valueName":"search_term_string"}}],"inLanguage":"pl-PL"},{"@type":"Organization","@id":"https:\/\/lescollectionsprivees.com\/#organization","name":"Kolekcje prywatne","url":"https:\/\/lescollectionsprivees.com\/","logo":{"@type":"ImageObject","inLanguage":"pl-PL","@id":"https:\/\/lescollectionsprivees.com\/#\/schema\/logo\/image\/","url":"https:\/\/lescollectionsprivees.com\/wp-content\/uploads\/2020\/02\/Logo-Les-Collections-Priv\u00e9es-450x450-1.png","contentUrl":"https:\/\/lescollectionsprivees.com\/wp-content\/uploads\/2020\/02\/Logo-Les-Collections-Priv\u00e9es-450x450-1.png","width":450,"height":450,"caption":"Les Collections Priv\u00e9es"},"image":{"@id":"https:\/\/lescollectionsprivees.com\/#\/schema\/logo\/image\/"}}]}},"_links":{"self":[{"href":"https:\/\/lescollectionsprivees.com\/pl\/wp-json\/wp\/v2\/product\/34958","targetHints":{"allow":["GET"]}}],"collection":[{"href":"https:\/\/lescollectionsprivees.com\/pl\/wp-json\/wp\/v2\/product"}],"about":[{"href":"https:\/\/lescollectionsprivees.com\/pl\/wp-json\/wp\/v2\/types\/product"}],"wp:featuredmedia":[{"embeddable":true,"href":"https:\/\/lescollectionsprivees.com\/pl\/wp-json\/wp\/v2\/media\/34959"}],"wp:attachment":[{"href":"https:\/\/lescollectionsprivees.com\/pl\/wp-json\/wp\/v2\/media?parent=34958"}],"wp:term":[{"taxonomy":"product_brand","embeddable":true,"href":"https:\/\/lescollectionsprivees.com\/pl\/wp-json\/wp\/v2\/product_brand?post=34958"},{"taxonomy":"product_cat","embeddable":true,"href":"https:\/\/lescollectionsprivees.com\/pl\/wp-json\/wp\/v2\/product_cat?post=34958"},{"taxonomy":"product_tag","embeddable":true,"href":"https:\/\/lescollectionsprivees.com\/pl\/wp-json\/wp\/v2\/product_tag?post=34958"}],"curies":[{"name":"wp","href":"https:\/\/api.w.org\/{rel}","templated":true}]}}